{"id":32819,"date":"2025-03-06T17:11:09","date_gmt":"2025-03-06T14:11:09","guid":{"rendered":"https:\/\/nesiller.com\/?page_id=32819"},"modified":"2025-03-06T18:12:34","modified_gmt":"2025-03-06T15:12:34","slug":"politica-della-qualita","status":"publish","type":"page","link":"https:\/\/nesiller.com\/it\/politica-della-qualita\/","title":{"rendered":"POLITICA DELLA QUALIT\u00c0"},"content":{"rendered":"\t\t<div data-elementor-type=\"wp-page\" data-elementor-id=\"32819\" class=\"elementor elementor-32819 elementor-32814\">\n\t\t\t\t\t\t<section class=\"elementor-section elementor-top-section elementor-element elementor-element-d27f357 elementor-section-boxed elementor-section-height-default elementor-section-height-default\" data-id=\"d27f357\" data-element_type=\"section\">\n\t\t\t\t\t\t<div class=\"elementor-container elementor-column-gap-default\">\n\t\t\t\t\t<div class=\"elementor-column elementor-col-100 elementor-top-column elementor-element elementor-element-033a0e2\" data-id=\"033a0e2\" data-element_type=\"column\">\n\t\t\t<div class=\"elementor-widget-wrap elementor-element-populated\">\n\t\t\t\t\t\t<section class=\"elementor-section elementor-inner-section elementor-element elementor-element-e02f9c8 elementor-section-boxed elementor-section-height-default elementor-section-height-default\" data-id=\"e02f9c8\" data-element_type=\"section\">\n\t\t\t\t\t\t<div class=\"elementor-container elementor-column-gap-default\">\n\t\t\t\t\t<div class=\"elementor-column elementor-col-50 elementor-inner-column elementor-element elementor-element-f4bbb89\" data-id=\"f4bbb89\" data-element_type=\"column\">\n\t\t\t<div class=\"elementor-widget-wrap elementor-element-populated\">\n\t\t\t\t\t\t<div class=\"elementor-element elementor-element-2e8c2b1 elementor-widget elementor-widget-text-editor\" data-id=\"2e8c2b1\" data-element_type=\"widget\" data-widget_type=\"text-editor.default\">\n\t\t\t\t\t\t\t\t\t\n          <p>Nesiller Genetik fornisce servizi di analisi e test genetici attenendosi rigorosamente ai principi di indipendenza, imparzialit\u00e0 e riservatezza, fornendo un servizio di alta qualit\u00e0 ai nostri clienti, rispettando le regole scientifiche, con un approccio imparziale e responsabilit\u00e0 professionale. Il nostro obiettivo \u00e8 quello di essere tra i principali centri genetici del mondo in Turchia e nei paesi limitrofi. <\/p>\n          \n\n          <p>In quest&#8217;ottica, nei nostri processi di analisi e test genetici forniamo servizi basati sui seguenti principi:<\/p>\n          \n\n          <hr>\n          \n\n          <h4>\n            <span style=\"background-color: var(--bs-body-bg); text-align: var(--bs-body-text-align); font-size: 30px;\">\n              <b>Alta qualit\u00e0 e affidabilit\u00e0:<\/b>\n            <\/span>\n          <\/h4>\n          \n\n          <p>Ci impegniamo a fornire risultati accurati, precisi, tempestivi e affidabili utilizzando metodi conformi ai requisiti dei clienti e alle linee guida scientifiche riconosciute a livello nazionale e internazionale. Garantendo la qualit\u00e0 in ogni fase, miglioriamo continuamente per aumentare l&#8217;accuratezza e l&#8217;affidabilit\u00e0 dei nostri risultati. <\/p>\n          \n\n          <hr>\n          \n\n          <h4>\n            <span style=\"background-color: var(--bs-body-bg); text-align: var(--bs-body-text-align); font-size: 30px;\">\n              <b>Approcci innovativi alla scienza e alla tecnologia:<\/b>\n            <\/span>\n          <\/h4>\n          \n\n          <p>Seguiamo da vicino le innovazioni della scienza e della tecnologia. Nesiller Genetik, in quanto pioniere e leader nel campo delle analisi genetiche e dei processi di test, mira a fornire un&#8217;infrastruttura dotata delle pi\u00f9 recenti tecnologie. <\/p>\n          \n\n          <hr>\n          \n\n          <h4>\n            <span style=\"background-color: var(--bs-body-bg); text-align: var(--bs-body-text-align); font-size: 30px;\">\n              <b>Risoluzione dei problemi e prevenzione proattiva:<\/b>\n            <\/span>\n          <\/h4>\n          \n\n          <p>Esaminiamo costantemente i processi di laboratorio per prevenire in modo proattivo i problemi che potrebbero sorgere e intervenire tempestivamente. Adottiamo le misure necessarie per evitare che si verifichino errori. <\/p>\n          \n\n          <div>\n            \n\n            <hr style=\"color: #000000;\">\n            \n\n            <h4 style=\"transition-property: all; text-align: start;\"><span style=\"background-color: var(--bs-body-bg); text-align: var(--bs-body-text-align); font-size: 30px;\"><b>Controllo qualit\u00e0 interno e calibrazione<\/b><\/span><span style=\"background-color: var(--bs-body-bg); text-align: var(--bs-body-text-align);\"><span style=\"font-weight: bold;\">:<\/span><\/span><\/h4>\n            \n\n            <p style=\"transition-property: all;\">Implementiamo regolarmente procedure di calibrazione per garantire l&#8217;accuratezza e l&#8217;affidabilit\u00e0 dei processi di laboratorio. Inoltre, monitoriamo periodicamente l&#8217;affidabilit\u00e0 dei nostri test utilizzando test di controllo della qualit\u00e0 interni e programmi di benchmarking interlaboratorio nazionali e internazionali. <\/p>\n            \n\n            <hr style=\"color: #000000;\">\n            \n\n            <h4 style=\"transition-property: all; text-align: start;\"><span style=\"background-color: var(--bs-body-bg); text-align: var(--bs-body-text-align); font-size: 30px;\"><b>Miglioramento continuo e gestione della qualit\u00e0<\/b><\/span><span style=\"font-weight: bold; background-color: var(--bs-body-bg); text-align: var(--bs-body-text-align); font-family: -apple-system, BlinkMacSystemFont, 'Segoe UI', Roboto, Oxygen-Sans, Ubuntu, Cantarell, 'Helvetica Neue', sans-serif;\">:<\/span><\/h4>\n            \n\n            <p style=\"transition-property: all;\">Sviluppiamo e miglioriamo continuamente il nostro sistema di gestione della qualit\u00e0 in conformit\u00e0 allo standard ISO 15189. Stabilendo i nostri obiettivi di qualit\u00e0, valutiamo continuamente le nostre attivit\u00e0 per garantire la massima qualit\u00e0 in ogni processo. <\/p>\n            \n\n            <hr style=\"color: #000000;\">\n            \n\n            <h4 style=\"transition-property: all; text-align: start;\"><span style=\"background-color: var(--bs-body-bg); text-align: var(--bs-body-text-align); font-size: 30px;\"><b>Sicurezza informatica<\/b><\/span><span style=\"font-weight: bold; background-color: var(--bs-body-bg); text-align: var(--bs-body-text-align); font-family: -apple-system, BlinkMacSystemFont, 'Segoe UI', Roboto, Oxygen-Sans, Ubuntu, Cantarell, 'Helvetica Neue', sans-serif;\">:<\/span><\/h4>\n            \n\n            <p>Ci assicuriamo che le informazioni riservate dei clienti e i diritti di propriet\u00e0 siano protetti e che i risultati delle analisi siano archiviati e trasmessi in modo affidabile.<\/p>\n            \n\n            <hr style=\"color: #000000;\">\n            \n\n            <h4 style=\"transition-property: all; text-align: start;\"><span style=\"background-color: var(--bs-body-bg); text-align: var(--bs-body-text-align); font-size: 30px;\"><b>Codice etico e regolamenti legali<\/b><\/span><span style=\"background-color: var(--bs-body-bg); text-align: var(--bs-body-text-align);\"><span style=\"font-weight: bold;\">:<\/span><\/span><\/h4>\n            \n\n            <p style=\"transition-property: all;\">Tutti i nostri test vengono eseguiti nel pieno rispetto delle normative legali locali e internazionali, delle regole etiche, dei diritti dei pazienti e della riservatezza. I processi di analisi genetica sono protetti da elevate misure di sicurezza che tutelano la riservatezza dei dati dei pazienti. <\/p>\n            \n\n            <p style=\"transition-property: all;\">Adottiamo misure per garantire che tutto il personale adotti e attui le politiche di qualit\u00e0 e comprenda le proprie responsabilit\u00e0, e che sia tenuto lontano da qualsiasi pressione e influenza interna\/esterna che possa influire negativamente sulla qualit\u00e0 del lavoro svolto e sulle decisioni del personale.<\/p>\n            \n\n            <hr style=\"color: #000000;\">\n            \n\n            <h4 style=\"transition-property: all; text-align: start;\"><span style=\"background-color: var(--bs-body-bg); text-align: var(--bs-body-text-align); font-size: 30px;\"><b>Squadra e formazione<\/b><\/span><span style=\"background-color: var(--bs-body-bg); text-align: var(--bs-body-text-align);\"><span style=\"font-weight: bold;\">:<\/span><\/span><\/h4>\n            \n\n            <p style=\"transition-property: all;\">Tutto il personale del nostro laboratorio \u00e8 composto da esperti con un&#8217;elevata conoscenza ed esperienza nel campo dei test genetici, le cui competenze sono state accresciute attraverso una formazione continua. Aggiorniamo regolarmente la formazione del personale per garantire che segua gli sviluppi nelle proprie aree di competenza e si adatti alle modifiche dello standard ISO 15189. <\/p>\n            <p>Come Nesiller Genetik, mentre forniamo servizi adottando tutti questi principi, diamo sempre priorit\u00e0 alla qualit\u00e0 e alla soddisfazione del cliente e gestiamo tutti i nostri processi nel rispetto delle regole scientifiche, etiche e professionali.<\/p>\n            <p>\n              <br>\n            <\/p>\n            <p>Manager responsabile<\/p>\n            <p>Dott. Gulay Ozg\u00f6n<\/p>\n            \n\n          <\/div>\n        \t\t\t\t\t\t\t\t<\/div>\n\t\t\t\t\t<\/div>\n\t\t<\/div>\n\t\t\t\t<div class=\"elementor-column elementor-col-50 elementor-inner-column elementor-element elementor-element-9a8b7b3\" data-id=\"9a8b7b3\" data-element_type=\"column\">\n\t\t\t<div class=\"elementor-widget-wrap elementor-element-populated\">\n\t\t\t\t\t\t<div class=\"elementor-element elementor-element-1b68a8d elementor-widget elementor-widget-image\" data-id=\"1b68a8d\" data-element_type=\"widget\" data-widget_type=\"image.default\">\n\t\t\t\t\t\t\t\t\t\t\t\t\t\t\t<img fetchpriority=\"high\" decoding=\"async\" width=\"587\" height=\"980\" src=\"https:\/\/nesiller.com\/wp-content\/uploads\/2025\/03\/kalite-an34c6y54fg.jpg\" class=\"attachment-large size-large wp-image-32836\" alt=\"kalite politikas\u0131\" srcset=\"https:\/\/nesiller.com\/wp-content\/uploads\/2025\/03\/kalite-an34c6y54fg.jpg 587w, https:\/\/nesiller.com\/wp-content\/uploads\/2025\/03\/kalite-an34c6y54fg-180x300.jpg 180w\" sizes=\"(max-width: 587px) 100vw, 587px\" \/>\t\t\t\t\t\t\t\t\t\t\t\t\t\t\t<\/div>\n\t\t\t\t\t<\/div>\n\t\t<\/div>\n\t\t\t\t\t<\/div>\n\t\t<\/section>\n\t\t\t\t\t<\/div>\n\t\t<\/div>\n\t\t\t\t\t<\/div>\n\t\t<\/section>\n\t\t\t\t<\/div>\n\t\t","protected":false},"excerpt":{"rendered":"<p>Nesiller Genetik fornisce servizi di analisi e test genetici attenendosi rigorosamente ai principi di indipendenza, imparzialit\u00e0 e riservatezza, fornendo un servizio di alta qualit\u00e0 ai nostri clienti, rispettando le regole scientifiche, con un approccio imparziale e responsabilit\u00e0 professionale. Il nostro obiettivo \u00e8 quello di essere tra i principali centri genetici del mondo in Turchia e [&hellip;]<\/p>\n","protected":false},"author":7,"featured_media":0,"parent":0,"menu_order":0,"comment_status":"closed","ping_status":"closed","template":"","meta":{"_monsterinsights_skip_tracking":false,"_monsterinsights_sitenote_active":false,"_monsterinsights_sitenote_note":"","_monsterinsights_sitenote_category":0,"footnotes":""},"class_list":["post-32819","page","type-page","status-publish","hentry"],"acf":[],"yoast_head":"<!-- This site is optimized with the Yoast SEO Premium plugin v26.2 (Yoast SEO v27.3) - https:\/\/yoast.com\/product\/yoast-seo-premium-wordpress\/ -->\n<title>POLITICA DELLA QUALIT\u00c0 - Nesiller Genetic Center<\/title>\n<meta name=\"description\" content=\"POLITICA DELLA QUALIT\u00c0 -\" \/>\n<meta name=\"robots\" content=\"index, follow, max-snippet:-1, max-image-preview:large, max-video-preview:-1\" \/>\n<link rel=\"canonical\" href=\"https:\/\/nesiller.com\/it\/politica-della-qualita\/\" \/>\n<meta property=\"og:locale\" content=\"it_IT\" \/>\n<meta property=\"og:type\" content=\"article\" \/>\n<meta property=\"og:title\" content=\"POLITICA DELLA QUALIT\u00c0\" \/>\n<meta property=\"og:description\" content=\"Nesiller Genetik fornisce servizi di analisi e test genetici attenendosi rigorosamente ai principi di indipendenza, imparzialit\u00e0 e riservatezza, fornendo\" \/>\n<meta property=\"og:url\" content=\"https:\/\/nesiller.com\/it\/politica-della-qualita\/\" \/>\n<meta property=\"og:site_name\" content=\"Nesiller Genetic Center\" \/>\n<meta property=\"article:publisher\" content=\"https:\/\/www.facebook.com\/NesillerGenetik\" \/>\n<meta property=\"article:modified_time\" content=\"2025-03-06T15:12:34+00:00\" \/>\n<meta property=\"og:image\" content=\"https:\/\/nesiller.com\/wp-content\/uploads\/2025\/03\/kalite-an34c6y54fg.jpg\" \/>\n\t<meta property=\"og:image:width\" content=\"587\" \/>\n\t<meta property=\"og:image:height\" content=\"980\" \/>\n\t<meta property=\"og:image:type\" content=\"image\/jpeg\" \/>\n<meta name=\"twitter:card\" content=\"summary_large_image\" \/>\n<meta name=\"twitter:site\" content=\"@NesillerGenetik\" \/>\n<script type=\"application\/ld+json\" class=\"yoast-schema-graph\">{\"@context\":\"https:\\\/\\\/schema.org\",\"@graph\":[{\"@type\":\"WebPage\",\"@id\":\"https:\\\/\\\/nesiller.com\\\/it\\\/politica-della-qualita\\\/\",\"url\":\"https:\\\/\\\/nesiller.com\\\/it\\\/politica-della-qualita\\\/\",\"name\":\"POLITICA DELLA QUALIT\u00c0 - Nesiller Genetic Center\",\"isPartOf\":{\"@id\":\"https:\\\/\\\/nesiller.com\\\/it\\\/#website\"},\"primaryImageOfPage\":{\"@id\":\"https:\\\/\\\/nesiller.com\\\/it\\\/politica-della-qualita\\\/#primaryimage\"},\"image\":{\"@id\":\"https:\\\/\\\/nesiller.com\\\/it\\\/politica-della-qualita\\\/#primaryimage\"},\"thumbnailUrl\":\"https:\\\/\\\/nesiller.com\\\/wp-content\\\/uploads\\\/2025\\\/03\\\/kalite-an34c6y54fg.jpg\",\"datePublished\":\"2025-03-06T14:11:09+00:00\",\"dateModified\":\"2025-03-06T15:12:34+00:00\",\"description\":\"POLITICA DELLA QUALIT\u00c0 -\",\"breadcrumb\":{\"@id\":\"https:\\\/\\\/nesiller.com\\\/it\\\/politica-della-qualita\\\/#breadcrumb\"},\"inLanguage\":\"it-IT\",\"potentialAction\":[{\"@type\":\"ReadAction\",\"target\":[\"https:\\\/\\\/nesiller.com\\\/it\\\/politica-della-qualita\\\/\"]}]},{\"@type\":\"ImageObject\",\"inLanguage\":\"it-IT\",\"@id\":\"https:\\\/\\\/nesiller.com\\\/it\\\/politica-della-qualita\\\/#primaryimage\",\"url\":\"https:\\\/\\\/nesiller.com\\\/wp-content\\\/uploads\\\/2025\\\/03\\\/kalite-an34c6y54fg.jpg\",\"contentUrl\":\"https:\\\/\\\/nesiller.com\\\/wp-content\\\/uploads\\\/2025\\\/03\\\/kalite-an34c6y54fg.jpg\"},{\"@type\":\"BreadcrumbList\",\"@id\":\"https:\\\/\\\/nesiller.com\\\/it\\\/politica-della-qualita\\\/#breadcrumb\",\"itemListElement\":[{\"@type\":\"ListItem\",\"position\":1,\"name\":\"Home\",\"item\":\"https:\\\/\\\/nesiller.com\\\/it\\\/homepage-2\\\/\"},{\"@type\":\"ListItem\",\"position\":2,\"name\":\"POLITICA DELLA QUALIT\u00c0\"}]},{\"@type\":\"WebSite\",\"@id\":\"https:\\\/\\\/nesiller.com\\\/it\\\/#website\",\"url\":\"https:\\\/\\\/nesiller.com\\\/it\\\/\",\"name\":\"Nesiller Genetik\",\"description\":\"Nesiller, the name of genetic expertise in Istanbul\",\"publisher\":{\"@id\":\"https:\\\/\\\/nesiller.com\\\/it\\\/#organization\"},\"potentialAction\":[{\"@type\":\"SearchAction\",\"target\":{\"@type\":\"EntryPoint\",\"urlTemplate\":\"https:\\\/\\\/nesiller.com\\\/it\\\/?s={search_term_string}\"},\"query-input\":{\"@type\":\"PropertyValueSpecification\",\"valueRequired\":true,\"valueName\":\"search_term_string\"}}],\"inLanguage\":\"it-IT\"},{\"@type\":\"Organization\",\"@id\":\"https:\\\/\\\/nesiller.com\\\/it\\\/#organization\",\"name\":\"Nesiller Genetik\",\"url\":\"https:\\\/\\\/nesiller.com\\\/it\\\/\",\"logo\":{\"@type\":\"ImageObject\",\"inLanguage\":\"it-IT\",\"@id\":\"https:\\\/\\\/nesiller.com\\\/it\\\/#\\\/schema\\\/logo\\\/image\\\/\",\"url\":\"https:\\\/\\\/nesiller.com\\\/wp-content\\\/uploads\\\/2023\\\/04\\\/nesiller-logo.jpg\",\"contentUrl\":\"https:\\\/\\\/nesiller.com\\\/wp-content\\\/uploads\\\/2023\\\/04\\\/nesiller-logo.jpg\",\"width\":1000,\"height\":700,\"caption\":\"Nesiller Genetik\"},\"image\":{\"@id\":\"https:\\\/\\\/nesiller.com\\\/it\\\/#\\\/schema\\\/logo\\\/image\\\/\"},\"sameAs\":[\"https:\\\/\\\/www.facebook.com\\\/NesillerGenetik\",\"https:\\\/\\\/x.com\\\/NesillerGenetik\"]}]}<\/script>\n<!-- \/ Yoast SEO Premium plugin. -->","yoast_head_json":{"title":"POLITICA DELLA QUALIT\u00c0 - Nesiller Genetic Center","description":"POLITICA DELLA QUALIT\u00c0 -","robots":{"index":"index","follow":"follow","max-snippet":"max-snippet:-1","max-image-preview":"max-image-preview:large","max-video-preview":"max-video-preview:-1"},"canonical":"https:\/\/nesiller.com\/it\/politica-della-qualita\/","og_locale":"it_IT","og_type":"article","og_title":"POLITICA DELLA QUALIT\u00c0","og_description":"Nesiller Genetik fornisce servizi di analisi e test genetici attenendosi rigorosamente ai principi di indipendenza, imparzialit\u00e0 e riservatezza, fornendo","og_url":"https:\/\/nesiller.com\/it\/politica-della-qualita\/","og_site_name":"Nesiller Genetic Center","article_publisher":"https:\/\/www.facebook.com\/NesillerGenetik","article_modified_time":"2025-03-06T15:12:34+00:00","og_image":[{"width":587,"height":980,"url":"https:\/\/nesiller.com\/wp-content\/uploads\/2025\/03\/kalite-an34c6y54fg.jpg","type":"image\/jpeg"}],"twitter_card":"summary_large_image","twitter_site":"@NesillerGenetik","schema":{"@context":"https:\/\/schema.org","@graph":[{"@type":"WebPage","@id":"https:\/\/nesiller.com\/it\/politica-della-qualita\/","url":"https:\/\/nesiller.com\/it\/politica-della-qualita\/","name":"POLITICA DELLA QUALIT\u00c0 - Nesiller Genetic Center","isPartOf":{"@id":"https:\/\/nesiller.com\/it\/#website"},"primaryImageOfPage":{"@id":"https:\/\/nesiller.com\/it\/politica-della-qualita\/#primaryimage"},"image":{"@id":"https:\/\/nesiller.com\/it\/politica-della-qualita\/#primaryimage"},"thumbnailUrl":"https:\/\/nesiller.com\/wp-content\/uploads\/2025\/03\/kalite-an34c6y54fg.jpg","datePublished":"2025-03-06T14:11:09+00:00","dateModified":"2025-03-06T15:12:34+00:00","description":"POLITICA DELLA QUALIT\u00c0 -","breadcrumb":{"@id":"https:\/\/nesiller.com\/it\/politica-della-qualita\/#breadcrumb"},"inLanguage":"it-IT","potentialAction":[{"@type":"ReadAction","target":["https:\/\/nesiller.com\/it\/politica-della-qualita\/"]}]},{"@type":"ImageObject","inLanguage":"it-IT","@id":"https:\/\/nesiller.com\/it\/politica-della-qualita\/#primaryimage","url":"https:\/\/nesiller.com\/wp-content\/uploads\/2025\/03\/kalite-an34c6y54fg.jpg","contentUrl":"https:\/\/nesiller.com\/wp-content\/uploads\/2025\/03\/kalite-an34c6y54fg.jpg"},{"@type":"BreadcrumbList","@id":"https:\/\/nesiller.com\/it\/politica-della-qualita\/#breadcrumb","itemListElement":[{"@type":"ListItem","position":1,"name":"Home","item":"https:\/\/nesiller.com\/it\/homepage-2\/"},{"@type":"ListItem","position":2,"name":"POLITICA DELLA QUALIT\u00c0"}]},{"@type":"WebSite","@id":"https:\/\/nesiller.com\/it\/#website","url":"https:\/\/nesiller.com\/it\/","name":"Nesiller Genetik","description":"Nesiller, the name of genetic expertise in Istanbul","publisher":{"@id":"https:\/\/nesiller.com\/it\/#organization"},"potentialAction":[{"@type":"SearchAction","target":{"@type":"EntryPoint","urlTemplate":"https:\/\/nesiller.com\/it\/?s={search_term_string}"},"query-input":{"@type":"PropertyValueSpecification","valueRequired":true,"valueName":"search_term_string"}}],"inLanguage":"it-IT"},{"@type":"Organization","@id":"https:\/\/nesiller.com\/it\/#organization","name":"Nesiller Genetik","url":"https:\/\/nesiller.com\/it\/","logo":{"@type":"ImageObject","inLanguage":"it-IT","@id":"https:\/\/nesiller.com\/it\/#\/schema\/logo\/image\/","url":"https:\/\/nesiller.com\/wp-content\/uploads\/2023\/04\/nesiller-logo.jpg","contentUrl":"https:\/\/nesiller.com\/wp-content\/uploads\/2023\/04\/nesiller-logo.jpg","width":1000,"height":700,"caption":"Nesiller Genetik"},"image":{"@id":"https:\/\/nesiller.com\/it\/#\/schema\/logo\/image\/"},"sameAs":["https:\/\/www.facebook.com\/NesillerGenetik","https:\/\/x.com\/NesillerGenetik"]}]}},"rttpg_featured_image_url":null,"rttpg_author":{"display_name":"Admin 003","author_link":"https:\/\/nesiller.com\/it\/author\/admin003\/"},"rttpg_comment":0,"rttpg_category":" <a href=\"https:\/\/nesiller.com\/it\/?taxonomy=translation_priority&#038;term=opzionale\" rel=\"tag\">Opzionale<\/a>","rttpg_excerpt":"Nesiller Genetik fornisce servizi di analisi e test genetici attenendosi rigorosamente ai principi di indipendenza, imparzialit\u00e0 e riservatezza, fornendo un servizio di alta qualit\u00e0 ai nostri clienti, rispettando le regole scientifiche, con un approccio imparziale e responsabilit\u00e0 professionale. Il nostro obiettivo \u00e8 quello di essere tra i principali centri genetici del mondo in Turchia e&hellip;","_links":{"self":[{"href":"https:\/\/nesiller.com\/it\/wp-json\/wp\/v2\/pages\/32819","targetHints":{"allow":["GET"]}}],"collection":[{"href":"https:\/\/nesiller.com\/it\/wp-json\/wp\/v2\/pages"}],"about":[{"href":"https:\/\/nesiller.com\/it\/wp-json\/wp\/v2\/types\/page"}],"author":[{"embeddable":true,"href":"https:\/\/nesiller.com\/it\/wp-json\/wp\/v2\/users\/7"}],"replies":[{"embeddable":true,"href":"https:\/\/nesiller.com\/it\/wp-json\/wp\/v2\/comments?post=32819"}],"version-history":[{"count":5,"href":"https:\/\/nesiller.com\/it\/wp-json\/wp\/v2\/pages\/32819\/revisions"}],"predecessor-version":[{"id":32855,"href":"https:\/\/nesiller.com\/it\/wp-json\/wp\/v2\/pages\/32819\/revisions\/32855"}],"wp:attachment":[{"href":"https:\/\/nesiller.com\/it\/wp-json\/wp\/v2\/media?parent=32819"}],"curies":[{"name":"wp","href":"https:\/\/api.w.org\/{rel}","templated":true}]}}