{"id":28619,"date":"2023-03-31T14:34:37","date_gmt":"2023-03-31T11:34:37","guid":{"rendered":"https:\/\/nesiller.com\/sulla-genetica\/"},"modified":"2023-06-07T19:42:19","modified_gmt":"2023-06-07T16:42:19","slug":"sulla-genetica","status":"publish","type":"page","link":"https:\/\/nesiller.com\/it\/sulla-genetica\/","title":{"rendered":"SULLA GENETICA"},"content":{"rendered":"\t\t<div data-elementor-type=\"wp-page\" data-elementor-id=\"28619\" class=\"elementor elementor-28619 elementor-21275\">\n\t\t\t\t\t\t<section class=\"elementor-section elementor-top-section elementor-element elementor-element-663f0e5 elementor-section-boxed elementor-section-height-default elementor-section-height-default\" data-id=\"663f0e5\" data-element_type=\"section\">\n\t\t\t\t\t\t<div class=\"elementor-container elementor-column-gap-default\">\n\t\t\t\t\t<div class=\"elementor-column elementor-col-100 elementor-top-column elementor-element elementor-element-49e0577e\" data-id=\"49e0577e\" data-element_type=\"column\">\n\t\t\t<div class=\"elementor-widget-wrap elementor-element-populated\">\n\t\t\t\t\t\t<section class=\"elementor-section elementor-inner-section elementor-element elementor-element-72873de7 elementor-section-boxed elementor-section-height-default elementor-section-height-default\" data-id=\"72873de7\" data-element_type=\"section\">\n\t\t\t\t\t\t<div class=\"elementor-container elementor-column-gap-default\">\n\t\t\t\t\t<div class=\"elementor-column elementor-col-100 elementor-inner-column elementor-element elementor-element-1f2a5b90\" data-id=\"1f2a5b90\" data-element_type=\"column\">\n\t\t\t<div class=\"elementor-widget-wrap elementor-element-populated\">\n\t\t\t\t\t\t<div class=\"elementor-element elementor-element-654bd4d5 elementor-widget elementor-widget-heading\" data-id=\"654bd4d5\" data-element_type=\"widget\" data-widget_type=\"heading.default\">\n\t\t\t\t\t<h4 class=\"elementor-heading-title elementor-size-default\">Il segreto delle generazioni sane nascosto nei test genetici<\/h4>\t\t\t\t<\/div>\n\t\t\t\t<div class=\"elementor-element elementor-element-1be7690b elementor-widget elementor-widget-heading\" data-id=\"1be7690b\" data-element_type=\"widget\" data-widget_type=\"heading.default\">\n\t\t\t\t\t<p class=\"elementor-heading-title elementor-size-default\">I test genetici possono aiutare i medici a determinare se siamo portatori di una certa malattia, se siamo predisposti a qualche rischio, cosa attende il nostro bambino non ancora nato o il nostro neonato, o che tipo di trattamento dovremmo ricevere contro una malattia esistente, sulla base dei geni che possiamo chiamare \"la mappa del nostro corpo\". Il risultato di un test genetico mostra il quadro della salute non solo per voi, ma anche per le vostre generazioni future.<\/p>\t\t\t\t<\/div>\n\t\t\t\t\t<\/div>\n\t\t<\/div>\n\t\t\t\t\t<\/div>\n\t\t<\/section>\n\t\t\t\t<section class=\"elementor-section elementor-inner-section elementor-element elementor-element-63c95d2e elementor-section-boxed elementor-section-height-default elementor-section-height-default\" data-id=\"63c95d2e\" data-element_type=\"section\">\n\t\t\t\t\t\t<div class=\"elementor-container elementor-column-gap-default\">\n\t\t\t\t\t<div class=\"elementor-column elementor-col-100 elementor-inner-column elementor-element elementor-element-482ff8fa\" data-id=\"482ff8fa\" data-element_type=\"column\">\n\t\t\t<div class=\"elementor-widget-wrap elementor-element-populated\">\n\t\t\t\t\t\t<div class=\"elementor-element elementor-element-5a345f27 elementor-widget elementor-widget-image\" data-id=\"5a345f27\" data-element_type=\"widget\" data-widget_type=\"image.default\">\n\t\t\t\t\t\t\t\t\t\t\t\t\t\t\t<img fetchpriority=\"high\" decoding=\"async\" width=\"640\" height=\"139\" src=\"https:\/\/nesiller.com\/wp-content\/uploads\/2023\/04\/shutterstock_2092167835.jpg\" class=\"attachment-large size-large wp-image-28038\" alt=\"\" srcset=\"https:\/\/nesiller.com\/wp-content\/uploads\/2023\/04\/shutterstock_2092167835.jpg 1000w, https:\/\/nesiller.com\/wp-content\/uploads\/2023\/04\/shutterstock_2092167835-300x65.jpg 300w, https:\/\/nesiller.com\/wp-content\/uploads\/2023\/04\/shutterstock_2092167835-768x167.jpg 768w\" sizes=\"(max-width: 640px) 100vw, 640px\" \/>\t\t\t\t\t\t\t\t\t\t\t\t\t\t\t<\/div>\n\t\t\t\t\t<\/div>\n\t\t<\/div>\n\t\t\t\t\t<\/div>\n\t\t<\/section>\n\t\t\t\t<div class=\"elementor-element elementor-element-b5e433f elementor-widget elementor-widget-heading\" data-id=\"b5e433f\" data-element_type=\"widget\" data-widget_type=\"heading.default\">\n\t\t\t\t\t<h4 class=\"elementor-heading-title elementor-size-default\">Un test genetico pu\u00f2 cambiare la vita<\/h4>\t\t\t\t<\/div>\n\t\t\t\t<section class=\"elementor-section elementor-inner-section elementor-element elementor-element-0a14e70 elementor-section-boxed elementor-section-height-default elementor-section-height-default\" data-id=\"0a14e70\" data-element_type=\"section\">\n\t\t\t\t\t\t<div class=\"elementor-container elementor-column-gap-default\">\n\t\t\t\t\t<div class=\"elementor-column elementor-col-100 elementor-inner-column elementor-element elementor-element-13b1fc5\" data-id=\"13b1fc5\" data-element_type=\"column\">\n\t\t\t<div class=\"elementor-widget-wrap elementor-element-populated\">\n\t\t\t\t\t\t<div class=\"elementor-element elementor-element-788092c elementor-widget elementor-widget-heading\" data-id=\"788092c\" data-element_type=\"widget\" data-widget_type=\"heading.default\">\n\t\t\t\t\t<p class=\"elementor-heading-title elementor-size-default\">I rapidi progressi nel campo della genetica stanno aumentando le nostre conoscenze sulle basi molecolari delle malattie.  \nQueste informazioni sono importanti perch\u00e9 vengono utilizzate per lo sviluppo di test genetici e i risultati dei test genetici aiutano direttamente a personalizzare le cure fornite al paziente.  <\/p>\t\t\t\t<\/div>\n\t\t\t\t<div class=\"elementor-element elementor-element-8e79b9c elementor-widget elementor-widget-heading\" data-id=\"8e79b9c\" data-element_type=\"widget\" data-widget_type=\"heading.default\">\n\t\t\t\t\t<p class=\"elementor-heading-title elementor-size-default\">Ad esempio, il trattamento di tutti i pazienti oncologici nello stesso modo sta rapidamente lasciando il posto a un trattamento personalizzato. I test genetici analizzano i meccanismi molecolari che possono influenzare la pianificazione del trattamento di una persona. Viene eseguita una profilazione molecolare del tumore dell'individuo e vengono valutate le opzioni di trattamento, come i farmaci intelligenti, l'immunoterapia e la resistenza e la sensibilit\u00e0 a vari farmaci. Il trattamento e il follow-up del paziente vengono effettuati alla luce di queste informazioni e si osserva un aumento significativo delle percentuali di successo.<\/p>\t\t\t\t<\/div>\n\t\t\t\t<div class=\"elementor-element elementor-element-7296150 elementor-widget elementor-widget-heading\" data-id=\"7296150\" data-element_type=\"widget\" data-widget_type=\"heading.default\">\n\t\t\t\t\t<p class=\"elementor-heading-title elementor-size-default\">Non solo il cancro, ma anche le opportunit\u00e0 di follow-up e di trattamento di molte malattie croniche come il diabete, il cuore, le malattie rare e le malattie neurologiche si stanno sviluppando con nuove scoperte ogni giorno.\nD'altra parte, con le innovazioni che la scienza genetica ha apportato al mondo medico, la medicina non \u00e8 pi\u00f9 coinvolta solo nel processo di trattamento della malattia. Grazie ai pannelli per una vita sana, si \u00e8 anche passati a un livello in cui vengono calcolati i rischi degli individui dovuti a ragioni ereditarie o genetiche e vengono rivelati i dati che permetteranno loro di avere una vita pi\u00f9 lunga e pi\u00f9 sana.<\/p>\t\t\t\t<\/div>\n\t\t\t\t<div class=\"elementor-element elementor-element-ce8c596 elementor-widget elementor-widget-image\" data-id=\"ce8c596\" data-element_type=\"widget\" data-widget_type=\"image.default\">\n\t\t\t\t\t\t\t\t\t\t\t\t\t\t\t<img decoding=\"async\" width=\"2913\" height=\"787\" src=\"https:\/\/nesiller.com\/wp-content\/uploads\/2023\/04\/web-icin-planlama-yillar-2023.png\" class=\"attachment-full size-full wp-image-27516\" alt=\"YA\u015eAM BOYU GENET\u0130K\u200b\" srcset=\"https:\/\/nesiller.com\/wp-content\/uploads\/2023\/04\/web-icin-planlama-yillar-2023.png 2913w, https:\/\/nesiller.com\/wp-content\/uploads\/2023\/04\/web-icin-planlama-yillar-2023-300x81.png 300w, https:\/\/nesiller.com\/wp-content\/uploads\/2023\/04\/web-icin-planlama-yillar-2023-1024x277.png 1024w, https:\/\/nesiller.com\/wp-content\/uploads\/2023\/04\/web-icin-planlama-yillar-2023-768x207.png 768w, https:\/\/nesiller.com\/wp-content\/uploads\/2023\/04\/web-icin-planlama-yillar-2023-1536x415.png 1536w, https:\/\/nesiller.com\/wp-content\/uploads\/2023\/04\/web-icin-planlama-yillar-2023-2048x553.png 2048w\" sizes=\"(max-width: 2913px) 100vw, 2913px\" \/>\t\t\t\t\t\t\t\t\t\t\t\t\t\t\t<\/div>\n\t\t\t\t\t<\/div>\n\t\t<\/div>\n\t\t\t\t\t<\/div>\n\t\t<\/section>\n\t\t\t\t<section class=\"elementor-section elementor-inner-section elementor-element elementor-element-e314cde elementor-section-boxed elementor-section-height-default elementor-section-height-default\" data-id=\"e314cde\" data-element_type=\"section\">\n\t\t\t\t\t\t<div class=\"elementor-container elementor-column-gap-default\">\n\t\t\t\t\t<div class=\"elementor-column elementor-col-100 elementor-inner-column elementor-element elementor-element-e9476bd\" data-id=\"e9476bd\" data-element_type=\"column\">\n\t\t\t<div class=\"elementor-widget-wrap elementor-element-populated\">\n\t\t\t\t\t\t<div class=\"elementor-element elementor-element-75a5800 elementor-widget elementor-widget-heading\" data-id=\"75a5800\" data-element_type=\"widget\" data-widget_type=\"heading.default\">\n\t\t\t\t\t<h4 class=\"elementor-heading-title elementor-size-default\">L'accuratezza dei test genetici guida e la comunicazione realistica delle possibilit\u00e0 al paziente sono fondamentali.<\/h4>\t\t\t\t<\/div>\n\t\t\t\t<div class=\"elementor-element elementor-element-86598d0 elementor-widget elementor-widget-heading\" data-id=\"86598d0\" data-element_type=\"widget\" data-widget_type=\"heading.default\">\n\t\t\t\t\t<p class=\"elementor-heading-title elementor-size-default\">Risultati del test genetico;<br>\n- La diagnosi precoce e l'intervento tempestivo nelle malattie ereditarie possono salvare vite umane  <br>\n- Pu\u00f2 dare un grande sollievo alle persone che hanno una predisposizione o il timore di contrarre una malattia per qualsiasi motivo.  <br>\n- Pu\u00f2 essere utile per la pianificazione familiare futura  <\/p>\t\t\t\t<\/div>\n\t\t\t\t<div class=\"elementor-element elementor-element-17ae54f elementor-widget elementor-widget-heading\" data-id=\"17ae54f\" data-element_type=\"widget\" data-widget_type=\"heading.default\">\n\t\t\t\t\t<p class=\"elementor-heading-title elementor-size-default\">Questi risultati possono influenzare importanti decisioni di vita. Pertanto, i test genetici devono essere eseguiti solo da laboratori qualificati con personale specializzato, la cui gestione della qualit\u00e0 sia conforme agli standard internazionali.  <\/p>\t\t\t\t<\/div>\n\t\t\t\t<div class=\"elementor-element elementor-element-c8ad78b elementor-widget elementor-widget-heading\" data-id=\"c8ad78b\" data-element_type=\"widget\" data-widget_type=\"heading.default\">\n\t\t\t\t\t<p class=\"elementor-heading-title elementor-size-default\">I referti dei risultati devono essere valutati da medici specializzati ed esperti nel campo della genetica medica.  <br><br>\nNella comunicazione con il paziente, la consulenza genetica pre e post-test deve essere offerta in termini reali, dove le opzioni e i possibili esiti sono spiegati al paziente in dettaglio.  \n<\/p>\t\t\t\t<\/div>\n\t\t\t\t\t<\/div>\n\t\t<\/div>\n\t\t\t\t\t<\/div>\n\t\t<\/section>\n\t\t<div class=\"elementor-element elementor-element-5e09e9c e-flex e-con-boxed e-con e-parent\" data-id=\"5e09e9c\" data-element_type=\"container\">\n\t\t\t\t\t<div class=\"e-con-inner\">\n\t\t\t\t<div class=\"elementor-element elementor-element-68761ef elementor-widget elementor-widget-video\" data-id=\"68761ef\" data-element_type=\"widget\" data-settings=\"{&quot;youtube_url&quot;:&quot;https:\\\/\\\/www.youtube.com\\\/watch?v=HL1OPkHcXjo&quot;,&quot;video_type&quot;:&quot;youtube&quot;,&quot;controls&quot;:&quot;yes&quot;}\" data-widget_type=\"video.default\">\n\t\t\t\t\t\t\t<div class=\"elementor-wrapper elementor-open-inline\">\n\t\t\t<div class=\"elementor-video\"><\/div>\t\t<\/div>\n\t\t\t\t\t\t<\/div>\n\t\t\t\t<div class=\"elementor-element elementor-element-eb77271 elementor-widget elementor-widget-video\" data-id=\"eb77271\" data-element_type=\"widget\" data-settings=\"{&quot;youtube_url&quot;:&quot;https:\\\/\\\/www.youtube.com\\\/watch?v=5ozIce0zEqs&quot;,&quot;video_type&quot;:&quot;youtube&quot;,&quot;controls&quot;:&quot;yes&quot;}\" data-widget_type=\"video.default\">\n\t\t\t\t\t\t\t<div class=\"elementor-wrapper elementor-open-inline\">\n\t\t\t<div class=\"elementor-video\"><\/div>\t\t<\/div>\n\t\t\t\t\t\t<\/div>\n\t\t\t\t<div class=\"elementor-element elementor-element-1a2ae0e elementor-widget elementor-widget-video\" data-id=\"1a2ae0e\" data-element_type=\"widget\" data-settings=\"{&quot;youtube_url&quot;:&quot;https:\\\/\\\/www.youtube.com\\\/watch?v=8kS8eSGOpu0&quot;,&quot;video_type&quot;:&quot;youtube&quot;,&quot;controls&quot;:&quot;yes&quot;}\" data-widget_type=\"video.default\">\n\t\t\t\t\t\t\t<div class=\"elementor-wrapper elementor-open-inline\">\n\t\t\t<div class=\"elementor-video\"><\/div>\t\t<\/div>\n\t\t\t\t\t\t<\/div>\n\t\t\t\t\t<\/div>\n\t\t\t\t<\/div>\n\t\t\t\t<section class=\"elementor-section elementor-inner-section elementor-element elementor-element-41b6758 elementor-section-boxed elementor-section-height-default elementor-section-height-default\" data-id=\"41b6758\" data-element_type=\"section\">\n\t\t\t\t\t\t<div class=\"elementor-container elementor-column-gap-default\">\n\t\t\t\t\t<div class=\"elementor-column elementor-col-100 elementor-inner-column elementor-element elementor-element-d5696a5\" data-id=\"d5696a5\" data-element_type=\"column\">\n\t\t\t<div class=\"elementor-widget-wrap elementor-element-populated\">\n\t\t\t\t\t\t<div class=\"elementor-element elementor-element-5c03b99 elementor-widget elementor-widget-heading\" data-id=\"5c03b99\" data-element_type=\"widget\" data-widget_type=\"heading.default\">\n\t\t\t\t\t<h4 class=\"elementor-heading-title elementor-size-default\">Per quali scopi possono essere eseguiti i test genetici?<\/h4>\t\t\t\t<\/div>\n\t\t\t\t<div class=\"elementor-element elementor-element-d906dfd elementor-widget elementor-widget-heading\" data-id=\"d906dfd\" data-element_type=\"widget\" data-widget_type=\"heading.default\">\n\t\t\t\t\t<p class=\"elementor-heading-title elementor-size-default\">1. <b>Test diagnostici<\/b> per la conferma o l'esclusione di individui con malattie genetiche note o sospette.<br>\n2. <b>Test predittivi<\/b> per l'individuazione di malattie genetiche che possono rappresentare un rischio per la salute o influire sulla qualit\u00e0 della vita.<br>\n3. <b>Test genetici per aiutare<\/b> la persona a orientare il proprio stile di vita e a <b>vivere in modo sano<\/b>.<br>\n4. <b>Test del portatore<\/b> per l'individuazione di malattie genetiche che si ritiene possano essere trasmesse per via familiare e per studi di pedigree che ne chiariscano le modalit\u00e0 di trasmissione.<br>\n5. <b>Test prenatali<\/b> durante la gravidanza per esaminare il nascituro alla ricerca di malattie genetiche.<br>\n6. Durante il processo di fecondazione in vitro, <b>test selettivi<\/b> per l'individuazione di embrioni non portatori della malattia genetica rilevata nei futuri genitori e controllo del numero di cromosomi.<br>\n7. <b>Test a scopo terapeutico<\/b><br>\n8. <b>Test di follow-up<\/b>\n<\/p>\t\t\t\t<\/div>\n\t\t\t\t\t<\/div>\n\t\t<\/div>\n\t\t\t\t\t<\/div>\n\t\t<\/section>\n\t\t\t\t\t<\/div>\n\t\t<\/div>\n\t\t\t\t\t<\/div>\n\t\t<\/section>\n\t\t\t\t<\/div>\n\t\t","protected":false},"excerpt":{"rendered":"<p>Il segreto delle generazioni sane nascosto nei test genetici I test genetici possono aiutare i medici a determinare se siamo portatori di una certa malattia, se siamo predisposti a qualche rischio, cosa attende il nostro bambino non ancora nato o il nostro neonato, o che tipo di trattamento dovremmo ricevere contro una malattia esistente, sulla [&hellip;]<\/p>\n","protected":false},"author":1,"featured_media":0,"parent":0,"menu_order":0,"comment_status":"closed","ping_status":"closed","template":"","meta":{"_monsterinsights_skip_tracking":false,"_monsterinsights_sitenote_active":false,"_monsterinsights_sitenote_note":"","_monsterinsights_sitenote_category":0,"footnotes":""},"class_list":["post-28619","page","type-page","status-publish","hentry"],"acf":[],"yoast_head":"<!-- This site is optimized with the Yoast SEO Premium plugin v26.2 (Yoast SEO v27.3) - https:\/\/yoast.com\/product\/yoast-seo-premium-wordpress\/ -->\n<title>SULLA GENETICA - Nesiller Genetic Center<\/title>\n<meta name=\"description\" content=\"SULLA GENETICA -\" \/>\n<meta name=\"robots\" content=\"index, follow, max-snippet:-1, max-image-preview:large, max-video-preview:-1\" \/>\n<link rel=\"canonical\" href=\"https:\/\/nesiller.com\/it\/sulla-genetica\/\" \/>\n<meta property=\"og:locale\" content=\"it_IT\" \/>\n<meta property=\"og:type\" content=\"article\" \/>\n<meta property=\"og:title\" content=\"SULLA GENETICA\" \/>\n<meta property=\"og:description\" content=\"Il segreto delle generazioni sane nascosto nei test genetici I test genetici possono aiutare i medici a determinare se siamo portatori di una certa\" \/>\n<meta property=\"og:url\" content=\"https:\/\/nesiller.com\/it\/sulla-genetica\/\" \/>\n<meta property=\"og:site_name\" content=\"Nesiller Genetic Center\" \/>\n<meta property=\"article:publisher\" content=\"https:\/\/www.facebook.com\/NesillerGenetik\" \/>\n<meta property=\"article:modified_time\" content=\"2023-06-07T16:42:19+00:00\" \/>\n<meta property=\"og:image\" content=\"https:\/\/nesiller.com\/wp-content\/uploads\/2023\/04\/shutterstock_2092167835.jpg\" \/>\n<meta name=\"twitter:card\" content=\"summary_large_image\" \/>\n<meta name=\"twitter:site\" content=\"@NesillerGenetik\" \/>\n<script type=\"application\/ld+json\" class=\"yoast-schema-graph\">{\"@context\":\"https:\\\/\\\/schema.org\",\"@graph\":[{\"@type\":\"WebPage\",\"@id\":\"https:\\\/\\\/nesiller.com\\\/it\\\/sulla-genetica\\\/\",\"url\":\"https:\\\/\\\/nesiller.com\\\/it\\\/sulla-genetica\\\/\",\"name\":\"SULLA GENETICA - Nesiller Genetic Center\",\"isPartOf\":{\"@id\":\"https:\\\/\\\/nesiller.com\\\/it\\\/#website\"},\"primaryImageOfPage\":{\"@id\":\"https:\\\/\\\/nesiller.com\\\/it\\\/sulla-genetica\\\/#primaryimage\"},\"image\":{\"@id\":\"https:\\\/\\\/nesiller.com\\\/it\\\/sulla-genetica\\\/#primaryimage\"},\"thumbnailUrl\":\"https:\\\/\\\/nesiller.com\\\/wp-content\\\/uploads\\\/2023\\\/04\\\/shutterstock_2092167835.jpg\",\"datePublished\":\"2023-03-31T11:34:37+00:00\",\"dateModified\":\"2023-06-07T16:42:19+00:00\",\"description\":\"SULLA GENETICA -\",\"breadcrumb\":{\"@id\":\"https:\\\/\\\/nesiller.com\\\/it\\\/sulla-genetica\\\/#breadcrumb\"},\"inLanguage\":\"it-IT\",\"potentialAction\":[{\"@type\":\"ReadAction\",\"target\":[\"https:\\\/\\\/nesiller.com\\\/it\\\/sulla-genetica\\\/\"]}]},{\"@type\":\"ImageObject\",\"inLanguage\":\"it-IT\",\"@id\":\"https:\\\/\\\/nesiller.com\\\/it\\\/sulla-genetica\\\/#primaryimage\",\"url\":\"https:\\\/\\\/nesiller.com\\\/wp-content\\\/uploads\\\/2023\\\/04\\\/shutterstock_2092167835.jpg\",\"contentUrl\":\"https:\\\/\\\/nesiller.com\\\/wp-content\\\/uploads\\\/2023\\\/04\\\/shutterstock_2092167835.jpg\"},{\"@type\":\"BreadcrumbList\",\"@id\":\"https:\\\/\\\/nesiller.com\\\/it\\\/sulla-genetica\\\/#breadcrumb\",\"itemListElement\":[{\"@type\":\"ListItem\",\"position\":1,\"name\":\"Home\",\"item\":\"https:\\\/\\\/nesiller.com\\\/it\\\/homepage-2\\\/\"},{\"@type\":\"ListItem\",\"position\":2,\"name\":\"SULLA GENETICA\"}]},{\"@type\":\"WebSite\",\"@id\":\"https:\\\/\\\/nesiller.com\\\/it\\\/#website\",\"url\":\"https:\\\/\\\/nesiller.com\\\/it\\\/\",\"name\":\"Nesiller Genetik\",\"description\":\"Nesiller, the name of genetic expertise in Istanbul\",\"publisher\":{\"@id\":\"https:\\\/\\\/nesiller.com\\\/it\\\/#organization\"},\"potentialAction\":[{\"@type\":\"SearchAction\",\"target\":{\"@type\":\"EntryPoint\",\"urlTemplate\":\"https:\\\/\\\/nesiller.com\\\/it\\\/?s={search_term_string}\"},\"query-input\":{\"@type\":\"PropertyValueSpecification\",\"valueRequired\":true,\"valueName\":\"search_term_string\"}}],\"inLanguage\":\"it-IT\"},{\"@type\":\"Organization\",\"@id\":\"https:\\\/\\\/nesiller.com\\\/it\\\/#organization\",\"name\":\"Nesiller Genetik\",\"url\":\"https:\\\/\\\/nesiller.com\\\/it\\\/\",\"logo\":{\"@type\":\"ImageObject\",\"inLanguage\":\"it-IT\",\"@id\":\"https:\\\/\\\/nesiller.com\\\/it\\\/#\\\/schema\\\/logo\\\/image\\\/\",\"url\":\"https:\\\/\\\/nesiller.com\\\/wp-content\\\/uploads\\\/2023\\\/04\\\/nesiller-logo.jpg\",\"contentUrl\":\"https:\\\/\\\/nesiller.com\\\/wp-content\\\/uploads\\\/2023\\\/04\\\/nesiller-logo.jpg\",\"width\":1000,\"height\":700,\"caption\":\"Nesiller Genetik\"},\"image\":{\"@id\":\"https:\\\/\\\/nesiller.com\\\/it\\\/#\\\/schema\\\/logo\\\/image\\\/\"},\"sameAs\":[\"https:\\\/\\\/www.facebook.com\\\/NesillerGenetik\",\"https:\\\/\\\/x.com\\\/NesillerGenetik\"]}]}<\/script>\n<!-- \/ Yoast SEO Premium plugin. -->","yoast_head_json":{"title":"SULLA GENETICA - Nesiller Genetic Center","description":"SULLA GENETICA -","robots":{"index":"index","follow":"follow","max-snippet":"max-snippet:-1","max-image-preview":"max-image-preview:large","max-video-preview":"max-video-preview:-1"},"canonical":"https:\/\/nesiller.com\/it\/sulla-genetica\/","og_locale":"it_IT","og_type":"article","og_title":"SULLA GENETICA","og_description":"Il segreto delle generazioni sane nascosto nei test genetici I test genetici possono aiutare i medici a determinare se siamo portatori di una certa","og_url":"https:\/\/nesiller.com\/it\/sulla-genetica\/","og_site_name":"Nesiller Genetic Center","article_publisher":"https:\/\/www.facebook.com\/NesillerGenetik","article_modified_time":"2023-06-07T16:42:19+00:00","og_image":[{"url":"https:\/\/nesiller.com\/wp-content\/uploads\/2023\/04\/shutterstock_2092167835.jpg","type":"","width":"","height":""}],"twitter_card":"summary_large_image","twitter_site":"@NesillerGenetik","schema":{"@context":"https:\/\/schema.org","@graph":[{"@type":"WebPage","@id":"https:\/\/nesiller.com\/it\/sulla-genetica\/","url":"https:\/\/nesiller.com\/it\/sulla-genetica\/","name":"SULLA GENETICA - Nesiller Genetic Center","isPartOf":{"@id":"https:\/\/nesiller.com\/it\/#website"},"primaryImageOfPage":{"@id":"https:\/\/nesiller.com\/it\/sulla-genetica\/#primaryimage"},"image":{"@id":"https:\/\/nesiller.com\/it\/sulla-genetica\/#primaryimage"},"thumbnailUrl":"https:\/\/nesiller.com\/wp-content\/uploads\/2023\/04\/shutterstock_2092167835.jpg","datePublished":"2023-03-31T11:34:37+00:00","dateModified":"2023-06-07T16:42:19+00:00","description":"SULLA GENETICA -","breadcrumb":{"@id":"https:\/\/nesiller.com\/it\/sulla-genetica\/#breadcrumb"},"inLanguage":"it-IT","potentialAction":[{"@type":"ReadAction","target":["https:\/\/nesiller.com\/it\/sulla-genetica\/"]}]},{"@type":"ImageObject","inLanguage":"it-IT","@id":"https:\/\/nesiller.com\/it\/sulla-genetica\/#primaryimage","url":"https:\/\/nesiller.com\/wp-content\/uploads\/2023\/04\/shutterstock_2092167835.jpg","contentUrl":"https:\/\/nesiller.com\/wp-content\/uploads\/2023\/04\/shutterstock_2092167835.jpg"},{"@type":"BreadcrumbList","@id":"https:\/\/nesiller.com\/it\/sulla-genetica\/#breadcrumb","itemListElement":[{"@type":"ListItem","position":1,"name":"Home","item":"https:\/\/nesiller.com\/it\/homepage-2\/"},{"@type":"ListItem","position":2,"name":"SULLA GENETICA"}]},{"@type":"WebSite","@id":"https:\/\/nesiller.com\/it\/#website","url":"https:\/\/nesiller.com\/it\/","name":"Nesiller Genetik","description":"Nesiller, the name of genetic expertise in Istanbul","publisher":{"@id":"https:\/\/nesiller.com\/it\/#organization"},"potentialAction":[{"@type":"SearchAction","target":{"@type":"EntryPoint","urlTemplate":"https:\/\/nesiller.com\/it\/?s={search_term_string}"},"query-input":{"@type":"PropertyValueSpecification","valueRequired":true,"valueName":"search_term_string"}}],"inLanguage":"it-IT"},{"@type":"Organization","@id":"https:\/\/nesiller.com\/it\/#organization","name":"Nesiller Genetik","url":"https:\/\/nesiller.com\/it\/","logo":{"@type":"ImageObject","inLanguage":"it-IT","@id":"https:\/\/nesiller.com\/it\/#\/schema\/logo\/image\/","url":"https:\/\/nesiller.com\/wp-content\/uploads\/2023\/04\/nesiller-logo.jpg","contentUrl":"https:\/\/nesiller.com\/wp-content\/uploads\/2023\/04\/nesiller-logo.jpg","width":1000,"height":700,"caption":"Nesiller Genetik"},"image":{"@id":"https:\/\/nesiller.com\/it\/#\/schema\/logo\/image\/"},"sameAs":["https:\/\/www.facebook.com\/NesillerGenetik","https:\/\/x.com\/NesillerGenetik"]}]}},"rttpg_featured_image_url":null,"rttpg_author":{"display_name":"admin","author_link":"https:\/\/nesiller.com\/it\/author\/admin\/"},"rttpg_comment":0,"rttpg_category":" <a href=\"https:\/\/nesiller.com\/?taxonomy=translation_priority&#038;term=optional\" rel=\"tag\">Optional<\/a>","rttpg_excerpt":"Il segreto delle generazioni sane nascosto nei test genetici I test genetici possono aiutare i medici a determinare se siamo portatori di una certa malattia, se siamo predisposti a qualche rischio, cosa attende il nostro bambino non ancora nato o il nostro neonato, o che tipo di trattamento dovremmo ricevere contro una malattia esistente, sulla&hellip;","_links":{"self":[{"href":"https:\/\/nesiller.com\/it\/wp-json\/wp\/v2\/pages\/28619","targetHints":{"allow":["GET"]}}],"collection":[{"href":"https:\/\/nesiller.com\/it\/wp-json\/wp\/v2\/pages"}],"about":[{"href":"https:\/\/nesiller.com\/it\/wp-json\/wp\/v2\/types\/page"}],"author":[{"embeddable":true,"href":"https:\/\/nesiller.com\/it\/wp-json\/wp\/v2\/users\/1"}],"replies":[{"embeddable":true,"href":"https:\/\/nesiller.com\/it\/wp-json\/wp\/v2\/comments?post=28619"}],"version-history":[{"count":1,"href":"https:\/\/nesiller.com\/it\/wp-json\/wp\/v2\/pages\/28619\/revisions"}],"predecessor-version":[{"id":28630,"href":"https:\/\/nesiller.com\/it\/wp-json\/wp\/v2\/pages\/28619\/revisions\/28630"}],"wp:attachment":[{"href":"https:\/\/nesiller.com\/it\/wp-json\/wp\/v2\/media?parent=28619"}],"curies":[{"name":"wp","href":"https:\/\/api.w.org\/{rel}","templated":true}]}}