{"id":28509,"date":"2023-03-31T14:22:22","date_gmt":"2023-03-31T11:22:22","guid":{"rendered":"https:\/\/nesiller.com\/consulenza-genetica\/"},"modified":"2023-06-12T18:47:09","modified_gmt":"2023-06-12T15:47:09","slug":"consulenza-genetica","status":"publish","type":"page","link":"https:\/\/nesiller.com\/it\/consulenza-genetica\/","title":{"rendered":"CONSULENZA GENETICA"},"content":{"rendered":"\t\t<div data-elementor-type=\"wp-page\" data-elementor-id=\"28509\" class=\"elementor elementor-28509 elementor-21256\">\n\t\t\t\t<div class=\"elementor-element elementor-element-d909fb9 e-flex e-con-boxed e-con e-parent\" data-id=\"d909fb9\" data-element_type=\"container\">\n\t\t\t\t\t<div class=\"e-con-inner\">\n\t\t<div class=\"elementor-element elementor-element-22b5ee7 e-con-full e-flex e-con e-parent\" data-id=\"22b5ee7\" data-element_type=\"container\">\n\t\t\t\t<\/div>\n\t\t<div class=\"elementor-element elementor-element-c812e9b e-con-full e-flex e-con e-parent\" data-id=\"c812e9b\" data-element_type=\"container\">\n\t\t\t\t<div class=\"elementor-element elementor-element-eb0ba02 elementor-widget elementor-widget-image\" data-id=\"eb0ba02\" data-element_type=\"widget\" data-widget_type=\"image.default\">\n\t\t\t\t\t\t\t\t\t\t\t\t\t\t\t<img fetchpriority=\"high\" decoding=\"async\" width=\"410\" height=\"252\" src=\"https:\/\/nesiller.com\/wp-content\/uploads\/2023\/04\/gulay-cons.jpg\" class=\"attachment-full size-full wp-image-27510\" alt=\"GENET\u0130K DANI\u015eMANLIK\" srcset=\"https:\/\/nesiller.com\/wp-content\/uploads\/2023\/04\/gulay-cons.jpg 410w, https:\/\/nesiller.com\/wp-content\/uploads\/2023\/04\/gulay-cons-300x184.jpg 300w\" sizes=\"(max-width: 410px) 100vw, 410px\" \/>\t\t\t\t\t\t\t\t\t\t\t\t\t\t\t<\/div>\n\t\t\t\t<div class=\"elementor-element elementor-element-227eb99 elementor-widget elementor-widget-text-editor\" data-id=\"227eb99\" data-element_type=\"widget\" data-widget_type=\"text-editor.default\">\n\t\t\t\t\t\t\t\t\t<p>Nel nostro centro forniamo servizi di anamnesi familiare, esame fisico, diagnosi del paziente con test genetici di supporto e consulenza genetica sulle malattie genetiche. Si tratta di sessioni di consulenza genetica in cui si discute della clinica della diagnosi genetica ottenuta, cio\u00e8 della diagnosi della malattia, del trattamento e di come questo influir\u00e0 su questo processo. Il suo scopo \u00e8 quello di trasferire malattie e condizioni genetiche ereditarie ai pazienti e ai loro parenti.<\/p>\n\t\t\t\t\t\t\t\t<\/div>\n\t\t\t\t<div class=\"elementor-element elementor-element-3765771 elementor-widget elementor-widget-heading\" data-id=\"3765771\" data-element_type=\"widget\" data-widget_type=\"heading.default\">\n\t\t\t\t\t<h2 class=\"elementor-heading-title elementor-size-default\">\n          <p style=\"font-size:22px !important;font-weight:600 !important;padding-top:30px;text-align:center\">\nPotete contattarci per le vostre domande\n<br>\n <a style=\"color:#B5BD00\" href=\"https:\/\/wa.me\/905318375767\"><img decoding=\"async\" style=\"padding-top:10px\" width=\"150\" src=\"https:\/\/nesiller.com\/wp-content\/uploads\/2023\/04\/whatsapp-button.png\"><\/a><span style=\"color: var( --e-global-color-44f7ec1 );font-family: var( --e-global-typography-primary-font-family ), Sans-serif;font-size: 50px;font-weight: 400\"><\/span><\/p>\n        <\/h2>\t\t\t\t<\/div>\n\t\t\t\t<\/div>\n\t\t\t\t\t<\/div>\n\t\t\t\t<\/div>\n\t\t<div class=\"elementor-element elementor-element-d8d9104 e-flex e-con-boxed e-con e-parent\" data-id=\"d8d9104\" data-element_type=\"container\">\n\t\t\t\t\t<div class=\"e-con-inner\">\n\t\t<div class=\"elementor-element elementor-element-6784b70 e-con-full e-flex e-con e-parent\" data-id=\"6784b70\" data-element_type=\"container\">\n\t\t\t\t<div class=\"elementor-element elementor-element-0339b97 elementor-widget elementor-widget-image\" data-id=\"0339b97\" data-element_type=\"widget\" data-widget_type=\"image.default\">\n\t\t\t\t\t\t\t\t\t\t\t\t\t\t\t\t<a href=\"https:\/\/nesiller.com\/it\/consulenza-genetica\/\">\n\t\t\t\t\t\t\t<img decoding=\"async\" width=\"280\" height=\"216\" src=\"https:\/\/nesiller.com\/wp-content\/uploads\/2023\/04\/genetik-danismanlik-banner-g.jpg\" class=\"attachment-large size-large wp-image-27858\" alt=\"\" \/>\t\t\t\t\t\t\t\t<\/a>\n\t\t\t\t\t\t\t\t\t\t\t\t\t\t\t<\/div>\n\t\t\t\t<div class=\"elementor-element elementor-element-2378da8 elementor-widget elementor-widget-image\" data-id=\"2378da8\" data-element_type=\"widget\" data-widget_type=\"image.default\">\n\t\t\t\t\t\t\t\t\t\t\t\t\t\t\t\t<a href=\"https:\/\/nesiller.com\/it\/elenco-test\/\">\n\t\t\t\t\t\t\t<img decoding=\"async\" width=\"280\" height=\"216\" src=\"https:\/\/nesiller.com\/wp-content\/uploads\/2023\/04\/testlistemiz-banner-g.jpg\" class=\"attachment-large size-large wp-image-27852\" alt=\"\" \/>\t\t\t\t\t\t\t\t<\/a>\n\t\t\t\t\t\t\t\t\t\t\t\t\t\t\t<\/div>\n\t\t\t\t<\/div>\n\t\t<div class=\"elementor-element elementor-element-169fb86 e-con-full e-flex e-con e-parent\" data-id=\"169fb86\" data-element_type=\"container\">\n\t\t\t\t<div class=\"elementor-element elementor-element-b796270 elementor-widget elementor-widget-shortcode\" data-id=\"b796270\" data-element_type=\"widget\" data-widget_type=\"shortcode.default\">\n\t\t\t\t\t\t\t<div class=\"elementor-shortcode\">\n          <div id=\"yt-container\" class=\"ytpp-main\">\n        <a name=\"ytplayer\" class=\"f\"><iframe name=\"ytpl-frame\" id=\"ytpl-frame\" type=\"text\/html\" rel=\"ftqdsKOxpSk\" src=\"https:\/\/www.youtube.com\/embed\/ftqdsKOxpSk?rel=0&hd=1&version=3&iv_load_policy=3&showinfo=0&controls=1&origin=https:\/\/nesiller.com\/it\/\" width=\"560\" height=\"315\" loading=\"lazy\" referrerpolicy=\"strict-origin-when-cross-origin\" allow=\"autoplay; encrypted-media\"><\/iframe><\/a>\n        <div id=\"ytpp-playlist-container\" class=\"ytpp-playlist-container\" data-playlist=\"dvyoi-QQCyI,8kS8eSGOpu0,5ozIce0zEqs,QEVa_Ge06NA,pOEjpNSn0y8\"><div id=\"ytplayer_div2\"><\/div><\/div>\n    <\/div>\n        <\/div>\n\t\t\t\t\t\t<\/div>\n\t\t\t\t<\/div>\n\t\t\t\t\t<\/div>\n\t\t\t\t<\/div>\n\t\t\t\t<\/div>\n\t\t","protected":false},"excerpt":{"rendered":"<p>Nel nostro centro forniamo servizi di anamnesi familiare, esame fisico, diagnosi del paziente con test genetici di supporto e consulenza genetica sulle malattie genetiche. Si tratta di sessioni di consulenza genetica in cui si discute della clinica della diagnosi genetica ottenuta, cio\u00e8 della diagnosi della malattia, del trattamento e di come questo influir\u00e0 su questo [&hellip;]<\/p>\n","protected":false},"author":1,"featured_media":0,"parent":0,"menu_order":0,"comment_status":"closed","ping_status":"closed","template":"","meta":{"_monsterinsights_skip_tracking":false,"_monsterinsights_sitenote_active":false,"_monsterinsights_sitenote_note":"","_monsterinsights_sitenote_category":0,"footnotes":""},"class_list":["post-28509","page","type-page","status-publish","hentry"],"acf":[],"yoast_head":"<!-- This site is optimized with the Yoast SEO Premium plugin v26.2 (Yoast SEO v27.3) - https:\/\/yoast.com\/product\/yoast-seo-premium-wordpress\/ -->\n<title>CONSULENZA GENETICA - Nesiller Genetic Center<\/title>\n<meta name=\"description\" content=\"CONSULENZA GENETICA -\" \/>\n<meta name=\"robots\" content=\"index, follow, max-snippet:-1, max-image-preview:large, max-video-preview:-1\" \/>\n<link rel=\"canonical\" href=\"https:\/\/nesiller.com\/it\/consulenza-genetica\/\" \/>\n<meta property=\"og:locale\" content=\"it_IT\" \/>\n<meta property=\"og:type\" content=\"article\" \/>\n<meta property=\"og:title\" content=\"CONSULENZA GENETICA\" \/>\n<meta property=\"og:description\" content=\"Nel nostro centro forniamo servizi di anamnesi familiare, esame fisico, diagnosi del paziente con test genetici di supporto e consulenza genetica sulle\" \/>\n<meta property=\"og:url\" content=\"https:\/\/nesiller.com\/it\/consulenza-genetica\/\" \/>\n<meta property=\"og:site_name\" content=\"Nesiller Genetic Center\" \/>\n<meta property=\"article:publisher\" content=\"https:\/\/www.facebook.com\/NesillerGenetik\" \/>\n<meta property=\"article:modified_time\" content=\"2023-06-12T15:47:09+00:00\" \/>\n<meta property=\"og:image\" content=\"https:\/\/nesiller.com\/wp-content\/uploads\/2023\/04\/gulay-cons.jpg\" \/>\n<meta name=\"twitter:card\" content=\"summary_large_image\" \/>\n<meta name=\"twitter:site\" content=\"@NesillerGenetik\" \/>\n<script type=\"application\/ld+json\" class=\"yoast-schema-graph\">{\"@context\":\"https:\\\/\\\/schema.org\",\"@graph\":[{\"@type\":\"WebPage\",\"@id\":\"https:\\\/\\\/nesiller.com\\\/it\\\/consulenza-genetica\\\/\",\"url\":\"https:\\\/\\\/nesiller.com\\\/it\\\/consulenza-genetica\\\/\",\"name\":\"CONSULENZA GENETICA - Nesiller Genetic Center\",\"isPartOf\":{\"@id\":\"https:\\\/\\\/nesiller.com\\\/it\\\/#website\"},\"primaryImageOfPage\":{\"@id\":\"https:\\\/\\\/nesiller.com\\\/it\\\/consulenza-genetica\\\/#primaryimage\"},\"image\":{\"@id\":\"https:\\\/\\\/nesiller.com\\\/it\\\/consulenza-genetica\\\/#primaryimage\"},\"thumbnailUrl\":\"https:\\\/\\\/nesiller.com\\\/wp-content\\\/uploads\\\/2023\\\/04\\\/gulay-cons.jpg\",\"datePublished\":\"2023-03-31T11:22:22+00:00\",\"dateModified\":\"2023-06-12T15:47:09+00:00\",\"description\":\"CONSULENZA GENETICA -\",\"breadcrumb\":{\"@id\":\"https:\\\/\\\/nesiller.com\\\/it\\\/consulenza-genetica\\\/#breadcrumb\"},\"inLanguage\":\"it-IT\",\"potentialAction\":[{\"@type\":\"ReadAction\",\"target\":[\"https:\\\/\\\/nesiller.com\\\/it\\\/consulenza-genetica\\\/\"]}]},{\"@type\":\"ImageObject\",\"inLanguage\":\"it-IT\",\"@id\":\"https:\\\/\\\/nesiller.com\\\/it\\\/consulenza-genetica\\\/#primaryimage\",\"url\":\"https:\\\/\\\/nesiller.com\\\/wp-content\\\/uploads\\\/2023\\\/04\\\/gulay-cons.jpg\",\"contentUrl\":\"https:\\\/\\\/nesiller.com\\\/wp-content\\\/uploads\\\/2023\\\/04\\\/gulay-cons.jpg\"},{\"@type\":\"BreadcrumbList\",\"@id\":\"https:\\\/\\\/nesiller.com\\\/it\\\/consulenza-genetica\\\/#breadcrumb\",\"itemListElement\":[{\"@type\":\"ListItem\",\"position\":1,\"name\":\"Home\",\"item\":\"https:\\\/\\\/nesiller.com\\\/it\\\/homepage-2\\\/\"},{\"@type\":\"ListItem\",\"position\":2,\"name\":\"CONSULENZA GENETICA\"}]},{\"@type\":\"WebSite\",\"@id\":\"https:\\\/\\\/nesiller.com\\\/it\\\/#website\",\"url\":\"https:\\\/\\\/nesiller.com\\\/it\\\/\",\"name\":\"Nesiller Genetik\",\"description\":\"Nesiller, the name of genetic expertise in Istanbul\",\"publisher\":{\"@id\":\"https:\\\/\\\/nesiller.com\\\/it\\\/#organization\"},\"potentialAction\":[{\"@type\":\"SearchAction\",\"target\":{\"@type\":\"EntryPoint\",\"urlTemplate\":\"https:\\\/\\\/nesiller.com\\\/it\\\/?s={search_term_string}\"},\"query-input\":{\"@type\":\"PropertyValueSpecification\",\"valueRequired\":true,\"valueName\":\"search_term_string\"}}],\"inLanguage\":\"it-IT\"},{\"@type\":\"Organization\",\"@id\":\"https:\\\/\\\/nesiller.com\\\/it\\\/#organization\",\"name\":\"Nesiller Genetik\",\"url\":\"https:\\\/\\\/nesiller.com\\\/it\\\/\",\"logo\":{\"@type\":\"ImageObject\",\"inLanguage\":\"it-IT\",\"@id\":\"https:\\\/\\\/nesiller.com\\\/it\\\/#\\\/schema\\\/logo\\\/image\\\/\",\"url\":\"https:\\\/\\\/nesiller.com\\\/wp-content\\\/uploads\\\/2023\\\/04\\\/nesiller-logo.jpg\",\"contentUrl\":\"https:\\\/\\\/nesiller.com\\\/wp-content\\\/uploads\\\/2023\\\/04\\\/nesiller-logo.jpg\",\"width\":1000,\"height\":700,\"caption\":\"Nesiller Genetik\"},\"image\":{\"@id\":\"https:\\\/\\\/nesiller.com\\\/it\\\/#\\\/schema\\\/logo\\\/image\\\/\"},\"sameAs\":[\"https:\\\/\\\/www.facebook.com\\\/NesillerGenetik\",\"https:\\\/\\\/x.com\\\/NesillerGenetik\"]}]}<\/script>\n<!-- \/ Yoast SEO Premium plugin. -->","yoast_head_json":{"title":"CONSULENZA GENETICA - Nesiller Genetic Center","description":"CONSULENZA GENETICA -","robots":{"index":"index","follow":"follow","max-snippet":"max-snippet:-1","max-image-preview":"max-image-preview:large","max-video-preview":"max-video-preview:-1"},"canonical":"https:\/\/nesiller.com\/it\/consulenza-genetica\/","og_locale":"it_IT","og_type":"article","og_title":"CONSULENZA GENETICA","og_description":"Nel nostro centro forniamo servizi di anamnesi familiare, esame fisico, diagnosi del paziente con test genetici di supporto e consulenza genetica sulle","og_url":"https:\/\/nesiller.com\/it\/consulenza-genetica\/","og_site_name":"Nesiller Genetic Center","article_publisher":"https:\/\/www.facebook.com\/NesillerGenetik","article_modified_time":"2023-06-12T15:47:09+00:00","og_image":[{"url":"https:\/\/nesiller.com\/wp-content\/uploads\/2023\/04\/gulay-cons.jpg","type":"","width":"","height":""}],"twitter_card":"summary_large_image","twitter_site":"@NesillerGenetik","schema":{"@context":"https:\/\/schema.org","@graph":[{"@type":"WebPage","@id":"https:\/\/nesiller.com\/it\/consulenza-genetica\/","url":"https:\/\/nesiller.com\/it\/consulenza-genetica\/","name":"CONSULENZA GENETICA - Nesiller Genetic Center","isPartOf":{"@id":"https:\/\/nesiller.com\/it\/#website"},"primaryImageOfPage":{"@id":"https:\/\/nesiller.com\/it\/consulenza-genetica\/#primaryimage"},"image":{"@id":"https:\/\/nesiller.com\/it\/consulenza-genetica\/#primaryimage"},"thumbnailUrl":"https:\/\/nesiller.com\/wp-content\/uploads\/2023\/04\/gulay-cons.jpg","datePublished":"2023-03-31T11:22:22+00:00","dateModified":"2023-06-12T15:47:09+00:00","description":"CONSULENZA GENETICA -","breadcrumb":{"@id":"https:\/\/nesiller.com\/it\/consulenza-genetica\/#breadcrumb"},"inLanguage":"it-IT","potentialAction":[{"@type":"ReadAction","target":["https:\/\/nesiller.com\/it\/consulenza-genetica\/"]}]},{"@type":"ImageObject","inLanguage":"it-IT","@id":"https:\/\/nesiller.com\/it\/consulenza-genetica\/#primaryimage","url":"https:\/\/nesiller.com\/wp-content\/uploads\/2023\/04\/gulay-cons.jpg","contentUrl":"https:\/\/nesiller.com\/wp-content\/uploads\/2023\/04\/gulay-cons.jpg"},{"@type":"BreadcrumbList","@id":"https:\/\/nesiller.com\/it\/consulenza-genetica\/#breadcrumb","itemListElement":[{"@type":"ListItem","position":1,"name":"Home","item":"https:\/\/nesiller.com\/it\/homepage-2\/"},{"@type":"ListItem","position":2,"name":"CONSULENZA GENETICA"}]},{"@type":"WebSite","@id":"https:\/\/nesiller.com\/it\/#website","url":"https:\/\/nesiller.com\/it\/","name":"Nesiller Genetik","description":"Nesiller, the name of genetic expertise in Istanbul","publisher":{"@id":"https:\/\/nesiller.com\/it\/#organization"},"potentialAction":[{"@type":"SearchAction","target":{"@type":"EntryPoint","urlTemplate":"https:\/\/nesiller.com\/it\/?s={search_term_string}"},"query-input":{"@type":"PropertyValueSpecification","valueRequired":true,"valueName":"search_term_string"}}],"inLanguage":"it-IT"},{"@type":"Organization","@id":"https:\/\/nesiller.com\/it\/#organization","name":"Nesiller Genetik","url":"https:\/\/nesiller.com\/it\/","logo":{"@type":"ImageObject","inLanguage":"it-IT","@id":"https:\/\/nesiller.com\/it\/#\/schema\/logo\/image\/","url":"https:\/\/nesiller.com\/wp-content\/uploads\/2023\/04\/nesiller-logo.jpg","contentUrl":"https:\/\/nesiller.com\/wp-content\/uploads\/2023\/04\/nesiller-logo.jpg","width":1000,"height":700,"caption":"Nesiller Genetik"},"image":{"@id":"https:\/\/nesiller.com\/it\/#\/schema\/logo\/image\/"},"sameAs":["https:\/\/www.facebook.com\/NesillerGenetik","https:\/\/x.com\/NesillerGenetik"]}]}},"rttpg_featured_image_url":null,"rttpg_author":{"display_name":"admin","author_link":"https:\/\/nesiller.com\/it\/author\/admin\/"},"rttpg_comment":0,"rttpg_category":" <a href=\"https:\/\/nesiller.com\/it\/?taxonomy=translation_priority&#038;term=opzionale\" rel=\"tag\">Opzionale<\/a>","rttpg_excerpt":"Nel nostro centro forniamo servizi di anamnesi familiare, esame fisico, diagnosi del paziente con test genetici di supporto e consulenza genetica sulle malattie genetiche. Si tratta di sessioni di consulenza genetica in cui si discute della clinica della diagnosi genetica ottenuta, cio\u00e8 della diagnosi della malattia, del trattamento e di come questo influir\u00e0 su questo&hellip;","_links":{"self":[{"href":"https:\/\/nesiller.com\/it\/wp-json\/wp\/v2\/pages\/28509","targetHints":{"allow":["GET"]}}],"collection":[{"href":"https:\/\/nesiller.com\/it\/wp-json\/wp\/v2\/pages"}],"about":[{"href":"https:\/\/nesiller.com\/it\/wp-json\/wp\/v2\/types\/page"}],"author":[{"embeddable":true,"href":"https:\/\/nesiller.com\/it\/wp-json\/wp\/v2\/users\/1"}],"replies":[{"embeddable":true,"href":"https:\/\/nesiller.com\/it\/wp-json\/wp\/v2\/comments?post=28509"}],"version-history":[{"count":4,"href":"https:\/\/nesiller.com\/it\/wp-json\/wp\/v2\/pages\/28509\/revisions"}],"predecessor-version":[{"id":29378,"href":"https:\/\/nesiller.com\/it\/wp-json\/wp\/v2\/pages\/28509\/revisions\/29378"}],"wp:attachment":[{"href":"https:\/\/nesiller.com\/it\/wp-json\/wp\/v2\/media?parent=28509"}],"curies":[{"name":"wp","href":"https:\/\/api.w.org\/{rel}","templated":true}]}}