{"id":28482,"date":"2023-03-31T14:22:03","date_gmt":"2023-03-31T11:22:03","guid":{"rendered":"https:\/\/nesiller.com\/malattie-comuni\/"},"modified":"2023-05-05T18:31:07","modified_gmt":"2023-05-05T15:31:07","slug":"malattie-comuni","status":"publish","type":"page","link":"https:\/\/nesiller.com\/it\/malattie-comuni\/","title":{"rendered":"MALATTIE COMUNI"},"content":{"rendered":"\t\t<div data-elementor-type=\"wp-page\" data-elementor-id=\"28482\" class=\"elementor elementor-28482 elementor-21254\">\n\t\t\t\t<div class=\"elementor-element elementor-element-df29dd0 e-flex e-con-boxed e-con e-parent\" data-id=\"df29dd0\" data-element_type=\"container\">\n\t\t\t\t\t<div class=\"e-con-inner\">\n\t\t<div class=\"elementor-element elementor-element-8243ef4 e-con-full e-flex e-con e-parent\" data-id=\"8243ef4\" data-element_type=\"container\">\n\t\t\t\t<\/div>\n\t\t<div class=\"elementor-element elementor-element-8a18398 e-con-full e-flex e-con e-parent\" data-id=\"8a18398\" data-element_type=\"container\">\n\t\t\t\t<div class=\"elementor-element elementor-element-1632a2a elementor-widget elementor-widget-image\" data-id=\"1632a2a\" data-element_type=\"widget\" data-widget_type=\"image.default\">\n\t\t\t\t\t\t\t\t\t\t\t\t\t\t\t<img fetchpriority=\"high\" decoding=\"async\" width=\"2000\" height=\"983\" src=\"https:\/\/nesiller.com\/wp-content\/uploads\/2023\/04\/nadir-hastaliklar-bg.jpg\" class=\"attachment-full size-full wp-image-27954\" alt=\"\" srcset=\"https:\/\/nesiller.com\/wp-content\/uploads\/2023\/04\/nadir-hastaliklar-bg.jpg 2000w, https:\/\/nesiller.com\/wp-content\/uploads\/2023\/04\/nadir-hastaliklar-bg-300x147.jpg 300w, https:\/\/nesiller.com\/wp-content\/uploads\/2023\/04\/nadir-hastaliklar-bg-1024x503.jpg 1024w, https:\/\/nesiller.com\/wp-content\/uploads\/2023\/04\/nadir-hastaliklar-bg-768x377.jpg 768w, https:\/\/nesiller.com\/wp-content\/uploads\/2023\/04\/nadir-hastaliklar-bg-1536x755.jpg 1536w\" sizes=\"(max-width: 2000px) 100vw, 2000px\" \/>\t\t\t\t\t\t\t\t\t\t\t\t\t\t\t<\/div>\n\t\t\t\t<div class=\"elementor-element elementor-element-2ae0fa2 elementor-widget elementor-widget-text-editor\" data-id=\"2ae0fa2\" data-element_type=\"widget\" data-widget_type=\"text-editor.default\">\n\t\t\t\t\t\t\t\t\t<p>Sono incluse in questo gruppo le malattie che causano problemi di salute alla persona e che non rientrano nelle aree delle malattie rare del sistema sanitario.<\/p>\n<\/p>\n<div class=\"content-inner\" dir=\"auto\">\n<div class=\"text-content clearfix with-meta\" dir=\"auto\">Malattie comuni come quelle cardiache, renali e polmonari, disturbi mentali come il morbo di Alzheimer, l\u2019obesit\u00e0 e il diabete, nonch\u00e9 altre malattie cromosomiche sono di competenza del nostro laboratorio genetico. L\u2019identificazione dell\u2019origine genetica delle malattie consente di sviluppare trattamenti pi\u00f9 efficaci e approcci personalizzati. La causa di queste condizioni pu\u00f2 essere uno o pi\u00f9 fattori: lo stile di vita, i traumi fisici, le infezioni e la genetica sono alcuni di questi.<\/div>\n<div dir=\"auto\"> <\/div>\n<\/p><\/div>\n<p>I fattori ambientali e le scelte di vita possono contribuire allo sviluppo di queste condizioni, ma la genetica pu\u00f2 influenzare il rischio di una persona determinando la sua suscettibilit\u00e0 alla malattia. Ad esempio, \u00e8 noto che le mutazioni rilevate in alcuni geni aumentano la suscettibilit\u00e0 dell\u2019individuo a varie malattie e alcune mutazioni sono addirittura note per essere direttamente causa di malattie. Trovare l\u2019origine genetica di malattie comuni permette di sviluppare trattamenti pi\u00f9 efficaci e approcci terapeutici personalizzati. La fibrosi cistica (CF), l\u2019alfa\/beta talassemia, la SMA e la FMF sono esempi di malattie comuni.<\/p>\n\t\t\t\t\t\t\t\t<\/div>\n\t\t\t\t<\/div>\n\t\t\t\t\t<\/div>\n\t\t\t\t<\/div>\n\t\t<div class=\"elementor-element elementor-element-015f0dc e-flex e-con-boxed e-con e-parent\" data-id=\"015f0dc\" data-element_type=\"container\">\n\t\t\t\t\t<div class=\"e-con-inner\">\n\t\t<div class=\"elementor-element elementor-element-20f806e e-con-full e-flex e-con e-parent\" data-id=\"20f806e\" data-element_type=\"container\">\n\t\t\t\t<div class=\"elementor-element elementor-element-c18a91c elementor-widget elementor-widget-image\" data-id=\"c18a91c\" data-element_type=\"widget\" data-widget_type=\"image.default\">\n\t\t\t\t\t\t\t\t\t\t\t\t\t\t\t\t<a href=\"https:\/\/nesiller.com\/it\/consulenza-genetica\/\">\n\t\t\t\t\t\t\t<img decoding=\"async\" width=\"280\" height=\"216\" src=\"https:\/\/nesiller.com\/wp-content\/uploads\/2023\/04\/genetik-danismanlik-banner-g.jpg\" class=\"attachment-large size-large wp-image-27858\" alt=\"\" \/>\t\t\t\t\t\t\t\t<\/a>\n\t\t\t\t\t\t\t\t\t\t\t\t\t\t\t<\/div>\n\t\t\t\t<div class=\"elementor-element elementor-element-ba8ddab elementor-widget elementor-widget-image\" data-id=\"ba8ddab\" data-element_type=\"widget\" data-widget_type=\"image.default\">\n\t\t\t\t\t\t\t\t\t\t\t\t\t\t\t\t<a href=\"https:\/\/nesiller.com\/it\/elenco-test\/\">\n\t\t\t\t\t\t\t<img decoding=\"async\" width=\"280\" height=\"216\" src=\"https:\/\/nesiller.com\/wp-content\/uploads\/2023\/04\/testlistemiz-banner-g.jpg\" class=\"attachment-large size-large wp-image-27852\" alt=\"\" \/>\t\t\t\t\t\t\t\t<\/a>\n\t\t\t\t\t\t\t\t\t\t\t\t\t\t\t<\/div>\n\t\t\t\t<\/div>\n\t\t<div class=\"elementor-element elementor-element-79624c0 e-con-full e-flex e-con e-parent\" data-id=\"79624c0\" data-element_type=\"container\">\n\t\t\t\t<div class=\"elementor-element elementor-element-a8568fe elementor-widget elementor-widget-video\" data-id=\"a8568fe\" data-element_type=\"widget\" data-settings=\"{&quot;youtube_url&quot;:&quot;https:\\\/\\\/www.youtube.com\\\/watch?v=k2dJ8Ma_oc4&quot;,&quot;video_type&quot;:&quot;youtube&quot;,&quot;controls&quot;:&quot;yes&quot;}\" data-widget_type=\"video.default\">\n\t\t\t\t\t\t\t<div class=\"elementor-wrapper elementor-open-inline\">\n\t\t\t<div class=\"elementor-video\"><\/div>\t\t<\/div>\n\t\t\t\t\t\t<\/div>\n\t\t\t\t<\/div>\n\t\t\t\t\t<\/div>\n\t\t\t\t<\/div>\n\t\t\t\t<\/div>\n\t\t","protected":false},"excerpt":{"rendered":"<p>Sono incluse in questo gruppo le malattie che causano problemi di salute alla persona e che non rientrano nelle aree delle malattie rare del sistema sanitario. Malattie comuni come quelle cardiache, renali e polmonari, disturbi mentali come il morbo di Alzheimer, l\u2019obesit\u00e0 e il diabete, nonch\u00e9 altre malattie cromosomiche sono di competenza del nostro laboratorio [&hellip;]<\/p>\n","protected":false},"author":1,"featured_media":0,"parent":0,"menu_order":0,"comment_status":"closed","ping_status":"closed","template":"","meta":{"_monsterinsights_skip_tracking":false,"_monsterinsights_sitenote_active":false,"_monsterinsights_sitenote_note":"","_monsterinsights_sitenote_category":0,"footnotes":""},"class_list":["post-28482","page","type-page","status-publish","hentry"],"acf":[],"yoast_head":"<!-- This site is optimized with the Yoast SEO Premium plugin v26.2 (Yoast SEO v27.5) - https:\/\/yoast.com\/product\/yoast-seo-premium-wordpress\/ -->\n<title>MALATTIE COMUNI - Nesiller Genetic Center<\/title>\n<meta name=\"description\" content=\"MALATTIE COMUNI -\" \/>\n<meta name=\"robots\" content=\"index, follow, max-snippet:-1, max-image-preview:large, max-video-preview:-1\" \/>\n<link rel=\"canonical\" href=\"https:\/\/nesiller.com\/it\/malattie-comuni\/\" \/>\n<meta property=\"og:locale\" content=\"it_IT\" \/>\n<meta property=\"og:type\" content=\"article\" \/>\n<meta property=\"og:title\" content=\"MALATTIE COMUNI\" \/>\n<meta property=\"og:description\" content=\"Sono incluse in questo gruppo le malattie che causano problemi di salute alla persona e che non rientrano nelle aree delle malattie rare del sistema\" \/>\n<meta property=\"og:url\" content=\"https:\/\/nesiller.com\/it\/malattie-comuni\/\" \/>\n<meta property=\"og:site_name\" content=\"Nesiller Genetic Center\" \/>\n<meta property=\"article:publisher\" content=\"https:\/\/www.facebook.com\/NesillerGenetik\" \/>\n<meta property=\"article:modified_time\" content=\"2023-05-05T15:31:07+00:00\" \/>\n<meta property=\"og:image\" content=\"https:\/\/nesiller.com\/wp-content\/uploads\/2023\/04\/nadir-hastaliklar-bg.jpg\" \/>\n<meta name=\"twitter:card\" content=\"summary_large_image\" \/>\n<meta name=\"twitter:site\" content=\"@NesillerGenetik\" \/>\n<script type=\"application\/ld+json\" class=\"yoast-schema-graph\">{\"@context\":\"https:\\\/\\\/schema.org\",\"@graph\":[{\"@type\":\"WebPage\",\"@id\":\"https:\\\/\\\/nesiller.com\\\/it\\\/malattie-comuni\\\/\",\"url\":\"https:\\\/\\\/nesiller.com\\\/it\\\/malattie-comuni\\\/\",\"name\":\"MALATTIE COMUNI - Nesiller Genetic Center\",\"isPartOf\":{\"@id\":\"https:\\\/\\\/nesiller.com\\\/it\\\/#website\"},\"primaryImageOfPage\":{\"@id\":\"https:\\\/\\\/nesiller.com\\\/it\\\/malattie-comuni\\\/#primaryimage\"},\"image\":{\"@id\":\"https:\\\/\\\/nesiller.com\\\/it\\\/malattie-comuni\\\/#primaryimage\"},\"thumbnailUrl\":\"https:\\\/\\\/nesiller.com\\\/wp-content\\\/uploads\\\/2023\\\/04\\\/nadir-hastaliklar-bg.jpg\",\"datePublished\":\"2023-03-31T11:22:03+00:00\",\"dateModified\":\"2023-05-05T15:31:07+00:00\",\"description\":\"MALATTIE COMUNI -\",\"breadcrumb\":{\"@id\":\"https:\\\/\\\/nesiller.com\\\/it\\\/malattie-comuni\\\/#breadcrumb\"},\"inLanguage\":\"it-IT\",\"potentialAction\":[{\"@type\":\"ReadAction\",\"target\":[\"https:\\\/\\\/nesiller.com\\\/it\\\/malattie-comuni\\\/\"]}]},{\"@type\":\"ImageObject\",\"inLanguage\":\"it-IT\",\"@id\":\"https:\\\/\\\/nesiller.com\\\/it\\\/malattie-comuni\\\/#primaryimage\",\"url\":\"https:\\\/\\\/nesiller.com\\\/wp-content\\\/uploads\\\/2023\\\/04\\\/nadir-hastaliklar-bg.jpg\",\"contentUrl\":\"https:\\\/\\\/nesiller.com\\\/wp-content\\\/uploads\\\/2023\\\/04\\\/nadir-hastaliklar-bg.jpg\"},{\"@type\":\"BreadcrumbList\",\"@id\":\"https:\\\/\\\/nesiller.com\\\/it\\\/malattie-comuni\\\/#breadcrumb\",\"itemListElement\":[{\"@type\":\"ListItem\",\"position\":1,\"name\":\"Home\",\"item\":\"https:\\\/\\\/nesiller.com\\\/it\\\/homepage-2\\\/\"},{\"@type\":\"ListItem\",\"position\":2,\"name\":\"MALATTIE COMUNI\"}]},{\"@type\":\"WebSite\",\"@id\":\"https:\\\/\\\/nesiller.com\\\/it\\\/#website\",\"url\":\"https:\\\/\\\/nesiller.com\\\/it\\\/\",\"name\":\"Nesiller Genetik\",\"description\":\"Nesiller, the name of genetic expertise in Istanbul\",\"publisher\":{\"@id\":\"https:\\\/\\\/nesiller.com\\\/it\\\/#organization\"},\"potentialAction\":[{\"@type\":\"SearchAction\",\"target\":{\"@type\":\"EntryPoint\",\"urlTemplate\":\"https:\\\/\\\/nesiller.com\\\/it\\\/?s={search_term_string}\"},\"query-input\":{\"@type\":\"PropertyValueSpecification\",\"valueRequired\":true,\"valueName\":\"search_term_string\"}}],\"inLanguage\":\"it-IT\"},{\"@type\":\"Organization\",\"@id\":\"https:\\\/\\\/nesiller.com\\\/it\\\/#organization\",\"name\":\"Nesiller Genetik\",\"url\":\"https:\\\/\\\/nesiller.com\\\/it\\\/\",\"logo\":{\"@type\":\"ImageObject\",\"inLanguage\":\"it-IT\",\"@id\":\"https:\\\/\\\/nesiller.com\\\/it\\\/#\\\/schema\\\/logo\\\/image\\\/\",\"url\":\"https:\\\/\\\/nesiller.com\\\/wp-content\\\/uploads\\\/2023\\\/04\\\/nesiller-logo.jpg\",\"contentUrl\":\"https:\\\/\\\/nesiller.com\\\/wp-content\\\/uploads\\\/2023\\\/04\\\/nesiller-logo.jpg\",\"width\":1000,\"height\":700,\"caption\":\"Nesiller Genetik\"},\"image\":{\"@id\":\"https:\\\/\\\/nesiller.com\\\/it\\\/#\\\/schema\\\/logo\\\/image\\\/\"},\"sameAs\":[\"https:\\\/\\\/www.facebook.com\\\/NesillerGenetik\",\"https:\\\/\\\/x.com\\\/NesillerGenetik\"]}]}<\/script>\n<!-- \/ Yoast SEO Premium plugin. -->","yoast_head_json":{"title":"MALATTIE COMUNI - Nesiller Genetic Center","description":"MALATTIE COMUNI -","robots":{"index":"index","follow":"follow","max-snippet":"max-snippet:-1","max-image-preview":"max-image-preview:large","max-video-preview":"max-video-preview:-1"},"canonical":"https:\/\/nesiller.com\/it\/malattie-comuni\/","og_locale":"it_IT","og_type":"article","og_title":"MALATTIE COMUNI","og_description":"Sono incluse in questo gruppo le malattie che causano problemi di salute alla persona e che non rientrano nelle aree delle malattie rare del sistema","og_url":"https:\/\/nesiller.com\/it\/malattie-comuni\/","og_site_name":"Nesiller Genetic Center","article_publisher":"https:\/\/www.facebook.com\/NesillerGenetik","article_modified_time":"2023-05-05T15:31:07+00:00","og_image":[{"url":"https:\/\/nesiller.com\/wp-content\/uploads\/2023\/04\/nadir-hastaliklar-bg.jpg","type":"","width":"","height":""}],"twitter_card":"summary_large_image","twitter_site":"@NesillerGenetik","schema":{"@context":"https:\/\/schema.org","@graph":[{"@type":"WebPage","@id":"https:\/\/nesiller.com\/it\/malattie-comuni\/","url":"https:\/\/nesiller.com\/it\/malattie-comuni\/","name":"MALATTIE COMUNI - Nesiller Genetic Center","isPartOf":{"@id":"https:\/\/nesiller.com\/it\/#website"},"primaryImageOfPage":{"@id":"https:\/\/nesiller.com\/it\/malattie-comuni\/#primaryimage"},"image":{"@id":"https:\/\/nesiller.com\/it\/malattie-comuni\/#primaryimage"},"thumbnailUrl":"https:\/\/nesiller.com\/wp-content\/uploads\/2023\/04\/nadir-hastaliklar-bg.jpg","datePublished":"2023-03-31T11:22:03+00:00","dateModified":"2023-05-05T15:31:07+00:00","description":"MALATTIE COMUNI -","breadcrumb":{"@id":"https:\/\/nesiller.com\/it\/malattie-comuni\/#breadcrumb"},"inLanguage":"it-IT","potentialAction":[{"@type":"ReadAction","target":["https:\/\/nesiller.com\/it\/malattie-comuni\/"]}]},{"@type":"ImageObject","inLanguage":"it-IT","@id":"https:\/\/nesiller.com\/it\/malattie-comuni\/#primaryimage","url":"https:\/\/nesiller.com\/wp-content\/uploads\/2023\/04\/nadir-hastaliklar-bg.jpg","contentUrl":"https:\/\/nesiller.com\/wp-content\/uploads\/2023\/04\/nadir-hastaliklar-bg.jpg"},{"@type":"BreadcrumbList","@id":"https:\/\/nesiller.com\/it\/malattie-comuni\/#breadcrumb","itemListElement":[{"@type":"ListItem","position":1,"name":"Home","item":"https:\/\/nesiller.com\/it\/homepage-2\/"},{"@type":"ListItem","position":2,"name":"MALATTIE COMUNI"}]},{"@type":"WebSite","@id":"https:\/\/nesiller.com\/it\/#website","url":"https:\/\/nesiller.com\/it\/","name":"Nesiller Genetik","description":"Nesiller, the name of genetic expertise in Istanbul","publisher":{"@id":"https:\/\/nesiller.com\/it\/#organization"},"potentialAction":[{"@type":"SearchAction","target":{"@type":"EntryPoint","urlTemplate":"https:\/\/nesiller.com\/it\/?s={search_term_string}"},"query-input":{"@type":"PropertyValueSpecification","valueRequired":true,"valueName":"search_term_string"}}],"inLanguage":"it-IT"},{"@type":"Organization","@id":"https:\/\/nesiller.com\/it\/#organization","name":"Nesiller Genetik","url":"https:\/\/nesiller.com\/it\/","logo":{"@type":"ImageObject","inLanguage":"it-IT","@id":"https:\/\/nesiller.com\/it\/#\/schema\/logo\/image\/","url":"https:\/\/nesiller.com\/wp-content\/uploads\/2023\/04\/nesiller-logo.jpg","contentUrl":"https:\/\/nesiller.com\/wp-content\/uploads\/2023\/04\/nesiller-logo.jpg","width":1000,"height":700,"caption":"Nesiller Genetik"},"image":{"@id":"https:\/\/nesiller.com\/it\/#\/schema\/logo\/image\/"},"sameAs":["https:\/\/www.facebook.com\/NesillerGenetik","https:\/\/x.com\/NesillerGenetik"]}]}},"rttpg_featured_image_url":null,"rttpg_author":{"display_name":"admin","author_link":"https:\/\/nesiller.com\/it\/author\/admin\/"},"rttpg_comment":0,"rttpg_category":false,"rttpg_excerpt":"Sono incluse in questo gruppo le malattie che causano problemi di salute alla persona e che non rientrano nelle aree delle malattie rare del sistema sanitario. Malattie comuni come quelle cardiache, renali e polmonari, disturbi mentali come il morbo di Alzheimer, l\u2019obesit\u00e0 e il diabete, nonch\u00e9 altre malattie cromosomiche sono di competenza del nostro laboratorio&hellip;","_links":{"self":[{"href":"https:\/\/nesiller.com\/it\/wp-json\/wp\/v2\/pages\/28482","targetHints":{"allow":["GET"]}}],"collection":[{"href":"https:\/\/nesiller.com\/it\/wp-json\/wp\/v2\/pages"}],"about":[{"href":"https:\/\/nesiller.com\/it\/wp-json\/wp\/v2\/types\/page"}],"author":[{"embeddable":true,"href":"https:\/\/nesiller.com\/it\/wp-json\/wp\/v2\/users\/1"}],"replies":[{"embeddable":true,"href":"https:\/\/nesiller.com\/it\/wp-json\/wp\/v2\/comments?post=28482"}],"version-history":[{"count":4,"href":"https:\/\/nesiller.com\/it\/wp-json\/wp\/v2\/pages\/28482\/revisions"}],"predecessor-version":[{"id":29336,"href":"https:\/\/nesiller.com\/it\/wp-json\/wp\/v2\/pages\/28482\/revisions\/29336"}],"wp:attachment":[{"href":"https:\/\/nesiller.com\/it\/wp-json\/wp\/v2\/media?parent=28482"}],"curies":[{"name":"wp","href":"https:\/\/api.w.org\/{rel}","templated":true}]}}