{"id":28476,"date":"2023-03-28T00:50:51","date_gmt":"2023-03-27T21:50:51","guid":{"rendered":"https:\/\/nesiller.com\/la-nostra-politica-di-riservatezza\/"},"modified":"2023-05-05T18:46:23","modified_gmt":"2023-05-05T15:46:23","slug":"la-nostra-politica-di-riservatezza","status":"publish","type":"page","link":"https:\/\/nesiller.com\/it\/la-nostra-politica-di-riservatezza\/","title":{"rendered":"LA NOSTRA POLITICA DI RISERVATEZZA"},"content":{"rendered":"\t\t<div data-elementor-type=\"wp-page\" data-elementor-id=\"28476\" class=\"elementor elementor-28476 elementor-20962\">\n\t\t\t\t\t\t<section class=\"elementor-section elementor-top-section elementor-element elementor-element-d27f357 elementor-section-boxed elementor-section-height-default elementor-section-height-default\" data-id=\"d27f357\" data-element_type=\"section\">\n\t\t\t\t\t\t<div class=\"elementor-container elementor-column-gap-default\">\n\t\t\t\t\t<div class=\"elementor-column elementor-col-100 elementor-top-column elementor-element elementor-element-033a0e2\" data-id=\"033a0e2\" data-element_type=\"column\">\n\t\t\t<div class=\"elementor-widget-wrap elementor-element-populated\">\n\t\t\t\t\t\t<section class=\"elementor-section elementor-inner-section elementor-element elementor-element-e02f9c8 elementor-section-boxed elementor-section-height-default elementor-section-height-default\" data-id=\"e02f9c8\" data-element_type=\"section\">\n\t\t\t\t\t\t<div class=\"elementor-container elementor-column-gap-default\">\n\t\t\t\t\t<div class=\"elementor-column elementor-col-50 elementor-inner-column elementor-element elementor-element-f4bbb89\" data-id=\"f4bbb89\" data-element_type=\"column\">\n\t\t\t<div class=\"elementor-widget-wrap elementor-element-populated\">\n\t\t\t\t\t\t<div class=\"elementor-element elementor-element-2e8c2b1 elementor-widget elementor-widget-text-editor\" data-id=\"2e8c2b1\" data-element_type=\"widget\" data-widget_type=\"text-editor.default\">\n\t\t\t\t\t\t\t\t\t<h4>La vostra privacy ci sta a cuore quanto voi.<\/h4>\n<div> <\/div>\n<p class=\"font_8\">Nesiller Genetik Tan\u0131 ve Bilgi Hizmetleri A.\u015e,<b> in conformit\u00e0 con il Regolamento<\/b> n. 31004 sui<b> Centri di valutazione delle malattie genetiche;<\/b><\/p>\n<ul class=\"font_8\">\n<li>\n<p class=\"font_8\">Nessuna azione pu\u00f2 essere intrapresa senza il consenso del richiedente con il modulo di consenso informato,<\/p>\n<\/li>\n<li>\n<p class=\"font_8\">I risultati non possono essere comunicati a terzi senza il consenso della persona,<\/p>\n<\/li>\n<li>\n<p class=\"font_8\">Conservazione adottando tutte le misure necessarie per impedire l&#8217;accesso diretto o indiretto da parte di terzi<\/p>\n<\/li>\n<\/ul>\n<p class=\"font_8\">per rispettare le regole.<\/p>\n<p class=\"font_8\">Per accedere al regolamento pertinente, cliccare <strong><br \/>\n  <a href=\"https:\/\/www.resmigazete.gov.tr\/eskiler\/2020\/01\/20200110-1.htm\" target=\"_blank\" rel=\"noreferrer noopener\">cliccare qui<\/a><br \/>\n<\/strong>.<\/p>\n<hr>\n<p class=\"font_8\">Inoltre, durante il trattamento dei dati sanitari personali, \u00e8 possibile utilizzare i dati sanitari personali come specificato nel<b>&#8220;Regolamento sul trattamento dei dati sanitari personali e sulla garanzia della privacy<\/b>&#8221; del 20.10.2016.<\/p>\n<ul class=\"font_8\">\n<li>\n<p class=\"font_8\">Rispetto della legge e delle regole di onest\u00e0,<\/p>\n<\/li>\n<li>\n<p class=\"font_8\">Essere precisi e aggiornati quando necessario,<\/p>\n<\/li>\n<li>\n<p class=\"font_8\">Trattamento per finalit\u00e0 specifiche, esplicite e legittime,<\/p>\n<\/li>\n<li>\n<p class=\"font_8\">essere pertinenti, limitati e proporzionati alle finalit\u00e0 per cui vengono trattati,<\/p>\n<\/li>\n<li>\n<p class=\"font_8\">Applichiamo le disposizioni in materia di conservazione per il periodo necessario allo scopo per cui vengono trattati.<\/p>\n<\/li>\n<\/ul>\n<p class=\"font_8\">Per accedere al regolamento pertinente, cliccare <strong><br \/>\n  <a href=\"http:\/\/www.resmigazete.gov.tr\/eskiler\/2016\/10\/20161020-1.htm\" target=\"_blank\" rel=\"noreferrer noopener\">cliccare qui<\/a><br \/>\n<\/strong>.<\/p>\n<hr>\n<p class=\"font_8\">Infine, in aggiunta alla nostra politica sulla privacy, in conformit\u00e0 con la <b>legge n. 6698 sulla protezione dei dati personali<\/b>, la determinazione del sesso \u00e8 severamente vietata ad eccezione delle malattie legate al sesso.<\/p>\n<p>Per accedere ai file pertinenti, si prega di <strong><a href=\"https:\/\/nesiller.com\/wp-content\/uploads\/2023\/04\/KVKK_Kisisel_Veri_Aydinlatma_Metni.pdf\">[1]<\/a> <a href=\"https:\/\/nesiller.com\/wp-content\/uploads\/2023\/04\/KVKK_Kisisel_Veri_Basvuru_Formu.pdf\">[2]<\/a><\/strong>.<\/p>\n<hr>\n<p>Un altro impegno \u00e8 quello di fornire un accesso sicuro alle risorse informative della nostra azienda e dei nostri stakeholder e di &#8220;proteggere la disponibilit\u00e0, l&#8217;integrit\u00e0 e la riservatezza delle informazioni&#8221; in linea con la <b>norma ISO 27001:2013 sul sistema di gestione della sicurezza delle informazioni<\/b>.<\/p>\n<p>Per accedere al nostro impegno in materia, si prega di <strong><br \/>\n  <a title=\"PLT_01_BGYS_Cerceve_Policy\" href=\"https:\/\/nesiller.com\/wp-content\/uploads\/2023\/04\/PLT_01_BGYS_Cerceve_Politikasi_R00.pdf\" target=\"_blank\" rel=\"noopener noreferrer\" data-auth=\"Verified\" data-linkindex=\"0\">cliccare qui<\/a><br \/>\n<\/strong>.<\/p>\n\t\t\t\t\t\t\t\t<\/div>\n\t\t\t\t\t<\/div>\n\t\t<\/div>\n\t\t\t\t<div class=\"elementor-column elementor-col-50 elementor-inner-column elementor-element elementor-element-9a8b7b3\" data-id=\"9a8b7b3\" data-element_type=\"column\">\n\t\t\t<div class=\"elementor-widget-wrap elementor-element-populated\">\n\t\t\t\t\t\t<div class=\"elementor-element elementor-element-1b68a8d elementor-widget elementor-widget-image\" data-id=\"1b68a8d\" data-element_type=\"widget\" data-widget_type=\"image.default\">\n\t\t\t\t\t\t\t\t\t\t\t\t\t\t\t<img fetchpriority=\"high\" decoding=\"async\" width=\"587\" height=\"980\" src=\"https:\/\/nesiller.com\/wp-content\/uploads\/2023\/03\/privacy-policy-9fcv43s2z.jpg\" class=\"attachment-large size-large wp-image-27306\" alt=\"POLICY OF PRIVACY\" srcset=\"https:\/\/nesiller.com\/wp-content\/uploads\/2023\/03\/privacy-policy-9fcv43s2z.jpg 587w, https:\/\/nesiller.com\/wp-content\/uploads\/2023\/03\/privacy-policy-9fcv43s2z-180x300.jpg 180w\" sizes=\"(max-width: 587px) 100vw, 587px\" \/>\t\t\t\t\t\t\t\t\t\t\t\t\t\t\t<\/div>\n\t\t\t\t\t<\/div>\n\t\t<\/div>\n\t\t\t\t\t<\/div>\n\t\t<\/section>\n\t\t\t\t\t<\/div>\n\t\t<\/div>\n\t\t\t\t\t<\/div>\n\t\t<\/section>\n\t\t\t\t<\/div>\n\t\t","protected":false},"excerpt":{"rendered":"<p>La vostra privacy ci sta a cuore quanto voi. Nesiller Genetik Tan\u0131 ve Bilgi Hizmetleri A.\u015e, in conformit\u00e0 con il Regolamento n. 31004 sui Centri di valutazione delle malattie genetiche; Nessuna azione pu\u00f2 essere intrapresa senza il consenso del richiedente con il modulo di consenso informato, I risultati non possono essere comunicati a terzi senza [&hellip;]<\/p>\n","protected":false},"author":1,"featured_media":0,"parent":0,"menu_order":0,"comment_status":"closed","ping_status":"closed","template":"","meta":{"_monsterinsights_skip_tracking":false,"_monsterinsights_sitenote_active":false,"_monsterinsights_sitenote_note":"","_monsterinsights_sitenote_category":0,"footnotes":""},"class_list":["post-28476","page","type-page","status-publish","hentry"],"acf":[],"yoast_head":"<!-- This site is optimized with the Yoast SEO Premium plugin v26.2 (Yoast SEO v27.4) - https:\/\/yoast.com\/product\/yoast-seo-premium-wordpress\/ -->\n<title>LA NOSTRA POLITICA DI RISERVATEZZA - Nesiller Genetic Center<\/title>\n<meta name=\"description\" content=\"LA NOSTRA POLITICA DI RISERVATEZZA -\" \/>\n<meta name=\"robots\" content=\"index, follow, max-snippet:-1, max-image-preview:large, max-video-preview:-1\" \/>\n<link rel=\"canonical\" href=\"https:\/\/nesiller.com\/it\/la-nostra-politica-di-riservatezza\/\" \/>\n<meta property=\"og:locale\" content=\"it_IT\" \/>\n<meta property=\"og:type\" content=\"article\" \/>\n<meta property=\"og:title\" content=\"LA NOSTRA POLITICA DI RISERVATEZZA\" \/>\n<meta property=\"og:description\" content=\"La vostra privacy ci sta a cuore quanto voi. Nesiller Genetik Tan\u0131 ve Bilgi Hizmetleri A.\u015e, in conformit\u00e0 con il Regolamento n. 31004 sui Centri di\" \/>\n<meta property=\"og:url\" content=\"https:\/\/nesiller.com\/it\/la-nostra-politica-di-riservatezza\/\" \/>\n<meta property=\"og:site_name\" content=\"Nesiller Genetic Center\" \/>\n<meta property=\"article:publisher\" content=\"https:\/\/www.facebook.com\/NesillerGenetik\" \/>\n<meta property=\"article:modified_time\" content=\"2023-05-05T15:46:23+00:00\" \/>\n<meta property=\"og:image\" content=\"https:\/\/nesiller.com\/wp-content\/uploads\/2023\/03\/privacy-policy-9fcv43s2z.jpg\" \/>\n<meta name=\"twitter:card\" content=\"summary_large_image\" \/>\n<meta name=\"twitter:site\" content=\"@NesillerGenetik\" \/>\n<script type=\"application\/ld+json\" class=\"yoast-schema-graph\">{\"@context\":\"https:\\\/\\\/schema.org\",\"@graph\":[{\"@type\":\"WebPage\",\"@id\":\"https:\\\/\\\/nesiller.com\\\/it\\\/la-nostra-politica-di-riservatezza\\\/\",\"url\":\"https:\\\/\\\/nesiller.com\\\/it\\\/la-nostra-politica-di-riservatezza\\\/\",\"name\":\"LA NOSTRA POLITICA DI RISERVATEZZA - Nesiller Genetic Center\",\"isPartOf\":{\"@id\":\"https:\\\/\\\/nesiller.com\\\/it\\\/#website\"},\"primaryImageOfPage\":{\"@id\":\"https:\\\/\\\/nesiller.com\\\/it\\\/la-nostra-politica-di-riservatezza\\\/#primaryimage\"},\"image\":{\"@id\":\"https:\\\/\\\/nesiller.com\\\/it\\\/la-nostra-politica-di-riservatezza\\\/#primaryimage\"},\"thumbnailUrl\":\"https:\\\/\\\/nesiller.com\\\/wp-content\\\/uploads\\\/2023\\\/03\\\/privacy-policy-9fcv43s2z.jpg\",\"datePublished\":\"2023-03-27T21:50:51+00:00\",\"dateModified\":\"2023-05-05T15:46:23+00:00\",\"description\":\"LA NOSTRA POLITICA DI RISERVATEZZA -\",\"breadcrumb\":{\"@id\":\"https:\\\/\\\/nesiller.com\\\/it\\\/la-nostra-politica-di-riservatezza\\\/#breadcrumb\"},\"inLanguage\":\"it-IT\",\"potentialAction\":[{\"@type\":\"ReadAction\",\"target\":[\"https:\\\/\\\/nesiller.com\\\/it\\\/la-nostra-politica-di-riservatezza\\\/\"]}]},{\"@type\":\"ImageObject\",\"inLanguage\":\"it-IT\",\"@id\":\"https:\\\/\\\/nesiller.com\\\/it\\\/la-nostra-politica-di-riservatezza\\\/#primaryimage\",\"url\":\"https:\\\/\\\/nesiller.com\\\/wp-content\\\/uploads\\\/2023\\\/03\\\/privacy-policy-9fcv43s2z.jpg\",\"contentUrl\":\"https:\\\/\\\/nesiller.com\\\/wp-content\\\/uploads\\\/2023\\\/03\\\/privacy-policy-9fcv43s2z.jpg\"},{\"@type\":\"BreadcrumbList\",\"@id\":\"https:\\\/\\\/nesiller.com\\\/it\\\/la-nostra-politica-di-riservatezza\\\/#breadcrumb\",\"itemListElement\":[{\"@type\":\"ListItem\",\"position\":1,\"name\":\"Home\",\"item\":\"https:\\\/\\\/nesiller.com\\\/it\\\/homepage-2\\\/\"},{\"@type\":\"ListItem\",\"position\":2,\"name\":\"LA NOSTRA POLITICA DI RISERVATEZZA\"}]},{\"@type\":\"WebSite\",\"@id\":\"https:\\\/\\\/nesiller.com\\\/it\\\/#website\",\"url\":\"https:\\\/\\\/nesiller.com\\\/it\\\/\",\"name\":\"Nesiller Genetik\",\"description\":\"Nesiller, the name of genetic expertise in Istanbul\",\"publisher\":{\"@id\":\"https:\\\/\\\/nesiller.com\\\/it\\\/#organization\"},\"potentialAction\":[{\"@type\":\"SearchAction\",\"target\":{\"@type\":\"EntryPoint\",\"urlTemplate\":\"https:\\\/\\\/nesiller.com\\\/it\\\/?s={search_term_string}\"},\"query-input\":{\"@type\":\"PropertyValueSpecification\",\"valueRequired\":true,\"valueName\":\"search_term_string\"}}],\"inLanguage\":\"it-IT\"},{\"@type\":\"Organization\",\"@id\":\"https:\\\/\\\/nesiller.com\\\/it\\\/#organization\",\"name\":\"Nesiller Genetik\",\"url\":\"https:\\\/\\\/nesiller.com\\\/it\\\/\",\"logo\":{\"@type\":\"ImageObject\",\"inLanguage\":\"it-IT\",\"@id\":\"https:\\\/\\\/nesiller.com\\\/it\\\/#\\\/schema\\\/logo\\\/image\\\/\",\"url\":\"https:\\\/\\\/nesiller.com\\\/wp-content\\\/uploads\\\/2023\\\/04\\\/nesiller-logo.jpg\",\"contentUrl\":\"https:\\\/\\\/nesiller.com\\\/wp-content\\\/uploads\\\/2023\\\/04\\\/nesiller-logo.jpg\",\"width\":1000,\"height\":700,\"caption\":\"Nesiller Genetik\"},\"image\":{\"@id\":\"https:\\\/\\\/nesiller.com\\\/it\\\/#\\\/schema\\\/logo\\\/image\\\/\"},\"sameAs\":[\"https:\\\/\\\/www.facebook.com\\\/NesillerGenetik\",\"https:\\\/\\\/x.com\\\/NesillerGenetik\"]}]}<\/script>\n<!-- \/ Yoast SEO Premium plugin. -->","yoast_head_json":{"title":"LA NOSTRA POLITICA DI RISERVATEZZA - Nesiller Genetic Center","description":"LA NOSTRA POLITICA DI RISERVATEZZA -","robots":{"index":"index","follow":"follow","max-snippet":"max-snippet:-1","max-image-preview":"max-image-preview:large","max-video-preview":"max-video-preview:-1"},"canonical":"https:\/\/nesiller.com\/it\/la-nostra-politica-di-riservatezza\/","og_locale":"it_IT","og_type":"article","og_title":"LA NOSTRA POLITICA DI RISERVATEZZA","og_description":"La vostra privacy ci sta a cuore quanto voi. Nesiller Genetik Tan\u0131 ve Bilgi Hizmetleri A.\u015e, in conformit\u00e0 con il Regolamento n. 31004 sui Centri di","og_url":"https:\/\/nesiller.com\/it\/la-nostra-politica-di-riservatezza\/","og_site_name":"Nesiller Genetic Center","article_publisher":"https:\/\/www.facebook.com\/NesillerGenetik","article_modified_time":"2023-05-05T15:46:23+00:00","og_image":[{"url":"https:\/\/nesiller.com\/wp-content\/uploads\/2023\/03\/privacy-policy-9fcv43s2z.jpg","type":"","width":"","height":""}],"twitter_card":"summary_large_image","twitter_site":"@NesillerGenetik","schema":{"@context":"https:\/\/schema.org","@graph":[{"@type":"WebPage","@id":"https:\/\/nesiller.com\/it\/la-nostra-politica-di-riservatezza\/","url":"https:\/\/nesiller.com\/it\/la-nostra-politica-di-riservatezza\/","name":"LA NOSTRA POLITICA DI RISERVATEZZA - Nesiller Genetic Center","isPartOf":{"@id":"https:\/\/nesiller.com\/it\/#website"},"primaryImageOfPage":{"@id":"https:\/\/nesiller.com\/it\/la-nostra-politica-di-riservatezza\/#primaryimage"},"image":{"@id":"https:\/\/nesiller.com\/it\/la-nostra-politica-di-riservatezza\/#primaryimage"},"thumbnailUrl":"https:\/\/nesiller.com\/wp-content\/uploads\/2023\/03\/privacy-policy-9fcv43s2z.jpg","datePublished":"2023-03-27T21:50:51+00:00","dateModified":"2023-05-05T15:46:23+00:00","description":"LA NOSTRA POLITICA DI RISERVATEZZA -","breadcrumb":{"@id":"https:\/\/nesiller.com\/it\/la-nostra-politica-di-riservatezza\/#breadcrumb"},"inLanguage":"it-IT","potentialAction":[{"@type":"ReadAction","target":["https:\/\/nesiller.com\/it\/la-nostra-politica-di-riservatezza\/"]}]},{"@type":"ImageObject","inLanguage":"it-IT","@id":"https:\/\/nesiller.com\/it\/la-nostra-politica-di-riservatezza\/#primaryimage","url":"https:\/\/nesiller.com\/wp-content\/uploads\/2023\/03\/privacy-policy-9fcv43s2z.jpg","contentUrl":"https:\/\/nesiller.com\/wp-content\/uploads\/2023\/03\/privacy-policy-9fcv43s2z.jpg"},{"@type":"BreadcrumbList","@id":"https:\/\/nesiller.com\/it\/la-nostra-politica-di-riservatezza\/#breadcrumb","itemListElement":[{"@type":"ListItem","position":1,"name":"Home","item":"https:\/\/nesiller.com\/it\/homepage-2\/"},{"@type":"ListItem","position":2,"name":"LA NOSTRA POLITICA DI RISERVATEZZA"}]},{"@type":"WebSite","@id":"https:\/\/nesiller.com\/it\/#website","url":"https:\/\/nesiller.com\/it\/","name":"Nesiller Genetik","description":"Nesiller, the name of genetic expertise in Istanbul","publisher":{"@id":"https:\/\/nesiller.com\/it\/#organization"},"potentialAction":[{"@type":"SearchAction","target":{"@type":"EntryPoint","urlTemplate":"https:\/\/nesiller.com\/it\/?s={search_term_string}"},"query-input":{"@type":"PropertyValueSpecification","valueRequired":true,"valueName":"search_term_string"}}],"inLanguage":"it-IT"},{"@type":"Organization","@id":"https:\/\/nesiller.com\/it\/#organization","name":"Nesiller Genetik","url":"https:\/\/nesiller.com\/it\/","logo":{"@type":"ImageObject","inLanguage":"it-IT","@id":"https:\/\/nesiller.com\/it\/#\/schema\/logo\/image\/","url":"https:\/\/nesiller.com\/wp-content\/uploads\/2023\/04\/nesiller-logo.jpg","contentUrl":"https:\/\/nesiller.com\/wp-content\/uploads\/2023\/04\/nesiller-logo.jpg","width":1000,"height":700,"caption":"Nesiller Genetik"},"image":{"@id":"https:\/\/nesiller.com\/it\/#\/schema\/logo\/image\/"},"sameAs":["https:\/\/www.facebook.com\/NesillerGenetik","https:\/\/x.com\/NesillerGenetik"]}]}},"rttpg_featured_image_url":null,"rttpg_author":{"display_name":"admin","author_link":"https:\/\/nesiller.com\/it\/author\/admin\/"},"rttpg_comment":0,"rttpg_category":" <a href=\"https:\/\/nesiller.com\/it\/?taxonomy=translation_priority&#038;term=opzionale\" rel=\"tag\">Opzionale<\/a>","rttpg_excerpt":"La vostra privacy ci sta a cuore quanto voi. Nesiller Genetik Tan\u0131 ve Bilgi Hizmetleri A.\u015e, in conformit\u00e0 con il Regolamento n. 31004 sui Centri di valutazione delle malattie genetiche; Nessuna azione pu\u00f2 essere intrapresa senza il consenso del richiedente con il modulo di consenso informato, I risultati non possono essere comunicati a terzi senza&hellip;","_links":{"self":[{"href":"https:\/\/nesiller.com\/it\/wp-json\/wp\/v2\/pages\/28476","targetHints":{"allow":["GET"]}}],"collection":[{"href":"https:\/\/nesiller.com\/it\/wp-json\/wp\/v2\/pages"}],"about":[{"href":"https:\/\/nesiller.com\/it\/wp-json\/wp\/v2\/types\/page"}],"author":[{"embeddable":true,"href":"https:\/\/nesiller.com\/it\/wp-json\/wp\/v2\/users\/1"}],"replies":[{"embeddable":true,"href":"https:\/\/nesiller.com\/it\/wp-json\/wp\/v2\/comments?post=28476"}],"version-history":[{"count":2,"href":"https:\/\/nesiller.com\/it\/wp-json\/wp\/v2\/pages\/28476\/revisions"}],"predecessor-version":[{"id":29051,"href":"https:\/\/nesiller.com\/it\/wp-json\/wp\/v2\/pages\/28476\/revisions\/29051"}],"wp:attachment":[{"href":"https:\/\/nesiller.com\/it\/wp-json\/wp\/v2\/media?parent=28476"}],"curies":[{"name":"wp","href":"https:\/\/api.w.org\/{rel}","templated":true}]}}