{"id":28463,"date":"2023-03-31T14:21:46","date_gmt":"2023-03-31T11:21:46","guid":{"rendered":"https:\/\/nesiller.com\/malattie-rare\/"},"modified":"2023-05-05T18:33:06","modified_gmt":"2023-05-05T15:33:06","slug":"malattie-rare","status":"publish","type":"page","link":"https:\/\/nesiller.com\/it\/malattie-rare\/","title":{"rendered":"MALATTIE RARE"},"content":{"rendered":"\t\t<div data-elementor-type=\"wp-page\" data-elementor-id=\"28463\" class=\"elementor elementor-28463 elementor-21252\">\n\t\t\t\t<div class=\"elementor-element elementor-element-a589b65 e-flex e-con-boxed e-con e-parent\" data-id=\"a589b65\" data-element_type=\"container\">\n\t\t\t\t\t<div class=\"e-con-inner\">\n\t\t<div class=\"elementor-element elementor-element-d05f7b8 e-con-full e-flex e-con e-parent\" data-id=\"d05f7b8\" data-element_type=\"container\">\n\t\t\t\t<\/div>\n\t\t<div class=\"elementor-element elementor-element-853047a e-con-full e-flex e-con e-parent\" data-id=\"853047a\" data-element_type=\"container\">\n\t\t\t\t<div class=\"elementor-element elementor-element-1e1a7c3 elementor-widget elementor-widget-image\" data-id=\"1e1a7c3\" data-element_type=\"widget\" data-widget_type=\"image.default\">\n\t\t\t\t\t\t\t\t\t\t\t\t\t\t\t<img fetchpriority=\"high\" decoding=\"async\" width=\"2000\" height=\"983\" src=\"https:\/\/nesiller.com\/wp-content\/uploads\/2023\/04\/nadir-hastaliklar-bg-2.jpg\" class=\"attachment-full size-full wp-image-28176\" alt=\"\" srcset=\"https:\/\/nesiller.com\/wp-content\/uploads\/2023\/04\/nadir-hastaliklar-bg-2.jpg 2000w, https:\/\/nesiller.com\/wp-content\/uploads\/2023\/04\/nadir-hastaliklar-bg-2-300x147.jpg 300w, https:\/\/nesiller.com\/wp-content\/uploads\/2023\/04\/nadir-hastaliklar-bg-2-1024x503.jpg 1024w, https:\/\/nesiller.com\/wp-content\/uploads\/2023\/04\/nadir-hastaliklar-bg-2-768x377.jpg 768w, https:\/\/nesiller.com\/wp-content\/uploads\/2023\/04\/nadir-hastaliklar-bg-2-1536x755.jpg 1536w\" sizes=\"(max-width: 2000px) 100vw, 2000px\" \/>\t\t\t\t\t\t\t\t\t\t\t\t\t\t\t<\/div>\n\t\t\t\t<div class=\"elementor-element elementor-element-f8956e2 elementor-widget elementor-widget-text-editor\" data-id=\"f8956e2\" data-element_type=\"widget\" data-widget_type=\"text-editor.default\">\n\t\t\t\t\t\t\t\t\t<p>Le malattie che si riscontrano in una popolazione su duemila persone o meno sono chiamate malattie rare e oggi ne esistono pi\u00f9 di 7000 tipi. Il ruolo della genetica \u00e8 fondamentale per la diagnosi di quasi tutte le malattie rare, ma anche per la comprensione dei meccanismi sottostanti e lo sviluppo di trattamenti efficaci.<\/p>\n<\/p>\n<p>Molte malattie rare sono causate da mutazioni nei nostri geni e provocano un&#8217;ampia gamma di sintomi e problemi di salute. In alcuni casi, le malattie rare possono essere trasmesse alla generazione successiva, ma \u00e8 anche possibile che una persona sviluppi una malattia rara che non \u00e8 mai comparsa nel suo albero genealogico. La distrofia muscolare di Duchenne\/Becker (DMD\/BMD) e la neuromielite ottica (NMO) sono esempi di malattie rare.<\/p>\n<\/p>\n<p>I test genetici facilitano la diagnosi, il follow-up e il trattamento della malattia; domande come l&#8217;ereditariet\u00e0, la possibilit\u00e0 di sintomi non ancora osservati e ci\u00f2 che la persona pu\u00f2 fare per proteggere la qualit\u00e0 della vita trovano ampia risposta ed eliminano le incertezze.<\/p>\n\t\t\t\t\t\t\t\t<\/div>\n\t\t\t\t<\/div>\n\t\t\t\t\t<\/div>\n\t\t\t\t<\/div>\n\t\t<div class=\"elementor-element elementor-element-65b1a78 e-flex e-con-boxed e-con e-parent\" data-id=\"65b1a78\" data-element_type=\"container\">\n\t\t\t\t\t<div class=\"e-con-inner\">\n\t\t<div class=\"elementor-element elementor-element-03525bb e-con-full e-flex e-con e-parent\" data-id=\"03525bb\" data-element_type=\"container\">\n\t\t\t\t<div class=\"elementor-element elementor-element-a110678 elementor-widget elementor-widget-image\" data-id=\"a110678\" data-element_type=\"widget\" data-widget_type=\"image.default\">\n\t\t\t\t\t\t\t\t\t\t\t\t\t\t\t\t<a href=\"https:\/\/nesiller.com\/it\/consulenza-genetica\/\">\n\t\t\t\t\t\t\t<img decoding=\"async\" width=\"280\" height=\"216\" src=\"https:\/\/nesiller.com\/wp-content\/uploads\/2023\/04\/genetik-danismanlik-banner-g.jpg\" class=\"attachment-large size-large wp-image-27858\" alt=\"\" \/>\t\t\t\t\t\t\t\t<\/a>\n\t\t\t\t\t\t\t\t\t\t\t\t\t\t\t<\/div>\n\t\t\t\t<div class=\"elementor-element elementor-element-8a99d65 elementor-widget elementor-widget-image\" data-id=\"8a99d65\" data-element_type=\"widget\" data-widget_type=\"image.default\">\n\t\t\t\t\t\t\t\t\t\t\t\t\t\t\t\t<a href=\"https:\/\/nesiller.com\/it\/elenco-test\/\">\n\t\t\t\t\t\t\t<img decoding=\"async\" width=\"280\" height=\"216\" src=\"https:\/\/nesiller.com\/wp-content\/uploads\/2023\/04\/testlistemiz-banner-g.jpg\" class=\"attachment-large size-large wp-image-27852\" alt=\"\" \/>\t\t\t\t\t\t\t\t<\/a>\n\t\t\t\t\t\t\t\t\t\t\t\t\t\t\t<\/div>\n\t\t\t\t<\/div>\n\t\t<div class=\"elementor-element elementor-element-8627435 e-con-full e-flex e-con e-parent\" data-id=\"8627435\" data-element_type=\"container\">\n\t\t\t\t<\/div>\n\t\t\t\t\t<\/div>\n\t\t\t\t<\/div>\n\t\t\t\t<\/div>\n\t\t","protected":false},"excerpt":{"rendered":"<p>Le malattie che si riscontrano in una popolazione su duemila persone o meno sono chiamate malattie rare e oggi ne esistono pi\u00f9 di 7000 tipi. Il ruolo della genetica \u00e8 fondamentale per la diagnosi di quasi tutte le malattie rare, ma anche per la comprensione dei meccanismi sottostanti e lo sviluppo di trattamenti efficaci. Molte [&hellip;]<\/p>\n","protected":false},"author":1,"featured_media":0,"parent":0,"menu_order":0,"comment_status":"closed","ping_status":"closed","template":"","meta":{"_monsterinsights_skip_tracking":false,"_monsterinsights_sitenote_active":false,"_monsterinsights_sitenote_note":"","_monsterinsights_sitenote_category":0,"footnotes":""},"class_list":["post-28463","page","type-page","status-publish","hentry"],"acf":[],"yoast_head":"<!-- This site is optimized with the Yoast SEO Premium plugin v26.2 (Yoast SEO v27.3) - https:\/\/yoast.com\/product\/yoast-seo-premium-wordpress\/ -->\n<title>MALATTIE RARE - Nesiller Genetic Center<\/title>\n<meta name=\"description\" content=\"MALATTIE RARE -\" \/>\n<meta name=\"robots\" content=\"index, follow, max-snippet:-1, max-image-preview:large, max-video-preview:-1\" \/>\n<link rel=\"canonical\" href=\"https:\/\/nesiller.com\/it\/malattie-rare\/\" \/>\n<meta property=\"og:locale\" content=\"it_IT\" \/>\n<meta property=\"og:type\" content=\"article\" \/>\n<meta property=\"og:title\" content=\"MALATTIE RARE\" \/>\n<meta property=\"og:description\" content=\"Le malattie che si riscontrano in una popolazione su duemila persone o meno sono chiamate malattie rare e oggi ne esistono pi\u00f9 di 7000 tipi. Il ruolo\" \/>\n<meta property=\"og:url\" content=\"https:\/\/nesiller.com\/it\/malattie-rare\/\" \/>\n<meta property=\"og:site_name\" content=\"Nesiller Genetic Center\" \/>\n<meta property=\"article:publisher\" content=\"https:\/\/www.facebook.com\/NesillerGenetik\" \/>\n<meta property=\"article:modified_time\" content=\"2023-05-05T15:33:06+00:00\" \/>\n<meta property=\"og:image\" content=\"https:\/\/nesiller.com\/wp-content\/uploads\/2023\/04\/nadir-hastaliklar-bg-2.jpg\" \/>\n<meta name=\"twitter:card\" content=\"summary_large_image\" \/>\n<meta name=\"twitter:site\" content=\"@NesillerGenetik\" \/>\n<script type=\"application\/ld+json\" class=\"yoast-schema-graph\">{\"@context\":\"https:\\\/\\\/schema.org\",\"@graph\":[{\"@type\":\"WebPage\",\"@id\":\"https:\\\/\\\/nesiller.com\\\/it\\\/malattie-rare\\\/\",\"url\":\"https:\\\/\\\/nesiller.com\\\/it\\\/malattie-rare\\\/\",\"name\":\"MALATTIE RARE - Nesiller Genetic Center\",\"isPartOf\":{\"@id\":\"https:\\\/\\\/nesiller.com\\\/it\\\/#website\"},\"primaryImageOfPage\":{\"@id\":\"https:\\\/\\\/nesiller.com\\\/it\\\/malattie-rare\\\/#primaryimage\"},\"image\":{\"@id\":\"https:\\\/\\\/nesiller.com\\\/it\\\/malattie-rare\\\/#primaryimage\"},\"thumbnailUrl\":\"https:\\\/\\\/nesiller.com\\\/wp-content\\\/uploads\\\/2023\\\/04\\\/nadir-hastaliklar-bg-2.jpg\",\"datePublished\":\"2023-03-31T11:21:46+00:00\",\"dateModified\":\"2023-05-05T15:33:06+00:00\",\"description\":\"MALATTIE RARE -\",\"breadcrumb\":{\"@id\":\"https:\\\/\\\/nesiller.com\\\/it\\\/malattie-rare\\\/#breadcrumb\"},\"inLanguage\":\"it-IT\",\"potentialAction\":[{\"@type\":\"ReadAction\",\"target\":[\"https:\\\/\\\/nesiller.com\\\/it\\\/malattie-rare\\\/\"]}]},{\"@type\":\"ImageObject\",\"inLanguage\":\"it-IT\",\"@id\":\"https:\\\/\\\/nesiller.com\\\/it\\\/malattie-rare\\\/#primaryimage\",\"url\":\"https:\\\/\\\/nesiller.com\\\/wp-content\\\/uploads\\\/2023\\\/04\\\/nadir-hastaliklar-bg-2.jpg\",\"contentUrl\":\"https:\\\/\\\/nesiller.com\\\/wp-content\\\/uploads\\\/2023\\\/04\\\/nadir-hastaliklar-bg-2.jpg\"},{\"@type\":\"BreadcrumbList\",\"@id\":\"https:\\\/\\\/nesiller.com\\\/it\\\/malattie-rare\\\/#breadcrumb\",\"itemListElement\":[{\"@type\":\"ListItem\",\"position\":1,\"name\":\"Home\",\"item\":\"https:\\\/\\\/nesiller.com\\\/it\\\/homepage-2\\\/\"},{\"@type\":\"ListItem\",\"position\":2,\"name\":\"MALATTIE RARE\"}]},{\"@type\":\"WebSite\",\"@id\":\"https:\\\/\\\/nesiller.com\\\/it\\\/#website\",\"url\":\"https:\\\/\\\/nesiller.com\\\/it\\\/\",\"name\":\"Nesiller Genetik\",\"description\":\"Nesiller, the name of genetic expertise in Istanbul\",\"publisher\":{\"@id\":\"https:\\\/\\\/nesiller.com\\\/it\\\/#organization\"},\"potentialAction\":[{\"@type\":\"SearchAction\",\"target\":{\"@type\":\"EntryPoint\",\"urlTemplate\":\"https:\\\/\\\/nesiller.com\\\/it\\\/?s={search_term_string}\"},\"query-input\":{\"@type\":\"PropertyValueSpecification\",\"valueRequired\":true,\"valueName\":\"search_term_string\"}}],\"inLanguage\":\"it-IT\"},{\"@type\":\"Organization\",\"@id\":\"https:\\\/\\\/nesiller.com\\\/it\\\/#organization\",\"name\":\"Nesiller Genetik\",\"url\":\"https:\\\/\\\/nesiller.com\\\/it\\\/\",\"logo\":{\"@type\":\"ImageObject\",\"inLanguage\":\"it-IT\",\"@id\":\"https:\\\/\\\/nesiller.com\\\/it\\\/#\\\/schema\\\/logo\\\/image\\\/\",\"url\":\"https:\\\/\\\/nesiller.com\\\/wp-content\\\/uploads\\\/2023\\\/04\\\/nesiller-logo.jpg\",\"contentUrl\":\"https:\\\/\\\/nesiller.com\\\/wp-content\\\/uploads\\\/2023\\\/04\\\/nesiller-logo.jpg\",\"width\":1000,\"height\":700,\"caption\":\"Nesiller Genetik\"},\"image\":{\"@id\":\"https:\\\/\\\/nesiller.com\\\/it\\\/#\\\/schema\\\/logo\\\/image\\\/\"},\"sameAs\":[\"https:\\\/\\\/www.facebook.com\\\/NesillerGenetik\",\"https:\\\/\\\/x.com\\\/NesillerGenetik\"]}]}<\/script>\n<!-- \/ Yoast SEO Premium plugin. -->","yoast_head_json":{"title":"MALATTIE RARE - Nesiller Genetic Center","description":"MALATTIE RARE -","robots":{"index":"index","follow":"follow","max-snippet":"max-snippet:-1","max-image-preview":"max-image-preview:large","max-video-preview":"max-video-preview:-1"},"canonical":"https:\/\/nesiller.com\/it\/malattie-rare\/","og_locale":"it_IT","og_type":"article","og_title":"MALATTIE RARE","og_description":"Le malattie che si riscontrano in una popolazione su duemila persone o meno sono chiamate malattie rare e oggi ne esistono pi\u00f9 di 7000 tipi. Il ruolo","og_url":"https:\/\/nesiller.com\/it\/malattie-rare\/","og_site_name":"Nesiller Genetic Center","article_publisher":"https:\/\/www.facebook.com\/NesillerGenetik","article_modified_time":"2023-05-05T15:33:06+00:00","og_image":[{"url":"https:\/\/nesiller.com\/wp-content\/uploads\/2023\/04\/nadir-hastaliklar-bg-2.jpg","type":"","width":"","height":""}],"twitter_card":"summary_large_image","twitter_site":"@NesillerGenetik","schema":{"@context":"https:\/\/schema.org","@graph":[{"@type":"WebPage","@id":"https:\/\/nesiller.com\/it\/malattie-rare\/","url":"https:\/\/nesiller.com\/it\/malattie-rare\/","name":"MALATTIE RARE - Nesiller Genetic Center","isPartOf":{"@id":"https:\/\/nesiller.com\/it\/#website"},"primaryImageOfPage":{"@id":"https:\/\/nesiller.com\/it\/malattie-rare\/#primaryimage"},"image":{"@id":"https:\/\/nesiller.com\/it\/malattie-rare\/#primaryimage"},"thumbnailUrl":"https:\/\/nesiller.com\/wp-content\/uploads\/2023\/04\/nadir-hastaliklar-bg-2.jpg","datePublished":"2023-03-31T11:21:46+00:00","dateModified":"2023-05-05T15:33:06+00:00","description":"MALATTIE RARE -","breadcrumb":{"@id":"https:\/\/nesiller.com\/it\/malattie-rare\/#breadcrumb"},"inLanguage":"it-IT","potentialAction":[{"@type":"ReadAction","target":["https:\/\/nesiller.com\/it\/malattie-rare\/"]}]},{"@type":"ImageObject","inLanguage":"it-IT","@id":"https:\/\/nesiller.com\/it\/malattie-rare\/#primaryimage","url":"https:\/\/nesiller.com\/wp-content\/uploads\/2023\/04\/nadir-hastaliklar-bg-2.jpg","contentUrl":"https:\/\/nesiller.com\/wp-content\/uploads\/2023\/04\/nadir-hastaliklar-bg-2.jpg"},{"@type":"BreadcrumbList","@id":"https:\/\/nesiller.com\/it\/malattie-rare\/#breadcrumb","itemListElement":[{"@type":"ListItem","position":1,"name":"Home","item":"https:\/\/nesiller.com\/it\/homepage-2\/"},{"@type":"ListItem","position":2,"name":"MALATTIE RARE"}]},{"@type":"WebSite","@id":"https:\/\/nesiller.com\/it\/#website","url":"https:\/\/nesiller.com\/it\/","name":"Nesiller Genetik","description":"Nesiller, the name of genetic expertise in Istanbul","publisher":{"@id":"https:\/\/nesiller.com\/it\/#organization"},"potentialAction":[{"@type":"SearchAction","target":{"@type":"EntryPoint","urlTemplate":"https:\/\/nesiller.com\/it\/?s={search_term_string}"},"query-input":{"@type":"PropertyValueSpecification","valueRequired":true,"valueName":"search_term_string"}}],"inLanguage":"it-IT"},{"@type":"Organization","@id":"https:\/\/nesiller.com\/it\/#organization","name":"Nesiller Genetik","url":"https:\/\/nesiller.com\/it\/","logo":{"@type":"ImageObject","inLanguage":"it-IT","@id":"https:\/\/nesiller.com\/it\/#\/schema\/logo\/image\/","url":"https:\/\/nesiller.com\/wp-content\/uploads\/2023\/04\/nesiller-logo.jpg","contentUrl":"https:\/\/nesiller.com\/wp-content\/uploads\/2023\/04\/nesiller-logo.jpg","width":1000,"height":700,"caption":"Nesiller Genetik"},"image":{"@id":"https:\/\/nesiller.com\/it\/#\/schema\/logo\/image\/"},"sameAs":["https:\/\/www.facebook.com\/NesillerGenetik","https:\/\/x.com\/NesillerGenetik"]}]}},"rttpg_featured_image_url":null,"rttpg_author":{"display_name":"admin","author_link":"https:\/\/nesiller.com\/it\/author\/admin\/"},"rttpg_comment":0,"rttpg_category":" <a href=\"https:\/\/nesiller.com\/it\/?taxonomy=translation_priority&#038;term=opzionale\" rel=\"tag\">Opzionale<\/a>","rttpg_excerpt":"Le malattie che si riscontrano in una popolazione su duemila persone o meno sono chiamate malattie rare e oggi ne esistono pi\u00f9 di 7000 tipi. Il ruolo della genetica \u00e8 fondamentale per la diagnosi di quasi tutte le malattie rare, ma anche per la comprensione dei meccanismi sottostanti e lo sviluppo di trattamenti efficaci. Molte&hellip;","_links":{"self":[{"href":"https:\/\/nesiller.com\/it\/wp-json\/wp\/v2\/pages\/28463","targetHints":{"allow":["GET"]}}],"collection":[{"href":"https:\/\/nesiller.com\/it\/wp-json\/wp\/v2\/pages"}],"about":[{"href":"https:\/\/nesiller.com\/it\/wp-json\/wp\/v2\/types\/page"}],"author":[{"embeddable":true,"href":"https:\/\/nesiller.com\/it\/wp-json\/wp\/v2\/users\/1"}],"replies":[{"embeddable":true,"href":"https:\/\/nesiller.com\/it\/wp-json\/wp\/v2\/comments?post=28463"}],"version-history":[{"count":7,"href":"https:\/\/nesiller.com\/it\/wp-json\/wp\/v2\/pages\/28463\/revisions"}],"predecessor-version":[{"id":29345,"href":"https:\/\/nesiller.com\/it\/wp-json\/wp\/v2\/pages\/28463\/revisions\/29345"}],"wp:attachment":[{"href":"https:\/\/nesiller.com\/it\/wp-json\/wp\/v2\/media?parent=28463"}],"curies":[{"name":"wp","href":"https:\/\/api.w.org\/{rel}","templated":true}]}}