{"id":28460,"date":"2023-03-27T19:51:05","date_gmt":"2023-03-27T16:51:05","guid":{"rendered":"https:\/\/nesiller.com\/il-nostro-modo-di-intendere-la-qualita\/"},"modified":"2025-03-06T10:41:34","modified_gmt":"2025-03-06T07:41:34","slug":"il-nostro-modo-di-intendere-la-qualita","status":"publish","type":"page","link":"https:\/\/nesiller.com\/it\/il-nostro-modo-di-intendere-la-qualita\/","title":{"rendered":"IL NOSTRO MODO DI INTENDERE LA QUALIT\u00c0"},"content":{"rendered":"\t\t<div data-elementor-type=\"wp-page\" data-elementor-id=\"28460\" class=\"elementor elementor-28460 elementor-20944\">\n\t\t\t\t\t\t<section class=\"elementor-section elementor-top-section elementor-element elementor-element-d27f357 elementor-section-boxed elementor-section-height-default elementor-section-height-default\" data-id=\"d27f357\" data-element_type=\"section\">\n\t\t\t\t\t\t<div class=\"elementor-container elementor-column-gap-default\">\n\t\t\t\t\t<div class=\"elementor-column elementor-col-100 elementor-top-column elementor-element elementor-element-033a0e2\" data-id=\"033a0e2\" data-element_type=\"column\">\n\t\t\t<div class=\"elementor-widget-wrap elementor-element-populated\">\n\t\t\t\t\t\t<section class=\"elementor-section elementor-inner-section elementor-element elementor-element-e02f9c8 elementor-section-boxed elementor-section-height-default elementor-section-height-default\" data-id=\"e02f9c8\" data-element_type=\"section\">\n\t\t\t\t\t\t<div class=\"elementor-container elementor-column-gap-default\">\n\t\t\t\t\t<div class=\"elementor-column elementor-col-50 elementor-inner-column elementor-element elementor-element-f4bbb89\" data-id=\"f4bbb89\" data-element_type=\"column\">\n\t\t\t<div class=\"elementor-widget-wrap elementor-element-populated\">\n\t\t\t\t\t\t<div class=\"elementor-element elementor-element-2e8c2b1 elementor-widget elementor-widget-text-editor\" data-id=\"2e8c2b1\" data-element_type=\"widget\" data-widget_type=\"text-editor.default\">\n\t\t\t\t\t\t\t\t\t\n          <p class=\"font_8\">Il nostro obiettivo \u00e8 fornire test diagnostici e consulenze genetiche di qualit\u00e0 superiore per soddisfare al meglio le aspettative dei nostri pazienti, dei medici e dei clienti che si aspettano i nostri servizi.<\/p>\n          \n\n          <p class=\"font_8\">Il nostro approccio olistico alla qualit\u00e0 si concentra sulla soddisfazione del cliente, su processi di laboratorio e pratiche cliniche esemplari e sul miglioramento continuo.<\/p>\n          \n\n          \n\n          <h4 style=\"text-align: left;\">Il nostro programma di qualit\u00e0 \u00e8 completo, preciso e orientato ai risultati.<\/h4>\n          \n\n          <div><\/div>\n          \n\n          <p class=\"font_8\">Siamo consapevoli dell&#8217;alta responsabilit\u00e0 che abbiamo nel campo in cui operiamo. La diagnosi e lo screening sono di grande importanza nelle applicazioni mediche della scienza genetica, necessarie per la protezione e il ripristino della salute degli individui e\/o lo sviluppo di generazioni sane. Anche il pi\u00f9 piccolo errore possibile pu\u00f2 portare a problemi importanti in seguito.<\/p>\n          \n\n          <p class=\"font_8\">A questo punto, \u00e8 estremamente importante che risultati accurati, precisi, affidabili e tempestivi vengano trasferiti ai nostri clienti a Nesiller, che dimostra il suo sistema di gestione della qualit\u00e0 e la sua competenza tecnica con l&#8217;accreditamento internazionale<strong>&#8220;TS EN ISO 15189: 2014 Requirements for Quality and Competence in Medical Laboratories<\/strong>&#8220;.<\/p>\n          \n\n          <p class=\"font_8\">La certificazione ISO ci impegna a migliorare costantemente il nostro servizio grazie alla misurazione continua della nostra qualit\u00e0. Questo impegno va dal controllo continuo delle procedure in laboratorio allo sviluppo di procedure analitiche proprie e alla fornitura di consulenza di alta qualit\u00e0 ai pazienti. Significa anche un impegno costante nella formazione e nello sviluppo del personale.<\/p>\n          \n\n          <p class=\"font_8\">La nostra concezione della qualit\u00e0 va oltre i confini ed \u00e8 stata verificata e documentata da aziende internazionali. In questo contesto, disponiamo di certificati di qualit\u00e0 rilasciati dalla tedesca INSTAND, dalla britannica EMQN (European Molecular Genetics Quality Network), dalla statunitense CAP (College of American Pathologists) e dalla CEQAS (Cytogenomic External Quality Assessment Service), che valutano la qualit\u00e0 dell&#8217;infrastruttura e dei test genetici del nostro laboratorio. Il nostro istituto continua a essere sottoposto a controlli ogni anno e rinnova i certificati esistenti.  <\/p>\n        \t\t\t\t\t\t\t\t<\/div>\n\t\t\t\t\t<\/div>\n\t\t<\/div>\n\t\t\t\t<div class=\"elementor-column elementor-col-50 elementor-inner-column elementor-element elementor-element-9a8b7b3\" data-id=\"9a8b7b3\" data-element_type=\"column\">\n\t\t\t<div class=\"elementor-widget-wrap elementor-element-populated\">\n\t\t\t\t\t\t<div class=\"elementor-element elementor-element-1b68a8d elementor-widget elementor-widget-image\" data-id=\"1b68a8d\" data-element_type=\"widget\" data-widget_type=\"image.default\">\n\t\t\t\t\t\t\t\t\t\t\t\t\t\t\t<img fetchpriority=\"high\" decoding=\"async\" width=\"587\" height=\"980\" src=\"https:\/\/nesiller.com\/wp-content\/uploads\/2023\/03\/quality-control-4jhg09las4.jpg\" class=\"attachment-large size-large wp-image-27300\" alt=\"\" srcset=\"https:\/\/nesiller.com\/wp-content\/uploads\/2023\/03\/quality-control-4jhg09las4.jpg 587w, https:\/\/nesiller.com\/wp-content\/uploads\/2023\/03\/quality-control-4jhg09las4-180x300.jpg 180w\" sizes=\"(max-width: 587px) 100vw, 587px\" \/>\t\t\t\t\t\t\t\t\t\t\t\t\t\t\t<\/div>\n\t\t\t\t\t<\/div>\n\t\t<\/div>\n\t\t\t\t\t<\/div>\n\t\t<\/section>\n\t\t\t\t<section class=\"elementor-section elementor-inner-section elementor-element elementor-element-6e7641f elementor-section-boxed elementor-section-height-default elementor-section-height-default\" data-id=\"6e7641f\" data-element_type=\"section\">\n\t\t\t\t\t\t<div class=\"elementor-container elementor-column-gap-default\">\n\t\t\t\t\t<div class=\"elementor-column elementor-col-14 elementor-inner-column elementor-element elementor-element-92446e0\" data-id=\"92446e0\" data-element_type=\"column\">\n\t\t\t<div class=\"elementor-widget-wrap elementor-element-populated\">\n\t\t\t\t\t\t<div class=\"elementor-element elementor-element-a5b952b elementor-widget elementor-widget-image\" data-id=\"a5b952b\" data-element_type=\"widget\" data-widget_type=\"image.default\">\n\t\t\t\t\t\t\t\t\t\t\t\t\t\t\t<img decoding=\"async\" width=\"150\" height=\"150\" src=\"https:\/\/nesiller.com\/wp-content\/uploads\/2023\/07\/CAP_Lab_Accreditation_Logo-150x150.png\" class=\"attachment-thumbnail size-thumbnail wp-image-31401\" alt=\"CAP Lab Accreditation Logo\" srcset=\"https:\/\/nesiller.com\/wp-content\/uploads\/2023\/07\/CAP_Lab_Accreditation_Logo-150x150.png 150w, https:\/\/nesiller.com\/wp-content\/uploads\/2023\/07\/CAP_Lab_Accreditation_Logo.png 200w\" sizes=\"(max-width: 150px) 100vw, 150px\" \/>\t\t\t\t\t\t\t\t\t\t\t\t\t\t\t<\/div>\n\t\t\t\t\t<\/div>\n\t\t<\/div>\n\t\t\t\t<div class=\"elementor-column elementor-col-14 elementor-inner-column elementor-element elementor-element-93f46c2\" data-id=\"93f46c2\" data-element_type=\"column\">\n\t\t\t<div class=\"elementor-widget-wrap elementor-element-populated\">\n\t\t\t\t\t\t<div class=\"elementor-element elementor-element-aef8cb2 elementor-widget elementor-widget-image\" data-id=\"aef8cb2\" data-element_type=\"widget\" data-widget_type=\"image.default\">\n\t\t\t\t\t\t\t\t\t\t\t\t\t\t\t<img decoding=\"async\" width=\"150\" height=\"150\" src=\"https:\/\/nesiller.com\/wp-content\/uploads\/2023\/03\/cert-iso15189-150x150.jpg\" class=\"attachment-thumbnail size-thumbnail wp-image-27282\" alt=\"iso 15189\" srcset=\"https:\/\/nesiller.com\/wp-content\/uploads\/2023\/03\/cert-iso15189-150x150.jpg 150w, https:\/\/nesiller.com\/wp-content\/uploads\/2023\/03\/cert-iso15189.jpg 200w\" sizes=\"(max-width: 150px) 100vw, 150px\" \/>\t\t\t\t\t\t\t\t\t\t\t\t\t\t\t<\/div>\n\t\t\t\t\t<\/div>\n\t\t<\/div>\n\t\t\t\t<div class=\"elementor-column elementor-col-14 elementor-inner-column elementor-element elementor-element-513e74c\" data-id=\"513e74c\" data-element_type=\"column\">\n\t\t\t<div class=\"elementor-widget-wrap elementor-element-populated\">\n\t\t\t\t\t\t<div class=\"elementor-element elementor-element-ef3bc83 elementor-widget elementor-widget-image\" data-id=\"ef3bc83\" data-element_type=\"widget\" data-widget_type=\"image.default\">\n\t\t\t\t\t\t\t\t\t\t\t\t\t\t\t<img loading=\"lazy\" decoding=\"async\" width=\"150\" height=\"150\" src=\"https:\/\/nesiller.com\/wp-content\/uploads\/2023\/03\/cert-emqan-150x150.jpg\" class=\"attachment-thumbnail size-thumbnail wp-image-27270\" alt=\"cert-emqan\" srcset=\"https:\/\/nesiller.com\/wp-content\/uploads\/2023\/03\/cert-emqan-150x150.jpg 150w, https:\/\/nesiller.com\/wp-content\/uploads\/2023\/03\/cert-emqan.jpg 200w\" sizes=\"(max-width: 150px) 100vw, 150px\" \/>\t\t\t\t\t\t\t\t\t\t\t\t\t\t\t<\/div>\n\t\t\t\t\t<\/div>\n\t\t<\/div>\n\t\t\t\t<div class=\"elementor-column elementor-col-14 elementor-inner-column elementor-element elementor-element-7ee32d8\" data-id=\"7ee32d8\" data-element_type=\"column\">\n\t\t\t<div class=\"elementor-widget-wrap elementor-element-populated\">\n\t\t\t\t\t\t<div class=\"elementor-element elementor-element-6e3003f elementor-widget elementor-widget-image\" data-id=\"6e3003f\" data-element_type=\"widget\" data-widget_type=\"image.default\">\n\t\t\t\t\t\t\t\t\t\t\t\t\t\t\t<img loading=\"lazy\" decoding=\"async\" width=\"150\" height=\"150\" src=\"https:\/\/nesiller.com\/wp-content\/uploads\/2023\/03\/cert-instand-150x150.jpg\" class=\"attachment-thumbnail size-thumbnail wp-image-27276\" alt=\"cert-instand\" srcset=\"https:\/\/nesiller.com\/wp-content\/uploads\/2023\/03\/cert-instand-150x150.jpg 150w, https:\/\/nesiller.com\/wp-content\/uploads\/2023\/03\/cert-instand.jpg 200w\" sizes=\"(max-width: 150px) 100vw, 150px\" \/>\t\t\t\t\t\t\t\t\t\t\t\t\t\t\t<\/div>\n\t\t\t\t\t<\/div>\n\t\t<\/div>\n\t\t\t\t<div class=\"elementor-column elementor-col-14 elementor-inner-column elementor-element elementor-element-f66307a\" data-id=\"f66307a\" data-element_type=\"column\">\n\t\t\t<div class=\"elementor-widget-wrap elementor-element-populated\">\n\t\t\t\t\t\t<div class=\"elementor-element elementor-element-d76785a elementor-widget elementor-widget-image\" data-id=\"d76785a\" data-element_type=\"widget\" data-widget_type=\"image.default\">\n\t\t\t\t\t\t\t\t\t\t\t\t\t\t\t<img loading=\"lazy\" decoding=\"async\" width=\"150\" height=\"150\" src=\"https:\/\/nesiller.com\/wp-content\/uploads\/2023\/03\/cert-ceqas-150x150.jpg\" class=\"attachment-thumbnail size-thumbnail wp-image-27264\" alt=\"cert-ceqas\" srcset=\"https:\/\/nesiller.com\/wp-content\/uploads\/2023\/03\/cert-ceqas-150x150.jpg 150w, https:\/\/nesiller.com\/wp-content\/uploads\/2023\/03\/cert-ceqas.jpg 200w\" sizes=\"(max-width: 150px) 100vw, 150px\" \/>\t\t\t\t\t\t\t\t\t\t\t\t\t\t\t<\/div>\n\t\t\t\t\t<\/div>\n\t\t<\/div>\n\t\t\t\t<div class=\"elementor-column elementor-col-14 elementor-inner-column elementor-element elementor-element-83dfdf4\" data-id=\"83dfdf4\" data-element_type=\"column\">\n\t\t\t<div class=\"elementor-widget-wrap elementor-element-populated\">\n\t\t\t\t\t\t<div class=\"elementor-element elementor-element-b765cbc elementor-widget elementor-widget-image\" data-id=\"b765cbc\" data-element_type=\"widget\" data-widget_type=\"image.default\">\n\t\t\t\t\t\t\t\t\t\t\t\t\t\t\t\t<a href=\"#turkak\">\n\t\t\t\t\t\t\t<img loading=\"lazy\" decoding=\"async\" width=\"96\" height=\"150\" src=\"https:\/\/nesiller.com\/wp-content\/uploads\/2025\/03\/turkak-2025.png\" class=\"attachment-thumbnail size-thumbnail wp-image-32737\" alt=\"\" \/>\t\t\t\t\t\t\t\t<\/a>\n\t\t\t\t\t\t\t\t\t\t\t\t\t\t\t<\/div>\n\t\t\t\t\t<\/div>\n\t\t<\/div>\n\t\t\t\t<div class=\"elementor-column elementor-col-14 elementor-inner-column elementor-element elementor-element-ba7a898\" data-id=\"ba7a898\" data-element_type=\"column\">\n\t\t\t<div class=\"elementor-widget-wrap elementor-element-populated\">\n\t\t\t\t\t\t<div class=\"elementor-element elementor-element-1ba590e elementor-widget elementor-widget-image\" data-id=\"1ba590e\" data-element_type=\"widget\" data-widget_type=\"image.default\">\n\t\t\t\t\t\t\t\t\t\t\t\t\t\t\t<img loading=\"lazy\" decoding=\"async\" width=\"150\" height=\"150\" src=\"https:\/\/nesiller.com\/wp-content\/uploads\/2023\/06\/ISO27001-150x150.png\" class=\"attachment-thumbnail size-thumbnail wp-image-30623\" alt=\"iso 27001\" srcset=\"https:\/\/nesiller.com\/wp-content\/uploads\/2023\/06\/ISO27001-150x150.png 150w, https:\/\/nesiller.com\/wp-content\/uploads\/2023\/06\/ISO27001.png 200w\" sizes=\"(max-width: 150px) 100vw, 150px\" \/>\t\t\t\t\t\t\t\t\t\t\t\t\t\t\t<\/div>\n\t\t\t\t\t<\/div>\n\t\t<\/div>\n\t\t\t\t\t<\/div>\n\t\t<\/section>\n\t\t\t\t\t<\/div>\n\t\t<\/div>\n\t\t\t\t\t<\/div>\n\t\t<\/section>\n\t\t<div class=\"elementor-element elementor-element-e8352f2 e-flex e-con-boxed e-con e-parent\" data-id=\"e8352f2\" data-element_type=\"container\">\n\t\t\t\t\t<div class=\"e-con-inner\">\n\t\t\t\t<div class=\"elementor-element elementor-element-76bb94f elementor-widget elementor-widget-html\" data-id=\"76bb94f\" data-element_type=\"widget\" data-widget_type=\"html.default\">\n\t\t\t\t\t\n          <div id=\"turkak\" class=\"overlay\">\n            \n\n            <div class=\"popup\">\n              \n\n              <h4>TURKAK<\/h4>\n              \n\n              <a class=\"close\" href=\"#\">\u00d7<\/a>\n              \n\n              <div class=\"popupcontent\" style=\"color: #000; padding: 15px;overflow: scroll; height: 400px;\">\n\n<img decoding=\"async\" src=\"https:\/\/nesiller.com\/wp-content\/uploads\/2023\/10\/TURKAK_1g6jh0hk50sf.jpg\"> \n\n<\/div>\n              \n\n            <\/div>\n            \n\n          <\/div>\n        \t\t\t\t<\/div>\n\t\t\t\t\t<\/div>\n\t\t\t\t<\/div>\n\t\t\t\t<\/div>\n\t\t","protected":false},"excerpt":{"rendered":"<p>Il nostro obiettivo \u00e8 fornire test diagnostici e consulenze genetiche di qualit\u00e0 superiore per soddisfare al meglio le aspettative dei nostri pazienti, dei medici e dei clienti che si aspettano i nostri servizi. Il nostro approccio olistico alla qualit\u00e0 si concentra sulla soddisfazione del cliente, su processi di laboratorio e pratiche cliniche esemplari e sul [&hellip;]<\/p>\n","protected":false},"author":1,"featured_media":0,"parent":0,"menu_order":0,"comment_status":"closed","ping_status":"closed","template":"","meta":{"_monsterinsights_skip_tracking":false,"_monsterinsights_sitenote_active":false,"_monsterinsights_sitenote_note":"","_monsterinsights_sitenote_category":0,"footnotes":""},"class_list":["post-28460","page","type-page","status-publish","hentry"],"acf":[],"yoast_head":"<!-- This site is optimized with the Yoast SEO Premium plugin v26.2 (Yoast SEO v27.4) - https:\/\/yoast.com\/product\/yoast-seo-premium-wordpress\/ -->\n<title>IL NOSTRO MODO DI INTENDERE LA QUALIT\u00c0 - Nesiller Genetic Center<\/title>\n<meta name=\"description\" content=\"IL NOSTRO MODO DI INTENDERE LA QUALIT\u00c0 -\" \/>\n<meta name=\"robots\" content=\"index, follow, max-snippet:-1, max-image-preview:large, max-video-preview:-1\" \/>\n<link rel=\"canonical\" href=\"https:\/\/nesiller.com\/it\/il-nostro-modo-di-intendere-la-qualita\/\" \/>\n<meta property=\"og:locale\" content=\"it_IT\" \/>\n<meta property=\"og:type\" content=\"article\" \/>\n<meta property=\"og:title\" content=\"IL NOSTRO MODO DI INTENDERE LA QUALIT\u00c0\" \/>\n<meta property=\"og:description\" content=\"Il nostro obiettivo \u00e8 fornire test diagnostici e consulenze genetiche di qualit\u00e0 superiore per soddisfare al meglio le aspettative dei nostri pazienti,\" \/>\n<meta property=\"og:url\" content=\"https:\/\/nesiller.com\/it\/il-nostro-modo-di-intendere-la-qualita\/\" \/>\n<meta property=\"og:site_name\" content=\"Nesiller Genetic Center\" \/>\n<meta property=\"article:publisher\" content=\"https:\/\/www.facebook.com\/NesillerGenetik\" \/>\n<meta property=\"article:modified_time\" content=\"2025-03-06T07:41:34+00:00\" \/>\n<meta property=\"og:image\" content=\"https:\/\/nesiller.com\/wp-content\/uploads\/2023\/03\/quality-control-4jhg09las4.jpg\" \/>\n\t<meta property=\"og:image:width\" content=\"587\" \/>\n\t<meta property=\"og:image:height\" content=\"980\" \/>\n\t<meta property=\"og:image:type\" content=\"image\/jpeg\" \/>\n<meta name=\"twitter:card\" content=\"summary_large_image\" \/>\n<meta name=\"twitter:site\" content=\"@NesillerGenetik\" \/>\n<script type=\"application\/ld+json\" class=\"yoast-schema-graph\">{\"@context\":\"https:\\\/\\\/schema.org\",\"@graph\":[{\"@type\":\"WebPage\",\"@id\":\"https:\\\/\\\/nesiller.com\\\/it\\\/il-nostro-modo-di-intendere-la-qualita\\\/\",\"url\":\"https:\\\/\\\/nesiller.com\\\/it\\\/il-nostro-modo-di-intendere-la-qualita\\\/\",\"name\":\"IL NOSTRO MODO DI INTENDERE LA QUALIT\u00c0 - Nesiller Genetic Center\",\"isPartOf\":{\"@id\":\"https:\\\/\\\/nesiller.com\\\/it\\\/#website\"},\"primaryImageOfPage\":{\"@id\":\"https:\\\/\\\/nesiller.com\\\/it\\\/il-nostro-modo-di-intendere-la-qualita\\\/#primaryimage\"},\"image\":{\"@id\":\"https:\\\/\\\/nesiller.com\\\/it\\\/il-nostro-modo-di-intendere-la-qualita\\\/#primaryimage\"},\"thumbnailUrl\":\"https:\\\/\\\/nesiller.com\\\/wp-content\\\/uploads\\\/2023\\\/03\\\/quality-control-4jhg09las4.jpg\",\"datePublished\":\"2023-03-27T16:51:05+00:00\",\"dateModified\":\"2025-03-06T07:41:34+00:00\",\"description\":\"IL NOSTRO MODO DI INTENDERE LA QUALIT\u00c0 -\",\"breadcrumb\":{\"@id\":\"https:\\\/\\\/nesiller.com\\\/it\\\/il-nostro-modo-di-intendere-la-qualita\\\/#breadcrumb\"},\"inLanguage\":\"it-IT\",\"potentialAction\":[{\"@type\":\"ReadAction\",\"target\":[\"https:\\\/\\\/nesiller.com\\\/it\\\/il-nostro-modo-di-intendere-la-qualita\\\/\"]}]},{\"@type\":\"ImageObject\",\"inLanguage\":\"it-IT\",\"@id\":\"https:\\\/\\\/nesiller.com\\\/it\\\/il-nostro-modo-di-intendere-la-qualita\\\/#primaryimage\",\"url\":\"https:\\\/\\\/nesiller.com\\\/wp-content\\\/uploads\\\/2023\\\/03\\\/quality-control-4jhg09las4.jpg\",\"contentUrl\":\"https:\\\/\\\/nesiller.com\\\/wp-content\\\/uploads\\\/2023\\\/03\\\/quality-control-4jhg09las4.jpg\"},{\"@type\":\"BreadcrumbList\",\"@id\":\"https:\\\/\\\/nesiller.com\\\/it\\\/il-nostro-modo-di-intendere-la-qualita\\\/#breadcrumb\",\"itemListElement\":[{\"@type\":\"ListItem\",\"position\":1,\"name\":\"Home\",\"item\":\"https:\\\/\\\/nesiller.com\\\/it\\\/homepage-2\\\/\"},{\"@type\":\"ListItem\",\"position\":2,\"name\":\"IL NOSTRO MODO DI INTENDERE LA QUALIT\u00c0\"}]},{\"@type\":\"WebSite\",\"@id\":\"https:\\\/\\\/nesiller.com\\\/it\\\/#website\",\"url\":\"https:\\\/\\\/nesiller.com\\\/it\\\/\",\"name\":\"Nesiller Genetik\",\"description\":\"Nesiller, the name of genetic expertise in Istanbul\",\"publisher\":{\"@id\":\"https:\\\/\\\/nesiller.com\\\/it\\\/#organization\"},\"potentialAction\":[{\"@type\":\"SearchAction\",\"target\":{\"@type\":\"EntryPoint\",\"urlTemplate\":\"https:\\\/\\\/nesiller.com\\\/it\\\/?s={search_term_string}\"},\"query-input\":{\"@type\":\"PropertyValueSpecification\",\"valueRequired\":true,\"valueName\":\"search_term_string\"}}],\"inLanguage\":\"it-IT\"},{\"@type\":\"Organization\",\"@id\":\"https:\\\/\\\/nesiller.com\\\/it\\\/#organization\",\"name\":\"Nesiller Genetik\",\"url\":\"https:\\\/\\\/nesiller.com\\\/it\\\/\",\"logo\":{\"@type\":\"ImageObject\",\"inLanguage\":\"it-IT\",\"@id\":\"https:\\\/\\\/nesiller.com\\\/it\\\/#\\\/schema\\\/logo\\\/image\\\/\",\"url\":\"https:\\\/\\\/nesiller.com\\\/wp-content\\\/uploads\\\/2023\\\/04\\\/nesiller-logo.jpg\",\"contentUrl\":\"https:\\\/\\\/nesiller.com\\\/wp-content\\\/uploads\\\/2023\\\/04\\\/nesiller-logo.jpg\",\"width\":1000,\"height\":700,\"caption\":\"Nesiller Genetik\"},\"image\":{\"@id\":\"https:\\\/\\\/nesiller.com\\\/it\\\/#\\\/schema\\\/logo\\\/image\\\/\"},\"sameAs\":[\"https:\\\/\\\/www.facebook.com\\\/NesillerGenetik\",\"https:\\\/\\\/x.com\\\/NesillerGenetik\"]}]}<\/script>\n<!-- \/ Yoast SEO Premium plugin. -->","yoast_head_json":{"title":"IL NOSTRO MODO DI INTENDERE LA QUALIT\u00c0 - Nesiller Genetic Center","description":"IL NOSTRO MODO DI INTENDERE LA QUALIT\u00c0 -","robots":{"index":"index","follow":"follow","max-snippet":"max-snippet:-1","max-image-preview":"max-image-preview:large","max-video-preview":"max-video-preview:-1"},"canonical":"https:\/\/nesiller.com\/it\/il-nostro-modo-di-intendere-la-qualita\/","og_locale":"it_IT","og_type":"article","og_title":"IL NOSTRO MODO DI INTENDERE LA QUALIT\u00c0","og_description":"Il nostro obiettivo \u00e8 fornire test diagnostici e consulenze genetiche di qualit\u00e0 superiore per soddisfare al meglio le aspettative dei nostri pazienti,","og_url":"https:\/\/nesiller.com\/it\/il-nostro-modo-di-intendere-la-qualita\/","og_site_name":"Nesiller Genetic Center","article_publisher":"https:\/\/www.facebook.com\/NesillerGenetik","article_modified_time":"2025-03-06T07:41:34+00:00","og_image":[{"width":587,"height":980,"url":"https:\/\/nesiller.com\/wp-content\/uploads\/2023\/03\/quality-control-4jhg09las4.jpg","type":"image\/jpeg"}],"twitter_card":"summary_large_image","twitter_site":"@NesillerGenetik","schema":{"@context":"https:\/\/schema.org","@graph":[{"@type":"WebPage","@id":"https:\/\/nesiller.com\/it\/il-nostro-modo-di-intendere-la-qualita\/","url":"https:\/\/nesiller.com\/it\/il-nostro-modo-di-intendere-la-qualita\/","name":"IL NOSTRO MODO DI INTENDERE LA QUALIT\u00c0 - Nesiller Genetic Center","isPartOf":{"@id":"https:\/\/nesiller.com\/it\/#website"},"primaryImageOfPage":{"@id":"https:\/\/nesiller.com\/it\/il-nostro-modo-di-intendere-la-qualita\/#primaryimage"},"image":{"@id":"https:\/\/nesiller.com\/it\/il-nostro-modo-di-intendere-la-qualita\/#primaryimage"},"thumbnailUrl":"https:\/\/nesiller.com\/wp-content\/uploads\/2023\/03\/quality-control-4jhg09las4.jpg","datePublished":"2023-03-27T16:51:05+00:00","dateModified":"2025-03-06T07:41:34+00:00","description":"IL NOSTRO MODO DI INTENDERE LA QUALIT\u00c0 -","breadcrumb":{"@id":"https:\/\/nesiller.com\/it\/il-nostro-modo-di-intendere-la-qualita\/#breadcrumb"},"inLanguage":"it-IT","potentialAction":[{"@type":"ReadAction","target":["https:\/\/nesiller.com\/it\/il-nostro-modo-di-intendere-la-qualita\/"]}]},{"@type":"ImageObject","inLanguage":"it-IT","@id":"https:\/\/nesiller.com\/it\/il-nostro-modo-di-intendere-la-qualita\/#primaryimage","url":"https:\/\/nesiller.com\/wp-content\/uploads\/2023\/03\/quality-control-4jhg09las4.jpg","contentUrl":"https:\/\/nesiller.com\/wp-content\/uploads\/2023\/03\/quality-control-4jhg09las4.jpg"},{"@type":"BreadcrumbList","@id":"https:\/\/nesiller.com\/it\/il-nostro-modo-di-intendere-la-qualita\/#breadcrumb","itemListElement":[{"@type":"ListItem","position":1,"name":"Home","item":"https:\/\/nesiller.com\/it\/homepage-2\/"},{"@type":"ListItem","position":2,"name":"IL NOSTRO MODO DI INTENDERE LA QUALIT\u00c0"}]},{"@type":"WebSite","@id":"https:\/\/nesiller.com\/it\/#website","url":"https:\/\/nesiller.com\/it\/","name":"Nesiller Genetik","description":"Nesiller, the name of genetic expertise in Istanbul","publisher":{"@id":"https:\/\/nesiller.com\/it\/#organization"},"potentialAction":[{"@type":"SearchAction","target":{"@type":"EntryPoint","urlTemplate":"https:\/\/nesiller.com\/it\/?s={search_term_string}"},"query-input":{"@type":"PropertyValueSpecification","valueRequired":true,"valueName":"search_term_string"}}],"inLanguage":"it-IT"},{"@type":"Organization","@id":"https:\/\/nesiller.com\/it\/#organization","name":"Nesiller Genetik","url":"https:\/\/nesiller.com\/it\/","logo":{"@type":"ImageObject","inLanguage":"it-IT","@id":"https:\/\/nesiller.com\/it\/#\/schema\/logo\/image\/","url":"https:\/\/nesiller.com\/wp-content\/uploads\/2023\/04\/nesiller-logo.jpg","contentUrl":"https:\/\/nesiller.com\/wp-content\/uploads\/2023\/04\/nesiller-logo.jpg","width":1000,"height":700,"caption":"Nesiller Genetik"},"image":{"@id":"https:\/\/nesiller.com\/it\/#\/schema\/logo\/image\/"},"sameAs":["https:\/\/www.facebook.com\/NesillerGenetik","https:\/\/x.com\/NesillerGenetik"]}]}},"rttpg_featured_image_url":null,"rttpg_author":{"display_name":"admin","author_link":"https:\/\/nesiller.com\/it\/author\/admin\/"},"rttpg_comment":0,"rttpg_category":" <a href=\"https:\/\/nesiller.com\/it\/?taxonomy=translation_priority&#038;term=opzionale\" rel=\"tag\">Opzionale<\/a>","rttpg_excerpt":"Il nostro obiettivo \u00e8 fornire test diagnostici e consulenze genetiche di qualit\u00e0 superiore per soddisfare al meglio le aspettative dei nostri pazienti, dei medici e dei clienti che si aspettano i nostri servizi. Il nostro approccio olistico alla qualit\u00e0 si concentra sulla soddisfazione del cliente, su processi di laboratorio e pratiche cliniche esemplari e sul&hellip;","_links":{"self":[{"href":"https:\/\/nesiller.com\/it\/wp-json\/wp\/v2\/pages\/28460","targetHints":{"allow":["GET"]}}],"collection":[{"href":"https:\/\/nesiller.com\/it\/wp-json\/wp\/v2\/pages"}],"about":[{"href":"https:\/\/nesiller.com\/it\/wp-json\/wp\/v2\/types\/page"}],"author":[{"embeddable":true,"href":"https:\/\/nesiller.com\/it\/wp-json\/wp\/v2\/users\/1"}],"replies":[{"embeddable":true,"href":"https:\/\/nesiller.com\/it\/wp-json\/wp\/v2\/comments?post=28460"}],"version-history":[{"count":4,"href":"https:\/\/nesiller.com\/it\/wp-json\/wp\/v2\/pages\/28460\/revisions"}],"predecessor-version":[{"id":32749,"href":"https:\/\/nesiller.com\/it\/wp-json\/wp\/v2\/pages\/28460\/revisions\/32749"}],"wp:attachment":[{"href":"https:\/\/nesiller.com\/it\/wp-json\/wp\/v2\/media?parent=28460"}],"curies":[{"name":"wp","href":"https:\/\/api.w.org\/{rel}","templated":true}]}}