{"id":28383,"date":"2023-03-24T11:02:33","date_gmt":"2023-03-24T08:02:33","guid":{"rendered":"https:\/\/nesiller.com\/i-nostri-valori\/"},"modified":"2023-05-16T17:57:09","modified_gmt":"2023-05-16T14:57:09","slug":"i-nostri-valori","status":"publish","type":"page","link":"https:\/\/nesiller.com\/it\/i-nostri-valori\/","title":{"rendered":"I NOSTRI VALORI"},"content":{"rendered":"\t\t<div data-elementor-type=\"wp-page\" data-elementor-id=\"28383\" class=\"elementor elementor-28383 elementor-20712\">\n\t\t\t\t\t\t<section class=\"elementor-section elementor-top-section elementor-element elementor-element-c9cfa4b elementor-section-boxed elementor-section-height-default elementor-section-height-default\" data-id=\"c9cfa4b\" data-element_type=\"section\">\n\t\t\t\t\t\t<div class=\"elementor-container elementor-column-gap-default\">\n\t\t\t\t\t<div class=\"elementor-column elementor-col-100 elementor-top-column elementor-element elementor-element-97b079d\" data-id=\"97b079d\" data-element_type=\"column\">\n\t\t\t<div class=\"elementor-widget-wrap elementor-element-populated\">\n\t\t\t\t\t\t<section class=\"elementor-section elementor-inner-section elementor-element elementor-element-368a50d elementor-section-boxed elementor-section-height-default elementor-section-height-default\" data-id=\"368a50d\" data-element_type=\"section\">\n\t\t\t\t\t\t<div class=\"elementor-container elementor-column-gap-default\">\n\t\t\t\t\t<div class=\"elementor-column elementor-col-50 elementor-inner-column elementor-element elementor-element-ad8c701\" data-id=\"ad8c701\" data-element_type=\"column\">\n\t\t\t<div class=\"elementor-widget-wrap elementor-element-populated\">\n\t\t\t\t\t\t<div class=\"elementor-element elementor-element-a6ea907 elementor-widget elementor-widget-text-editor\" data-id=\"a6ea907\" data-element_type=\"widget\" data-widget_type=\"text-editor.default\">\n\t\t\t\t\t\t\t\t\t<h2 class=\"font_8\">Risultati accurati e affidabili non sono una coincidenza<\/h2>\n<\/p>\n<h4>Orientamento del paziente  <\/h4>\n<p>Capire i pazienti e i loro familiari e aiutarli nel miglior modo possibile \u00e8 un obiettivo comune a tutti noi: siamo veloci e accessibili. Grazie all&#8217;ampio servizio di analisi e al personale esperto, Nesiller consente di determinare facilmente il test pi\u00f9 appropriato per le esigenze specifiche di ogni individuo.<\/p>\n<\/p>\n<h4>Competenza scientifica e innovazione<\/h4>\n<p>Il nostro team ha le conoscenze, il coraggio e la curiosit\u00e0 per trasformare i dati in informazioni e le informazioni in intuizioni. Grazie alla nostra cultura dell&#8217;innovazione, diamo priorit\u00e0 all&#8217;accesso dei nostri clienti agli ultimi sviluppi della genetica molecolare.<\/p>\n<\/p>\n<h4>Affidabilit\u00e0<\/h4>\n<p>I nostri risultati qualificati derivano dal know-how e dall&#8217;attenzione del nostro personale di laboratorio specializzato, oltre che dai nostri investimenti in tecnologia e dal nostro approccio di alta qualit\u00e0 alla gestione dei processi.<\/p>\n\t\t\t\t\t\t\t\t<\/div>\n\t\t\t\t<div class=\"elementor-element elementor-element-20924ac elementor-widget elementor-widget-text-editor\" data-id=\"20924ac\" data-element_type=\"widget\" data-widget_type=\"text-editor.default\">\n\t\t\t\t\t\t\t\t\t<p class=\"font_8\" style=\"font-family: var(--tp-ff-p);\">\n            <span style=\"font-weight: bold; font-family: sans-serif;\">Come indicatore della qualit\u00e0 del nostro servizio, disponiamo dell&#8217;accreditamento dei laboratori medici ISO 15189:2014, della qualit\u00e0 ISO 9001:2008 e, inoltre, dei certificati INSTAND di valutazione esterna della qualit\u00e0, EMQN e Online EQA Assessment di controllo esterno della qualit\u00e0 rilasciati da CEQAS, membro del consorzio britannico NEQAS.<\/span>\n          <\/p>\n<p class=\"font_8\" style=\"font-family: var(--tp-ff-p);\">\n            <span style=\"font-weight: bold; font-family: sans-serif;\"><br \/>\n              <span class=\"inherit-font-size\"><\/p>\n<p>              <\/span><br \/>\n            <\/span>\n          <\/p>\n\t\t\t\t\t\t\t\t<\/div>\n\t\t\t\t<div class=\"elementor-element elementor-element-b60dc66 elementor-widget elementor-widget-text-editor\" data-id=\"b60dc66\" data-element_type=\"widget\" data-widget_type=\"text-editor.default\">\n\t\t\t\t\t\t\t\t\t<h5>Approccio etico<\/h5>\n<p style=\"font-family: var(--tp-ff-p);\">Rispettiamo le leggi e le normative che regolano la nostra attivit\u00e0 e le nostre procedure interne, non solo per obbligo di legge, ma anche perch\u00e9 \u00e8 la cosa giusta da fare.<\/p>\n<\/p>\n<p style=\"font-family: var(--tp-ff-p);\">\n            <span style=\"font-weight: bold; font-family: sans-serif;\">Nesiller affronta con sensibilit\u00e0 il tema della privacy e della sicurezza dei dati personali. L&#8217;elaborazione e l&#8217;archiviazione dei dati in conformit\u00e0 con la LAMal \u00e8 una priorit\u00e0. Tutti i dati dei pazienti sono archiviati nel sistema digitale sicuro Generations.  <\/span>\n          <\/p>\n\t\t\t\t\t\t\t\t<\/div>\n\t\t\t\t\t<\/div>\n\t\t<\/div>\n\t\t\t\t<div class=\"elementor-column elementor-col-50 elementor-inner-column elementor-element elementor-element-b36b7d7\" data-id=\"b36b7d7\" data-element_type=\"column\">\n\t\t\t<div class=\"elementor-widget-wrap elementor-element-populated\">\n\t\t\t\t\t\t<div class=\"elementor-element elementor-element-05bf942 elementor-widget elementor-widget-image\" data-id=\"05bf942\" data-element_type=\"widget\" data-widget_type=\"image.default\">\n\t\t\t\t\t\t\t\t\t\t\t\t\t\t\t<img fetchpriority=\"high\" decoding=\"async\" width=\"587\" height=\"980\" src=\"https:\/\/nesiller.com\/wp-content\/uploads\/2023\/04\/degerlerimiz-x7uk3az0s.jpg\" class=\"attachment-large size-large wp-image-27588\" alt=\"\" srcset=\"https:\/\/nesiller.com\/wp-content\/uploads\/2023\/04\/degerlerimiz-x7uk3az0s.jpg 587w, https:\/\/nesiller.com\/wp-content\/uploads\/2023\/04\/degerlerimiz-x7uk3az0s-180x300.jpg 180w\" sizes=\"(max-width: 587px) 100vw, 587px\" \/>\t\t\t\t\t\t\t\t\t\t\t\t\t\t\t<\/div>\n\t\t\t\t\t<\/div>\n\t\t<\/div>\n\t\t\t\t\t<\/div>\n\t\t<\/section>\n\t\t\t\t\t<\/div>\n\t\t<\/div>\n\t\t\t\t\t<\/div>\n\t\t<\/section>\n\t\t\t\t<\/div>\n\t\t","protected":false},"excerpt":{"rendered":"<p>Risultati accurati e affidabili non sono una coincidenza Orientamento del paziente Capire i pazienti e i loro familiari e aiutarli nel miglior modo possibile \u00e8 un obiettivo comune a tutti noi: siamo veloci e accessibili. Grazie all&#8217;ampio servizio di analisi e al personale esperto, Nesiller consente di determinare facilmente il test pi\u00f9 appropriato per le [&hellip;]<\/p>\n","protected":false},"author":1,"featured_media":0,"parent":0,"menu_order":0,"comment_status":"closed","ping_status":"closed","template":"","meta":{"_monsterinsights_skip_tracking":false,"_monsterinsights_sitenote_active":false,"_monsterinsights_sitenote_note":"","_monsterinsights_sitenote_category":0,"footnotes":""},"class_list":["post-28383","page","type-page","status-publish","hentry"],"acf":[],"yoast_head":"<!-- This site is optimized with the Yoast SEO Premium plugin v26.2 (Yoast SEO v27.3) - https:\/\/yoast.com\/product\/yoast-seo-premium-wordpress\/ -->\n<title>I NOSTRI VALORI - Nesiller Genetic Center<\/title>\n<meta name=\"description\" content=\"I NOSTRI VALORI -\" \/>\n<meta name=\"robots\" content=\"index, follow, max-snippet:-1, max-image-preview:large, max-video-preview:-1\" \/>\n<link rel=\"canonical\" href=\"https:\/\/nesiller.com\/it\/i-nostri-valori\/\" \/>\n<meta property=\"og:locale\" content=\"it_IT\" \/>\n<meta property=\"og:type\" content=\"article\" \/>\n<meta property=\"og:title\" content=\"I NOSTRI VALORI\" \/>\n<meta property=\"og:description\" content=\"Risultati accurati e affidabili non sono una coincidenza Orientamento del paziente Capire i pazienti e i loro familiari e aiutarli nel miglior modo\" \/>\n<meta property=\"og:url\" content=\"https:\/\/nesiller.com\/it\/i-nostri-valori\/\" \/>\n<meta property=\"og:site_name\" content=\"Nesiller Genetic Center\" \/>\n<meta property=\"article:publisher\" content=\"https:\/\/www.facebook.com\/NesillerGenetik\" \/>\n<meta property=\"article:modified_time\" content=\"2023-05-16T14:57:09+00:00\" \/>\n<meta property=\"og:image\" content=\"https:\/\/nesiller.com\/wp-content\/uploads\/2023\/04\/degerlerimiz-x7uk3az0s.jpg\" \/>\n<meta name=\"twitter:card\" content=\"summary_large_image\" \/>\n<meta name=\"twitter:site\" content=\"@NesillerGenetik\" \/>\n<script type=\"application\/ld+json\" class=\"yoast-schema-graph\">{\"@context\":\"https:\\\/\\\/schema.org\",\"@graph\":[{\"@type\":\"WebPage\",\"@id\":\"https:\\\/\\\/nesiller.com\\\/it\\\/i-nostri-valori\\\/\",\"url\":\"https:\\\/\\\/nesiller.com\\\/it\\\/i-nostri-valori\\\/\",\"name\":\"I NOSTRI VALORI - Nesiller Genetic Center\",\"isPartOf\":{\"@id\":\"https:\\\/\\\/nesiller.com\\\/it\\\/#website\"},\"primaryImageOfPage\":{\"@id\":\"https:\\\/\\\/nesiller.com\\\/it\\\/i-nostri-valori\\\/#primaryimage\"},\"image\":{\"@id\":\"https:\\\/\\\/nesiller.com\\\/it\\\/i-nostri-valori\\\/#primaryimage\"},\"thumbnailUrl\":\"https:\\\/\\\/nesiller.com\\\/wp-content\\\/uploads\\\/2023\\\/04\\\/degerlerimiz-x7uk3az0s.jpg\",\"datePublished\":\"2023-03-24T08:02:33+00:00\",\"dateModified\":\"2023-05-16T14:57:09+00:00\",\"description\":\"I NOSTRI VALORI -\",\"breadcrumb\":{\"@id\":\"https:\\\/\\\/nesiller.com\\\/it\\\/i-nostri-valori\\\/#breadcrumb\"},\"inLanguage\":\"it-IT\",\"potentialAction\":[{\"@type\":\"ReadAction\",\"target\":[\"https:\\\/\\\/nesiller.com\\\/it\\\/i-nostri-valori\\\/\"]}]},{\"@type\":\"ImageObject\",\"inLanguage\":\"it-IT\",\"@id\":\"https:\\\/\\\/nesiller.com\\\/it\\\/i-nostri-valori\\\/#primaryimage\",\"url\":\"https:\\\/\\\/nesiller.com\\\/wp-content\\\/uploads\\\/2023\\\/04\\\/degerlerimiz-x7uk3az0s.jpg\",\"contentUrl\":\"https:\\\/\\\/nesiller.com\\\/wp-content\\\/uploads\\\/2023\\\/04\\\/degerlerimiz-x7uk3az0s.jpg\"},{\"@type\":\"BreadcrumbList\",\"@id\":\"https:\\\/\\\/nesiller.com\\\/it\\\/i-nostri-valori\\\/#breadcrumb\",\"itemListElement\":[{\"@type\":\"ListItem\",\"position\":1,\"name\":\"Home\",\"item\":\"https:\\\/\\\/nesiller.com\\\/it\\\/homepage-2\\\/\"},{\"@type\":\"ListItem\",\"position\":2,\"name\":\"I NOSTRI VALORI\"}]},{\"@type\":\"WebSite\",\"@id\":\"https:\\\/\\\/nesiller.com\\\/it\\\/#website\",\"url\":\"https:\\\/\\\/nesiller.com\\\/it\\\/\",\"name\":\"Nesiller Genetik\",\"description\":\"Nesiller, the name of genetic expertise in Istanbul\",\"publisher\":{\"@id\":\"https:\\\/\\\/nesiller.com\\\/it\\\/#organization\"},\"potentialAction\":[{\"@type\":\"SearchAction\",\"target\":{\"@type\":\"EntryPoint\",\"urlTemplate\":\"https:\\\/\\\/nesiller.com\\\/it\\\/?s={search_term_string}\"},\"query-input\":{\"@type\":\"PropertyValueSpecification\",\"valueRequired\":true,\"valueName\":\"search_term_string\"}}],\"inLanguage\":\"it-IT\"},{\"@type\":\"Organization\",\"@id\":\"https:\\\/\\\/nesiller.com\\\/it\\\/#organization\",\"name\":\"Nesiller Genetik\",\"url\":\"https:\\\/\\\/nesiller.com\\\/it\\\/\",\"logo\":{\"@type\":\"ImageObject\",\"inLanguage\":\"it-IT\",\"@id\":\"https:\\\/\\\/nesiller.com\\\/it\\\/#\\\/schema\\\/logo\\\/image\\\/\",\"url\":\"https:\\\/\\\/nesiller.com\\\/wp-content\\\/uploads\\\/2023\\\/04\\\/nesiller-logo.jpg\",\"contentUrl\":\"https:\\\/\\\/nesiller.com\\\/wp-content\\\/uploads\\\/2023\\\/04\\\/nesiller-logo.jpg\",\"width\":1000,\"height\":700,\"caption\":\"Nesiller Genetik\"},\"image\":{\"@id\":\"https:\\\/\\\/nesiller.com\\\/it\\\/#\\\/schema\\\/logo\\\/image\\\/\"},\"sameAs\":[\"https:\\\/\\\/www.facebook.com\\\/NesillerGenetik\",\"https:\\\/\\\/x.com\\\/NesillerGenetik\"]}]}<\/script>\n<!-- \/ Yoast SEO Premium plugin. -->","yoast_head_json":{"title":"I NOSTRI VALORI - Nesiller Genetic Center","description":"I NOSTRI VALORI -","robots":{"index":"index","follow":"follow","max-snippet":"max-snippet:-1","max-image-preview":"max-image-preview:large","max-video-preview":"max-video-preview:-1"},"canonical":"https:\/\/nesiller.com\/it\/i-nostri-valori\/","og_locale":"it_IT","og_type":"article","og_title":"I NOSTRI VALORI","og_description":"Risultati accurati e affidabili non sono una coincidenza Orientamento del paziente Capire i pazienti e i loro familiari e aiutarli nel miglior modo","og_url":"https:\/\/nesiller.com\/it\/i-nostri-valori\/","og_site_name":"Nesiller Genetic Center","article_publisher":"https:\/\/www.facebook.com\/NesillerGenetik","article_modified_time":"2023-05-16T14:57:09+00:00","og_image":[{"url":"https:\/\/nesiller.com\/wp-content\/uploads\/2023\/04\/degerlerimiz-x7uk3az0s.jpg","type":"","width":"","height":""}],"twitter_card":"summary_large_image","twitter_site":"@NesillerGenetik","schema":{"@context":"https:\/\/schema.org","@graph":[{"@type":"WebPage","@id":"https:\/\/nesiller.com\/it\/i-nostri-valori\/","url":"https:\/\/nesiller.com\/it\/i-nostri-valori\/","name":"I NOSTRI VALORI - Nesiller Genetic Center","isPartOf":{"@id":"https:\/\/nesiller.com\/it\/#website"},"primaryImageOfPage":{"@id":"https:\/\/nesiller.com\/it\/i-nostri-valori\/#primaryimage"},"image":{"@id":"https:\/\/nesiller.com\/it\/i-nostri-valori\/#primaryimage"},"thumbnailUrl":"https:\/\/nesiller.com\/wp-content\/uploads\/2023\/04\/degerlerimiz-x7uk3az0s.jpg","datePublished":"2023-03-24T08:02:33+00:00","dateModified":"2023-05-16T14:57:09+00:00","description":"I NOSTRI VALORI -","breadcrumb":{"@id":"https:\/\/nesiller.com\/it\/i-nostri-valori\/#breadcrumb"},"inLanguage":"it-IT","potentialAction":[{"@type":"ReadAction","target":["https:\/\/nesiller.com\/it\/i-nostri-valori\/"]}]},{"@type":"ImageObject","inLanguage":"it-IT","@id":"https:\/\/nesiller.com\/it\/i-nostri-valori\/#primaryimage","url":"https:\/\/nesiller.com\/wp-content\/uploads\/2023\/04\/degerlerimiz-x7uk3az0s.jpg","contentUrl":"https:\/\/nesiller.com\/wp-content\/uploads\/2023\/04\/degerlerimiz-x7uk3az0s.jpg"},{"@type":"BreadcrumbList","@id":"https:\/\/nesiller.com\/it\/i-nostri-valori\/#breadcrumb","itemListElement":[{"@type":"ListItem","position":1,"name":"Home","item":"https:\/\/nesiller.com\/it\/homepage-2\/"},{"@type":"ListItem","position":2,"name":"I NOSTRI VALORI"}]},{"@type":"WebSite","@id":"https:\/\/nesiller.com\/it\/#website","url":"https:\/\/nesiller.com\/it\/","name":"Nesiller Genetik","description":"Nesiller, the name of genetic expertise in Istanbul","publisher":{"@id":"https:\/\/nesiller.com\/it\/#organization"},"potentialAction":[{"@type":"SearchAction","target":{"@type":"EntryPoint","urlTemplate":"https:\/\/nesiller.com\/it\/?s={search_term_string}"},"query-input":{"@type":"PropertyValueSpecification","valueRequired":true,"valueName":"search_term_string"}}],"inLanguage":"it-IT"},{"@type":"Organization","@id":"https:\/\/nesiller.com\/it\/#organization","name":"Nesiller Genetik","url":"https:\/\/nesiller.com\/it\/","logo":{"@type":"ImageObject","inLanguage":"it-IT","@id":"https:\/\/nesiller.com\/it\/#\/schema\/logo\/image\/","url":"https:\/\/nesiller.com\/wp-content\/uploads\/2023\/04\/nesiller-logo.jpg","contentUrl":"https:\/\/nesiller.com\/wp-content\/uploads\/2023\/04\/nesiller-logo.jpg","width":1000,"height":700,"caption":"Nesiller Genetik"},"image":{"@id":"https:\/\/nesiller.com\/it\/#\/schema\/logo\/image\/"},"sameAs":["https:\/\/www.facebook.com\/NesillerGenetik","https:\/\/x.com\/NesillerGenetik"]}]}},"rttpg_featured_image_url":null,"rttpg_author":{"display_name":"admin","author_link":"https:\/\/nesiller.com\/it\/author\/admin\/"},"rttpg_comment":0,"rttpg_category":" <a href=\"https:\/\/nesiller.com\/it\/?taxonomy=translation_priority&#038;term=opzionale\" rel=\"tag\">Opzionale<\/a>","rttpg_excerpt":"Risultati accurati e affidabili non sono una coincidenza Orientamento del paziente Capire i pazienti e i loro familiari e aiutarli nel miglior modo possibile \u00e8 un obiettivo comune a tutti noi: siamo veloci e accessibili. Grazie all&#8217;ampio servizio di analisi e al personale esperto, Nesiller consente di determinare facilmente il test pi\u00f9 appropriato per le&hellip;","_links":{"self":[{"href":"https:\/\/nesiller.com\/it\/wp-json\/wp\/v2\/pages\/28383","targetHints":{"allow":["GET"]}}],"collection":[{"href":"https:\/\/nesiller.com\/it\/wp-json\/wp\/v2\/pages"}],"about":[{"href":"https:\/\/nesiller.com\/it\/wp-json\/wp\/v2\/types\/page"}],"author":[{"embeddable":true,"href":"https:\/\/nesiller.com\/it\/wp-json\/wp\/v2\/users\/1"}],"replies":[{"embeddable":true,"href":"https:\/\/nesiller.com\/it\/wp-json\/wp\/v2\/comments?post=28383"}],"version-history":[{"count":2,"href":"https:\/\/nesiller.com\/it\/wp-json\/wp\/v2\/pages\/28383\/revisions"}],"predecessor-version":[{"id":29028,"href":"https:\/\/nesiller.com\/it\/wp-json\/wp\/v2\/pages\/28383\/revisions\/29028"}],"wp:attachment":[{"href":"https:\/\/nesiller.com\/it\/wp-json\/wp\/v2\/media?parent=28383"}],"curies":[{"name":"wp","href":"https:\/\/api.w.org\/{rel}","templated":true}]}}