{"id":32818,"date":"2025-03-06T17:11:09","date_gmt":"2025-03-06T14:11:09","guid":{"rendered":"https:\/\/nesiller.com\/?page_id=32818"},"modified":"2025-03-06T18:09:18","modified_gmt":"2025-03-06T15:09:18","slug":"politique-de-qualite","status":"publish","type":"page","link":"https:\/\/nesiller.com\/fr\/politique-de-qualite\/","title":{"rendered":"POLITIQUE DE QUALIT\u00c9"},"content":{"rendered":"\t\t<div data-elementor-type=\"wp-page\" data-elementor-id=\"32818\" class=\"elementor elementor-32818 elementor-32814\">\n\t\t\t\t\t\t<section class=\"elementor-section elementor-top-section elementor-element elementor-element-d27f357 elementor-section-boxed elementor-section-height-default elementor-section-height-default\" data-id=\"d27f357\" data-element_type=\"section\">\n\t\t\t\t\t\t<div class=\"elementor-container elementor-column-gap-default\">\n\t\t\t\t\t<div class=\"elementor-column elementor-col-100 elementor-top-column elementor-element elementor-element-033a0e2\" data-id=\"033a0e2\" data-element_type=\"column\">\n\t\t\t<div class=\"elementor-widget-wrap elementor-element-populated\">\n\t\t\t\t\t\t<section class=\"elementor-section elementor-inner-section elementor-element elementor-element-e02f9c8 elementor-section-boxed elementor-section-height-default elementor-section-height-default\" data-id=\"e02f9c8\" data-element_type=\"section\">\n\t\t\t\t\t\t<div class=\"elementor-container elementor-column-gap-default\">\n\t\t\t\t\t<div class=\"elementor-column elementor-col-50 elementor-inner-column elementor-element elementor-element-f4bbb89\" data-id=\"f4bbb89\" data-element_type=\"column\">\n\t\t\t<div class=\"elementor-widget-wrap elementor-element-populated\">\n\t\t\t\t\t\t<div class=\"elementor-element elementor-element-2e8c2b1 elementor-widget elementor-widget-text-editor\" data-id=\"2e8c2b1\" data-element_type=\"widget\" data-widget_type=\"text-editor.default\">\n\t\t\t\t\t\t\t\t\t\n          <p>Nesiller Genetik fournit des services de tests et d&rsquo;analyses g\u00e9n\u00e9tiques en respectant strictement les principes d&rsquo;ind\u00e9pendance, d&rsquo;impartialit\u00e9 et de confidentialit\u00e9, en fournissant un service de haute qualit\u00e9 \u00e0 nos clients, en se conformant aux r\u00e8gles scientifiques, en adoptant une approche impartiale et en assumant ses responsabilit\u00e9s professionnelles. Notre objectif est de figurer parmi les principaux centres g\u00e9n\u00e9tiques du monde en Turquie et dans les pays voisins. <\/p>\n          \n\n          <p>Dans cette optique, nous fournissons des services bas\u00e9s sur les principes suivants dans nos processus de tests et d&rsquo;analyses g\u00e9n\u00e9tiques :<\/p>\n          \n\n          <hr>\n          \n\n          <h4>\n            <span style=\"background-color: var(--bs-body-bg); text-align: var(--bs-body-text-align); font-size: 30px;\">\n              <b>Qualit\u00e9 et fiabilit\u00e9 \u00e9lev\u00e9es :<\/b>\n            <\/span>\n          <\/h4>\n          \n\n          <p>Nous nous engageons \u00e0 fournir des r\u00e9sultats de tests exacts, pr\u00e9cis, opportuns et fiables en utilisant des m\u00e9thodes conformes aux exigences des clients et aux directives scientifiques reconnues au niveau national et international. En garantissant la qualit\u00e9 \u00e0 chaque \u00e9tape, nous apportons des am\u00e9liorations continues pour accro\u00eetre la pr\u00e9cision et la fiabilit\u00e9 de nos r\u00e9sultats. <\/p>\n          \n\n          <hr>\n          \n\n          <h4>\n            <span style=\"background-color: var(--bs-body-bg); text-align: var(--bs-body-text-align); font-size: 30px;\">\n              <b>Approches novatrices de la science et de la technologie :<\/b>\n            <\/span>\n          <\/h4>\n          \n\n          <p>Nous suivons de pr\u00e8s les innovations scientifiques et technologiques. Nesiller Genetik, en tant que pionnier et leader dans le domaine de l&rsquo;analyse g\u00e9n\u00e9tique et des processus de test, vise \u00e0 fournir une infrastructure \u00e9quip\u00e9e des derni\u00e8res technologies. <\/p>\n          \n\n          <hr>\n          \n\n          <h4>\n            <span style=\"background-color: var(--bs-body-bg); text-align: var(--bs-body-text-align); font-size: 30px;\">\n              <b>R\u00e9solution proactive des probl\u00e8mes et pr\u00e9vention :<\/b>\n            <\/span>\n          <\/h4>\n          \n\n          <p>Nous examinons en permanence les processus de laboratoire afin de pr\u00e9venir de mani\u00e8re proactive les probl\u00e8mes susceptibles de survenir et d&rsquo;intervenir en temps utile. Nous prenons les mesures n\u00e9cessaires pour \u00e9viter toute erreur. <\/p>\n          \n\n          <div>\n            \n\n            <hr style=\"color: #000000;\">\n            \n\n            <h4 style=\"transition-property: all; text-align: start;\"><span style=\"background-color: var(--bs-body-bg); text-align: var(--bs-body-text-align); font-size: 30px;\"><b>Contr\u00f4le de qualit\u00e9 interne et \u00e9talonnage<\/b><\/span><span style=\"background-color: var(--bs-body-bg); text-align: var(--bs-body-text-align);\"><span style=\"font-weight: bold;\">:<\/span><\/span><\/h4>\n            \n\n            <p style=\"transition-property: all;\">Nous mettons r\u00e9guli\u00e8rement en \u0153uvre des proc\u00e9dures d&rsquo;\u00e9talonnage pour garantir la pr\u00e9cision et la fiabilit\u00e9 des processus de laboratoire. Nous contr\u00f4lons \u00e9galement p\u00e9riodiquement la fiabilit\u00e9 de nos tests \u00e0 l&rsquo;aide de tests de contr\u00f4le de qualit\u00e9 internes et de programmes d&rsquo;\u00e9talonnage interlaboratoires nationaux et internationaux. <\/p>\n            \n\n            <hr style=\"color: #000000;\">\n            \n\n            <h4 style=\"transition-property: all; text-align: start;\"><span style=\"background-color: var(--bs-body-bg); text-align: var(--bs-body-text-align); font-size: 30px;\"><b>Am\u00e9lioration continue et gestion de la qualit\u00e9<\/b><\/span><span style=\"font-weight: bold; background-color: var(--bs-body-bg); text-align: var(--bs-body-text-align); font-family: -apple-system, BlinkMacSystemFont, 'Segoe UI', Roboto, Oxygen-Sans, Ubuntu, Cantarell, 'Helvetica Neue', sans-serif;\">:<\/span><\/h4>\n            \n\n            <p style=\"transition-property: all;\">Nous d\u00e9veloppons et am\u00e9liorons en permanence notre syst\u00e8me de gestion de la qualit\u00e9 conform\u00e9ment \u00e0 la norme ISO 15189. En fixant nos objectifs de qualit\u00e9, nous \u00e9valuons en permanence nos activit\u00e9s afin de garantir la meilleure qualit\u00e9 possible dans chaque processus. <\/p>\n            \n\n            <hr style=\"color: #000000;\">\n            \n\n            <h4 style=\"transition-property: all; text-align: start;\"><span style=\"background-color: var(--bs-body-bg); text-align: var(--bs-body-text-align); font-size: 30px;\"><b>S\u00e9curit\u00e9 de l&rsquo;information<\/b><\/span><span style=\"font-weight: bold; background-color: var(--bs-body-bg); text-align: var(--bs-body-text-align); font-family: -apple-system, BlinkMacSystemFont, 'Segoe UI', Roboto, Oxygen-Sans, Ubuntu, Cantarell, 'Helvetica Neue', sans-serif;\">:<\/span><\/h4>\n            \n\n            <p>Nous veillons \u00e0 ce que les informations confidentielles des clients et les droits de propri\u00e9t\u00e9 soient prot\u00e9g\u00e9s et \u00e0 ce que les r\u00e9sultats des analyses soient stock\u00e9s et transmis de mani\u00e8re fiable.<\/p>\n            \n\n            <hr style=\"color: #000000;\">\n            \n\n            <h4 style=\"transition-property: all; text-align: start;\"><span style=\"background-color: var(--bs-body-bg); text-align: var(--bs-body-text-align); font-size: 30px;\"><b>Code d&rsquo;\u00e9thique et r\u00e8glement juridique<\/b><\/span><span style=\"background-color: var(--bs-body-bg); text-align: var(--bs-body-text-align);\"><span style=\"font-weight: bold;\">:<\/span><\/span><\/h4>\n            \n\n            <p style=\"transition-property: all;\">Tous nos tests sont effectu\u00e9s dans le respect total des r\u00e9glementations l\u00e9gales locales et internationales, des r\u00e8gles \u00e9thiques, des droits des patients et de la confidentialit\u00e9. Les processus de tests g\u00e9n\u00e9tiques sont s\u00e9curis\u00e9s par des mesures de s\u00e9curit\u00e9 \u00e9lev\u00e9es qui prot\u00e8gent la confidentialit\u00e9 des donn\u00e9es des patients. <\/p>\n            \n\n            <p style=\"transition-property: all;\">Nous prenons des mesures pour veiller \u00e0 ce que l&rsquo;ensemble du personnel adopte et mette en \u0153uvre des politiques de qualit\u00e9 et comprenne ses responsabilit\u00e9s, et qu&rsquo;il soit tenu \u00e0 l&rsquo;\u00e9cart de toute pression ou influence interne\/externe susceptible de nuire \u00e0 la qualit\u00e9 du travail effectu\u00e9 et aux d\u00e9cisions du personnel.<\/p>\n            \n\n            <hr style=\"color: #000000;\">\n            \n\n            <h4 style=\"transition-property: all; text-align: start;\"><span style=\"background-color: var(--bs-body-bg); text-align: var(--bs-body-text-align); font-size: 30px;\"><b>\u00c9quipe et formation<\/b><\/span><span style=\"background-color: var(--bs-body-bg); text-align: var(--bs-body-text-align);\"><span style=\"font-weight: bold;\">:<\/span><\/span><\/h4>\n            \n\n            <p style=\"transition-property: all;\">Tous les membres du personnel de notre laboratoire sont des experts dot\u00e9s d&rsquo;une connaissance et d&rsquo;une exp\u00e9rience approfondies en mati\u00e8re de tests g\u00e9n\u00e9tiques, dont les comp\u00e9tences ont \u00e9t\u00e9 renforc\u00e9es par une formation continue. Nous mettons r\u00e9guli\u00e8rement \u00e0 jour la formation de notre personnel pour nous assurer qu&rsquo;il reste au fait des d\u00e9veloppements dans ses domaines d&rsquo;expertise et qu&rsquo;il s&rsquo;adapte aux changements de la norme ISO 15189. <\/p>\n            <p>En tant que Nesiller Genetik, tout en fournissant des services en adoptant tous ces principes, nous donnons toujours la priorit\u00e9 \u00e0 la qualit\u00e9 et \u00e0 la satisfaction du client et nous g\u00e9rons tous nos processus conform\u00e9ment aux r\u00e8gles scientifiques, \u00e9thiques et professionnelles.<\/p>\n            <p>\n              <br>\n            <\/p>\n            <p>Gestionnaire responsable<\/p>\n            <p>Dr Gulay Ozg\u00f6n<\/p>\n            \n\n          <\/div>\n        \t\t\t\t\t\t\t\t<\/div>\n\t\t\t\t\t<\/div>\n\t\t<\/div>\n\t\t\t\t<div class=\"elementor-column elementor-col-50 elementor-inner-column elementor-element elementor-element-9a8b7b3\" data-id=\"9a8b7b3\" data-element_type=\"column\">\n\t\t\t<div class=\"elementor-widget-wrap elementor-element-populated\">\n\t\t\t\t\t\t<div class=\"elementor-element elementor-element-1b68a8d elementor-widget elementor-widget-image\" data-id=\"1b68a8d\" data-element_type=\"widget\" data-widget_type=\"image.default\">\n\t\t\t\t\t\t\t\t\t\t\t\t\t\t\t<img fetchpriority=\"high\" decoding=\"async\" width=\"587\" height=\"980\" src=\"https:\/\/nesiller.com\/wp-content\/uploads\/2025\/03\/kalite-an34c6y54fg.jpg\" class=\"attachment-large size-large wp-image-32834\" alt=\"kalite politikas\u0131\" srcset=\"https:\/\/nesiller.com\/wp-content\/uploads\/2025\/03\/kalite-an34c6y54fg.jpg 587w, https:\/\/nesiller.com\/wp-content\/uploads\/2025\/03\/kalite-an34c6y54fg-180x300.jpg 180w\" sizes=\"(max-width: 587px) 100vw, 587px\" \/>\t\t\t\t\t\t\t\t\t\t\t\t\t\t\t<\/div>\n\t\t\t\t\t<\/div>\n\t\t<\/div>\n\t\t\t\t\t<\/div>\n\t\t<\/section>\n\t\t\t\t\t<\/div>\n\t\t<\/div>\n\t\t\t\t\t<\/div>\n\t\t<\/section>\n\t\t\t\t<\/div>\n\t\t","protected":false},"excerpt":{"rendered":"<p>Nesiller Genetik fournit des services de tests et d&rsquo;analyses g\u00e9n\u00e9tiques en respectant strictement les principes d&rsquo;ind\u00e9pendance, d&rsquo;impartialit\u00e9 et de confidentialit\u00e9, en fournissant un service de haute qualit\u00e9 \u00e0 nos clients, en se conformant aux r\u00e8gles scientifiques, en adoptant une approche impartiale et en assumant ses responsabilit\u00e9s professionnelles. Notre objectif est de figurer parmi les principaux [&hellip;]<\/p>\n","protected":false},"author":7,"featured_media":0,"parent":0,"menu_order":0,"comment_status":"closed","ping_status":"closed","template":"","meta":{"_monsterinsights_skip_tracking":false,"_monsterinsights_sitenote_active":false,"_monsterinsights_sitenote_note":"","_monsterinsights_sitenote_category":0,"footnotes":""},"class_list":["post-32818","page","type-page","status-publish","hentry"],"acf":[],"yoast_head":"<!-- This site is optimized with the Yoast SEO Premium plugin v26.2 (Yoast SEO v27.3) - https:\/\/yoast.com\/product\/yoast-seo-premium-wordpress\/ -->\n<title>POLITIQUE DE QUALIT\u00c9 - Nesiller Genetic Center<\/title>\n<meta name=\"description\" content=\"POLITIQUE DE QUALIT\u00c9 -\" \/>\n<meta name=\"robots\" content=\"index, follow, max-snippet:-1, max-image-preview:large, max-video-preview:-1\" \/>\n<link rel=\"canonical\" href=\"https:\/\/nesiller.com\/fr\/politique-de-qualite\/\" \/>\n<meta property=\"og:locale\" content=\"fr_FR\" \/>\n<meta property=\"og:type\" content=\"article\" \/>\n<meta property=\"og:title\" content=\"POLITIQUE DE QUALIT\u00c9\" \/>\n<meta property=\"og:description\" content=\"Nesiller Genetik fournit des services de tests et d&#039;analyses g\u00e9n\u00e9tiques en respectant strictement les principes d&#039;ind\u00e9pendance, d&#039;impartialit\u00e9 et de\" \/>\n<meta property=\"og:url\" content=\"https:\/\/nesiller.com\/fr\/politique-de-qualite\/\" \/>\n<meta property=\"og:site_name\" content=\"Nesiller Genetic Center\" \/>\n<meta property=\"article:publisher\" content=\"https:\/\/www.facebook.com\/NesillerGenetik\" \/>\n<meta property=\"article:modified_time\" content=\"2025-03-06T15:09:18+00:00\" \/>\n<meta property=\"og:image\" content=\"https:\/\/nesiller.com\/wp-content\/uploads\/2025\/03\/kalite-an34c6y54fg.jpg\" \/>\n\t<meta property=\"og:image:width\" content=\"587\" \/>\n\t<meta property=\"og:image:height\" content=\"980\" \/>\n\t<meta property=\"og:image:type\" content=\"image\/jpeg\" \/>\n<meta name=\"twitter:card\" content=\"summary_large_image\" \/>\n<meta name=\"twitter:site\" content=\"@NesillerGenetik\" \/>\n<script type=\"application\/ld+json\" class=\"yoast-schema-graph\">{\"@context\":\"https:\\\/\\\/schema.org\",\"@graph\":[{\"@type\":\"WebPage\",\"@id\":\"https:\\\/\\\/nesiller.com\\\/fr\\\/politique-de-qualite\\\/\",\"url\":\"https:\\\/\\\/nesiller.com\\\/fr\\\/politique-de-qualite\\\/\",\"name\":\"POLITIQUE DE QUALIT\u00c9 - Nesiller Genetic Center\",\"isPartOf\":{\"@id\":\"https:\\\/\\\/nesiller.com\\\/fr\\\/#website\"},\"primaryImageOfPage\":{\"@id\":\"https:\\\/\\\/nesiller.com\\\/fr\\\/politique-de-qualite\\\/#primaryimage\"},\"image\":{\"@id\":\"https:\\\/\\\/nesiller.com\\\/fr\\\/politique-de-qualite\\\/#primaryimage\"},\"thumbnailUrl\":\"https:\\\/\\\/nesiller.com\\\/wp-content\\\/uploads\\\/2025\\\/03\\\/kalite-an34c6y54fg.jpg\",\"datePublished\":\"2025-03-06T14:11:09+00:00\",\"dateModified\":\"2025-03-06T15:09:18+00:00\",\"description\":\"POLITIQUE DE QUALIT\u00c9 -\",\"breadcrumb\":{\"@id\":\"https:\\\/\\\/nesiller.com\\\/fr\\\/politique-de-qualite\\\/#breadcrumb\"},\"inLanguage\":\"fr-FR\",\"potentialAction\":[{\"@type\":\"ReadAction\",\"target\":[\"https:\\\/\\\/nesiller.com\\\/fr\\\/politique-de-qualite\\\/\"]}]},{\"@type\":\"ImageObject\",\"inLanguage\":\"fr-FR\",\"@id\":\"https:\\\/\\\/nesiller.com\\\/fr\\\/politique-de-qualite\\\/#primaryimage\",\"url\":\"https:\\\/\\\/nesiller.com\\\/wp-content\\\/uploads\\\/2025\\\/03\\\/kalite-an34c6y54fg.jpg\",\"contentUrl\":\"https:\\\/\\\/nesiller.com\\\/wp-content\\\/uploads\\\/2025\\\/03\\\/kalite-an34c6y54fg.jpg\"},{\"@type\":\"BreadcrumbList\",\"@id\":\"https:\\\/\\\/nesiller.com\\\/fr\\\/politique-de-qualite\\\/#breadcrumb\",\"itemListElement\":[{\"@type\":\"ListItem\",\"position\":1,\"name\":\"Home\",\"item\":\"https:\\\/\\\/nesiller.com\\\/fr\\\/page-daccueil-2\\\/\"},{\"@type\":\"ListItem\",\"position\":2,\"name\":\"POLITIQUE DE QUALIT\u00c9\"}]},{\"@type\":\"WebSite\",\"@id\":\"https:\\\/\\\/nesiller.com\\\/fr\\\/#website\",\"url\":\"https:\\\/\\\/nesiller.com\\\/fr\\\/\",\"name\":\"Nesiller Genetik\",\"description\":\"Nesiller, the name of genetic expertise in Istanbul\",\"publisher\":{\"@id\":\"https:\\\/\\\/nesiller.com\\\/fr\\\/#organization\"},\"potentialAction\":[{\"@type\":\"SearchAction\",\"target\":{\"@type\":\"EntryPoint\",\"urlTemplate\":\"https:\\\/\\\/nesiller.com\\\/fr\\\/?s={search_term_string}\"},\"query-input\":{\"@type\":\"PropertyValueSpecification\",\"valueRequired\":true,\"valueName\":\"search_term_string\"}}],\"inLanguage\":\"fr-FR\"},{\"@type\":\"Organization\",\"@id\":\"https:\\\/\\\/nesiller.com\\\/fr\\\/#organization\",\"name\":\"Nesiller Genetik\",\"url\":\"https:\\\/\\\/nesiller.com\\\/fr\\\/\",\"logo\":{\"@type\":\"ImageObject\",\"inLanguage\":\"fr-FR\",\"@id\":\"https:\\\/\\\/nesiller.com\\\/fr\\\/#\\\/schema\\\/logo\\\/image\\\/\",\"url\":\"https:\\\/\\\/nesiller.com\\\/wp-content\\\/uploads\\\/2023\\\/04\\\/nesiller-logo.jpg\",\"contentUrl\":\"https:\\\/\\\/nesiller.com\\\/wp-content\\\/uploads\\\/2023\\\/04\\\/nesiller-logo.jpg\",\"width\":1000,\"height\":700,\"caption\":\"Nesiller Genetik\"},\"image\":{\"@id\":\"https:\\\/\\\/nesiller.com\\\/fr\\\/#\\\/schema\\\/logo\\\/image\\\/\"},\"sameAs\":[\"https:\\\/\\\/www.facebook.com\\\/NesillerGenetik\",\"https:\\\/\\\/x.com\\\/NesillerGenetik\"]}]}<\/script>\n<!-- \/ Yoast SEO Premium plugin. -->","yoast_head_json":{"title":"POLITIQUE DE QUALIT\u00c9 - Nesiller Genetic Center","description":"POLITIQUE DE QUALIT\u00c9 -","robots":{"index":"index","follow":"follow","max-snippet":"max-snippet:-1","max-image-preview":"max-image-preview:large","max-video-preview":"max-video-preview:-1"},"canonical":"https:\/\/nesiller.com\/fr\/politique-de-qualite\/","og_locale":"fr_FR","og_type":"article","og_title":"POLITIQUE DE QUALIT\u00c9","og_description":"Nesiller Genetik fournit des services de tests et d'analyses g\u00e9n\u00e9tiques en respectant strictement les principes d'ind\u00e9pendance, d'impartialit\u00e9 et de","og_url":"https:\/\/nesiller.com\/fr\/politique-de-qualite\/","og_site_name":"Nesiller Genetic Center","article_publisher":"https:\/\/www.facebook.com\/NesillerGenetik","article_modified_time":"2025-03-06T15:09:18+00:00","og_image":[{"width":587,"height":980,"url":"https:\/\/nesiller.com\/wp-content\/uploads\/2025\/03\/kalite-an34c6y54fg.jpg","type":"image\/jpeg"}],"twitter_card":"summary_large_image","twitter_site":"@NesillerGenetik","schema":{"@context":"https:\/\/schema.org","@graph":[{"@type":"WebPage","@id":"https:\/\/nesiller.com\/fr\/politique-de-qualite\/","url":"https:\/\/nesiller.com\/fr\/politique-de-qualite\/","name":"POLITIQUE DE QUALIT\u00c9 - Nesiller Genetic Center","isPartOf":{"@id":"https:\/\/nesiller.com\/fr\/#website"},"primaryImageOfPage":{"@id":"https:\/\/nesiller.com\/fr\/politique-de-qualite\/#primaryimage"},"image":{"@id":"https:\/\/nesiller.com\/fr\/politique-de-qualite\/#primaryimage"},"thumbnailUrl":"https:\/\/nesiller.com\/wp-content\/uploads\/2025\/03\/kalite-an34c6y54fg.jpg","datePublished":"2025-03-06T14:11:09+00:00","dateModified":"2025-03-06T15:09:18+00:00","description":"POLITIQUE DE QUALIT\u00c9 -","breadcrumb":{"@id":"https:\/\/nesiller.com\/fr\/politique-de-qualite\/#breadcrumb"},"inLanguage":"fr-FR","potentialAction":[{"@type":"ReadAction","target":["https:\/\/nesiller.com\/fr\/politique-de-qualite\/"]}]},{"@type":"ImageObject","inLanguage":"fr-FR","@id":"https:\/\/nesiller.com\/fr\/politique-de-qualite\/#primaryimage","url":"https:\/\/nesiller.com\/wp-content\/uploads\/2025\/03\/kalite-an34c6y54fg.jpg","contentUrl":"https:\/\/nesiller.com\/wp-content\/uploads\/2025\/03\/kalite-an34c6y54fg.jpg"},{"@type":"BreadcrumbList","@id":"https:\/\/nesiller.com\/fr\/politique-de-qualite\/#breadcrumb","itemListElement":[{"@type":"ListItem","position":1,"name":"Home","item":"https:\/\/nesiller.com\/fr\/page-daccueil-2\/"},{"@type":"ListItem","position":2,"name":"POLITIQUE DE QUALIT\u00c9"}]},{"@type":"WebSite","@id":"https:\/\/nesiller.com\/fr\/#website","url":"https:\/\/nesiller.com\/fr\/","name":"Nesiller Genetik","description":"Nesiller, the name of genetic expertise in Istanbul","publisher":{"@id":"https:\/\/nesiller.com\/fr\/#organization"},"potentialAction":[{"@type":"SearchAction","target":{"@type":"EntryPoint","urlTemplate":"https:\/\/nesiller.com\/fr\/?s={search_term_string}"},"query-input":{"@type":"PropertyValueSpecification","valueRequired":true,"valueName":"search_term_string"}}],"inLanguage":"fr-FR"},{"@type":"Organization","@id":"https:\/\/nesiller.com\/fr\/#organization","name":"Nesiller Genetik","url":"https:\/\/nesiller.com\/fr\/","logo":{"@type":"ImageObject","inLanguage":"fr-FR","@id":"https:\/\/nesiller.com\/fr\/#\/schema\/logo\/image\/","url":"https:\/\/nesiller.com\/wp-content\/uploads\/2023\/04\/nesiller-logo.jpg","contentUrl":"https:\/\/nesiller.com\/wp-content\/uploads\/2023\/04\/nesiller-logo.jpg","width":1000,"height":700,"caption":"Nesiller Genetik"},"image":{"@id":"https:\/\/nesiller.com\/fr\/#\/schema\/logo\/image\/"},"sameAs":["https:\/\/www.facebook.com\/NesillerGenetik","https:\/\/x.com\/NesillerGenetik"]}]}},"rttpg_featured_image_url":null,"rttpg_author":{"display_name":"Admin 003","author_link":"https:\/\/nesiller.com\/fr\/author\/admin003\/"},"rttpg_comment":0,"rttpg_category":" <a href=\"https:\/\/nesiller.com\/fr\/?taxonomy=translation_priority&#038;term=facultatif\" rel=\"tag\">Facultatif<\/a>","rttpg_excerpt":"Nesiller Genetik fournit des services de tests et d&rsquo;analyses g\u00e9n\u00e9tiques en respectant strictement les principes d&rsquo;ind\u00e9pendance, d&rsquo;impartialit\u00e9 et de confidentialit\u00e9, en fournissant un service de haute qualit\u00e9 \u00e0 nos clients, en se conformant aux r\u00e8gles scientifiques, en adoptant une approche impartiale et en assumant ses responsabilit\u00e9s professionnelles. Notre objectif est de figurer parmi les principaux\u2026","_links":{"self":[{"href":"https:\/\/nesiller.com\/fr\/wp-json\/wp\/v2\/pages\/32818","targetHints":{"allow":["GET"]}}],"collection":[{"href":"https:\/\/nesiller.com\/fr\/wp-json\/wp\/v2\/pages"}],"about":[{"href":"https:\/\/nesiller.com\/fr\/wp-json\/wp\/v2\/types\/page"}],"author":[{"embeddable":true,"href":"https:\/\/nesiller.com\/fr\/wp-json\/wp\/v2\/users\/7"}],"replies":[{"embeddable":true,"href":"https:\/\/nesiller.com\/fr\/wp-json\/wp\/v2\/comments?post=32818"}],"version-history":[{"count":3,"href":"https:\/\/nesiller.com\/fr\/wp-json\/wp\/v2\/pages\/32818\/revisions"}],"predecessor-version":[{"id":32847,"href":"https:\/\/nesiller.com\/fr\/wp-json\/wp\/v2\/pages\/32818\/revisions\/32847"}],"wp:attachment":[{"href":"https:\/\/nesiller.com\/fr\/wp-json\/wp\/v2\/media?parent=32818"}],"curies":[{"name":"wp","href":"https:\/\/api.w.org\/{rel}","templated":true}]}}