{"id":28714,"date":"2023-04-11T12:58:40","date_gmt":"2023-04-11T09:58:40","guid":{"rendered":"https:\/\/nesiller.com\/panneaux-de-vie-saine\/"},"modified":"2023-06-08T23:30:05","modified_gmt":"2023-06-08T20:30:05","slug":"panneaux-de-vie-saine","status":"publish","type":"page","link":"https:\/\/nesiller.com\/fr\/panneaux-de-vie-saine\/","title":{"rendered":"PANNEAUX DE VIE SAINE"},"content":{"rendered":"\t\t<div data-elementor-type=\"wp-page\" data-elementor-id=\"28714\" class=\"elementor elementor-28714 elementor-24298\">\n\t\t\t\t<div class=\"elementor-element elementor-element-248ef9c e-flex e-con-boxed e-con e-parent\" data-id=\"248ef9c\" data-element_type=\"container\">\n\t\t\t\t\t<div class=\"e-con-inner\">\n\t\t<div class=\"elementor-element elementor-element-0ec52ff e-con-full e-flex e-con e-parent\" data-id=\"0ec52ff\" data-element_type=\"container\">\n\t\t\t\t<\/div>\n\t\t<div class=\"elementor-element elementor-element-1ef5b06 e-con-full e-flex e-con e-parent\" data-id=\"1ef5b06\" data-element_type=\"container\">\n\t\t\t\t<div class=\"elementor-element elementor-element-2cd9367 elementor-widget elementor-widget-image\" data-id=\"2cd9367\" data-element_type=\"widget\" data-widget_type=\"image.default\">\n\t\t\t\t\t\t\t\t\t\t\t\t\t\t\t<img fetchpriority=\"high\" decoding=\"async\" width=\"2000\" height=\"983\" src=\"https:\/\/nesiller.com\/wp-content\/uploads\/2023\/04\/saglikli-yasam-panelleri-bg.jpg\" class=\"attachment-full size-full wp-image-28126\" alt=\"\" srcset=\"https:\/\/nesiller.com\/wp-content\/uploads\/2023\/04\/saglikli-yasam-panelleri-bg.jpg 2000w, https:\/\/nesiller.com\/wp-content\/uploads\/2023\/04\/saglikli-yasam-panelleri-bg-300x147.jpg 300w, https:\/\/nesiller.com\/wp-content\/uploads\/2023\/04\/saglikli-yasam-panelleri-bg-1024x503.jpg 1024w, https:\/\/nesiller.com\/wp-content\/uploads\/2023\/04\/saglikli-yasam-panelleri-bg-768x377.jpg 768w, https:\/\/nesiller.com\/wp-content\/uploads\/2023\/04\/saglikli-yasam-panelleri-bg-1536x755.jpg 1536w\" sizes=\"(max-width: 2000px) 100vw, 2000px\" \/>\t\t\t\t\t\t\t\t\t\t\t\t\t\t\t<\/div>\n\t\t\t\t<\/div>\n\t\t\t\t\t<\/div>\n\t\t\t\t<\/div>\n\t\t<div class=\"elementor-element elementor-element-c0a7a3c e-flex e-con-boxed e-con e-parent\" data-id=\"c0a7a3c\" data-element_type=\"container\">\n\t\t\t\t\t<div class=\"e-con-inner\">\n\t\t<div class=\"elementor-element elementor-element-740d657 e-con-full e-flex e-con e-parent\" data-id=\"740d657\" data-element_type=\"container\">\n\t\t\t\t<div class=\"elementor-element elementor-element-060e756 elementor-widget elementor-widget-image\" data-id=\"060e756\" data-element_type=\"widget\" data-widget_type=\"image.default\">\n\t\t\t\t\t\t\t\t\t\t\t\t\t\t\t\t<a href=\"https:\/\/nesiller.com\/fr\/conseil-genetique\/\">\n\t\t\t\t\t\t\t<img decoding=\"async\" width=\"280\" height=\"216\" src=\"https:\/\/nesiller.com\/wp-content\/uploads\/2023\/04\/genetik-danismanlik-banner-g.jpg\" class=\"attachment-large size-large wp-image-27856\" alt=\"\" \/>\t\t\t\t\t\t\t\t<\/a>\n\t\t\t\t\t\t\t\t\t\t\t\t\t\t\t<\/div>\n\t\t\t\t<div class=\"elementor-element elementor-element-8195e7e elementor-widget elementor-widget-image\" data-id=\"8195e7e\" data-element_type=\"widget\" data-widget_type=\"image.default\">\n\t\t\t\t\t\t\t\t\t\t\t\t\t\t\t\t<a href=\"https:\/\/nesiller.com\/fr\/liste-des-tests\/\">\n\t\t\t\t\t\t\t<img decoding=\"async\" width=\"280\" height=\"216\" src=\"https:\/\/nesiller.com\/wp-content\/uploads\/2023\/04\/testlistemiz-banner-g.jpg\" class=\"attachment-large size-large wp-image-27850\" alt=\"\" \/>\t\t\t\t\t\t\t\t<\/a>\n\t\t\t\t\t\t\t\t\t\t\t\t\t\t\t<\/div>\n\t\t\t\t<\/div>\n\t\t<div class=\"elementor-element elementor-element-b84ef2a e-con-full e-flex e-con e-parent\" data-id=\"b84ef2a\" data-element_type=\"container\">\n\t\t\t\t<div class=\"elementor-element elementor-element-ab87916 elementor-widget__width-initial elementor-widget elementor-widget-text-editor\" data-id=\"ab87916\" data-element_type=\"widget\" data-widget_type=\"text-editor.default\">\n\t\t\t\t\t\t\t\t\t<div>Nos tests g\u00e9n\u00e9tiques peuvent fournir des informations sur la fa\u00e7on dont votre corps traite les diff\u00e9rents nutriments, tels que les glucides, les graisses et les vitamines, et sur la fa\u00e7on dont vos g\u00e8nes peuvent influencer la probabilit\u00e9 que vous r\u00e9agissiez \u00e0 certains r\u00e9gimes ou programmes d&rsquo;exercice. Vous pouvez \u00e9galement b\u00e9n\u00e9ficier d&rsquo;un test de g\u00e9n\u00e9tique sportive en identifiant les traits g\u00e9n\u00e9tiques qui peuvent affecter vos performances, le risque de blessure et la r\u00e9cup\u00e9ration.<\/div><p>\u00a0<\/p><div>En comprenant votre constitution g\u00e9n\u00e9tique unique, Generations est en mesure de fournir des conseils personnalis\u00e9s sur le r\u00e9gime alimentaire, l&rsquo;exercice physique et d&rsquo;autres choix de mode de vie adapt\u00e9s \u00e0 vous.<\/div>\t\t\t\t\t\t\t\t<\/div>\n\t\t\t\t<div class=\"elementor-element elementor-element-0e0a628 elementor-widget__width-initial elementor-widget elementor-widget-video\" data-id=\"0e0a628\" data-element_type=\"widget\" data-settings=\"{&quot;youtube_url&quot;:&quot;https:\\\/\\\/www.youtube.com\\\/watch?v=8kS8eSGOpu0&quot;,&quot;video_type&quot;:&quot;youtube&quot;,&quot;controls&quot;:&quot;yes&quot;}\" data-widget_type=\"video.default\">\n\t\t\t\t\t\t\t<div class=\"elementor-wrapper elementor-open-inline\">\n\t\t\t<div class=\"elementor-video\"><\/div>\t\t<\/div>\n\t\t\t\t\t\t<\/div>\n\t\t\t\t<\/div>\n\t\t\t\t\t<\/div>\n\t\t\t\t<\/div>\n\t\t\t\t<\/div>\n\t\t","protected":false},"excerpt":{"rendered":"<p>Nos tests g\u00e9n\u00e9tiques peuvent fournir des informations sur la fa\u00e7on dont votre corps traite les diff\u00e9rents nutriments, tels que les glucides, les graisses et les vitamines, et sur la fa\u00e7on dont vos g\u00e8nes peuvent influencer la probabilit\u00e9 que vous r\u00e9agissiez \u00e0 certains r\u00e9gimes ou programmes d&rsquo;exercice. Vous pouvez \u00e9galement b\u00e9n\u00e9ficier d&rsquo;un test de g\u00e9n\u00e9tique sportive [&hellip;]<\/p>\n","protected":false},"author":1,"featured_media":0,"parent":0,"menu_order":0,"comment_status":"closed","ping_status":"closed","template":"","meta":{"_monsterinsights_skip_tracking":false,"_monsterinsights_sitenote_active":false,"_monsterinsights_sitenote_note":"","_monsterinsights_sitenote_category":0,"footnotes":""},"class_list":["post-28714","page","type-page","status-publish","hentry"],"acf":[],"yoast_head":"<!-- This site is optimized with the Yoast SEO Premium plugin v26.2 (Yoast SEO v27.3) - https:\/\/yoast.com\/product\/yoast-seo-premium-wordpress\/ -->\n<title>PANNEAUX DE VIE SAINE - Nesiller Genetic Center<\/title>\n<meta name=\"description\" content=\"PANNEAUX DE VIE SAINE -\" \/>\n<meta name=\"robots\" content=\"index, follow, max-snippet:-1, max-image-preview:large, max-video-preview:-1\" \/>\n<link rel=\"canonical\" href=\"https:\/\/nesiller.com\/fr\/panneaux-de-vie-saine\/\" \/>\n<meta property=\"og:locale\" content=\"fr_FR\" \/>\n<meta property=\"og:type\" content=\"article\" \/>\n<meta property=\"og:title\" content=\"PANNEAUX DE VIE SAINE\" \/>\n<meta property=\"og:description\" content=\"Nos tests g\u00e9n\u00e9tiques peuvent fournir des informations sur la fa\u00e7on dont votre corps traite les diff\u00e9rents nutriments, tels que les glucides, les graisses\" \/>\n<meta property=\"og:url\" content=\"https:\/\/nesiller.com\/fr\/panneaux-de-vie-saine\/\" \/>\n<meta property=\"og:site_name\" content=\"Nesiller Genetic Center\" \/>\n<meta property=\"article:publisher\" content=\"https:\/\/www.facebook.com\/NesillerGenetik\" \/>\n<meta property=\"article:modified_time\" content=\"2023-06-08T20:30:05+00:00\" \/>\n<meta property=\"og:image\" content=\"https:\/\/nesiller.com\/wp-content\/uploads\/2023\/04\/saglikli-yasam-panelleri-bg.jpg\" \/>\n<meta name=\"twitter:card\" content=\"summary_large_image\" \/>\n<meta name=\"twitter:site\" content=\"@NesillerGenetik\" \/>\n<script type=\"application\/ld+json\" class=\"yoast-schema-graph\">{\"@context\":\"https:\\\/\\\/schema.org\",\"@graph\":[{\"@type\":\"WebPage\",\"@id\":\"https:\\\/\\\/nesiller.com\\\/fr\\\/panneaux-de-vie-saine\\\/\",\"url\":\"https:\\\/\\\/nesiller.com\\\/fr\\\/panneaux-de-vie-saine\\\/\",\"name\":\"PANNEAUX DE VIE SAINE - Nesiller Genetic Center\",\"isPartOf\":{\"@id\":\"https:\\\/\\\/nesiller.com\\\/fr\\\/#website\"},\"primaryImageOfPage\":{\"@id\":\"https:\\\/\\\/nesiller.com\\\/fr\\\/panneaux-de-vie-saine\\\/#primaryimage\"},\"image\":{\"@id\":\"https:\\\/\\\/nesiller.com\\\/fr\\\/panneaux-de-vie-saine\\\/#primaryimage\"},\"thumbnailUrl\":\"https:\\\/\\\/nesiller.com\\\/wp-content\\\/uploads\\\/2023\\\/04\\\/saglikli-yasam-panelleri-bg.jpg\",\"datePublished\":\"2023-04-11T09:58:40+00:00\",\"dateModified\":\"2023-06-08T20:30:05+00:00\",\"description\":\"PANNEAUX DE VIE SAINE -\",\"breadcrumb\":{\"@id\":\"https:\\\/\\\/nesiller.com\\\/fr\\\/panneaux-de-vie-saine\\\/#breadcrumb\"},\"inLanguage\":\"fr-FR\",\"potentialAction\":[{\"@type\":\"ReadAction\",\"target\":[\"https:\\\/\\\/nesiller.com\\\/fr\\\/panneaux-de-vie-saine\\\/\"]}]},{\"@type\":\"ImageObject\",\"inLanguage\":\"fr-FR\",\"@id\":\"https:\\\/\\\/nesiller.com\\\/fr\\\/panneaux-de-vie-saine\\\/#primaryimage\",\"url\":\"https:\\\/\\\/nesiller.com\\\/wp-content\\\/uploads\\\/2023\\\/04\\\/saglikli-yasam-panelleri-bg.jpg\",\"contentUrl\":\"https:\\\/\\\/nesiller.com\\\/wp-content\\\/uploads\\\/2023\\\/04\\\/saglikli-yasam-panelleri-bg.jpg\"},{\"@type\":\"BreadcrumbList\",\"@id\":\"https:\\\/\\\/nesiller.com\\\/fr\\\/panneaux-de-vie-saine\\\/#breadcrumb\",\"itemListElement\":[{\"@type\":\"ListItem\",\"position\":1,\"name\":\"Home\",\"item\":\"https:\\\/\\\/nesiller.com\\\/fr\\\/page-daccueil-2\\\/\"},{\"@type\":\"ListItem\",\"position\":2,\"name\":\"PANNEAUX DE VIE SAINE\"}]},{\"@type\":\"WebSite\",\"@id\":\"https:\\\/\\\/nesiller.com\\\/fr\\\/#website\",\"url\":\"https:\\\/\\\/nesiller.com\\\/fr\\\/\",\"name\":\"Nesiller Genetik\",\"description\":\"Nesiller, the name of genetic expertise in Istanbul\",\"publisher\":{\"@id\":\"https:\\\/\\\/nesiller.com\\\/fr\\\/#organization\"},\"potentialAction\":[{\"@type\":\"SearchAction\",\"target\":{\"@type\":\"EntryPoint\",\"urlTemplate\":\"https:\\\/\\\/nesiller.com\\\/fr\\\/?s={search_term_string}\"},\"query-input\":{\"@type\":\"PropertyValueSpecification\",\"valueRequired\":true,\"valueName\":\"search_term_string\"}}],\"inLanguage\":\"fr-FR\"},{\"@type\":\"Organization\",\"@id\":\"https:\\\/\\\/nesiller.com\\\/fr\\\/#organization\",\"name\":\"Nesiller Genetik\",\"url\":\"https:\\\/\\\/nesiller.com\\\/fr\\\/\",\"logo\":{\"@type\":\"ImageObject\",\"inLanguage\":\"fr-FR\",\"@id\":\"https:\\\/\\\/nesiller.com\\\/fr\\\/#\\\/schema\\\/logo\\\/image\\\/\",\"url\":\"https:\\\/\\\/nesiller.com\\\/wp-content\\\/uploads\\\/2023\\\/04\\\/nesiller-logo.jpg\",\"contentUrl\":\"https:\\\/\\\/nesiller.com\\\/wp-content\\\/uploads\\\/2023\\\/04\\\/nesiller-logo.jpg\",\"width\":1000,\"height\":700,\"caption\":\"Nesiller Genetik\"},\"image\":{\"@id\":\"https:\\\/\\\/nesiller.com\\\/fr\\\/#\\\/schema\\\/logo\\\/image\\\/\"},\"sameAs\":[\"https:\\\/\\\/www.facebook.com\\\/NesillerGenetik\",\"https:\\\/\\\/x.com\\\/NesillerGenetik\"]}]}<\/script>\n<!-- \/ Yoast SEO Premium plugin. -->","yoast_head_json":{"title":"PANNEAUX DE VIE SAINE - Nesiller Genetic Center","description":"PANNEAUX DE VIE SAINE -","robots":{"index":"index","follow":"follow","max-snippet":"max-snippet:-1","max-image-preview":"max-image-preview:large","max-video-preview":"max-video-preview:-1"},"canonical":"https:\/\/nesiller.com\/fr\/panneaux-de-vie-saine\/","og_locale":"fr_FR","og_type":"article","og_title":"PANNEAUX DE VIE SAINE","og_description":"Nos tests g\u00e9n\u00e9tiques peuvent fournir des informations sur la fa\u00e7on dont votre corps traite les diff\u00e9rents nutriments, tels que les glucides, les graisses","og_url":"https:\/\/nesiller.com\/fr\/panneaux-de-vie-saine\/","og_site_name":"Nesiller Genetic Center","article_publisher":"https:\/\/www.facebook.com\/NesillerGenetik","article_modified_time":"2023-06-08T20:30:05+00:00","og_image":[{"url":"https:\/\/nesiller.com\/wp-content\/uploads\/2023\/04\/saglikli-yasam-panelleri-bg.jpg","type":"","width":"","height":""}],"twitter_card":"summary_large_image","twitter_site":"@NesillerGenetik","schema":{"@context":"https:\/\/schema.org","@graph":[{"@type":"WebPage","@id":"https:\/\/nesiller.com\/fr\/panneaux-de-vie-saine\/","url":"https:\/\/nesiller.com\/fr\/panneaux-de-vie-saine\/","name":"PANNEAUX DE VIE SAINE - Nesiller Genetic Center","isPartOf":{"@id":"https:\/\/nesiller.com\/fr\/#website"},"primaryImageOfPage":{"@id":"https:\/\/nesiller.com\/fr\/panneaux-de-vie-saine\/#primaryimage"},"image":{"@id":"https:\/\/nesiller.com\/fr\/panneaux-de-vie-saine\/#primaryimage"},"thumbnailUrl":"https:\/\/nesiller.com\/wp-content\/uploads\/2023\/04\/saglikli-yasam-panelleri-bg.jpg","datePublished":"2023-04-11T09:58:40+00:00","dateModified":"2023-06-08T20:30:05+00:00","description":"PANNEAUX DE VIE SAINE -","breadcrumb":{"@id":"https:\/\/nesiller.com\/fr\/panneaux-de-vie-saine\/#breadcrumb"},"inLanguage":"fr-FR","potentialAction":[{"@type":"ReadAction","target":["https:\/\/nesiller.com\/fr\/panneaux-de-vie-saine\/"]}]},{"@type":"ImageObject","inLanguage":"fr-FR","@id":"https:\/\/nesiller.com\/fr\/panneaux-de-vie-saine\/#primaryimage","url":"https:\/\/nesiller.com\/wp-content\/uploads\/2023\/04\/saglikli-yasam-panelleri-bg.jpg","contentUrl":"https:\/\/nesiller.com\/wp-content\/uploads\/2023\/04\/saglikli-yasam-panelleri-bg.jpg"},{"@type":"BreadcrumbList","@id":"https:\/\/nesiller.com\/fr\/panneaux-de-vie-saine\/#breadcrumb","itemListElement":[{"@type":"ListItem","position":1,"name":"Home","item":"https:\/\/nesiller.com\/fr\/page-daccueil-2\/"},{"@type":"ListItem","position":2,"name":"PANNEAUX DE VIE SAINE"}]},{"@type":"WebSite","@id":"https:\/\/nesiller.com\/fr\/#website","url":"https:\/\/nesiller.com\/fr\/","name":"Nesiller Genetik","description":"Nesiller, the name of genetic expertise in Istanbul","publisher":{"@id":"https:\/\/nesiller.com\/fr\/#organization"},"potentialAction":[{"@type":"SearchAction","target":{"@type":"EntryPoint","urlTemplate":"https:\/\/nesiller.com\/fr\/?s={search_term_string}"},"query-input":{"@type":"PropertyValueSpecification","valueRequired":true,"valueName":"search_term_string"}}],"inLanguage":"fr-FR"},{"@type":"Organization","@id":"https:\/\/nesiller.com\/fr\/#organization","name":"Nesiller Genetik","url":"https:\/\/nesiller.com\/fr\/","logo":{"@type":"ImageObject","inLanguage":"fr-FR","@id":"https:\/\/nesiller.com\/fr\/#\/schema\/logo\/image\/","url":"https:\/\/nesiller.com\/wp-content\/uploads\/2023\/04\/nesiller-logo.jpg","contentUrl":"https:\/\/nesiller.com\/wp-content\/uploads\/2023\/04\/nesiller-logo.jpg","width":1000,"height":700,"caption":"Nesiller Genetik"},"image":{"@id":"https:\/\/nesiller.com\/fr\/#\/schema\/logo\/image\/"},"sameAs":["https:\/\/www.facebook.com\/NesillerGenetik","https:\/\/x.com\/NesillerGenetik"]}]}},"rttpg_featured_image_url":null,"rttpg_author":{"display_name":"admin","author_link":"https:\/\/nesiller.com\/fr\/author\/admin\/"},"rttpg_comment":0,"rttpg_category":" <a href=\"https:\/\/nesiller.com\/fr\/?taxonomy=translation_priority&#038;term=facultatif\" rel=\"tag\">Facultatif<\/a>","rttpg_excerpt":"Nos tests g\u00e9n\u00e9tiques peuvent fournir des informations sur la fa\u00e7on dont votre corps traite les diff\u00e9rents nutriments, tels que les glucides, les graisses et les vitamines, et sur la fa\u00e7on dont vos g\u00e8nes peuvent influencer la probabilit\u00e9 que vous r\u00e9agissiez \u00e0 certains r\u00e9gimes ou programmes d&rsquo;exercice. Vous pouvez \u00e9galement b\u00e9n\u00e9ficier d&rsquo;un test de g\u00e9n\u00e9tique sportive\u2026","_links":{"self":[{"href":"https:\/\/nesiller.com\/fr\/wp-json\/wp\/v2\/pages\/28714","targetHints":{"allow":["GET"]}}],"collection":[{"href":"https:\/\/nesiller.com\/fr\/wp-json\/wp\/v2\/pages"}],"about":[{"href":"https:\/\/nesiller.com\/fr\/wp-json\/wp\/v2\/types\/page"}],"author":[{"embeddable":true,"href":"https:\/\/nesiller.com\/fr\/wp-json\/wp\/v2\/users\/1"}],"replies":[{"embeddable":true,"href":"https:\/\/nesiller.com\/fr\/wp-json\/wp\/v2\/comments?post=28714"}],"version-history":[{"count":6,"href":"https:\/\/nesiller.com\/fr\/wp-json\/wp\/v2\/pages\/28714\/revisions"}],"predecessor-version":[{"id":30984,"href":"https:\/\/nesiller.com\/fr\/wp-json\/wp\/v2\/pages\/28714\/revisions\/30984"}],"wp:attachment":[{"href":"https:\/\/nesiller.com\/fr\/wp-json\/wp\/v2\/media?parent=28714"}],"curies":[{"name":"wp","href":"https:\/\/api.w.org\/{rel}","templated":true}]}}