{"id":28648,"date":"2023-03-31T14:22:53","date_gmt":"2023-03-31T11:22:53","guid":{"rendered":"https:\/\/nesiller.com\/pharmacogenetique\/"},"modified":"2023-06-08T22:34:59","modified_gmt":"2023-06-08T19:34:59","slug":"pharmacogenetique","status":"publish","type":"page","link":"https:\/\/nesiller.com\/fr\/pharmacogenetique\/","title":{"rendered":"PHARMACOG\u00c9N\u00c9TIQUE"},"content":{"rendered":"\t\t<div data-elementor-type=\"wp-page\" data-elementor-id=\"28648\" class=\"elementor elementor-28648 elementor-21260\">\n\t\t\t\t<div class=\"elementor-element elementor-element-248ef9c e-flex e-con-boxed e-con e-parent\" data-id=\"248ef9c\" data-element_type=\"container\">\n\t\t\t\t\t<div class=\"e-con-inner\">\n\t\t<div class=\"elementor-element elementor-element-0ec52ff e-con-full e-flex e-con e-parent\" data-id=\"0ec52ff\" data-element_type=\"container\">\n\t\t\t\t<\/div>\n\t\t<div class=\"elementor-element elementor-element-1ef5b06 e-con-full e-flex e-con e-parent\" data-id=\"1ef5b06\" data-element_type=\"container\">\n\t\t\t\t<div class=\"elementor-element elementor-element-2cd9367 elementor-widget elementor-widget-image\" data-id=\"2cd9367\" data-element_type=\"widget\" data-widget_type=\"image.default\">\n\t\t\t\t\t\t\t\t\t\t\t\t\t\t\t<img fetchpriority=\"high\" decoding=\"async\" width=\"2000\" height=\"983\" src=\"https:\/\/nesiller.com\/wp-content\/uploads\/2023\/04\/farmakogenetik-bg.jpg\" class=\"attachment-full size-full wp-image-27862\" alt=\"\" srcset=\"https:\/\/nesiller.com\/wp-content\/uploads\/2023\/04\/farmakogenetik-bg.jpg 2000w, https:\/\/nesiller.com\/wp-content\/uploads\/2023\/04\/farmakogenetik-bg-300x147.jpg 300w, https:\/\/nesiller.com\/wp-content\/uploads\/2023\/04\/farmakogenetik-bg-1024x503.jpg 1024w, https:\/\/nesiller.com\/wp-content\/uploads\/2023\/04\/farmakogenetik-bg-768x377.jpg 768w, https:\/\/nesiller.com\/wp-content\/uploads\/2023\/04\/farmakogenetik-bg-1536x755.jpg 1536w\" sizes=\"(max-width: 2000px) 100vw, 2000px\" \/>\t\t\t\t\t\t\t\t\t\t\t\t\t\t\t<\/div>\n\t\t\t\t<\/div>\n\t\t\t\t\t<\/div>\n\t\t\t\t<\/div>\n\t\t<div class=\"elementor-element elementor-element-5a0b856 e-flex e-con-boxed e-con e-parent\" data-id=\"5a0b856\" data-element_type=\"container\">\n\t\t\t\t\t<div class=\"e-con-inner\">\n\t\t<div class=\"elementor-element elementor-element-fd872c6 e-con-full e-flex e-con e-parent\" data-id=\"fd872c6\" data-element_type=\"container\">\n\t\t\t\t<div class=\"elementor-element elementor-element-2360c50 elementor-widget elementor-widget-image\" data-id=\"2360c50\" data-element_type=\"widget\" data-widget_type=\"image.default\">\n\t\t\t\t\t\t\t\t\t\t\t\t\t\t\t\t<a href=\"https:\/\/nesiller.com\/fr\/conseil-genetique\/\">\n\t\t\t\t\t\t\t<img decoding=\"async\" width=\"280\" height=\"216\" src=\"https:\/\/nesiller.com\/wp-content\/uploads\/2023\/04\/genetik-danismanlik-banner-g.jpg\" class=\"attachment-large size-large wp-image-27856\" alt=\"\" \/>\t\t\t\t\t\t\t\t<\/a>\n\t\t\t\t\t\t\t\t\t\t\t\t\t\t\t<\/div>\n\t\t\t\t<div class=\"elementor-element elementor-element-7f474d4 elementor-widget elementor-widget-image\" data-id=\"7f474d4\" data-element_type=\"widget\" data-widget_type=\"image.default\">\n\t\t\t\t\t\t\t\t\t\t\t\t\t\t\t\t<a href=\"https:\/\/nesiller.com\/fr\/liste-des-tests\/\">\n\t\t\t\t\t\t\t<img decoding=\"async\" width=\"280\" height=\"216\" src=\"https:\/\/nesiller.com\/wp-content\/uploads\/2023\/04\/testlistemiz-banner-g.jpg\" class=\"attachment-large size-large wp-image-27850\" alt=\"\" \/>\t\t\t\t\t\t\t\t<\/a>\n\t\t\t\t\t\t\t\t\t\t\t\t\t\t\t<\/div>\n\t\t\t\t<\/div>\n\t\t<div class=\"elementor-element elementor-element-2d892ae e-con-full e-flex e-con e-parent\" data-id=\"2d892ae\" data-element_type=\"container\">\n\t\t\t\t<div class=\"elementor-element elementor-element-ea79df7 elementor-widget__width-initial elementor-widget elementor-widget-text-editor\" data-id=\"ea79df7\" data-element_type=\"widget\" data-widget_type=\"text-editor.default\">\n\t\t\t\t\t\t\t\t\t<p>La pharmacog\u00e9n\u00e9tique est un domaine d&rsquo;\u00e9tude qui examine comment les individus r\u00e9agissent \u00e0 divers m\u00e9dicaments en fonction de leur structure g\u00e9n\u00e9tique. Les principaux objectifs des \u00e9tudes pharmacog\u00e9n\u00e9tiques bas\u00e9es sur l&rsquo;interaction g\u00e8ne-m\u00e9dicament sont les suivants<\/p>\n<ul>\n<li>Augmenter l&rsquo;efficacit\u00e9 en s\u00e9lectionnant le m\u00e9dicament le plus efficace,<\/li>\n<li>Minimiser les effets secondaires en s\u00e9lectionnant les m\u00e9dicaments les moins toxiques,<\/li>\n<li>Suivi, orientation, modification du traitement,<\/li>\n<li>D\u00e9veloppement de nouveaux m\u00e9dicaments.<\/li>\n<\/ul>\n<p>Nous savons que chaque personne n&rsquo;a pas exactement la m\u00eame structure g\u00e9n\u00e9tique. Les diff\u00e9rences qui nous distinguent g\u00e9n\u00e9tiquement cr\u00e9ent des diff\u00e9rences dans l&rsquo;apparence physique ainsi que dans les processus m\u00e9taboliques. Conna\u00eetre les conditions que ces diff\u00e9rences affectent, en particulier dans le processus de traitement, est essentiel pour un traitement personnalis\u00e9.<\/p>\n\t\t\t\t\t\t\t\t<\/div>\n\t\t\t\t<div class=\"elementor-element elementor-element-8801249 elementor-widget__width-initial elementor-widget elementor-widget-video\" data-id=\"8801249\" data-element_type=\"widget\" data-settings=\"{&quot;youtube_url&quot;:&quot;https:\\\/\\\/www.youtube.com\\\/watch?v=QYvf0KcdZfw&quot;,&quot;video_type&quot;:&quot;youtube&quot;,&quot;controls&quot;:&quot;yes&quot;}\" data-widget_type=\"video.default\">\n\t\t\t\t\t\t\t<div class=\"elementor-wrapper elementor-open-inline\">\n\t\t\t<div class=\"elementor-video\"><\/div>\t\t<\/div>\n\t\t\t\t\t\t<\/div>\n\t\t\t\t<\/div>\n\t\t\t\t\t<\/div>\n\t\t\t\t<\/div>\n\t\t\t\t<\/div>\n\t\t","protected":false},"excerpt":{"rendered":"<p>La pharmacog\u00e9n\u00e9tique est un domaine d&rsquo;\u00e9tude qui examine comment les individus r\u00e9agissent \u00e0 divers m\u00e9dicaments en fonction de leur structure g\u00e9n\u00e9tique. Les principaux objectifs des \u00e9tudes pharmacog\u00e9n\u00e9tiques bas\u00e9es sur l&rsquo;interaction g\u00e8ne-m\u00e9dicament sont les suivants Augmenter l&rsquo;efficacit\u00e9 en s\u00e9lectionnant le m\u00e9dicament le plus efficace, Minimiser les effets secondaires en s\u00e9lectionnant les m\u00e9dicaments les moins toxiques, Suivi, [&hellip;]<\/p>\n","protected":false},"author":1,"featured_media":0,"parent":0,"menu_order":0,"comment_status":"closed","ping_status":"closed","template":"","meta":{"_monsterinsights_skip_tracking":false,"_monsterinsights_sitenote_active":false,"_monsterinsights_sitenote_note":"","_monsterinsights_sitenote_category":0,"footnotes":""},"class_list":["post-28648","page","type-page","status-publish","hentry"],"acf":[],"yoast_head":"<!-- This site is optimized with the Yoast SEO Premium plugin v26.2 (Yoast SEO v27.3) - https:\/\/yoast.com\/product\/yoast-seo-premium-wordpress\/ -->\n<title>PHARMACOG\u00c9N\u00c9TIQUE - Nesiller Genetic Center<\/title>\n<meta name=\"description\" content=\"PHARMACOG\u00c9N\u00c9TIQUE -\" \/>\n<meta name=\"robots\" content=\"index, follow, max-snippet:-1, max-image-preview:large, max-video-preview:-1\" \/>\n<link rel=\"canonical\" href=\"https:\/\/nesiller.com\/fr\/pharmacogenetique\/\" \/>\n<meta property=\"og:locale\" content=\"fr_FR\" \/>\n<meta property=\"og:type\" content=\"article\" \/>\n<meta property=\"og:title\" content=\"PHARMACOG\u00c9N\u00c9TIQUE\" \/>\n<meta property=\"og:description\" content=\"La pharmacog\u00e9n\u00e9tique est un domaine d&#039;\u00e9tude qui examine comment les individus r\u00e9agissent \u00e0 divers m\u00e9dicaments en fonction de leur structure g\u00e9n\u00e9tique. Les\" \/>\n<meta property=\"og:url\" content=\"https:\/\/nesiller.com\/fr\/pharmacogenetique\/\" \/>\n<meta property=\"og:site_name\" content=\"Nesiller Genetic Center\" \/>\n<meta property=\"article:publisher\" content=\"https:\/\/www.facebook.com\/NesillerGenetik\" \/>\n<meta property=\"article:modified_time\" content=\"2023-06-08T19:34:59+00:00\" \/>\n<meta property=\"og:image\" content=\"https:\/\/nesiller.com\/wp-content\/uploads\/2023\/04\/farmakogenetik-bg.jpg\" \/>\n<meta name=\"twitter:card\" content=\"summary_large_image\" \/>\n<meta name=\"twitter:site\" content=\"@NesillerGenetik\" \/>\n<script type=\"application\/ld+json\" class=\"yoast-schema-graph\">{\"@context\":\"https:\\\/\\\/schema.org\",\"@graph\":[{\"@type\":\"WebPage\",\"@id\":\"https:\\\/\\\/nesiller.com\\\/fr\\\/pharmacogenetique\\\/\",\"url\":\"https:\\\/\\\/nesiller.com\\\/fr\\\/pharmacogenetique\\\/\",\"name\":\"PHARMACOG\u00c9N\u00c9TIQUE - Nesiller Genetic Center\",\"isPartOf\":{\"@id\":\"https:\\\/\\\/nesiller.com\\\/fr\\\/#website\"},\"primaryImageOfPage\":{\"@id\":\"https:\\\/\\\/nesiller.com\\\/fr\\\/pharmacogenetique\\\/#primaryimage\"},\"image\":{\"@id\":\"https:\\\/\\\/nesiller.com\\\/fr\\\/pharmacogenetique\\\/#primaryimage\"},\"thumbnailUrl\":\"https:\\\/\\\/nesiller.com\\\/wp-content\\\/uploads\\\/2023\\\/04\\\/farmakogenetik-bg.jpg\",\"datePublished\":\"2023-03-31T11:22:53+00:00\",\"dateModified\":\"2023-06-08T19:34:59+00:00\",\"description\":\"PHARMACOG\u00c9N\u00c9TIQUE -\",\"breadcrumb\":{\"@id\":\"https:\\\/\\\/nesiller.com\\\/fr\\\/pharmacogenetique\\\/#breadcrumb\"},\"inLanguage\":\"fr-FR\",\"potentialAction\":[{\"@type\":\"ReadAction\",\"target\":[\"https:\\\/\\\/nesiller.com\\\/fr\\\/pharmacogenetique\\\/\"]}]},{\"@type\":\"ImageObject\",\"inLanguage\":\"fr-FR\",\"@id\":\"https:\\\/\\\/nesiller.com\\\/fr\\\/pharmacogenetique\\\/#primaryimage\",\"url\":\"https:\\\/\\\/nesiller.com\\\/wp-content\\\/uploads\\\/2023\\\/04\\\/farmakogenetik-bg.jpg\",\"contentUrl\":\"https:\\\/\\\/nesiller.com\\\/wp-content\\\/uploads\\\/2023\\\/04\\\/farmakogenetik-bg.jpg\"},{\"@type\":\"BreadcrumbList\",\"@id\":\"https:\\\/\\\/nesiller.com\\\/fr\\\/pharmacogenetique\\\/#breadcrumb\",\"itemListElement\":[{\"@type\":\"ListItem\",\"position\":1,\"name\":\"Home\",\"item\":\"https:\\\/\\\/nesiller.com\\\/fr\\\/page-daccueil-2\\\/\"},{\"@type\":\"ListItem\",\"position\":2,\"name\":\"PHARMACOG\u00c9N\u00c9TIQUE\"}]},{\"@type\":\"WebSite\",\"@id\":\"https:\\\/\\\/nesiller.com\\\/fr\\\/#website\",\"url\":\"https:\\\/\\\/nesiller.com\\\/fr\\\/\",\"name\":\"Nesiller Genetik\",\"description\":\"Nesiller, the name of genetic expertise in Istanbul\",\"publisher\":{\"@id\":\"https:\\\/\\\/nesiller.com\\\/fr\\\/#organization\"},\"potentialAction\":[{\"@type\":\"SearchAction\",\"target\":{\"@type\":\"EntryPoint\",\"urlTemplate\":\"https:\\\/\\\/nesiller.com\\\/fr\\\/?s={search_term_string}\"},\"query-input\":{\"@type\":\"PropertyValueSpecification\",\"valueRequired\":true,\"valueName\":\"search_term_string\"}}],\"inLanguage\":\"fr-FR\"},{\"@type\":\"Organization\",\"@id\":\"https:\\\/\\\/nesiller.com\\\/fr\\\/#organization\",\"name\":\"Nesiller Genetik\",\"url\":\"https:\\\/\\\/nesiller.com\\\/fr\\\/\",\"logo\":{\"@type\":\"ImageObject\",\"inLanguage\":\"fr-FR\",\"@id\":\"https:\\\/\\\/nesiller.com\\\/fr\\\/#\\\/schema\\\/logo\\\/image\\\/\",\"url\":\"https:\\\/\\\/nesiller.com\\\/wp-content\\\/uploads\\\/2023\\\/04\\\/nesiller-logo.jpg\",\"contentUrl\":\"https:\\\/\\\/nesiller.com\\\/wp-content\\\/uploads\\\/2023\\\/04\\\/nesiller-logo.jpg\",\"width\":1000,\"height\":700,\"caption\":\"Nesiller Genetik\"},\"image\":{\"@id\":\"https:\\\/\\\/nesiller.com\\\/fr\\\/#\\\/schema\\\/logo\\\/image\\\/\"},\"sameAs\":[\"https:\\\/\\\/www.facebook.com\\\/NesillerGenetik\",\"https:\\\/\\\/x.com\\\/NesillerGenetik\"]}]}<\/script>\n<!-- \/ Yoast SEO Premium plugin. -->","yoast_head_json":{"title":"PHARMACOG\u00c9N\u00c9TIQUE - Nesiller Genetic Center","description":"PHARMACOG\u00c9N\u00c9TIQUE -","robots":{"index":"index","follow":"follow","max-snippet":"max-snippet:-1","max-image-preview":"max-image-preview:large","max-video-preview":"max-video-preview:-1"},"canonical":"https:\/\/nesiller.com\/fr\/pharmacogenetique\/","og_locale":"fr_FR","og_type":"article","og_title":"PHARMACOG\u00c9N\u00c9TIQUE","og_description":"La pharmacog\u00e9n\u00e9tique est un domaine d'\u00e9tude qui examine comment les individus r\u00e9agissent \u00e0 divers m\u00e9dicaments en fonction de leur structure g\u00e9n\u00e9tique. Les","og_url":"https:\/\/nesiller.com\/fr\/pharmacogenetique\/","og_site_name":"Nesiller Genetic Center","article_publisher":"https:\/\/www.facebook.com\/NesillerGenetik","article_modified_time":"2023-06-08T19:34:59+00:00","og_image":[{"url":"https:\/\/nesiller.com\/wp-content\/uploads\/2023\/04\/farmakogenetik-bg.jpg","type":"","width":"","height":""}],"twitter_card":"summary_large_image","twitter_site":"@NesillerGenetik","schema":{"@context":"https:\/\/schema.org","@graph":[{"@type":"WebPage","@id":"https:\/\/nesiller.com\/fr\/pharmacogenetique\/","url":"https:\/\/nesiller.com\/fr\/pharmacogenetique\/","name":"PHARMACOG\u00c9N\u00c9TIQUE - Nesiller Genetic Center","isPartOf":{"@id":"https:\/\/nesiller.com\/fr\/#website"},"primaryImageOfPage":{"@id":"https:\/\/nesiller.com\/fr\/pharmacogenetique\/#primaryimage"},"image":{"@id":"https:\/\/nesiller.com\/fr\/pharmacogenetique\/#primaryimage"},"thumbnailUrl":"https:\/\/nesiller.com\/wp-content\/uploads\/2023\/04\/farmakogenetik-bg.jpg","datePublished":"2023-03-31T11:22:53+00:00","dateModified":"2023-06-08T19:34:59+00:00","description":"PHARMACOG\u00c9N\u00c9TIQUE -","breadcrumb":{"@id":"https:\/\/nesiller.com\/fr\/pharmacogenetique\/#breadcrumb"},"inLanguage":"fr-FR","potentialAction":[{"@type":"ReadAction","target":["https:\/\/nesiller.com\/fr\/pharmacogenetique\/"]}]},{"@type":"ImageObject","inLanguage":"fr-FR","@id":"https:\/\/nesiller.com\/fr\/pharmacogenetique\/#primaryimage","url":"https:\/\/nesiller.com\/wp-content\/uploads\/2023\/04\/farmakogenetik-bg.jpg","contentUrl":"https:\/\/nesiller.com\/wp-content\/uploads\/2023\/04\/farmakogenetik-bg.jpg"},{"@type":"BreadcrumbList","@id":"https:\/\/nesiller.com\/fr\/pharmacogenetique\/#breadcrumb","itemListElement":[{"@type":"ListItem","position":1,"name":"Home","item":"https:\/\/nesiller.com\/fr\/page-daccueil-2\/"},{"@type":"ListItem","position":2,"name":"PHARMACOG\u00c9N\u00c9TIQUE"}]},{"@type":"WebSite","@id":"https:\/\/nesiller.com\/fr\/#website","url":"https:\/\/nesiller.com\/fr\/","name":"Nesiller Genetik","description":"Nesiller, the name of genetic expertise in Istanbul","publisher":{"@id":"https:\/\/nesiller.com\/fr\/#organization"},"potentialAction":[{"@type":"SearchAction","target":{"@type":"EntryPoint","urlTemplate":"https:\/\/nesiller.com\/fr\/?s={search_term_string}"},"query-input":{"@type":"PropertyValueSpecification","valueRequired":true,"valueName":"search_term_string"}}],"inLanguage":"fr-FR"},{"@type":"Organization","@id":"https:\/\/nesiller.com\/fr\/#organization","name":"Nesiller Genetik","url":"https:\/\/nesiller.com\/fr\/","logo":{"@type":"ImageObject","inLanguage":"fr-FR","@id":"https:\/\/nesiller.com\/fr\/#\/schema\/logo\/image\/","url":"https:\/\/nesiller.com\/wp-content\/uploads\/2023\/04\/nesiller-logo.jpg","contentUrl":"https:\/\/nesiller.com\/wp-content\/uploads\/2023\/04\/nesiller-logo.jpg","width":1000,"height":700,"caption":"Nesiller Genetik"},"image":{"@id":"https:\/\/nesiller.com\/fr\/#\/schema\/logo\/image\/"},"sameAs":["https:\/\/www.facebook.com\/NesillerGenetik","https:\/\/x.com\/NesillerGenetik"]}]}},"rttpg_featured_image_url":null,"rttpg_author":{"display_name":"admin","author_link":"https:\/\/nesiller.com\/fr\/author\/admin\/"},"rttpg_comment":0,"rttpg_category":false,"rttpg_excerpt":"La pharmacog\u00e9n\u00e9tique est un domaine d&rsquo;\u00e9tude qui examine comment les individus r\u00e9agissent \u00e0 divers m\u00e9dicaments en fonction de leur structure g\u00e9n\u00e9tique. Les principaux objectifs des \u00e9tudes pharmacog\u00e9n\u00e9tiques bas\u00e9es sur l&rsquo;interaction g\u00e8ne-m\u00e9dicament sont les suivants Augmenter l&rsquo;efficacit\u00e9 en s\u00e9lectionnant le m\u00e9dicament le plus efficace, Minimiser les effets secondaires en s\u00e9lectionnant les m\u00e9dicaments les moins toxiques, Suivi,\u2026","_links":{"self":[{"href":"https:\/\/nesiller.com\/fr\/wp-json\/wp\/v2\/pages\/28648","targetHints":{"allow":["GET"]}}],"collection":[{"href":"https:\/\/nesiller.com\/fr\/wp-json\/wp\/v2\/pages"}],"about":[{"href":"https:\/\/nesiller.com\/fr\/wp-json\/wp\/v2\/types\/page"}],"author":[{"embeddable":true,"href":"https:\/\/nesiller.com\/fr\/wp-json\/wp\/v2\/users\/1"}],"replies":[{"embeddable":true,"href":"https:\/\/nesiller.com\/fr\/wp-json\/wp\/v2\/comments?post=28648"}],"version-history":[{"count":13,"href":"https:\/\/nesiller.com\/fr\/wp-json\/wp\/v2\/pages\/28648\/revisions"}],"predecessor-version":[{"id":30981,"href":"https:\/\/nesiller.com\/fr\/wp-json\/wp\/v2\/pages\/28648\/revisions\/30981"}],"wp:attachment":[{"href":"https:\/\/nesiller.com\/fr\/wp-json\/wp\/v2\/media?parent=28648"}],"curies":[{"name":"wp","href":"https:\/\/api.w.org\/{rel}","templated":true}]}}