{"id":28634,"date":"2023-03-31T14:32:00","date_gmt":"2023-03-31T11:32:00","guid":{"rendered":"https:\/\/nesiller.com\/liste-des-tests\/"},"modified":"2024-04-04T20:10:23","modified_gmt":"2024-04-04T17:10:23","slug":"liste-des-tests","status":"publish","type":"page","link":"https:\/\/nesiller.com\/fr\/liste-des-tests\/","title":{"rendered":"LISTE DES TESTS"},"content":{"rendered":"[table \u201c50\u201d not found \/]<br \/>\n\n<p>Les tests marqu\u00e9s d&rsquo;un (*) sont accr\u00e9dit\u00e9s par T\u00dcRKAK.<\/p>\n<p>_____________________________________________<\/p>\n<p>&#8211; Le contenu de cette page a \u00e9t\u00e9 r\u00e9vis\u00e9 le 13.03.2024.<\/p>\n<p>&#8211; Pour que le DPI puisse \u00eatre r\u00e9alis\u00e9 dans le cas de maladies monog\u00e9niques, le diagnostic clinique de la maladie dans la famille doit \u00eatre \u00e9tabli et la mutation doit \u00eatre identifi\u00e9e par un test g\u00e9n\u00e9tique.<\/p>\n<p>&#8211; Si la mutation n&rsquo;a pas \u00e9t\u00e9 identifi\u00e9e, un d\u00e9lai suppl\u00e9mentaire est n\u00e9cessaire pour identifier la mutation en examinant le g\u00e8ne responsable de la maladie (dans un centre national ou \u00e9tranger).<\/p>\n<p>&#8211; Si une mutation a \u00e9t\u00e9 identifi\u00e9e, il est obligatoire de proc\u00e9der \u00e0 une recherche de mutations appartenant \u00e0 l&rsquo;autre groupe de maladies de notre liste avant de proc\u00e9der \u00e0 une FIV ou \u00e0 un DPI.<\/p>\n<div>&#8211; Nos tests sont ouverts pour l&rsquo;acceptation des \u00e9chantillons entre <span dir=\"ltr\">09h00 et 18h00<\/span> en semaine et entre <span dir=\"ltr\">09h00 et 14h00<\/span> le samedi.<\/div>\n","protected":false},"excerpt":{"rendered":"<p>Les tests marqu\u00e9s d&rsquo;un (*) sont accr\u00e9dit\u00e9s par T\u00dcRKAK. _____________________________________________ &#8211; Le contenu de cette page a \u00e9t\u00e9 r\u00e9vis\u00e9 le 13.03.2024. &#8211; Pour que le DPI puisse \u00eatre r\u00e9alis\u00e9 dans le cas de maladies monog\u00e9niques, le diagnostic clinique de la maladie dans la famille doit \u00eatre \u00e9tabli et la mutation doit \u00eatre identifi\u00e9e par un [&hellip;]<\/p>\n","protected":false},"author":1,"featured_media":0,"parent":0,"menu_order":0,"comment_status":"closed","ping_status":"closed","template":"","meta":{"_monsterinsights_skip_tracking":false,"_monsterinsights_sitenote_active":false,"_monsterinsights_sitenote_note":"","_monsterinsights_sitenote_category":0,"footnotes":""},"class_list":["post-28634","page","type-page","status-publish","hentry"],"acf":[],"yoast_head":"<!-- This site is optimized with the Yoast SEO Premium plugin v26.2 (Yoast SEO v27.3) - https:\/\/yoast.com\/product\/yoast-seo-premium-wordpress\/ -->\n<title>LISTE DES TESTS - Nesiller Genetic Center<\/title>\n<meta name=\"description\" content=\"LISTE DES TESTS -\" \/>\n<meta name=\"robots\" content=\"index, follow, max-snippet:-1, max-image-preview:large, max-video-preview:-1\" \/>\n<link rel=\"canonical\" href=\"https:\/\/nesiller.com\/fr\/liste-des-tests\/\" \/>\n<meta property=\"og:locale\" content=\"fr_FR\" \/>\n<meta property=\"og:type\" content=\"article\" \/>\n<meta property=\"og:title\" content=\"LISTE DES TESTS\" \/>\n<meta property=\"og:description\" content=\"Les tests marqu\u00e9s d&#039;un (*) sont accr\u00e9dit\u00e9s par T\u00dcRKAK. _____________________________________________ - Le contenu de cette page a \u00e9t\u00e9 r\u00e9vis\u00e9 le\" \/>\n<meta property=\"og:url\" content=\"https:\/\/nesiller.com\/fr\/liste-des-tests\/\" \/>\n<meta property=\"og:site_name\" content=\"Nesiller Genetic Center\" \/>\n<meta property=\"article:publisher\" content=\"https:\/\/www.facebook.com\/NesillerGenetik\" \/>\n<meta property=\"article:modified_time\" content=\"2024-04-04T17:10:23+00:00\" \/>\n<meta property=\"og:image\" content=\"https:\/\/nesiller.com\/wp-content\/uploads\/2023\/04\/nesiller-logo.jpg\" \/>\n\t<meta property=\"og:image:width\" content=\"1000\" \/>\n\t<meta property=\"og:image:height\" content=\"700\" \/>\n\t<meta property=\"og:image:type\" content=\"image\/jpeg\" \/>\n<meta name=\"twitter:card\" content=\"summary_large_image\" \/>\n<meta name=\"twitter:site\" content=\"@NesillerGenetik\" \/>\n<script type=\"application\/ld+json\" class=\"yoast-schema-graph\">{\"@context\":\"https:\\\/\\\/schema.org\",\"@graph\":[{\"@type\":\"WebPage\",\"@id\":\"https:\\\/\\\/nesiller.com\\\/fr\\\/liste-des-tests\\\/\",\"url\":\"https:\\\/\\\/nesiller.com\\\/fr\\\/liste-des-tests\\\/\",\"name\":\"LISTE DES TESTS - Nesiller Genetic Center\",\"isPartOf\":{\"@id\":\"https:\\\/\\\/nesiller.com\\\/fr\\\/#website\"},\"datePublished\":\"2023-03-31T11:32:00+00:00\",\"dateModified\":\"2024-04-04T17:10:23+00:00\",\"description\":\"LISTE DES TESTS -\",\"breadcrumb\":{\"@id\":\"https:\\\/\\\/nesiller.com\\\/fr\\\/liste-des-tests\\\/#breadcrumb\"},\"inLanguage\":\"fr-FR\",\"potentialAction\":[{\"@type\":\"ReadAction\",\"target\":[\"https:\\\/\\\/nesiller.com\\\/fr\\\/liste-des-tests\\\/\"]}]},{\"@type\":\"BreadcrumbList\",\"@id\":\"https:\\\/\\\/nesiller.com\\\/fr\\\/liste-des-tests\\\/#breadcrumb\",\"itemListElement\":[{\"@type\":\"ListItem\",\"position\":1,\"name\":\"Home\",\"item\":\"https:\\\/\\\/nesiller.com\\\/fr\\\/page-daccueil-2\\\/\"},{\"@type\":\"ListItem\",\"position\":2,\"name\":\"LISTE DES TESTS\"}]},{\"@type\":\"WebSite\",\"@id\":\"https:\\\/\\\/nesiller.com\\\/fr\\\/#website\",\"url\":\"https:\\\/\\\/nesiller.com\\\/fr\\\/\",\"name\":\"Nesiller Genetik\",\"description\":\"Nesiller, the name of genetic expertise in Istanbul\",\"publisher\":{\"@id\":\"https:\\\/\\\/nesiller.com\\\/fr\\\/#organization\"},\"potentialAction\":[{\"@type\":\"SearchAction\",\"target\":{\"@type\":\"EntryPoint\",\"urlTemplate\":\"https:\\\/\\\/nesiller.com\\\/fr\\\/?s={search_term_string}\"},\"query-input\":{\"@type\":\"PropertyValueSpecification\",\"valueRequired\":true,\"valueName\":\"search_term_string\"}}],\"inLanguage\":\"fr-FR\"},{\"@type\":\"Organization\",\"@id\":\"https:\\\/\\\/nesiller.com\\\/fr\\\/#organization\",\"name\":\"Nesiller Genetik\",\"url\":\"https:\\\/\\\/nesiller.com\\\/fr\\\/\",\"logo\":{\"@type\":\"ImageObject\",\"inLanguage\":\"fr-FR\",\"@id\":\"https:\\\/\\\/nesiller.com\\\/fr\\\/#\\\/schema\\\/logo\\\/image\\\/\",\"url\":\"https:\\\/\\\/nesiller.com\\\/wp-content\\\/uploads\\\/2023\\\/04\\\/nesiller-logo.jpg\",\"contentUrl\":\"https:\\\/\\\/nesiller.com\\\/wp-content\\\/uploads\\\/2023\\\/04\\\/nesiller-logo.jpg\",\"width\":1000,\"height\":700,\"caption\":\"Nesiller Genetik\"},\"image\":{\"@id\":\"https:\\\/\\\/nesiller.com\\\/fr\\\/#\\\/schema\\\/logo\\\/image\\\/\"},\"sameAs\":[\"https:\\\/\\\/www.facebook.com\\\/NesillerGenetik\",\"https:\\\/\\\/x.com\\\/NesillerGenetik\"]}]}<\/script>\n<!-- \/ Yoast SEO Premium plugin. -->","yoast_head_json":{"title":"LISTE DES TESTS - Nesiller Genetic Center","description":"LISTE DES TESTS -","robots":{"index":"index","follow":"follow","max-snippet":"max-snippet:-1","max-image-preview":"max-image-preview:large","max-video-preview":"max-video-preview:-1"},"canonical":"https:\/\/nesiller.com\/fr\/liste-des-tests\/","og_locale":"fr_FR","og_type":"article","og_title":"LISTE DES TESTS","og_description":"Les tests marqu\u00e9s d'un (*) sont accr\u00e9dit\u00e9s par T\u00dcRKAK. _____________________________________________ - Le contenu de cette page a \u00e9t\u00e9 r\u00e9vis\u00e9 le","og_url":"https:\/\/nesiller.com\/fr\/liste-des-tests\/","og_site_name":"Nesiller Genetic Center","article_publisher":"https:\/\/www.facebook.com\/NesillerGenetik","article_modified_time":"2024-04-04T17:10:23+00:00","og_image":[{"width":1000,"height":700,"url":"https:\/\/nesiller.com\/wp-content\/uploads\/2023\/04\/nesiller-logo.jpg","type":"image\/jpeg"}],"twitter_card":"summary_large_image","twitter_site":"@NesillerGenetik","schema":{"@context":"https:\/\/schema.org","@graph":[{"@type":"WebPage","@id":"https:\/\/nesiller.com\/fr\/liste-des-tests\/","url":"https:\/\/nesiller.com\/fr\/liste-des-tests\/","name":"LISTE DES TESTS - Nesiller Genetic Center","isPartOf":{"@id":"https:\/\/nesiller.com\/fr\/#website"},"datePublished":"2023-03-31T11:32:00+00:00","dateModified":"2024-04-04T17:10:23+00:00","description":"LISTE DES TESTS -","breadcrumb":{"@id":"https:\/\/nesiller.com\/fr\/liste-des-tests\/#breadcrumb"},"inLanguage":"fr-FR","potentialAction":[{"@type":"ReadAction","target":["https:\/\/nesiller.com\/fr\/liste-des-tests\/"]}]},{"@type":"BreadcrumbList","@id":"https:\/\/nesiller.com\/fr\/liste-des-tests\/#breadcrumb","itemListElement":[{"@type":"ListItem","position":1,"name":"Home","item":"https:\/\/nesiller.com\/fr\/page-daccueil-2\/"},{"@type":"ListItem","position":2,"name":"LISTE DES TESTS"}]},{"@type":"WebSite","@id":"https:\/\/nesiller.com\/fr\/#website","url":"https:\/\/nesiller.com\/fr\/","name":"Nesiller Genetik","description":"Nesiller, the name of genetic expertise in Istanbul","publisher":{"@id":"https:\/\/nesiller.com\/fr\/#organization"},"potentialAction":[{"@type":"SearchAction","target":{"@type":"EntryPoint","urlTemplate":"https:\/\/nesiller.com\/fr\/?s={search_term_string}"},"query-input":{"@type":"PropertyValueSpecification","valueRequired":true,"valueName":"search_term_string"}}],"inLanguage":"fr-FR"},{"@type":"Organization","@id":"https:\/\/nesiller.com\/fr\/#organization","name":"Nesiller Genetik","url":"https:\/\/nesiller.com\/fr\/","logo":{"@type":"ImageObject","inLanguage":"fr-FR","@id":"https:\/\/nesiller.com\/fr\/#\/schema\/logo\/image\/","url":"https:\/\/nesiller.com\/wp-content\/uploads\/2023\/04\/nesiller-logo.jpg","contentUrl":"https:\/\/nesiller.com\/wp-content\/uploads\/2023\/04\/nesiller-logo.jpg","width":1000,"height":700,"caption":"Nesiller Genetik"},"image":{"@id":"https:\/\/nesiller.com\/fr\/#\/schema\/logo\/image\/"},"sameAs":["https:\/\/www.facebook.com\/NesillerGenetik","https:\/\/x.com\/NesillerGenetik"]}]}},"rttpg_featured_image_url":null,"rttpg_author":{"display_name":"admin","author_link":"https:\/\/nesiller.com\/fr\/author\/admin\/"},"rttpg_comment":0,"rttpg_category":" <a href=\"https:\/\/nesiller.com\/fr\/?taxonomy=translation_priority&#038;term=facultatif\" rel=\"tag\">Facultatif<\/a>","rttpg_excerpt":"Les tests marqu\u00e9s d&rsquo;un (*) sont accr\u00e9dit\u00e9s par T\u00dcRKAK. _____________________________________________ &#8211; Le contenu de cette page a \u00e9t\u00e9 r\u00e9vis\u00e9 le 13.03.2024. &#8211; Pour que le DPI puisse \u00eatre r\u00e9alis\u00e9 dans le cas de maladies monog\u00e9niques, le diagnostic clinique de la maladie dans la famille doit \u00eatre \u00e9tabli et la mutation doit \u00eatre identifi\u00e9e par un\u2026","_links":{"self":[{"href":"https:\/\/nesiller.com\/fr\/wp-json\/wp\/v2\/pages\/28634","targetHints":{"allow":["GET"]}}],"collection":[{"href":"https:\/\/nesiller.com\/fr\/wp-json\/wp\/v2\/pages"}],"about":[{"href":"https:\/\/nesiller.com\/fr\/wp-json\/wp\/v2\/types\/page"}],"author":[{"embeddable":true,"href":"https:\/\/nesiller.com\/fr\/wp-json\/wp\/v2\/users\/1"}],"replies":[{"embeddable":true,"href":"https:\/\/nesiller.com\/fr\/wp-json\/wp\/v2\/comments?post=28634"}],"version-history":[{"count":4,"href":"https:\/\/nesiller.com\/fr\/wp-json\/wp\/v2\/pages\/28634\/revisions"}],"predecessor-version":[{"id":32379,"href":"https:\/\/nesiller.com\/fr\/wp-json\/wp\/v2\/pages\/28634\/revisions\/32379"}],"wp:attachment":[{"href":"https:\/\/nesiller.com\/fr\/wp-json\/wp\/v2\/media?parent=28634"}],"curies":[{"name":"wp","href":"https:\/\/api.w.org\/{rel}","templated":true}]}}