{"id":28568,"date":"2023-03-31T14:21:46","date_gmt":"2023-03-31T11:21:46","guid":{"rendered":"https:\/\/nesiller.com\/maladies-rares\/"},"modified":"2023-05-05T18:31:53","modified_gmt":"2023-05-05T15:31:53","slug":"maladies-rares","status":"publish","type":"page","link":"https:\/\/nesiller.com\/fr\/maladies-rares\/","title":{"rendered":"MALADIES RARES"},"content":{"rendered":"\t\t<div data-elementor-type=\"wp-page\" data-elementor-id=\"28568\" class=\"elementor elementor-28568 elementor-21252\">\n\t\t\t\t<div class=\"elementor-element elementor-element-a589b65 e-flex e-con-boxed e-con e-parent\" data-id=\"a589b65\" data-element_type=\"container\">\n\t\t\t\t\t<div class=\"e-con-inner\">\n\t\t<div class=\"elementor-element elementor-element-d05f7b8 e-con-full e-flex e-con e-parent\" data-id=\"d05f7b8\" data-element_type=\"container\">\n\t\t\t\t<\/div>\n\t\t<div class=\"elementor-element elementor-element-853047a e-con-full e-flex e-con e-parent\" data-id=\"853047a\" data-element_type=\"container\">\n\t\t\t\t<div class=\"elementor-element elementor-element-1e1a7c3 elementor-widget elementor-widget-image\" data-id=\"1e1a7c3\" data-element_type=\"widget\" data-widget_type=\"image.default\">\n\t\t\t\t\t\t\t\t\t\t\t\t\t\t\t<img fetchpriority=\"high\" decoding=\"async\" width=\"2000\" height=\"983\" src=\"https:\/\/nesiller.com\/wp-content\/uploads\/2023\/04\/nadir-hastaliklar-bg-2.jpg\" class=\"attachment-full size-full wp-image-28174\" alt=\"\" srcset=\"https:\/\/nesiller.com\/wp-content\/uploads\/2023\/04\/nadir-hastaliklar-bg-2.jpg 2000w, https:\/\/nesiller.com\/wp-content\/uploads\/2023\/04\/nadir-hastaliklar-bg-2-300x147.jpg 300w, https:\/\/nesiller.com\/wp-content\/uploads\/2023\/04\/nadir-hastaliklar-bg-2-1024x503.jpg 1024w, https:\/\/nesiller.com\/wp-content\/uploads\/2023\/04\/nadir-hastaliklar-bg-2-768x377.jpg 768w, https:\/\/nesiller.com\/wp-content\/uploads\/2023\/04\/nadir-hastaliklar-bg-2-1536x755.jpg 1536w\" sizes=\"(max-width: 2000px) 100vw, 2000px\" \/>\t\t\t\t\t\t\t\t\t\t\t\t\t\t\t<\/div>\n\t\t\t\t<div class=\"elementor-element elementor-element-f8956e2 elementor-widget elementor-widget-text-editor\" data-id=\"f8956e2\" data-element_type=\"widget\" data-widget_type=\"text-editor.default\">\n\t\t\t\t\t\t\t\t\t<p>Les maladies d\u00e9tect\u00e9es chez une personne sur deux mille ou moins au sein d&rsquo;une population sont appel\u00e9es maladies rares et il en existe aujourd&rsquo;hui plus de 7000 types. Le r\u00f4le de la g\u00e9n\u00e9tique est crucial pour le diagnostic de presque toutes les maladies rares, mais il joue \u00e9galement un r\u00f4le dans la compr\u00e9hension des m\u00e9canismes sous-jacents et la mise au point de traitements efficaces.<\/p>\n<\/p>\n<p>De nombreuses maladies rares sont caus\u00e9es par des mutations dans nos g\u00e8nes et provoquent un large \u00e9ventail de sympt\u00f4mes et de probl\u00e8mes de sant\u00e9. Dans certains cas, les maladies rares peuvent \u00eatre transmises \u00e0 la g\u00e9n\u00e9ration suivante, mais il est \u00e9galement possible qu&rsquo;une personne d\u00e9veloppe une maladie rare qui n&rsquo;est jamais apparue dans son arbre g\u00e9n\u00e9alogique. La dystrophie musculaire de Duchenne\/Becker (DMD\/BMD) et la neuromy\u00e9lite optique (NMO) sont des exemples de maladies rares.<\/p>\n<\/p>\n<p>Les tests g\u00e9n\u00e9tiques facilitent le diagnostic, le suivi et le traitement de la maladie ; des questions telles que le statut h\u00e9r\u00e9ditaire, la possibilit\u00e9 de sympt\u00f4mes qui n&rsquo;ont pas encore \u00e9t\u00e9 observ\u00e9s et ce que la personne peut faire pour prot\u00e9ger sa qualit\u00e9 de vie trouvent une grande partie des r\u00e9ponses et les incertitudes sont \u00e9limin\u00e9es.<\/p>\n\t\t\t\t\t\t\t\t<\/div>\n\t\t\t\t<\/div>\n\t\t\t\t\t<\/div>\n\t\t\t\t<\/div>\n\t\t<div class=\"elementor-element elementor-element-65b1a78 e-flex e-con-boxed e-con e-parent\" data-id=\"65b1a78\" data-element_type=\"container\">\n\t\t\t\t\t<div class=\"e-con-inner\">\n\t\t<div class=\"elementor-element elementor-element-03525bb e-con-full e-flex e-con e-parent\" data-id=\"03525bb\" data-element_type=\"container\">\n\t\t\t\t<div class=\"elementor-element elementor-element-a110678 elementor-widget elementor-widget-image\" data-id=\"a110678\" data-element_type=\"widget\" data-widget_type=\"image.default\">\n\t\t\t\t\t\t\t\t\t\t\t\t\t\t\t\t<a href=\"https:\/\/nesiller.com\/fr\/conseil-genetique\/\">\n\t\t\t\t\t\t\t<img decoding=\"async\" width=\"280\" height=\"216\" src=\"https:\/\/nesiller.com\/wp-content\/uploads\/2023\/04\/genetik-danismanlik-banner-g.jpg\" class=\"attachment-large size-large wp-image-27856\" alt=\"\" \/>\t\t\t\t\t\t\t\t<\/a>\n\t\t\t\t\t\t\t\t\t\t\t\t\t\t\t<\/div>\n\t\t\t\t<div class=\"elementor-element elementor-element-8a99d65 elementor-widget elementor-widget-image\" data-id=\"8a99d65\" data-element_type=\"widget\" data-widget_type=\"image.default\">\n\t\t\t\t\t\t\t\t\t\t\t\t\t\t\t\t<a href=\"https:\/\/nesiller.com\/fr\/liste-des-tests\/\">\n\t\t\t\t\t\t\t<img decoding=\"async\" width=\"280\" height=\"216\" src=\"https:\/\/nesiller.com\/wp-content\/uploads\/2023\/04\/testlistemiz-banner-g.jpg\" class=\"attachment-large size-large wp-image-27850\" alt=\"\" \/>\t\t\t\t\t\t\t\t<\/a>\n\t\t\t\t\t\t\t\t\t\t\t\t\t\t\t<\/div>\n\t\t\t\t<\/div>\n\t\t<div class=\"elementor-element elementor-element-8627435 e-con-full e-flex e-con e-parent\" data-id=\"8627435\" data-element_type=\"container\">\n\t\t\t\t<\/div>\n\t\t\t\t\t<\/div>\n\t\t\t\t<\/div>\n\t\t\t\t<\/div>\n\t\t","protected":false},"excerpt":{"rendered":"<p>Les maladies d\u00e9tect\u00e9es chez une personne sur deux mille ou moins au sein d&rsquo;une population sont appel\u00e9es maladies rares et il en existe aujourd&rsquo;hui plus de 7000 types. Le r\u00f4le de la g\u00e9n\u00e9tique est crucial pour le diagnostic de presque toutes les maladies rares, mais il joue \u00e9galement un r\u00f4le dans la compr\u00e9hension des m\u00e9canismes [&hellip;]<\/p>\n","protected":false},"author":1,"featured_media":0,"parent":0,"menu_order":0,"comment_status":"closed","ping_status":"closed","template":"","meta":{"_monsterinsights_skip_tracking":false,"_monsterinsights_sitenote_active":false,"_monsterinsights_sitenote_note":"","_monsterinsights_sitenote_category":0,"footnotes":""},"class_list":["post-28568","page","type-page","status-publish","hentry"],"acf":[],"yoast_head":"<!-- This site is optimized with the Yoast SEO Premium plugin v26.2 (Yoast SEO v27.3) - https:\/\/yoast.com\/product\/yoast-seo-premium-wordpress\/ -->\n<title>MALADIES RARES - Nesiller Genetic Center<\/title>\n<meta name=\"description\" content=\"MALADIES RARES -\" \/>\n<meta name=\"robots\" content=\"index, follow, max-snippet:-1, max-image-preview:large, max-video-preview:-1\" \/>\n<link rel=\"canonical\" href=\"https:\/\/nesiller.com\/fr\/maladies-rares\/\" \/>\n<meta property=\"og:locale\" content=\"fr_FR\" \/>\n<meta property=\"og:type\" content=\"article\" \/>\n<meta property=\"og:title\" content=\"MALADIES RARES\" \/>\n<meta property=\"og:description\" content=\"Les maladies d\u00e9tect\u00e9es chez une personne sur deux mille ou moins au sein d&#039;une population sont appel\u00e9es maladies rares et il en existe aujourd&#039;hui plus de\" \/>\n<meta property=\"og:url\" content=\"https:\/\/nesiller.com\/fr\/maladies-rares\/\" \/>\n<meta property=\"og:site_name\" content=\"Nesiller Genetic Center\" \/>\n<meta property=\"article:publisher\" content=\"https:\/\/www.facebook.com\/NesillerGenetik\" \/>\n<meta property=\"article:modified_time\" content=\"2023-05-05T15:31:53+00:00\" \/>\n<meta property=\"og:image\" content=\"https:\/\/nesiller.com\/wp-content\/uploads\/2023\/04\/nadir-hastaliklar-bg-2.jpg\" \/>\n<meta name=\"twitter:card\" content=\"summary_large_image\" \/>\n<meta name=\"twitter:site\" content=\"@NesillerGenetik\" \/>\n<script type=\"application\/ld+json\" class=\"yoast-schema-graph\">{\"@context\":\"https:\\\/\\\/schema.org\",\"@graph\":[{\"@type\":\"WebPage\",\"@id\":\"https:\\\/\\\/nesiller.com\\\/fr\\\/maladies-rares\\\/\",\"url\":\"https:\\\/\\\/nesiller.com\\\/fr\\\/maladies-rares\\\/\",\"name\":\"MALADIES RARES - Nesiller Genetic Center\",\"isPartOf\":{\"@id\":\"https:\\\/\\\/nesiller.com\\\/fr\\\/#website\"},\"primaryImageOfPage\":{\"@id\":\"https:\\\/\\\/nesiller.com\\\/fr\\\/maladies-rares\\\/#primaryimage\"},\"image\":{\"@id\":\"https:\\\/\\\/nesiller.com\\\/fr\\\/maladies-rares\\\/#primaryimage\"},\"thumbnailUrl\":\"https:\\\/\\\/nesiller.com\\\/wp-content\\\/uploads\\\/2023\\\/04\\\/nadir-hastaliklar-bg-2.jpg\",\"datePublished\":\"2023-03-31T11:21:46+00:00\",\"dateModified\":\"2023-05-05T15:31:53+00:00\",\"description\":\"MALADIES RARES -\",\"breadcrumb\":{\"@id\":\"https:\\\/\\\/nesiller.com\\\/fr\\\/maladies-rares\\\/#breadcrumb\"},\"inLanguage\":\"fr-FR\",\"potentialAction\":[{\"@type\":\"ReadAction\",\"target\":[\"https:\\\/\\\/nesiller.com\\\/fr\\\/maladies-rares\\\/\"]}]},{\"@type\":\"ImageObject\",\"inLanguage\":\"fr-FR\",\"@id\":\"https:\\\/\\\/nesiller.com\\\/fr\\\/maladies-rares\\\/#primaryimage\",\"url\":\"https:\\\/\\\/nesiller.com\\\/wp-content\\\/uploads\\\/2023\\\/04\\\/nadir-hastaliklar-bg-2.jpg\",\"contentUrl\":\"https:\\\/\\\/nesiller.com\\\/wp-content\\\/uploads\\\/2023\\\/04\\\/nadir-hastaliklar-bg-2.jpg\"},{\"@type\":\"BreadcrumbList\",\"@id\":\"https:\\\/\\\/nesiller.com\\\/fr\\\/maladies-rares\\\/#breadcrumb\",\"itemListElement\":[{\"@type\":\"ListItem\",\"position\":1,\"name\":\"Home\",\"item\":\"https:\\\/\\\/nesiller.com\\\/fr\\\/page-daccueil-2\\\/\"},{\"@type\":\"ListItem\",\"position\":2,\"name\":\"MALADIES RARES\"}]},{\"@type\":\"WebSite\",\"@id\":\"https:\\\/\\\/nesiller.com\\\/fr\\\/#website\",\"url\":\"https:\\\/\\\/nesiller.com\\\/fr\\\/\",\"name\":\"Nesiller Genetik\",\"description\":\"Nesiller, the name of genetic expertise in Istanbul\",\"publisher\":{\"@id\":\"https:\\\/\\\/nesiller.com\\\/fr\\\/#organization\"},\"potentialAction\":[{\"@type\":\"SearchAction\",\"target\":{\"@type\":\"EntryPoint\",\"urlTemplate\":\"https:\\\/\\\/nesiller.com\\\/fr\\\/?s={search_term_string}\"},\"query-input\":{\"@type\":\"PropertyValueSpecification\",\"valueRequired\":true,\"valueName\":\"search_term_string\"}}],\"inLanguage\":\"fr-FR\"},{\"@type\":\"Organization\",\"@id\":\"https:\\\/\\\/nesiller.com\\\/fr\\\/#organization\",\"name\":\"Nesiller Genetik\",\"url\":\"https:\\\/\\\/nesiller.com\\\/fr\\\/\",\"logo\":{\"@type\":\"ImageObject\",\"inLanguage\":\"fr-FR\",\"@id\":\"https:\\\/\\\/nesiller.com\\\/fr\\\/#\\\/schema\\\/logo\\\/image\\\/\",\"url\":\"https:\\\/\\\/nesiller.com\\\/wp-content\\\/uploads\\\/2023\\\/04\\\/nesiller-logo.jpg\",\"contentUrl\":\"https:\\\/\\\/nesiller.com\\\/wp-content\\\/uploads\\\/2023\\\/04\\\/nesiller-logo.jpg\",\"width\":1000,\"height\":700,\"caption\":\"Nesiller Genetik\"},\"image\":{\"@id\":\"https:\\\/\\\/nesiller.com\\\/fr\\\/#\\\/schema\\\/logo\\\/image\\\/\"},\"sameAs\":[\"https:\\\/\\\/www.facebook.com\\\/NesillerGenetik\",\"https:\\\/\\\/x.com\\\/NesillerGenetik\"]}]}<\/script>\n<!-- \/ Yoast SEO Premium plugin. -->","yoast_head_json":{"title":"MALADIES RARES - Nesiller Genetic Center","description":"MALADIES RARES -","robots":{"index":"index","follow":"follow","max-snippet":"max-snippet:-1","max-image-preview":"max-image-preview:large","max-video-preview":"max-video-preview:-1"},"canonical":"https:\/\/nesiller.com\/fr\/maladies-rares\/","og_locale":"fr_FR","og_type":"article","og_title":"MALADIES RARES","og_description":"Les maladies d\u00e9tect\u00e9es chez une personne sur deux mille ou moins au sein d'une population sont appel\u00e9es maladies rares et il en existe aujourd'hui plus de","og_url":"https:\/\/nesiller.com\/fr\/maladies-rares\/","og_site_name":"Nesiller Genetic Center","article_publisher":"https:\/\/www.facebook.com\/NesillerGenetik","article_modified_time":"2023-05-05T15:31:53+00:00","og_image":[{"url":"https:\/\/nesiller.com\/wp-content\/uploads\/2023\/04\/nadir-hastaliklar-bg-2.jpg","type":"","width":"","height":""}],"twitter_card":"summary_large_image","twitter_site":"@NesillerGenetik","schema":{"@context":"https:\/\/schema.org","@graph":[{"@type":"WebPage","@id":"https:\/\/nesiller.com\/fr\/maladies-rares\/","url":"https:\/\/nesiller.com\/fr\/maladies-rares\/","name":"MALADIES RARES - Nesiller Genetic Center","isPartOf":{"@id":"https:\/\/nesiller.com\/fr\/#website"},"primaryImageOfPage":{"@id":"https:\/\/nesiller.com\/fr\/maladies-rares\/#primaryimage"},"image":{"@id":"https:\/\/nesiller.com\/fr\/maladies-rares\/#primaryimage"},"thumbnailUrl":"https:\/\/nesiller.com\/wp-content\/uploads\/2023\/04\/nadir-hastaliklar-bg-2.jpg","datePublished":"2023-03-31T11:21:46+00:00","dateModified":"2023-05-05T15:31:53+00:00","description":"MALADIES RARES -","breadcrumb":{"@id":"https:\/\/nesiller.com\/fr\/maladies-rares\/#breadcrumb"},"inLanguage":"fr-FR","potentialAction":[{"@type":"ReadAction","target":["https:\/\/nesiller.com\/fr\/maladies-rares\/"]}]},{"@type":"ImageObject","inLanguage":"fr-FR","@id":"https:\/\/nesiller.com\/fr\/maladies-rares\/#primaryimage","url":"https:\/\/nesiller.com\/wp-content\/uploads\/2023\/04\/nadir-hastaliklar-bg-2.jpg","contentUrl":"https:\/\/nesiller.com\/wp-content\/uploads\/2023\/04\/nadir-hastaliklar-bg-2.jpg"},{"@type":"BreadcrumbList","@id":"https:\/\/nesiller.com\/fr\/maladies-rares\/#breadcrumb","itemListElement":[{"@type":"ListItem","position":1,"name":"Home","item":"https:\/\/nesiller.com\/fr\/page-daccueil-2\/"},{"@type":"ListItem","position":2,"name":"MALADIES RARES"}]},{"@type":"WebSite","@id":"https:\/\/nesiller.com\/fr\/#website","url":"https:\/\/nesiller.com\/fr\/","name":"Nesiller Genetik","description":"Nesiller, the name of genetic expertise in Istanbul","publisher":{"@id":"https:\/\/nesiller.com\/fr\/#organization"},"potentialAction":[{"@type":"SearchAction","target":{"@type":"EntryPoint","urlTemplate":"https:\/\/nesiller.com\/fr\/?s={search_term_string}"},"query-input":{"@type":"PropertyValueSpecification","valueRequired":true,"valueName":"search_term_string"}}],"inLanguage":"fr-FR"},{"@type":"Organization","@id":"https:\/\/nesiller.com\/fr\/#organization","name":"Nesiller Genetik","url":"https:\/\/nesiller.com\/fr\/","logo":{"@type":"ImageObject","inLanguage":"fr-FR","@id":"https:\/\/nesiller.com\/fr\/#\/schema\/logo\/image\/","url":"https:\/\/nesiller.com\/wp-content\/uploads\/2023\/04\/nesiller-logo.jpg","contentUrl":"https:\/\/nesiller.com\/wp-content\/uploads\/2023\/04\/nesiller-logo.jpg","width":1000,"height":700,"caption":"Nesiller Genetik"},"image":{"@id":"https:\/\/nesiller.com\/fr\/#\/schema\/logo\/image\/"},"sameAs":["https:\/\/www.facebook.com\/NesillerGenetik","https:\/\/x.com\/NesillerGenetik"]}]}},"rttpg_featured_image_url":null,"rttpg_author":{"display_name":"admin","author_link":"https:\/\/nesiller.com\/fr\/author\/admin\/"},"rttpg_comment":0,"rttpg_category":" <a href=\"https:\/\/nesiller.com\/fr\/?taxonomy=translation_priority&#038;term=facultatif\" rel=\"tag\">Facultatif<\/a>","rttpg_excerpt":"Les maladies d\u00e9tect\u00e9es chez une personne sur deux mille ou moins au sein d&rsquo;une population sont appel\u00e9es maladies rares et il en existe aujourd&rsquo;hui plus de 7000 types. Le r\u00f4le de la g\u00e9n\u00e9tique est crucial pour le diagnostic de presque toutes les maladies rares, mais il joue \u00e9galement un r\u00f4le dans la compr\u00e9hension des m\u00e9canismes\u2026","_links":{"self":[{"href":"https:\/\/nesiller.com\/fr\/wp-json\/wp\/v2\/pages\/28568","targetHints":{"allow":["GET"]}}],"collection":[{"href":"https:\/\/nesiller.com\/fr\/wp-json\/wp\/v2\/pages"}],"about":[{"href":"https:\/\/nesiller.com\/fr\/wp-json\/wp\/v2\/types\/page"}],"author":[{"embeddable":true,"href":"https:\/\/nesiller.com\/fr\/wp-json\/wp\/v2\/users\/1"}],"replies":[{"embeddable":true,"href":"https:\/\/nesiller.com\/fr\/wp-json\/wp\/v2\/comments?post=28568"}],"version-history":[{"count":5,"href":"https:\/\/nesiller.com\/fr\/wp-json\/wp\/v2\/pages\/28568\/revisions"}],"predecessor-version":[{"id":29338,"href":"https:\/\/nesiller.com\/fr\/wp-json\/wp\/v2\/pages\/28568\/revisions\/29338"}],"wp:attachment":[{"href":"https:\/\/nesiller.com\/fr\/wp-json\/wp\/v2\/media?parent=28568"}],"curies":[{"name":"wp","href":"https:\/\/api.w.org\/{rel}","templated":true}]}}