{"id":28486,"date":"2023-03-31T14:22:22","date_gmt":"2023-03-31T11:22:22","guid":{"rendered":"https:\/\/nesiller.com\/conseil-genetique\/"},"modified":"2023-05-05T18:33:09","modified_gmt":"2023-05-05T15:33:09","slug":"conseil-genetique","status":"publish","type":"page","link":"https:\/\/nesiller.com\/fr\/conseil-genetique\/","title":{"rendered":"CONSEIL G\u00c9N\u00c9TIQUE"},"content":{"rendered":"\t\t<div data-elementor-type=\"wp-page\" data-elementor-id=\"28486\" class=\"elementor elementor-28486 elementor-21256\">\n\t\t\t\t<div class=\"elementor-element elementor-element-d909fb9 e-flex e-con-boxed e-con e-parent\" data-id=\"d909fb9\" data-element_type=\"container\">\n\t\t\t\t\t<div class=\"e-con-inner\">\n\t\t<div class=\"elementor-element elementor-element-22b5ee7 e-con-full e-flex e-con e-parent\" data-id=\"22b5ee7\" data-element_type=\"container\">\n\t\t\t\t<\/div>\n\t\t<div class=\"elementor-element elementor-element-c812e9b e-con-full e-flex e-con e-parent\" data-id=\"c812e9b\" data-element_type=\"container\">\n\t\t\t\t<div class=\"elementor-element elementor-element-eb0ba02 elementor-widget elementor-widget-image\" data-id=\"eb0ba02\" data-element_type=\"widget\" data-widget_type=\"image.default\">\n\t\t\t\t\t\t\t\t\t\t\t\t\t\t\t<img fetchpriority=\"high\" decoding=\"async\" width=\"410\" height=\"252\" src=\"https:\/\/nesiller.com\/wp-content\/uploads\/2023\/04\/gulay-cons.jpg\" class=\"attachment-full size-full wp-image-27508\" alt=\"GENET\u0130K DANI\u015eMANLIK\" srcset=\"https:\/\/nesiller.com\/wp-content\/uploads\/2023\/04\/gulay-cons.jpg 410w, https:\/\/nesiller.com\/wp-content\/uploads\/2023\/04\/gulay-cons-300x184.jpg 300w\" sizes=\"(max-width: 410px) 100vw, 410px\" \/>\t\t\t\t\t\t\t\t\t\t\t\t\t\t\t<\/div>\n\t\t\t\t<div class=\"elementor-element elementor-element-227eb99 elementor-widget elementor-widget-text-editor\" data-id=\"227eb99\" data-element_type=\"widget\" data-widget_type=\"text-editor.default\">\n\t\t\t\t\t\t\t\t\t<p>Dans notre centre, nous fournissons des services dans les domaines de l&rsquo;histoire familiale, de l&rsquo;examen physique, du diagnostic du patient avec des tests g\u00e9n\u00e9tiques de soutien et du conseil g\u00e9n\u00e9tique concernant les maladies g\u00e9n\u00e9tiques. Il s&rsquo;agit de s\u00e9ances de conseil g\u00e9n\u00e9tique au cours desquelles la clinique du diagnostic g\u00e9n\u00e9tique obtenu, c&rsquo;est-\u00e0-dire le diagnostic de la maladie, le traitement et la mani\u00e8re dont il affectera ce processus, sont discut\u00e9s. Il vise \u00e0 transf\u00e9rer les maladies et les conditions g\u00e9n\u00e9tiques h\u00e9r\u00e9ditaires aux patients et \u00e0 leurs proches.<\/p>\n\t\t\t\t\t\t\t\t<\/div>\n\t\t\t\t<div class=\"elementor-element elementor-element-3765771 elementor-widget elementor-widget-heading\" data-id=\"3765771\" data-element_type=\"widget\" data-widget_type=\"heading.default\">\n\t\t\t\t\t<h2 class=\"elementor-heading-title elementor-size-default\">\n          <p style=\"font-size:22px !important;font-weight:600 !important;padding-top:30px;text-align:center\">\nVous pouvez nous contacter pour vos questions\n<br>\n <a style=\"color:#B5BD00\" href=\"https:\/\/wa.me\/905318375767\"><img decoding=\"async\" style=\"padding-top:10px\" width=\"150\" src=\"https:\/\/nesiller.com\/wp-content\/uploads\/2023\/04\/whatsapp-button.png\"><\/a><span style=\"color: var( --e-global-color-44f7ec1 );font-family: var( --e-global-typography-primary-font-family ), Sans-serif;font-size: 50px;font-weight: 400\"><\/span><\/p>\n        <\/h2>\t\t\t\t<\/div>\n\t\t\t\t<\/div>\n\t\t\t\t\t<\/div>\n\t\t\t\t<\/div>\n\t\t<div class=\"elementor-element elementor-element-d8d9104 e-flex e-con-boxed e-con e-parent\" data-id=\"d8d9104\" data-element_type=\"container\">\n\t\t\t\t\t<div class=\"e-con-inner\">\n\t\t<div class=\"elementor-element elementor-element-6784b70 e-con-full e-flex e-con e-parent\" data-id=\"6784b70\" data-element_type=\"container\">\n\t\t\t\t<div class=\"elementor-element elementor-element-0339b97 elementor-widget elementor-widget-image\" data-id=\"0339b97\" data-element_type=\"widget\" data-widget_type=\"image.default\">\n\t\t\t\t\t\t\t\t\t\t\t\t\t\t\t\t<a href=\"https:\/\/nesiller.com\/fr\/conseil-genetique\/\">\n\t\t\t\t\t\t\t<img decoding=\"async\" width=\"280\" height=\"216\" src=\"https:\/\/nesiller.com\/wp-content\/uploads\/2023\/04\/genetik-danismanlik-banner-g.jpg\" class=\"attachment-large size-large wp-image-27856\" alt=\"\" \/>\t\t\t\t\t\t\t\t<\/a>\n\t\t\t\t\t\t\t\t\t\t\t\t\t\t\t<\/div>\n\t\t\t\t<div class=\"elementor-element elementor-element-2378da8 elementor-widget elementor-widget-image\" data-id=\"2378da8\" data-element_type=\"widget\" data-widget_type=\"image.default\">\n\t\t\t\t\t\t\t\t\t\t\t\t\t\t\t\t<a href=\"https:\/\/nesiller.com\/fr\/liste-des-tests\/\">\n\t\t\t\t\t\t\t<img decoding=\"async\" width=\"280\" height=\"216\" src=\"https:\/\/nesiller.com\/wp-content\/uploads\/2023\/04\/testlistemiz-banner-g.jpg\" class=\"attachment-large size-large wp-image-27850\" alt=\"\" \/>\t\t\t\t\t\t\t\t<\/a>\n\t\t\t\t\t\t\t\t\t\t\t\t\t\t\t<\/div>\n\t\t\t\t<\/div>\n\t\t<div class=\"elementor-element elementor-element-169fb86 e-con-full e-flex e-con e-parent\" data-id=\"169fb86\" data-element_type=\"container\">\n\t\t\t\t<div class=\"elementor-element elementor-element-b796270 elementor-widget elementor-widget-shortcode\" data-id=\"b796270\" data-element_type=\"widget\" data-widget_type=\"shortcode.default\">\n\t\t\t\t\t\t\t<div class=\"elementor-shortcode\">\n          <div id=\"yt-container\" class=\"ytpp-main\">\n        <a name=\"ytplayer\" class=\"f\"><iframe name=\"ytpl-frame\" id=\"ytpl-frame\" type=\"text\/html\" rel=\"ftqdsKOxpSk\" src=\"https:\/\/www.youtube.com\/embed\/ftqdsKOxpSk?rel=0&hd=1&version=3&iv_load_policy=3&showinfo=0&controls=1&origin=https:\/\/nesiller.com\/fr\/\" width=\"560\" height=\"315\" loading=\"lazy\" referrerpolicy=\"strict-origin-when-cross-origin\" allow=\"autoplay; encrypted-media\"><\/iframe><\/a>\n        <div id=\"ytpp-playlist-container\" class=\"ytpp-playlist-container\" data-playlist=\"dvyoi-QQCyI,8kS8eSGOpu0,5ozIce0zEqs,QEVa_Ge06NA,pOEjpNSn0y8\"><div id=\"ytplayer_div2\"><\/div><\/div>\n    <\/div>\n        <\/div>\n\t\t\t\t\t\t<\/div>\n\t\t\t\t<\/div>\n\t\t\t\t\t<\/div>\n\t\t\t\t<\/div>\n\t\t\t\t<\/div>\n\t\t","protected":false},"excerpt":{"rendered":"<p>Dans notre centre, nous fournissons des services dans les domaines de l&rsquo;histoire familiale, de l&rsquo;examen physique, du diagnostic du patient avec des tests g\u00e9n\u00e9tiques de soutien et du conseil g\u00e9n\u00e9tique concernant les maladies g\u00e9n\u00e9tiques. Il s&rsquo;agit de s\u00e9ances de conseil g\u00e9n\u00e9tique au cours desquelles la clinique du diagnostic g\u00e9n\u00e9tique obtenu, c&rsquo;est-\u00e0-dire le diagnostic de la [&hellip;]<\/p>\n","protected":false},"author":1,"featured_media":0,"parent":0,"menu_order":0,"comment_status":"closed","ping_status":"closed","template":"","meta":{"_monsterinsights_skip_tracking":false,"_monsterinsights_sitenote_active":false,"_monsterinsights_sitenote_note":"","_monsterinsights_sitenote_category":0,"footnotes":""},"class_list":["post-28486","page","type-page","status-publish","hentry"],"acf":[],"yoast_head":"<!-- This site is optimized with the Yoast SEO Premium plugin v26.2 (Yoast SEO v27.3) - https:\/\/yoast.com\/product\/yoast-seo-premium-wordpress\/ -->\n<title>CONSEIL G\u00c9N\u00c9TIQUE - Nesiller Genetic Center<\/title>\n<meta name=\"description\" content=\"CONSEIL G\u00c9N\u00c9TIQUE -\" \/>\n<meta name=\"robots\" content=\"index, follow, max-snippet:-1, max-image-preview:large, max-video-preview:-1\" \/>\n<link rel=\"canonical\" href=\"https:\/\/nesiller.com\/fr\/conseil-genetique\/\" \/>\n<meta property=\"og:locale\" content=\"fr_FR\" \/>\n<meta property=\"og:type\" content=\"article\" \/>\n<meta property=\"og:title\" content=\"CONSEIL G\u00c9N\u00c9TIQUE\" \/>\n<meta property=\"og:description\" content=\"Dans notre centre, nous fournissons des services dans les domaines de l&#039;histoire familiale, de l&#039;examen physique, du diagnostic du patient avec des tests\" \/>\n<meta property=\"og:url\" content=\"https:\/\/nesiller.com\/fr\/conseil-genetique\/\" \/>\n<meta property=\"og:site_name\" content=\"Nesiller Genetic Center\" \/>\n<meta property=\"article:publisher\" content=\"https:\/\/www.facebook.com\/NesillerGenetik\" \/>\n<meta property=\"article:modified_time\" content=\"2023-05-05T15:33:09+00:00\" \/>\n<meta property=\"og:image\" content=\"https:\/\/nesiller.com\/wp-content\/uploads\/2023\/04\/gulay-cons.jpg\" \/>\n<meta name=\"twitter:card\" content=\"summary_large_image\" \/>\n<meta name=\"twitter:site\" content=\"@NesillerGenetik\" \/>\n<script type=\"application\/ld+json\" class=\"yoast-schema-graph\">{\"@context\":\"https:\\\/\\\/schema.org\",\"@graph\":[{\"@type\":\"WebPage\",\"@id\":\"https:\\\/\\\/nesiller.com\\\/fr\\\/conseil-genetique\\\/\",\"url\":\"https:\\\/\\\/nesiller.com\\\/fr\\\/conseil-genetique\\\/\",\"name\":\"CONSEIL G\u00c9N\u00c9TIQUE - Nesiller Genetic Center\",\"isPartOf\":{\"@id\":\"https:\\\/\\\/nesiller.com\\\/fr\\\/#website\"},\"primaryImageOfPage\":{\"@id\":\"https:\\\/\\\/nesiller.com\\\/fr\\\/conseil-genetique\\\/#primaryimage\"},\"image\":{\"@id\":\"https:\\\/\\\/nesiller.com\\\/fr\\\/conseil-genetique\\\/#primaryimage\"},\"thumbnailUrl\":\"https:\\\/\\\/nesiller.com\\\/wp-content\\\/uploads\\\/2023\\\/04\\\/gulay-cons.jpg\",\"datePublished\":\"2023-03-31T11:22:22+00:00\",\"dateModified\":\"2023-05-05T15:33:09+00:00\",\"description\":\"CONSEIL G\u00c9N\u00c9TIQUE -\",\"breadcrumb\":{\"@id\":\"https:\\\/\\\/nesiller.com\\\/fr\\\/conseil-genetique\\\/#breadcrumb\"},\"inLanguage\":\"fr-FR\",\"potentialAction\":[{\"@type\":\"ReadAction\",\"target\":[\"https:\\\/\\\/nesiller.com\\\/fr\\\/conseil-genetique\\\/\"]}]},{\"@type\":\"ImageObject\",\"inLanguage\":\"fr-FR\",\"@id\":\"https:\\\/\\\/nesiller.com\\\/fr\\\/conseil-genetique\\\/#primaryimage\",\"url\":\"https:\\\/\\\/nesiller.com\\\/wp-content\\\/uploads\\\/2023\\\/04\\\/gulay-cons.jpg\",\"contentUrl\":\"https:\\\/\\\/nesiller.com\\\/wp-content\\\/uploads\\\/2023\\\/04\\\/gulay-cons.jpg\"},{\"@type\":\"BreadcrumbList\",\"@id\":\"https:\\\/\\\/nesiller.com\\\/fr\\\/conseil-genetique\\\/#breadcrumb\",\"itemListElement\":[{\"@type\":\"ListItem\",\"position\":1,\"name\":\"Home\",\"item\":\"https:\\\/\\\/nesiller.com\\\/fr\\\/page-daccueil-2\\\/\"},{\"@type\":\"ListItem\",\"position\":2,\"name\":\"CONSEIL G\u00c9N\u00c9TIQUE\"}]},{\"@type\":\"WebSite\",\"@id\":\"https:\\\/\\\/nesiller.com\\\/fr\\\/#website\",\"url\":\"https:\\\/\\\/nesiller.com\\\/fr\\\/\",\"name\":\"Nesiller Genetik\",\"description\":\"Nesiller, the name of genetic expertise in Istanbul\",\"publisher\":{\"@id\":\"https:\\\/\\\/nesiller.com\\\/fr\\\/#organization\"},\"potentialAction\":[{\"@type\":\"SearchAction\",\"target\":{\"@type\":\"EntryPoint\",\"urlTemplate\":\"https:\\\/\\\/nesiller.com\\\/fr\\\/?s={search_term_string}\"},\"query-input\":{\"@type\":\"PropertyValueSpecification\",\"valueRequired\":true,\"valueName\":\"search_term_string\"}}],\"inLanguage\":\"fr-FR\"},{\"@type\":\"Organization\",\"@id\":\"https:\\\/\\\/nesiller.com\\\/fr\\\/#organization\",\"name\":\"Nesiller Genetik\",\"url\":\"https:\\\/\\\/nesiller.com\\\/fr\\\/\",\"logo\":{\"@type\":\"ImageObject\",\"inLanguage\":\"fr-FR\",\"@id\":\"https:\\\/\\\/nesiller.com\\\/fr\\\/#\\\/schema\\\/logo\\\/image\\\/\",\"url\":\"https:\\\/\\\/nesiller.com\\\/wp-content\\\/uploads\\\/2023\\\/04\\\/nesiller-logo.jpg\",\"contentUrl\":\"https:\\\/\\\/nesiller.com\\\/wp-content\\\/uploads\\\/2023\\\/04\\\/nesiller-logo.jpg\",\"width\":1000,\"height\":700,\"caption\":\"Nesiller Genetik\"},\"image\":{\"@id\":\"https:\\\/\\\/nesiller.com\\\/fr\\\/#\\\/schema\\\/logo\\\/image\\\/\"},\"sameAs\":[\"https:\\\/\\\/www.facebook.com\\\/NesillerGenetik\",\"https:\\\/\\\/x.com\\\/NesillerGenetik\"]}]}<\/script>\n<!-- \/ Yoast SEO Premium plugin. -->","yoast_head_json":{"title":"CONSEIL G\u00c9N\u00c9TIQUE - Nesiller Genetic Center","description":"CONSEIL G\u00c9N\u00c9TIQUE -","robots":{"index":"index","follow":"follow","max-snippet":"max-snippet:-1","max-image-preview":"max-image-preview:large","max-video-preview":"max-video-preview:-1"},"canonical":"https:\/\/nesiller.com\/fr\/conseil-genetique\/","og_locale":"fr_FR","og_type":"article","og_title":"CONSEIL G\u00c9N\u00c9TIQUE","og_description":"Dans notre centre, nous fournissons des services dans les domaines de l'histoire familiale, de l'examen physique, du diagnostic du patient avec des tests","og_url":"https:\/\/nesiller.com\/fr\/conseil-genetique\/","og_site_name":"Nesiller Genetic Center","article_publisher":"https:\/\/www.facebook.com\/NesillerGenetik","article_modified_time":"2023-05-05T15:33:09+00:00","og_image":[{"url":"https:\/\/nesiller.com\/wp-content\/uploads\/2023\/04\/gulay-cons.jpg","type":"","width":"","height":""}],"twitter_card":"summary_large_image","twitter_site":"@NesillerGenetik","schema":{"@context":"https:\/\/schema.org","@graph":[{"@type":"WebPage","@id":"https:\/\/nesiller.com\/fr\/conseil-genetique\/","url":"https:\/\/nesiller.com\/fr\/conseil-genetique\/","name":"CONSEIL G\u00c9N\u00c9TIQUE - Nesiller Genetic Center","isPartOf":{"@id":"https:\/\/nesiller.com\/fr\/#website"},"primaryImageOfPage":{"@id":"https:\/\/nesiller.com\/fr\/conseil-genetique\/#primaryimage"},"image":{"@id":"https:\/\/nesiller.com\/fr\/conseil-genetique\/#primaryimage"},"thumbnailUrl":"https:\/\/nesiller.com\/wp-content\/uploads\/2023\/04\/gulay-cons.jpg","datePublished":"2023-03-31T11:22:22+00:00","dateModified":"2023-05-05T15:33:09+00:00","description":"CONSEIL G\u00c9N\u00c9TIQUE -","breadcrumb":{"@id":"https:\/\/nesiller.com\/fr\/conseil-genetique\/#breadcrumb"},"inLanguage":"fr-FR","potentialAction":[{"@type":"ReadAction","target":["https:\/\/nesiller.com\/fr\/conseil-genetique\/"]}]},{"@type":"ImageObject","inLanguage":"fr-FR","@id":"https:\/\/nesiller.com\/fr\/conseil-genetique\/#primaryimage","url":"https:\/\/nesiller.com\/wp-content\/uploads\/2023\/04\/gulay-cons.jpg","contentUrl":"https:\/\/nesiller.com\/wp-content\/uploads\/2023\/04\/gulay-cons.jpg"},{"@type":"BreadcrumbList","@id":"https:\/\/nesiller.com\/fr\/conseil-genetique\/#breadcrumb","itemListElement":[{"@type":"ListItem","position":1,"name":"Home","item":"https:\/\/nesiller.com\/fr\/page-daccueil-2\/"},{"@type":"ListItem","position":2,"name":"CONSEIL G\u00c9N\u00c9TIQUE"}]},{"@type":"WebSite","@id":"https:\/\/nesiller.com\/fr\/#website","url":"https:\/\/nesiller.com\/fr\/","name":"Nesiller Genetik","description":"Nesiller, the name of genetic expertise in Istanbul","publisher":{"@id":"https:\/\/nesiller.com\/fr\/#organization"},"potentialAction":[{"@type":"SearchAction","target":{"@type":"EntryPoint","urlTemplate":"https:\/\/nesiller.com\/fr\/?s={search_term_string}"},"query-input":{"@type":"PropertyValueSpecification","valueRequired":true,"valueName":"search_term_string"}}],"inLanguage":"fr-FR"},{"@type":"Organization","@id":"https:\/\/nesiller.com\/fr\/#organization","name":"Nesiller Genetik","url":"https:\/\/nesiller.com\/fr\/","logo":{"@type":"ImageObject","inLanguage":"fr-FR","@id":"https:\/\/nesiller.com\/fr\/#\/schema\/logo\/image\/","url":"https:\/\/nesiller.com\/wp-content\/uploads\/2023\/04\/nesiller-logo.jpg","contentUrl":"https:\/\/nesiller.com\/wp-content\/uploads\/2023\/04\/nesiller-logo.jpg","width":1000,"height":700,"caption":"Nesiller Genetik"},"image":{"@id":"https:\/\/nesiller.com\/fr\/#\/schema\/logo\/image\/"},"sameAs":["https:\/\/www.facebook.com\/NesillerGenetik","https:\/\/x.com\/NesillerGenetik"]}]}},"rttpg_featured_image_url":null,"rttpg_author":{"display_name":"admin","author_link":"https:\/\/nesiller.com\/fr\/author\/admin\/"},"rttpg_comment":0,"rttpg_category":" <a href=\"https:\/\/nesiller.com\/fr\/?taxonomy=translation_priority&#038;term=facultatif\" rel=\"tag\">Facultatif<\/a>","rttpg_excerpt":"Dans notre centre, nous fournissons des services dans les domaines de l&rsquo;histoire familiale, de l&rsquo;examen physique, du diagnostic du patient avec des tests g\u00e9n\u00e9tiques de soutien et du conseil g\u00e9n\u00e9tique concernant les maladies g\u00e9n\u00e9tiques. Il s&rsquo;agit de s\u00e9ances de conseil g\u00e9n\u00e9tique au cours desquelles la clinique du diagnostic g\u00e9n\u00e9tique obtenu, c&rsquo;est-\u00e0-dire le diagnostic de la\u2026","_links":{"self":[{"href":"https:\/\/nesiller.com\/fr\/wp-json\/wp\/v2\/pages\/28486","targetHints":{"allow":["GET"]}}],"collection":[{"href":"https:\/\/nesiller.com\/fr\/wp-json\/wp\/v2\/pages"}],"about":[{"href":"https:\/\/nesiller.com\/fr\/wp-json\/wp\/v2\/types\/page"}],"author":[{"embeddable":true,"href":"https:\/\/nesiller.com\/fr\/wp-json\/wp\/v2\/users\/1"}],"replies":[{"embeddable":true,"href":"https:\/\/nesiller.com\/fr\/wp-json\/wp\/v2\/comments?post=28486"}],"version-history":[{"count":4,"href":"https:\/\/nesiller.com\/fr\/wp-json\/wp\/v2\/pages\/28486\/revisions"}],"predecessor-version":[{"id":29370,"href":"https:\/\/nesiller.com\/fr\/wp-json\/wp\/v2\/pages\/28486\/revisions\/29370"}],"wp:attachment":[{"href":"https:\/\/nesiller.com\/fr\/wp-json\/wp\/v2\/media?parent=28486"}],"curies":[{"name":"wp","href":"https:\/\/api.w.org\/{rel}","templated":true}]}}