{"id":28478,"date":"2023-03-28T01:06:58","date_gmt":"2023-03-27T22:06:58","guid":{"rendered":"https:\/\/nesiller.com\/rejoignez-nous\/"},"modified":"2023-05-05T18:33:29","modified_gmt":"2023-05-05T15:33:29","slug":"rejoignez-nous","status":"publish","type":"page","link":"https:\/\/nesiller.com\/fr\/rejoignez-nous\/","title":{"rendered":"REJOIGNEZ-NOUS"},"content":{"rendered":"\t\t<div data-elementor-type=\"wp-page\" data-elementor-id=\"28478\" class=\"elementor elementor-28478 elementor-20976\">\n\t\t\t\t\t\t<section class=\"elementor-section elementor-top-section elementor-element elementor-element-d27f357 elementor-section-boxed elementor-section-height-default elementor-section-height-default\" data-id=\"d27f357\" data-element_type=\"section\">\n\t\t\t\t\t\t<div class=\"elementor-container elementor-column-gap-default\">\n\t\t\t\t\t<div class=\"elementor-column elementor-col-100 elementor-top-column elementor-element elementor-element-033a0e2\" data-id=\"033a0e2\" data-element_type=\"column\">\n\t\t\t<div class=\"elementor-widget-wrap elementor-element-populated\">\n\t\t\t\t\t\t<section class=\"elementor-section elementor-inner-section elementor-element elementor-element-e02f9c8 elementor-section-boxed elementor-section-height-default elementor-section-height-default\" data-id=\"e02f9c8\" data-element_type=\"section\">\n\t\t\t\t\t\t<div class=\"elementor-container elementor-column-gap-default\">\n\t\t\t\t\t<div class=\"elementor-column elementor-col-50 elementor-inner-column elementor-element elementor-element-f4bbb89\" data-id=\"f4bbb89\" data-element_type=\"column\">\n\t\t\t<div class=\"elementor-widget-wrap elementor-element-populated\">\n\t\t\t\t\t\t<div class=\"elementor-element elementor-element-2e8c2b1 elementor-widget elementor-widget-text-editor\" data-id=\"2e8c2b1\" data-element_type=\"widget\" data-widget_type=\"text-editor.default\">\n\t\t\t\t\t\t\t\t\t<p class=\"font_8\">Nesiller vise \u00e0 former un personnel exp\u00e9riment\u00e9 et permanent gr\u00e2ce \u00e0 son principe de travail ax\u00e9 sur l&rsquo;humain.<\/p>\n<\/p>\n<p class=\"font_8\">Le domaine dans lequel nous op\u00e9rons \u00e9tant un domaine qui repose fortement sur le travail et les comp\u00e9tences des individus, nous examinons r\u00e9guli\u00e8rement nos conditions de travail de mani\u00e8re m\u00e9ticuleuse afin que nos employ\u00e9s puissent mieux refl\u00e9ter leurs performances, et nous attachons de l&rsquo;importance \u00e0 la communication interne bidirectionnelle.<\/p>\n<\/p>\n<p class=\"font_8\">Nous consid\u00e9rons les processus de recrutement non seulement comme l&#8217;embauche d&rsquo;un employ\u00e9, mais aussi comme l&rsquo;acquisition de talents, et dans ce processus, nous prenons en compte des crit\u00e8res tels que l&rsquo;adaptation \u00e0 la culture de l&rsquo;entreprise et les relations humaines, ainsi que les connaissances et les comp\u00e9tences.<\/p>\n<hr>\n<h4>\n            <b>Qui recherchons-nous ?<\/b><br \/>\n          <\/h4>\n<p class=\"font_8\">Des biologistes mol\u00e9culaires aux laborantins, du personnel administratif \u00e0 l&rsquo;\u00e9quipe de vente, nous avons \u00e0 c\u0153ur de rencontrer des talents qui peuvent apporter une valeur ajout\u00e9e \u00e0 notre entreprise dans tous les d\u00e9partements.<\/p>\n<p class=\"font_8\">Envoyez votre CV pour les demandes d&#8217;emploi <strong><a href=\"mailto:info@nesiller.com\" target=\"_self\">info@nesiller.com<\/a> <\/strong>Vous pouvez l&rsquo;envoyer \u00e0<\/p>\n<hr>\n<h4>\n            <b>Postes \u00e0 pourvoir<\/b><br \/>\n          <\/h4>\n<p>Pour consulter nos offres d&#8217;emploi sur LinkedIn<strong> <a href=\"https:\/\/www.linkedin.com\/company\/nesiller-genetik-tan%C4%B1-merkezi\/jobs\/?viewAsMember=true\" target=\"_blank\" rel=\"noreferrer noopener\">cliquez ici<\/a><\/strong>.<\/p>\n<hr>\n<h4>\n            <b>Possibilit\u00e9s de stage<\/b><br \/>\n          <\/h4>\n<p class=\"font_8\">Nous aidons les \u00e9tudiants \u00e0 se pr\u00e9parer \u00e0 la vie professionnelle en leur offrant des possibilit\u00e9s de stage et en leur permettant d&rsquo;acqu\u00e9rir un horizon, mais nous \u00e9valuons \u00e9galement cette p\u00e9riode afin d&rsquo;associer nos stagiaires aux valeurs de notre entreprise \u00e0 l&rsquo;avenir.<\/p>\n<p class=\"font_8\">Envoyez votre CV pour les demandes de stage<strong> <a href=\"mailto:info@nesiller.com\" target=\"_self\">info@nesiller.com<\/a><\/strong> Vous pouvez l&rsquo;envoyer \u00e0<\/p>\n\t\t\t\t\t\t\t\t<\/div>\n\t\t\t\t\t<\/div>\n\t\t<\/div>\n\t\t\t\t<div class=\"elementor-column elementor-col-50 elementor-inner-column elementor-element elementor-element-9a8b7b3\" data-id=\"9a8b7b3\" data-element_type=\"column\">\n\t\t\t<div class=\"elementor-widget-wrap elementor-element-populated\">\n\t\t\t\t\t\t<div class=\"elementor-element elementor-element-1b68a8d elementor-widget elementor-widget-image\" data-id=\"1b68a8d\" data-element_type=\"widget\" data-widget_type=\"image.default\">\n\t\t\t\t\t\t\t\t\t\t\t\t\t\t\t<img fetchpriority=\"high\" decoding=\"async\" width=\"587\" height=\"980\" src=\"https:\/\/nesiller.com\/wp-content\/uploads\/2023\/03\/join-us-g6hojk34es.jpg\" class=\"attachment-large size-large wp-image-27310\" alt=\"\" srcset=\"https:\/\/nesiller.com\/wp-content\/uploads\/2023\/03\/join-us-g6hojk34es.jpg 587w, https:\/\/nesiller.com\/wp-content\/uploads\/2023\/03\/join-us-g6hojk34es-180x300.jpg 180w\" sizes=\"(max-width: 587px) 100vw, 587px\" \/>\t\t\t\t\t\t\t\t\t\t\t\t\t\t\t<\/div>\n\t\t\t\t\t<\/div>\n\t\t<\/div>\n\t\t\t\t\t<\/div>\n\t\t<\/section>\n\t\t\t\t\t<\/div>\n\t\t<\/div>\n\t\t\t\t\t<\/div>\n\t\t<\/section>\n\t\t\t\t<\/div>\n\t\t","protected":false},"excerpt":{"rendered":"<p>Nesiller vise \u00e0 former un personnel exp\u00e9riment\u00e9 et permanent gr\u00e2ce \u00e0 son principe de travail ax\u00e9 sur l&rsquo;humain. Le domaine dans lequel nous op\u00e9rons \u00e9tant un domaine qui repose fortement sur le travail et les comp\u00e9tences des individus, nous examinons r\u00e9guli\u00e8rement nos conditions de travail de mani\u00e8re m\u00e9ticuleuse afin que nos employ\u00e9s puissent mieux refl\u00e9ter [&hellip;]<\/p>\n","protected":false},"author":1,"featured_media":0,"parent":0,"menu_order":0,"comment_status":"closed","ping_status":"closed","template":"","meta":{"_monsterinsights_skip_tracking":false,"_monsterinsights_sitenote_active":false,"_monsterinsights_sitenote_note":"","_monsterinsights_sitenote_category":0,"footnotes":""},"class_list":["post-28478","page","type-page","status-publish","hentry"],"acf":[],"yoast_head":"<!-- This site is optimized with the Yoast SEO Premium plugin v26.2 (Yoast SEO v27.3) - https:\/\/yoast.com\/product\/yoast-seo-premium-wordpress\/ -->\n<title>REJOIGNEZ-NOUS - Nesiller Genetic Center<\/title>\n<meta name=\"description\" content=\"REJOIGNEZ-NOUS -\" \/>\n<meta name=\"robots\" content=\"index, follow, max-snippet:-1, max-image-preview:large, max-video-preview:-1\" \/>\n<link rel=\"canonical\" href=\"https:\/\/nesiller.com\/fr\/rejoignez-nous\/\" \/>\n<meta property=\"og:locale\" content=\"fr_FR\" \/>\n<meta property=\"og:type\" content=\"article\" \/>\n<meta property=\"og:title\" content=\"REJOIGNEZ-NOUS\" \/>\n<meta property=\"og:description\" content=\"Nesiller vise \u00e0 former un personnel exp\u00e9riment\u00e9 et permanent gr\u00e2ce \u00e0 son principe de travail ax\u00e9 sur l&#039;humain. Le domaine dans lequel nous op\u00e9rons \u00e9tant\" \/>\n<meta property=\"og:url\" content=\"https:\/\/nesiller.com\/fr\/rejoignez-nous\/\" \/>\n<meta property=\"og:site_name\" content=\"Nesiller Genetic Center\" \/>\n<meta property=\"article:publisher\" content=\"https:\/\/www.facebook.com\/NesillerGenetik\" \/>\n<meta property=\"article:modified_time\" content=\"2023-05-05T15:33:29+00:00\" \/>\n<meta property=\"og:image\" content=\"https:\/\/nesiller.com\/wp-content\/uploads\/2023\/03\/join-us-g6hojk34es.jpg\" \/>\n<meta name=\"twitter:card\" content=\"summary_large_image\" \/>\n<meta name=\"twitter:site\" content=\"@NesillerGenetik\" \/>\n<script type=\"application\/ld+json\" class=\"yoast-schema-graph\">{\"@context\":\"https:\\\/\\\/schema.org\",\"@graph\":[{\"@type\":\"WebPage\",\"@id\":\"https:\\\/\\\/nesiller.com\\\/fr\\\/rejoignez-nous\\\/\",\"url\":\"https:\\\/\\\/nesiller.com\\\/fr\\\/rejoignez-nous\\\/\",\"name\":\"REJOIGNEZ-NOUS - Nesiller Genetic Center\",\"isPartOf\":{\"@id\":\"https:\\\/\\\/nesiller.com\\\/fr\\\/#website\"},\"primaryImageOfPage\":{\"@id\":\"https:\\\/\\\/nesiller.com\\\/fr\\\/rejoignez-nous\\\/#primaryimage\"},\"image\":{\"@id\":\"https:\\\/\\\/nesiller.com\\\/fr\\\/rejoignez-nous\\\/#primaryimage\"},\"thumbnailUrl\":\"https:\\\/\\\/nesiller.com\\\/wp-content\\\/uploads\\\/2023\\\/03\\\/join-us-g6hojk34es.jpg\",\"datePublished\":\"2023-03-27T22:06:58+00:00\",\"dateModified\":\"2023-05-05T15:33:29+00:00\",\"description\":\"REJOIGNEZ-NOUS -\",\"breadcrumb\":{\"@id\":\"https:\\\/\\\/nesiller.com\\\/fr\\\/rejoignez-nous\\\/#breadcrumb\"},\"inLanguage\":\"fr-FR\",\"potentialAction\":[{\"@type\":\"ReadAction\",\"target\":[\"https:\\\/\\\/nesiller.com\\\/fr\\\/rejoignez-nous\\\/\"]}]},{\"@type\":\"ImageObject\",\"inLanguage\":\"fr-FR\",\"@id\":\"https:\\\/\\\/nesiller.com\\\/fr\\\/rejoignez-nous\\\/#primaryimage\",\"url\":\"https:\\\/\\\/nesiller.com\\\/wp-content\\\/uploads\\\/2023\\\/03\\\/join-us-g6hojk34es.jpg\",\"contentUrl\":\"https:\\\/\\\/nesiller.com\\\/wp-content\\\/uploads\\\/2023\\\/03\\\/join-us-g6hojk34es.jpg\"},{\"@type\":\"BreadcrumbList\",\"@id\":\"https:\\\/\\\/nesiller.com\\\/fr\\\/rejoignez-nous\\\/#breadcrumb\",\"itemListElement\":[{\"@type\":\"ListItem\",\"position\":1,\"name\":\"Home\",\"item\":\"https:\\\/\\\/nesiller.com\\\/fr\\\/page-daccueil-2\\\/\"},{\"@type\":\"ListItem\",\"position\":2,\"name\":\"REJOIGNEZ-NOUS\"}]},{\"@type\":\"WebSite\",\"@id\":\"https:\\\/\\\/nesiller.com\\\/fr\\\/#website\",\"url\":\"https:\\\/\\\/nesiller.com\\\/fr\\\/\",\"name\":\"Nesiller Genetik\",\"description\":\"Nesiller, the name of genetic expertise in Istanbul\",\"publisher\":{\"@id\":\"https:\\\/\\\/nesiller.com\\\/fr\\\/#organization\"},\"potentialAction\":[{\"@type\":\"SearchAction\",\"target\":{\"@type\":\"EntryPoint\",\"urlTemplate\":\"https:\\\/\\\/nesiller.com\\\/fr\\\/?s={search_term_string}\"},\"query-input\":{\"@type\":\"PropertyValueSpecification\",\"valueRequired\":true,\"valueName\":\"search_term_string\"}}],\"inLanguage\":\"fr-FR\"},{\"@type\":\"Organization\",\"@id\":\"https:\\\/\\\/nesiller.com\\\/fr\\\/#organization\",\"name\":\"Nesiller Genetik\",\"url\":\"https:\\\/\\\/nesiller.com\\\/fr\\\/\",\"logo\":{\"@type\":\"ImageObject\",\"inLanguage\":\"fr-FR\",\"@id\":\"https:\\\/\\\/nesiller.com\\\/fr\\\/#\\\/schema\\\/logo\\\/image\\\/\",\"url\":\"https:\\\/\\\/nesiller.com\\\/wp-content\\\/uploads\\\/2023\\\/04\\\/nesiller-logo.jpg\",\"contentUrl\":\"https:\\\/\\\/nesiller.com\\\/wp-content\\\/uploads\\\/2023\\\/04\\\/nesiller-logo.jpg\",\"width\":1000,\"height\":700,\"caption\":\"Nesiller Genetik\"},\"image\":{\"@id\":\"https:\\\/\\\/nesiller.com\\\/fr\\\/#\\\/schema\\\/logo\\\/image\\\/\"},\"sameAs\":[\"https:\\\/\\\/www.facebook.com\\\/NesillerGenetik\",\"https:\\\/\\\/x.com\\\/NesillerGenetik\"]}]}<\/script>\n<!-- \/ Yoast SEO Premium plugin. -->","yoast_head_json":{"title":"REJOIGNEZ-NOUS - Nesiller Genetic Center","description":"REJOIGNEZ-NOUS -","robots":{"index":"index","follow":"follow","max-snippet":"max-snippet:-1","max-image-preview":"max-image-preview:large","max-video-preview":"max-video-preview:-1"},"canonical":"https:\/\/nesiller.com\/fr\/rejoignez-nous\/","og_locale":"fr_FR","og_type":"article","og_title":"REJOIGNEZ-NOUS","og_description":"Nesiller vise \u00e0 former un personnel exp\u00e9riment\u00e9 et permanent gr\u00e2ce \u00e0 son principe de travail ax\u00e9 sur l'humain. Le domaine dans lequel nous op\u00e9rons \u00e9tant","og_url":"https:\/\/nesiller.com\/fr\/rejoignez-nous\/","og_site_name":"Nesiller Genetic Center","article_publisher":"https:\/\/www.facebook.com\/NesillerGenetik","article_modified_time":"2023-05-05T15:33:29+00:00","og_image":[{"url":"https:\/\/nesiller.com\/wp-content\/uploads\/2023\/03\/join-us-g6hojk34es.jpg","type":"","width":"","height":""}],"twitter_card":"summary_large_image","twitter_site":"@NesillerGenetik","schema":{"@context":"https:\/\/schema.org","@graph":[{"@type":"WebPage","@id":"https:\/\/nesiller.com\/fr\/rejoignez-nous\/","url":"https:\/\/nesiller.com\/fr\/rejoignez-nous\/","name":"REJOIGNEZ-NOUS - Nesiller Genetic Center","isPartOf":{"@id":"https:\/\/nesiller.com\/fr\/#website"},"primaryImageOfPage":{"@id":"https:\/\/nesiller.com\/fr\/rejoignez-nous\/#primaryimage"},"image":{"@id":"https:\/\/nesiller.com\/fr\/rejoignez-nous\/#primaryimage"},"thumbnailUrl":"https:\/\/nesiller.com\/wp-content\/uploads\/2023\/03\/join-us-g6hojk34es.jpg","datePublished":"2023-03-27T22:06:58+00:00","dateModified":"2023-05-05T15:33:29+00:00","description":"REJOIGNEZ-NOUS -","breadcrumb":{"@id":"https:\/\/nesiller.com\/fr\/rejoignez-nous\/#breadcrumb"},"inLanguage":"fr-FR","potentialAction":[{"@type":"ReadAction","target":["https:\/\/nesiller.com\/fr\/rejoignez-nous\/"]}]},{"@type":"ImageObject","inLanguage":"fr-FR","@id":"https:\/\/nesiller.com\/fr\/rejoignez-nous\/#primaryimage","url":"https:\/\/nesiller.com\/wp-content\/uploads\/2023\/03\/join-us-g6hojk34es.jpg","contentUrl":"https:\/\/nesiller.com\/wp-content\/uploads\/2023\/03\/join-us-g6hojk34es.jpg"},{"@type":"BreadcrumbList","@id":"https:\/\/nesiller.com\/fr\/rejoignez-nous\/#breadcrumb","itemListElement":[{"@type":"ListItem","position":1,"name":"Home","item":"https:\/\/nesiller.com\/fr\/page-daccueil-2\/"},{"@type":"ListItem","position":2,"name":"REJOIGNEZ-NOUS"}]},{"@type":"WebSite","@id":"https:\/\/nesiller.com\/fr\/#website","url":"https:\/\/nesiller.com\/fr\/","name":"Nesiller Genetik","description":"Nesiller, the name of genetic expertise in Istanbul","publisher":{"@id":"https:\/\/nesiller.com\/fr\/#organization"},"potentialAction":[{"@type":"SearchAction","target":{"@type":"EntryPoint","urlTemplate":"https:\/\/nesiller.com\/fr\/?s={search_term_string}"},"query-input":{"@type":"PropertyValueSpecification","valueRequired":true,"valueName":"search_term_string"}}],"inLanguage":"fr-FR"},{"@type":"Organization","@id":"https:\/\/nesiller.com\/fr\/#organization","name":"Nesiller Genetik","url":"https:\/\/nesiller.com\/fr\/","logo":{"@type":"ImageObject","inLanguage":"fr-FR","@id":"https:\/\/nesiller.com\/fr\/#\/schema\/logo\/image\/","url":"https:\/\/nesiller.com\/wp-content\/uploads\/2023\/04\/nesiller-logo.jpg","contentUrl":"https:\/\/nesiller.com\/wp-content\/uploads\/2023\/04\/nesiller-logo.jpg","width":1000,"height":700,"caption":"Nesiller Genetik"},"image":{"@id":"https:\/\/nesiller.com\/fr\/#\/schema\/logo\/image\/"},"sameAs":["https:\/\/www.facebook.com\/NesillerGenetik","https:\/\/x.com\/NesillerGenetik"]}]}},"rttpg_featured_image_url":null,"rttpg_author":{"display_name":"admin","author_link":"https:\/\/nesiller.com\/fr\/author\/admin\/"},"rttpg_comment":0,"rttpg_category":" <a href=\"https:\/\/nesiller.com\/fr\/?taxonomy=translation_priority&#038;term=facultatif\" rel=\"tag\">Facultatif<\/a>","rttpg_excerpt":"Nesiller vise \u00e0 former un personnel exp\u00e9riment\u00e9 et permanent gr\u00e2ce \u00e0 son principe de travail ax\u00e9 sur l&rsquo;humain. Le domaine dans lequel nous op\u00e9rons \u00e9tant un domaine qui repose fortement sur le travail et les comp\u00e9tences des individus, nous examinons r\u00e9guli\u00e8rement nos conditions de travail de mani\u00e8re m\u00e9ticuleuse afin que nos employ\u00e9s puissent mieux refl\u00e9ter\u2026","_links":{"self":[{"href":"https:\/\/nesiller.com\/fr\/wp-json\/wp\/v2\/pages\/28478","targetHints":{"allow":["GET"]}}],"collection":[{"href":"https:\/\/nesiller.com\/fr\/wp-json\/wp\/v2\/pages"}],"about":[{"href":"https:\/\/nesiller.com\/fr\/wp-json\/wp\/v2\/types\/page"}],"author":[{"embeddable":true,"href":"https:\/\/nesiller.com\/fr\/wp-json\/wp\/v2\/users\/1"}],"replies":[{"embeddable":true,"href":"https:\/\/nesiller.com\/fr\/wp-json\/wp\/v2\/comments?post=28478"}],"version-history":[{"count":2,"href":"https:\/\/nesiller.com\/fr\/wp-json\/wp\/v2\/pages\/28478\/revisions"}],"predecessor-version":[{"id":29078,"href":"https:\/\/nesiller.com\/fr\/wp-json\/wp\/v2\/pages\/28478\/revisions\/29078"}],"wp:attachment":[{"href":"https:\/\/nesiller.com\/fr\/wp-json\/wp\/v2\/media?parent=28478"}],"curies":[{"name":"wp","href":"https:\/\/api.w.org\/{rel}","templated":true}]}}