{"id":28458,"date":"2023-03-28T00:50:51","date_gmt":"2023-03-27T21:50:51","guid":{"rendered":"https:\/\/nesiller.com\/notre-politique-de-confidentialite\/"},"modified":"2023-10-17T13:27:41","modified_gmt":"2023-10-17T10:27:41","slug":"notre-politique-de-confidentialite","status":"publish","type":"page","link":"https:\/\/nesiller.com\/fr\/notre-politique-de-confidentialite\/","title":{"rendered":"NOTRE POLITIQUE DE CONFIDENTIALIT\u00c9"},"content":{"rendered":"\t\t<div data-elementor-type=\"wp-page\" data-elementor-id=\"28458\" class=\"elementor elementor-28458 elementor-20962\">\n\t\t\t\t\t\t<section class=\"elementor-section elementor-top-section elementor-element elementor-element-d27f357 elementor-section-boxed elementor-section-height-default elementor-section-height-default\" data-id=\"d27f357\" data-element_type=\"section\">\n\t\t\t\t\t\t<div class=\"elementor-container elementor-column-gap-default\">\n\t\t\t\t\t<div class=\"elementor-column elementor-col-100 elementor-top-column elementor-element elementor-element-033a0e2\" data-id=\"033a0e2\" data-element_type=\"column\">\n\t\t\t<div class=\"elementor-widget-wrap elementor-element-populated\">\n\t\t\t\t\t\t<section class=\"elementor-section elementor-inner-section elementor-element elementor-element-e02f9c8 elementor-section-boxed elementor-section-height-default elementor-section-height-default\" data-id=\"e02f9c8\" data-element_type=\"section\">\n\t\t\t\t\t\t<div class=\"elementor-container elementor-column-gap-default\">\n\t\t\t\t\t<div class=\"elementor-column elementor-col-50 elementor-inner-column elementor-element elementor-element-f4bbb89\" data-id=\"f4bbb89\" data-element_type=\"column\">\n\t\t\t<div class=\"elementor-widget-wrap elementor-element-populated\">\n\t\t\t\t\t\t<div class=\"elementor-element elementor-element-2e8c2b1 elementor-widget elementor-widget-text-editor\" data-id=\"2e8c2b1\" data-element_type=\"widget\" data-widget_type=\"text-editor.default\">\n\t\t\t\t\t\t\t\t\t<h4>Nous nous soucions autant que vous de votre vie priv\u00e9e<\/h4>\n<div><\/div>\n<p class=\"font_8\">Nesiller Genetik Tan\u0131 ve Bilgi Hizmetleri A.\u015e,<b> conform\u00e9ment au r\u00e8glement<\/b> n\u00b0 31004 sur les<b> centres d\u2019\u00e9valuation des maladies g\u00e9n\u00e9tiques<\/b>;<\/p>\n\n<ul class=\"font_8\">\n \t<li>\n<p class=\"font_8\">Aucune mesure ne peut \u00eatre prise sans le consentement du demandeur, qui doit fournir le formulaire de consentement \u00e9clair\u00e9,<\/p>\n<\/li>\n \t<li>\n<p class=\"font_8\">Les r\u00e9sultats ne peuvent \u00eatre communiqu\u00e9s \u00e0 des tiers sans le consentement de la personne concern\u00e9e,<\/p>\n<\/li>\n \t<li>\n<p class=\"font_8\">Stockage en prenant toutes les mesures n\u00e9cessaires pour emp\u00eacher l\u2019acc\u00e8s direct ou indirect par des tiers<\/p>\n<\/li>\n<\/ul>\n<p class=\"font_8\">pour se conformer aux r\u00e8gles.<\/p>\n<p class=\"font_8\">Pour acc\u00e9der au r\u00e8glement correspondant, veuillez <strong>\n  <a href=\"https:\/\/www.resmigazete.gov.tr\/eskiler\/2020\/01\/20200110-1.htm\" target=\"_blank\" rel=\"noreferrer noopener\">cliquez ici<\/a>\n<\/strong>.<\/p>\n\n\n<hr>\n<p class=\"font_8\">En outre, lors du traitement de vos donn\u00e9es de sant\u00e9 \u00e0 caract\u00e8re personnel, vous pouvez \u00e9galement utiliser vos donn\u00e9es de sant\u00e9 \u00e0 caract\u00e8re personnel comme sp\u00e9cifi\u00e9 dans le<b>\u00ab\u00a0R\u00e8glement relatif au traitement des donn\u00e9es de sant\u00e9 \u00e0 caract\u00e8re personnel et \u00e0 la protection de la vie priv\u00e9e<\/b>\u00a0\u00bb dat\u00e9 du 20.10.2016.<\/p>\n\n<ul class=\"font_8\">\n \t<li>\n<p class=\"font_8\">Respect de la loi et des r\u00e8gles d\u2019honn\u00eatet\u00e9,<\/p>\n<\/li>\n \t<li>\n<p class=\"font_8\">\u00catre pr\u00e9cis et actualis\u00e9 si n\u00e9cessaire,<\/p>\n<\/li>\n \t<li>\n<p class=\"font_8\">Traitement pour des finalit\u00e9s d\u00e9termin\u00e9es, explicites et l\u00e9gitimes,<\/p>\n<\/li>\n \t<li>\n<p class=\"font_8\">\u00eatre pertinentes, limit\u00e9es et proportionn\u00e9es \u00e0 la finalit\u00e9 pour laquelle elles sont trait\u00e9es,<\/p>\n<\/li>\n \t<li>\n<p class=\"font_8\">Nous appliquons les dispositions relatives \u00e0 la conservation des donn\u00e9es pendant la p\u00e9riode n\u00e9cessaire \u00e0 la r\u00e9alisation de la finalit\u00e9 pour laquelle elles sont trait\u00e9es.<\/p>\n<\/li>\n<\/ul>\n<p class=\"font_8\">Pour acc\u00e9der au r\u00e8glement correspondant, veuillez <strong>\n  <a href=\"http:\/\/www.resmigazete.gov.tr\/eskiler\/2016\/10\/20161020-1.htm\" target=\"_blank\" rel=\"noreferrer noopener\">cliquez ici<\/a>\n<\/strong>.<\/p>\n\n\n<hr>\n<p class=\"font_8\">Enfin, conform\u00e9ment \u00e0 l\u2019article 11 de la loi n\u00b0 6698 sur la protection des donn\u00e9es personnelles Conform\u00e9ment \u00e0 l\u2019art. Les personnes concern\u00e9es ont le droit d\u2019\u00eatre inform\u00e9es des donn\u00e9es collect\u00e9es et trait\u00e9es.<\/p>\nPour acc\u00e9der aux fichiers concern\u00e9s, veuillez <strong><a href=\"https:\/\/nesiller.com\/wp-content\/uploads\/2023\/04\/KVKK_Kisisel_Veri_Aydinlatma_Metni.pdf\">[1]<\/a> <a href=\"https:\/\/nesiller.com\/wp-content\/uploads\/2023\/04\/KVKK_Kisisel_Veri_Basvuru_Formu.pdf\">[2]<\/a><\/strong>.\n\n<hr>\n\n<img decoding=\"async\" class=\" wp-image-30619 alignright\" src=\"https:\/\/nesiller.com\/wp-content\/uploads\/2023\/06\/ISO27001.png\" alt=\"\" width=\"198\" height=\"198\" srcset=\"https:\/\/nesiller.com\/wp-content\/uploads\/2023\/06\/ISO27001.png 200w, https:\/\/nesiller.com\/wp-content\/uploads\/2023\/06\/ISO27001-150x150.png 150w\" sizes=\"(max-width: 198px) 100vw, 198px\" \/>Un autre engagement consiste \u00e0 fournir un acc\u00e8s s\u00e9curis\u00e9 aux actifs informationnels de notre entreprise et de nos parties prenantes et \u00e0 \u00ab\u00a0prot\u00e9ger la disponibilit\u00e9, l\u2019int\u00e9grit\u00e9 et la confidentialit\u00e9 des informations\u00a0\u00bb conform\u00e9ment \u00e0 la <b>norme ISO 27001:2013 relative au syst\u00e8me de gestion de la s\u00e9curit\u00e9 de l\u2019information<\/b>.\n\nPour acc\u00e9der \u00e0 notre engagement en la mati\u00e8re, veuillez <strong>\n  <a title=\"PLT_01_BGYS_Cerceve_Policy\" href=\"https:\/\/nesiller.com\/wp-content\/uploads\/2023\/04\/PLT_01_BGYS_Cerceve_Politikasi_R00.pdf\" target=\"_blank\" rel=\"noopener noreferrer\" data-auth=\"Verified\" data-linkindex=\"0\">cliquer ici<\/a>\n<\/strong>.\t\t\t\t\t\t\t\t<\/div>\n\t\t\t\t\t<\/div>\n\t\t<\/div>\n\t\t\t\t<div class=\"elementor-column elementor-col-50 elementor-inner-column elementor-element elementor-element-9a8b7b3\" data-id=\"9a8b7b3\" data-element_type=\"column\">\n\t\t\t<div class=\"elementor-widget-wrap elementor-element-populated\">\n\t\t\t\t\t\t<div class=\"elementor-element elementor-element-1b68a8d elementor-widget elementor-widget-image\" data-id=\"1b68a8d\" data-element_type=\"widget\" data-widget_type=\"image.default\">\n\t\t\t\t\t\t\t\t\t\t\t\t\t\t\t<img fetchpriority=\"high\" decoding=\"async\" width=\"587\" height=\"980\" src=\"https:\/\/nesiller.com\/wp-content\/uploads\/2023\/03\/privacy-policy-9fcv43s2z.jpg\" class=\"attachment-large size-large wp-image-27304\" alt=\"POLICY OF PRIVACY\" srcset=\"https:\/\/nesiller.com\/wp-content\/uploads\/2023\/03\/privacy-policy-9fcv43s2z.jpg 587w, https:\/\/nesiller.com\/wp-content\/uploads\/2023\/03\/privacy-policy-9fcv43s2z-180x300.jpg 180w\" sizes=\"(max-width: 587px) 100vw, 587px\" \/>\t\t\t\t\t\t\t\t\t\t\t\t\t\t\t<\/div>\n\t\t\t\t\t<\/div>\n\t\t<\/div>\n\t\t\t\t\t<\/div>\n\t\t<\/section>\n\t\t\t\t\t<\/div>\n\t\t<\/div>\n\t\t\t\t\t<\/div>\n\t\t<\/section>\n\t\t\t\t<\/div>\n\t\t","protected":false},"excerpt":{"rendered":"<p>Nous nous soucions autant que vous de votre vie priv\u00e9e Nesiller Genetik Tan\u0131 ve Bilgi Hizmetleri A.\u015e, conform\u00e9ment au r\u00e8glement n\u00b0 31004 sur les centres d\u2019\u00e9valuation des maladies g\u00e9n\u00e9tiques; Aucune mesure ne peut \u00eatre prise sans le consentement du demandeur, qui doit fournir le formulaire de consentement \u00e9clair\u00e9, Les r\u00e9sultats ne peuvent \u00eatre communiqu\u00e9s \u00e0 [&hellip;]<\/p>\n","protected":false},"author":1,"featured_media":0,"parent":0,"menu_order":0,"comment_status":"closed","ping_status":"closed","template":"","meta":{"_monsterinsights_skip_tracking":false,"_monsterinsights_sitenote_active":false,"_monsterinsights_sitenote_note":"","_monsterinsights_sitenote_category":0,"footnotes":""},"class_list":["post-28458","page","type-page","status-publish","hentry"],"acf":[],"yoast_head":"<!-- This site is optimized with the Yoast SEO Premium plugin v26.2 (Yoast SEO v27.5) - https:\/\/yoast.com\/product\/yoast-seo-premium-wordpress\/ -->\n<title>NOTRE POLITIQUE DE CONFIDENTIALIT\u00c9 - Nesiller Genetic Center<\/title>\n<meta name=\"description\" content=\"NOTRE POLITIQUE DE CONFIDENTIALIT\u00c9 -\" \/>\n<meta name=\"robots\" content=\"index, follow, max-snippet:-1, max-image-preview:large, max-video-preview:-1\" \/>\n<link rel=\"canonical\" href=\"https:\/\/nesiller.com\/fr\/notre-politique-de-confidentialite\/\" \/>\n<meta property=\"og:locale\" content=\"fr_FR\" \/>\n<meta property=\"og:type\" content=\"article\" \/>\n<meta property=\"og:title\" content=\"NOTRE POLITIQUE DE CONFIDENTIALIT\u00c9\" \/>\n<meta property=\"og:description\" content=\"Nous nous soucions autant que vous de votre vie priv\u00e9e Nesiller Genetik Tan\u0131 ve Bilgi Hizmetleri A.\u015e, conform\u00e9ment au r\u00e8glement n\u00b0 31004 sur les centres\" \/>\n<meta property=\"og:url\" content=\"https:\/\/nesiller.com\/fr\/notre-politique-de-confidentialite\/\" \/>\n<meta property=\"og:site_name\" content=\"Nesiller Genetic Center\" \/>\n<meta property=\"article:publisher\" content=\"https:\/\/www.facebook.com\/NesillerGenetik\" \/>\n<meta property=\"article:modified_time\" content=\"2023-10-17T10:27:41+00:00\" \/>\n<meta property=\"og:image\" content=\"https:\/\/nesiller.com\/wp-content\/uploads\/2023\/06\/ISO27001.png\" \/>\n<meta name=\"twitter:card\" content=\"summary_large_image\" \/>\n<meta name=\"twitter:site\" content=\"@NesillerGenetik\" \/>\n<script type=\"application\/ld+json\" class=\"yoast-schema-graph\">{\"@context\":\"https:\\\/\\\/schema.org\",\"@graph\":[{\"@type\":\"WebPage\",\"@id\":\"https:\\\/\\\/nesiller.com\\\/fr\\\/notre-politique-de-confidentialite\\\/\",\"url\":\"https:\\\/\\\/nesiller.com\\\/fr\\\/notre-politique-de-confidentialite\\\/\",\"name\":\"NOTRE POLITIQUE DE CONFIDENTIALIT\u00c9 - Nesiller Genetic Center\",\"isPartOf\":{\"@id\":\"https:\\\/\\\/nesiller.com\\\/fr\\\/#website\"},\"primaryImageOfPage\":{\"@id\":\"https:\\\/\\\/nesiller.com\\\/fr\\\/notre-politique-de-confidentialite\\\/#primaryimage\"},\"image\":{\"@id\":\"https:\\\/\\\/nesiller.com\\\/fr\\\/notre-politique-de-confidentialite\\\/#primaryimage\"},\"thumbnailUrl\":\"https:\\\/\\\/nesiller.com\\\/wp-content\\\/uploads\\\/2023\\\/06\\\/ISO27001.png\",\"datePublished\":\"2023-03-27T21:50:51+00:00\",\"dateModified\":\"2023-10-17T10:27:41+00:00\",\"description\":\"NOTRE POLITIQUE DE CONFIDENTIALIT\u00c9 -\",\"breadcrumb\":{\"@id\":\"https:\\\/\\\/nesiller.com\\\/fr\\\/notre-politique-de-confidentialite\\\/#breadcrumb\"},\"inLanguage\":\"fr-FR\",\"potentialAction\":[{\"@type\":\"ReadAction\",\"target\":[\"https:\\\/\\\/nesiller.com\\\/fr\\\/notre-politique-de-confidentialite\\\/\"]}]},{\"@type\":\"ImageObject\",\"inLanguage\":\"fr-FR\",\"@id\":\"https:\\\/\\\/nesiller.com\\\/fr\\\/notre-politique-de-confidentialite\\\/#primaryimage\",\"url\":\"https:\\\/\\\/nesiller.com\\\/wp-content\\\/uploads\\\/2023\\\/06\\\/ISO27001.png\",\"contentUrl\":\"https:\\\/\\\/nesiller.com\\\/wp-content\\\/uploads\\\/2023\\\/06\\\/ISO27001.png\"},{\"@type\":\"BreadcrumbList\",\"@id\":\"https:\\\/\\\/nesiller.com\\\/fr\\\/notre-politique-de-confidentialite\\\/#breadcrumb\",\"itemListElement\":[{\"@type\":\"ListItem\",\"position\":1,\"name\":\"Home\",\"item\":\"https:\\\/\\\/nesiller.com\\\/fr\\\/page-daccueil-2\\\/\"},{\"@type\":\"ListItem\",\"position\":2,\"name\":\"NOTRE POLITIQUE DE CONFIDENTIALIT\u00c9\"}]},{\"@type\":\"WebSite\",\"@id\":\"https:\\\/\\\/nesiller.com\\\/fr\\\/#website\",\"url\":\"https:\\\/\\\/nesiller.com\\\/fr\\\/\",\"name\":\"Nesiller Genetik\",\"description\":\"Nesiller, the name of genetic expertise in Istanbul\",\"publisher\":{\"@id\":\"https:\\\/\\\/nesiller.com\\\/fr\\\/#organization\"},\"potentialAction\":[{\"@type\":\"SearchAction\",\"target\":{\"@type\":\"EntryPoint\",\"urlTemplate\":\"https:\\\/\\\/nesiller.com\\\/fr\\\/?s={search_term_string}\"},\"query-input\":{\"@type\":\"PropertyValueSpecification\",\"valueRequired\":true,\"valueName\":\"search_term_string\"}}],\"inLanguage\":\"fr-FR\"},{\"@type\":\"Organization\",\"@id\":\"https:\\\/\\\/nesiller.com\\\/fr\\\/#organization\",\"name\":\"Nesiller Genetik\",\"url\":\"https:\\\/\\\/nesiller.com\\\/fr\\\/\",\"logo\":{\"@type\":\"ImageObject\",\"inLanguage\":\"fr-FR\",\"@id\":\"https:\\\/\\\/nesiller.com\\\/fr\\\/#\\\/schema\\\/logo\\\/image\\\/\",\"url\":\"https:\\\/\\\/nesiller.com\\\/wp-content\\\/uploads\\\/2023\\\/04\\\/nesiller-logo.jpg\",\"contentUrl\":\"https:\\\/\\\/nesiller.com\\\/wp-content\\\/uploads\\\/2023\\\/04\\\/nesiller-logo.jpg\",\"width\":1000,\"height\":700,\"caption\":\"Nesiller Genetik\"},\"image\":{\"@id\":\"https:\\\/\\\/nesiller.com\\\/fr\\\/#\\\/schema\\\/logo\\\/image\\\/\"},\"sameAs\":[\"https:\\\/\\\/www.facebook.com\\\/NesillerGenetik\",\"https:\\\/\\\/x.com\\\/NesillerGenetik\"]}]}<\/script>\n<!-- \/ Yoast SEO Premium plugin. -->","yoast_head_json":{"title":"NOTRE POLITIQUE DE CONFIDENTIALIT\u00c9 - Nesiller Genetic Center","description":"NOTRE POLITIQUE DE CONFIDENTIALIT\u00c9 -","robots":{"index":"index","follow":"follow","max-snippet":"max-snippet:-1","max-image-preview":"max-image-preview:large","max-video-preview":"max-video-preview:-1"},"canonical":"https:\/\/nesiller.com\/fr\/notre-politique-de-confidentialite\/","og_locale":"fr_FR","og_type":"article","og_title":"NOTRE POLITIQUE DE CONFIDENTIALIT\u00c9","og_description":"Nous nous soucions autant que vous de votre vie priv\u00e9e Nesiller Genetik Tan\u0131 ve Bilgi Hizmetleri A.\u015e, conform\u00e9ment au r\u00e8glement n\u00b0 31004 sur les centres","og_url":"https:\/\/nesiller.com\/fr\/notre-politique-de-confidentialite\/","og_site_name":"Nesiller Genetic Center","article_publisher":"https:\/\/www.facebook.com\/NesillerGenetik","article_modified_time":"2023-10-17T10:27:41+00:00","og_image":[{"url":"https:\/\/nesiller.com\/wp-content\/uploads\/2023\/06\/ISO27001.png","type":"","width":"","height":""}],"twitter_card":"summary_large_image","twitter_site":"@NesillerGenetik","schema":{"@context":"https:\/\/schema.org","@graph":[{"@type":"WebPage","@id":"https:\/\/nesiller.com\/fr\/notre-politique-de-confidentialite\/","url":"https:\/\/nesiller.com\/fr\/notre-politique-de-confidentialite\/","name":"NOTRE POLITIQUE DE CONFIDENTIALIT\u00c9 - Nesiller Genetic Center","isPartOf":{"@id":"https:\/\/nesiller.com\/fr\/#website"},"primaryImageOfPage":{"@id":"https:\/\/nesiller.com\/fr\/notre-politique-de-confidentialite\/#primaryimage"},"image":{"@id":"https:\/\/nesiller.com\/fr\/notre-politique-de-confidentialite\/#primaryimage"},"thumbnailUrl":"https:\/\/nesiller.com\/wp-content\/uploads\/2023\/06\/ISO27001.png","datePublished":"2023-03-27T21:50:51+00:00","dateModified":"2023-10-17T10:27:41+00:00","description":"NOTRE POLITIQUE DE CONFIDENTIALIT\u00c9 -","breadcrumb":{"@id":"https:\/\/nesiller.com\/fr\/notre-politique-de-confidentialite\/#breadcrumb"},"inLanguage":"fr-FR","potentialAction":[{"@type":"ReadAction","target":["https:\/\/nesiller.com\/fr\/notre-politique-de-confidentialite\/"]}]},{"@type":"ImageObject","inLanguage":"fr-FR","@id":"https:\/\/nesiller.com\/fr\/notre-politique-de-confidentialite\/#primaryimage","url":"https:\/\/nesiller.com\/wp-content\/uploads\/2023\/06\/ISO27001.png","contentUrl":"https:\/\/nesiller.com\/wp-content\/uploads\/2023\/06\/ISO27001.png"},{"@type":"BreadcrumbList","@id":"https:\/\/nesiller.com\/fr\/notre-politique-de-confidentialite\/#breadcrumb","itemListElement":[{"@type":"ListItem","position":1,"name":"Home","item":"https:\/\/nesiller.com\/fr\/page-daccueil-2\/"},{"@type":"ListItem","position":2,"name":"NOTRE POLITIQUE DE CONFIDENTIALIT\u00c9"}]},{"@type":"WebSite","@id":"https:\/\/nesiller.com\/fr\/#website","url":"https:\/\/nesiller.com\/fr\/","name":"Nesiller Genetik","description":"Nesiller, the name of genetic expertise in Istanbul","publisher":{"@id":"https:\/\/nesiller.com\/fr\/#organization"},"potentialAction":[{"@type":"SearchAction","target":{"@type":"EntryPoint","urlTemplate":"https:\/\/nesiller.com\/fr\/?s={search_term_string}"},"query-input":{"@type":"PropertyValueSpecification","valueRequired":true,"valueName":"search_term_string"}}],"inLanguage":"fr-FR"},{"@type":"Organization","@id":"https:\/\/nesiller.com\/fr\/#organization","name":"Nesiller Genetik","url":"https:\/\/nesiller.com\/fr\/","logo":{"@type":"ImageObject","inLanguage":"fr-FR","@id":"https:\/\/nesiller.com\/fr\/#\/schema\/logo\/image\/","url":"https:\/\/nesiller.com\/wp-content\/uploads\/2023\/04\/nesiller-logo.jpg","contentUrl":"https:\/\/nesiller.com\/wp-content\/uploads\/2023\/04\/nesiller-logo.jpg","width":1000,"height":700,"caption":"Nesiller Genetik"},"image":{"@id":"https:\/\/nesiller.com\/fr\/#\/schema\/logo\/image\/"},"sameAs":["https:\/\/www.facebook.com\/NesillerGenetik","https:\/\/x.com\/NesillerGenetik"]}]}},"rttpg_featured_image_url":null,"rttpg_author":{"display_name":"admin","author_link":"https:\/\/nesiller.com\/fr\/author\/admin\/"},"rttpg_comment":0,"rttpg_category":" <a href=\"https:\/\/nesiller.com\/fr\/?taxonomy=translation_priority&#038;term=facultatif\" rel=\"tag\">Facultatif<\/a>","rttpg_excerpt":"Nous nous soucions autant que vous de votre vie priv\u00e9e Nesiller Genetik Tan\u0131 ve Bilgi Hizmetleri A.\u015e, conform\u00e9ment au r\u00e8glement n\u00b0 31004 sur les centres d\u2019\u00e9valuation des maladies g\u00e9n\u00e9tiques; Aucune mesure ne peut \u00eatre prise sans le consentement du demandeur, qui doit fournir le formulaire de consentement \u00e9clair\u00e9, Les r\u00e9sultats ne peuvent \u00eatre communiqu\u00e9s \u00e0\u2026","_links":{"self":[{"href":"https:\/\/nesiller.com\/fr\/wp-json\/wp\/v2\/pages\/28458","targetHints":{"allow":["GET"]}}],"collection":[{"href":"https:\/\/nesiller.com\/fr\/wp-json\/wp\/v2\/pages"}],"about":[{"href":"https:\/\/nesiller.com\/fr\/wp-json\/wp\/v2\/types\/page"}],"author":[{"embeddable":true,"href":"https:\/\/nesiller.com\/fr\/wp-json\/wp\/v2\/users\/1"}],"replies":[{"embeddable":true,"href":"https:\/\/nesiller.com\/fr\/wp-json\/wp\/v2\/comments?post=28458"}],"version-history":[{"count":4,"href":"https:\/\/nesiller.com\/fr\/wp-json\/wp\/v2\/pages\/28458\/revisions"}],"predecessor-version":[{"id":31940,"href":"https:\/\/nesiller.com\/fr\/wp-json\/wp\/v2\/pages\/28458\/revisions\/31940"}],"wp:attachment":[{"href":"https:\/\/nesiller.com\/fr\/wp-json\/wp\/v2\/media?parent=28458"}],"curies":[{"name":"wp","href":"https:\/\/api.w.org\/{rel}","templated":true}]}}