{"id":28423,"date":"2023-03-27T19:51:05","date_gmt":"2023-03-27T16:51:05","guid":{"rendered":"https:\/\/nesiller.com\/notre-conception-de-la-qualite\/"},"modified":"2025-03-06T10:43:05","modified_gmt":"2025-03-06T07:43:05","slug":"notre-conception-de-la-qualite","status":"publish","type":"page","link":"https:\/\/nesiller.com\/fr\/notre-conception-de-la-qualite\/","title":{"rendered":"NOTRE CONCEPTION DE LA QUALIT\u00c9"},"content":{"rendered":"\t\t<div data-elementor-type=\"wp-page\" data-elementor-id=\"28423\" class=\"elementor elementor-28423 elementor-20944\">\n\t\t\t\t\t\t<section class=\"elementor-section elementor-top-section elementor-element elementor-element-d27f357 elementor-section-boxed elementor-section-height-default elementor-section-height-default\" data-id=\"d27f357\" data-element_type=\"section\">\n\t\t\t\t\t\t<div class=\"elementor-container elementor-column-gap-default\">\n\t\t\t\t\t<div class=\"elementor-column elementor-col-100 elementor-top-column elementor-element elementor-element-033a0e2\" data-id=\"033a0e2\" data-element_type=\"column\">\n\t\t\t<div class=\"elementor-widget-wrap elementor-element-populated\">\n\t\t\t\t\t\t<section class=\"elementor-section elementor-inner-section elementor-element elementor-element-e02f9c8 elementor-section-boxed elementor-section-height-default elementor-section-height-default\" data-id=\"e02f9c8\" data-element_type=\"section\">\n\t\t\t\t\t\t<div class=\"elementor-container elementor-column-gap-default\">\n\t\t\t\t\t<div class=\"elementor-column elementor-col-50 elementor-inner-column elementor-element elementor-element-f4bbb89\" data-id=\"f4bbb89\" data-element_type=\"column\">\n\t\t\t<div class=\"elementor-widget-wrap elementor-element-populated\">\n\t\t\t\t\t\t<div class=\"elementor-element elementor-element-2e8c2b1 elementor-widget elementor-widget-text-editor\" data-id=\"2e8c2b1\" data-element_type=\"widget\" data-widget_type=\"text-editor.default\">\n\t\t\t\t\t\t\t\t\t\n          <p class=\"font_8\">Notre objectif est de fournir des tests de diagnostic et des conseils en g\u00e9n\u00e9tique m\u00e9dicale de qualit\u00e9 sup\u00e9rieure afin de r\u00e9pondre au mieux aux attentes de nos patients, des cliniciens et des clients qui font appel \u00e0 nos services.<\/p>\n          \n\n          <p class=\"font_8\">Notre approche holistique de la qualit\u00e9 consiste \u00e0 mettre l&rsquo;accent sur la satisfaction du client, sur des processus de laboratoire et des pratiques cliniques exemplaires et sur l&rsquo;am\u00e9lioration continue.<\/p>\n          \n\n          \n\n          <h4 style=\"text-align: left;\">Notre programme de qualit\u00e9 est complet, pr\u00e9cis et ax\u00e9 sur les r\u00e9sultats.<\/h4>\n          \n\n          <div><\/div>\n          \n\n          <p class=\"font_8\">Nous sommes conscients de la haute responsabilit\u00e9 que nous portons dans le domaine que nous servons. Le diagnostic et le d\u00e9pistage sont d&rsquo;une grande importance dans les applications m\u00e9dicales de la science g\u00e9n\u00e9tique, qui sont n\u00e9cessaires \u00e0 la protection et au r\u00e9tablissement de la sant\u00e9 des individus et\/ou au d\u00e9veloppement de g\u00e9n\u00e9rations saines. M\u00eame la plus petite erreur possible peut entra\u00eener des probl\u00e8mes importants par la suite.<\/p>\n          \n\n          <p class=\"font_8\">\u00c0 ce stade, il est extr\u00eamement important que des r\u00e9sultats exacts, pr\u00e9cis, fiables et opportuns soient transmis avec pr\u00e9cision \u00e0 nos clients \u00e0 Nesiller, qui d\u00e9montre son syst\u00e8me de gestion de la qualit\u00e9 et sa comp\u00e9tence technique avec son accr\u00e9ditation internationale \u00ab\u00a0<strong>TS EN ISO 15189 : 2014 Requirements for Quality and Competence in Medical Laboratories<\/strong>\u00a0\u00bb (Exigences en mati\u00e8re de qualit\u00e9 et de comp\u00e9tence dans les laboratoires m\u00e9dicaux).<\/p>\n          \n\n          <p class=\"font_8\">La certification ISO nous engage \u00e0 l&rsquo;am\u00e9lioration continue de nos services gr\u00e2ce \u00e0 la mesure permanente de notre qualit\u00e9. Cet engagement va du contr\u00f4le continu des proc\u00e9dures en laboratoire \u00e0 l&rsquo;\u00e9laboration de nos propres proc\u00e9dures analytiques et \u00e0 la fourniture de conseils de haute qualit\u00e9 aux patients. Cela signifie \u00e9galement un engagement continu en faveur de la formation et du d\u00e9veloppement du personnel.<\/p>\n          \n\n          <p class=\"font_8\">Notre conception de la qualit\u00e9 d\u00e9passe les fronti\u00e8res et a fait l&rsquo;objet d&rsquo;audits et de certifications par des entreprises internationales. Dans ce contexte, nous disposons de certificats de qualit\u00e9 d\u00e9livr\u00e9s par l&rsquo;INSTAND (Allemagne), l&rsquo;EMQN (European Molecular Genetics Quality Network) (Royaume-Uni), le CAP (College of American Pathologists) (\u00c9tats-Unis) et le CEQAS (Cytogenomic External Quality Assessment Service), qui \u00e9valuent la qualit\u00e9 de l&rsquo;infrastructure et des tests g\u00e9n\u00e9tiques de notre laboratoire. Notre institution continue d&rsquo;\u00eatre audit\u00e9e chaque ann\u00e9e et renouvelle ses certificats existants.  <\/p>\n        \t\t\t\t\t\t\t\t<\/div>\n\t\t\t\t\t<\/div>\n\t\t<\/div>\n\t\t\t\t<div class=\"elementor-column elementor-col-50 elementor-inner-column elementor-element elementor-element-9a8b7b3\" data-id=\"9a8b7b3\" data-element_type=\"column\">\n\t\t\t<div class=\"elementor-widget-wrap elementor-element-populated\">\n\t\t\t\t\t\t<div class=\"elementor-element elementor-element-1b68a8d elementor-widget elementor-widget-image\" data-id=\"1b68a8d\" data-element_type=\"widget\" data-widget_type=\"image.default\">\n\t\t\t\t\t\t\t\t\t\t\t\t\t\t\t<img fetchpriority=\"high\" decoding=\"async\" width=\"587\" height=\"980\" src=\"https:\/\/nesiller.com\/wp-content\/uploads\/2023\/03\/quality-control-4jhg09las4.jpg\" class=\"attachment-large size-large wp-image-27298\" alt=\"\" srcset=\"https:\/\/nesiller.com\/wp-content\/uploads\/2023\/03\/quality-control-4jhg09las4.jpg 587w, https:\/\/nesiller.com\/wp-content\/uploads\/2023\/03\/quality-control-4jhg09las4-180x300.jpg 180w\" sizes=\"(max-width: 587px) 100vw, 587px\" \/>\t\t\t\t\t\t\t\t\t\t\t\t\t\t\t<\/div>\n\t\t\t\t\t<\/div>\n\t\t<\/div>\n\t\t\t\t\t<\/div>\n\t\t<\/section>\n\t\t\t\t<section class=\"elementor-section elementor-inner-section elementor-element elementor-element-6e7641f elementor-section-boxed elementor-section-height-default elementor-section-height-default\" data-id=\"6e7641f\" data-element_type=\"section\">\n\t\t\t\t\t\t<div class=\"elementor-container elementor-column-gap-default\">\n\t\t\t\t\t<div class=\"elementor-column elementor-col-14 elementor-inner-column elementor-element elementor-element-92446e0\" data-id=\"92446e0\" data-element_type=\"column\">\n\t\t\t<div class=\"elementor-widget-wrap elementor-element-populated\">\n\t\t\t\t\t\t<div class=\"elementor-element elementor-element-a5b952b elementor-widget elementor-widget-image\" data-id=\"a5b952b\" data-element_type=\"widget\" data-widget_type=\"image.default\">\n\t\t\t\t\t\t\t\t\t\t\t\t\t\t\t<img decoding=\"async\" width=\"150\" height=\"150\" src=\"https:\/\/nesiller.com\/wp-content\/uploads\/2023\/07\/CAP_Lab_Accreditation_Logo-150x150.png\" class=\"attachment-thumbnail size-thumbnail wp-image-31399\" alt=\"CAP Lab Accreditation Logo\" srcset=\"https:\/\/nesiller.com\/wp-content\/uploads\/2023\/07\/CAP_Lab_Accreditation_Logo-150x150.png 150w, https:\/\/nesiller.com\/wp-content\/uploads\/2023\/07\/CAP_Lab_Accreditation_Logo.png 200w\" sizes=\"(max-width: 150px) 100vw, 150px\" \/>\t\t\t\t\t\t\t\t\t\t\t\t\t\t\t<\/div>\n\t\t\t\t\t<\/div>\n\t\t<\/div>\n\t\t\t\t<div class=\"elementor-column elementor-col-14 elementor-inner-column elementor-element elementor-element-93f46c2\" data-id=\"93f46c2\" data-element_type=\"column\">\n\t\t\t<div class=\"elementor-widget-wrap elementor-element-populated\">\n\t\t\t\t\t\t<div class=\"elementor-element elementor-element-aef8cb2 elementor-widget elementor-widget-image\" data-id=\"aef8cb2\" data-element_type=\"widget\" data-widget_type=\"image.default\">\n\t\t\t\t\t\t\t\t\t\t\t\t\t\t\t<img decoding=\"async\" width=\"150\" height=\"150\" src=\"https:\/\/nesiller.com\/wp-content\/uploads\/2023\/03\/cert-iso15189-150x150.jpg\" class=\"attachment-thumbnail size-thumbnail wp-image-27280\" alt=\"iso 15189\" srcset=\"https:\/\/nesiller.com\/wp-content\/uploads\/2023\/03\/cert-iso15189-150x150.jpg 150w, https:\/\/nesiller.com\/wp-content\/uploads\/2023\/03\/cert-iso15189.jpg 200w\" sizes=\"(max-width: 150px) 100vw, 150px\" \/>\t\t\t\t\t\t\t\t\t\t\t\t\t\t\t<\/div>\n\t\t\t\t\t<\/div>\n\t\t<\/div>\n\t\t\t\t<div class=\"elementor-column elementor-col-14 elementor-inner-column elementor-element elementor-element-513e74c\" data-id=\"513e74c\" data-element_type=\"column\">\n\t\t\t<div class=\"elementor-widget-wrap elementor-element-populated\">\n\t\t\t\t\t\t<div class=\"elementor-element elementor-element-ef3bc83 elementor-widget elementor-widget-image\" data-id=\"ef3bc83\" data-element_type=\"widget\" data-widget_type=\"image.default\">\n\t\t\t\t\t\t\t\t\t\t\t\t\t\t\t<img loading=\"lazy\" decoding=\"async\" width=\"150\" height=\"150\" src=\"https:\/\/nesiller.com\/wp-content\/uploads\/2023\/03\/cert-emqan-150x150.jpg\" class=\"attachment-thumbnail size-thumbnail wp-image-27268\" alt=\"cert-emqan\" srcset=\"https:\/\/nesiller.com\/wp-content\/uploads\/2023\/03\/cert-emqan-150x150.jpg 150w, https:\/\/nesiller.com\/wp-content\/uploads\/2023\/03\/cert-emqan.jpg 200w\" sizes=\"(max-width: 150px) 100vw, 150px\" \/>\t\t\t\t\t\t\t\t\t\t\t\t\t\t\t<\/div>\n\t\t\t\t\t<\/div>\n\t\t<\/div>\n\t\t\t\t<div class=\"elementor-column elementor-col-14 elementor-inner-column elementor-element elementor-element-7ee32d8\" data-id=\"7ee32d8\" data-element_type=\"column\">\n\t\t\t<div class=\"elementor-widget-wrap elementor-element-populated\">\n\t\t\t\t\t\t<div class=\"elementor-element elementor-element-6e3003f elementor-widget elementor-widget-image\" data-id=\"6e3003f\" data-element_type=\"widget\" data-widget_type=\"image.default\">\n\t\t\t\t\t\t\t\t\t\t\t\t\t\t\t<img loading=\"lazy\" decoding=\"async\" width=\"150\" height=\"150\" src=\"https:\/\/nesiller.com\/wp-content\/uploads\/2023\/03\/cert-instand-150x150.jpg\" class=\"attachment-thumbnail size-thumbnail wp-image-27274\" alt=\"cert-instand\" srcset=\"https:\/\/nesiller.com\/wp-content\/uploads\/2023\/03\/cert-instand-150x150.jpg 150w, https:\/\/nesiller.com\/wp-content\/uploads\/2023\/03\/cert-instand.jpg 200w\" sizes=\"(max-width: 150px) 100vw, 150px\" \/>\t\t\t\t\t\t\t\t\t\t\t\t\t\t\t<\/div>\n\t\t\t\t\t<\/div>\n\t\t<\/div>\n\t\t\t\t<div class=\"elementor-column elementor-col-14 elementor-inner-column elementor-element elementor-element-f66307a\" data-id=\"f66307a\" data-element_type=\"column\">\n\t\t\t<div class=\"elementor-widget-wrap elementor-element-populated\">\n\t\t\t\t\t\t<div class=\"elementor-element elementor-element-d76785a elementor-widget elementor-widget-image\" data-id=\"d76785a\" data-element_type=\"widget\" data-widget_type=\"image.default\">\n\t\t\t\t\t\t\t\t\t\t\t\t\t\t\t<img loading=\"lazy\" decoding=\"async\" width=\"150\" height=\"150\" src=\"https:\/\/nesiller.com\/wp-content\/uploads\/2023\/03\/cert-ceqas-150x150.jpg\" class=\"attachment-thumbnail size-thumbnail wp-image-27262\" alt=\"cert-ceqas\" srcset=\"https:\/\/nesiller.com\/wp-content\/uploads\/2023\/03\/cert-ceqas-150x150.jpg 150w, https:\/\/nesiller.com\/wp-content\/uploads\/2023\/03\/cert-ceqas.jpg 200w\" sizes=\"(max-width: 150px) 100vw, 150px\" \/>\t\t\t\t\t\t\t\t\t\t\t\t\t\t\t<\/div>\n\t\t\t\t\t<\/div>\n\t\t<\/div>\n\t\t\t\t<div class=\"elementor-column elementor-col-14 elementor-inner-column elementor-element elementor-element-83dfdf4\" data-id=\"83dfdf4\" data-element_type=\"column\">\n\t\t\t<div class=\"elementor-widget-wrap elementor-element-populated\">\n\t\t\t\t\t\t<div class=\"elementor-element elementor-element-b765cbc elementor-widget elementor-widget-image\" data-id=\"b765cbc\" data-element_type=\"widget\" data-widget_type=\"image.default\">\n\t\t\t\t\t\t\t\t\t\t\t\t\t\t\t\t<a href=\"#turkak\">\n\t\t\t\t\t\t\t<img loading=\"lazy\" decoding=\"async\" width=\"96\" height=\"150\" src=\"https:\/\/nesiller.com\/wp-content\/uploads\/2025\/03\/turkak-2025.png\" class=\"attachment-thumbnail size-thumbnail wp-image-32735\" alt=\"\" \/>\t\t\t\t\t\t\t\t<\/a>\n\t\t\t\t\t\t\t\t\t\t\t\t\t\t\t<\/div>\n\t\t\t\t\t<\/div>\n\t\t<\/div>\n\t\t\t\t<div class=\"elementor-column elementor-col-14 elementor-inner-column elementor-element elementor-element-ba7a898\" data-id=\"ba7a898\" data-element_type=\"column\">\n\t\t\t<div class=\"elementor-widget-wrap elementor-element-populated\">\n\t\t\t\t\t\t<div class=\"elementor-element elementor-element-1ba590e elementor-widget elementor-widget-image\" data-id=\"1ba590e\" data-element_type=\"widget\" data-widget_type=\"image.default\">\n\t\t\t\t\t\t\t\t\t\t\t\t\t\t\t<img loading=\"lazy\" decoding=\"async\" width=\"150\" height=\"150\" src=\"https:\/\/nesiller.com\/wp-content\/uploads\/2023\/06\/ISO27001-150x150.png\" class=\"attachment-thumbnail size-thumbnail wp-image-30621\" alt=\"iso 27001\" srcset=\"https:\/\/nesiller.com\/wp-content\/uploads\/2023\/06\/ISO27001-150x150.png 150w, https:\/\/nesiller.com\/wp-content\/uploads\/2023\/06\/ISO27001.png 200w\" sizes=\"(max-width: 150px) 100vw, 150px\" \/>\t\t\t\t\t\t\t\t\t\t\t\t\t\t\t<\/div>\n\t\t\t\t\t<\/div>\n\t\t<\/div>\n\t\t\t\t\t<\/div>\n\t\t<\/section>\n\t\t\t\t\t<\/div>\n\t\t<\/div>\n\t\t\t\t\t<\/div>\n\t\t<\/section>\n\t\t<div class=\"elementor-element elementor-element-e8352f2 e-flex e-con-boxed e-con e-parent\" data-id=\"e8352f2\" data-element_type=\"container\">\n\t\t\t\t\t<div class=\"e-con-inner\">\n\t\t\t\t<div class=\"elementor-element elementor-element-76bb94f elementor-widget elementor-widget-html\" data-id=\"76bb94f\" data-element_type=\"widget\" data-widget_type=\"html.default\">\n\t\t\t\t\t\n          <div id=\"turkak\" class=\"overlay\">\n            \n\n            <div class=\"popup\">\n              \n\n              <h4>TURKAK<\/h4>\n              \n\n              <a class=\"close\" href=\"#\">\u00d7<\/a>\n              \n\n              <div class=\"popupcontent\" style=\"color: #000; padding: 15px;overflow: scroll; height: 400px;\">\n\n<img decoding=\"async\" src=\"https:\/\/nesiller.com\/wp-content\/uploads\/2023\/10\/TURKAK_1g6jh0hk50sf.jpg\"> \n\n<\/div>\n              \n\n            <\/div>\n            \n\n          <\/div>\n        \t\t\t\t<\/div>\n\t\t\t\t\t<\/div>\n\t\t\t\t<\/div>\n\t\t\t\t<\/div>\n\t\t","protected":false},"excerpt":{"rendered":"<p>Notre objectif est de fournir des tests de diagnostic et des conseils en g\u00e9n\u00e9tique m\u00e9dicale de qualit\u00e9 sup\u00e9rieure afin de r\u00e9pondre au mieux aux attentes de nos patients, des cliniciens et des clients qui font appel \u00e0 nos services. Notre approche holistique de la qualit\u00e9 consiste \u00e0 mettre l&rsquo;accent sur la satisfaction du client, sur [&hellip;]<\/p>\n","protected":false},"author":1,"featured_media":0,"parent":0,"menu_order":0,"comment_status":"closed","ping_status":"closed","template":"","meta":{"_monsterinsights_skip_tracking":false,"_monsterinsights_sitenote_active":false,"_monsterinsights_sitenote_note":"","_monsterinsights_sitenote_category":0,"footnotes":""},"class_list":["post-28423","page","type-page","status-publish","hentry"],"acf":[],"yoast_head":"<!-- This site is optimized with the Yoast SEO Premium plugin v26.2 (Yoast SEO v27.3) - https:\/\/yoast.com\/product\/yoast-seo-premium-wordpress\/ -->\n<title>NOTRE CONCEPTION DE LA QUALIT\u00c9 - Nesiller Genetic Center<\/title>\n<meta name=\"description\" content=\"NOTRE CONCEPTION DE LA QUALIT\u00c9 -\" \/>\n<meta name=\"robots\" content=\"index, follow, max-snippet:-1, max-image-preview:large, max-video-preview:-1\" \/>\n<link rel=\"canonical\" href=\"https:\/\/nesiller.com\/fr\/notre-conception-de-la-qualite\/\" \/>\n<meta property=\"og:locale\" content=\"fr_FR\" \/>\n<meta property=\"og:type\" content=\"article\" \/>\n<meta property=\"og:title\" content=\"NOTRE CONCEPTION DE LA QUALIT\u00c9\" \/>\n<meta property=\"og:description\" content=\"Notre objectif est de fournir des tests de diagnostic et des conseils en g\u00e9n\u00e9tique m\u00e9dicale de qualit\u00e9 sup\u00e9rieure afin de r\u00e9pondre au mieux aux attentes\" \/>\n<meta property=\"og:url\" content=\"https:\/\/nesiller.com\/fr\/notre-conception-de-la-qualite\/\" \/>\n<meta property=\"og:site_name\" content=\"Nesiller Genetic Center\" \/>\n<meta property=\"article:publisher\" content=\"https:\/\/www.facebook.com\/NesillerGenetik\" \/>\n<meta property=\"article:modified_time\" content=\"2025-03-06T07:43:05+00:00\" \/>\n<meta property=\"og:image\" content=\"https:\/\/nesiller.com\/wp-content\/uploads\/2023\/03\/quality-control-4jhg09las4.jpg\" \/>\n\t<meta property=\"og:image:width\" content=\"587\" \/>\n\t<meta property=\"og:image:height\" content=\"980\" \/>\n\t<meta property=\"og:image:type\" content=\"image\/jpeg\" \/>\n<meta name=\"twitter:card\" content=\"summary_large_image\" \/>\n<meta name=\"twitter:site\" content=\"@NesillerGenetik\" \/>\n<script type=\"application\/ld+json\" class=\"yoast-schema-graph\">{\"@context\":\"https:\\\/\\\/schema.org\",\"@graph\":[{\"@type\":\"WebPage\",\"@id\":\"https:\\\/\\\/nesiller.com\\\/fr\\\/notre-conception-de-la-qualite\\\/\",\"url\":\"https:\\\/\\\/nesiller.com\\\/fr\\\/notre-conception-de-la-qualite\\\/\",\"name\":\"NOTRE CONCEPTION DE LA QUALIT\u00c9 - Nesiller Genetic Center\",\"isPartOf\":{\"@id\":\"https:\\\/\\\/nesiller.com\\\/fr\\\/#website\"},\"primaryImageOfPage\":{\"@id\":\"https:\\\/\\\/nesiller.com\\\/fr\\\/notre-conception-de-la-qualite\\\/#primaryimage\"},\"image\":{\"@id\":\"https:\\\/\\\/nesiller.com\\\/fr\\\/notre-conception-de-la-qualite\\\/#primaryimage\"},\"thumbnailUrl\":\"https:\\\/\\\/nesiller.com\\\/wp-content\\\/uploads\\\/2023\\\/03\\\/quality-control-4jhg09las4.jpg\",\"datePublished\":\"2023-03-27T16:51:05+00:00\",\"dateModified\":\"2025-03-06T07:43:05+00:00\",\"description\":\"NOTRE CONCEPTION DE LA QUALIT\u00c9 -\",\"breadcrumb\":{\"@id\":\"https:\\\/\\\/nesiller.com\\\/fr\\\/notre-conception-de-la-qualite\\\/#breadcrumb\"},\"inLanguage\":\"fr-FR\",\"potentialAction\":[{\"@type\":\"ReadAction\",\"target\":[\"https:\\\/\\\/nesiller.com\\\/fr\\\/notre-conception-de-la-qualite\\\/\"]}]},{\"@type\":\"ImageObject\",\"inLanguage\":\"fr-FR\",\"@id\":\"https:\\\/\\\/nesiller.com\\\/fr\\\/notre-conception-de-la-qualite\\\/#primaryimage\",\"url\":\"https:\\\/\\\/nesiller.com\\\/wp-content\\\/uploads\\\/2023\\\/03\\\/quality-control-4jhg09las4.jpg\",\"contentUrl\":\"https:\\\/\\\/nesiller.com\\\/wp-content\\\/uploads\\\/2023\\\/03\\\/quality-control-4jhg09las4.jpg\"},{\"@type\":\"BreadcrumbList\",\"@id\":\"https:\\\/\\\/nesiller.com\\\/fr\\\/notre-conception-de-la-qualite\\\/#breadcrumb\",\"itemListElement\":[{\"@type\":\"ListItem\",\"position\":1,\"name\":\"Home\",\"item\":\"https:\\\/\\\/nesiller.com\\\/fr\\\/page-daccueil-2\\\/\"},{\"@type\":\"ListItem\",\"position\":2,\"name\":\"NOTRE CONCEPTION DE LA QUALIT\u00c9\"}]},{\"@type\":\"WebSite\",\"@id\":\"https:\\\/\\\/nesiller.com\\\/fr\\\/#website\",\"url\":\"https:\\\/\\\/nesiller.com\\\/fr\\\/\",\"name\":\"Nesiller Genetik\",\"description\":\"Nesiller, the name of genetic expertise in Istanbul\",\"publisher\":{\"@id\":\"https:\\\/\\\/nesiller.com\\\/fr\\\/#organization\"},\"potentialAction\":[{\"@type\":\"SearchAction\",\"target\":{\"@type\":\"EntryPoint\",\"urlTemplate\":\"https:\\\/\\\/nesiller.com\\\/fr\\\/?s={search_term_string}\"},\"query-input\":{\"@type\":\"PropertyValueSpecification\",\"valueRequired\":true,\"valueName\":\"search_term_string\"}}],\"inLanguage\":\"fr-FR\"},{\"@type\":\"Organization\",\"@id\":\"https:\\\/\\\/nesiller.com\\\/fr\\\/#organization\",\"name\":\"Nesiller Genetik\",\"url\":\"https:\\\/\\\/nesiller.com\\\/fr\\\/\",\"logo\":{\"@type\":\"ImageObject\",\"inLanguage\":\"fr-FR\",\"@id\":\"https:\\\/\\\/nesiller.com\\\/fr\\\/#\\\/schema\\\/logo\\\/image\\\/\",\"url\":\"https:\\\/\\\/nesiller.com\\\/wp-content\\\/uploads\\\/2023\\\/04\\\/nesiller-logo.jpg\",\"contentUrl\":\"https:\\\/\\\/nesiller.com\\\/wp-content\\\/uploads\\\/2023\\\/04\\\/nesiller-logo.jpg\",\"width\":1000,\"height\":700,\"caption\":\"Nesiller Genetik\"},\"image\":{\"@id\":\"https:\\\/\\\/nesiller.com\\\/fr\\\/#\\\/schema\\\/logo\\\/image\\\/\"},\"sameAs\":[\"https:\\\/\\\/www.facebook.com\\\/NesillerGenetik\",\"https:\\\/\\\/x.com\\\/NesillerGenetik\"]}]}<\/script>\n<!-- \/ Yoast SEO Premium plugin. -->","yoast_head_json":{"title":"NOTRE CONCEPTION DE LA QUALIT\u00c9 - Nesiller Genetic Center","description":"NOTRE CONCEPTION DE LA QUALIT\u00c9 -","robots":{"index":"index","follow":"follow","max-snippet":"max-snippet:-1","max-image-preview":"max-image-preview:large","max-video-preview":"max-video-preview:-1"},"canonical":"https:\/\/nesiller.com\/fr\/notre-conception-de-la-qualite\/","og_locale":"fr_FR","og_type":"article","og_title":"NOTRE CONCEPTION DE LA QUALIT\u00c9","og_description":"Notre objectif est de fournir des tests de diagnostic et des conseils en g\u00e9n\u00e9tique m\u00e9dicale de qualit\u00e9 sup\u00e9rieure afin de r\u00e9pondre au mieux aux attentes","og_url":"https:\/\/nesiller.com\/fr\/notre-conception-de-la-qualite\/","og_site_name":"Nesiller Genetic Center","article_publisher":"https:\/\/www.facebook.com\/NesillerGenetik","article_modified_time":"2025-03-06T07:43:05+00:00","og_image":[{"width":587,"height":980,"url":"https:\/\/nesiller.com\/wp-content\/uploads\/2023\/03\/quality-control-4jhg09las4.jpg","type":"image\/jpeg"}],"twitter_card":"summary_large_image","twitter_site":"@NesillerGenetik","schema":{"@context":"https:\/\/schema.org","@graph":[{"@type":"WebPage","@id":"https:\/\/nesiller.com\/fr\/notre-conception-de-la-qualite\/","url":"https:\/\/nesiller.com\/fr\/notre-conception-de-la-qualite\/","name":"NOTRE CONCEPTION DE LA QUALIT\u00c9 - Nesiller Genetic Center","isPartOf":{"@id":"https:\/\/nesiller.com\/fr\/#website"},"primaryImageOfPage":{"@id":"https:\/\/nesiller.com\/fr\/notre-conception-de-la-qualite\/#primaryimage"},"image":{"@id":"https:\/\/nesiller.com\/fr\/notre-conception-de-la-qualite\/#primaryimage"},"thumbnailUrl":"https:\/\/nesiller.com\/wp-content\/uploads\/2023\/03\/quality-control-4jhg09las4.jpg","datePublished":"2023-03-27T16:51:05+00:00","dateModified":"2025-03-06T07:43:05+00:00","description":"NOTRE CONCEPTION DE LA QUALIT\u00c9 -","breadcrumb":{"@id":"https:\/\/nesiller.com\/fr\/notre-conception-de-la-qualite\/#breadcrumb"},"inLanguage":"fr-FR","potentialAction":[{"@type":"ReadAction","target":["https:\/\/nesiller.com\/fr\/notre-conception-de-la-qualite\/"]}]},{"@type":"ImageObject","inLanguage":"fr-FR","@id":"https:\/\/nesiller.com\/fr\/notre-conception-de-la-qualite\/#primaryimage","url":"https:\/\/nesiller.com\/wp-content\/uploads\/2023\/03\/quality-control-4jhg09las4.jpg","contentUrl":"https:\/\/nesiller.com\/wp-content\/uploads\/2023\/03\/quality-control-4jhg09las4.jpg"},{"@type":"BreadcrumbList","@id":"https:\/\/nesiller.com\/fr\/notre-conception-de-la-qualite\/#breadcrumb","itemListElement":[{"@type":"ListItem","position":1,"name":"Home","item":"https:\/\/nesiller.com\/fr\/page-daccueil-2\/"},{"@type":"ListItem","position":2,"name":"NOTRE CONCEPTION DE LA QUALIT\u00c9"}]},{"@type":"WebSite","@id":"https:\/\/nesiller.com\/fr\/#website","url":"https:\/\/nesiller.com\/fr\/","name":"Nesiller Genetik","description":"Nesiller, the name of genetic expertise in Istanbul","publisher":{"@id":"https:\/\/nesiller.com\/fr\/#organization"},"potentialAction":[{"@type":"SearchAction","target":{"@type":"EntryPoint","urlTemplate":"https:\/\/nesiller.com\/fr\/?s={search_term_string}"},"query-input":{"@type":"PropertyValueSpecification","valueRequired":true,"valueName":"search_term_string"}}],"inLanguage":"fr-FR"},{"@type":"Organization","@id":"https:\/\/nesiller.com\/fr\/#organization","name":"Nesiller Genetik","url":"https:\/\/nesiller.com\/fr\/","logo":{"@type":"ImageObject","inLanguage":"fr-FR","@id":"https:\/\/nesiller.com\/fr\/#\/schema\/logo\/image\/","url":"https:\/\/nesiller.com\/wp-content\/uploads\/2023\/04\/nesiller-logo.jpg","contentUrl":"https:\/\/nesiller.com\/wp-content\/uploads\/2023\/04\/nesiller-logo.jpg","width":1000,"height":700,"caption":"Nesiller Genetik"},"image":{"@id":"https:\/\/nesiller.com\/fr\/#\/schema\/logo\/image\/"},"sameAs":["https:\/\/www.facebook.com\/NesillerGenetik","https:\/\/x.com\/NesillerGenetik"]}]}},"rttpg_featured_image_url":null,"rttpg_author":{"display_name":"admin","author_link":"https:\/\/nesiller.com\/fr\/author\/admin\/"},"rttpg_comment":0,"rttpg_category":" <a href=\"https:\/\/nesiller.com\/fr\/?taxonomy=translation_priority&#038;term=facultatif\" rel=\"tag\">Facultatif<\/a>","rttpg_excerpt":"Notre objectif est de fournir des tests de diagnostic et des conseils en g\u00e9n\u00e9tique m\u00e9dicale de qualit\u00e9 sup\u00e9rieure afin de r\u00e9pondre au mieux aux attentes de nos patients, des cliniciens et des clients qui font appel \u00e0 nos services. Notre approche holistique de la qualit\u00e9 consiste \u00e0 mettre l&rsquo;accent sur la satisfaction du client, sur\u2026","_links":{"self":[{"href":"https:\/\/nesiller.com\/fr\/wp-json\/wp\/v2\/pages\/28423","targetHints":{"allow":["GET"]}}],"collection":[{"href":"https:\/\/nesiller.com\/fr\/wp-json\/wp\/v2\/pages"}],"about":[{"href":"https:\/\/nesiller.com\/fr\/wp-json\/wp\/v2\/types\/page"}],"author":[{"embeddable":true,"href":"https:\/\/nesiller.com\/fr\/wp-json\/wp\/v2\/users\/1"}],"replies":[{"embeddable":true,"href":"https:\/\/nesiller.com\/fr\/wp-json\/wp\/v2\/comments?post=28423"}],"version-history":[{"count":10,"href":"https:\/\/nesiller.com\/fr\/wp-json\/wp\/v2\/pages\/28423\/revisions"}],"predecessor-version":[{"id":32752,"href":"https:\/\/nesiller.com\/fr\/wp-json\/wp\/v2\/pages\/28423\/revisions\/32752"}],"wp:attachment":[{"href":"https:\/\/nesiller.com\/fr\/wp-json\/wp\/v2\/media?parent=28423"}],"curies":[{"name":"wp","href":"https:\/\/api.w.org\/{rel}","templated":true}]}}