{"id":28409,"date":"2023-03-24T11:03:07","date_gmt":"2023-03-24T08:03:07","guid":{"rendered":"https:\/\/nesiller.com\/notre-equipe\/"},"modified":"2025-03-06T10:28:31","modified_gmt":"2025-03-06T07:28:31","slug":"notre-equipe","status":"publish","type":"page","link":"https:\/\/nesiller.com\/fr\/notre-equipe\/","title":{"rendered":"NOTRE \u00c9QUIPE"},"content":{"rendered":"\t\t<div data-elementor-type=\"wp-page\" data-elementor-id=\"28409\" class=\"elementor elementor-28409 elementor-20714\">\n\t\t\t\t\t\t<section class=\"elementor-section elementor-top-section elementor-element elementor-element-e6e7a7d elementor-section-boxed elementor-section-height-default elementor-section-height-default\" data-id=\"e6e7a7d\" data-element_type=\"section\">\n\t\t\t\t\t\t<div class=\"elementor-container elementor-column-gap-default\">\n\t\t\t\t\t<div class=\"elementor-column elementor-col-100 elementor-top-column elementor-element elementor-element-99b799a\" data-id=\"99b799a\" data-element_type=\"column\">\n\t\t\t<div class=\"elementor-widget-wrap elementor-element-populated\">\n\t\t\t\t\t\t<section class=\"elementor-section elementor-inner-section elementor-element elementor-element-68f9d50 elementor-section-boxed elementor-section-height-default elementor-section-height-default\" data-id=\"68f9d50\" data-element_type=\"section\">\n\t\t\t\t\t\t<div class=\"elementor-container elementor-column-gap-default\">\n\t\t\t\t\t<div class=\"elementor-column elementor-col-50 elementor-inner-column elementor-element elementor-element-9881983\" data-id=\"9881983\" data-element_type=\"column\">\n\t\t\t<div class=\"elementor-widget-wrap elementor-element-populated\">\n\t\t\t\t\t\t<div class=\"elementor-element elementor-element-01b23aa elementor-widget elementor-widget-text-editor\" data-id=\"01b23aa\" data-element_type=\"widget\" data-widget_type=\"text-editor.default\">\n\t\t\t\t\t\t\t\t\t<h4>Dr Gulay Ozg\u00f6n<\/h4>\n<p><span style=\"color: #b5bd00;\">Directeur g\u00e9n\u00e9ral, expert en pharmacologie clinique et g\u00e9n\u00e9tique m\u00e9dicale<\/span><span style=\"color: #b5bd00; font-weight: var( --e-global-typography-text-font-weight ); background-color: var(--bs-body-bg); text-align: var(--bs-body-text-align);\">\u0131<\/span><\/p>\n<p>Le Dr \u00d6zg\u00f6n a fait ses \u00e9tudes secondaires et sup\u00e9rieures au lyc\u00e9e italien d&rsquo;Istanbul. Apr\u00e8s avoir obtenu son dipl\u00f4me \u00e0 la facult\u00e9 de m\u00e9decine de l&rsquo;I.U. Cerrahpa\u015fa en 1997, il s&rsquo;est sp\u00e9cialis\u00e9 en pharmacologie et en pharmacologie clinique dans la m\u00eame universit\u00e9 et a obtenu son doctorat en g\u00e9n\u00e9tique m\u00e9dicale, un programme conjoint des facult\u00e9s de m\u00e9decine d&rsquo;Istanbul et de Cerrahpa\u015fa.<\/p>\n<p>Il a particip\u00e9 \u00e0 divers programmes en psychiatrie, pharmacologie, g\u00e9n\u00e9tique mol\u00e9culaire avanc\u00e9e, conseil g\u00e9n\u00e9tique, g\u00e9n\u00e9tique de l&rsquo;\u00e9pilepsie, aspects m\u00e9dicaux des interactions m\u00e9dicamenteuses et g\u00e9n\u00e9tique cardiovasculaire dans des institutions telles que l&rsquo;h\u00f4pital San Martino de G\u00eanes, l&rsquo;University College de Londres, Bertinoro et l&rsquo;universit\u00e9 de Floride.<\/p>\n<p>Entre 2005 et 2007, il a travaill\u00e9 comme sp\u00e9cialiste en pharmacologie \u00e0 l&rsquo;American Hospital. En 2007-2008, alors qu&rsquo;elle travaillait comme g\u00e9n\u00e9ticienne au Memorial Hospital, elle a eu l&rsquo;id\u00e9e de cr\u00e9er son propre laboratoire dans le domaine de la g\u00e9n\u00e9tique et a cr\u00e9\u00e9 le Centre d&rsquo;\u00e9valuation des maladies g\u00e9n\u00e9tiques de Nesiller, dont la licence a \u00e9t\u00e9 d\u00e9livr\u00e9e en 2009.<\/p>\n<p>Le Dr \u00d6zg\u00f6n est actuellement directeur fondateur du Centre d&rsquo;\u00e9valuation des maladies g\u00e9n\u00e9tiques de Nesiller.<\/p>\n<p>Le Dr \u00d6zg\u00f6n parle couramment l&rsquo;anglais et l&rsquo;italien et est m\u00e8re d&rsquo;une fille.<\/p>\n\t\t\t\t\t\t\t\t<\/div>\n\t\t\t\t<div class=\"elementor-element elementor-element-d4fd676 elementor-widget elementor-widget-video\" data-id=\"d4fd676\" data-element_type=\"widget\" data-settings=\"{&quot;youtube_url&quot;:&quot;https:\\\/\\\/www.youtube.com\\\/watch?v=Y-QcNbyJePY&quot;,&quot;video_type&quot;:&quot;youtube&quot;,&quot;controls&quot;:&quot;yes&quot;}\" data-widget_type=\"video.default\">\n\t\t\t\t\t\t\t<div class=\"elementor-wrapper elementor-open-inline\">\n\t\t\t<div class=\"elementor-video\"><\/div>\t\t<\/div>\n\t\t\t\t\t\t<\/div>\n\t\t\t\t\t<\/div>\n\t\t<\/div>\n\t\t\t\t<div class=\"elementor-column elementor-col-50 elementor-inner-column elementor-element elementor-element-232014f\" data-id=\"232014f\" data-element_type=\"column\" data-settings=\"{&quot;background_background&quot;:&quot;classic&quot;}\">\n\t\t\t<div class=\"elementor-widget-wrap elementor-element-populated\">\n\t\t\t\t\t\t<div class=\"elementor-element elementor-element-de250a3 elementor-widget elementor-widget-text-editor\" data-id=\"de250a3\" data-element_type=\"widget\" data-widget_type=\"text-editor.default\">\n\t\t\t\t\t\t\t\t\t\n          <p class=\"gulay-qoute\">\u00ab\u00a0Nous aimons ce que nous faisons.\n<br>Les facteurs de notre succ\u00e8s sont le travail acharn\u00e9 et passionn\u00e9, la priorit\u00e9 donn\u00e9e au patient et l&rsquo;unit\u00e9 de l&rsquo;\u00e9quipe pour faire de son mieux.<\/p>\n        \t\t\t\t\t\t\t\t<\/div>\n\t\t\t\t\t<\/div>\n\t\t<\/div>\n\t\t\t\t\t<\/div>\n\t\t<\/section>\n\t\t\t\t\t<\/div>\n\t\t<\/div>\n\t\t\t\t\t<\/div>\n\t\t<\/section>\n\t\t\t\t<section class=\"elementor-section elementor-top-section elementor-element elementor-element-a9e2880 elementor-section-boxed elementor-section-height-default elementor-section-height-default\" data-id=\"a9e2880\" data-element_type=\"section\">\n\t\t\t\t\t\t<div class=\"elementor-container elementor-column-gap-no\">\n\t\t\t\t\t<div class=\"elementor-column elementor-col-100 elementor-top-column elementor-element elementor-element-7c4ed80\" data-id=\"7c4ed80\" data-element_type=\"column\">\n\t\t\t<div class=\"elementor-widget-wrap elementor-element-populated\">\n\t\t\t\t\t\t<div class=\"elementor-element elementor-element-2266f20 elementor-widget elementor-widget-heading\" data-id=\"2266f20\" data-element_type=\"widget\" data-widget_type=\"heading.default\">\n\t\t\t\t\t<h4 class=\"elementor-heading-title elementor-size-default\">Toute notre exp\u00e9rience est au service de nos patients et de nos cliniciens<\/h4>\t\t\t\t<\/div>\n\t\t<div class=\"elementor-element elementor-element-318550b e-con-full e-flex e-con e-parent\" data-id=\"318550b\" data-element_type=\"container\">\n\t\t<div class=\"elementor-element elementor-element-5b0a7a2 e-con-full e-flex e-con e-child\" data-id=\"5b0a7a2\" data-element_type=\"container\" data-settings=\"{&quot;background_background&quot;:&quot;classic&quot;}\">\n\t\t<div class=\"elementor-element elementor-element-9bcf72e e-con-full e-flex e-con e-child\" data-id=\"9bcf72e\" data-element_type=\"container\" data-settings=\"{&quot;background_background&quot;:&quot;classic&quot;}\">\n\t\t\t\t<div class=\"elementor-element elementor-element-33ce1ce elementor-widget elementor-widget-video\" data-id=\"33ce1ce\" data-element_type=\"widget\" data-settings=\"{&quot;youtube_url&quot;:&quot;https:\\\/\\\/www.youtube.com\\\/watch?v=KqSG7aNfz3M&quot;,&quot;video_type&quot;:&quot;youtube&quot;,&quot;controls&quot;:&quot;yes&quot;}\" data-widget_type=\"video.default\">\n\t\t\t\t\t\t\t<div class=\"elementor-wrapper elementor-open-inline\">\n\t\t\t<div class=\"elementor-video\"><\/div>\t\t<\/div>\n\t\t\t\t\t\t<\/div>\n\t\t\t\t<\/div>\n\t\t<div class=\"elementor-element elementor-element-4f4cbc9 e-con-full e-flex e-con e-child\" data-id=\"4f4cbc9\" data-element_type=\"container\" data-settings=\"{&quot;background_background&quot;:&quot;classic&quot;}\">\n\t\t\t\t<div class=\"elementor-element elementor-element-aa9b31b elementor-widget elementor-widget-video\" data-id=\"aa9b31b\" data-element_type=\"widget\" data-settings=\"{&quot;youtube_url&quot;:&quot;https:\\\/\\\/www.youtube.com\\\/watch?v=1l3gFscHvGc&quot;,&quot;video_type&quot;:&quot;youtube&quot;,&quot;controls&quot;:&quot;yes&quot;}\" data-widget_type=\"video.default\">\n\t\t\t\t\t\t\t<div class=\"elementor-wrapper elementor-open-inline\">\n\t\t\t<div class=\"elementor-video\"><\/div>\t\t<\/div>\n\t\t\t\t\t\t<\/div>\n\t\t\t\t<\/div>\n\t\t<div class=\"elementor-element elementor-element-8cb6d55 e-con-full e-flex e-con e-child\" data-id=\"8cb6d55\" data-element_type=\"container\" data-settings=\"{&quot;background_background&quot;:&quot;classic&quot;}\">\n\t\t\t\t<div class=\"elementor-element elementor-element-71c6326 elementor-widget elementor-widget-video\" data-id=\"71c6326\" data-element_type=\"widget\" data-settings=\"{&quot;youtube_url&quot;:&quot;https:\\\/\\\/www.youtube.com\\\/watch?v=BIIzWHAmzPQ&quot;,&quot;video_type&quot;:&quot;youtube&quot;,&quot;controls&quot;:&quot;yes&quot;}\" data-widget_type=\"video.default\">\n\t\t\t\t\t\t\t<div class=\"elementor-wrapper elementor-open-inline\">\n\t\t\t<div class=\"elementor-video\"><\/div>\t\t<\/div>\n\t\t\t\t\t\t<\/div>\n\t\t\t\t<\/div>\n\t\t<div class=\"elementor-element elementor-element-d17a83a e-con-full e-flex e-con e-child\" data-id=\"d17a83a\" data-element_type=\"container\" data-settings=\"{&quot;background_background&quot;:&quot;classic&quot;}\">\n\t\t\t\t<div class=\"elementor-element elementor-element-29fa7bc elementor-widget elementor-widget-video\" data-id=\"29fa7bc\" data-element_type=\"widget\" data-settings=\"{&quot;youtube_url&quot;:&quot;https:\\\/\\\/www.youtube.com\\\/watch?v=gSfsCxZrQj4&quot;,&quot;video_type&quot;:&quot;youtube&quot;,&quot;controls&quot;:&quot;yes&quot;}\" data-widget_type=\"video.default\">\n\t\t\t\t\t\t\t<div class=\"elementor-wrapper elementor-open-inline\">\n\t\t\t<div class=\"elementor-video\"><\/div>\t\t<\/div>\n\t\t\t\t\t\t<\/div>\n\t\t\t\t<\/div>\n\t\t\t\t<\/div>\n\t\t\t\t<\/div>\n\t\t\t\t<div class=\"elementor-element elementor-element-faa1275 elementor-widget elementor-widget-tp-btn\" data-id=\"faa1275\" data-element_type=\"widget\" data-widget_type=\"tp-btn.default\">\n\t\t\t\t<div class=\"elementor-widget-container\">\n\t\t\t\t\t\r\n\r\n<div class=\"tp-btn-box\"> \r\n    <a href=\"https:\/\/nesiller.com\/bize-katilin\/\" target=\"_self\" rel=\"nofollow\" class=\"tp-btn ele-button\">\r\n        REJOIGNEZ-NOUS    <\/a>\r\n<\/div>\r\n\r\n\t\t\t\t<\/div>\n\t\t\t\t<\/div>\n\t\t\t\t\t<\/div>\n\t\t<\/div>\n\t\t\t\t\t<\/div>\n\t\t<\/section>\n\t\t\t\t<\/div>\n\t\t","protected":false},"excerpt":{"rendered":"<p>Dr Gulay Ozg\u00f6n Directeur g\u00e9n\u00e9ral, expert en pharmacologie clinique et g\u00e9n\u00e9tique m\u00e9dicale\u0131 Le Dr \u00d6zg\u00f6n a fait ses \u00e9tudes secondaires et sup\u00e9rieures au lyc\u00e9e italien d&rsquo;Istanbul. Apr\u00e8s avoir obtenu son dipl\u00f4me \u00e0 la facult\u00e9 de m\u00e9decine de l&rsquo;I.U. Cerrahpa\u015fa en 1997, il s&rsquo;est sp\u00e9cialis\u00e9 en pharmacologie et en pharmacologie clinique dans la m\u00eame universit\u00e9 et [&hellip;]<\/p>\n","protected":false},"author":1,"featured_media":0,"parent":0,"menu_order":0,"comment_status":"closed","ping_status":"closed","template":"","meta":{"_monsterinsights_skip_tracking":false,"_monsterinsights_sitenote_active":false,"_monsterinsights_sitenote_note":"","_monsterinsights_sitenote_category":0,"footnotes":""},"class_list":["post-28409","page","type-page","status-publish","hentry"],"acf":[],"yoast_head":"<!-- This site is optimized with the Yoast SEO Premium plugin v26.2 (Yoast SEO v27.3) - https:\/\/yoast.com\/product\/yoast-seo-premium-wordpress\/ -->\n<title>NOTRE \u00c9QUIPE - Nesiller Genetic Center<\/title>\n<meta name=\"description\" content=\"NOTRE \u00c9QUIPE -\" \/>\n<meta name=\"robots\" content=\"index, follow, max-snippet:-1, max-image-preview:large, max-video-preview:-1\" \/>\n<link rel=\"canonical\" href=\"https:\/\/nesiller.com\/fr\/notre-equipe\/\" \/>\n<meta property=\"og:locale\" content=\"fr_FR\" \/>\n<meta property=\"og:type\" content=\"article\" \/>\n<meta property=\"og:title\" content=\"NOTRE \u00c9QUIPE\" \/>\n<meta property=\"og:description\" content=\"Dr Gulay Ozg\u00f6n Directeur g\u00e9n\u00e9ral, expert en pharmacologie clinique et g\u00e9n\u00e9tique m\u00e9dicale\u0131 Le Dr \u00d6zg\u00f6n a fait ses \u00e9tudes secondaires et sup\u00e9rieures au\" \/>\n<meta property=\"og:url\" content=\"https:\/\/nesiller.com\/fr\/notre-equipe\/\" \/>\n<meta property=\"og:site_name\" content=\"Nesiller Genetic Center\" \/>\n<meta property=\"article:publisher\" content=\"https:\/\/www.facebook.com\/NesillerGenetik\" \/>\n<meta property=\"article:modified_time\" content=\"2025-03-06T07:28:31+00:00\" \/>\n<meta property=\"og:image\" content=\"https:\/\/nesiller.com\/wp-content\/uploads\/2023\/04\/nesiller-logo.jpg\" \/>\n\t<meta property=\"og:image:width\" content=\"1000\" \/>\n\t<meta property=\"og:image:height\" content=\"700\" \/>\n\t<meta property=\"og:image:type\" content=\"image\/jpeg\" \/>\n<meta name=\"twitter:card\" content=\"summary_large_image\" \/>\n<meta name=\"twitter:site\" content=\"@NesillerGenetik\" \/>\n<script type=\"application\/ld+json\" class=\"yoast-schema-graph\">{\"@context\":\"https:\\\/\\\/schema.org\",\"@graph\":[{\"@type\":\"WebPage\",\"@id\":\"https:\\\/\\\/nesiller.com\\\/fr\\\/notre-equipe\\\/\",\"url\":\"https:\\\/\\\/nesiller.com\\\/fr\\\/notre-equipe\\\/\",\"name\":\"NOTRE \u00c9QUIPE - Nesiller Genetic Center\",\"isPartOf\":{\"@id\":\"https:\\\/\\\/nesiller.com\\\/fr\\\/#website\"},\"datePublished\":\"2023-03-24T08:03:07+00:00\",\"dateModified\":\"2025-03-06T07:28:31+00:00\",\"description\":\"NOTRE \u00c9QUIPE -\",\"breadcrumb\":{\"@id\":\"https:\\\/\\\/nesiller.com\\\/fr\\\/notre-equipe\\\/#breadcrumb\"},\"inLanguage\":\"fr-FR\",\"potentialAction\":[{\"@type\":\"ReadAction\",\"target\":[\"https:\\\/\\\/nesiller.com\\\/fr\\\/notre-equipe\\\/\"]}]},{\"@type\":\"BreadcrumbList\",\"@id\":\"https:\\\/\\\/nesiller.com\\\/fr\\\/notre-equipe\\\/#breadcrumb\",\"itemListElement\":[{\"@type\":\"ListItem\",\"position\":1,\"name\":\"Home\",\"item\":\"https:\\\/\\\/nesiller.com\\\/fr\\\/page-daccueil-2\\\/\"},{\"@type\":\"ListItem\",\"position\":2,\"name\":\"NOTRE \u00c9QUIPE\"}]},{\"@type\":\"WebSite\",\"@id\":\"https:\\\/\\\/nesiller.com\\\/fr\\\/#website\",\"url\":\"https:\\\/\\\/nesiller.com\\\/fr\\\/\",\"name\":\"Nesiller Genetik\",\"description\":\"Nesiller, the name of genetic expertise in Istanbul\",\"publisher\":{\"@id\":\"https:\\\/\\\/nesiller.com\\\/fr\\\/#organization\"},\"potentialAction\":[{\"@type\":\"SearchAction\",\"target\":{\"@type\":\"EntryPoint\",\"urlTemplate\":\"https:\\\/\\\/nesiller.com\\\/fr\\\/?s={search_term_string}\"},\"query-input\":{\"@type\":\"PropertyValueSpecification\",\"valueRequired\":true,\"valueName\":\"search_term_string\"}}],\"inLanguage\":\"fr-FR\"},{\"@type\":\"Organization\",\"@id\":\"https:\\\/\\\/nesiller.com\\\/fr\\\/#organization\",\"name\":\"Nesiller Genetik\",\"url\":\"https:\\\/\\\/nesiller.com\\\/fr\\\/\",\"logo\":{\"@type\":\"ImageObject\",\"inLanguage\":\"fr-FR\",\"@id\":\"https:\\\/\\\/nesiller.com\\\/fr\\\/#\\\/schema\\\/logo\\\/image\\\/\",\"url\":\"https:\\\/\\\/nesiller.com\\\/wp-content\\\/uploads\\\/2023\\\/04\\\/nesiller-logo.jpg\",\"contentUrl\":\"https:\\\/\\\/nesiller.com\\\/wp-content\\\/uploads\\\/2023\\\/04\\\/nesiller-logo.jpg\",\"width\":1000,\"height\":700,\"caption\":\"Nesiller Genetik\"},\"image\":{\"@id\":\"https:\\\/\\\/nesiller.com\\\/fr\\\/#\\\/schema\\\/logo\\\/image\\\/\"},\"sameAs\":[\"https:\\\/\\\/www.facebook.com\\\/NesillerGenetik\",\"https:\\\/\\\/x.com\\\/NesillerGenetik\"]}]}<\/script>\n<!-- \/ Yoast SEO Premium plugin. -->","yoast_head_json":{"title":"NOTRE \u00c9QUIPE - Nesiller Genetic Center","description":"NOTRE \u00c9QUIPE -","robots":{"index":"index","follow":"follow","max-snippet":"max-snippet:-1","max-image-preview":"max-image-preview:large","max-video-preview":"max-video-preview:-1"},"canonical":"https:\/\/nesiller.com\/fr\/notre-equipe\/","og_locale":"fr_FR","og_type":"article","og_title":"NOTRE \u00c9QUIPE","og_description":"Dr Gulay Ozg\u00f6n Directeur g\u00e9n\u00e9ral, expert en pharmacologie clinique et g\u00e9n\u00e9tique m\u00e9dicale\u0131 Le Dr \u00d6zg\u00f6n a fait ses \u00e9tudes secondaires et sup\u00e9rieures au","og_url":"https:\/\/nesiller.com\/fr\/notre-equipe\/","og_site_name":"Nesiller Genetic Center","article_publisher":"https:\/\/www.facebook.com\/NesillerGenetik","article_modified_time":"2025-03-06T07:28:31+00:00","og_image":[{"width":1000,"height":700,"url":"https:\/\/nesiller.com\/wp-content\/uploads\/2023\/04\/nesiller-logo.jpg","type":"image\/jpeg"}],"twitter_card":"summary_large_image","twitter_site":"@NesillerGenetik","schema":{"@context":"https:\/\/schema.org","@graph":[{"@type":"WebPage","@id":"https:\/\/nesiller.com\/fr\/notre-equipe\/","url":"https:\/\/nesiller.com\/fr\/notre-equipe\/","name":"NOTRE \u00c9QUIPE - Nesiller Genetic Center","isPartOf":{"@id":"https:\/\/nesiller.com\/fr\/#website"},"datePublished":"2023-03-24T08:03:07+00:00","dateModified":"2025-03-06T07:28:31+00:00","description":"NOTRE \u00c9QUIPE -","breadcrumb":{"@id":"https:\/\/nesiller.com\/fr\/notre-equipe\/#breadcrumb"},"inLanguage":"fr-FR","potentialAction":[{"@type":"ReadAction","target":["https:\/\/nesiller.com\/fr\/notre-equipe\/"]}]},{"@type":"BreadcrumbList","@id":"https:\/\/nesiller.com\/fr\/notre-equipe\/#breadcrumb","itemListElement":[{"@type":"ListItem","position":1,"name":"Home","item":"https:\/\/nesiller.com\/fr\/page-daccueil-2\/"},{"@type":"ListItem","position":2,"name":"NOTRE \u00c9QUIPE"}]},{"@type":"WebSite","@id":"https:\/\/nesiller.com\/fr\/#website","url":"https:\/\/nesiller.com\/fr\/","name":"Nesiller Genetik","description":"Nesiller, the name of genetic expertise in Istanbul","publisher":{"@id":"https:\/\/nesiller.com\/fr\/#organization"},"potentialAction":[{"@type":"SearchAction","target":{"@type":"EntryPoint","urlTemplate":"https:\/\/nesiller.com\/fr\/?s={search_term_string}"},"query-input":{"@type":"PropertyValueSpecification","valueRequired":true,"valueName":"search_term_string"}}],"inLanguage":"fr-FR"},{"@type":"Organization","@id":"https:\/\/nesiller.com\/fr\/#organization","name":"Nesiller Genetik","url":"https:\/\/nesiller.com\/fr\/","logo":{"@type":"ImageObject","inLanguage":"fr-FR","@id":"https:\/\/nesiller.com\/fr\/#\/schema\/logo\/image\/","url":"https:\/\/nesiller.com\/wp-content\/uploads\/2023\/04\/nesiller-logo.jpg","contentUrl":"https:\/\/nesiller.com\/wp-content\/uploads\/2023\/04\/nesiller-logo.jpg","width":1000,"height":700,"caption":"Nesiller Genetik"},"image":{"@id":"https:\/\/nesiller.com\/fr\/#\/schema\/logo\/image\/"},"sameAs":["https:\/\/www.facebook.com\/NesillerGenetik","https:\/\/x.com\/NesillerGenetik"]}]}},"rttpg_featured_image_url":null,"rttpg_author":{"display_name":"admin","author_link":"https:\/\/nesiller.com\/fr\/author\/admin\/"},"rttpg_comment":0,"rttpg_category":" <a href=\"https:\/\/nesiller.com\/fr\/?taxonomy=translation_priority&#038;term=facultatif\" rel=\"tag\">Facultatif<\/a>","rttpg_excerpt":"Dr Gulay Ozg\u00f6n Directeur g\u00e9n\u00e9ral, expert en pharmacologie clinique et g\u00e9n\u00e9tique m\u00e9dicale\u0131 Le Dr \u00d6zg\u00f6n a fait ses \u00e9tudes secondaires et sup\u00e9rieures au lyc\u00e9e italien d&rsquo;Istanbul. Apr\u00e8s avoir obtenu son dipl\u00f4me \u00e0 la facult\u00e9 de m\u00e9decine de l&rsquo;I.U. Cerrahpa\u015fa en 1997, il s&rsquo;est sp\u00e9cialis\u00e9 en pharmacologie et en pharmacologie clinique dans la m\u00eame universit\u00e9 et\u2026","_links":{"self":[{"href":"https:\/\/nesiller.com\/fr\/wp-json\/wp\/v2\/pages\/28409","targetHints":{"allow":["GET"]}}],"collection":[{"href":"https:\/\/nesiller.com\/fr\/wp-json\/wp\/v2\/pages"}],"about":[{"href":"https:\/\/nesiller.com\/fr\/wp-json\/wp\/v2\/types\/page"}],"author":[{"embeddable":true,"href":"https:\/\/nesiller.com\/fr\/wp-json\/wp\/v2\/users\/1"}],"replies":[{"embeddable":true,"href":"https:\/\/nesiller.com\/fr\/wp-json\/wp\/v2\/comments?post=28409"}],"version-history":[{"count":9,"href":"https:\/\/nesiller.com\/fr\/wp-json\/wp\/v2\/pages\/28409\/revisions"}],"predecessor-version":[{"id":32723,"href":"https:\/\/nesiller.com\/fr\/wp-json\/wp\/v2\/pages\/28409\/revisions\/32723"}],"wp:attachment":[{"href":"https:\/\/nesiller.com\/fr\/wp-json\/wp\/v2\/media?parent=28409"}],"curies":[{"name":"wp","href":"https:\/\/api.w.org\/{rel}","templated":true}]}}