{"id":28405,"date":"2023-03-27T19:13:08","date_gmt":"2023-03-27T16:13:08","guid":{"rendered":"https:\/\/nesiller.com\/nos-projets-de-rd\/"},"modified":"2023-05-05T17:27:47","modified_gmt":"2023-05-05T14:27:47","slug":"nos-projets-de-rd","status":"publish","type":"page","link":"https:\/\/nesiller.com\/fr\/nos-projets-de-rd\/","title":{"rendered":"NOS PROJETS DE R&amp;D"},"content":{"rendered":"\t\t<div data-elementor-type=\"wp-page\" data-elementor-id=\"28405\" class=\"elementor elementor-28405 elementor-20932\">\n\t\t\t\t\t\t<section class=\"elementor-section elementor-top-section elementor-element elementor-element-d27f357 elementor-section-boxed elementor-section-height-default elementor-section-height-default\" data-id=\"d27f357\" data-element_type=\"section\">\n\t\t\t\t\t\t<div class=\"elementor-container elementor-column-gap-default\">\n\t\t\t\t\t<div class=\"elementor-column elementor-col-100 elementor-top-column elementor-element elementor-element-033a0e2\" data-id=\"033a0e2\" data-element_type=\"column\">\n\t\t\t<div class=\"elementor-widget-wrap elementor-element-populated\">\n\t\t\t\t\t\t<section class=\"elementor-section elementor-inner-section elementor-element elementor-element-e02f9c8 elementor-section-boxed elementor-section-height-default elementor-section-height-default\" data-id=\"e02f9c8\" data-element_type=\"section\">\n\t\t\t\t\t\t<div class=\"elementor-container elementor-column-gap-default\">\n\t\t\t\t\t<div class=\"elementor-column elementor-col-50 elementor-inner-column elementor-element elementor-element-f4bbb89\" data-id=\"f4bbb89\" data-element_type=\"column\">\n\t\t\t<div class=\"elementor-widget-wrap elementor-element-populated\">\n\t\t\t\t\t\t<div class=\"elementor-element elementor-element-2e8c2b1 elementor-widget elementor-widget-text-editor\" data-id=\"2e8c2b1\" data-element_type=\"widget\" data-widget_type=\"text-editor.default\">\n\t\t\t\t\t\t\t\t\t<p style=\"font-family: var(--tp-ff-p);\">En tant que centre de diagnostic g\u00e9n\u00e9tique, nous soutenons non seulement le diagnostic et le traitement des maladies gr\u00e2ce aux r\u00e9sultats g\u00e9n\u00e9tiques que nous fournissons dans tous les domaines de la m\u00e9decine, mais nous nous concentrons \u00e9galement sur la recherche et le d\u00e9veloppement et sur l&rsquo;offre de nouvelles solutions en mati\u00e8re de diagnostic g\u00e9n\u00e9tique. Dans cette optique, nous avons jusqu&rsquo;\u00e0 pr\u00e9sent r\u00e9alis\u00e9 trois projets avec le soutien de T\u00fcbitak.<\/p>\n<p style=\"font-family: var(--tp-ff-p);\">\n<h4>Projets achev\u00e9s<\/h4>\n<div> <\/div>\n<p style=\"font-family: var(--tp-ff-p);\">\n            <span style=\"font-weight: bold; font-family: sans-serif;\">Test de diagnostic de la b\u00eata-thalass\u00e9mie (an\u00e9mie m\u00e9diterran\u00e9enne) dans le cadre du diagnostic g\u00e9n\u00e9tique pr\u00e9implantatoire<\/span>\n          <\/p>\n<p style=\"font-family: var(--tp-ff-p);\">Mise au point d&rsquo;un kit de diagnostic pour le d\u00e9pistage des troubles g\u00e9n\u00e9tiques \u00e0 l&rsquo;origine de cette maladie, extr\u00eamement fr\u00e9quente dans notre g\u00e9ographie.<\/p><\/p>\n\t\t\t\t\t\t\t\t<\/div>\n\t\t\t\t\t<\/div>\n\t\t<\/div>\n\t\t\t\t<div class=\"elementor-column elementor-col-50 elementor-inner-column elementor-element elementor-element-9a8b7b3\" data-id=\"9a8b7b3\" data-element_type=\"column\">\n\t\t\t<div class=\"elementor-widget-wrap elementor-element-populated\">\n\t\t\t\t\t\t<div class=\"elementor-element elementor-element-c8e56c1 elementor-widget elementor-widget-image\" data-id=\"c8e56c1\" data-element_type=\"widget\" data-widget_type=\"image.default\">\n\t\t\t\t\t\t\t\t\t\t\t\t\t\t\t<img fetchpriority=\"high\" decoding=\"async\" width=\"640\" height=\"373\" src=\"https:\/\/nesiller.com\/wp-content\/uploads\/2023\/04\/tubitak-hakkinda-bilgiler-1024x597-1.jpg\" class=\"attachment-large size-large wp-image-27658\" alt=\"\" srcset=\"https:\/\/nesiller.com\/wp-content\/uploads\/2023\/04\/tubitak-hakkinda-bilgiler-1024x597-1.jpg 1024w, https:\/\/nesiller.com\/wp-content\/uploads\/2023\/04\/tubitak-hakkinda-bilgiler-1024x597-1-300x175.jpg 300w, https:\/\/nesiller.com\/wp-content\/uploads\/2023\/04\/tubitak-hakkinda-bilgiler-1024x597-1-768x448.jpg 768w\" sizes=\"(max-width: 640px) 100vw, 640px\" \/>\t\t\t\t\t\t\t\t\t\t\t\t\t\t\t<\/div>\n\t\t\t\t\t<\/div>\n\t\t<\/div>\n\t\t\t\t\t<\/div>\n\t\t<\/section>\n\t\t\t\t<section class=\"elementor-section elementor-inner-section elementor-element elementor-element-47106b8 elementor-section-boxed elementor-section-height-default elementor-section-height-default\" data-id=\"47106b8\" data-element_type=\"section\">\n\t\t\t\t\t\t<div class=\"elementor-container elementor-column-gap-default\">\n\t\t\t\t\t<div class=\"elementor-column elementor-col-50 elementor-inner-column elementor-element elementor-element-a95c923\" data-id=\"a95c923\" data-element_type=\"column\">\n\t\t\t<div class=\"elementor-widget-wrap elementor-element-populated\">\n\t\t\t\t\t\t<div class=\"elementor-element elementor-element-9a0af23 elementor-widget elementor-widget-image\" data-id=\"9a0af23\" data-element_type=\"widget\" data-widget_type=\"image.default\">\n\t\t\t\t\t\t\t\t\t\t\t\t\t\t\t<img decoding=\"async\" width=\"640\" height=\"373\" src=\"https:\/\/nesiller.com\/wp-content\/uploads\/2023\/04\/lab-303.jpg\" class=\"attachment-large size-large wp-image-27664\" alt=\"\" srcset=\"https:\/\/nesiller.com\/wp-content\/uploads\/2023\/04\/lab-303.jpg 1024w, https:\/\/nesiller.com\/wp-content\/uploads\/2023\/04\/lab-303-300x175.jpg 300w, https:\/\/nesiller.com\/wp-content\/uploads\/2023\/04\/lab-303-768x448.jpg 768w\" sizes=\"(max-width: 640px) 100vw, 640px\" \/>\t\t\t\t\t\t\t\t\t\t\t\t\t\t\t<\/div>\n\t\t\t\t\t<\/div>\n\t\t<\/div>\n\t\t\t\t<div class=\"elementor-column elementor-col-50 elementor-inner-column elementor-element elementor-element-99b3d70\" data-id=\"99b3d70\" data-element_type=\"column\">\n\t\t\t<div class=\"elementor-widget-wrap elementor-element-populated\">\n\t\t\t\t\t\t<div class=\"elementor-element elementor-element-b761a0b elementor-widget elementor-widget-text-editor\" data-id=\"b761a0b\" data-element_type=\"widget\" data-widget_type=\"text-editor.default\">\n\t\t\t\t\t\t\t\t\t<p>\n            <b style=\"background-color: var(--bs-body-bg); text-align: var(--bs-body-text-align);\">D\u00e9termination du facteur Rh\u00e9sus f\u0153tal par NIPT<\/b>\n          <\/p>\n<p>Aujourd&rsquo;hui, il n&rsquo;est plus n\u00e9cessaire de recourir \u00e0 des m\u00e9thodes interventionnelles pour d\u00e9terminer la structure chromosomique du f\u0153tus dans l&rsquo;ut\u00e9rus. La mise au point d&rsquo;un kit permettant de d\u00e9terminer le facteur Rh \u00e0 l&rsquo;origine de l&rsquo;incompatibilit\u00e9 sanguine pendant que les b\u00e9b\u00e9s sont dans l&rsquo;ut\u00e9rus (\u00e0 la 6e semaine de grossesse). L&rsquo;objectif est ici de donner aux cliniciens la possibilit\u00e9 de r\u00e9soudre tous les probl\u00e8mes li\u00e9s \u00e0 l&rsquo;incompatibilit\u00e9 sanguine qui peuvent survenir au cours de la grossesse, en obtenant des informations \u00e0 un stade pr\u00e9coce.<\/p>\n\t\t\t\t\t\t\t\t<\/div>\n\t\t\t\t\t<\/div>\n\t\t<\/div>\n\t\t\t\t\t<\/div>\n\t\t<\/section>\n\t\t\t\t<section class=\"elementor-section elementor-inner-section elementor-element elementor-element-6d816f9 elementor-section-boxed elementor-section-height-default elementor-section-height-default\" data-id=\"6d816f9\" data-element_type=\"section\">\n\t\t\t\t\t\t<div class=\"elementor-container elementor-column-gap-default\">\n\t\t\t\t\t<div class=\"elementor-column elementor-col-50 elementor-inner-column elementor-element elementor-element-1017a28\" data-id=\"1017a28\" data-element_type=\"column\">\n\t\t\t<div class=\"elementor-widget-wrap elementor-element-populated\">\n\t\t\t\t\t\t<div class=\"elementor-element elementor-element-fa7cbf0 elementor-widget elementor-widget-text-editor\" data-id=\"fa7cbf0\" data-element_type=\"widget\" data-widget_type=\"text-editor.default\">\n\t\t\t\t\t\t\t\t\t<p style=\"font-family: var(--tp-ff-p);\">\n            <span style=\"font-weight: bold; font-family: sans-serif;\">Diagnostic et suivi du traitement de la LMC &#8211; Prot\u00e9ine de fusion BCR\/ABL<\/span>\n          <\/p>\n<p style=\"font-family: var(--tp-ff-p);\">D\u00e9veloppement d&rsquo;un kit de d\u00e9pistage g\u00e9n\u00e9tique cibl\u00e9 pour le diagnostic et le suivi du traitement de la leuc\u00e9mie my\u00e9locytaire chronique (LMC)<\/p>\n\t\t\t\t\t\t\t\t<\/div>\n\t\t\t\t\t<\/div>\n\t\t<\/div>\n\t\t\t\t<div class=\"elementor-column elementor-col-50 elementor-inner-column elementor-element elementor-element-3c5fd5a\" data-id=\"3c5fd5a\" data-element_type=\"column\">\n\t\t\t<div class=\"elementor-widget-wrap\">\n\t\t\t\t\t\t\t<\/div>\n\t\t<\/div>\n\t\t\t\t\t<\/div>\n\t\t<\/section>\n\t\t\t\t\t<\/div>\n\t\t<\/div>\n\t\t\t\t\t<\/div>\n\t\t<\/section>\n\t\t\t\t<\/div>\n\t\t","protected":false},"excerpt":{"rendered":"<p>En tant que centre de diagnostic g\u00e9n\u00e9tique, nous soutenons non seulement le diagnostic et le traitement des maladies gr\u00e2ce aux r\u00e9sultats g\u00e9n\u00e9tiques que nous fournissons dans tous les domaines de la m\u00e9decine, mais nous nous concentrons \u00e9galement sur la recherche et le d\u00e9veloppement et sur l&rsquo;offre de nouvelles solutions en mati\u00e8re de diagnostic g\u00e9n\u00e9tique. Dans [&hellip;]<\/p>\n","protected":false},"author":1,"featured_media":0,"parent":0,"menu_order":0,"comment_status":"closed","ping_status":"closed","template":"","meta":{"_monsterinsights_skip_tracking":false,"_monsterinsights_sitenote_active":false,"_monsterinsights_sitenote_note":"","_monsterinsights_sitenote_category":0,"footnotes":""},"class_list":["post-28405","page","type-page","status-publish","hentry"],"acf":[],"yoast_head":"<!-- This site is optimized with the Yoast SEO Premium plugin v26.2 (Yoast SEO v27.3) - https:\/\/yoast.com\/product\/yoast-seo-premium-wordpress\/ -->\n<title>NOS PROJETS DE R&amp;D - Nesiller Genetic Center<\/title>\n<meta name=\"description\" content=\"NOS PROJETS DE R&amp;D -\" \/>\n<meta name=\"robots\" content=\"index, follow, max-snippet:-1, max-image-preview:large, max-video-preview:-1\" \/>\n<link rel=\"canonical\" href=\"https:\/\/nesiller.com\/fr\/nos-projets-de-rd\/\" \/>\n<meta property=\"og:locale\" content=\"fr_FR\" \/>\n<meta property=\"og:type\" content=\"article\" \/>\n<meta property=\"og:title\" content=\"NOS PROJETS DE R&amp;D\" \/>\n<meta property=\"og:description\" content=\"En tant que centre de diagnostic g\u00e9n\u00e9tique, nous soutenons non seulement le diagnostic et le traitement des maladies gr\u00e2ce aux r\u00e9sultats g\u00e9n\u00e9tiques que\" \/>\n<meta property=\"og:url\" content=\"https:\/\/nesiller.com\/fr\/nos-projets-de-rd\/\" \/>\n<meta property=\"og:site_name\" content=\"Nesiller Genetic Center\" \/>\n<meta property=\"article:publisher\" content=\"https:\/\/www.facebook.com\/NesillerGenetik\" \/>\n<meta property=\"article:modified_time\" content=\"2023-05-05T14:27:47+00:00\" \/>\n<meta property=\"og:image\" content=\"https:\/\/nesiller.com\/wp-content\/uploads\/2023\/04\/tubitak-hakkinda-bilgiler-1024x597-1.jpg\" \/>\n<meta name=\"twitter:card\" content=\"summary_large_image\" \/>\n<meta name=\"twitter:site\" content=\"@NesillerGenetik\" \/>\n<script type=\"application\/ld+json\" class=\"yoast-schema-graph\">{\"@context\":\"https:\\\/\\\/schema.org\",\"@graph\":[{\"@type\":\"WebPage\",\"@id\":\"https:\\\/\\\/nesiller.com\\\/fr\\\/nos-projets-de-rd\\\/\",\"url\":\"https:\\\/\\\/nesiller.com\\\/fr\\\/nos-projets-de-rd\\\/\",\"name\":\"NOS PROJETS DE R&amp;D - Nesiller Genetic Center\",\"isPartOf\":{\"@id\":\"https:\\\/\\\/nesiller.com\\\/fr\\\/#website\"},\"primaryImageOfPage\":{\"@id\":\"https:\\\/\\\/nesiller.com\\\/fr\\\/nos-projets-de-rd\\\/#primaryimage\"},\"image\":{\"@id\":\"https:\\\/\\\/nesiller.com\\\/fr\\\/nos-projets-de-rd\\\/#primaryimage\"},\"thumbnailUrl\":\"https:\\\/\\\/nesiller.com\\\/wp-content\\\/uploads\\\/2023\\\/04\\\/tubitak-hakkinda-bilgiler-1024x597-1.jpg\",\"datePublished\":\"2023-03-27T16:13:08+00:00\",\"dateModified\":\"2023-05-05T14:27:47+00:00\",\"description\":\"NOS PROJETS DE R&amp;D -\",\"breadcrumb\":{\"@id\":\"https:\\\/\\\/nesiller.com\\\/fr\\\/nos-projets-de-rd\\\/#breadcrumb\"},\"inLanguage\":\"fr-FR\",\"potentialAction\":[{\"@type\":\"ReadAction\",\"target\":[\"https:\\\/\\\/nesiller.com\\\/fr\\\/nos-projets-de-rd\\\/\"]}]},{\"@type\":\"ImageObject\",\"inLanguage\":\"fr-FR\",\"@id\":\"https:\\\/\\\/nesiller.com\\\/fr\\\/nos-projets-de-rd\\\/#primaryimage\",\"url\":\"https:\\\/\\\/nesiller.com\\\/wp-content\\\/uploads\\\/2023\\\/04\\\/tubitak-hakkinda-bilgiler-1024x597-1.jpg\",\"contentUrl\":\"https:\\\/\\\/nesiller.com\\\/wp-content\\\/uploads\\\/2023\\\/04\\\/tubitak-hakkinda-bilgiler-1024x597-1.jpg\"},{\"@type\":\"BreadcrumbList\",\"@id\":\"https:\\\/\\\/nesiller.com\\\/fr\\\/nos-projets-de-rd\\\/#breadcrumb\",\"itemListElement\":[{\"@type\":\"ListItem\",\"position\":1,\"name\":\"Home\",\"item\":\"https:\\\/\\\/nesiller.com\\\/fr\\\/page-daccueil-2\\\/\"},{\"@type\":\"ListItem\",\"position\":2,\"name\":\"NOS PROJETS DE R&amp;D\"}]},{\"@type\":\"WebSite\",\"@id\":\"https:\\\/\\\/nesiller.com\\\/fr\\\/#website\",\"url\":\"https:\\\/\\\/nesiller.com\\\/fr\\\/\",\"name\":\"Nesiller Genetik\",\"description\":\"Nesiller, the name of genetic expertise in Istanbul\",\"publisher\":{\"@id\":\"https:\\\/\\\/nesiller.com\\\/fr\\\/#organization\"},\"potentialAction\":[{\"@type\":\"SearchAction\",\"target\":{\"@type\":\"EntryPoint\",\"urlTemplate\":\"https:\\\/\\\/nesiller.com\\\/fr\\\/?s={search_term_string}\"},\"query-input\":{\"@type\":\"PropertyValueSpecification\",\"valueRequired\":true,\"valueName\":\"search_term_string\"}}],\"inLanguage\":\"fr-FR\"},{\"@type\":\"Organization\",\"@id\":\"https:\\\/\\\/nesiller.com\\\/fr\\\/#organization\",\"name\":\"Nesiller Genetik\",\"url\":\"https:\\\/\\\/nesiller.com\\\/fr\\\/\",\"logo\":{\"@type\":\"ImageObject\",\"inLanguage\":\"fr-FR\",\"@id\":\"https:\\\/\\\/nesiller.com\\\/fr\\\/#\\\/schema\\\/logo\\\/image\\\/\",\"url\":\"https:\\\/\\\/nesiller.com\\\/wp-content\\\/uploads\\\/2023\\\/04\\\/nesiller-logo.jpg\",\"contentUrl\":\"https:\\\/\\\/nesiller.com\\\/wp-content\\\/uploads\\\/2023\\\/04\\\/nesiller-logo.jpg\",\"width\":1000,\"height\":700,\"caption\":\"Nesiller Genetik\"},\"image\":{\"@id\":\"https:\\\/\\\/nesiller.com\\\/fr\\\/#\\\/schema\\\/logo\\\/image\\\/\"},\"sameAs\":[\"https:\\\/\\\/www.facebook.com\\\/NesillerGenetik\",\"https:\\\/\\\/x.com\\\/NesillerGenetik\"]}]}<\/script>\n<!-- \/ Yoast SEO Premium plugin. -->","yoast_head_json":{"title":"NOS PROJETS DE R&amp;D - Nesiller Genetic Center","description":"NOS PROJETS DE R&amp;D -","robots":{"index":"index","follow":"follow","max-snippet":"max-snippet:-1","max-image-preview":"max-image-preview:large","max-video-preview":"max-video-preview:-1"},"canonical":"https:\/\/nesiller.com\/fr\/nos-projets-de-rd\/","og_locale":"fr_FR","og_type":"article","og_title":"NOS PROJETS DE R&amp;D","og_description":"En tant que centre de diagnostic g\u00e9n\u00e9tique, nous soutenons non seulement le diagnostic et le traitement des maladies gr\u00e2ce aux r\u00e9sultats g\u00e9n\u00e9tiques que","og_url":"https:\/\/nesiller.com\/fr\/nos-projets-de-rd\/","og_site_name":"Nesiller Genetic Center","article_publisher":"https:\/\/www.facebook.com\/NesillerGenetik","article_modified_time":"2023-05-05T14:27:47+00:00","og_image":[{"url":"https:\/\/nesiller.com\/wp-content\/uploads\/2023\/04\/tubitak-hakkinda-bilgiler-1024x597-1.jpg","type":"","width":"","height":""}],"twitter_card":"summary_large_image","twitter_site":"@NesillerGenetik","schema":{"@context":"https:\/\/schema.org","@graph":[{"@type":"WebPage","@id":"https:\/\/nesiller.com\/fr\/nos-projets-de-rd\/","url":"https:\/\/nesiller.com\/fr\/nos-projets-de-rd\/","name":"NOS PROJETS DE R&amp;D - Nesiller Genetic Center","isPartOf":{"@id":"https:\/\/nesiller.com\/fr\/#website"},"primaryImageOfPage":{"@id":"https:\/\/nesiller.com\/fr\/nos-projets-de-rd\/#primaryimage"},"image":{"@id":"https:\/\/nesiller.com\/fr\/nos-projets-de-rd\/#primaryimage"},"thumbnailUrl":"https:\/\/nesiller.com\/wp-content\/uploads\/2023\/04\/tubitak-hakkinda-bilgiler-1024x597-1.jpg","datePublished":"2023-03-27T16:13:08+00:00","dateModified":"2023-05-05T14:27:47+00:00","description":"NOS PROJETS DE R&amp;D -","breadcrumb":{"@id":"https:\/\/nesiller.com\/fr\/nos-projets-de-rd\/#breadcrumb"},"inLanguage":"fr-FR","potentialAction":[{"@type":"ReadAction","target":["https:\/\/nesiller.com\/fr\/nos-projets-de-rd\/"]}]},{"@type":"ImageObject","inLanguage":"fr-FR","@id":"https:\/\/nesiller.com\/fr\/nos-projets-de-rd\/#primaryimage","url":"https:\/\/nesiller.com\/wp-content\/uploads\/2023\/04\/tubitak-hakkinda-bilgiler-1024x597-1.jpg","contentUrl":"https:\/\/nesiller.com\/wp-content\/uploads\/2023\/04\/tubitak-hakkinda-bilgiler-1024x597-1.jpg"},{"@type":"BreadcrumbList","@id":"https:\/\/nesiller.com\/fr\/nos-projets-de-rd\/#breadcrumb","itemListElement":[{"@type":"ListItem","position":1,"name":"Home","item":"https:\/\/nesiller.com\/fr\/page-daccueil-2\/"},{"@type":"ListItem","position":2,"name":"NOS PROJETS DE R&amp;D"}]},{"@type":"WebSite","@id":"https:\/\/nesiller.com\/fr\/#website","url":"https:\/\/nesiller.com\/fr\/","name":"Nesiller Genetik","description":"Nesiller, the name of genetic expertise in Istanbul","publisher":{"@id":"https:\/\/nesiller.com\/fr\/#organization"},"potentialAction":[{"@type":"SearchAction","target":{"@type":"EntryPoint","urlTemplate":"https:\/\/nesiller.com\/fr\/?s={search_term_string}"},"query-input":{"@type":"PropertyValueSpecification","valueRequired":true,"valueName":"search_term_string"}}],"inLanguage":"fr-FR"},{"@type":"Organization","@id":"https:\/\/nesiller.com\/fr\/#organization","name":"Nesiller Genetik","url":"https:\/\/nesiller.com\/fr\/","logo":{"@type":"ImageObject","inLanguage":"fr-FR","@id":"https:\/\/nesiller.com\/fr\/#\/schema\/logo\/image\/","url":"https:\/\/nesiller.com\/wp-content\/uploads\/2023\/04\/nesiller-logo.jpg","contentUrl":"https:\/\/nesiller.com\/wp-content\/uploads\/2023\/04\/nesiller-logo.jpg","width":1000,"height":700,"caption":"Nesiller Genetik"},"image":{"@id":"https:\/\/nesiller.com\/fr\/#\/schema\/logo\/image\/"},"sameAs":["https:\/\/www.facebook.com\/NesillerGenetik","https:\/\/x.com\/NesillerGenetik"]}]}},"rttpg_featured_image_url":null,"rttpg_author":{"display_name":"admin","author_link":"https:\/\/nesiller.com\/fr\/author\/admin\/"},"rttpg_comment":0,"rttpg_category":false,"rttpg_excerpt":"En tant que centre de diagnostic g\u00e9n\u00e9tique, nous soutenons non seulement le diagnostic et le traitement des maladies gr\u00e2ce aux r\u00e9sultats g\u00e9n\u00e9tiques que nous fournissons dans tous les domaines de la m\u00e9decine, mais nous nous concentrons \u00e9galement sur la recherche et le d\u00e9veloppement et sur l&rsquo;offre de nouvelles solutions en mati\u00e8re de diagnostic g\u00e9n\u00e9tique. Dans\u2026","_links":{"self":[{"href":"https:\/\/nesiller.com\/fr\/wp-json\/wp\/v2\/pages\/28405","targetHints":{"allow":["GET"]}}],"collection":[{"href":"https:\/\/nesiller.com\/fr\/wp-json\/wp\/v2\/pages"}],"about":[{"href":"https:\/\/nesiller.com\/fr\/wp-json\/wp\/v2\/types\/page"}],"author":[{"embeddable":true,"href":"https:\/\/nesiller.com\/fr\/wp-json\/wp\/v2\/users\/1"}],"replies":[{"embeddable":true,"href":"https:\/\/nesiller.com\/fr\/wp-json\/wp\/v2\/comments?post=28405"}],"version-history":[{"count":2,"href":"https:\/\/nesiller.com\/fr\/wp-json\/wp\/v2\/pages\/28405\/revisions"}],"predecessor-version":[{"id":29215,"href":"https:\/\/nesiller.com\/fr\/wp-json\/wp\/v2\/pages\/28405\/revisions\/29215"}],"wp:attachment":[{"href":"https:\/\/nesiller.com\/fr\/wp-json\/wp\/v2\/media?parent=28405"}],"curies":[{"name":"wp","href":"https:\/\/api.w.org\/{rel}","templated":true}]}}