{"id":28363,"date":"2023-03-24T11:02:33","date_gmt":"2023-03-24T08:02:33","guid":{"rendered":"https:\/\/nesiller.com\/nos-valeurs\/"},"modified":"2023-06-08T21:59:08","modified_gmt":"2023-06-08T18:59:08","slug":"nos-valeurs","status":"publish","type":"page","link":"https:\/\/nesiller.com\/fr\/nos-valeurs\/","title":{"rendered":"NOS VALEURS"},"content":{"rendered":"\t\t<div data-elementor-type=\"wp-page\" data-elementor-id=\"28363\" class=\"elementor elementor-28363 elementor-20712\">\n\t\t\t\t\t\t<section class=\"elementor-section elementor-top-section elementor-element elementor-element-c9cfa4b elementor-section-boxed elementor-section-height-default elementor-section-height-default\" data-id=\"c9cfa4b\" data-element_type=\"section\">\n\t\t\t\t\t\t<div class=\"elementor-container elementor-column-gap-default\">\n\t\t\t\t\t<div class=\"elementor-column elementor-col-100 elementor-top-column elementor-element elementor-element-97b079d\" data-id=\"97b079d\" data-element_type=\"column\">\n\t\t\t<div class=\"elementor-widget-wrap elementor-element-populated\">\n\t\t\t\t\t\t<section class=\"elementor-section elementor-inner-section elementor-element elementor-element-368a50d elementor-section-boxed elementor-section-height-default elementor-section-height-default\" data-id=\"368a50d\" data-element_type=\"section\">\n\t\t\t\t\t\t<div class=\"elementor-container elementor-column-gap-default\">\n\t\t\t\t\t<div class=\"elementor-column elementor-col-50 elementor-inner-column elementor-element elementor-element-ad8c701\" data-id=\"ad8c701\" data-element_type=\"column\">\n\t\t\t<div class=\"elementor-widget-wrap elementor-element-populated\">\n\t\t\t\t\t\t<div class=\"elementor-element elementor-element-a6ea907 elementor-widget elementor-widget-text-editor\" data-id=\"a6ea907\" data-element_type=\"widget\" data-widget_type=\"text-editor.default\">\n\t\t\t\t\t\t\t\t\t\n          <h2 class=\"font_8\">Des r\u00e9sultats pr\u00e9cis et fiables ne sont pas le fruit du hasard<\/h2>\n          \n\n          <br>\n          <br>\n          \n\n          <h4>Orientation du patient<\/h4>\n          \n\n          <p>Comprendre les patients et leurs proches et les aider au mieux est un objectif commun \u00e0 tous : nous sommes rapides et accessibles. Gr\u00e2ce \u00e0 son vaste service de tests et \u00e0 son personnel exp\u00e9riment\u00e9, Nesiller permet de d\u00e9terminer facilement le test le plus appropri\u00e9 aux besoins sp\u00e9cifiques de chaque individu.<\/p>\n          \n\n          <h4>Expertise scientifique et innovation<\/h4>\n          \n\n          <p>Notre \u00e9quipe poss\u00e8de les connaissances, le courage et la curiosit\u00e9 n\u00e9cessaires pour transformer les donn\u00e9es en informations et les informations en intuition. Gr\u00e2ce \u00e0 notre culture de l&rsquo;innovation, nous mettons un point d&rsquo;honneur \u00e0 fournir \u00e0 nos clients l&rsquo;acc\u00e8s aux derniers d\u00e9veloppements en mati\u00e8re de g\u00e9n\u00e9tique mol\u00e9culaire.<\/p>\n          \n\n          <h4>Fiabilit\u00e9<\/h4>\n          \n\n          <p>Nos r\u00e9sultats qualifi\u00e9s r\u00e9sultent du savoir-faire et de l&rsquo;attention de notre personnel de laboratoire sp\u00e9cialis\u00e9, ainsi que de notre investissement dans la technologie et de notre approche de haute qualit\u00e9 de la gestion des processus.<\/p>\n        \t\t\t\t\t\t\t\t<\/div>\n\t\t\t\t<div class=\"elementor-element elementor-element-20924ac elementor-widget elementor-widget-text-editor\" data-id=\"20924ac\" data-element_type=\"widget\" data-widget_type=\"text-editor.default\">\n\t\t\t\t\t\t\t\t\t<p class=\"font_8\" style=\"font-family: var(--tp-ff-p);\">\n            <span style=\"font-weight: bold; font-family: sans-serif;\">Comme indicateur de la qualit\u00e9 de nos services, nous disposons de l&rsquo;accr\u00e9ditation ISO 15189:2014 pour les laboratoires m\u00e9dicaux, de l&rsquo;accr\u00e9ditation ISO 9001:2008 pour la qualit\u00e9, ainsi que des certificats INSTAND (External Quality Assessment), EMQN et Online EQA Assessment (Online EQA Assessment), des certificats de contr\u00f4le de qualit\u00e9 externe d\u00e9livr\u00e9s par CEQAS, un membre du consortium britannique NEQAS.<\/span>\n          <\/p>\n\t\t\t\t\t\t\t\t<\/div>\n\t\t\t\t<div class=\"elementor-element elementor-element-b60dc66 elementor-widget elementor-widget-text-editor\" data-id=\"b60dc66\" data-element_type=\"widget\" data-widget_type=\"text-editor.default\">\n\t\t\t\t\t\t\t\t\t\n          <h5>Approche \u00e9thique<\/h5>\n          \n\n          <p>Nous respectons les lois et les r\u00e8glements qui r\u00e9gissent nos activit\u00e9s et nos proc\u00e9dures internes, non seulement par obligation l\u00e9gale, mais aussi parce que c&rsquo;est la bonne chose \u00e0 faire.<\/p>\n          \n\n          <p>\n            <span style=\"font-weight: bold; font-family: sans-serif;\">Nesiller aborde la question de la confidentialit\u00e9 et de la s\u00e9curit\u00e9 des donn\u00e9es personnelles avec sensibilit\u00e9. Le traitement et la conservation des donn\u00e9es conform\u00e9ment \u00e0 la KVKK est une priorit\u00e9. Toutes les donn\u00e9es des patients sont archiv\u00e9es et sauvegard\u00e9es dans le syst\u00e8me num\u00e9rique s\u00e9curis\u00e9 Generations.  <\/span>\n          <\/p>\n        \t\t\t\t\t\t\t\t<\/div>\n\t\t\t\t\t<\/div>\n\t\t<\/div>\n\t\t\t\t<div class=\"elementor-column elementor-col-50 elementor-inner-column elementor-element elementor-element-b36b7d7\" data-id=\"b36b7d7\" data-element_type=\"column\">\n\t\t\t<div class=\"elementor-widget-wrap elementor-element-populated\">\n\t\t\t\t\t\t<div class=\"elementor-element elementor-element-05bf942 elementor-widget elementor-widget-image\" data-id=\"05bf942\" data-element_type=\"widget\" data-widget_type=\"image.default\">\n\t\t\t\t\t\t\t\t\t\t\t\t\t\t\t<img fetchpriority=\"high\" decoding=\"async\" width=\"587\" height=\"980\" src=\"https:\/\/nesiller.com\/wp-content\/uploads\/2023\/04\/degerlerimiz-x7uk3az0s.jpg\" class=\"attachment-large size-large wp-image-27586\" alt=\"\" srcset=\"https:\/\/nesiller.com\/wp-content\/uploads\/2023\/04\/degerlerimiz-x7uk3az0s.jpg 587w, https:\/\/nesiller.com\/wp-content\/uploads\/2023\/04\/degerlerimiz-x7uk3az0s-180x300.jpg 180w\" sizes=\"(max-width: 587px) 100vw, 587px\" \/>\t\t\t\t\t\t\t\t\t\t\t\t\t\t\t<\/div>\n\t\t\t\t\t<\/div>\n\t\t<\/div>\n\t\t\t\t\t<\/div>\n\t\t<\/section>\n\t\t\t\t\t<\/div>\n\t\t<\/div>\n\t\t\t\t\t<\/div>\n\t\t<\/section>\n\t\t\t\t<\/div>\n\t\t","protected":false},"excerpt":{"rendered":"<p>Des r\u00e9sultats pr\u00e9cis et fiables ne sont pas le fruit du hasard Orientation du patient Comprendre les patients et leurs proches et les aider au mieux est un objectif commun \u00e0 tous : nous sommes rapides et accessibles. Gr\u00e2ce \u00e0 son vaste service de tests et \u00e0 son personnel exp\u00e9riment\u00e9, Nesiller permet de d\u00e9terminer facilement [&hellip;]<\/p>\n","protected":false},"author":1,"featured_media":0,"parent":0,"menu_order":0,"comment_status":"closed","ping_status":"closed","template":"","meta":{"_monsterinsights_skip_tracking":false,"_monsterinsights_sitenote_active":false,"_monsterinsights_sitenote_note":"","_monsterinsights_sitenote_category":0,"footnotes":""},"class_list":["post-28363","page","type-page","status-publish","hentry"],"acf":[],"yoast_head":"<!-- This site is optimized with the Yoast SEO Premium plugin v26.2 (Yoast SEO v27.3) - https:\/\/yoast.com\/product\/yoast-seo-premium-wordpress\/ -->\n<title>NOS VALEURS - Nesiller Genetic Center<\/title>\n<meta name=\"description\" content=\"NOS VALEURS -\" \/>\n<meta name=\"robots\" content=\"index, follow, max-snippet:-1, max-image-preview:large, max-video-preview:-1\" \/>\n<link rel=\"canonical\" href=\"https:\/\/nesiller.com\/fr\/nos-valeurs\/\" \/>\n<meta property=\"og:locale\" content=\"fr_FR\" \/>\n<meta property=\"og:type\" content=\"article\" \/>\n<meta property=\"og:title\" content=\"NOS VALEURS\" \/>\n<meta property=\"og:description\" content=\"Des r\u00e9sultats pr\u00e9cis et fiables ne sont pas le fruit du hasard Orientation du patient Comprendre les patients et leurs proches et les aider au mieux est\" \/>\n<meta property=\"og:url\" content=\"https:\/\/nesiller.com\/fr\/nos-valeurs\/\" \/>\n<meta property=\"og:site_name\" content=\"Nesiller Genetic Center\" \/>\n<meta property=\"article:publisher\" content=\"https:\/\/www.facebook.com\/NesillerGenetik\" \/>\n<meta property=\"article:modified_time\" content=\"2023-06-08T18:59:08+00:00\" \/>\n<meta property=\"og:image\" content=\"https:\/\/nesiller.com\/wp-content\/uploads\/2023\/04\/degerlerimiz-x7uk3az0s.jpg\" \/>\n<meta name=\"twitter:card\" content=\"summary_large_image\" \/>\n<meta name=\"twitter:site\" content=\"@NesillerGenetik\" \/>\n<script type=\"application\/ld+json\" class=\"yoast-schema-graph\">{\"@context\":\"https:\\\/\\\/schema.org\",\"@graph\":[{\"@type\":\"WebPage\",\"@id\":\"https:\\\/\\\/nesiller.com\\\/fr\\\/nos-valeurs\\\/\",\"url\":\"https:\\\/\\\/nesiller.com\\\/fr\\\/nos-valeurs\\\/\",\"name\":\"NOS VALEURS - Nesiller Genetic Center\",\"isPartOf\":{\"@id\":\"https:\\\/\\\/nesiller.com\\\/fr\\\/#website\"},\"primaryImageOfPage\":{\"@id\":\"https:\\\/\\\/nesiller.com\\\/fr\\\/nos-valeurs\\\/#primaryimage\"},\"image\":{\"@id\":\"https:\\\/\\\/nesiller.com\\\/fr\\\/nos-valeurs\\\/#primaryimage\"},\"thumbnailUrl\":\"https:\\\/\\\/nesiller.com\\\/wp-content\\\/uploads\\\/2023\\\/04\\\/degerlerimiz-x7uk3az0s.jpg\",\"datePublished\":\"2023-03-24T08:02:33+00:00\",\"dateModified\":\"2023-06-08T18:59:08+00:00\",\"description\":\"NOS VALEURS -\",\"breadcrumb\":{\"@id\":\"https:\\\/\\\/nesiller.com\\\/fr\\\/nos-valeurs\\\/#breadcrumb\"},\"inLanguage\":\"fr-FR\",\"potentialAction\":[{\"@type\":\"ReadAction\",\"target\":[\"https:\\\/\\\/nesiller.com\\\/fr\\\/nos-valeurs\\\/\"]}]},{\"@type\":\"ImageObject\",\"inLanguage\":\"fr-FR\",\"@id\":\"https:\\\/\\\/nesiller.com\\\/fr\\\/nos-valeurs\\\/#primaryimage\",\"url\":\"https:\\\/\\\/nesiller.com\\\/wp-content\\\/uploads\\\/2023\\\/04\\\/degerlerimiz-x7uk3az0s.jpg\",\"contentUrl\":\"https:\\\/\\\/nesiller.com\\\/wp-content\\\/uploads\\\/2023\\\/04\\\/degerlerimiz-x7uk3az0s.jpg\"},{\"@type\":\"BreadcrumbList\",\"@id\":\"https:\\\/\\\/nesiller.com\\\/fr\\\/nos-valeurs\\\/#breadcrumb\",\"itemListElement\":[{\"@type\":\"ListItem\",\"position\":1,\"name\":\"Home\",\"item\":\"https:\\\/\\\/nesiller.com\\\/fr\\\/page-daccueil-2\\\/\"},{\"@type\":\"ListItem\",\"position\":2,\"name\":\"NOS VALEURS\"}]},{\"@type\":\"WebSite\",\"@id\":\"https:\\\/\\\/nesiller.com\\\/fr\\\/#website\",\"url\":\"https:\\\/\\\/nesiller.com\\\/fr\\\/\",\"name\":\"Nesiller Genetik\",\"description\":\"Nesiller, the name of genetic expertise in Istanbul\",\"publisher\":{\"@id\":\"https:\\\/\\\/nesiller.com\\\/fr\\\/#organization\"},\"potentialAction\":[{\"@type\":\"SearchAction\",\"target\":{\"@type\":\"EntryPoint\",\"urlTemplate\":\"https:\\\/\\\/nesiller.com\\\/fr\\\/?s={search_term_string}\"},\"query-input\":{\"@type\":\"PropertyValueSpecification\",\"valueRequired\":true,\"valueName\":\"search_term_string\"}}],\"inLanguage\":\"fr-FR\"},{\"@type\":\"Organization\",\"@id\":\"https:\\\/\\\/nesiller.com\\\/fr\\\/#organization\",\"name\":\"Nesiller Genetik\",\"url\":\"https:\\\/\\\/nesiller.com\\\/fr\\\/\",\"logo\":{\"@type\":\"ImageObject\",\"inLanguage\":\"fr-FR\",\"@id\":\"https:\\\/\\\/nesiller.com\\\/fr\\\/#\\\/schema\\\/logo\\\/image\\\/\",\"url\":\"https:\\\/\\\/nesiller.com\\\/wp-content\\\/uploads\\\/2023\\\/04\\\/nesiller-logo.jpg\",\"contentUrl\":\"https:\\\/\\\/nesiller.com\\\/wp-content\\\/uploads\\\/2023\\\/04\\\/nesiller-logo.jpg\",\"width\":1000,\"height\":700,\"caption\":\"Nesiller Genetik\"},\"image\":{\"@id\":\"https:\\\/\\\/nesiller.com\\\/fr\\\/#\\\/schema\\\/logo\\\/image\\\/\"},\"sameAs\":[\"https:\\\/\\\/www.facebook.com\\\/NesillerGenetik\",\"https:\\\/\\\/x.com\\\/NesillerGenetik\"]}]}<\/script>\n<!-- \/ Yoast SEO Premium plugin. -->","yoast_head_json":{"title":"NOS VALEURS - Nesiller Genetic Center","description":"NOS VALEURS -","robots":{"index":"index","follow":"follow","max-snippet":"max-snippet:-1","max-image-preview":"max-image-preview:large","max-video-preview":"max-video-preview:-1"},"canonical":"https:\/\/nesiller.com\/fr\/nos-valeurs\/","og_locale":"fr_FR","og_type":"article","og_title":"NOS VALEURS","og_description":"Des r\u00e9sultats pr\u00e9cis et fiables ne sont pas le fruit du hasard Orientation du patient Comprendre les patients et leurs proches et les aider au mieux est","og_url":"https:\/\/nesiller.com\/fr\/nos-valeurs\/","og_site_name":"Nesiller Genetic Center","article_publisher":"https:\/\/www.facebook.com\/NesillerGenetik","article_modified_time":"2023-06-08T18:59:08+00:00","og_image":[{"url":"https:\/\/nesiller.com\/wp-content\/uploads\/2023\/04\/degerlerimiz-x7uk3az0s.jpg","type":"","width":"","height":""}],"twitter_card":"summary_large_image","twitter_site":"@NesillerGenetik","schema":{"@context":"https:\/\/schema.org","@graph":[{"@type":"WebPage","@id":"https:\/\/nesiller.com\/fr\/nos-valeurs\/","url":"https:\/\/nesiller.com\/fr\/nos-valeurs\/","name":"NOS VALEURS - Nesiller Genetic Center","isPartOf":{"@id":"https:\/\/nesiller.com\/fr\/#website"},"primaryImageOfPage":{"@id":"https:\/\/nesiller.com\/fr\/nos-valeurs\/#primaryimage"},"image":{"@id":"https:\/\/nesiller.com\/fr\/nos-valeurs\/#primaryimage"},"thumbnailUrl":"https:\/\/nesiller.com\/wp-content\/uploads\/2023\/04\/degerlerimiz-x7uk3az0s.jpg","datePublished":"2023-03-24T08:02:33+00:00","dateModified":"2023-06-08T18:59:08+00:00","description":"NOS VALEURS -","breadcrumb":{"@id":"https:\/\/nesiller.com\/fr\/nos-valeurs\/#breadcrumb"},"inLanguage":"fr-FR","potentialAction":[{"@type":"ReadAction","target":["https:\/\/nesiller.com\/fr\/nos-valeurs\/"]}]},{"@type":"ImageObject","inLanguage":"fr-FR","@id":"https:\/\/nesiller.com\/fr\/nos-valeurs\/#primaryimage","url":"https:\/\/nesiller.com\/wp-content\/uploads\/2023\/04\/degerlerimiz-x7uk3az0s.jpg","contentUrl":"https:\/\/nesiller.com\/wp-content\/uploads\/2023\/04\/degerlerimiz-x7uk3az0s.jpg"},{"@type":"BreadcrumbList","@id":"https:\/\/nesiller.com\/fr\/nos-valeurs\/#breadcrumb","itemListElement":[{"@type":"ListItem","position":1,"name":"Home","item":"https:\/\/nesiller.com\/fr\/page-daccueil-2\/"},{"@type":"ListItem","position":2,"name":"NOS VALEURS"}]},{"@type":"WebSite","@id":"https:\/\/nesiller.com\/fr\/#website","url":"https:\/\/nesiller.com\/fr\/","name":"Nesiller Genetik","description":"Nesiller, the name of genetic expertise in Istanbul","publisher":{"@id":"https:\/\/nesiller.com\/fr\/#organization"},"potentialAction":[{"@type":"SearchAction","target":{"@type":"EntryPoint","urlTemplate":"https:\/\/nesiller.com\/fr\/?s={search_term_string}"},"query-input":{"@type":"PropertyValueSpecification","valueRequired":true,"valueName":"search_term_string"}}],"inLanguage":"fr-FR"},{"@type":"Organization","@id":"https:\/\/nesiller.com\/fr\/#organization","name":"Nesiller Genetik","url":"https:\/\/nesiller.com\/fr\/","logo":{"@type":"ImageObject","inLanguage":"fr-FR","@id":"https:\/\/nesiller.com\/fr\/#\/schema\/logo\/image\/","url":"https:\/\/nesiller.com\/wp-content\/uploads\/2023\/04\/nesiller-logo.jpg","contentUrl":"https:\/\/nesiller.com\/wp-content\/uploads\/2023\/04\/nesiller-logo.jpg","width":1000,"height":700,"caption":"Nesiller Genetik"},"image":{"@id":"https:\/\/nesiller.com\/fr\/#\/schema\/logo\/image\/"},"sameAs":["https:\/\/www.facebook.com\/NesillerGenetik","https:\/\/x.com\/NesillerGenetik"]}]}},"rttpg_featured_image_url":null,"rttpg_author":{"display_name":"admin","author_link":"https:\/\/nesiller.com\/fr\/author\/admin\/"},"rttpg_comment":0,"rttpg_category":" <a href=\"https:\/\/nesiller.com\/fr\/?taxonomy=translation_priority&#038;term=facultatif\" rel=\"tag\">Facultatif<\/a>","rttpg_excerpt":"Des r\u00e9sultats pr\u00e9cis et fiables ne sont pas le fruit du hasard Orientation du patient Comprendre les patients et leurs proches et les aider au mieux est un objectif commun \u00e0 tous : nous sommes rapides et accessibles. Gr\u00e2ce \u00e0 son vaste service de tests et \u00e0 son personnel exp\u00e9riment\u00e9, Nesiller permet de d\u00e9terminer facilement\u2026","_links":{"self":[{"href":"https:\/\/nesiller.com\/fr\/wp-json\/wp\/v2\/pages\/28363","targetHints":{"allow":["GET"]}}],"collection":[{"href":"https:\/\/nesiller.com\/fr\/wp-json\/wp\/v2\/pages"}],"about":[{"href":"https:\/\/nesiller.com\/fr\/wp-json\/wp\/v2\/types\/page"}],"author":[{"embeddable":true,"href":"https:\/\/nesiller.com\/fr\/wp-json\/wp\/v2\/users\/1"}],"replies":[{"embeddable":true,"href":"https:\/\/nesiller.com\/fr\/wp-json\/wp\/v2\/comments?post=28363"}],"version-history":[{"count":3,"href":"https:\/\/nesiller.com\/fr\/wp-json\/wp\/v2\/pages\/28363\/revisions"}],"predecessor-version":[{"id":30957,"href":"https:\/\/nesiller.com\/fr\/wp-json\/wp\/v2\/pages\/28363\/revisions\/30957"}],"wp:attachment":[{"href":"https:\/\/nesiller.com\/fr\/wp-json\/wp\/v2\/media?parent=28363"}],"curies":[{"name":"wp","href":"https:\/\/api.w.org\/{rel}","templated":true}]}}