{"id":32817,"date":"2025-03-06T17:11:09","date_gmt":"2025-03-06T14:11:09","guid":{"rendered":"https:\/\/nesiller.com\/?page_id=32817"},"modified":"2025-03-06T18:05:16","modified_gmt":"2025-03-06T15:05:16","slug":"quality-policy","status":"publish","type":"page","link":"https:\/\/nesiller.com\/en\/quality-policy\/","title":{"rendered":"QUALITY POLICY"},"content":{"rendered":"\t\t<div data-elementor-type=\"wp-page\" data-elementor-id=\"32817\" class=\"elementor elementor-32817 elementor-32814\">\n\t\t\t\t\t\t<section class=\"elementor-section elementor-top-section elementor-element elementor-element-d27f357 elementor-section-boxed elementor-section-height-default elementor-section-height-default\" data-id=\"d27f357\" data-element_type=\"section\">\n\t\t\t\t\t\t<div class=\"elementor-container elementor-column-gap-default\">\n\t\t\t\t\t<div class=\"elementor-column elementor-col-100 elementor-top-column elementor-element elementor-element-033a0e2\" data-id=\"033a0e2\" data-element_type=\"column\">\n\t\t\t<div class=\"elementor-widget-wrap elementor-element-populated\">\n\t\t\t\t\t\t<section class=\"elementor-section elementor-inner-section elementor-element elementor-element-e02f9c8 elementor-section-boxed elementor-section-height-default elementor-section-height-default\" data-id=\"e02f9c8\" data-element_type=\"section\">\n\t\t\t\t\t\t<div class=\"elementor-container elementor-column-gap-default\">\n\t\t\t\t\t<div class=\"elementor-column elementor-col-50 elementor-inner-column elementor-element elementor-element-f4bbb89\" data-id=\"f4bbb89\" data-element_type=\"column\">\n\t\t\t<div class=\"elementor-widget-wrap elementor-element-populated\">\n\t\t\t\t\t\t<div class=\"elementor-element elementor-element-2e8c2b1 elementor-widget elementor-widget-text-editor\" data-id=\"2e8c2b1\" data-element_type=\"widget\" data-widget_type=\"text-editor.default\">\n\t\t\t\t\t\t\t\t\t\n          <p>Nesiller Genetik, while providing genetic testing and analysis services, we strictly adhere to the principles of independence, impartiality and confidentiality, providing high quality service to our customers, compliance with scientific rules, unbiased approach and professional responsibilities. Our goal is to be among the leading genetic centers in the world in Turkey and neighboring countries. <\/p>\n          \n\n          <p>With this understanding, we provide services based on the following principles in our genetic testing and analysis processes:<\/p>\n          \n\n          <hr>\n          \n\n          <h4>\n            <span style=\"background-color: var(--bs-body-bg); text-align: var(--bs-body-text-align); font-size: 30px;\">\n              <b>High Quality and Reliability:<\/b>\n            <\/span>\n          <\/h4>\n          \n\n          <p>We are committed to providing accurate, precise, timely and reliable test results using methods in accordance with customer requirements and nationally and internationally recognized scientific guidelines. We ensure continuous improvement to increase the accuracy and reliability of our results, guaranteeing quality at every stage. <\/p>\n          \n\n          <hr>\n          \n\n          <h4>\n            <span style=\"background-color: var(--bs-body-bg); text-align: var(--bs-body-text-align); font-size: 30px;\">\n              <b>Innovative Approaches to Science and Technology:<\/b>\n            <\/span>\n          <\/h4>\n          \n\n          <p>We closely follow innovations in science and technology. As a pioneer and leader in genetic analysis and testing processes, Nesiller Genetik aims to offer an infrastructure equipped with the latest technologies. <\/p>\n          \n\n          <hr>\n          \n\n          <h4>\n            <span style=\"background-color: var(--bs-body-bg); text-align: var(--bs-body-text-align); font-size: 30px;\">\n              <b>Proactive Problem Solving and Prevention:<\/b>\n            <\/span>\n          <\/h4>\n          \n\n          <p>We continuously review laboratory processes to proactively prevent problems and intervene in a timely manner. We take the necessary measures to prevent any errors from occurring. <\/p>\n          \n\n          <div>\n            \n\n            <hr style=\"color: #000000;\">\n            \n\n            <h4 style=\"transition-property: all; text-align: start;\"><span style=\"background-color: var(--bs-body-bg); text-align: var(--bs-body-text-align); font-size: 30px;\"><b>Internal Quality Control and Calibration<\/b><\/span><span style=\"background-color: var(--bs-body-bg); text-align: var(--bs-body-text-align);\"><span style=\"font-weight: bold;\">:<\/span><\/span><\/h4>\n            \n\n            <p style=\"transition-property: all;\">We regularly implement calibration procedures to ensure the accuracy and reliability of laboratory processes. We also periodically audit the reliability of our tests using internal quality control testing and national and international inter-laboratory benchmarking programs. <\/p>\n            \n\n            <hr style=\"color: #000000;\">\n            \n\n            <h4 style=\"transition-property: all; text-align: start;\"><span style=\"background-color: var(--bs-body-bg); text-align: var(--bs-body-text-align); font-size: 30px;\"><b>Continuous Improvement and Quality Management<\/b><\/span><span style=\"font-weight: bold; background-color: var(--bs-body-bg); text-align: var(--bs-body-text-align); font-family: -apple-system, BlinkMacSystemFont, 'Segoe UI', Roboto, Oxygen-Sans, Ubuntu, Cantarell, 'Helvetica Neue', sans-serif;\">:<\/span><\/h4>\n            \n\n            <p style=\"transition-property: all;\">We continuously develop and improve our quality management system in accordance with the ISO 15189 standard. By setting our quality targets, we continuously evaluate our activities to ensure the highest quality in every process. <\/p>\n            \n\n            <hr style=\"color: #000000;\">\n            \n\n            <h4 style=\"transition-property: all; text-align: start;\"><span style=\"background-color: var(--bs-body-bg); text-align: var(--bs-body-text-align); font-size: 30px;\"><b>Information Security<\/b><\/span><span style=\"font-weight: bold; background-color: var(--bs-body-bg); text-align: var(--bs-body-text-align); font-family: -apple-system, BlinkMacSystemFont, 'Segoe UI', Roboto, Oxygen-Sans, Ubuntu, Cantarell, 'Helvetica Neue', sans-serif;\">:<\/span><\/h4>\n            \n\n            <p>We ensure that customers&#8217; confidential information and proprietary rights are protected and that the results of analyses are reliably stored and transmitted.<\/p>\n            \n\n            <hr style=\"color: #000000;\">\n            \n\n            <h4 style=\"transition-property: all; text-align: start;\"><span style=\"background-color: var(--bs-body-bg); text-align: var(--bs-body-text-align); font-size: 30px;\"><b>Code of Ethics &amp; Legal Regulations<\/b><\/span><span style=\"background-color: var(--bs-body-bg); text-align: var(--bs-body-text-align);\"><span style=\"font-weight: bold;\">:<\/span><\/span><\/h4>\n            \n\n            <p style=\"transition-property: all;\">All our tests are performed in full compliance with local and international legal regulations, ethical rules, patient rights and confidentiality. Genetic testing processes are secured by high security measures that protect the confidentiality of patient data. <\/p>\n            \n\n            <p style=\"transition-property: all;\">We take measures to ensure that all personnel adopt and implement quality policies and understand their responsibilities, and that they are kept free from any internal\/external pressures and influences that may adversely affect the quality of the work performed and the decisions of the personnel.<\/p>\n            \n\n            <hr style=\"color: #000000;\">\n            \n\n            <h4 style=\"transition-property: all; text-align: start;\"><span style=\"background-color: var(--bs-body-bg); text-align: var(--bs-body-text-align); font-size: 30px;\"><b>Team &amp; Training<\/b><\/span><span style=\"background-color: var(--bs-body-bg); text-align: var(--bs-body-text-align);\"><span style=\"font-weight: bold;\">:<\/span><\/span><\/h4>\n            \n\n            <p style=\"transition-property: all;\">All staff in our laboratory are experts with high knowledge and experience in genetic testing, whose competencies have been enhanced through continuous training. We regularly update staff training to keep them abreast of developments in their areas of expertise and to adapt to changes in the ISO 15189 standard. <\/p>\n            <p>As Nesiller Genetik, while providing services by adopting all these principles, we always prioritize quality and customer satisfaction and manage all our processes in accordance with scientific, ethical and professional rules.<\/p>\n            <p>\n              <br>\n            <\/p>\n            <p>Responsible Manager<\/p>\n            <p>Dr. G\u00fclay \u00d6zg\u00f6n<\/p>\n            \n\n          <\/div>\n        \t\t\t\t\t\t\t\t<\/div>\n\t\t\t\t\t<\/div>\n\t\t<\/div>\n\t\t\t\t<div class=\"elementor-column elementor-col-50 elementor-inner-column elementor-element elementor-element-9a8b7b3\" data-id=\"9a8b7b3\" data-element_type=\"column\">\n\t\t\t<div class=\"elementor-widget-wrap elementor-element-populated\">\n\t\t\t\t\t\t<div class=\"elementor-element elementor-element-1b68a8d elementor-widget elementor-widget-image\" data-id=\"1b68a8d\" data-element_type=\"widget\" data-widget_type=\"image.default\">\n\t\t\t\t\t\t\t\t\t\t\t\t\t\t\t<img fetchpriority=\"high\" decoding=\"async\" width=\"587\" height=\"980\" src=\"https:\/\/nesiller.com\/wp-content\/uploads\/2025\/03\/kalite-an34c6y54fg.jpg\" class=\"attachment-large size-large wp-image-32833\" alt=\"kalite politikas\u0131\" srcset=\"https:\/\/nesiller.com\/wp-content\/uploads\/2025\/03\/kalite-an34c6y54fg.jpg 587w, https:\/\/nesiller.com\/wp-content\/uploads\/2025\/03\/kalite-an34c6y54fg-180x300.jpg 180w\" sizes=\"(max-width: 587px) 100vw, 587px\" \/>\t\t\t\t\t\t\t\t\t\t\t\t\t\t\t<\/div>\n\t\t\t\t\t<\/div>\n\t\t<\/div>\n\t\t\t\t\t<\/div>\n\t\t<\/section>\n\t\t\t\t\t<\/div>\n\t\t<\/div>\n\t\t\t\t\t<\/div>\n\t\t<\/section>\n\t\t\t\t<\/div>\n\t\t","protected":false},"excerpt":{"rendered":"<p>Nesiller Genetik, while providing genetic testing and analysis services, we strictly adhere to the principles of independence, impartiality and confidentiality, providing high quality service to our customers, compliance with scientific rules, unbiased approach and professional responsibilities. Our goal is to be among the leading genetic centers in the world in Turkey and neighboring countries. With [&hellip;]<\/p>\n","protected":false},"author":7,"featured_media":0,"parent":0,"menu_order":0,"comment_status":"closed","ping_status":"closed","template":"","meta":{"_monsterinsights_skip_tracking":false,"_monsterinsights_sitenote_active":false,"_monsterinsights_sitenote_note":"","_monsterinsights_sitenote_category":0,"footnotes":""},"class_list":["post-32817","page","type-page","status-publish","hentry"],"acf":[],"yoast_head":"<!-- This site is optimized with the Yoast SEO Premium plugin v26.2 (Yoast SEO v27.4) - https:\/\/yoast.com\/product\/yoast-seo-premium-wordpress\/ -->\n<title>QUALITY POLICY - Nesiller Genetic Center<\/title>\n<meta name=\"description\" content=\"QUALITY POLICY -\" \/>\n<meta name=\"robots\" content=\"index, follow, max-snippet:-1, max-image-preview:large, max-video-preview:-1\" \/>\n<link rel=\"canonical\" href=\"https:\/\/nesiller.com\/en\/quality-policy\/\" \/>\n<meta property=\"og:locale\" content=\"en_US\" \/>\n<meta property=\"og:type\" content=\"article\" \/>\n<meta property=\"og:title\" content=\"QUALITY POLICY\" \/>\n<meta property=\"og:description\" content=\"Nesiller Genetik, while providing genetic testing and analysis services, we strictly adhere to the principles of independence, impartiality and\" \/>\n<meta property=\"og:url\" content=\"https:\/\/nesiller.com\/en\/quality-policy\/\" \/>\n<meta property=\"og:site_name\" content=\"Nesiller Genetic Center\" \/>\n<meta property=\"article:publisher\" content=\"https:\/\/www.facebook.com\/NesillerGenetik\" \/>\n<meta property=\"article:modified_time\" content=\"2025-03-06T15:05:16+00:00\" \/>\n<meta property=\"og:image\" content=\"https:\/\/nesiller.com\/wp-content\/uploads\/2025\/03\/kalite-an34c6y54fg.jpg\" \/>\n<meta name=\"twitter:card\" content=\"summary_large_image\" \/>\n<meta name=\"twitter:site\" content=\"@NesillerGenetik\" \/>\n<script type=\"application\/ld+json\" class=\"yoast-schema-graph\">{\"@context\":\"https:\\\/\\\/schema.org\",\"@graph\":[{\"@type\":\"WebPage\",\"@id\":\"https:\\\/\\\/nesiller.com\\\/en\\\/quality-policy\\\/\",\"url\":\"https:\\\/\\\/nesiller.com\\\/en\\\/quality-policy\\\/\",\"name\":\"QUALITY POLICY - Nesiller Genetic Center\",\"isPartOf\":{\"@id\":\"https:\\\/\\\/nesiller.com\\\/en\\\/#website\"},\"primaryImageOfPage\":{\"@id\":\"https:\\\/\\\/nesiller.com\\\/en\\\/quality-policy\\\/#primaryimage\"},\"image\":{\"@id\":\"https:\\\/\\\/nesiller.com\\\/en\\\/quality-policy\\\/#primaryimage\"},\"thumbnailUrl\":\"https:\\\/\\\/nesiller.com\\\/wp-content\\\/uploads\\\/2025\\\/03\\\/kalite-an34c6y54fg.jpg\",\"datePublished\":\"2025-03-06T14:11:09+00:00\",\"dateModified\":\"2025-03-06T15:05:16+00:00\",\"description\":\"QUALITY POLICY -\",\"breadcrumb\":{\"@id\":\"https:\\\/\\\/nesiller.com\\\/en\\\/quality-policy\\\/#breadcrumb\"},\"inLanguage\":\"en-US\",\"potentialAction\":[{\"@type\":\"ReadAction\",\"target\":[\"https:\\\/\\\/nesiller.com\\\/en\\\/quality-policy\\\/\"]}]},{\"@type\":\"ImageObject\",\"inLanguage\":\"en-US\",\"@id\":\"https:\\\/\\\/nesiller.com\\\/en\\\/quality-policy\\\/#primaryimage\",\"url\":\"https:\\\/\\\/nesiller.com\\\/wp-content\\\/uploads\\\/2025\\\/03\\\/kalite-an34c6y54fg.jpg\",\"contentUrl\":\"https:\\\/\\\/nesiller.com\\\/wp-content\\\/uploads\\\/2025\\\/03\\\/kalite-an34c6y54fg.jpg\"},{\"@type\":\"BreadcrumbList\",\"@id\":\"https:\\\/\\\/nesiller.com\\\/en\\\/quality-policy\\\/#breadcrumb\",\"itemListElement\":[{\"@type\":\"ListItem\",\"position\":1,\"name\":\"Home\",\"item\":\"https:\\\/\\\/nesiller.com\\\/en\\\/\"},{\"@type\":\"ListItem\",\"position\":2,\"name\":\"QUALITY POLICY\"}]},{\"@type\":\"WebSite\",\"@id\":\"https:\\\/\\\/nesiller.com\\\/en\\\/#website\",\"url\":\"https:\\\/\\\/nesiller.com\\\/en\\\/\",\"name\":\"Nesiller Genetik\",\"description\":\"Nesiller, the name of genetic expertise in Istanbul\",\"publisher\":{\"@id\":\"https:\\\/\\\/nesiller.com\\\/en\\\/#organization\"},\"potentialAction\":[{\"@type\":\"SearchAction\",\"target\":{\"@type\":\"EntryPoint\",\"urlTemplate\":\"https:\\\/\\\/nesiller.com\\\/en\\\/?s={search_term_string}\"},\"query-input\":{\"@type\":\"PropertyValueSpecification\",\"valueRequired\":true,\"valueName\":\"search_term_string\"}}],\"inLanguage\":\"en-US\"},{\"@type\":\"Organization\",\"@id\":\"https:\\\/\\\/nesiller.com\\\/en\\\/#organization\",\"name\":\"Nesiller Genetik\",\"url\":\"https:\\\/\\\/nesiller.com\\\/en\\\/\",\"logo\":{\"@type\":\"ImageObject\",\"inLanguage\":\"en-US\",\"@id\":\"https:\\\/\\\/nesiller.com\\\/en\\\/#\\\/schema\\\/logo\\\/image\\\/\",\"url\":\"https:\\\/\\\/nesiller.com\\\/wp-content\\\/uploads\\\/2023\\\/04\\\/nesiller-logo.jpg\",\"contentUrl\":\"https:\\\/\\\/nesiller.com\\\/wp-content\\\/uploads\\\/2023\\\/04\\\/nesiller-logo.jpg\",\"width\":1000,\"height\":700,\"caption\":\"Nesiller Genetik\"},\"image\":{\"@id\":\"https:\\\/\\\/nesiller.com\\\/en\\\/#\\\/schema\\\/logo\\\/image\\\/\"},\"sameAs\":[\"https:\\\/\\\/www.facebook.com\\\/NesillerGenetik\",\"https:\\\/\\\/x.com\\\/NesillerGenetik\"]}]}<\/script>\n<!-- \/ Yoast SEO Premium plugin. -->","yoast_head_json":{"title":"QUALITY POLICY - Nesiller Genetic Center","description":"QUALITY POLICY -","robots":{"index":"index","follow":"follow","max-snippet":"max-snippet:-1","max-image-preview":"max-image-preview:large","max-video-preview":"max-video-preview:-1"},"canonical":"https:\/\/nesiller.com\/en\/quality-policy\/","og_locale":"en_US","og_type":"article","og_title":"QUALITY POLICY","og_description":"Nesiller Genetik, while providing genetic testing and analysis services, we strictly adhere to the principles of independence, impartiality and","og_url":"https:\/\/nesiller.com\/en\/quality-policy\/","og_site_name":"Nesiller Genetic Center","article_publisher":"https:\/\/www.facebook.com\/NesillerGenetik","article_modified_time":"2025-03-06T15:05:16+00:00","og_image":[{"url":"https:\/\/nesiller.com\/wp-content\/uploads\/2025\/03\/kalite-an34c6y54fg.jpg","type":"","width":"","height":""}],"twitter_card":"summary_large_image","twitter_site":"@NesillerGenetik","schema":{"@context":"https:\/\/schema.org","@graph":[{"@type":"WebPage","@id":"https:\/\/nesiller.com\/en\/quality-policy\/","url":"https:\/\/nesiller.com\/en\/quality-policy\/","name":"QUALITY POLICY - Nesiller Genetic Center","isPartOf":{"@id":"https:\/\/nesiller.com\/en\/#website"},"primaryImageOfPage":{"@id":"https:\/\/nesiller.com\/en\/quality-policy\/#primaryimage"},"image":{"@id":"https:\/\/nesiller.com\/en\/quality-policy\/#primaryimage"},"thumbnailUrl":"https:\/\/nesiller.com\/wp-content\/uploads\/2025\/03\/kalite-an34c6y54fg.jpg","datePublished":"2025-03-06T14:11:09+00:00","dateModified":"2025-03-06T15:05:16+00:00","description":"QUALITY POLICY -","breadcrumb":{"@id":"https:\/\/nesiller.com\/en\/quality-policy\/#breadcrumb"},"inLanguage":"en-US","potentialAction":[{"@type":"ReadAction","target":["https:\/\/nesiller.com\/en\/quality-policy\/"]}]},{"@type":"ImageObject","inLanguage":"en-US","@id":"https:\/\/nesiller.com\/en\/quality-policy\/#primaryimage","url":"https:\/\/nesiller.com\/wp-content\/uploads\/2025\/03\/kalite-an34c6y54fg.jpg","contentUrl":"https:\/\/nesiller.com\/wp-content\/uploads\/2025\/03\/kalite-an34c6y54fg.jpg"},{"@type":"BreadcrumbList","@id":"https:\/\/nesiller.com\/en\/quality-policy\/#breadcrumb","itemListElement":[{"@type":"ListItem","position":1,"name":"Home","item":"https:\/\/nesiller.com\/en\/"},{"@type":"ListItem","position":2,"name":"QUALITY POLICY"}]},{"@type":"WebSite","@id":"https:\/\/nesiller.com\/en\/#website","url":"https:\/\/nesiller.com\/en\/","name":"Nesiller Genetik","description":"Nesiller, the name of genetic expertise in Istanbul","publisher":{"@id":"https:\/\/nesiller.com\/en\/#organization"},"potentialAction":[{"@type":"SearchAction","target":{"@type":"EntryPoint","urlTemplate":"https:\/\/nesiller.com\/en\/?s={search_term_string}"},"query-input":{"@type":"PropertyValueSpecification","valueRequired":true,"valueName":"search_term_string"}}],"inLanguage":"en-US"},{"@type":"Organization","@id":"https:\/\/nesiller.com\/en\/#organization","name":"Nesiller Genetik","url":"https:\/\/nesiller.com\/en\/","logo":{"@type":"ImageObject","inLanguage":"en-US","@id":"https:\/\/nesiller.com\/en\/#\/schema\/logo\/image\/","url":"https:\/\/nesiller.com\/wp-content\/uploads\/2023\/04\/nesiller-logo.jpg","contentUrl":"https:\/\/nesiller.com\/wp-content\/uploads\/2023\/04\/nesiller-logo.jpg","width":1000,"height":700,"caption":"Nesiller Genetik"},"image":{"@id":"https:\/\/nesiller.com\/en\/#\/schema\/logo\/image\/"},"sameAs":["https:\/\/www.facebook.com\/NesillerGenetik","https:\/\/x.com\/NesillerGenetik"]}]}},"rttpg_featured_image_url":null,"rttpg_author":{"display_name":"Admin 003","author_link":"https:\/\/nesiller.com\/en\/author\/admin003\/"},"rttpg_comment":0,"rttpg_category":" <a href=\"https:\/\/nesiller.com\/en\/?taxonomy=translation_priority&#038;term=optional-en\" rel=\"tag\">Optional<\/a>","rttpg_excerpt":"Nesiller Genetik, while providing genetic testing and analysis services, we strictly adhere to the principles of independence, impartiality and confidentiality, providing high quality service to our customers, compliance with scientific rules, unbiased approach and professional responsibilities. Our goal is to be among the leading genetic centers in the world in Turkey and neighboring countries. With&hellip;","_links":{"self":[{"href":"https:\/\/nesiller.com\/en\/wp-json\/wp\/v2\/pages\/32817","targetHints":{"allow":["GET"]}}],"collection":[{"href":"https:\/\/nesiller.com\/en\/wp-json\/wp\/v2\/pages"}],"about":[{"href":"https:\/\/nesiller.com\/en\/wp-json\/wp\/v2\/types\/page"}],"author":[{"embeddable":true,"href":"https:\/\/nesiller.com\/en\/wp-json\/wp\/v2\/users\/7"}],"replies":[{"embeddable":true,"href":"https:\/\/nesiller.com\/en\/wp-json\/wp\/v2\/comments?post=32817"}],"version-history":[{"count":4,"href":"https:\/\/nesiller.com\/en\/wp-json\/wp\/v2\/pages\/32817\/revisions"}],"predecessor-version":[{"id":32860,"href":"https:\/\/nesiller.com\/en\/wp-json\/wp\/v2\/pages\/32817\/revisions\/32860"}],"wp:attachment":[{"href":"https:\/\/nesiller.com\/en\/wp-json\/wp\/v2\/media?parent=32817"}],"curies":[{"name":"wp","href":"https:\/\/api.w.org\/{rel}","templated":true}]}}