{"id":28381,"date":"2023-03-24T11:03:07","date_gmt":"2023-03-24T08:03:07","guid":{"rendered":"https:\/\/nesiller.com\/our-team\/"},"modified":"2025-03-06T10:29:50","modified_gmt":"2025-03-06T07:29:50","slug":"our-team","status":"publish","type":"page","link":"https:\/\/nesiller.com\/en\/our-team\/","title":{"rendered":"OUR TEAM"},"content":{"rendered":"\t\t<div data-elementor-type=\"wp-page\" data-elementor-id=\"28381\" class=\"elementor elementor-28381 elementor-20714\">\n\t\t\t\t\t\t<section class=\"elementor-section elementor-top-section elementor-element elementor-element-e6e7a7d elementor-section-boxed elementor-section-height-default elementor-section-height-default\" data-id=\"e6e7a7d\" data-element_type=\"section\">\n\t\t\t\t\t\t<div class=\"elementor-container elementor-column-gap-default\">\n\t\t\t\t\t<div class=\"elementor-column elementor-col-100 elementor-top-column elementor-element elementor-element-99b799a\" data-id=\"99b799a\" data-element_type=\"column\">\n\t\t\t<div class=\"elementor-widget-wrap elementor-element-populated\">\n\t\t\t\t\t\t<section class=\"elementor-section elementor-inner-section elementor-element elementor-element-68f9d50 elementor-section-boxed elementor-section-height-default elementor-section-height-default\" data-id=\"68f9d50\" data-element_type=\"section\">\n\t\t\t\t\t\t<div class=\"elementor-container elementor-column-gap-default\">\n\t\t\t\t\t<div class=\"elementor-column elementor-col-50 elementor-inner-column elementor-element elementor-element-9881983\" data-id=\"9881983\" data-element_type=\"column\">\n\t\t\t<div class=\"elementor-widget-wrap elementor-element-populated\">\n\t\t\t\t\t\t<div class=\"elementor-element elementor-element-01b23aa elementor-widget elementor-widget-text-editor\" data-id=\"01b23aa\" data-element_type=\"widget\" data-widget_type=\"text-editor.default\">\n\t\t\t\t\t\t\t\t\t<h4>Dr. G\u00fclay \u00d6zg\u00f6n<\/h4>\n<p><span style=\"color: #b5bd00;\">General Manager, Clinical Pharmacology and Medical Geneticist<\/span> <span style=\"color: #b5bd00; font-weight: var( --e-global-typography-text-font-weight ); background-color: var(--bs-body-bg); text-align: var(--bs-body-text-align);\">.<\/span><\/p>\n<p>Dr. \u00d6zg\u00f6n completed his secondary and high school education at Istanbul Italian High School. After graduating from I.Unv. Cerrahpa\u015fa Faculty of Medicine in 1997, she received her MD in pharmacology at the same university and her doctorate degree in medical genetics, which is a joint program of I.Unv. Istanbul Medical and Cerrahpa\u015fa Medical Faculties.<\/p>\n<p>She participated in various programs in psychiatry, pharmacology, advanced molecular genetics, genetic counseling, epilepsy genetics, medical aspects of drug interactions and cardiovascular genetics at institutions such as San Martino Hospital Genoa, University College of London, Bertinoro and University of Florida.<\/p>\n<p>Between 2005 and 2007, she worked as a pharmacology specialist at the American Hospital. While working as a geneticist at Memorial Hospital in 2007-2008, she planned to establish her own laboratory and did so in 2009 by licencing as Nesiller Genetic Laboratories and Consulting Center.<\/p>\n<p>Dr. \u00d6zg\u00f6n is currently working as the founding director of the Center.<\/p>\n<p>Dr. \u00d6zg\u00f6n speaks fluent English and Italian and is the mother of a daughter.<\/p>\n\t\t\t\t\t\t\t\t<\/div>\n\t\t\t\t<div class=\"elementor-element elementor-element-d4fd676 elementor-widget elementor-widget-video\" data-id=\"d4fd676\" data-element_type=\"widget\" data-settings=\"{&quot;youtube_url&quot;:&quot;https:\\\/\\\/www.youtube.com\\\/watch?v=Y-QcNbyJePY&quot;,&quot;video_type&quot;:&quot;youtube&quot;,&quot;controls&quot;:&quot;yes&quot;}\" data-widget_type=\"video.default\">\n\t\t\t\t\t\t\t<div class=\"elementor-wrapper elementor-open-inline\">\n\t\t\t<div class=\"elementor-video\"><\/div>\t\t<\/div>\n\t\t\t\t\t\t<\/div>\n\t\t\t\t\t<\/div>\n\t\t<\/div>\n\t\t\t\t<div class=\"elementor-column elementor-col-50 elementor-inner-column elementor-element elementor-element-232014f\" data-id=\"232014f\" data-element_type=\"column\" data-settings=\"{&quot;background_background&quot;:&quot;classic&quot;}\">\n\t\t\t<div class=\"elementor-widget-wrap elementor-element-populated\">\n\t\t\t\t\t\t<div class=\"elementor-element elementor-element-de250a3 elementor-widget elementor-widget-text-editor\" data-id=\"de250a3\" data-element_type=\"widget\" data-widget_type=\"text-editor.default\">\n\t\t\t\t\t\t\t\t\t\n          <p class=\"gulay-qoute\">&#8220;We love our work.\n<br>\nThe factors behind our success are working hard with passion, putting the patient first and pulling together as a team to do our best.&#8221;<\/p>\n        \t\t\t\t\t\t\t\t<\/div>\n\t\t\t\t\t<\/div>\n\t\t<\/div>\n\t\t\t\t\t<\/div>\n\t\t<\/section>\n\t\t\t\t\t<\/div>\n\t\t<\/div>\n\t\t\t\t\t<\/div>\n\t\t<\/section>\n\t\t\t\t<section class=\"elementor-section elementor-top-section elementor-element elementor-element-a9e2880 elementor-section-boxed elementor-section-height-default elementor-section-height-default\" data-id=\"a9e2880\" data-element_type=\"section\">\n\t\t\t\t\t\t<div class=\"elementor-container elementor-column-gap-no\">\n\t\t\t\t\t<div class=\"elementor-column elementor-col-100 elementor-top-column elementor-element elementor-element-7c4ed80\" data-id=\"7c4ed80\" data-element_type=\"column\">\n\t\t\t<div class=\"elementor-widget-wrap elementor-element-populated\">\n\t\t\t\t\t\t<div class=\"elementor-element elementor-element-2266f20 elementor-widget elementor-widget-heading\" data-id=\"2266f20\" data-element_type=\"widget\" data-widget_type=\"heading.default\">\n\t\t\t\t\t<h4 class=\"elementor-heading-title elementor-size-default\">All our experience is for our patients and clinicians<\/h4>\t\t\t\t<\/div>\n\t\t<div class=\"elementor-element elementor-element-318550b e-con-full e-flex e-con e-parent\" data-id=\"318550b\" data-element_type=\"container\">\n\t\t<div class=\"elementor-element elementor-element-5b0a7a2 e-con-full e-flex e-con e-child\" data-id=\"5b0a7a2\" data-element_type=\"container\" data-settings=\"{&quot;background_background&quot;:&quot;classic&quot;}\">\n\t\t<div class=\"elementor-element elementor-element-9bcf72e e-con-full e-flex e-con e-child\" data-id=\"9bcf72e\" data-element_type=\"container\" data-settings=\"{&quot;background_background&quot;:&quot;classic&quot;}\">\n\t\t\t\t<div class=\"elementor-element elementor-element-33ce1ce elementor-widget elementor-widget-video\" data-id=\"33ce1ce\" data-element_type=\"widget\" data-settings=\"{&quot;youtube_url&quot;:&quot;https:\\\/\\\/www.youtube.com\\\/watch?v=KqSG7aNfz3M&quot;,&quot;video_type&quot;:&quot;youtube&quot;,&quot;controls&quot;:&quot;yes&quot;}\" data-widget_type=\"video.default\">\n\t\t\t\t\t\t\t<div class=\"elementor-wrapper elementor-open-inline\">\n\t\t\t<div class=\"elementor-video\"><\/div>\t\t<\/div>\n\t\t\t\t\t\t<\/div>\n\t\t\t\t<\/div>\n\t\t<div class=\"elementor-element elementor-element-4f4cbc9 e-con-full e-flex e-con e-child\" data-id=\"4f4cbc9\" data-element_type=\"container\" data-settings=\"{&quot;background_background&quot;:&quot;classic&quot;}\">\n\t\t\t\t<div class=\"elementor-element elementor-element-aa9b31b elementor-widget elementor-widget-video\" data-id=\"aa9b31b\" data-element_type=\"widget\" data-settings=\"{&quot;youtube_url&quot;:&quot;https:\\\/\\\/www.youtube.com\\\/watch?v=1l3gFscHvGc&quot;,&quot;video_type&quot;:&quot;youtube&quot;,&quot;controls&quot;:&quot;yes&quot;}\" data-widget_type=\"video.default\">\n\t\t\t\t\t\t\t<div class=\"elementor-wrapper elementor-open-inline\">\n\t\t\t<div class=\"elementor-video\"><\/div>\t\t<\/div>\n\t\t\t\t\t\t<\/div>\n\t\t\t\t<\/div>\n\t\t<div class=\"elementor-element elementor-element-8cb6d55 e-con-full e-flex e-con e-child\" data-id=\"8cb6d55\" data-element_type=\"container\" data-settings=\"{&quot;background_background&quot;:&quot;classic&quot;}\">\n\t\t\t\t<div class=\"elementor-element elementor-element-71c6326 elementor-widget elementor-widget-video\" data-id=\"71c6326\" data-element_type=\"widget\" data-settings=\"{&quot;youtube_url&quot;:&quot;https:\\\/\\\/www.youtube.com\\\/watch?v=BIIzWHAmzPQ&quot;,&quot;video_type&quot;:&quot;youtube&quot;,&quot;controls&quot;:&quot;yes&quot;}\" data-widget_type=\"video.default\">\n\t\t\t\t\t\t\t<div class=\"elementor-wrapper elementor-open-inline\">\n\t\t\t<div class=\"elementor-video\"><\/div>\t\t<\/div>\n\t\t\t\t\t\t<\/div>\n\t\t\t\t<\/div>\n\t\t<div class=\"elementor-element elementor-element-d17a83a e-con-full e-flex e-con e-child\" data-id=\"d17a83a\" data-element_type=\"container\" data-settings=\"{&quot;background_background&quot;:&quot;classic&quot;}\">\n\t\t\t\t<div class=\"elementor-element elementor-element-29fa7bc elementor-widget elementor-widget-video\" data-id=\"29fa7bc\" data-element_type=\"widget\" data-settings=\"{&quot;youtube_url&quot;:&quot;https:\\\/\\\/www.youtube.com\\\/watch?v=gSfsCxZrQj4&quot;,&quot;video_type&quot;:&quot;youtube&quot;,&quot;controls&quot;:&quot;yes&quot;}\" data-widget_type=\"video.default\">\n\t\t\t\t\t\t\t<div class=\"elementor-wrapper elementor-open-inline\">\n\t\t\t<div class=\"elementor-video\"><\/div>\t\t<\/div>\n\t\t\t\t\t\t<\/div>\n\t\t\t\t<\/div>\n\t\t\t\t<\/div>\n\t\t\t\t<\/div>\n\t\t\t\t<div class=\"elementor-element elementor-element-faa1275 elementor-widget elementor-widget-tp-btn\" data-id=\"faa1275\" data-element_type=\"widget\" data-widget_type=\"tp-btn.default\">\n\t\t\t\t<div class=\"elementor-widget-container\">\n\t\t\t\t\t\r\n\r\n<div class=\"tp-btn-box\"> \r\n    <a href=\"https:\/\/nesiller.com\/bize-katilin\/\" target=\"_self\" rel=\"nofollow\" class=\"tp-btn ele-button\">\r\n        Join us    <\/a>\r\n<\/div>\r\n\r\n\t\t\t\t<\/div>\n\t\t\t\t<\/div>\n\t\t\t\t\t<\/div>\n\t\t<\/div>\n\t\t\t\t\t<\/div>\n\t\t<\/section>\n\t\t\t\t<\/div>\n\t\t","protected":false},"excerpt":{"rendered":"<p>Dr. G\u00fclay \u00d6zg\u00f6n General Manager, Clinical Pharmacology and Medical Geneticist . Dr. \u00d6zg\u00f6n completed his secondary and high school education at Istanbul Italian High School. After graduating from I.Unv. Cerrahpa\u015fa Faculty of Medicine in 1997, she received her MD in pharmacology at the same university and her doctorate degree in medical genetics, which is a [&hellip;]<\/p>\n","protected":false},"author":1,"featured_media":0,"parent":0,"menu_order":0,"comment_status":"closed","ping_status":"closed","template":"","meta":{"_monsterinsights_skip_tracking":false,"_monsterinsights_sitenote_active":false,"_monsterinsights_sitenote_note":"","_monsterinsights_sitenote_category":0,"footnotes":""},"class_list":["post-28381","page","type-page","status-publish","hentry"],"acf":[],"yoast_head":"<!-- This site is optimized with the Yoast SEO Premium plugin v26.2 (Yoast SEO v27.4) - https:\/\/yoast.com\/product\/yoast-seo-premium-wordpress\/ -->\n<title>OUR TEAM - Nesiller Genetic Center<\/title>\n<meta name=\"description\" content=\"OUR TEAM -\" \/>\n<meta name=\"robots\" content=\"index, follow, max-snippet:-1, max-image-preview:large, max-video-preview:-1\" \/>\n<link rel=\"canonical\" href=\"https:\/\/nesiller.com\/en\/our-team\/\" \/>\n<meta property=\"og:locale\" content=\"en_US\" \/>\n<meta property=\"og:type\" content=\"article\" \/>\n<meta property=\"og:title\" content=\"OUR TEAM\" \/>\n<meta property=\"og:description\" content=\"Dr. G\u00fclay \u00d6zg\u00f6n General Manager, Clinical Pharmacology and Medical Geneticist . Dr. \u00d6zg\u00f6n completed his secondary and high school education at Istanbul\" \/>\n<meta property=\"og:url\" content=\"https:\/\/nesiller.com\/en\/our-team\/\" \/>\n<meta property=\"og:site_name\" content=\"Nesiller Genetic Center\" \/>\n<meta property=\"article:publisher\" content=\"https:\/\/www.facebook.com\/NesillerGenetik\" \/>\n<meta property=\"article:modified_time\" content=\"2025-03-06T07:29:50+00:00\" \/>\n<meta property=\"og:image\" content=\"https:\/\/nesiller.com\/wp-content\/uploads\/2023\/04\/nesiller-logo.jpg\" \/>\n\t<meta property=\"og:image:width\" content=\"1000\" \/>\n\t<meta property=\"og:image:height\" content=\"700\" \/>\n\t<meta property=\"og:image:type\" content=\"image\/jpeg\" \/>\n<meta name=\"twitter:card\" content=\"summary_large_image\" \/>\n<meta name=\"twitter:site\" content=\"@NesillerGenetik\" \/>\n<script type=\"application\/ld+json\" class=\"yoast-schema-graph\">{\"@context\":\"https:\\\/\\\/schema.org\",\"@graph\":[{\"@type\":\"WebPage\",\"@id\":\"https:\\\/\\\/nesiller.com\\\/en\\\/our-team\\\/\",\"url\":\"https:\\\/\\\/nesiller.com\\\/en\\\/our-team\\\/\",\"name\":\"OUR TEAM - Nesiller Genetic Center\",\"isPartOf\":{\"@id\":\"https:\\\/\\\/nesiller.com\\\/en\\\/#website\"},\"datePublished\":\"2023-03-24T08:03:07+00:00\",\"dateModified\":\"2025-03-06T07:29:50+00:00\",\"description\":\"OUR TEAM -\",\"breadcrumb\":{\"@id\":\"https:\\\/\\\/nesiller.com\\\/en\\\/our-team\\\/#breadcrumb\"},\"inLanguage\":\"en-US\",\"potentialAction\":[{\"@type\":\"ReadAction\",\"target\":[\"https:\\\/\\\/nesiller.com\\\/en\\\/our-team\\\/\"]}]},{\"@type\":\"BreadcrumbList\",\"@id\":\"https:\\\/\\\/nesiller.com\\\/en\\\/our-team\\\/#breadcrumb\",\"itemListElement\":[{\"@type\":\"ListItem\",\"position\":1,\"name\":\"Home\",\"item\":\"https:\\\/\\\/nesiller.com\\\/en\\\/\"},{\"@type\":\"ListItem\",\"position\":2,\"name\":\"OUR TEAM\"}]},{\"@type\":\"WebSite\",\"@id\":\"https:\\\/\\\/nesiller.com\\\/en\\\/#website\",\"url\":\"https:\\\/\\\/nesiller.com\\\/en\\\/\",\"name\":\"Nesiller Genetik\",\"description\":\"Nesiller, the name of genetic expertise in Istanbul\",\"publisher\":{\"@id\":\"https:\\\/\\\/nesiller.com\\\/en\\\/#organization\"},\"potentialAction\":[{\"@type\":\"SearchAction\",\"target\":{\"@type\":\"EntryPoint\",\"urlTemplate\":\"https:\\\/\\\/nesiller.com\\\/en\\\/?s={search_term_string}\"},\"query-input\":{\"@type\":\"PropertyValueSpecification\",\"valueRequired\":true,\"valueName\":\"search_term_string\"}}],\"inLanguage\":\"en-US\"},{\"@type\":\"Organization\",\"@id\":\"https:\\\/\\\/nesiller.com\\\/en\\\/#organization\",\"name\":\"Nesiller Genetik\",\"url\":\"https:\\\/\\\/nesiller.com\\\/en\\\/\",\"logo\":{\"@type\":\"ImageObject\",\"inLanguage\":\"en-US\",\"@id\":\"https:\\\/\\\/nesiller.com\\\/en\\\/#\\\/schema\\\/logo\\\/image\\\/\",\"url\":\"https:\\\/\\\/nesiller.com\\\/wp-content\\\/uploads\\\/2023\\\/04\\\/nesiller-logo.jpg\",\"contentUrl\":\"https:\\\/\\\/nesiller.com\\\/wp-content\\\/uploads\\\/2023\\\/04\\\/nesiller-logo.jpg\",\"width\":1000,\"height\":700,\"caption\":\"Nesiller Genetik\"},\"image\":{\"@id\":\"https:\\\/\\\/nesiller.com\\\/en\\\/#\\\/schema\\\/logo\\\/image\\\/\"},\"sameAs\":[\"https:\\\/\\\/www.facebook.com\\\/NesillerGenetik\",\"https:\\\/\\\/x.com\\\/NesillerGenetik\"]}]}<\/script>\n<!-- \/ Yoast SEO Premium plugin. -->","yoast_head_json":{"title":"OUR TEAM - Nesiller Genetic Center","description":"OUR TEAM -","robots":{"index":"index","follow":"follow","max-snippet":"max-snippet:-1","max-image-preview":"max-image-preview:large","max-video-preview":"max-video-preview:-1"},"canonical":"https:\/\/nesiller.com\/en\/our-team\/","og_locale":"en_US","og_type":"article","og_title":"OUR TEAM","og_description":"Dr. G\u00fclay \u00d6zg\u00f6n General Manager, Clinical Pharmacology and Medical Geneticist . Dr. \u00d6zg\u00f6n completed his secondary and high school education at Istanbul","og_url":"https:\/\/nesiller.com\/en\/our-team\/","og_site_name":"Nesiller Genetic Center","article_publisher":"https:\/\/www.facebook.com\/NesillerGenetik","article_modified_time":"2025-03-06T07:29:50+00:00","og_image":[{"width":1000,"height":700,"url":"https:\/\/nesiller.com\/wp-content\/uploads\/2023\/04\/nesiller-logo.jpg","type":"image\/jpeg"}],"twitter_card":"summary_large_image","twitter_site":"@NesillerGenetik","schema":{"@context":"https:\/\/schema.org","@graph":[{"@type":"WebPage","@id":"https:\/\/nesiller.com\/en\/our-team\/","url":"https:\/\/nesiller.com\/en\/our-team\/","name":"OUR TEAM - Nesiller Genetic Center","isPartOf":{"@id":"https:\/\/nesiller.com\/en\/#website"},"datePublished":"2023-03-24T08:03:07+00:00","dateModified":"2025-03-06T07:29:50+00:00","description":"OUR TEAM -","breadcrumb":{"@id":"https:\/\/nesiller.com\/en\/our-team\/#breadcrumb"},"inLanguage":"en-US","potentialAction":[{"@type":"ReadAction","target":["https:\/\/nesiller.com\/en\/our-team\/"]}]},{"@type":"BreadcrumbList","@id":"https:\/\/nesiller.com\/en\/our-team\/#breadcrumb","itemListElement":[{"@type":"ListItem","position":1,"name":"Home","item":"https:\/\/nesiller.com\/en\/"},{"@type":"ListItem","position":2,"name":"OUR TEAM"}]},{"@type":"WebSite","@id":"https:\/\/nesiller.com\/en\/#website","url":"https:\/\/nesiller.com\/en\/","name":"Nesiller Genetik","description":"Nesiller, the name of genetic expertise in Istanbul","publisher":{"@id":"https:\/\/nesiller.com\/en\/#organization"},"potentialAction":[{"@type":"SearchAction","target":{"@type":"EntryPoint","urlTemplate":"https:\/\/nesiller.com\/en\/?s={search_term_string}"},"query-input":{"@type":"PropertyValueSpecification","valueRequired":true,"valueName":"search_term_string"}}],"inLanguage":"en-US"},{"@type":"Organization","@id":"https:\/\/nesiller.com\/en\/#organization","name":"Nesiller Genetik","url":"https:\/\/nesiller.com\/en\/","logo":{"@type":"ImageObject","inLanguage":"en-US","@id":"https:\/\/nesiller.com\/en\/#\/schema\/logo\/image\/","url":"https:\/\/nesiller.com\/wp-content\/uploads\/2023\/04\/nesiller-logo.jpg","contentUrl":"https:\/\/nesiller.com\/wp-content\/uploads\/2023\/04\/nesiller-logo.jpg","width":1000,"height":700,"caption":"Nesiller Genetik"},"image":{"@id":"https:\/\/nesiller.com\/en\/#\/schema\/logo\/image\/"},"sameAs":["https:\/\/www.facebook.com\/NesillerGenetik","https:\/\/x.com\/NesillerGenetik"]}]}},"rttpg_featured_image_url":null,"rttpg_author":{"display_name":"admin","author_link":"https:\/\/nesiller.com\/en\/author\/admin\/"},"rttpg_comment":0,"rttpg_category":" <a href=\"https:\/\/nesiller.com\/en\/?taxonomy=translation_priority&#038;term=optional-en\" rel=\"tag\">Optional<\/a>","rttpg_excerpt":"Dr. G\u00fclay \u00d6zg\u00f6n General Manager, Clinical Pharmacology and Medical Geneticist . Dr. \u00d6zg\u00f6n completed his secondary and high school education at Istanbul Italian High School. After graduating from I.Unv. Cerrahpa\u015fa Faculty of Medicine in 1997, she received her MD in pharmacology at the same university and her doctorate degree in medical genetics, which is a&hellip;","_links":{"self":[{"href":"https:\/\/nesiller.com\/en\/wp-json\/wp\/v2\/pages\/28381","targetHints":{"allow":["GET"]}}],"collection":[{"href":"https:\/\/nesiller.com\/en\/wp-json\/wp\/v2\/pages"}],"about":[{"href":"https:\/\/nesiller.com\/en\/wp-json\/wp\/v2\/types\/page"}],"author":[{"embeddable":true,"href":"https:\/\/nesiller.com\/en\/wp-json\/wp\/v2\/users\/1"}],"replies":[{"embeddable":true,"href":"https:\/\/nesiller.com\/en\/wp-json\/wp\/v2\/comments?post=28381"}],"version-history":[{"count":35,"href":"https:\/\/nesiller.com\/en\/wp-json\/wp\/v2\/pages\/28381\/revisions"}],"predecessor-version":[{"id":32729,"href":"https:\/\/nesiller.com\/en\/wp-json\/wp\/v2\/pages\/28381\/revisions\/32729"}],"wp:attachment":[{"href":"https:\/\/nesiller.com\/en\/wp-json\/wp\/v2\/media?parent=28381"}],"curies":[{"name":"wp","href":"https:\/\/api.w.org\/{rel}","templated":true}]}}