{"id":28373,"date":"2022-08-22T16:17:50","date_gmt":"2022-08-22T13:17:50","guid":{"rendered":"https:\/\/nesiller.com\/contact-us\/"},"modified":"2023-06-09T00:03:10","modified_gmt":"2023-06-08T21:03:10","slug":"contact-us","status":"publish","type":"page","link":"https:\/\/nesiller.com\/en\/contact-us\/","title":{"rendered":"CONTACT US"},"content":{"rendered":"\t\t<div data-elementor-type=\"wp-page\" data-elementor-id=\"28373\" class=\"elementor elementor-28373 elementor-874\">\n\t\t\t\t\t\t<section class=\"elementor-section elementor-top-section elementor-element elementor-element-074ad30 elementor-section-boxed elementor-section-height-default elementor-section-height-default\" data-id=\"074ad30\" data-element_type=\"section\">\n\t\t\t\t\t\t<div class=\"elementor-container elementor-column-gap-default\">\n\t\t\t\t\t<div class=\"elementor-column elementor-col-33 elementor-top-column elementor-element elementor-element-f9fad8a\" data-id=\"f9fad8a\" data-element_type=\"column\">\n\t\t\t<div class=\"elementor-widget-wrap elementor-element-populated\">\n\t\t\t\t\t\t<div class=\"elementor-element elementor-element-d6ad8fb elementor-widget elementor-widget-contact-info-box\" data-id=\"d6ad8fb\" data-element_type=\"widget\" data-widget_type=\"contact-info-box.default\">\n\t\t\t\t<div class=\"elementor-widget-container\">\n\t\t\t\t\t\r\n                <div class=\"tpcontact mr-60 mb-60 wow fadeInUp ele-section\" data-wow-delay=\".2s\">\r\n            <div class=\"tpcontact__item text-center\">\r\n                <div class=\"tpcontact__icon mb-20\">\r\n                                                                    <span class=\"fea__icon ele-feature-icon\"><i aria-hidden=\"true\" class=\"fal fa-map-marked-alt\"><\/i><\/span>\r\n                                                        <\/div>\r\n                <div class=\"tpcontact__address\">\r\n                                            <h4 class=\"tpcontact__title mb-15 ele-feature-title\">ADDRESS<\/h4>\r\n                    \r\n\t\t\t\t\t\t\t\t\t\t    <span class=\"ele-feature-content\">19 May\u0131s Mahallesi, \u00c7oruh Sokak,\nNo:32 D:1 Fulya, \u015ei\u015fli, \u0130stanbul<\/span>\r\n\t\t\t\t\t                <\/div>\r\n            <\/div>\r\n        <\/div>\r\n                <div class=\"tpcontact mr-60 mb-60 wow fadeInUp ele-section\" data-wow-delay=\".2s\">\r\n            <div class=\"tpcontact__item text-center\">\r\n                <div class=\"tpcontact__icon mb-20\">\r\n                                                                    <span class=\"fea__icon ele-feature-icon\"><i aria-hidden=\"true\" class=\"fal fa-phone\"><\/i><\/span>\r\n                                                        <\/div>\r\n                <div class=\"tpcontact__address\">\r\n                                            <h4 class=\"tpcontact__title mb-15 ele-feature-title\">TELEPHONE<\/h4>\r\n                    \r\n\t\t\t\t\t\t\t\t\t\t    <span class=\"ele-feature-content\">TEL: +90 212 219 58 36\n<br>\nGSM : +90 530 329 04 23<\/span>\r\n\t\t\t\t\t                <\/div>\r\n            <\/div>\r\n        <\/div>\r\n                <div class=\"tpcontact mr-60 mb-60 wow fadeInUp ele-section\" data-wow-delay=\".2s\">\r\n            <div class=\"tpcontact__item text-center\">\r\n                <div class=\"tpcontact__icon mb-20\">\r\n                                                                    <span class=\"fea__icon ele-feature-icon\"><i aria-hidden=\"true\" class=\"fal fa-calendar\"><\/i><\/span>\r\n                                                        <\/div>\r\n                <div class=\"tpcontact__address\">\r\n                                            <h4 class=\"tpcontact__title mb-15 ele-feature-title\">WORKING HOURS<\/h4>\r\n                    \r\n\t\t\t\t\t\t\t\t\t\t    <span class=\"ele-feature-content\">Weekdays 09:00-18:00\n<br>\nSaturday 09:00-14:00\n\n<\/span>\r\n\t\t\t\t\t                <\/div>\r\n            <\/div>\r\n        <\/div>\r\n        \r\n        \t\t\t\t<\/div>\n\t\t\t\t<\/div>\n\t\t\t\t\t<\/div>\n\t\t<\/div>\n\t\t\t\t<div class=\"elementor-column elementor-col-66 elementor-top-column elementor-element elementor-element-28a3e1a\" data-id=\"28a3e1a\" data-element_type=\"column\">\n\t\t\t<div class=\"elementor-widget-wrap elementor-element-populated\">\n\t\t\t\t\t\t<div class=\"elementor-element elementor-element-de78e7b elementor-widget elementor-widget-contactform\" data-id=\"de78e7b\" data-element_type=\"widget\" data-widget_type=\"contactform.default\">\n\t\t\t\t<div class=\"elementor-widget-container\">\n\t\t\t\t\t\r\n\r\n<div class=\"contactform wow fadeInRight ele-section\" data-wow-delay=\".4s\">\r\n                    <!-- <i class=\"fa-light fa-file-signature\"> -->\r\n        <h3 class=\"contactform__title mb-35 ele-title\">Contact us<\/h3>\r\n            \r\n    <div class=\"contactform__list mb-60\">\r\n                <div class=\"form-wrapper\">\r\n            \n<div class=\"wpcf7 no-js\" id=\"wpcf7-f30195-o1\" lang=\"en-US\" dir=\"ltr\" data-wpcf7-id=\"30195\">\n<div class=\"screen-reader-response\"><p role=\"status\" aria-live=\"polite\" aria-atomic=\"true\"><\/p> <ul><\/ul><\/div>\n<form action=\"\/en\/wp-json\/wp\/v2\/pages\/28373#wpcf7-f30195-o1\" method=\"post\" class=\"wpcf7-form init\" aria-label=\"Contact form\" novalidate=\"novalidate\" data-status=\"init\">\n<fieldset class=\"hidden-fields-container\"><input type=\"hidden\" name=\"_wpcf7\" value=\"30195\" \/><input type=\"hidden\" name=\"_wpcf7_version\" value=\"6.1.5\" \/><input type=\"hidden\" name=\"_wpcf7_locale\" value=\"en_US\" \/><input type=\"hidden\" name=\"_wpcf7_unit_tag\" value=\"wpcf7-f30195-o1\" \/><input type=\"hidden\" name=\"_wpcf7_container_post\" value=\"0\" \/><input type=\"hidden\" name=\"_wpcf7_posted_data_hash\" value=\"\" \/>\n<\/fieldset>\n<div class=\"row\">\n    <div class=\"col-lg-6\">\n    <div class=\"contactform__input mb-30\">\n        <span class=\"wpcf7-form-control-wrap\" data-name=\"tpc-name\"><input size=\"40\" maxlength=\"400\" class=\"wpcf7-form-control wpcf7-text\" aria-invalid=\"false\" placeholder=\"YOUR NAME, SURNAME*\" value=\"\" type=\"text\" name=\"tpc-name\" \/><\/span>\n    <\/div>\n    <\/div>\n    <div class=\"col-lg-6\">\n    <div class=\"contactform__input mb-30\">\n        <span class=\"wpcf7-form-control-wrap\" data-name=\"tpc-email\"><input size=\"40\" maxlength=\"400\" class=\"wpcf7-form-control wpcf7-email wpcf7-text wpcf7-validates-as-email\" aria-invalid=\"false\" placeholder=\"YOUR EMAIL ADDRESS*\" value=\"\" type=\"email\" name=\"tpc-email\" \/><\/span>\n    <\/div>\n    <\/div>\n    <div class=\"col-lg-12\">\n    <div class=\"contactform__input mb-30\">\n        <span class=\"wpcf7-form-control-wrap\" data-name=\"tpc-message\"><textarea cols=\"40\" rows=\"10\" maxlength=\"2000\" class=\"wpcf7-form-control wpcf7-textarea\" aria-invalid=\"false\" placeholder=\"YOUR MESSAGE\" name=\"tpc-message\"><\/textarea><\/span>\n    <\/div>\n    <\/div>\n    <div class=\"col-lg-12\">\n    <div class=\"contactform__input mb-30-btn\">\n        <button type=\"submit\" class=\"tp-btn\">Send<\/button>\n    <\/div>\n    <\/div>\n<\/div><div class=\"wpcf7-response-output\" aria-hidden=\"true\"><\/div>\n<\/form>\n<\/div>\n        <\/div>\r\n            <\/div>\r\n<\/div>\r\n\r\n\t\t\t\t<\/div>\n\t\t\t\t<\/div>\n\t\t\t\t<div class=\"elementor-element elementor-element-a9f45bd elementor-widget elementor-widget-google_maps\" data-id=\"a9f45bd\" data-element_type=\"widget\" data-widget_type=\"google_maps.default\">\n\t\t\t\t\t\t\t<div class=\"elementor-custom-embed\">\n\t\t\t<iframe loading=\"lazy\"\n\t\t\t\t\tsrc=\"https:\/\/www.google.com\/maps\/embed\/v1\/place?key=AIzaSyAiR5C0Rx2lmoP608EZRVlt9TfTNsa91iw&#038;q=Nesiller%20Genetik&#038;zoom=18\"\n\t\t\t\t\ttitle=\"Nesiller Genetik\"\n\t\t\t\t\taria-label=\"Nesiller Genetik\"\n\t\t\t><\/iframe>\n\t\t<\/div>\n\t\t\t\t\t\t<\/div>\n\t\t\t\t\t<\/div>\n\t\t<\/div>\n\t\t\t\t\t<\/div>\n\t\t<\/section>\n\t\t\t\t<\/div>\n\t\t","protected":false},"excerpt":{"rendered":"<p>ADDRESS 19 May\u0131s Mahallesi, \u00c7oruh Sokak, No:32 D:1 Fulya, \u015ei\u015fli, \u0130stanbul TELEPHONE TEL: +90 212 219 58 36 GSM : +90 530 329 04 23 WORKING HOURS Weekdays 09:00-18:00 Saturday 09:00-14:00 Contact us G\u00f6nder<\/p>\n","protected":false},"author":1,"featured_media":0,"parent":0,"menu_order":0,"comment_status":"closed","ping_status":"closed","template":"","meta":{"_monsterinsights_skip_tracking":false,"_monsterinsights_sitenote_active":false,"_monsterinsights_sitenote_note":"","_monsterinsights_sitenote_category":0,"footnotes":""},"class_list":["post-28373","page","type-page","status-publish","hentry"],"acf":[],"yoast_head":"<!-- This site is optimized with the Yoast SEO Premium plugin v26.2 (Yoast SEO v27.3) - https:\/\/yoast.com\/product\/yoast-seo-premium-wordpress\/ -->\n<title>CONTACT US - Nesiller Genetic Center<\/title>\n<meta name=\"description\" content=\"CONTACT US -\" \/>\n<meta name=\"robots\" content=\"index, follow, max-snippet:-1, max-image-preview:large, max-video-preview:-1\" \/>\n<link rel=\"canonical\" href=\"https:\/\/nesiller.com\/en\/contact-us\/\" \/>\n<meta property=\"og:locale\" content=\"en_US\" \/>\n<meta property=\"og:type\" content=\"article\" \/>\n<meta property=\"og:title\" content=\"CONTACT US\" \/>\n<meta property=\"og:description\" content=\"ADDRESS 19 May\u0131s Mahallesi, \u00c7oruh Sokak, No:32 D:1 Fulya, \u015ei\u015fli, \u0130stanbul TELEPHONE TEL: +90 212 219 58 36 GSM : +90 530 329 04 23 WORKING HOURS Weekdays\" \/>\n<meta property=\"og:url\" content=\"https:\/\/nesiller.com\/en\/contact-us\/\" \/>\n<meta property=\"og:site_name\" content=\"Nesiller Genetic Center\" \/>\n<meta property=\"article:publisher\" content=\"https:\/\/www.facebook.com\/NesillerGenetik\" \/>\n<meta property=\"article:modified_time\" content=\"2023-06-08T21:03:10+00:00\" \/>\n<meta property=\"og:image\" content=\"https:\/\/nesiller.com\/wp-content\/uploads\/2023\/04\/nesiller-logo.jpg\" \/>\n\t<meta property=\"og:image:width\" content=\"1000\" \/>\n\t<meta property=\"og:image:height\" content=\"700\" \/>\n\t<meta property=\"og:image:type\" content=\"image\/jpeg\" \/>\n<meta name=\"twitter:card\" content=\"summary_large_image\" \/>\n<meta name=\"twitter:site\" content=\"@NesillerGenetik\" \/>\n<script type=\"application\/ld+json\" class=\"yoast-schema-graph\">{\"@context\":\"https:\\\/\\\/schema.org\",\"@graph\":[{\"@type\":\"WebPage\",\"@id\":\"https:\\\/\\\/nesiller.com\\\/en\\\/contact-us\\\/\",\"url\":\"https:\\\/\\\/nesiller.com\\\/en\\\/contact-us\\\/\",\"name\":\"CONTACT US - Nesiller Genetic Center\",\"isPartOf\":{\"@id\":\"https:\\\/\\\/nesiller.com\\\/en\\\/#website\"},\"datePublished\":\"2022-08-22T13:17:50+00:00\",\"dateModified\":\"2023-06-08T21:03:10+00:00\",\"description\":\"CONTACT US -\",\"breadcrumb\":{\"@id\":\"https:\\\/\\\/nesiller.com\\\/en\\\/contact-us\\\/#breadcrumb\"},\"inLanguage\":\"en-US\",\"potentialAction\":[{\"@type\":\"ReadAction\",\"target\":[\"https:\\\/\\\/nesiller.com\\\/en\\\/contact-us\\\/\"]}]},{\"@type\":\"BreadcrumbList\",\"@id\":\"https:\\\/\\\/nesiller.com\\\/en\\\/contact-us\\\/#breadcrumb\",\"itemListElement\":[{\"@type\":\"ListItem\",\"position\":1,\"name\":\"Home\",\"item\":\"https:\\\/\\\/nesiller.com\\\/en\\\/\"},{\"@type\":\"ListItem\",\"position\":2,\"name\":\"CONTACT US\"}]},{\"@type\":\"WebSite\",\"@id\":\"https:\\\/\\\/nesiller.com\\\/en\\\/#website\",\"url\":\"https:\\\/\\\/nesiller.com\\\/en\\\/\",\"name\":\"Nesiller Genetik\",\"description\":\"Nesiller, the name of genetic expertise in Istanbul\",\"publisher\":{\"@id\":\"https:\\\/\\\/nesiller.com\\\/en\\\/#organization\"},\"potentialAction\":[{\"@type\":\"SearchAction\",\"target\":{\"@type\":\"EntryPoint\",\"urlTemplate\":\"https:\\\/\\\/nesiller.com\\\/en\\\/?s={search_term_string}\"},\"query-input\":{\"@type\":\"PropertyValueSpecification\",\"valueRequired\":true,\"valueName\":\"search_term_string\"}}],\"inLanguage\":\"en-US\"},{\"@type\":\"Organization\",\"@id\":\"https:\\\/\\\/nesiller.com\\\/en\\\/#organization\",\"name\":\"Nesiller Genetik\",\"url\":\"https:\\\/\\\/nesiller.com\\\/en\\\/\",\"logo\":{\"@type\":\"ImageObject\",\"inLanguage\":\"en-US\",\"@id\":\"https:\\\/\\\/nesiller.com\\\/en\\\/#\\\/schema\\\/logo\\\/image\\\/\",\"url\":\"https:\\\/\\\/nesiller.com\\\/wp-content\\\/uploads\\\/2023\\\/04\\\/nesiller-logo.jpg\",\"contentUrl\":\"https:\\\/\\\/nesiller.com\\\/wp-content\\\/uploads\\\/2023\\\/04\\\/nesiller-logo.jpg\",\"width\":1000,\"height\":700,\"caption\":\"Nesiller Genetik\"},\"image\":{\"@id\":\"https:\\\/\\\/nesiller.com\\\/en\\\/#\\\/schema\\\/logo\\\/image\\\/\"},\"sameAs\":[\"https:\\\/\\\/www.facebook.com\\\/NesillerGenetik\",\"https:\\\/\\\/x.com\\\/NesillerGenetik\"]}]}<\/script>\n<!-- \/ Yoast SEO Premium plugin. -->","yoast_head_json":{"title":"CONTACT US - Nesiller Genetic Center","description":"CONTACT US -","robots":{"index":"index","follow":"follow","max-snippet":"max-snippet:-1","max-image-preview":"max-image-preview:large","max-video-preview":"max-video-preview:-1"},"canonical":"https:\/\/nesiller.com\/en\/contact-us\/","og_locale":"en_US","og_type":"article","og_title":"CONTACT US","og_description":"ADDRESS 19 May\u0131s Mahallesi, \u00c7oruh Sokak, No:32 D:1 Fulya, \u015ei\u015fli, \u0130stanbul TELEPHONE TEL: +90 212 219 58 36 GSM : +90 530 329 04 23 WORKING HOURS Weekdays","og_url":"https:\/\/nesiller.com\/en\/contact-us\/","og_site_name":"Nesiller Genetic Center","article_publisher":"https:\/\/www.facebook.com\/NesillerGenetik","article_modified_time":"2023-06-08T21:03:10+00:00","og_image":[{"width":1000,"height":700,"url":"https:\/\/nesiller.com\/wp-content\/uploads\/2023\/04\/nesiller-logo.jpg","type":"image\/jpeg"}],"twitter_card":"summary_large_image","twitter_site":"@NesillerGenetik","schema":{"@context":"https:\/\/schema.org","@graph":[{"@type":"WebPage","@id":"https:\/\/nesiller.com\/en\/contact-us\/","url":"https:\/\/nesiller.com\/en\/contact-us\/","name":"CONTACT US - Nesiller Genetic Center","isPartOf":{"@id":"https:\/\/nesiller.com\/en\/#website"},"datePublished":"2022-08-22T13:17:50+00:00","dateModified":"2023-06-08T21:03:10+00:00","description":"CONTACT US -","breadcrumb":{"@id":"https:\/\/nesiller.com\/en\/contact-us\/#breadcrumb"},"inLanguage":"en-US","potentialAction":[{"@type":"ReadAction","target":["https:\/\/nesiller.com\/en\/contact-us\/"]}]},{"@type":"BreadcrumbList","@id":"https:\/\/nesiller.com\/en\/contact-us\/#breadcrumb","itemListElement":[{"@type":"ListItem","position":1,"name":"Home","item":"https:\/\/nesiller.com\/en\/"},{"@type":"ListItem","position":2,"name":"CONTACT US"}]},{"@type":"WebSite","@id":"https:\/\/nesiller.com\/en\/#website","url":"https:\/\/nesiller.com\/en\/","name":"Nesiller Genetik","description":"Nesiller, the name of genetic expertise in Istanbul","publisher":{"@id":"https:\/\/nesiller.com\/en\/#organization"},"potentialAction":[{"@type":"SearchAction","target":{"@type":"EntryPoint","urlTemplate":"https:\/\/nesiller.com\/en\/?s={search_term_string}"},"query-input":{"@type":"PropertyValueSpecification","valueRequired":true,"valueName":"search_term_string"}}],"inLanguage":"en-US"},{"@type":"Organization","@id":"https:\/\/nesiller.com\/en\/#organization","name":"Nesiller Genetik","url":"https:\/\/nesiller.com\/en\/","logo":{"@type":"ImageObject","inLanguage":"en-US","@id":"https:\/\/nesiller.com\/en\/#\/schema\/logo\/image\/","url":"https:\/\/nesiller.com\/wp-content\/uploads\/2023\/04\/nesiller-logo.jpg","contentUrl":"https:\/\/nesiller.com\/wp-content\/uploads\/2023\/04\/nesiller-logo.jpg","width":1000,"height":700,"caption":"Nesiller Genetik"},"image":{"@id":"https:\/\/nesiller.com\/en\/#\/schema\/logo\/image\/"},"sameAs":["https:\/\/www.facebook.com\/NesillerGenetik","https:\/\/x.com\/NesillerGenetik"]}]}},"rttpg_featured_image_url":null,"rttpg_author":{"display_name":"admin","author_link":"https:\/\/nesiller.com\/en\/author\/admin\/"},"rttpg_comment":0,"rttpg_category":" <a href=\"https:\/\/nesiller.com\/en\/?taxonomy=translation_priority&#038;term=optional-en\" rel=\"tag\">Optional<\/a>","rttpg_excerpt":"ADDRESS 19 May\u0131s Mahallesi, \u00c7oruh Sokak, No:32 D:1 Fulya, \u015ei\u015fli, \u0130stanbul TELEPHONE TEL: +90 212 219 58 36 GSM : +90 530 329 04 23 WORKING HOURS Weekdays 09:00-18:00 Saturday 09:00-14:00 Contact us G\u00f6nder","_links":{"self":[{"href":"https:\/\/nesiller.com\/en\/wp-json\/wp\/v2\/pages\/28373","targetHints":{"allow":["GET"]}}],"collection":[{"href":"https:\/\/nesiller.com\/en\/wp-json\/wp\/v2\/pages"}],"about":[{"href":"https:\/\/nesiller.com\/en\/wp-json\/wp\/v2\/types\/page"}],"author":[{"embeddable":true,"href":"https:\/\/nesiller.com\/en\/wp-json\/wp\/v2\/users\/1"}],"replies":[{"embeddable":true,"href":"https:\/\/nesiller.com\/en\/wp-json\/wp\/v2\/comments?post=28373"}],"version-history":[{"count":25,"href":"https:\/\/nesiller.com\/en\/wp-json\/wp\/v2\/pages\/28373\/revisions"}],"predecessor-version":[{"id":31002,"href":"https:\/\/nesiller.com\/en\/wp-json\/wp\/v2\/pages\/28373\/revisions\/31002"}],"wp:attachment":[{"href":"https:\/\/nesiller.com\/en\/wp-json\/wp\/v2\/media?parent=28373"}],"curies":[{"name":"wp","href":"https:\/\/api.w.org\/{rel}","templated":true}]}}