{"id":32816,"date":"2025-03-06T17:11:09","date_gmt":"2025-03-06T14:11:09","guid":{"rendered":"https:\/\/nesiller.com\/?page_id=32816"},"modified":"2025-03-06T18:10:49","modified_gmt":"2025-03-06T15:10:49","slug":"qualitaetspolitik","status":"publish","type":"page","link":"https:\/\/nesiller.com\/de\/qualitaetspolitik\/","title":{"rendered":"QUALIT\u00c4TSPOLITIK"},"content":{"rendered":"\t\t<div data-elementor-type=\"wp-page\" data-elementor-id=\"32816\" class=\"elementor elementor-32816 elementor-32814\">\n\t\t\t\t\t\t<section class=\"elementor-section elementor-top-section elementor-element elementor-element-d27f357 elementor-section-boxed elementor-section-height-default elementor-section-height-default\" data-id=\"d27f357\" data-element_type=\"section\">\n\t\t\t\t\t\t<div class=\"elementor-container elementor-column-gap-default\">\n\t\t\t\t\t<div class=\"elementor-column elementor-col-100 elementor-top-column elementor-element elementor-element-033a0e2\" data-id=\"033a0e2\" data-element_type=\"column\">\n\t\t\t<div class=\"elementor-widget-wrap elementor-element-populated\">\n\t\t\t\t\t\t<section class=\"elementor-section elementor-inner-section elementor-element elementor-element-e02f9c8 elementor-section-boxed elementor-section-height-default elementor-section-height-default\" data-id=\"e02f9c8\" data-element_type=\"section\">\n\t\t\t\t\t\t<div class=\"elementor-container elementor-column-gap-default\">\n\t\t\t\t\t<div class=\"elementor-column elementor-col-50 elementor-inner-column elementor-element elementor-element-f4bbb89\" data-id=\"f4bbb89\" data-element_type=\"column\">\n\t\t\t<div class=\"elementor-widget-wrap elementor-element-populated\">\n\t\t\t\t\t\t<div class=\"elementor-element elementor-element-2e8c2b1 elementor-widget elementor-widget-text-editor\" data-id=\"2e8c2b1\" data-element_type=\"widget\" data-widget_type=\"text-editor.default\">\n\t\t\t\t\t\t\t\t\t\n          <p>Nesiller Genetik bietet genetische Tests und Analysen an und h\u00e4lt sich dabei strikt an die Grunds\u00e4tze der Unabh\u00e4ngigkeit, Unparteilichkeit und Vertraulichkeit. Wir bieten unseren Kunden qualitativ hochwertige Dienstleistungen, halten uns an die wissenschaftlichen Regeln, gehen unvoreingenommen vor und \u00fcbernehmen professionelle Verantwortung. Unser Ziel ist es, in der T\u00fcrkei und den Nachbarl\u00e4ndern zu den f\u00fchrenden genetischen Zentren der Welt zu geh\u00f6ren. <\/p>\n          \n\n          <p>Mit diesem Verst\u00e4ndnis bieten wir bei unseren Gentests und Analysen Dienstleistungen an, die auf den folgenden Prinzipien basieren:<\/p>\n          \n\n          <hr>\n          \n\n          <h4>\n            <span style=\"background-color: var(--bs-body-bg); text-align: var(--bs-body-text-align); font-size: 30px;\">\n              <b>Hohe Qualit\u00e4t und Verl\u00e4sslichkeit:<\/b>\n            <\/span>\n          <\/h4>\n          \n\n          <p>Wir verpflichten uns, genaue, pr\u00e4zise, zeitnahe und zuverl\u00e4ssige Testergebnisse zu liefern. Dabei verwenden wir Methoden, die den Kundenanforderungen und den national und international anerkannten wissenschaftlichen Richtlinien entsprechen. Indem wir die Qualit\u00e4t in jeder Phase garantieren, sorgen wir f\u00fcr eine kontinuierliche Verbesserung, um die Genauigkeit und Zuverl\u00e4ssigkeit unserer Ergebnisse zu erh\u00f6hen. <\/p>\n          \n\n          <hr>\n          \n\n          <h4>\n            <span style=\"background-color: var(--bs-body-bg); text-align: var(--bs-body-text-align); font-size: 30px;\">\n              <b>Innovative Ans\u00e4tze in Wissenschaft und Technologie:<\/b>\n            <\/span>\n          <\/h4>\n          \n\n          <p>Wir verfolgen aufmerksam die Innovationen in Wissenschaft und Technik. Als Pionier und Marktf\u00fchrer auf dem Gebiet der genetischen Analysen und Testverfahren ist Nesiller Genetik bestrebt, eine mit den neuesten Technologien ausgestattete Infrastruktur bereitzustellen. <\/p>\n          \n\n          <hr>\n          \n\n          <h4>\n            <span style=\"background-color: var(--bs-body-bg); text-align: var(--bs-body-text-align); font-size: 30px;\">\n              <b>Proaktive Probleml\u00f6sung und Pr\u00e4vention:<\/b>\n            <\/span>\n          <\/h4>\n          \n\n          <p>Wir \u00fcberpr\u00fcfen kontinuierlich die Laborprozesse, um eventuell auftretenden Problemen proaktiv vorzubeugen und rechtzeitig zu intervenieren. Wir ergreifen die notwendigen Ma\u00dfnahmen, um das Auftreten von Fehlern zu verhindern. <\/p>\n          \n\n          <div>\n            \n\n            <hr style=\"color: #000000;\">\n            \n\n            <h4 style=\"transition-property: all; text-align: start;\"><span style=\"background-color: var(--bs-body-bg); text-align: var(--bs-body-text-align); font-size: 30px;\"><b>Interne Qualit\u00e4tskontrolle und Kalibrierung<\/b><\/span><span style=\"background-color: var(--bs-body-bg); text-align: var(--bs-body-text-align);\"><span style=\"font-weight: bold;\">:<\/span><\/span><\/h4>\n            \n\n            <p style=\"transition-property: all;\">Wir setzen regelm\u00e4\u00dfig Kalibrierungsverfahren ein, um die Genauigkeit und Zuverl\u00e4ssigkeit der Laborprozesse zu gew\u00e4hrleisten. Au\u00dferdem \u00fcberpr\u00fcfen wir regelm\u00e4\u00dfig die Zuverl\u00e4ssigkeit unserer Tests mit Hilfe von internen Qualit\u00e4tskontrolltests und nationalen und internationalen Benchmarking-Programmen zwischen den Laboren. <\/p>\n            \n\n            <hr style=\"color: #000000;\">\n            \n\n            <h4 style=\"transition-property: all; text-align: start;\"><span style=\"background-color: var(--bs-body-bg); text-align: var(--bs-body-text-align); font-size: 30px;\"><b>Kontinuierliche Verbesserung und Qualit\u00e4tsmanagement<\/b><\/span><span style=\"font-weight: bold; background-color: var(--bs-body-bg); text-align: var(--bs-body-text-align); font-family: -apple-system, BlinkMacSystemFont, 'Segoe UI', Roboto, Oxygen-Sans, Ubuntu, Cantarell, 'Helvetica Neue', sans-serif;\">:<\/span><\/h4>\n            \n\n            <p style=\"transition-property: all;\">Wir entwickeln und verbessern unser Qualit\u00e4tsmanagementsystem in \u00dcbereinstimmung mit der Norm ISO 15189 kontinuierlich weiter. Durch die Festlegung von Qualit\u00e4tszielen bewerten wir kontinuierlich unsere Aktivit\u00e4ten, um h\u00f6chste Qualit\u00e4t in jedem Prozess zu gew\u00e4hrleisten. <\/p>\n            \n\n            <hr style=\"color: #000000;\">\n            \n\n            <h4 style=\"transition-property: all; text-align: start;\"><span style=\"background-color: var(--bs-body-bg); text-align: var(--bs-body-text-align); font-size: 30px;\"><b>Informationssicherheit<\/b><\/span><span style=\"font-weight: bold; background-color: var(--bs-body-bg); text-align: var(--bs-body-text-align); font-family: -apple-system, BlinkMacSystemFont, 'Segoe UI', Roboto, Oxygen-Sans, Ubuntu, Cantarell, 'Helvetica Neue', sans-serif;\">:<\/span><\/h4>\n            \n\n            <p>Wir stellen sicher, dass vertrauliche Kundeninformationen und Eigentumsrechte gesch\u00fctzt werden und dass die Ergebnisse von Analysen zuverl\u00e4ssig gespeichert und \u00fcbermittelt werden.<\/p>\n            \n\n            <hr style=\"color: #000000;\">\n            \n\n            <h4 style=\"transition-property: all; text-align: start;\"><span style=\"background-color: var(--bs-body-bg); text-align: var(--bs-body-text-align); font-size: 30px;\"><b>Ethischer Kodex &amp; Gesetzliche Bestimmungen<\/b><\/span><span style=\"background-color: var(--bs-body-bg); text-align: var(--bs-body-text-align);\"><span style=\"font-weight: bold;\">:<\/span><\/span><\/h4>\n            \n\n            <p style=\"transition-property: all;\">Alle unsere Tests werden in voller \u00dcbereinstimmung mit den lokalen und internationalen gesetzlichen Bestimmungen, ethischen Regeln, Patientenrechten und der Vertraulichkeit durchgef\u00fchrt. Die genetischen Testverfahren sind durch hohe Sicherheitsma\u00dfnahmen gesichert, die die Vertraulichkeit der Patientendaten sch\u00fctzen. <\/p>\n            \n\n            <p style=\"transition-property: all;\">Wir ergreifen Ma\u00dfnahmen, um sicherzustellen, dass alle Mitarbeiter die Qualit\u00e4tspolitik annehmen und umsetzen und ihre Verantwortlichkeiten verstehen und dass sie von jeglichem internen\/externen Druck und Einfl\u00fcssen ferngehalten werden, die die Qualit\u00e4t der geleisteten Arbeit und die Entscheidungen der Mitarbeiter beeintr\u00e4chtigen k\u00f6nnten.<\/p>\n            \n\n            <hr style=\"color: #000000;\">\n            \n\n            <h4 style=\"transition-property: all; text-align: start;\"><span style=\"background-color: var(--bs-body-bg); text-align: var(--bs-body-text-align); font-size: 30px;\"><b>Team &amp; Ausbildung<\/b><\/span><span style=\"background-color: var(--bs-body-bg); text-align: var(--bs-body-text-align);\"><span style=\"font-weight: bold;\">:<\/span><\/span><\/h4>\n            \n\n            <p style=\"transition-property: all;\">Alle Mitarbeiter unseres Labors sind Experten mit einem hohen Ma\u00df an Wissen und Erfahrung auf dem Gebiet der Gentests, deren Kompetenzen durch kontinuierliche Schulungen erweitert wurden. Wir aktualisieren die Ausbildung unserer Mitarbeiter regelm\u00e4\u00dfig, um sicherzustellen, dass sie den Entwicklungen in ihren Fachgebieten folgen und sich an die \u00c4nderungen der ISO 15189-Norm anpassen. <\/p>\n            <p>Als Nesiller Genetik stellen wir bei der Erbringung unserer Dienstleistungen all diese Prinzipien in den Vordergrund. Dabei legen wir stets Wert auf Qualit\u00e4t und Kundenzufriedenheit und f\u00fchren alle unsere Prozesse nach wissenschaftlichen, ethischen und professionellen Regeln durch.<\/p>\n            <p>\n              <br>\n            <\/p>\n            <p>Verantwortlicher Manager<\/p>\n            <p>Dr. Gulay Ozg\u00f6n<\/p>\n            \n\n          <\/div>\n        \t\t\t\t\t\t\t\t<\/div>\n\t\t\t\t\t<\/div>\n\t\t<\/div>\n\t\t\t\t<div class=\"elementor-column elementor-col-50 elementor-inner-column elementor-element elementor-element-9a8b7b3\" data-id=\"9a8b7b3\" data-element_type=\"column\">\n\t\t\t<div class=\"elementor-widget-wrap elementor-element-populated\">\n\t\t\t\t\t\t<div class=\"elementor-element elementor-element-1b68a8d elementor-widget elementor-widget-image\" data-id=\"1b68a8d\" data-element_type=\"widget\" data-widget_type=\"image.default\">\n\t\t\t\t\t\t\t\t\t\t\t\t\t\t\t<img fetchpriority=\"high\" decoding=\"async\" width=\"587\" height=\"980\" src=\"https:\/\/nesiller.com\/wp-content\/uploads\/2025\/03\/kalite-an34c6y54fg.jpg\" class=\"attachment-large size-large wp-image-32835\" alt=\"kalite politikas\u0131\" srcset=\"https:\/\/nesiller.com\/wp-content\/uploads\/2025\/03\/kalite-an34c6y54fg.jpg 587w, https:\/\/nesiller.com\/wp-content\/uploads\/2025\/03\/kalite-an34c6y54fg-180x300.jpg 180w\" sizes=\"(max-width: 587px) 100vw, 587px\" \/>\t\t\t\t\t\t\t\t\t\t\t\t\t\t\t<\/div>\n\t\t\t\t\t<\/div>\n\t\t<\/div>\n\t\t\t\t\t<\/div>\n\t\t<\/section>\n\t\t\t\t\t<\/div>\n\t\t<\/div>\n\t\t\t\t\t<\/div>\n\t\t<\/section>\n\t\t\t\t<\/div>\n\t\t","protected":false},"excerpt":{"rendered":"<p>Nesiller Genetik bietet genetische Tests und Analysen an und h\u00e4lt sich dabei strikt an die Grunds\u00e4tze der Unabh\u00e4ngigkeit, Unparteilichkeit und Vertraulichkeit. Wir bieten unseren Kunden qualitativ hochwertige Dienstleistungen, halten uns an die wissenschaftlichen Regeln, gehen unvoreingenommen vor und \u00fcbernehmen professionelle Verantwortung. Unser Ziel ist es, in der T\u00fcrkei und den Nachbarl\u00e4ndern zu den f\u00fchrenden genetischen [&hellip;]<\/p>\n","protected":false},"author":7,"featured_media":0,"parent":0,"menu_order":0,"comment_status":"closed","ping_status":"closed","template":"","meta":{"_monsterinsights_skip_tracking":false,"_monsterinsights_sitenote_active":false,"_monsterinsights_sitenote_note":"","_monsterinsights_sitenote_category":0,"footnotes":""},"class_list":["post-32816","page","type-page","status-publish","hentry"],"acf":[],"yoast_head":"<!-- This site is optimized with the Yoast SEO Premium plugin v26.2 (Yoast SEO v27.4) - https:\/\/yoast.com\/product\/yoast-seo-premium-wordpress\/ -->\n<title>QUALIT\u00c4TSPOLITIK - Nesiller Genetic Center<\/title>\n<meta name=\"description\" content=\"QUALIT\u00c4TSPOLITIK -\" \/>\n<meta name=\"robots\" content=\"index, follow, max-snippet:-1, max-image-preview:large, max-video-preview:-1\" \/>\n<link rel=\"canonical\" href=\"https:\/\/nesiller.com\/de\/qualitaetspolitik\/\" \/>\n<meta property=\"og:locale\" content=\"de_DE\" \/>\n<meta property=\"og:type\" content=\"article\" \/>\n<meta property=\"og:title\" content=\"QUALIT\u00c4TSPOLITIK\" \/>\n<meta property=\"og:description\" content=\"Nesiller Genetik bietet genetische Tests und Analysen an und h\u00e4lt sich dabei strikt an die Grunds\u00e4tze der Unabh\u00e4ngigkeit, Unparteilichkeit und\" \/>\n<meta property=\"og:url\" content=\"https:\/\/nesiller.com\/de\/qualitaetspolitik\/\" \/>\n<meta property=\"og:site_name\" content=\"Nesiller Genetic Center\" \/>\n<meta property=\"article:publisher\" content=\"https:\/\/www.facebook.com\/NesillerGenetik\" \/>\n<meta property=\"article:modified_time\" content=\"2025-03-06T15:10:49+00:00\" \/>\n<meta property=\"og:image\" content=\"https:\/\/nesiller.com\/wp-content\/uploads\/2025\/03\/kalite-an34c6y54fg.jpg\" \/>\n\t<meta property=\"og:image:width\" content=\"587\" \/>\n\t<meta property=\"og:image:height\" content=\"980\" \/>\n\t<meta property=\"og:image:type\" content=\"image\/jpeg\" \/>\n<meta name=\"twitter:card\" content=\"summary_large_image\" \/>\n<meta name=\"twitter:site\" content=\"@NesillerGenetik\" \/>\n<script type=\"application\/ld+json\" class=\"yoast-schema-graph\">{\"@context\":\"https:\\\/\\\/schema.org\",\"@graph\":[{\"@type\":\"WebPage\",\"@id\":\"https:\\\/\\\/nesiller.com\\\/de\\\/qualitaetspolitik\\\/\",\"url\":\"https:\\\/\\\/nesiller.com\\\/de\\\/qualitaetspolitik\\\/\",\"name\":\"QUALIT\u00c4TSPOLITIK - Nesiller Genetic Center\",\"isPartOf\":{\"@id\":\"https:\\\/\\\/nesiller.com\\\/de\\\/#website\"},\"primaryImageOfPage\":{\"@id\":\"https:\\\/\\\/nesiller.com\\\/de\\\/qualitaetspolitik\\\/#primaryimage\"},\"image\":{\"@id\":\"https:\\\/\\\/nesiller.com\\\/de\\\/qualitaetspolitik\\\/#primaryimage\"},\"thumbnailUrl\":\"https:\\\/\\\/nesiller.com\\\/wp-content\\\/uploads\\\/2025\\\/03\\\/kalite-an34c6y54fg.jpg\",\"datePublished\":\"2025-03-06T14:11:09+00:00\",\"dateModified\":\"2025-03-06T15:10:49+00:00\",\"description\":\"QUALIT\u00c4TSPOLITIK -\",\"breadcrumb\":{\"@id\":\"https:\\\/\\\/nesiller.com\\\/de\\\/qualitaetspolitik\\\/#breadcrumb\"},\"inLanguage\":\"de\",\"potentialAction\":[{\"@type\":\"ReadAction\",\"target\":[\"https:\\\/\\\/nesiller.com\\\/de\\\/qualitaetspolitik\\\/\"]}]},{\"@type\":\"ImageObject\",\"inLanguage\":\"de\",\"@id\":\"https:\\\/\\\/nesiller.com\\\/de\\\/qualitaetspolitik\\\/#primaryimage\",\"url\":\"https:\\\/\\\/nesiller.com\\\/wp-content\\\/uploads\\\/2025\\\/03\\\/kalite-an34c6y54fg.jpg\",\"contentUrl\":\"https:\\\/\\\/nesiller.com\\\/wp-content\\\/uploads\\\/2025\\\/03\\\/kalite-an34c6y54fg.jpg\"},{\"@type\":\"BreadcrumbList\",\"@id\":\"https:\\\/\\\/nesiller.com\\\/de\\\/qualitaetspolitik\\\/#breadcrumb\",\"itemListElement\":[{\"@type\":\"ListItem\",\"position\":1,\"name\":\"Home\",\"item\":\"https:\\\/\\\/nesiller.com\\\/de\\\/startseite-2\\\/\"},{\"@type\":\"ListItem\",\"position\":2,\"name\":\"QUALIT\u00c4TSPOLITIK\"}]},{\"@type\":\"WebSite\",\"@id\":\"https:\\\/\\\/nesiller.com\\\/de\\\/#website\",\"url\":\"https:\\\/\\\/nesiller.com\\\/de\\\/\",\"name\":\"Nesiller Genetik\",\"description\":\"Nesiller, the name of genetic expertise in Istanbul\",\"publisher\":{\"@id\":\"https:\\\/\\\/nesiller.com\\\/de\\\/#organization\"},\"potentialAction\":[{\"@type\":\"SearchAction\",\"target\":{\"@type\":\"EntryPoint\",\"urlTemplate\":\"https:\\\/\\\/nesiller.com\\\/de\\\/?s={search_term_string}\"},\"query-input\":{\"@type\":\"PropertyValueSpecification\",\"valueRequired\":true,\"valueName\":\"search_term_string\"}}],\"inLanguage\":\"de\"},{\"@type\":\"Organization\",\"@id\":\"https:\\\/\\\/nesiller.com\\\/de\\\/#organization\",\"name\":\"Nesiller Genetik\",\"url\":\"https:\\\/\\\/nesiller.com\\\/de\\\/\",\"logo\":{\"@type\":\"ImageObject\",\"inLanguage\":\"de\",\"@id\":\"https:\\\/\\\/nesiller.com\\\/de\\\/#\\\/schema\\\/logo\\\/image\\\/\",\"url\":\"https:\\\/\\\/nesiller.com\\\/wp-content\\\/uploads\\\/2023\\\/04\\\/nesiller-logo.jpg\",\"contentUrl\":\"https:\\\/\\\/nesiller.com\\\/wp-content\\\/uploads\\\/2023\\\/04\\\/nesiller-logo.jpg\",\"width\":1000,\"height\":700,\"caption\":\"Nesiller Genetik\"},\"image\":{\"@id\":\"https:\\\/\\\/nesiller.com\\\/de\\\/#\\\/schema\\\/logo\\\/image\\\/\"},\"sameAs\":[\"https:\\\/\\\/www.facebook.com\\\/NesillerGenetik\",\"https:\\\/\\\/x.com\\\/NesillerGenetik\"]}]}<\/script>\n<!-- \/ Yoast SEO Premium plugin. -->","yoast_head_json":{"title":"QUALIT\u00c4TSPOLITIK - Nesiller Genetic Center","description":"QUALIT\u00c4TSPOLITIK -","robots":{"index":"index","follow":"follow","max-snippet":"max-snippet:-1","max-image-preview":"max-image-preview:large","max-video-preview":"max-video-preview:-1"},"canonical":"https:\/\/nesiller.com\/de\/qualitaetspolitik\/","og_locale":"de_DE","og_type":"article","og_title":"QUALIT\u00c4TSPOLITIK","og_description":"Nesiller Genetik bietet genetische Tests und Analysen an und h\u00e4lt sich dabei strikt an die Grunds\u00e4tze der Unabh\u00e4ngigkeit, Unparteilichkeit und","og_url":"https:\/\/nesiller.com\/de\/qualitaetspolitik\/","og_site_name":"Nesiller Genetic Center","article_publisher":"https:\/\/www.facebook.com\/NesillerGenetik","article_modified_time":"2025-03-06T15:10:49+00:00","og_image":[{"width":587,"height":980,"url":"https:\/\/nesiller.com\/wp-content\/uploads\/2025\/03\/kalite-an34c6y54fg.jpg","type":"image\/jpeg"}],"twitter_card":"summary_large_image","twitter_site":"@NesillerGenetik","schema":{"@context":"https:\/\/schema.org","@graph":[{"@type":"WebPage","@id":"https:\/\/nesiller.com\/de\/qualitaetspolitik\/","url":"https:\/\/nesiller.com\/de\/qualitaetspolitik\/","name":"QUALIT\u00c4TSPOLITIK - Nesiller Genetic Center","isPartOf":{"@id":"https:\/\/nesiller.com\/de\/#website"},"primaryImageOfPage":{"@id":"https:\/\/nesiller.com\/de\/qualitaetspolitik\/#primaryimage"},"image":{"@id":"https:\/\/nesiller.com\/de\/qualitaetspolitik\/#primaryimage"},"thumbnailUrl":"https:\/\/nesiller.com\/wp-content\/uploads\/2025\/03\/kalite-an34c6y54fg.jpg","datePublished":"2025-03-06T14:11:09+00:00","dateModified":"2025-03-06T15:10:49+00:00","description":"QUALIT\u00c4TSPOLITIK -","breadcrumb":{"@id":"https:\/\/nesiller.com\/de\/qualitaetspolitik\/#breadcrumb"},"inLanguage":"de","potentialAction":[{"@type":"ReadAction","target":["https:\/\/nesiller.com\/de\/qualitaetspolitik\/"]}]},{"@type":"ImageObject","inLanguage":"de","@id":"https:\/\/nesiller.com\/de\/qualitaetspolitik\/#primaryimage","url":"https:\/\/nesiller.com\/wp-content\/uploads\/2025\/03\/kalite-an34c6y54fg.jpg","contentUrl":"https:\/\/nesiller.com\/wp-content\/uploads\/2025\/03\/kalite-an34c6y54fg.jpg"},{"@type":"BreadcrumbList","@id":"https:\/\/nesiller.com\/de\/qualitaetspolitik\/#breadcrumb","itemListElement":[{"@type":"ListItem","position":1,"name":"Home","item":"https:\/\/nesiller.com\/de\/startseite-2\/"},{"@type":"ListItem","position":2,"name":"QUALIT\u00c4TSPOLITIK"}]},{"@type":"WebSite","@id":"https:\/\/nesiller.com\/de\/#website","url":"https:\/\/nesiller.com\/de\/","name":"Nesiller Genetik","description":"Nesiller, the name of genetic expertise in Istanbul","publisher":{"@id":"https:\/\/nesiller.com\/de\/#organization"},"potentialAction":[{"@type":"SearchAction","target":{"@type":"EntryPoint","urlTemplate":"https:\/\/nesiller.com\/de\/?s={search_term_string}"},"query-input":{"@type":"PropertyValueSpecification","valueRequired":true,"valueName":"search_term_string"}}],"inLanguage":"de"},{"@type":"Organization","@id":"https:\/\/nesiller.com\/de\/#organization","name":"Nesiller Genetik","url":"https:\/\/nesiller.com\/de\/","logo":{"@type":"ImageObject","inLanguage":"de","@id":"https:\/\/nesiller.com\/de\/#\/schema\/logo\/image\/","url":"https:\/\/nesiller.com\/wp-content\/uploads\/2023\/04\/nesiller-logo.jpg","contentUrl":"https:\/\/nesiller.com\/wp-content\/uploads\/2023\/04\/nesiller-logo.jpg","width":1000,"height":700,"caption":"Nesiller Genetik"},"image":{"@id":"https:\/\/nesiller.com\/de\/#\/schema\/logo\/image\/"},"sameAs":["https:\/\/www.facebook.com\/NesillerGenetik","https:\/\/x.com\/NesillerGenetik"]}]}},"rttpg_featured_image_url":null,"rttpg_author":{"display_name":"Admin 003","author_link":"https:\/\/nesiller.com\/de\/author\/admin003\/"},"rttpg_comment":0,"rttpg_category":" <a href=\"https:\/\/nesiller.com\/de\/?taxonomy=translation_priority&#038;term=optional-de\" rel=\"tag\">Optional<\/a>","rttpg_excerpt":"Nesiller Genetik bietet genetische Tests und Analysen an und h\u00e4lt sich dabei strikt an die Grunds\u00e4tze der Unabh\u00e4ngigkeit, Unparteilichkeit und Vertraulichkeit. Wir bieten unseren Kunden qualitativ hochwertige Dienstleistungen, halten uns an die wissenschaftlichen Regeln, gehen unvoreingenommen vor und \u00fcbernehmen professionelle Verantwortung. Unser Ziel ist es, in der T\u00fcrkei und den Nachbarl\u00e4ndern zu den f\u00fchrenden genetischen&hellip;","_links":{"self":[{"href":"https:\/\/nesiller.com\/de\/wp-json\/wp\/v2\/pages\/32816","targetHints":{"allow":["GET"]}}],"collection":[{"href":"https:\/\/nesiller.com\/de\/wp-json\/wp\/v2\/pages"}],"about":[{"href":"https:\/\/nesiller.com\/de\/wp-json\/wp\/v2\/types\/page"}],"author":[{"embeddable":true,"href":"https:\/\/nesiller.com\/de\/wp-json\/wp\/v2\/users\/7"}],"replies":[{"embeddable":true,"href":"https:\/\/nesiller.com\/de\/wp-json\/wp\/v2\/comments?post=32816"}],"version-history":[{"count":3,"href":"https:\/\/nesiller.com\/de\/wp-json\/wp\/v2\/pages\/32816\/revisions"}],"predecessor-version":[{"id":32849,"href":"https:\/\/nesiller.com\/de\/wp-json\/wp\/v2\/pages\/32816\/revisions\/32849"}],"wp:attachment":[{"href":"https:\/\/nesiller.com\/de\/wp-json\/wp\/v2\/media?parent=32816"}],"curies":[{"name":"wp","href":"https:\/\/api.w.org\/{rel}","templated":true}]}}