{"id":28637,"date":"2023-04-11T12:58:40","date_gmt":"2023-04-11T09:58:40","guid":{"rendered":"https:\/\/nesiller.com\/panels-fuer-gesundes-leben\/"},"modified":"2023-05-05T17:30:58","modified_gmt":"2023-05-05T14:30:58","slug":"panels-fuer-gesundes-leben","status":"publish","type":"page","link":"https:\/\/nesiller.com\/de\/panels-fuer-gesundes-leben\/","title":{"rendered":"PANELS F\u00dcR GESUNDES LEBEN"},"content":{"rendered":"\t\t<div data-elementor-type=\"wp-page\" data-elementor-id=\"28637\" class=\"elementor elementor-28637 elementor-24298\">\n\t\t\t\t<div class=\"elementor-element elementor-element-248ef9c e-flex e-con-boxed e-con e-parent\" data-id=\"248ef9c\" data-element_type=\"container\">\n\t\t\t\t\t<div class=\"e-con-inner\">\n\t\t<div class=\"elementor-element elementor-element-0ec52ff e-con-full e-flex e-con e-parent\" data-id=\"0ec52ff\" data-element_type=\"container\">\n\t\t\t\t<\/div>\n\t\t<div class=\"elementor-element elementor-element-1ef5b06 e-con-full e-flex e-con e-parent\" data-id=\"1ef5b06\" data-element_type=\"container\">\n\t\t\t\t<div class=\"elementor-element elementor-element-2cd9367 elementor-widget elementor-widget-image\" data-id=\"2cd9367\" data-element_type=\"widget\" data-widget_type=\"image.default\">\n\t\t\t\t\t\t\t\t\t\t\t\t\t\t\t<img fetchpriority=\"high\" decoding=\"async\" width=\"2000\" height=\"983\" src=\"https:\/\/nesiller.com\/wp-content\/uploads\/2023\/04\/saglikli-yasam-panelleri-bg.jpg\" class=\"attachment-full size-full wp-image-28127\" alt=\"\" srcset=\"https:\/\/nesiller.com\/wp-content\/uploads\/2023\/04\/saglikli-yasam-panelleri-bg.jpg 2000w, https:\/\/nesiller.com\/wp-content\/uploads\/2023\/04\/saglikli-yasam-panelleri-bg-300x147.jpg 300w, https:\/\/nesiller.com\/wp-content\/uploads\/2023\/04\/saglikli-yasam-panelleri-bg-1024x503.jpg 1024w, https:\/\/nesiller.com\/wp-content\/uploads\/2023\/04\/saglikli-yasam-panelleri-bg-768x377.jpg 768w, https:\/\/nesiller.com\/wp-content\/uploads\/2023\/04\/saglikli-yasam-panelleri-bg-1536x755.jpg 1536w\" sizes=\"(max-width: 2000px) 100vw, 2000px\" \/>\t\t\t\t\t\t\t\t\t\t\t\t\t\t\t<\/div>\n\t\t\t\t<\/div>\n\t\t\t\t\t<\/div>\n\t\t\t\t<\/div>\n\t\t<div class=\"elementor-element elementor-element-c0a7a3c e-flex e-con-boxed e-con e-parent\" data-id=\"c0a7a3c\" data-element_type=\"container\">\n\t\t\t\t\t<div class=\"e-con-inner\">\n\t\t<div class=\"elementor-element elementor-element-740d657 e-con-full e-flex e-con e-parent\" data-id=\"740d657\" data-element_type=\"container\">\n\t\t\t\t<div class=\"elementor-element elementor-element-060e756 elementor-widget elementor-widget-image\" data-id=\"060e756\" data-element_type=\"widget\" data-widget_type=\"image.default\">\n\t\t\t\t\t\t\t\t\t\t\t\t\t\t\t\t<a href=\"https:\/\/nesiller.com\/de\/genetische-beratung\/\">\n\t\t\t\t\t\t\t<img decoding=\"async\" width=\"280\" height=\"216\" src=\"https:\/\/nesiller.com\/wp-content\/uploads\/2023\/04\/genetik-danismanlik-banner-g.jpg\" class=\"attachment-large size-large wp-image-27857\" alt=\"\" \/>\t\t\t\t\t\t\t\t<\/a>\n\t\t\t\t\t\t\t\t\t\t\t\t\t\t\t<\/div>\n\t\t\t\t<div class=\"elementor-element elementor-element-8195e7e elementor-widget elementor-widget-image\" data-id=\"8195e7e\" data-element_type=\"widget\" data-widget_type=\"image.default\">\n\t\t\t\t\t\t\t\t\t\t\t\t\t\t\t\t<a href=\"https:\/\/nesiller.com\/de\/test-liste\/\">\n\t\t\t\t\t\t\t<img decoding=\"async\" width=\"280\" height=\"216\" src=\"https:\/\/nesiller.com\/wp-content\/uploads\/2023\/04\/testlistemiz-banner-g.jpg\" class=\"attachment-large size-large wp-image-27851\" alt=\"\" \/>\t\t\t\t\t\t\t\t<\/a>\n\t\t\t\t\t\t\t\t\t\t\t\t\t\t\t<\/div>\n\t\t\t\t<\/div>\n\t\t<div class=\"elementor-element elementor-element-b84ef2a e-con-full e-flex e-con e-parent\" data-id=\"b84ef2a\" data-element_type=\"container\">\n\t\t\t\t<div class=\"elementor-element elementor-element-ab87916 elementor-widget__width-initial elementor-widget elementor-widget-text-editor\" data-id=\"ab87916\" data-element_type=\"widget\" data-widget_type=\"text-editor.default\">\n\t\t\t\t\t\t\t\t\t<div>Unsere Gentests k\u00f6nnen Aufschluss dar\u00fcber geben, wie Ihr K\u00f6rper verschiedene N\u00e4hrstoffe wie Kohlenhydrate, Fette und Vitamine verarbeitet und wie Ihre Gene die Wahrscheinlichkeit beeinflussen k\u00f6nnen, dass Sie auf bestimmte Di\u00e4ten oder Bewegungsprogramme ansprechen. Sie k\u00f6nnen auch von sportgenetischen Tests profitieren, indem Sie genetische Merkmale identifizieren, die Ihre Leistung, Ihr Verletzungsrisiko und Ihre Genesung beeinflussen k\u00f6nnen.  <\/div>\n<div aria-hidden=\"true\"> <\/div>\n<div>Da wir Ihre einzigartige genetische Veranlagung kennen, kann Generations Ihnen individuelle Ratschl\u00e4ge zu Ern\u00e4hrung, Bewegung und anderen auf Sie zugeschnittenen Lebensstilma\u00dfnahmen geben.<\/div>\n\t\t\t\t\t\t\t\t<\/div>\n\t\t\t\t<div class=\"elementor-element elementor-element-0e0a628 elementor-widget__width-initial elementor-widget elementor-widget-video\" data-id=\"0e0a628\" data-element_type=\"widget\" data-settings=\"{&quot;youtube_url&quot;:&quot;https:\\\/\\\/www.youtube.com\\\/watch?v=8kS8eSGOpu0&quot;,&quot;video_type&quot;:&quot;youtube&quot;,&quot;controls&quot;:&quot;yes&quot;}\" data-widget_type=\"video.default\">\n\t\t\t\t\t\t\t<div class=\"elementor-wrapper elementor-open-inline\">\n\t\t\t<div class=\"elementor-video\"><\/div>\t\t<\/div>\n\t\t\t\t\t\t<\/div>\n\t\t\t\t<\/div>\n\t\t\t\t\t<\/div>\n\t\t\t\t<\/div>\n\t\t\t\t<\/div>\n\t\t","protected":false},"excerpt":{"rendered":"<p>Unsere Gentests k\u00f6nnen Aufschluss dar\u00fcber geben, wie Ihr K\u00f6rper verschiedene N\u00e4hrstoffe wie Kohlenhydrate, Fette und Vitamine verarbeitet und wie Ihre Gene die Wahrscheinlichkeit beeinflussen k\u00f6nnen, dass Sie auf bestimmte Di\u00e4ten oder Bewegungsprogramme ansprechen. Sie k\u00f6nnen auch von sportgenetischen Tests profitieren, indem Sie genetische Merkmale identifizieren, die Ihre Leistung, Ihr Verletzungsrisiko und Ihre Genesung beeinflussen k\u00f6nnen. [&hellip;]<\/p>\n","protected":false},"author":1,"featured_media":0,"parent":0,"menu_order":0,"comment_status":"closed","ping_status":"closed","template":"","meta":{"_monsterinsights_skip_tracking":false,"_monsterinsights_sitenote_active":false,"_monsterinsights_sitenote_note":"","_monsterinsights_sitenote_category":0,"footnotes":""},"class_list":["post-28637","page","type-page","status-publish","hentry"],"acf":[],"yoast_head":"<!-- This site is optimized with the Yoast SEO Premium plugin v26.2 (Yoast SEO v27.5) - https:\/\/yoast.com\/product\/yoast-seo-premium-wordpress\/ -->\n<title>PANELS F\u00dcR GESUNDES LEBEN - Nesiller Genetic Center<\/title>\n<meta name=\"description\" content=\"PANELS F\u00dcR GESUNDES LEBEN -\" \/>\n<meta name=\"robots\" content=\"index, follow, max-snippet:-1, max-image-preview:large, max-video-preview:-1\" \/>\n<link rel=\"canonical\" href=\"https:\/\/nesiller.com\/de\/panels-fuer-gesundes-leben\/\" \/>\n<meta property=\"og:locale\" content=\"de_DE\" \/>\n<meta property=\"og:type\" content=\"article\" \/>\n<meta property=\"og:title\" content=\"PANELS F\u00dcR GESUNDES LEBEN\" \/>\n<meta property=\"og:description\" content=\"Unsere Gentests k\u00f6nnen Aufschluss dar\u00fcber geben, wie Ihr K\u00f6rper verschiedene N\u00e4hrstoffe wie Kohlenhydrate, Fette und Vitamine verarbeitet und wie Ihre\" \/>\n<meta property=\"og:url\" content=\"https:\/\/nesiller.com\/de\/panels-fuer-gesundes-leben\/\" \/>\n<meta property=\"og:site_name\" content=\"Nesiller Genetic Center\" \/>\n<meta property=\"article:publisher\" content=\"https:\/\/www.facebook.com\/NesillerGenetik\" \/>\n<meta property=\"article:modified_time\" content=\"2023-05-05T14:30:58+00:00\" \/>\n<meta property=\"og:image\" content=\"https:\/\/nesiller.com\/wp-content\/uploads\/2023\/04\/saglikli-yasam-panelleri-bg.jpg\" \/>\n<meta name=\"twitter:card\" content=\"summary_large_image\" \/>\n<meta name=\"twitter:site\" content=\"@NesillerGenetik\" \/>\n<script type=\"application\/ld+json\" class=\"yoast-schema-graph\">{\"@context\":\"https:\\\/\\\/schema.org\",\"@graph\":[{\"@type\":\"WebPage\",\"@id\":\"https:\\\/\\\/nesiller.com\\\/de\\\/panels-fuer-gesundes-leben\\\/\",\"url\":\"https:\\\/\\\/nesiller.com\\\/de\\\/panels-fuer-gesundes-leben\\\/\",\"name\":\"PANELS F\u00dcR GESUNDES LEBEN - Nesiller Genetic Center\",\"isPartOf\":{\"@id\":\"https:\\\/\\\/nesiller.com\\\/de\\\/#website\"},\"primaryImageOfPage\":{\"@id\":\"https:\\\/\\\/nesiller.com\\\/de\\\/panels-fuer-gesundes-leben\\\/#primaryimage\"},\"image\":{\"@id\":\"https:\\\/\\\/nesiller.com\\\/de\\\/panels-fuer-gesundes-leben\\\/#primaryimage\"},\"thumbnailUrl\":\"https:\\\/\\\/nesiller.com\\\/wp-content\\\/uploads\\\/2023\\\/04\\\/saglikli-yasam-panelleri-bg.jpg\",\"datePublished\":\"2023-04-11T09:58:40+00:00\",\"dateModified\":\"2023-05-05T14:30:58+00:00\",\"description\":\"PANELS F\u00dcR GESUNDES LEBEN -\",\"breadcrumb\":{\"@id\":\"https:\\\/\\\/nesiller.com\\\/de\\\/panels-fuer-gesundes-leben\\\/#breadcrumb\"},\"inLanguage\":\"de\",\"potentialAction\":[{\"@type\":\"ReadAction\",\"target\":[\"https:\\\/\\\/nesiller.com\\\/de\\\/panels-fuer-gesundes-leben\\\/\"]}]},{\"@type\":\"ImageObject\",\"inLanguage\":\"de\",\"@id\":\"https:\\\/\\\/nesiller.com\\\/de\\\/panels-fuer-gesundes-leben\\\/#primaryimage\",\"url\":\"https:\\\/\\\/nesiller.com\\\/wp-content\\\/uploads\\\/2023\\\/04\\\/saglikli-yasam-panelleri-bg.jpg\",\"contentUrl\":\"https:\\\/\\\/nesiller.com\\\/wp-content\\\/uploads\\\/2023\\\/04\\\/saglikli-yasam-panelleri-bg.jpg\"},{\"@type\":\"BreadcrumbList\",\"@id\":\"https:\\\/\\\/nesiller.com\\\/de\\\/panels-fuer-gesundes-leben\\\/#breadcrumb\",\"itemListElement\":[{\"@type\":\"ListItem\",\"position\":1,\"name\":\"Home\",\"item\":\"https:\\\/\\\/nesiller.com\\\/de\\\/startseite-2\\\/\"},{\"@type\":\"ListItem\",\"position\":2,\"name\":\"PANELS F\u00dcR GESUNDES LEBEN\"}]},{\"@type\":\"WebSite\",\"@id\":\"https:\\\/\\\/nesiller.com\\\/de\\\/#website\",\"url\":\"https:\\\/\\\/nesiller.com\\\/de\\\/\",\"name\":\"Nesiller Genetik\",\"description\":\"Nesiller, the name of genetic expertise in Istanbul\",\"publisher\":{\"@id\":\"https:\\\/\\\/nesiller.com\\\/de\\\/#organization\"},\"potentialAction\":[{\"@type\":\"SearchAction\",\"target\":{\"@type\":\"EntryPoint\",\"urlTemplate\":\"https:\\\/\\\/nesiller.com\\\/de\\\/?s={search_term_string}\"},\"query-input\":{\"@type\":\"PropertyValueSpecification\",\"valueRequired\":true,\"valueName\":\"search_term_string\"}}],\"inLanguage\":\"de\"},{\"@type\":\"Organization\",\"@id\":\"https:\\\/\\\/nesiller.com\\\/de\\\/#organization\",\"name\":\"Nesiller Genetik\",\"url\":\"https:\\\/\\\/nesiller.com\\\/de\\\/\",\"logo\":{\"@type\":\"ImageObject\",\"inLanguage\":\"de\",\"@id\":\"https:\\\/\\\/nesiller.com\\\/de\\\/#\\\/schema\\\/logo\\\/image\\\/\",\"url\":\"https:\\\/\\\/nesiller.com\\\/wp-content\\\/uploads\\\/2023\\\/04\\\/nesiller-logo.jpg\",\"contentUrl\":\"https:\\\/\\\/nesiller.com\\\/wp-content\\\/uploads\\\/2023\\\/04\\\/nesiller-logo.jpg\",\"width\":1000,\"height\":700,\"caption\":\"Nesiller Genetik\"},\"image\":{\"@id\":\"https:\\\/\\\/nesiller.com\\\/de\\\/#\\\/schema\\\/logo\\\/image\\\/\"},\"sameAs\":[\"https:\\\/\\\/www.facebook.com\\\/NesillerGenetik\",\"https:\\\/\\\/x.com\\\/NesillerGenetik\"]}]}<\/script>\n<!-- \/ Yoast SEO Premium plugin. -->","yoast_head_json":{"title":"PANELS F\u00dcR GESUNDES LEBEN - Nesiller Genetic Center","description":"PANELS F\u00dcR GESUNDES LEBEN -","robots":{"index":"index","follow":"follow","max-snippet":"max-snippet:-1","max-image-preview":"max-image-preview:large","max-video-preview":"max-video-preview:-1"},"canonical":"https:\/\/nesiller.com\/de\/panels-fuer-gesundes-leben\/","og_locale":"de_DE","og_type":"article","og_title":"PANELS F\u00dcR GESUNDES LEBEN","og_description":"Unsere Gentests k\u00f6nnen Aufschluss dar\u00fcber geben, wie Ihr K\u00f6rper verschiedene N\u00e4hrstoffe wie Kohlenhydrate, Fette und Vitamine verarbeitet und wie Ihre","og_url":"https:\/\/nesiller.com\/de\/panels-fuer-gesundes-leben\/","og_site_name":"Nesiller Genetic Center","article_publisher":"https:\/\/www.facebook.com\/NesillerGenetik","article_modified_time":"2023-05-05T14:30:58+00:00","og_image":[{"url":"https:\/\/nesiller.com\/wp-content\/uploads\/2023\/04\/saglikli-yasam-panelleri-bg.jpg","type":"","width":"","height":""}],"twitter_card":"summary_large_image","twitter_site":"@NesillerGenetik","schema":{"@context":"https:\/\/schema.org","@graph":[{"@type":"WebPage","@id":"https:\/\/nesiller.com\/de\/panels-fuer-gesundes-leben\/","url":"https:\/\/nesiller.com\/de\/panels-fuer-gesundes-leben\/","name":"PANELS F\u00dcR GESUNDES LEBEN - Nesiller Genetic Center","isPartOf":{"@id":"https:\/\/nesiller.com\/de\/#website"},"primaryImageOfPage":{"@id":"https:\/\/nesiller.com\/de\/panels-fuer-gesundes-leben\/#primaryimage"},"image":{"@id":"https:\/\/nesiller.com\/de\/panels-fuer-gesundes-leben\/#primaryimage"},"thumbnailUrl":"https:\/\/nesiller.com\/wp-content\/uploads\/2023\/04\/saglikli-yasam-panelleri-bg.jpg","datePublished":"2023-04-11T09:58:40+00:00","dateModified":"2023-05-05T14:30:58+00:00","description":"PANELS F\u00dcR GESUNDES LEBEN -","breadcrumb":{"@id":"https:\/\/nesiller.com\/de\/panels-fuer-gesundes-leben\/#breadcrumb"},"inLanguage":"de","potentialAction":[{"@type":"ReadAction","target":["https:\/\/nesiller.com\/de\/panels-fuer-gesundes-leben\/"]}]},{"@type":"ImageObject","inLanguage":"de","@id":"https:\/\/nesiller.com\/de\/panels-fuer-gesundes-leben\/#primaryimage","url":"https:\/\/nesiller.com\/wp-content\/uploads\/2023\/04\/saglikli-yasam-panelleri-bg.jpg","contentUrl":"https:\/\/nesiller.com\/wp-content\/uploads\/2023\/04\/saglikli-yasam-panelleri-bg.jpg"},{"@type":"BreadcrumbList","@id":"https:\/\/nesiller.com\/de\/panels-fuer-gesundes-leben\/#breadcrumb","itemListElement":[{"@type":"ListItem","position":1,"name":"Home","item":"https:\/\/nesiller.com\/de\/startseite-2\/"},{"@type":"ListItem","position":2,"name":"PANELS F\u00dcR GESUNDES LEBEN"}]},{"@type":"WebSite","@id":"https:\/\/nesiller.com\/de\/#website","url":"https:\/\/nesiller.com\/de\/","name":"Nesiller Genetik","description":"Nesiller, the name of genetic expertise in Istanbul","publisher":{"@id":"https:\/\/nesiller.com\/de\/#organization"},"potentialAction":[{"@type":"SearchAction","target":{"@type":"EntryPoint","urlTemplate":"https:\/\/nesiller.com\/de\/?s={search_term_string}"},"query-input":{"@type":"PropertyValueSpecification","valueRequired":true,"valueName":"search_term_string"}}],"inLanguage":"de"},{"@type":"Organization","@id":"https:\/\/nesiller.com\/de\/#organization","name":"Nesiller Genetik","url":"https:\/\/nesiller.com\/de\/","logo":{"@type":"ImageObject","inLanguage":"de","@id":"https:\/\/nesiller.com\/de\/#\/schema\/logo\/image\/","url":"https:\/\/nesiller.com\/wp-content\/uploads\/2023\/04\/nesiller-logo.jpg","contentUrl":"https:\/\/nesiller.com\/wp-content\/uploads\/2023\/04\/nesiller-logo.jpg","width":1000,"height":700,"caption":"Nesiller Genetik"},"image":{"@id":"https:\/\/nesiller.com\/de\/#\/schema\/logo\/image\/"},"sameAs":["https:\/\/www.facebook.com\/NesillerGenetik","https:\/\/x.com\/NesillerGenetik"]}]}},"rttpg_featured_image_url":null,"rttpg_author":{"display_name":"admin","author_link":"https:\/\/nesiller.com\/de\/author\/admin\/"},"rttpg_comment":0,"rttpg_category":" <a href=\"https:\/\/nesiller.com\/de\/?taxonomy=translation_priority&#038;term=optional-de\" rel=\"tag\">Optional<\/a>","rttpg_excerpt":"Unsere Gentests k\u00f6nnen Aufschluss dar\u00fcber geben, wie Ihr K\u00f6rper verschiedene N\u00e4hrstoffe wie Kohlenhydrate, Fette und Vitamine verarbeitet und wie Ihre Gene die Wahrscheinlichkeit beeinflussen k\u00f6nnen, dass Sie auf bestimmte Di\u00e4ten oder Bewegungsprogramme ansprechen. Sie k\u00f6nnen auch von sportgenetischen Tests profitieren, indem Sie genetische Merkmale identifizieren, die Ihre Leistung, Ihr Verletzungsrisiko und Ihre Genesung beeinflussen k\u00f6nnen.&hellip;","_links":{"self":[{"href":"https:\/\/nesiller.com\/de\/wp-json\/wp\/v2\/pages\/28637","targetHints":{"allow":["GET"]}}],"collection":[{"href":"https:\/\/nesiller.com\/de\/wp-json\/wp\/v2\/pages"}],"about":[{"href":"https:\/\/nesiller.com\/de\/wp-json\/wp\/v2\/types\/page"}],"author":[{"embeddable":true,"href":"https:\/\/nesiller.com\/de\/wp-json\/wp\/v2\/users\/1"}],"replies":[{"embeddable":true,"href":"https:\/\/nesiller.com\/de\/wp-json\/wp\/v2\/comments?post=28637"}],"version-history":[{"count":3,"href":"https:\/\/nesiller.com\/de\/wp-json\/wp\/v2\/pages\/28637\/revisions"}],"predecessor-version":[{"id":29240,"href":"https:\/\/nesiller.com\/de\/wp-json\/wp\/v2\/pages\/28637\/revisions\/29240"}],"wp:attachment":[{"href":"https:\/\/nesiller.com\/de\/wp-json\/wp\/v2\/media?parent=28637"}],"curies":[{"name":"wp","href":"https:\/\/api.w.org\/{rel}","templated":true}]}}