{"id":28636,"date":"2023-03-31T14:34:37","date_gmt":"2023-03-31T11:34:37","guid":{"rendered":"https:\/\/nesiller.com\/ueber-genetik\/"},"modified":"2023-06-07T19:42:18","modified_gmt":"2023-06-07T16:42:18","slug":"ueber-genetik","status":"publish","type":"page","link":"https:\/\/nesiller.com\/de\/ueber-genetik\/","title":{"rendered":"\u00dcBER GENETIK"},"content":{"rendered":"\t\t<div data-elementor-type=\"wp-page\" data-elementor-id=\"28636\" class=\"elementor elementor-28636 elementor-21275\">\n\t\t\t\t\t\t<section class=\"elementor-section elementor-top-section elementor-element elementor-element-663f0e5 elementor-section-boxed elementor-section-height-default elementor-section-height-default\" data-id=\"663f0e5\" data-element_type=\"section\">\n\t\t\t\t\t\t<div class=\"elementor-container elementor-column-gap-default\">\n\t\t\t\t\t<div class=\"elementor-column elementor-col-100 elementor-top-column elementor-element elementor-element-49e0577e\" data-id=\"49e0577e\" data-element_type=\"column\">\n\t\t\t<div class=\"elementor-widget-wrap elementor-element-populated\">\n\t\t\t\t\t\t<section class=\"elementor-section elementor-inner-section elementor-element elementor-element-72873de7 elementor-section-boxed elementor-section-height-default elementor-section-height-default\" data-id=\"72873de7\" data-element_type=\"section\">\n\t\t\t\t\t\t<div class=\"elementor-container elementor-column-gap-default\">\n\t\t\t\t\t<div class=\"elementor-column elementor-col-100 elementor-inner-column elementor-element elementor-element-1f2a5b90\" data-id=\"1f2a5b90\" data-element_type=\"column\">\n\t\t\t<div class=\"elementor-widget-wrap elementor-element-populated\">\n\t\t\t\t\t\t<div class=\"elementor-element elementor-element-654bd4d5 elementor-widget elementor-widget-heading\" data-id=\"654bd4d5\" data-element_type=\"widget\" data-widget_type=\"heading.default\">\n\t\t\t\t\t<h4 class=\"elementor-heading-title elementor-size-default\">Das Geheimnis gesunder Generationen verbirgt sich in Gentests<\/h4>\t\t\t\t<\/div>\n\t\t\t\t<div class=\"elementor-element elementor-element-1be7690b elementor-widget elementor-widget-heading\" data-id=\"1be7690b\" data-element_type=\"widget\" data-widget_type=\"heading.default\">\n\t\t\t\t\t<p class=\"elementor-heading-title elementor-size-default\">Mit Hilfe von Gentests k\u00f6nnen \u00c4rzte feststellen, ob wir eine bestimmte Krankheit in uns tragen, ob wir f\u00fcr ein bestimmtes Risiko pr\u00e4disponiert sind, was unser ungeborenes oder neugeborenes Kind erwartet oder welche Art von Behandlung wir gegen eine bestehende Krankheit erhalten sollten, und zwar auf der Grundlage von Genen, die wir als \"Landkarte unseres K\u00f6rpers\" bezeichnen k\u00f6nnen. Das Ergebnis eines Gentests zeigt das Gesundheitsbild nicht nur f\u00fcr Sie, sondern auch f\u00fcr Ihre zuk\u00fcnftigen Generationen.<\/p>\t\t\t\t<\/div>\n\t\t\t\t\t<\/div>\n\t\t<\/div>\n\t\t\t\t\t<\/div>\n\t\t<\/section>\n\t\t\t\t<section class=\"elementor-section elementor-inner-section elementor-element elementor-element-63c95d2e elementor-section-boxed elementor-section-height-default elementor-section-height-default\" data-id=\"63c95d2e\" data-element_type=\"section\">\n\t\t\t\t\t\t<div class=\"elementor-container elementor-column-gap-default\">\n\t\t\t\t\t<div class=\"elementor-column elementor-col-100 elementor-inner-column elementor-element elementor-element-482ff8fa\" data-id=\"482ff8fa\" data-element_type=\"column\">\n\t\t\t<div class=\"elementor-widget-wrap elementor-element-populated\">\n\t\t\t\t\t\t<div class=\"elementor-element elementor-element-5a345f27 elementor-widget elementor-widget-image\" data-id=\"5a345f27\" data-element_type=\"widget\" data-widget_type=\"image.default\">\n\t\t\t\t\t\t\t\t\t\t\t\t\t\t\t<img fetchpriority=\"high\" decoding=\"async\" width=\"640\" height=\"139\" src=\"https:\/\/nesiller.com\/wp-content\/uploads\/2023\/04\/shutterstock_2092167835.jpg\" class=\"attachment-large size-large wp-image-28037\" alt=\"\" srcset=\"https:\/\/nesiller.com\/wp-content\/uploads\/2023\/04\/shutterstock_2092167835.jpg 1000w, https:\/\/nesiller.com\/wp-content\/uploads\/2023\/04\/shutterstock_2092167835-300x65.jpg 300w, https:\/\/nesiller.com\/wp-content\/uploads\/2023\/04\/shutterstock_2092167835-768x167.jpg 768w\" sizes=\"(max-width: 640px) 100vw, 640px\" \/>\t\t\t\t\t\t\t\t\t\t\t\t\t\t\t<\/div>\n\t\t\t\t\t<\/div>\n\t\t<\/div>\n\t\t\t\t\t<\/div>\n\t\t<\/section>\n\t\t\t\t<div class=\"elementor-element elementor-element-b5e433f elementor-widget elementor-widget-heading\" data-id=\"b5e433f\" data-element_type=\"widget\" data-widget_type=\"heading.default\">\n\t\t\t\t\t<h4 class=\"elementor-heading-title elementor-size-default\">Ein Gentest kann Ihr Leben ver\u00e4ndern<\/h4>\t\t\t\t<\/div>\n\t\t\t\t<section class=\"elementor-section elementor-inner-section elementor-element elementor-element-0a14e70 elementor-section-boxed elementor-section-height-default elementor-section-height-default\" data-id=\"0a14e70\" data-element_type=\"section\">\n\t\t\t\t\t\t<div class=\"elementor-container elementor-column-gap-default\">\n\t\t\t\t\t<div class=\"elementor-column elementor-col-100 elementor-inner-column elementor-element elementor-element-13b1fc5\" data-id=\"13b1fc5\" data-element_type=\"column\">\n\t\t\t<div class=\"elementor-widget-wrap elementor-element-populated\">\n\t\t\t\t\t\t<div class=\"elementor-element elementor-element-788092c elementor-widget elementor-widget-heading\" data-id=\"788092c\" data-element_type=\"widget\" data-widget_type=\"heading.default\">\n\t\t\t\t\t<p class=\"elementor-heading-title elementor-size-default\">Die rasanten Entwicklungen auf dem Gebiet der Genetik erweitern unser Wissen \u00fcber die molekularen Grundlagen von Krankheiten.  \nDiese Informationen sind wichtig, weil sie bei der Entwicklung von Gentests verwendet werden und die Ergebnisse von Gentests direkt dazu beitragen, die Betreuung der Patienten zu personalisieren.  <\/p>\t\t\t\t<\/div>\n\t\t\t\t<div class=\"elementor-element elementor-element-8e79b9c elementor-widget elementor-widget-heading\" data-id=\"8e79b9c\" data-element_type=\"widget\" data-widget_type=\"heading.default\">\n\t\t\t\t\t<p class=\"elementor-heading-title elementor-size-default\">So wird zum Beispiel die Behandlung aller Krebspatienten immer mehr von einer personalisierten Behandlung abgel\u00f6st. Genetische Tests analysieren die molekularen Mechanismen, die die Behandlungsplanung einer Person beeinflussen k\u00f6nnen. Es wird ein molekulares Profil des individuellen Tumors erstellt und Behandlungsoptionen wie intelligente Medikamente, Immuntherapie sowie Resistenz und Empfindlichkeit gegen\u00fcber verschiedenen Medikamenten werden bewertet. Die Behandlung und Nachsorge des Patienten erfolgt auf der Grundlage dieser Informationen, und die Erfolgsquoten steigen erheblich.<\/p>\t\t\t\t<\/div>\n\t\t\t\t<div class=\"elementor-element elementor-element-7296150 elementor-widget elementor-widget-heading\" data-id=\"7296150\" data-element_type=\"widget\" data-widget_type=\"heading.default\">\n\t\t\t\t\t<p class=\"elementor-heading-title elementor-size-default\">Nicht nur bei Krebs, sondern auch bei vielen chronischen Krankheiten wie Diabetes, Herzkrankheiten, seltenen Krankheiten und neurologischen Erkrankungen gibt es t\u00e4glich neue Erkenntnisse \u00fcber Folge- und Behandlungsm\u00f6glichkeiten.\nAndererseits ist die Medizin mit den Neuerungen, die die Genetik der Medizin gebracht hat, nicht mehr nur an der Behandlung der Krankheit beteiligt. Dank der Panels f\u00fcr eine gesunde Lebensweise hat sie auch eine Ebene erreicht, auf der die erblich oder genetisch bedingten Risiken des Einzelnen berechnet und die Daten offengelegt werden, die ihm ein l\u00e4ngeres und ges\u00fcnderes Leben erm\u00f6glichen werden.<\/p>\t\t\t\t<\/div>\n\t\t\t\t<div class=\"elementor-element elementor-element-ce8c596 elementor-widget elementor-widget-image\" data-id=\"ce8c596\" data-element_type=\"widget\" data-widget_type=\"image.default\">\n\t\t\t\t\t\t\t\t\t\t\t\t\t\t\t<img decoding=\"async\" width=\"2913\" height=\"787\" src=\"https:\/\/nesiller.com\/wp-content\/uploads\/2023\/04\/web-icin-planlama-yillar-2023.png\" class=\"attachment-full size-full wp-image-27515\" alt=\"YA\u015eAM BOYU GENET\u0130K\u200b\" srcset=\"https:\/\/nesiller.com\/wp-content\/uploads\/2023\/04\/web-icin-planlama-yillar-2023.png 2913w, https:\/\/nesiller.com\/wp-content\/uploads\/2023\/04\/web-icin-planlama-yillar-2023-300x81.png 300w, https:\/\/nesiller.com\/wp-content\/uploads\/2023\/04\/web-icin-planlama-yillar-2023-1024x277.png 1024w, https:\/\/nesiller.com\/wp-content\/uploads\/2023\/04\/web-icin-planlama-yillar-2023-768x207.png 768w, https:\/\/nesiller.com\/wp-content\/uploads\/2023\/04\/web-icin-planlama-yillar-2023-1536x415.png 1536w, https:\/\/nesiller.com\/wp-content\/uploads\/2023\/04\/web-icin-planlama-yillar-2023-2048x553.png 2048w\" sizes=\"(max-width: 2913px) 100vw, 2913px\" \/>\t\t\t\t\t\t\t\t\t\t\t\t\t\t\t<\/div>\n\t\t\t\t\t<\/div>\n\t\t<\/div>\n\t\t\t\t\t<\/div>\n\t\t<\/section>\n\t\t\t\t<section class=\"elementor-section elementor-inner-section elementor-element elementor-element-e314cde elementor-section-boxed elementor-section-height-default elementor-section-height-default\" data-id=\"e314cde\" data-element_type=\"section\">\n\t\t\t\t\t\t<div class=\"elementor-container elementor-column-gap-default\">\n\t\t\t\t\t<div class=\"elementor-column elementor-col-100 elementor-inner-column elementor-element elementor-element-e9476bd\" data-id=\"e9476bd\" data-element_type=\"column\">\n\t\t\t<div class=\"elementor-widget-wrap elementor-element-populated\">\n\t\t\t\t\t\t<div class=\"elementor-element elementor-element-75a5800 elementor-widget elementor-widget-heading\" data-id=\"75a5800\" data-element_type=\"widget\" data-widget_type=\"heading.default\">\n\t\t\t\t\t<h4 class=\"elementor-heading-title elementor-size-default\">Die Genauigkeit der leitenden Gentests und die realistische Vermittlung der M\u00f6glichkeiten an den Patienten sind von gr\u00f6\u00dfter Bedeutung.<\/h4>\t\t\t\t<\/div>\n\t\t\t\t<div class=\"elementor-element elementor-element-86598d0 elementor-widget elementor-widget-heading\" data-id=\"86598d0\" data-element_type=\"widget\" data-widget_type=\"heading.default\">\n\t\t\t\t\t<p class=\"elementor-heading-title elementor-size-default\">Genetische Testergebnisse;<br>\n- Fr\u00fchzeitige Diagnose und fr\u00fchzeitiges Eingreifen bei Erbkrankheiten k\u00f6nnen Leben retten  <br>\n- Es kann eine gro\u00dfe Erleichterung f\u00fcr Menschen sein, die eine Veranlagung haben oder Angst haben, sich aus irgendeinem Grund eine Krankheit einzufangen  <br>\n- Kann f\u00fcr die zuk\u00fcnftige Familienplanung n\u00fctzlich sein  <\/p>\t\t\t\t<\/div>\n\t\t\t\t<div class=\"elementor-element elementor-element-17ae54f elementor-widget elementor-widget-heading\" data-id=\"17ae54f\" data-element_type=\"widget\" data-widget_type=\"heading.default\">\n\t\t\t\t\t<p class=\"elementor-heading-title elementor-size-default\">Diese Ergebnisse k\u00f6nnen wichtige Lebensentscheidungen beeinflussen. Daher sollten Gentests nur von qualifizierten Laboratorien mit Fachpersonal durchgef\u00fchrt werden, deren Qualit\u00e4tsmanagement internationalen Standards entspricht.  <\/p>\t\t\t\t<\/div>\n\t\t\t\t<div class=\"elementor-element elementor-element-c8ad78b elementor-widget elementor-widget-heading\" data-id=\"c8ad78b\" data-element_type=\"widget\" data-widget_type=\"heading.default\">\n\t\t\t\t\t<p class=\"elementor-heading-title elementor-size-default\">Die Ergebnisberichte sollten von \u00c4rzten ausgewertet werden, die auf dem Gebiet der medizinischen Genetik spezialisiert und erfahren sind.  <br><br>\nIn der Patientenkommunikation sollte die genetische Beratung vor und nach dem Test in einer realen Situation angeboten werden, in der dem Patienten die Optionen und m\u00f6glichen Folgen ausf\u00fchrlich erl\u00e4utert werden.  \n<\/p>\t\t\t\t<\/div>\n\t\t\t\t\t<\/div>\n\t\t<\/div>\n\t\t\t\t\t<\/div>\n\t\t<\/section>\n\t\t<div class=\"elementor-element elementor-element-5e09e9c e-flex e-con-boxed e-con e-parent\" data-id=\"5e09e9c\" data-element_type=\"container\">\n\t\t\t\t\t<div class=\"e-con-inner\">\n\t\t\t\t<div class=\"elementor-element elementor-element-68761ef elementor-widget elementor-widget-video\" data-id=\"68761ef\" data-element_type=\"widget\" data-settings=\"{&quot;youtube_url&quot;:&quot;https:\\\/\\\/www.youtube.com\\\/watch?v=HL1OPkHcXjo&quot;,&quot;video_type&quot;:&quot;youtube&quot;,&quot;controls&quot;:&quot;yes&quot;}\" data-widget_type=\"video.default\">\n\t\t\t\t\t\t\t<div class=\"elementor-wrapper elementor-open-inline\">\n\t\t\t<div class=\"elementor-video\"><\/div>\t\t<\/div>\n\t\t\t\t\t\t<\/div>\n\t\t\t\t<div class=\"elementor-element elementor-element-eb77271 elementor-widget elementor-widget-video\" data-id=\"eb77271\" data-element_type=\"widget\" data-settings=\"{&quot;youtube_url&quot;:&quot;https:\\\/\\\/www.youtube.com\\\/watch?v=5ozIce0zEqs&quot;,&quot;video_type&quot;:&quot;youtube&quot;,&quot;controls&quot;:&quot;yes&quot;}\" data-widget_type=\"video.default\">\n\t\t\t\t\t\t\t<div class=\"elementor-wrapper elementor-open-inline\">\n\t\t\t<div class=\"elementor-video\"><\/div>\t\t<\/div>\n\t\t\t\t\t\t<\/div>\n\t\t\t\t<div class=\"elementor-element elementor-element-1a2ae0e elementor-widget elementor-widget-video\" data-id=\"1a2ae0e\" data-element_type=\"widget\" data-settings=\"{&quot;youtube_url&quot;:&quot;https:\\\/\\\/www.youtube.com\\\/watch?v=8kS8eSGOpu0&quot;,&quot;video_type&quot;:&quot;youtube&quot;,&quot;controls&quot;:&quot;yes&quot;}\" data-widget_type=\"video.default\">\n\t\t\t\t\t\t\t<div class=\"elementor-wrapper elementor-open-inline\">\n\t\t\t<div class=\"elementor-video\"><\/div>\t\t<\/div>\n\t\t\t\t\t\t<\/div>\n\t\t\t\t\t<\/div>\n\t\t\t\t<\/div>\n\t\t\t\t<section class=\"elementor-section elementor-inner-section elementor-element elementor-element-41b6758 elementor-section-boxed elementor-section-height-default elementor-section-height-default\" data-id=\"41b6758\" data-element_type=\"section\">\n\t\t\t\t\t\t<div class=\"elementor-container elementor-column-gap-default\">\n\t\t\t\t\t<div class=\"elementor-column elementor-col-100 elementor-inner-column elementor-element elementor-element-d5696a5\" data-id=\"d5696a5\" data-element_type=\"column\">\n\t\t\t<div class=\"elementor-widget-wrap elementor-element-populated\">\n\t\t\t\t\t\t<div class=\"elementor-element elementor-element-5c03b99 elementor-widget elementor-widget-heading\" data-id=\"5c03b99\" data-element_type=\"widget\" data-widget_type=\"heading.default\">\n\t\t\t\t\t<h4 class=\"elementor-heading-title elementor-size-default\">F\u00fcr welche Zwecke k\u00f6nnen Gentests durchgef\u00fchrt werden?<\/h4>\t\t\t\t<\/div>\n\t\t\t\t<div class=\"elementor-element elementor-element-d906dfd elementor-widget elementor-widget-heading\" data-id=\"d906dfd\" data-element_type=\"widget\" data-widget_type=\"heading.default\">\n\t\t\t\t\t<p class=\"elementor-heading-title elementor-size-default\">1. <b>diagnostische Tests<\/b> zur Best\u00e4tigung oder zum Ausschluss von Personen mit bekannten oder vermuteten genetischen Krankheiten<br>\n2. <b>pr\u00e4diktive Tests<\/b> zur Erkennung von genetischen Krankheiten, die ein Gesundheitsrisiko darstellen oder die Lebensqualit\u00e4t beeintr\u00e4chtigen k\u00f6nnen<br>\n3. <b>genetische Tests, die<\/b> der Person <b>helfen<\/b>, ihren Lebensstil zu steuern und <b>ein gesundes Leben zu f\u00fchren<\/b><br>\n4. <b>Tr\u00e4gertests<\/b> zum Nachweis genetischer Krankheiten, von denen angenommen wird, dass sie famili\u00e4r vererbt werden, und f\u00fcr Stammbaumstudien, die Aufschluss \u00fcber ihre Vererbung geben<br>\n5. <b>pr\u00e4natale Tests<\/b> w\u00e4hrend der Schwangerschaft zur Untersuchung des ungeborenen Kindes auf genetische Krankheiten<br>\n6. w\u00e4hrend der IVF-Behandlung <b>selektive Tests<\/b> zum Nachweis von Embryonen, die nicht Tr\u00e4ger von bei den k\u00fcnftigen Eltern festgestellten genetischen Krankheiten sind, und Kontrolle der Chromosomenzahl<br>\n7. die <b>Tests zu therapeutischen Zwecken<\/b><br>\n8. <b>nachbereitende Tests<\/b>\n<\/p>\t\t\t\t<\/div>\n\t\t\t\t\t<\/div>\n\t\t<\/div>\n\t\t\t\t\t<\/div>\n\t\t<\/section>\n\t\t\t\t\t<\/div>\n\t\t<\/div>\n\t\t\t\t\t<\/div>\n\t\t<\/section>\n\t\t\t\t<\/div>\n\t\t","protected":false},"excerpt":{"rendered":"<p>Das Geheimnis gesunder Generationen verbirgt sich in Gentests Mit Hilfe von Gentests k\u00f6nnen \u00c4rzte feststellen, ob wir eine bestimmte Krankheit in uns tragen, ob wir f\u00fcr ein bestimmtes Risiko pr\u00e4disponiert sind, was unser ungeborenes oder neugeborenes Kind erwartet oder welche Art von Behandlung wir gegen eine bestehende Krankheit erhalten sollten, und zwar auf der Grundlage [&hellip;]<\/p>\n","protected":false},"author":1,"featured_media":0,"parent":0,"menu_order":0,"comment_status":"closed","ping_status":"closed","template":"","meta":{"_monsterinsights_skip_tracking":false,"_monsterinsights_sitenote_active":false,"_monsterinsights_sitenote_note":"","_monsterinsights_sitenote_category":0,"footnotes":""},"class_list":["post-28636","page","type-page","status-publish","hentry"],"acf":[],"yoast_head":"<!-- This site is optimized with the Yoast SEO Premium plugin v26.2 (Yoast SEO v27.4) - https:\/\/yoast.com\/product\/yoast-seo-premium-wordpress\/ -->\n<title>\u00dcBER GENETIK - Nesiller Genetic Center<\/title>\n<meta name=\"description\" content=\"\u00dcBER GENETIK -\" \/>\n<meta name=\"robots\" content=\"index, follow, max-snippet:-1, max-image-preview:large, max-video-preview:-1\" \/>\n<link rel=\"canonical\" href=\"https:\/\/nesiller.com\/de\/ueber-genetik\/\" \/>\n<meta property=\"og:locale\" content=\"de_DE\" \/>\n<meta property=\"og:type\" content=\"article\" \/>\n<meta property=\"og:title\" content=\"\u00dcBER GENETIK\" \/>\n<meta property=\"og:description\" content=\"Das Geheimnis gesunder Generationen verbirgt sich in Gentests Mit Hilfe von Gentests k\u00f6nnen \u00c4rzte feststellen, ob wir eine bestimmte Krankheit in uns\" \/>\n<meta property=\"og:url\" content=\"https:\/\/nesiller.com\/de\/ueber-genetik\/\" \/>\n<meta property=\"og:site_name\" content=\"Nesiller Genetic Center\" \/>\n<meta property=\"article:publisher\" content=\"https:\/\/www.facebook.com\/NesillerGenetik\" \/>\n<meta property=\"article:modified_time\" content=\"2023-06-07T16:42:18+00:00\" \/>\n<meta property=\"og:image\" content=\"https:\/\/nesiller.com\/wp-content\/uploads\/2023\/04\/shutterstock_2092167835.jpg\" \/>\n<meta name=\"twitter:card\" content=\"summary_large_image\" \/>\n<meta name=\"twitter:site\" content=\"@NesillerGenetik\" \/>\n<script type=\"application\/ld+json\" class=\"yoast-schema-graph\">{\"@context\":\"https:\\\/\\\/schema.org\",\"@graph\":[{\"@type\":\"WebPage\",\"@id\":\"https:\\\/\\\/nesiller.com\\\/de\\\/ueber-genetik\\\/\",\"url\":\"https:\\\/\\\/nesiller.com\\\/de\\\/ueber-genetik\\\/\",\"name\":\"\u00dcBER GENETIK - Nesiller Genetic Center\",\"isPartOf\":{\"@id\":\"https:\\\/\\\/nesiller.com\\\/de\\\/#website\"},\"primaryImageOfPage\":{\"@id\":\"https:\\\/\\\/nesiller.com\\\/de\\\/ueber-genetik\\\/#primaryimage\"},\"image\":{\"@id\":\"https:\\\/\\\/nesiller.com\\\/de\\\/ueber-genetik\\\/#primaryimage\"},\"thumbnailUrl\":\"https:\\\/\\\/nesiller.com\\\/wp-content\\\/uploads\\\/2023\\\/04\\\/shutterstock_2092167835.jpg\",\"datePublished\":\"2023-03-31T11:34:37+00:00\",\"dateModified\":\"2023-06-07T16:42:18+00:00\",\"description\":\"\u00dcBER GENETIK -\",\"breadcrumb\":{\"@id\":\"https:\\\/\\\/nesiller.com\\\/de\\\/ueber-genetik\\\/#breadcrumb\"},\"inLanguage\":\"de\",\"potentialAction\":[{\"@type\":\"ReadAction\",\"target\":[\"https:\\\/\\\/nesiller.com\\\/de\\\/ueber-genetik\\\/\"]}]},{\"@type\":\"ImageObject\",\"inLanguage\":\"de\",\"@id\":\"https:\\\/\\\/nesiller.com\\\/de\\\/ueber-genetik\\\/#primaryimage\",\"url\":\"https:\\\/\\\/nesiller.com\\\/wp-content\\\/uploads\\\/2023\\\/04\\\/shutterstock_2092167835.jpg\",\"contentUrl\":\"https:\\\/\\\/nesiller.com\\\/wp-content\\\/uploads\\\/2023\\\/04\\\/shutterstock_2092167835.jpg\"},{\"@type\":\"BreadcrumbList\",\"@id\":\"https:\\\/\\\/nesiller.com\\\/de\\\/ueber-genetik\\\/#breadcrumb\",\"itemListElement\":[{\"@type\":\"ListItem\",\"position\":1,\"name\":\"Home\",\"item\":\"https:\\\/\\\/nesiller.com\\\/de\\\/startseite-2\\\/\"},{\"@type\":\"ListItem\",\"position\":2,\"name\":\"\u00dcBER GENETIK\"}]},{\"@type\":\"WebSite\",\"@id\":\"https:\\\/\\\/nesiller.com\\\/de\\\/#website\",\"url\":\"https:\\\/\\\/nesiller.com\\\/de\\\/\",\"name\":\"Nesiller Genetik\",\"description\":\"Nesiller, the name of genetic expertise in Istanbul\",\"publisher\":{\"@id\":\"https:\\\/\\\/nesiller.com\\\/de\\\/#organization\"},\"potentialAction\":[{\"@type\":\"SearchAction\",\"target\":{\"@type\":\"EntryPoint\",\"urlTemplate\":\"https:\\\/\\\/nesiller.com\\\/de\\\/?s={search_term_string}\"},\"query-input\":{\"@type\":\"PropertyValueSpecification\",\"valueRequired\":true,\"valueName\":\"search_term_string\"}}],\"inLanguage\":\"de\"},{\"@type\":\"Organization\",\"@id\":\"https:\\\/\\\/nesiller.com\\\/de\\\/#organization\",\"name\":\"Nesiller Genetik\",\"url\":\"https:\\\/\\\/nesiller.com\\\/de\\\/\",\"logo\":{\"@type\":\"ImageObject\",\"inLanguage\":\"de\",\"@id\":\"https:\\\/\\\/nesiller.com\\\/de\\\/#\\\/schema\\\/logo\\\/image\\\/\",\"url\":\"https:\\\/\\\/nesiller.com\\\/wp-content\\\/uploads\\\/2023\\\/04\\\/nesiller-logo.jpg\",\"contentUrl\":\"https:\\\/\\\/nesiller.com\\\/wp-content\\\/uploads\\\/2023\\\/04\\\/nesiller-logo.jpg\",\"width\":1000,\"height\":700,\"caption\":\"Nesiller Genetik\"},\"image\":{\"@id\":\"https:\\\/\\\/nesiller.com\\\/de\\\/#\\\/schema\\\/logo\\\/image\\\/\"},\"sameAs\":[\"https:\\\/\\\/www.facebook.com\\\/NesillerGenetik\",\"https:\\\/\\\/x.com\\\/NesillerGenetik\"]}]}<\/script>\n<!-- \/ Yoast SEO Premium plugin. -->","yoast_head_json":{"title":"\u00dcBER GENETIK - Nesiller Genetic Center","description":"\u00dcBER GENETIK -","robots":{"index":"index","follow":"follow","max-snippet":"max-snippet:-1","max-image-preview":"max-image-preview:large","max-video-preview":"max-video-preview:-1"},"canonical":"https:\/\/nesiller.com\/de\/ueber-genetik\/","og_locale":"de_DE","og_type":"article","og_title":"\u00dcBER GENETIK","og_description":"Das Geheimnis gesunder Generationen verbirgt sich in Gentests Mit Hilfe von Gentests k\u00f6nnen \u00c4rzte feststellen, ob wir eine bestimmte Krankheit in uns","og_url":"https:\/\/nesiller.com\/de\/ueber-genetik\/","og_site_name":"Nesiller Genetic Center","article_publisher":"https:\/\/www.facebook.com\/NesillerGenetik","article_modified_time":"2023-06-07T16:42:18+00:00","og_image":[{"url":"https:\/\/nesiller.com\/wp-content\/uploads\/2023\/04\/shutterstock_2092167835.jpg","type":"","width":"","height":""}],"twitter_card":"summary_large_image","twitter_site":"@NesillerGenetik","schema":{"@context":"https:\/\/schema.org","@graph":[{"@type":"WebPage","@id":"https:\/\/nesiller.com\/de\/ueber-genetik\/","url":"https:\/\/nesiller.com\/de\/ueber-genetik\/","name":"\u00dcBER GENETIK - Nesiller Genetic Center","isPartOf":{"@id":"https:\/\/nesiller.com\/de\/#website"},"primaryImageOfPage":{"@id":"https:\/\/nesiller.com\/de\/ueber-genetik\/#primaryimage"},"image":{"@id":"https:\/\/nesiller.com\/de\/ueber-genetik\/#primaryimage"},"thumbnailUrl":"https:\/\/nesiller.com\/wp-content\/uploads\/2023\/04\/shutterstock_2092167835.jpg","datePublished":"2023-03-31T11:34:37+00:00","dateModified":"2023-06-07T16:42:18+00:00","description":"\u00dcBER GENETIK -","breadcrumb":{"@id":"https:\/\/nesiller.com\/de\/ueber-genetik\/#breadcrumb"},"inLanguage":"de","potentialAction":[{"@type":"ReadAction","target":["https:\/\/nesiller.com\/de\/ueber-genetik\/"]}]},{"@type":"ImageObject","inLanguage":"de","@id":"https:\/\/nesiller.com\/de\/ueber-genetik\/#primaryimage","url":"https:\/\/nesiller.com\/wp-content\/uploads\/2023\/04\/shutterstock_2092167835.jpg","contentUrl":"https:\/\/nesiller.com\/wp-content\/uploads\/2023\/04\/shutterstock_2092167835.jpg"},{"@type":"BreadcrumbList","@id":"https:\/\/nesiller.com\/de\/ueber-genetik\/#breadcrumb","itemListElement":[{"@type":"ListItem","position":1,"name":"Home","item":"https:\/\/nesiller.com\/de\/startseite-2\/"},{"@type":"ListItem","position":2,"name":"\u00dcBER GENETIK"}]},{"@type":"WebSite","@id":"https:\/\/nesiller.com\/de\/#website","url":"https:\/\/nesiller.com\/de\/","name":"Nesiller Genetik","description":"Nesiller, the name of genetic expertise in Istanbul","publisher":{"@id":"https:\/\/nesiller.com\/de\/#organization"},"potentialAction":[{"@type":"SearchAction","target":{"@type":"EntryPoint","urlTemplate":"https:\/\/nesiller.com\/de\/?s={search_term_string}"},"query-input":{"@type":"PropertyValueSpecification","valueRequired":true,"valueName":"search_term_string"}}],"inLanguage":"de"},{"@type":"Organization","@id":"https:\/\/nesiller.com\/de\/#organization","name":"Nesiller Genetik","url":"https:\/\/nesiller.com\/de\/","logo":{"@type":"ImageObject","inLanguage":"de","@id":"https:\/\/nesiller.com\/de\/#\/schema\/logo\/image\/","url":"https:\/\/nesiller.com\/wp-content\/uploads\/2023\/04\/nesiller-logo.jpg","contentUrl":"https:\/\/nesiller.com\/wp-content\/uploads\/2023\/04\/nesiller-logo.jpg","width":1000,"height":700,"caption":"Nesiller Genetik"},"image":{"@id":"https:\/\/nesiller.com\/de\/#\/schema\/logo\/image\/"},"sameAs":["https:\/\/www.facebook.com\/NesillerGenetik","https:\/\/x.com\/NesillerGenetik"]}]}},"rttpg_featured_image_url":null,"rttpg_author":{"display_name":"admin","author_link":"https:\/\/nesiller.com\/de\/author\/admin\/"},"rttpg_comment":0,"rttpg_category":" <a href=\"https:\/\/nesiller.com\/?taxonomy=translation_priority&#038;term=optional\" rel=\"tag\">Optional<\/a>","rttpg_excerpt":"Das Geheimnis gesunder Generationen verbirgt sich in Gentests Mit Hilfe von Gentests k\u00f6nnen \u00c4rzte feststellen, ob wir eine bestimmte Krankheit in uns tragen, ob wir f\u00fcr ein bestimmtes Risiko pr\u00e4disponiert sind, was unser ungeborenes oder neugeborenes Kind erwartet oder welche Art von Behandlung wir gegen eine bestehende Krankheit erhalten sollten, und zwar auf der Grundlage&hellip;","_links":{"self":[{"href":"https:\/\/nesiller.com\/de\/wp-json\/wp\/v2\/pages\/28636","targetHints":{"allow":["GET"]}}],"collection":[{"href":"https:\/\/nesiller.com\/de\/wp-json\/wp\/v2\/pages"}],"about":[{"href":"https:\/\/nesiller.com\/de\/wp-json\/wp\/v2\/types\/page"}],"author":[{"embeddable":true,"href":"https:\/\/nesiller.com\/de\/wp-json\/wp\/v2\/users\/1"}],"replies":[{"embeddable":true,"href":"https:\/\/nesiller.com\/de\/wp-json\/wp\/v2\/comments?post=28636"}],"version-history":[{"count":1,"href":"https:\/\/nesiller.com\/de\/wp-json\/wp\/v2\/pages\/28636\/revisions"}],"predecessor-version":[{"id":28646,"href":"https:\/\/nesiller.com\/de\/wp-json\/wp\/v2\/pages\/28636\/revisions\/28646"}],"wp:attachment":[{"href":"https:\/\/nesiller.com\/de\/wp-json\/wp\/v2\/media?parent=28636"}],"curies":[{"name":"wp","href":"https:\/\/api.w.org\/{rel}","templated":true}]}}