{"id":28531,"date":"2023-03-31T14:22:03","date_gmt":"2023-03-31T11:22:03","guid":{"rendered":"https:\/\/nesiller.com\/haeufige-krankheiten\/"},"modified":"2023-05-05T18:33:07","modified_gmt":"2023-05-05T15:33:07","slug":"haeufige-krankheiten","status":"publish","type":"page","link":"https:\/\/nesiller.com\/de\/haeufige-krankheiten\/","title":{"rendered":"H\u00c4UFIGE KRANKHEITEN"},"content":{"rendered":"\t\t<div data-elementor-type=\"wp-page\" data-elementor-id=\"28531\" class=\"elementor elementor-28531 elementor-21254\">\n\t\t\t\t<div class=\"elementor-element elementor-element-df29dd0 e-flex e-con-boxed e-con e-parent\" data-id=\"df29dd0\" data-element_type=\"container\">\n\t\t\t\t\t<div class=\"e-con-inner\">\n\t\t<div class=\"elementor-element elementor-element-8243ef4 e-con-full e-flex e-con e-parent\" data-id=\"8243ef4\" data-element_type=\"container\">\n\t\t\t\t<\/div>\n\t\t<div class=\"elementor-element elementor-element-8a18398 e-con-full e-flex e-con e-parent\" data-id=\"8a18398\" data-element_type=\"container\">\n\t\t\t\t<div class=\"elementor-element elementor-element-1632a2a elementor-widget elementor-widget-image\" data-id=\"1632a2a\" data-element_type=\"widget\" data-widget_type=\"image.default\">\n\t\t\t\t\t\t\t\t\t\t\t\t\t\t\t<img fetchpriority=\"high\" decoding=\"async\" width=\"2000\" height=\"983\" src=\"https:\/\/nesiller.com\/wp-content\/uploads\/2023\/04\/nadir-hastaliklar-bg.jpg\" class=\"attachment-full size-full wp-image-27953\" alt=\"\" srcset=\"https:\/\/nesiller.com\/wp-content\/uploads\/2023\/04\/nadir-hastaliklar-bg.jpg 2000w, https:\/\/nesiller.com\/wp-content\/uploads\/2023\/04\/nadir-hastaliklar-bg-300x147.jpg 300w, https:\/\/nesiller.com\/wp-content\/uploads\/2023\/04\/nadir-hastaliklar-bg-1024x503.jpg 1024w, https:\/\/nesiller.com\/wp-content\/uploads\/2023\/04\/nadir-hastaliklar-bg-768x377.jpg 768w, https:\/\/nesiller.com\/wp-content\/uploads\/2023\/04\/nadir-hastaliklar-bg-1536x755.jpg 1536w\" sizes=\"(max-width: 2000px) 100vw, 2000px\" \/>\t\t\t\t\t\t\t\t\t\t\t\t\t\t\t<\/div>\n\t\t\t\t<div class=\"elementor-element elementor-element-2ae0fa2 elementor-widget elementor-widget-text-editor\" data-id=\"2ae0fa2\" data-element_type=\"widget\" data-widget_type=\"text-editor.default\">\n\t\t\t\t\t\t\t\t\t<p>Zu dieser Gruppe geh\u00f6ren Krankheiten, die Gesundheitsprobleme beim Menschen verursachen, die nicht zu den seltenen Krankheiten im Gesundheitssystem geh\u00f6ren.<\/p>\n<\/p>\n<div class=\"content-inner\" dir=\"auto\">\n<div class=\"text-content clearfix with-meta\" dir=\"auto\">H\u00e4ufige Krankheiten wie Herz-, Nieren- und Lungenerkrankungen, psychische St\u00f6rungen wie Alzheimer, Fettleibigkeit und Diabetes sowie andere chromosomale Erkrankungen geh\u00f6ren zum Fachgebiet unseres genetischen Labors. Die Ermittlung des genetischen Ursprungs von Krankheiten erm\u00f6glicht die Entwicklung wirksamerer Behandlungen und personalisierter Ans\u00e4tze. Es kann einen oder mehrere Faktoren geben, die diese Bedingungen verursachen; Lebensstil, physisches Trauma, Infektion und Genetik sind einige davon.<\/div>\n<div dir=\"auto\"> <\/div>\n<\/p><\/div>\n<p>Umweltfaktoren und Lebensstilentscheidungen k\u00f6nnen zur Entwicklung dieser Krankheiten beitragen, aber auch die Genetik kann das Risiko einer Person beeinflussen, indem sie ihre Anf\u00e4lligkeit f\u00fcr die Krankheit bestimmt. So ist beispielsweise bekannt, dass Mutationen in einigen Genen die individuelle Anf\u00e4lligkeit f\u00fcr verschiedene Krankheiten erh\u00f6hen, und von einigen Mutationen ist sogar bekannt, dass sie direkt krankheitsverursachend sind. Die Erforschung der genetischen Ursachen von Volkskrankheiten erm\u00f6glicht die Entwicklung wirksamerer Behandlungen und personalisierter Therapieans\u00e4tze. Mukoviszidose (CF), Alpha\/Beta-Thalass\u00e4mie, SMA und FMF sind Beispiele f\u00fcr h\u00e4ufige Krankheiten.<\/p>\n\t\t\t\t\t\t\t\t<\/div>\n\t\t\t\t<\/div>\n\t\t\t\t\t<\/div>\n\t\t\t\t<\/div>\n\t\t<div class=\"elementor-element elementor-element-015f0dc e-flex e-con-boxed e-con e-parent\" data-id=\"015f0dc\" data-element_type=\"container\">\n\t\t\t\t\t<div class=\"e-con-inner\">\n\t\t<div class=\"elementor-element elementor-element-20f806e e-con-full e-flex e-con e-parent\" data-id=\"20f806e\" data-element_type=\"container\">\n\t\t\t\t<div class=\"elementor-element elementor-element-c18a91c elementor-widget elementor-widget-image\" data-id=\"c18a91c\" data-element_type=\"widget\" data-widget_type=\"image.default\">\n\t\t\t\t\t\t\t\t\t\t\t\t\t\t\t\t<a href=\"https:\/\/nesiller.com\/de\/genetische-beratung\/\">\n\t\t\t\t\t\t\t<img decoding=\"async\" width=\"280\" height=\"216\" src=\"https:\/\/nesiller.com\/wp-content\/uploads\/2023\/04\/genetik-danismanlik-banner-g.jpg\" class=\"attachment-large size-large wp-image-27857\" alt=\"\" \/>\t\t\t\t\t\t\t\t<\/a>\n\t\t\t\t\t\t\t\t\t\t\t\t\t\t\t<\/div>\n\t\t\t\t<div class=\"elementor-element elementor-element-ba8ddab elementor-widget elementor-widget-image\" data-id=\"ba8ddab\" data-element_type=\"widget\" data-widget_type=\"image.default\">\n\t\t\t\t\t\t\t\t\t\t\t\t\t\t\t\t<a href=\"https:\/\/nesiller.com\/de\/test-liste\/\">\n\t\t\t\t\t\t\t<img decoding=\"async\" width=\"280\" height=\"216\" src=\"https:\/\/nesiller.com\/wp-content\/uploads\/2023\/04\/testlistemiz-banner-g.jpg\" class=\"attachment-large size-large wp-image-27851\" alt=\"\" \/>\t\t\t\t\t\t\t\t<\/a>\n\t\t\t\t\t\t\t\t\t\t\t\t\t\t\t<\/div>\n\t\t\t\t<\/div>\n\t\t<div class=\"elementor-element elementor-element-79624c0 e-con-full e-flex e-con e-parent\" data-id=\"79624c0\" data-element_type=\"container\">\n\t\t\t\t<div class=\"elementor-element elementor-element-a8568fe elementor-widget elementor-widget-video\" data-id=\"a8568fe\" data-element_type=\"widget\" data-settings=\"{&quot;youtube_url&quot;:&quot;https:\\\/\\\/www.youtube.com\\\/watch?v=k2dJ8Ma_oc4&quot;,&quot;video_type&quot;:&quot;youtube&quot;,&quot;controls&quot;:&quot;yes&quot;}\" data-widget_type=\"video.default\">\n\t\t\t\t\t\t\t<div class=\"elementor-wrapper elementor-open-inline\">\n\t\t\t<div class=\"elementor-video\"><\/div>\t\t<\/div>\n\t\t\t\t\t\t<\/div>\n\t\t\t\t<\/div>\n\t\t\t\t\t<\/div>\n\t\t\t\t<\/div>\n\t\t\t\t<\/div>\n\t\t","protected":false},"excerpt":{"rendered":"<p>Zu dieser Gruppe geh\u00f6ren Krankheiten, die Gesundheitsprobleme beim Menschen verursachen, die nicht zu den seltenen Krankheiten im Gesundheitssystem geh\u00f6ren. H\u00e4ufige Krankheiten wie Herz-, Nieren- und Lungenerkrankungen, psychische St\u00f6rungen wie Alzheimer, Fettleibigkeit und Diabetes sowie andere chromosomale Erkrankungen geh\u00f6ren zum Fachgebiet unseres genetischen Labors. Die Ermittlung des genetischen Ursprungs von Krankheiten erm\u00f6glicht die Entwicklung wirksamerer Behandlungen [&hellip;]<\/p>\n","protected":false},"author":1,"featured_media":0,"parent":0,"menu_order":0,"comment_status":"closed","ping_status":"closed","template":"","meta":{"_monsterinsights_skip_tracking":false,"_monsterinsights_sitenote_active":false,"_monsterinsights_sitenote_note":"","_monsterinsights_sitenote_category":0,"footnotes":""},"class_list":["post-28531","page","type-page","status-publish","hentry"],"acf":[],"yoast_head":"<!-- This site is optimized with the Yoast SEO Premium plugin v26.2 (Yoast SEO v27.5) - https:\/\/yoast.com\/product\/yoast-seo-premium-wordpress\/ -->\n<title>H\u00c4UFIGE KRANKHEITEN - Nesiller Genetic Center<\/title>\n<meta name=\"description\" content=\"H\u00c4UFIGE KRANKHEITEN -\" \/>\n<meta name=\"robots\" content=\"index, follow, max-snippet:-1, max-image-preview:large, max-video-preview:-1\" \/>\n<link rel=\"canonical\" href=\"https:\/\/nesiller.com\/de\/haeufige-krankheiten\/\" \/>\n<meta property=\"og:locale\" content=\"de_DE\" \/>\n<meta property=\"og:type\" content=\"article\" \/>\n<meta property=\"og:title\" content=\"H\u00c4UFIGE KRANKHEITEN\" \/>\n<meta property=\"og:description\" content=\"Zu dieser Gruppe geh\u00f6ren Krankheiten, die Gesundheitsprobleme beim Menschen verursachen, die nicht zu den seltenen Krankheiten im Gesundheitssystem\" \/>\n<meta property=\"og:url\" content=\"https:\/\/nesiller.com\/de\/haeufige-krankheiten\/\" \/>\n<meta property=\"og:site_name\" content=\"Nesiller Genetic Center\" \/>\n<meta property=\"article:publisher\" content=\"https:\/\/www.facebook.com\/NesillerGenetik\" \/>\n<meta property=\"article:modified_time\" content=\"2023-05-05T15:33:07+00:00\" \/>\n<meta property=\"og:image\" content=\"https:\/\/nesiller.com\/wp-content\/uploads\/2023\/04\/nadir-hastaliklar-bg.jpg\" \/>\n<meta name=\"twitter:card\" content=\"summary_large_image\" \/>\n<meta name=\"twitter:site\" content=\"@NesillerGenetik\" \/>\n<script type=\"application\/ld+json\" class=\"yoast-schema-graph\">{\"@context\":\"https:\\\/\\\/schema.org\",\"@graph\":[{\"@type\":\"WebPage\",\"@id\":\"https:\\\/\\\/nesiller.com\\\/de\\\/haeufige-krankheiten\\\/\",\"url\":\"https:\\\/\\\/nesiller.com\\\/de\\\/haeufige-krankheiten\\\/\",\"name\":\"H\u00c4UFIGE KRANKHEITEN - Nesiller Genetic Center\",\"isPartOf\":{\"@id\":\"https:\\\/\\\/nesiller.com\\\/de\\\/#website\"},\"primaryImageOfPage\":{\"@id\":\"https:\\\/\\\/nesiller.com\\\/de\\\/haeufige-krankheiten\\\/#primaryimage\"},\"image\":{\"@id\":\"https:\\\/\\\/nesiller.com\\\/de\\\/haeufige-krankheiten\\\/#primaryimage\"},\"thumbnailUrl\":\"https:\\\/\\\/nesiller.com\\\/wp-content\\\/uploads\\\/2023\\\/04\\\/nadir-hastaliklar-bg.jpg\",\"datePublished\":\"2023-03-31T11:22:03+00:00\",\"dateModified\":\"2023-05-05T15:33:07+00:00\",\"description\":\"H\u00c4UFIGE KRANKHEITEN -\",\"breadcrumb\":{\"@id\":\"https:\\\/\\\/nesiller.com\\\/de\\\/haeufige-krankheiten\\\/#breadcrumb\"},\"inLanguage\":\"de\",\"potentialAction\":[{\"@type\":\"ReadAction\",\"target\":[\"https:\\\/\\\/nesiller.com\\\/de\\\/haeufige-krankheiten\\\/\"]}]},{\"@type\":\"ImageObject\",\"inLanguage\":\"de\",\"@id\":\"https:\\\/\\\/nesiller.com\\\/de\\\/haeufige-krankheiten\\\/#primaryimage\",\"url\":\"https:\\\/\\\/nesiller.com\\\/wp-content\\\/uploads\\\/2023\\\/04\\\/nadir-hastaliklar-bg.jpg\",\"contentUrl\":\"https:\\\/\\\/nesiller.com\\\/wp-content\\\/uploads\\\/2023\\\/04\\\/nadir-hastaliklar-bg.jpg\"},{\"@type\":\"BreadcrumbList\",\"@id\":\"https:\\\/\\\/nesiller.com\\\/de\\\/haeufige-krankheiten\\\/#breadcrumb\",\"itemListElement\":[{\"@type\":\"ListItem\",\"position\":1,\"name\":\"Home\",\"item\":\"https:\\\/\\\/nesiller.com\\\/de\\\/startseite-2\\\/\"},{\"@type\":\"ListItem\",\"position\":2,\"name\":\"H\u00c4UFIGE KRANKHEITEN\"}]},{\"@type\":\"WebSite\",\"@id\":\"https:\\\/\\\/nesiller.com\\\/de\\\/#website\",\"url\":\"https:\\\/\\\/nesiller.com\\\/de\\\/\",\"name\":\"Nesiller Genetik\",\"description\":\"Nesiller, the name of genetic expertise in Istanbul\",\"publisher\":{\"@id\":\"https:\\\/\\\/nesiller.com\\\/de\\\/#organization\"},\"potentialAction\":[{\"@type\":\"SearchAction\",\"target\":{\"@type\":\"EntryPoint\",\"urlTemplate\":\"https:\\\/\\\/nesiller.com\\\/de\\\/?s={search_term_string}\"},\"query-input\":{\"@type\":\"PropertyValueSpecification\",\"valueRequired\":true,\"valueName\":\"search_term_string\"}}],\"inLanguage\":\"de\"},{\"@type\":\"Organization\",\"@id\":\"https:\\\/\\\/nesiller.com\\\/de\\\/#organization\",\"name\":\"Nesiller Genetik\",\"url\":\"https:\\\/\\\/nesiller.com\\\/de\\\/\",\"logo\":{\"@type\":\"ImageObject\",\"inLanguage\":\"de\",\"@id\":\"https:\\\/\\\/nesiller.com\\\/de\\\/#\\\/schema\\\/logo\\\/image\\\/\",\"url\":\"https:\\\/\\\/nesiller.com\\\/wp-content\\\/uploads\\\/2023\\\/04\\\/nesiller-logo.jpg\",\"contentUrl\":\"https:\\\/\\\/nesiller.com\\\/wp-content\\\/uploads\\\/2023\\\/04\\\/nesiller-logo.jpg\",\"width\":1000,\"height\":700,\"caption\":\"Nesiller Genetik\"},\"image\":{\"@id\":\"https:\\\/\\\/nesiller.com\\\/de\\\/#\\\/schema\\\/logo\\\/image\\\/\"},\"sameAs\":[\"https:\\\/\\\/www.facebook.com\\\/NesillerGenetik\",\"https:\\\/\\\/x.com\\\/NesillerGenetik\"]}]}<\/script>\n<!-- \/ Yoast SEO Premium plugin. -->","yoast_head_json":{"title":"H\u00c4UFIGE KRANKHEITEN - Nesiller Genetic Center","description":"H\u00c4UFIGE KRANKHEITEN -","robots":{"index":"index","follow":"follow","max-snippet":"max-snippet:-1","max-image-preview":"max-image-preview:large","max-video-preview":"max-video-preview:-1"},"canonical":"https:\/\/nesiller.com\/de\/haeufige-krankheiten\/","og_locale":"de_DE","og_type":"article","og_title":"H\u00c4UFIGE KRANKHEITEN","og_description":"Zu dieser Gruppe geh\u00f6ren Krankheiten, die Gesundheitsprobleme beim Menschen verursachen, die nicht zu den seltenen Krankheiten im Gesundheitssystem","og_url":"https:\/\/nesiller.com\/de\/haeufige-krankheiten\/","og_site_name":"Nesiller Genetic Center","article_publisher":"https:\/\/www.facebook.com\/NesillerGenetik","article_modified_time":"2023-05-05T15:33:07+00:00","og_image":[{"url":"https:\/\/nesiller.com\/wp-content\/uploads\/2023\/04\/nadir-hastaliklar-bg.jpg","type":"","width":"","height":""}],"twitter_card":"summary_large_image","twitter_site":"@NesillerGenetik","schema":{"@context":"https:\/\/schema.org","@graph":[{"@type":"WebPage","@id":"https:\/\/nesiller.com\/de\/haeufige-krankheiten\/","url":"https:\/\/nesiller.com\/de\/haeufige-krankheiten\/","name":"H\u00c4UFIGE KRANKHEITEN - Nesiller Genetic Center","isPartOf":{"@id":"https:\/\/nesiller.com\/de\/#website"},"primaryImageOfPage":{"@id":"https:\/\/nesiller.com\/de\/haeufige-krankheiten\/#primaryimage"},"image":{"@id":"https:\/\/nesiller.com\/de\/haeufige-krankheiten\/#primaryimage"},"thumbnailUrl":"https:\/\/nesiller.com\/wp-content\/uploads\/2023\/04\/nadir-hastaliklar-bg.jpg","datePublished":"2023-03-31T11:22:03+00:00","dateModified":"2023-05-05T15:33:07+00:00","description":"H\u00c4UFIGE KRANKHEITEN -","breadcrumb":{"@id":"https:\/\/nesiller.com\/de\/haeufige-krankheiten\/#breadcrumb"},"inLanguage":"de","potentialAction":[{"@type":"ReadAction","target":["https:\/\/nesiller.com\/de\/haeufige-krankheiten\/"]}]},{"@type":"ImageObject","inLanguage":"de","@id":"https:\/\/nesiller.com\/de\/haeufige-krankheiten\/#primaryimage","url":"https:\/\/nesiller.com\/wp-content\/uploads\/2023\/04\/nadir-hastaliklar-bg.jpg","contentUrl":"https:\/\/nesiller.com\/wp-content\/uploads\/2023\/04\/nadir-hastaliklar-bg.jpg"},{"@type":"BreadcrumbList","@id":"https:\/\/nesiller.com\/de\/haeufige-krankheiten\/#breadcrumb","itemListElement":[{"@type":"ListItem","position":1,"name":"Home","item":"https:\/\/nesiller.com\/de\/startseite-2\/"},{"@type":"ListItem","position":2,"name":"H\u00c4UFIGE KRANKHEITEN"}]},{"@type":"WebSite","@id":"https:\/\/nesiller.com\/de\/#website","url":"https:\/\/nesiller.com\/de\/","name":"Nesiller Genetik","description":"Nesiller, the name of genetic expertise in Istanbul","publisher":{"@id":"https:\/\/nesiller.com\/de\/#organization"},"potentialAction":[{"@type":"SearchAction","target":{"@type":"EntryPoint","urlTemplate":"https:\/\/nesiller.com\/de\/?s={search_term_string}"},"query-input":{"@type":"PropertyValueSpecification","valueRequired":true,"valueName":"search_term_string"}}],"inLanguage":"de"},{"@type":"Organization","@id":"https:\/\/nesiller.com\/de\/#organization","name":"Nesiller Genetik","url":"https:\/\/nesiller.com\/de\/","logo":{"@type":"ImageObject","inLanguage":"de","@id":"https:\/\/nesiller.com\/de\/#\/schema\/logo\/image\/","url":"https:\/\/nesiller.com\/wp-content\/uploads\/2023\/04\/nesiller-logo.jpg","contentUrl":"https:\/\/nesiller.com\/wp-content\/uploads\/2023\/04\/nesiller-logo.jpg","width":1000,"height":700,"caption":"Nesiller Genetik"},"image":{"@id":"https:\/\/nesiller.com\/de\/#\/schema\/logo\/image\/"},"sameAs":["https:\/\/www.facebook.com\/NesillerGenetik","https:\/\/x.com\/NesillerGenetik"]}]}},"rttpg_featured_image_url":null,"rttpg_author":{"display_name":"admin","author_link":"https:\/\/nesiller.com\/de\/author\/admin\/"},"rttpg_comment":0,"rttpg_category":false,"rttpg_excerpt":"Zu dieser Gruppe geh\u00f6ren Krankheiten, die Gesundheitsprobleme beim Menschen verursachen, die nicht zu den seltenen Krankheiten im Gesundheitssystem geh\u00f6ren. H\u00e4ufige Krankheiten wie Herz-, Nieren- und Lungenerkrankungen, psychische St\u00f6rungen wie Alzheimer, Fettleibigkeit und Diabetes sowie andere chromosomale Erkrankungen geh\u00f6ren zum Fachgebiet unseres genetischen Labors. Die Ermittlung des genetischen Ursprungs von Krankheiten erm\u00f6glicht die Entwicklung wirksamerer Behandlungen&hellip;","_links":{"self":[{"href":"https:\/\/nesiller.com\/de\/wp-json\/wp\/v2\/pages\/28531","targetHints":{"allow":["GET"]}}],"collection":[{"href":"https:\/\/nesiller.com\/de\/wp-json\/wp\/v2\/pages"}],"about":[{"href":"https:\/\/nesiller.com\/de\/wp-json\/wp\/v2\/types\/page"}],"author":[{"embeddable":true,"href":"https:\/\/nesiller.com\/de\/wp-json\/wp\/v2\/users\/1"}],"replies":[{"embeddable":true,"href":"https:\/\/nesiller.com\/de\/wp-json\/wp\/v2\/comments?post=28531"}],"version-history":[{"count":3,"href":"https:\/\/nesiller.com\/de\/wp-json\/wp\/v2\/pages\/28531\/revisions"}],"predecessor-version":[{"id":29367,"href":"https:\/\/nesiller.com\/de\/wp-json\/wp\/v2\/pages\/28531\/revisions\/29367"}],"wp:attachment":[{"href":"https:\/\/nesiller.com\/de\/wp-json\/wp\/v2\/media?parent=28531"}],"curies":[{"name":"wp","href":"https:\/\/api.w.org\/{rel}","templated":true}]}}