{"id":28528,"date":"2023-03-31T14:21:46","date_gmt":"2023-03-31T11:21:46","guid":{"rendered":"https:\/\/nesiller.com\/seltene-krankheiten\/"},"modified":"2023-05-05T18:33:30","modified_gmt":"2023-05-05T15:33:30","slug":"seltene-krankheiten","status":"publish","type":"page","link":"https:\/\/nesiller.com\/de\/seltene-krankheiten\/","title":{"rendered":"SELTENE KRANKHEITEN"},"content":{"rendered":"\t\t<div data-elementor-type=\"wp-page\" data-elementor-id=\"28528\" class=\"elementor elementor-28528 elementor-21252\">\n\t\t\t\t<div class=\"elementor-element elementor-element-a589b65 e-flex e-con-boxed e-con e-parent\" data-id=\"a589b65\" data-element_type=\"container\">\n\t\t\t\t\t<div class=\"e-con-inner\">\n\t\t<div class=\"elementor-element elementor-element-d05f7b8 e-con-full e-flex e-con e-parent\" data-id=\"d05f7b8\" data-element_type=\"container\">\n\t\t\t\t<\/div>\n\t\t<div class=\"elementor-element elementor-element-853047a e-con-full e-flex e-con e-parent\" data-id=\"853047a\" data-element_type=\"container\">\n\t\t\t\t<div class=\"elementor-element elementor-element-1e1a7c3 elementor-widget elementor-widget-image\" data-id=\"1e1a7c3\" data-element_type=\"widget\" data-widget_type=\"image.default\">\n\t\t\t\t\t\t\t\t\t\t\t\t\t\t\t<img fetchpriority=\"high\" decoding=\"async\" width=\"2000\" height=\"983\" src=\"https:\/\/nesiller.com\/wp-content\/uploads\/2023\/04\/nadir-hastaliklar-bg-2.jpg\" class=\"attachment-full size-full wp-image-28175\" alt=\"\" srcset=\"https:\/\/nesiller.com\/wp-content\/uploads\/2023\/04\/nadir-hastaliklar-bg-2.jpg 2000w, https:\/\/nesiller.com\/wp-content\/uploads\/2023\/04\/nadir-hastaliklar-bg-2-300x147.jpg 300w, https:\/\/nesiller.com\/wp-content\/uploads\/2023\/04\/nadir-hastaliklar-bg-2-1024x503.jpg 1024w, https:\/\/nesiller.com\/wp-content\/uploads\/2023\/04\/nadir-hastaliklar-bg-2-768x377.jpg 768w, https:\/\/nesiller.com\/wp-content\/uploads\/2023\/04\/nadir-hastaliklar-bg-2-1536x755.jpg 1536w\" sizes=\"(max-width: 2000px) 100vw, 2000px\" \/>\t\t\t\t\t\t\t\t\t\t\t\t\t\t\t<\/div>\n\t\t\t\t<div class=\"elementor-element elementor-element-f8956e2 elementor-widget elementor-widget-text-editor\" data-id=\"f8956e2\" data-element_type=\"widget\" data-widget_type=\"text-editor.default\">\n\t\t\t\t\t\t\t\t\t<p>Krankheiten, die bei einem von zweitausend Menschen oder weniger in einer Bev\u00f6lkerung auftreten, werden als seltene Krankheiten bezeichnet, und heute gibt es mehr als 7000 Arten. Die Genetik spielt eine entscheidende Rolle bei der Diagnose fast aller seltenen Krankheiten, aber auch beim Verst\u00e4ndnis der zugrunde liegenden Mechanismen und bei der Entwicklung wirksamer Behandlungen.<\/p>\n<\/p>\n<p>Viele seltene Krankheiten werden durch Mutationen in unseren Genen hervorgerufen und verursachen ein breites Spektrum an Symptomen und Gesundheitsproblemen. In einigen F\u00e4llen k\u00f6nnen seltene Krankheiten an die n\u00e4chste Generation weitergegeben werden, aber es ist auch m\u00f6glich, dass eine Person eine seltene Krankheit entwickelt, die in ihrem Familienstammbaum nicht vorkommt. Duchenne\/Becker Muskeldystrophie (DMD\/BMD) und Neuromyelitis Optica (NMO) sind Beispiele f\u00fcr seltene Krankheiten.<\/p>\n<\/p>\n<p>Genetische Tests erleichtern die Diagnose, die Nachsorge und die Behandlung der Krankheit; Fragen wie der Erbstatus, die M\u00f6glichkeit von Symptomen, die bisher noch nicht aufgetreten sind, und die Frage, was der Betroffene tun kann, um seine Lebensqualit\u00e4t zu erhalten, werden weitgehend beantwortet und Unklarheiten beseitigt.<\/p>\n\t\t\t\t\t\t\t\t<\/div>\n\t\t\t\t<\/div>\n\t\t\t\t\t<\/div>\n\t\t\t\t<\/div>\n\t\t<div class=\"elementor-element elementor-element-65b1a78 e-flex e-con-boxed e-con e-parent\" data-id=\"65b1a78\" data-element_type=\"container\">\n\t\t\t\t\t<div class=\"e-con-inner\">\n\t\t<div class=\"elementor-element elementor-element-03525bb e-con-full e-flex e-con e-parent\" data-id=\"03525bb\" data-element_type=\"container\">\n\t\t\t\t<div class=\"elementor-element elementor-element-a110678 elementor-widget elementor-widget-image\" data-id=\"a110678\" data-element_type=\"widget\" data-widget_type=\"image.default\">\n\t\t\t\t\t\t\t\t\t\t\t\t\t\t\t\t<a href=\"https:\/\/nesiller.com\/de\/genetische-beratung\/\">\n\t\t\t\t\t\t\t<img decoding=\"async\" width=\"280\" height=\"216\" src=\"https:\/\/nesiller.com\/wp-content\/uploads\/2023\/04\/genetik-danismanlik-banner-g.jpg\" class=\"attachment-large size-large wp-image-27857\" alt=\"\" \/>\t\t\t\t\t\t\t\t<\/a>\n\t\t\t\t\t\t\t\t\t\t\t\t\t\t\t<\/div>\n\t\t\t\t<div class=\"elementor-element elementor-element-8a99d65 elementor-widget elementor-widget-image\" data-id=\"8a99d65\" data-element_type=\"widget\" data-widget_type=\"image.default\">\n\t\t\t\t\t\t\t\t\t\t\t\t\t\t\t\t<a href=\"https:\/\/nesiller.com\/de\/test-liste\/\">\n\t\t\t\t\t\t\t<img decoding=\"async\" width=\"280\" height=\"216\" src=\"https:\/\/nesiller.com\/wp-content\/uploads\/2023\/04\/testlistemiz-banner-g.jpg\" class=\"attachment-large size-large wp-image-27851\" alt=\"\" \/>\t\t\t\t\t\t\t\t<\/a>\n\t\t\t\t\t\t\t\t\t\t\t\t\t\t\t<\/div>\n\t\t\t\t<\/div>\n\t\t<div class=\"elementor-element elementor-element-8627435 e-con-full e-flex e-con e-parent\" data-id=\"8627435\" data-element_type=\"container\">\n\t\t\t\t<\/div>\n\t\t\t\t\t<\/div>\n\t\t\t\t<\/div>\n\t\t\t\t<\/div>\n\t\t","protected":false},"excerpt":{"rendered":"<p>Krankheiten, die bei einem von zweitausend Menschen oder weniger in einer Bev\u00f6lkerung auftreten, werden als seltene Krankheiten bezeichnet, und heute gibt es mehr als 7000 Arten. Die Genetik spielt eine entscheidende Rolle bei der Diagnose fast aller seltenen Krankheiten, aber auch beim Verst\u00e4ndnis der zugrunde liegenden Mechanismen und bei der Entwicklung wirksamer Behandlungen. Viele seltene [&hellip;]<\/p>\n","protected":false},"author":1,"featured_media":0,"parent":0,"menu_order":0,"comment_status":"closed","ping_status":"closed","template":"","meta":{"_monsterinsights_skip_tracking":false,"_monsterinsights_sitenote_active":false,"_monsterinsights_sitenote_note":"","_monsterinsights_sitenote_category":0,"footnotes":""},"class_list":["post-28528","page","type-page","status-publish","hentry"],"acf":[],"yoast_head":"<!-- This site is optimized with the Yoast SEO Premium plugin v26.2 (Yoast SEO v27.3) - https:\/\/yoast.com\/product\/yoast-seo-premium-wordpress\/ -->\n<title>SELTENE KRANKHEITEN - Nesiller Genetic Center<\/title>\n<meta name=\"description\" content=\"SELTENE KRANKHEITEN -\" \/>\n<meta name=\"robots\" content=\"index, follow, max-snippet:-1, max-image-preview:large, max-video-preview:-1\" \/>\n<link rel=\"canonical\" href=\"https:\/\/nesiller.com\/de\/seltene-krankheiten\/\" \/>\n<meta property=\"og:locale\" content=\"de_DE\" \/>\n<meta property=\"og:type\" content=\"article\" \/>\n<meta property=\"og:title\" content=\"SELTENE KRANKHEITEN\" \/>\n<meta property=\"og:description\" content=\"Krankheiten, die bei einem von zweitausend Menschen oder weniger in einer Bev\u00f6lkerung auftreten, werden als seltene Krankheiten bezeichnet, und heute gibt\" \/>\n<meta property=\"og:url\" content=\"https:\/\/nesiller.com\/de\/seltene-krankheiten\/\" \/>\n<meta property=\"og:site_name\" content=\"Nesiller Genetic Center\" \/>\n<meta property=\"article:publisher\" content=\"https:\/\/www.facebook.com\/NesillerGenetik\" \/>\n<meta property=\"article:modified_time\" content=\"2023-05-05T15:33:30+00:00\" \/>\n<meta property=\"og:image\" content=\"https:\/\/nesiller.com\/wp-content\/uploads\/2023\/04\/nadir-hastaliklar-bg-2.jpg\" \/>\n<meta name=\"twitter:card\" content=\"summary_large_image\" \/>\n<meta name=\"twitter:site\" content=\"@NesillerGenetik\" \/>\n<script type=\"application\/ld+json\" class=\"yoast-schema-graph\">{\"@context\":\"https:\\\/\\\/schema.org\",\"@graph\":[{\"@type\":\"WebPage\",\"@id\":\"https:\\\/\\\/nesiller.com\\\/de\\\/seltene-krankheiten\\\/\",\"url\":\"https:\\\/\\\/nesiller.com\\\/de\\\/seltene-krankheiten\\\/\",\"name\":\"SELTENE KRANKHEITEN - Nesiller Genetic Center\",\"isPartOf\":{\"@id\":\"https:\\\/\\\/nesiller.com\\\/de\\\/#website\"},\"primaryImageOfPage\":{\"@id\":\"https:\\\/\\\/nesiller.com\\\/de\\\/seltene-krankheiten\\\/#primaryimage\"},\"image\":{\"@id\":\"https:\\\/\\\/nesiller.com\\\/de\\\/seltene-krankheiten\\\/#primaryimage\"},\"thumbnailUrl\":\"https:\\\/\\\/nesiller.com\\\/wp-content\\\/uploads\\\/2023\\\/04\\\/nadir-hastaliklar-bg-2.jpg\",\"datePublished\":\"2023-03-31T11:21:46+00:00\",\"dateModified\":\"2023-05-05T15:33:30+00:00\",\"description\":\"SELTENE KRANKHEITEN -\",\"breadcrumb\":{\"@id\":\"https:\\\/\\\/nesiller.com\\\/de\\\/seltene-krankheiten\\\/#breadcrumb\"},\"inLanguage\":\"de\",\"potentialAction\":[{\"@type\":\"ReadAction\",\"target\":[\"https:\\\/\\\/nesiller.com\\\/de\\\/seltene-krankheiten\\\/\"]}]},{\"@type\":\"ImageObject\",\"inLanguage\":\"de\",\"@id\":\"https:\\\/\\\/nesiller.com\\\/de\\\/seltene-krankheiten\\\/#primaryimage\",\"url\":\"https:\\\/\\\/nesiller.com\\\/wp-content\\\/uploads\\\/2023\\\/04\\\/nadir-hastaliklar-bg-2.jpg\",\"contentUrl\":\"https:\\\/\\\/nesiller.com\\\/wp-content\\\/uploads\\\/2023\\\/04\\\/nadir-hastaliklar-bg-2.jpg\"},{\"@type\":\"BreadcrumbList\",\"@id\":\"https:\\\/\\\/nesiller.com\\\/de\\\/seltene-krankheiten\\\/#breadcrumb\",\"itemListElement\":[{\"@type\":\"ListItem\",\"position\":1,\"name\":\"Home\",\"item\":\"https:\\\/\\\/nesiller.com\\\/de\\\/startseite-2\\\/\"},{\"@type\":\"ListItem\",\"position\":2,\"name\":\"SELTENE KRANKHEITEN\"}]},{\"@type\":\"WebSite\",\"@id\":\"https:\\\/\\\/nesiller.com\\\/de\\\/#website\",\"url\":\"https:\\\/\\\/nesiller.com\\\/de\\\/\",\"name\":\"Nesiller Genetik\",\"description\":\"Nesiller, the name of genetic expertise in Istanbul\",\"publisher\":{\"@id\":\"https:\\\/\\\/nesiller.com\\\/de\\\/#organization\"},\"potentialAction\":[{\"@type\":\"SearchAction\",\"target\":{\"@type\":\"EntryPoint\",\"urlTemplate\":\"https:\\\/\\\/nesiller.com\\\/de\\\/?s={search_term_string}\"},\"query-input\":{\"@type\":\"PropertyValueSpecification\",\"valueRequired\":true,\"valueName\":\"search_term_string\"}}],\"inLanguage\":\"de\"},{\"@type\":\"Organization\",\"@id\":\"https:\\\/\\\/nesiller.com\\\/de\\\/#organization\",\"name\":\"Nesiller Genetik\",\"url\":\"https:\\\/\\\/nesiller.com\\\/de\\\/\",\"logo\":{\"@type\":\"ImageObject\",\"inLanguage\":\"de\",\"@id\":\"https:\\\/\\\/nesiller.com\\\/de\\\/#\\\/schema\\\/logo\\\/image\\\/\",\"url\":\"https:\\\/\\\/nesiller.com\\\/wp-content\\\/uploads\\\/2023\\\/04\\\/nesiller-logo.jpg\",\"contentUrl\":\"https:\\\/\\\/nesiller.com\\\/wp-content\\\/uploads\\\/2023\\\/04\\\/nesiller-logo.jpg\",\"width\":1000,\"height\":700,\"caption\":\"Nesiller Genetik\"},\"image\":{\"@id\":\"https:\\\/\\\/nesiller.com\\\/de\\\/#\\\/schema\\\/logo\\\/image\\\/\"},\"sameAs\":[\"https:\\\/\\\/www.facebook.com\\\/NesillerGenetik\",\"https:\\\/\\\/x.com\\\/NesillerGenetik\"]}]}<\/script>\n<!-- \/ Yoast SEO Premium plugin. -->","yoast_head_json":{"title":"SELTENE KRANKHEITEN - Nesiller Genetic Center","description":"SELTENE KRANKHEITEN -","robots":{"index":"index","follow":"follow","max-snippet":"max-snippet:-1","max-image-preview":"max-image-preview:large","max-video-preview":"max-video-preview:-1"},"canonical":"https:\/\/nesiller.com\/de\/seltene-krankheiten\/","og_locale":"de_DE","og_type":"article","og_title":"SELTENE KRANKHEITEN","og_description":"Krankheiten, die bei einem von zweitausend Menschen oder weniger in einer Bev\u00f6lkerung auftreten, werden als seltene Krankheiten bezeichnet, und heute gibt","og_url":"https:\/\/nesiller.com\/de\/seltene-krankheiten\/","og_site_name":"Nesiller Genetic Center","article_publisher":"https:\/\/www.facebook.com\/NesillerGenetik","article_modified_time":"2023-05-05T15:33:30+00:00","og_image":[{"url":"https:\/\/nesiller.com\/wp-content\/uploads\/2023\/04\/nadir-hastaliklar-bg-2.jpg","type":"","width":"","height":""}],"twitter_card":"summary_large_image","twitter_site":"@NesillerGenetik","schema":{"@context":"https:\/\/schema.org","@graph":[{"@type":"WebPage","@id":"https:\/\/nesiller.com\/de\/seltene-krankheiten\/","url":"https:\/\/nesiller.com\/de\/seltene-krankheiten\/","name":"SELTENE KRANKHEITEN - Nesiller Genetic Center","isPartOf":{"@id":"https:\/\/nesiller.com\/de\/#website"},"primaryImageOfPage":{"@id":"https:\/\/nesiller.com\/de\/seltene-krankheiten\/#primaryimage"},"image":{"@id":"https:\/\/nesiller.com\/de\/seltene-krankheiten\/#primaryimage"},"thumbnailUrl":"https:\/\/nesiller.com\/wp-content\/uploads\/2023\/04\/nadir-hastaliklar-bg-2.jpg","datePublished":"2023-03-31T11:21:46+00:00","dateModified":"2023-05-05T15:33:30+00:00","description":"SELTENE KRANKHEITEN -","breadcrumb":{"@id":"https:\/\/nesiller.com\/de\/seltene-krankheiten\/#breadcrumb"},"inLanguage":"de","potentialAction":[{"@type":"ReadAction","target":["https:\/\/nesiller.com\/de\/seltene-krankheiten\/"]}]},{"@type":"ImageObject","inLanguage":"de","@id":"https:\/\/nesiller.com\/de\/seltene-krankheiten\/#primaryimage","url":"https:\/\/nesiller.com\/wp-content\/uploads\/2023\/04\/nadir-hastaliklar-bg-2.jpg","contentUrl":"https:\/\/nesiller.com\/wp-content\/uploads\/2023\/04\/nadir-hastaliklar-bg-2.jpg"},{"@type":"BreadcrumbList","@id":"https:\/\/nesiller.com\/de\/seltene-krankheiten\/#breadcrumb","itemListElement":[{"@type":"ListItem","position":1,"name":"Home","item":"https:\/\/nesiller.com\/de\/startseite-2\/"},{"@type":"ListItem","position":2,"name":"SELTENE KRANKHEITEN"}]},{"@type":"WebSite","@id":"https:\/\/nesiller.com\/de\/#website","url":"https:\/\/nesiller.com\/de\/","name":"Nesiller Genetik","description":"Nesiller, the name of genetic expertise in Istanbul","publisher":{"@id":"https:\/\/nesiller.com\/de\/#organization"},"potentialAction":[{"@type":"SearchAction","target":{"@type":"EntryPoint","urlTemplate":"https:\/\/nesiller.com\/de\/?s={search_term_string}"},"query-input":{"@type":"PropertyValueSpecification","valueRequired":true,"valueName":"search_term_string"}}],"inLanguage":"de"},{"@type":"Organization","@id":"https:\/\/nesiller.com\/de\/#organization","name":"Nesiller Genetik","url":"https:\/\/nesiller.com\/de\/","logo":{"@type":"ImageObject","inLanguage":"de","@id":"https:\/\/nesiller.com\/de\/#\/schema\/logo\/image\/","url":"https:\/\/nesiller.com\/wp-content\/uploads\/2023\/04\/nesiller-logo.jpg","contentUrl":"https:\/\/nesiller.com\/wp-content\/uploads\/2023\/04\/nesiller-logo.jpg","width":1000,"height":700,"caption":"Nesiller Genetik"},"image":{"@id":"https:\/\/nesiller.com\/de\/#\/schema\/logo\/image\/"},"sameAs":["https:\/\/www.facebook.com\/NesillerGenetik","https:\/\/x.com\/NesillerGenetik"]}]}},"rttpg_featured_image_url":null,"rttpg_author":{"display_name":"admin","author_link":"https:\/\/nesiller.com\/de\/author\/admin\/"},"rttpg_comment":0,"rttpg_category":" <a href=\"https:\/\/nesiller.com\/de\/?taxonomy=translation_priority&#038;term=optional-de\" rel=\"tag\">Optional<\/a>","rttpg_excerpt":"Krankheiten, die bei einem von zweitausend Menschen oder weniger in einer Bev\u00f6lkerung auftreten, werden als seltene Krankheiten bezeichnet, und heute gibt es mehr als 7000 Arten. Die Genetik spielt eine entscheidende Rolle bei der Diagnose fast aller seltenen Krankheiten, aber auch beim Verst\u00e4ndnis der zugrunde liegenden Mechanismen und bei der Entwicklung wirksamer Behandlungen. Viele seltene&hellip;","_links":{"self":[{"href":"https:\/\/nesiller.com\/de\/wp-json\/wp\/v2\/pages\/28528","targetHints":{"allow":["GET"]}}],"collection":[{"href":"https:\/\/nesiller.com\/de\/wp-json\/wp\/v2\/pages"}],"about":[{"href":"https:\/\/nesiller.com\/de\/wp-json\/wp\/v2\/types\/page"}],"author":[{"embeddable":true,"href":"https:\/\/nesiller.com\/de\/wp-json\/wp\/v2\/users\/1"}],"replies":[{"embeddable":true,"href":"https:\/\/nesiller.com\/de\/wp-json\/wp\/v2\/comments?post=28528"}],"version-history":[{"count":8,"href":"https:\/\/nesiller.com\/de\/wp-json\/wp\/v2\/pages\/28528\/revisions"}],"predecessor-version":[{"id":29389,"href":"https:\/\/nesiller.com\/de\/wp-json\/wp\/v2\/pages\/28528\/revisions\/29389"}],"wp:attachment":[{"href":"https:\/\/nesiller.com\/de\/wp-json\/wp\/v2\/media?parent=28528"}],"curies":[{"name":"wp","href":"https:\/\/api.w.org\/{rel}","templated":true}]}}