{"id":28526,"date":"2023-03-28T01:06:58","date_gmt":"2023-03-27T22:06:58","guid":{"rendered":"https:\/\/nesiller.com\/mitmachen\/"},"modified":"2023-05-05T18:33:29","modified_gmt":"2023-05-05T15:33:29","slug":"mitmachen","status":"publish","type":"page","link":"https:\/\/nesiller.com\/de\/mitmachen\/","title":{"rendered":"MITMACHEN"},"content":{"rendered":"\t\t<div data-elementor-type=\"wp-page\" data-elementor-id=\"28526\" class=\"elementor elementor-28526 elementor-20976\">\n\t\t\t\t\t\t<section class=\"elementor-section elementor-top-section elementor-element elementor-element-d27f357 elementor-section-boxed elementor-section-height-default elementor-section-height-default\" data-id=\"d27f357\" data-element_type=\"section\">\n\t\t\t\t\t\t<div class=\"elementor-container elementor-column-gap-default\">\n\t\t\t\t\t<div class=\"elementor-column elementor-col-100 elementor-top-column elementor-element elementor-element-033a0e2\" data-id=\"033a0e2\" data-element_type=\"column\">\n\t\t\t<div class=\"elementor-widget-wrap elementor-element-populated\">\n\t\t\t\t\t\t<section class=\"elementor-section elementor-inner-section elementor-element elementor-element-e02f9c8 elementor-section-boxed elementor-section-height-default elementor-section-height-default\" data-id=\"e02f9c8\" data-element_type=\"section\">\n\t\t\t\t\t\t<div class=\"elementor-container elementor-column-gap-default\">\n\t\t\t\t\t<div class=\"elementor-column elementor-col-50 elementor-inner-column elementor-element elementor-element-f4bbb89\" data-id=\"f4bbb89\" data-element_type=\"column\">\n\t\t\t<div class=\"elementor-widget-wrap elementor-element-populated\">\n\t\t\t\t\t\t<div class=\"elementor-element elementor-element-2e8c2b1 elementor-widget elementor-widget-text-editor\" data-id=\"2e8c2b1\" data-element_type=\"widget\" data-widget_type=\"text-editor.default\">\n\t\t\t\t\t\t\t\t\t<p class=\"font_8\">Nesiller hat sich zum Ziel gesetzt, mit seinem menschenorientierten Arbeitsprinzip ein erfahrenes und dauerhaftes Personal auszubilden.<\/p>\n<\/p>\n<p class=\"font_8\">Da der Bereich, in dem wir t\u00e4tig sind, in hohem Ma\u00dfe von der Arbeitskraft und den F\u00e4higkeiten des Einzelnen abh\u00e4ngt, \u00fcberpr\u00fcfen wir regelm\u00e4\u00dfig und sorgf\u00e4ltig unsere Arbeitsbedingungen, damit unsere Mitarbeiter ihre Leistung besser reflektieren k\u00f6nnen, und wir legen Wert auf eine wechselseitige interne Kommunikation.<\/p>\n<\/p>\n<p class=\"font_8\">Wir betrachten Einstellungsverfahren nicht nur als Einstellung eines Mitarbeiters, sondern auch als Gewinnung von Talenten. Dabei ber\u00fccksichtigen wir Kriterien wie Anpassung an die Unternehmenskultur und menschliche Beziehungen sowie Kenntnisse und F\u00e4higkeiten.<\/p>\n<hr>\n<h4>\n            <b>Wen suchen wir?<\/b><br \/>\n          <\/h4>\n<p class=\"font_8\">Vom Molekularbiologen bis zum Laboranten, vom Verwaltungspersonal bis zum Vertriebsteam &#8211; wir sind bestrebt, in jeder Abteilung Talente zu finden, die einen Mehrwert f\u00fcr unser Unternehmen schaffen k\u00f6nnen.<\/p>\n<p class=\"font_8\">Senden Sie Ihren Lebenslauf f\u00fcr Bewerbungen <strong><a href=\"mailto:info@nesiller.com\" target=\"_self\">info@nesiller.com<\/a> <\/strong>Sie k\u00f6nnen ihn senden an<\/p>\n<hr>\n<h4>\n            <b>Offene Stellen<\/b><br \/>\n          <\/h4>\n<p>F\u00fcr unsere offenen Stellenausschreibungen auf LinkedIn<strong> <a href=\"https:\/\/www.linkedin.com\/company\/nesiller-genetik-tan%C4%B1-merkezi\/jobs\/?viewAsMember=true\" target=\"_blank\" rel=\"noreferrer noopener\">Klicken Sie hier<\/a><\/strong>.<\/p>\n<hr>\n<h4>\n            <b>M\u00f6glichkeiten f\u00fcr Praktika<\/b><br \/>\n          <\/h4>\n<p class=\"font_8\">W\u00e4hrend wir Universit\u00e4tsstudenten bei der Vorbereitung auf das Gesch\u00e4ftsleben mit Praktikumsm\u00f6glichkeiten und der Vision, einen Horizont zu gewinnen, helfen, bewerten wir diese Zeit auch, um unsere Praktikanten in Zukunft in die Werte unseres Unternehmens einzubinden.<\/p>\n<p class=\"font_8\">Senden Sie Ihren Lebenslauf f\u00fcr Praktikumsbewerbungen<strong> <a href=\"mailto:info@nesiller.com\" target=\"_self\">info@nesiller.com<\/a><\/strong> Sie k\u00f6nnen ihn senden an<\/p>\n\t\t\t\t\t\t\t\t<\/div>\n\t\t\t\t\t<\/div>\n\t\t<\/div>\n\t\t\t\t<div class=\"elementor-column elementor-col-50 elementor-inner-column elementor-element elementor-element-9a8b7b3\" data-id=\"9a8b7b3\" data-element_type=\"column\">\n\t\t\t<div class=\"elementor-widget-wrap elementor-element-populated\">\n\t\t\t\t\t\t<div class=\"elementor-element elementor-element-1b68a8d elementor-widget elementor-widget-image\" data-id=\"1b68a8d\" data-element_type=\"widget\" data-widget_type=\"image.default\">\n\t\t\t\t\t\t\t\t\t\t\t\t\t\t\t<img fetchpriority=\"high\" decoding=\"async\" width=\"587\" height=\"980\" src=\"https:\/\/nesiller.com\/wp-content\/uploads\/2023\/03\/join-us-g6hojk34es.jpg\" class=\"attachment-large size-large wp-image-27311\" alt=\"\" srcset=\"https:\/\/nesiller.com\/wp-content\/uploads\/2023\/03\/join-us-g6hojk34es.jpg 587w, https:\/\/nesiller.com\/wp-content\/uploads\/2023\/03\/join-us-g6hojk34es-180x300.jpg 180w\" sizes=\"(max-width: 587px) 100vw, 587px\" \/>\t\t\t\t\t\t\t\t\t\t\t\t\t\t\t<\/div>\n\t\t\t\t\t<\/div>\n\t\t<\/div>\n\t\t\t\t\t<\/div>\n\t\t<\/section>\n\t\t\t\t\t<\/div>\n\t\t<\/div>\n\t\t\t\t\t<\/div>\n\t\t<\/section>\n\t\t\t\t<\/div>\n\t\t","protected":false},"excerpt":{"rendered":"<p>Nesiller hat sich zum Ziel gesetzt, mit seinem menschenorientierten Arbeitsprinzip ein erfahrenes und dauerhaftes Personal auszubilden. Da der Bereich, in dem wir t\u00e4tig sind, in hohem Ma\u00dfe von der Arbeitskraft und den F\u00e4higkeiten des Einzelnen abh\u00e4ngt, \u00fcberpr\u00fcfen wir regelm\u00e4\u00dfig und sorgf\u00e4ltig unsere Arbeitsbedingungen, damit unsere Mitarbeiter ihre Leistung besser reflektieren k\u00f6nnen, und wir legen Wert [&hellip;]<\/p>\n","protected":false},"author":1,"featured_media":0,"parent":0,"menu_order":0,"comment_status":"closed","ping_status":"closed","template":"","meta":{"_monsterinsights_skip_tracking":false,"_monsterinsights_sitenote_active":false,"_monsterinsights_sitenote_note":"","_monsterinsights_sitenote_category":0,"footnotes":""},"class_list":["post-28526","page","type-page","status-publish","hentry"],"acf":[],"yoast_head":"<!-- This site is optimized with the Yoast SEO Premium plugin v26.2 (Yoast SEO v27.3) - https:\/\/yoast.com\/product\/yoast-seo-premium-wordpress\/ -->\n<title>MITMACHEN - Nesiller Genetic Center<\/title>\n<meta name=\"description\" content=\"MITMACHEN -\" \/>\n<meta name=\"robots\" content=\"index, follow, max-snippet:-1, max-image-preview:large, max-video-preview:-1\" \/>\n<link rel=\"canonical\" href=\"https:\/\/nesiller.com\/de\/mitmachen\/\" \/>\n<meta property=\"og:locale\" content=\"de_DE\" \/>\n<meta property=\"og:type\" content=\"article\" \/>\n<meta property=\"og:title\" content=\"MITMACHEN\" \/>\n<meta property=\"og:description\" content=\"Nesiller hat sich zum Ziel gesetzt, mit seinem menschenorientierten Arbeitsprinzip ein erfahrenes und dauerhaftes Personal auszubilden. Da der Bereich, in\" \/>\n<meta property=\"og:url\" content=\"https:\/\/nesiller.com\/de\/mitmachen\/\" \/>\n<meta property=\"og:site_name\" content=\"Nesiller Genetic Center\" \/>\n<meta property=\"article:publisher\" content=\"https:\/\/www.facebook.com\/NesillerGenetik\" \/>\n<meta property=\"article:modified_time\" content=\"2023-05-05T15:33:29+00:00\" \/>\n<meta property=\"og:image\" content=\"https:\/\/nesiller.com\/wp-content\/uploads\/2023\/03\/join-us-g6hojk34es.jpg\" \/>\n<meta name=\"twitter:card\" content=\"summary_large_image\" \/>\n<meta name=\"twitter:site\" content=\"@NesillerGenetik\" \/>\n<script type=\"application\/ld+json\" class=\"yoast-schema-graph\">{\"@context\":\"https:\\\/\\\/schema.org\",\"@graph\":[{\"@type\":\"WebPage\",\"@id\":\"https:\\\/\\\/nesiller.com\\\/de\\\/mitmachen\\\/\",\"url\":\"https:\\\/\\\/nesiller.com\\\/de\\\/mitmachen\\\/\",\"name\":\"MITMACHEN - Nesiller Genetic Center\",\"isPartOf\":{\"@id\":\"https:\\\/\\\/nesiller.com\\\/de\\\/#website\"},\"primaryImageOfPage\":{\"@id\":\"https:\\\/\\\/nesiller.com\\\/de\\\/mitmachen\\\/#primaryimage\"},\"image\":{\"@id\":\"https:\\\/\\\/nesiller.com\\\/de\\\/mitmachen\\\/#primaryimage\"},\"thumbnailUrl\":\"https:\\\/\\\/nesiller.com\\\/wp-content\\\/uploads\\\/2023\\\/03\\\/join-us-g6hojk34es.jpg\",\"datePublished\":\"2023-03-27T22:06:58+00:00\",\"dateModified\":\"2023-05-05T15:33:29+00:00\",\"description\":\"MITMACHEN -\",\"breadcrumb\":{\"@id\":\"https:\\\/\\\/nesiller.com\\\/de\\\/mitmachen\\\/#breadcrumb\"},\"inLanguage\":\"de\",\"potentialAction\":[{\"@type\":\"ReadAction\",\"target\":[\"https:\\\/\\\/nesiller.com\\\/de\\\/mitmachen\\\/\"]}]},{\"@type\":\"ImageObject\",\"inLanguage\":\"de\",\"@id\":\"https:\\\/\\\/nesiller.com\\\/de\\\/mitmachen\\\/#primaryimage\",\"url\":\"https:\\\/\\\/nesiller.com\\\/wp-content\\\/uploads\\\/2023\\\/03\\\/join-us-g6hojk34es.jpg\",\"contentUrl\":\"https:\\\/\\\/nesiller.com\\\/wp-content\\\/uploads\\\/2023\\\/03\\\/join-us-g6hojk34es.jpg\"},{\"@type\":\"BreadcrumbList\",\"@id\":\"https:\\\/\\\/nesiller.com\\\/de\\\/mitmachen\\\/#breadcrumb\",\"itemListElement\":[{\"@type\":\"ListItem\",\"position\":1,\"name\":\"Home\",\"item\":\"https:\\\/\\\/nesiller.com\\\/de\\\/startseite-2\\\/\"},{\"@type\":\"ListItem\",\"position\":2,\"name\":\"MITMACHEN\"}]},{\"@type\":\"WebSite\",\"@id\":\"https:\\\/\\\/nesiller.com\\\/de\\\/#website\",\"url\":\"https:\\\/\\\/nesiller.com\\\/de\\\/\",\"name\":\"Nesiller Genetik\",\"description\":\"Nesiller, the name of genetic expertise in Istanbul\",\"publisher\":{\"@id\":\"https:\\\/\\\/nesiller.com\\\/de\\\/#organization\"},\"potentialAction\":[{\"@type\":\"SearchAction\",\"target\":{\"@type\":\"EntryPoint\",\"urlTemplate\":\"https:\\\/\\\/nesiller.com\\\/de\\\/?s={search_term_string}\"},\"query-input\":{\"@type\":\"PropertyValueSpecification\",\"valueRequired\":true,\"valueName\":\"search_term_string\"}}],\"inLanguage\":\"de\"},{\"@type\":\"Organization\",\"@id\":\"https:\\\/\\\/nesiller.com\\\/de\\\/#organization\",\"name\":\"Nesiller Genetik\",\"url\":\"https:\\\/\\\/nesiller.com\\\/de\\\/\",\"logo\":{\"@type\":\"ImageObject\",\"inLanguage\":\"de\",\"@id\":\"https:\\\/\\\/nesiller.com\\\/de\\\/#\\\/schema\\\/logo\\\/image\\\/\",\"url\":\"https:\\\/\\\/nesiller.com\\\/wp-content\\\/uploads\\\/2023\\\/04\\\/nesiller-logo.jpg\",\"contentUrl\":\"https:\\\/\\\/nesiller.com\\\/wp-content\\\/uploads\\\/2023\\\/04\\\/nesiller-logo.jpg\",\"width\":1000,\"height\":700,\"caption\":\"Nesiller Genetik\"},\"image\":{\"@id\":\"https:\\\/\\\/nesiller.com\\\/de\\\/#\\\/schema\\\/logo\\\/image\\\/\"},\"sameAs\":[\"https:\\\/\\\/www.facebook.com\\\/NesillerGenetik\",\"https:\\\/\\\/x.com\\\/NesillerGenetik\"]}]}<\/script>\n<!-- \/ Yoast SEO Premium plugin. -->","yoast_head_json":{"title":"MITMACHEN - Nesiller Genetic Center","description":"MITMACHEN -","robots":{"index":"index","follow":"follow","max-snippet":"max-snippet:-1","max-image-preview":"max-image-preview:large","max-video-preview":"max-video-preview:-1"},"canonical":"https:\/\/nesiller.com\/de\/mitmachen\/","og_locale":"de_DE","og_type":"article","og_title":"MITMACHEN","og_description":"Nesiller hat sich zum Ziel gesetzt, mit seinem menschenorientierten Arbeitsprinzip ein erfahrenes und dauerhaftes Personal auszubilden. Da der Bereich, in","og_url":"https:\/\/nesiller.com\/de\/mitmachen\/","og_site_name":"Nesiller Genetic Center","article_publisher":"https:\/\/www.facebook.com\/NesillerGenetik","article_modified_time":"2023-05-05T15:33:29+00:00","og_image":[{"url":"https:\/\/nesiller.com\/wp-content\/uploads\/2023\/03\/join-us-g6hojk34es.jpg","type":"","width":"","height":""}],"twitter_card":"summary_large_image","twitter_site":"@NesillerGenetik","schema":{"@context":"https:\/\/schema.org","@graph":[{"@type":"WebPage","@id":"https:\/\/nesiller.com\/de\/mitmachen\/","url":"https:\/\/nesiller.com\/de\/mitmachen\/","name":"MITMACHEN - Nesiller Genetic Center","isPartOf":{"@id":"https:\/\/nesiller.com\/de\/#website"},"primaryImageOfPage":{"@id":"https:\/\/nesiller.com\/de\/mitmachen\/#primaryimage"},"image":{"@id":"https:\/\/nesiller.com\/de\/mitmachen\/#primaryimage"},"thumbnailUrl":"https:\/\/nesiller.com\/wp-content\/uploads\/2023\/03\/join-us-g6hojk34es.jpg","datePublished":"2023-03-27T22:06:58+00:00","dateModified":"2023-05-05T15:33:29+00:00","description":"MITMACHEN -","breadcrumb":{"@id":"https:\/\/nesiller.com\/de\/mitmachen\/#breadcrumb"},"inLanguage":"de","potentialAction":[{"@type":"ReadAction","target":["https:\/\/nesiller.com\/de\/mitmachen\/"]}]},{"@type":"ImageObject","inLanguage":"de","@id":"https:\/\/nesiller.com\/de\/mitmachen\/#primaryimage","url":"https:\/\/nesiller.com\/wp-content\/uploads\/2023\/03\/join-us-g6hojk34es.jpg","contentUrl":"https:\/\/nesiller.com\/wp-content\/uploads\/2023\/03\/join-us-g6hojk34es.jpg"},{"@type":"BreadcrumbList","@id":"https:\/\/nesiller.com\/de\/mitmachen\/#breadcrumb","itemListElement":[{"@type":"ListItem","position":1,"name":"Home","item":"https:\/\/nesiller.com\/de\/startseite-2\/"},{"@type":"ListItem","position":2,"name":"MITMACHEN"}]},{"@type":"WebSite","@id":"https:\/\/nesiller.com\/de\/#website","url":"https:\/\/nesiller.com\/de\/","name":"Nesiller Genetik","description":"Nesiller, the name of genetic expertise in Istanbul","publisher":{"@id":"https:\/\/nesiller.com\/de\/#organization"},"potentialAction":[{"@type":"SearchAction","target":{"@type":"EntryPoint","urlTemplate":"https:\/\/nesiller.com\/de\/?s={search_term_string}"},"query-input":{"@type":"PropertyValueSpecification","valueRequired":true,"valueName":"search_term_string"}}],"inLanguage":"de"},{"@type":"Organization","@id":"https:\/\/nesiller.com\/de\/#organization","name":"Nesiller Genetik","url":"https:\/\/nesiller.com\/de\/","logo":{"@type":"ImageObject","inLanguage":"de","@id":"https:\/\/nesiller.com\/de\/#\/schema\/logo\/image\/","url":"https:\/\/nesiller.com\/wp-content\/uploads\/2023\/04\/nesiller-logo.jpg","contentUrl":"https:\/\/nesiller.com\/wp-content\/uploads\/2023\/04\/nesiller-logo.jpg","width":1000,"height":700,"caption":"Nesiller Genetik"},"image":{"@id":"https:\/\/nesiller.com\/de\/#\/schema\/logo\/image\/"},"sameAs":["https:\/\/www.facebook.com\/NesillerGenetik","https:\/\/x.com\/NesillerGenetik"]}]}},"rttpg_featured_image_url":null,"rttpg_author":{"display_name":"admin","author_link":"https:\/\/nesiller.com\/de\/author\/admin\/"},"rttpg_comment":0,"rttpg_category":" <a href=\"https:\/\/nesiller.com\/de\/?taxonomy=translation_priority&#038;term=optional-de\" rel=\"tag\">Optional<\/a>","rttpg_excerpt":"Nesiller hat sich zum Ziel gesetzt, mit seinem menschenorientierten Arbeitsprinzip ein erfahrenes und dauerhaftes Personal auszubilden. Da der Bereich, in dem wir t\u00e4tig sind, in hohem Ma\u00dfe von der Arbeitskraft und den F\u00e4higkeiten des Einzelnen abh\u00e4ngt, \u00fcberpr\u00fcfen wir regelm\u00e4\u00dfig und sorgf\u00e4ltig unsere Arbeitsbedingungen, damit unsere Mitarbeiter ihre Leistung besser reflektieren k\u00f6nnen, und wir legen Wert&hellip;","_links":{"self":[{"href":"https:\/\/nesiller.com\/de\/wp-json\/wp\/v2\/pages\/28526","targetHints":{"allow":["GET"]}}],"collection":[{"href":"https:\/\/nesiller.com\/de\/wp-json\/wp\/v2\/pages"}],"about":[{"href":"https:\/\/nesiller.com\/de\/wp-json\/wp\/v2\/types\/page"}],"author":[{"embeddable":true,"href":"https:\/\/nesiller.com\/de\/wp-json\/wp\/v2\/users\/1"}],"replies":[{"embeddable":true,"href":"https:\/\/nesiller.com\/de\/wp-json\/wp\/v2\/comments?post=28526"}],"version-history":[{"count":2,"href":"https:\/\/nesiller.com\/de\/wp-json\/wp\/v2\/pages\/28526\/revisions"}],"predecessor-version":[{"id":29069,"href":"https:\/\/nesiller.com\/de\/wp-json\/wp\/v2\/pages\/28526\/revisions\/29069"}],"wp:attachment":[{"href":"https:\/\/nesiller.com\/de\/wp-json\/wp\/v2\/media?parent=28526"}],"curies":[{"name":"wp","href":"https:\/\/api.w.org\/{rel}","templated":true}]}}