{"id":28516,"date":"2023-03-28T00:50:51","date_gmt":"2023-03-27T21:50:51","guid":{"rendered":"https:\/\/nesiller.com\/unsere-vertraulichkeitspolitik\/"},"modified":"2023-05-05T18:46:23","modified_gmt":"2023-05-05T15:46:23","slug":"unsere-vertraulichkeitspolitik","status":"publish","type":"page","link":"https:\/\/nesiller.com\/de\/unsere-vertraulichkeitspolitik\/","title":{"rendered":"UNSERE VERTRAULICHKEITSPOLITIK"},"content":{"rendered":"\t\t<div data-elementor-type=\"wp-page\" data-elementor-id=\"28516\" class=\"elementor elementor-28516 elementor-20962\">\n\t\t\t\t\t\t<section class=\"elementor-section elementor-top-section elementor-element elementor-element-d27f357 elementor-section-boxed elementor-section-height-default elementor-section-height-default\" data-id=\"d27f357\" data-element_type=\"section\">\n\t\t\t\t\t\t<div class=\"elementor-container elementor-column-gap-default\">\n\t\t\t\t\t<div class=\"elementor-column elementor-col-100 elementor-top-column elementor-element elementor-element-033a0e2\" data-id=\"033a0e2\" data-element_type=\"column\">\n\t\t\t<div class=\"elementor-widget-wrap elementor-element-populated\">\n\t\t\t\t\t\t<section class=\"elementor-section elementor-inner-section elementor-element elementor-element-e02f9c8 elementor-section-boxed elementor-section-height-default elementor-section-height-default\" data-id=\"e02f9c8\" data-element_type=\"section\">\n\t\t\t\t\t\t<div class=\"elementor-container elementor-column-gap-default\">\n\t\t\t\t\t<div class=\"elementor-column elementor-col-50 elementor-inner-column elementor-element elementor-element-f4bbb89\" data-id=\"f4bbb89\" data-element_type=\"column\">\n\t\t\t<div class=\"elementor-widget-wrap elementor-element-populated\">\n\t\t\t\t\t\t<div class=\"elementor-element elementor-element-2e8c2b1 elementor-widget elementor-widget-text-editor\" data-id=\"2e8c2b1\" data-element_type=\"widget\" data-widget_type=\"text-editor.default\">\n\t\t\t\t\t\t\t\t\t<h4>Ihre Privatsph\u00e4re ist uns genauso wichtig wie Ihnen<\/h4>\n<div> <\/div>\n<p class=\"font_8\">Nesiller Genetik Tan\u0131 ve Bilgi Hizmetleri A.\u015e,<b> in \u00dcbereinstimmung mit der Verordnung<\/b> Nr. 31004 \u00fcber<b> Zentren zur Bewertung genetischer Krankheiten;<\/b><\/p>\n<ul class=\"font_8\">\n<li>\n<p class=\"font_8\">Ohne die Zustimmung des Antragstellers, der die Einverst\u00e4ndniserkl\u00e4rung vorlegt, k\u00f6nnen keine Ma\u00dfnahmen ergriffen werden,<\/p>\n<\/li>\n<li>\n<p class=\"font_8\">Die Ergebnisse d\u00fcrfen ohne die Zustimmung der Person nicht an Dritte weitergegeben werden,<\/p>\n<\/li>\n<li>\n<p class=\"font_8\">Speicherung durch Ergreifung aller erforderlichen Ma\u00dfnahmen zur Verhinderung des direkten oder indirekten Zugriffs durch Dritte<\/p>\n<\/li>\n<\/ul>\n<p class=\"font_8\">die Vorschriften einzuhalten.<\/p>\n<p class=\"font_8\">Um die entsprechende Verordnung aufzurufen, klicken Sie bitte <strong><br \/>\n  <a href=\"https:\/\/www.resmigazete.gov.tr\/eskiler\/2020\/01\/20200110-1.htm\" target=\"_blank\" rel=\"noreferrer noopener\">klicken Sie hier<\/a><br \/>\n<\/strong>.<\/p>\n<hr>\n<p class=\"font_8\">Dar\u00fcber hinaus k\u00f6nnen Sie bei der Verarbeitung Ihrer personenbezogenen Gesundheitsdaten auch Ihre personenbezogenen Gesundheitsdaten gem\u00e4\u00df der<b>&#8222;Verordnung \u00fcber die Verarbeitung personenbezogener Gesundheitsdaten und die Gew\u00e4hrleistung des Datenschutzes<\/b>&#8220; vom 20.10.2016 verwenden.<\/p>\n<ul class=\"font_8\">\n<li>\n<p class=\"font_8\">Einhaltung der Gesetze und Ehrlichkeitsregeln,<\/p>\n<\/li>\n<li>\n<p class=\"font_8\">Genau und auf dem neuesten Stand sein, wenn n\u00f6tig,<\/p>\n<\/li>\n<li>\n<p class=\"font_8\">Verarbeitung f\u00fcr spezifische, eindeutige und rechtm\u00e4\u00dfige Zwecke,<\/p>\n<\/li>\n<li>\n<p class=\"font_8\">Sie m\u00fcssen f\u00fcr den Zweck, f\u00fcr den sie verarbeitet werden, relevant, begrenzt und verh\u00e4ltnism\u00e4\u00dfig sein,<\/p>\n<\/li>\n<li>\n<p class=\"font_8\">Wir wenden die Aufbewahrungsvorschriften f\u00fcr den Zeitraum an, der f\u00fcr den Zweck, f\u00fcr den sie verarbeitet werden, erforderlich ist.<\/p>\n<\/li>\n<\/ul>\n<p class=\"font_8\">Um die entsprechende Verordnung aufzurufen, klicken Sie bitte <strong><br \/>\n  <a href=\"http:\/\/www.resmigazete.gov.tr\/eskiler\/2016\/10\/20161020-1.htm\" target=\"_blank\" rel=\"noreferrer noopener\">klicken Sie hier<\/a><br \/>\n<\/strong>.<\/p>\n<hr>\n<p class=\"font_8\">Zus\u00e4tzlich zu unserer Datenschutzpolitik gem\u00e4\u00df dem <b>Gesetz Nr. 6698 \u00fcber den Schutz personenbezogener Daten<\/b> ist die Bestimmung des Geschlechts mit Ausnahme geschlechtsbedingter Krankheiten streng verboten.<\/p>\n<p>Um auf die entsprechenden Dateien zuzugreifen, gehen Sie bitte wie folgt vor <strong><a href=\"https:\/\/nesiller.com\/wp-content\/uploads\/2023\/04\/KVKK_Kisisel_Veri_Aydinlatma_Metni.pdf\">[1]<\/a> <a href=\"https:\/\/nesiller.com\/wp-content\/uploads\/2023\/04\/KVKK_Kisisel_Veri_Basvuru_Formu.pdf\">[2]<\/a><\/strong>.<\/p>\n<hr>\n<p>Eine weitere Verpflichtung besteht darin, einen sicheren Zugang zu den Informationsbest\u00e4nden unseres Unternehmens und unserer Stakeholder zu gew\u00e4hrleisten und &#8222;die Verf\u00fcgbarkeit, Integrit\u00e4t und Vertraulichkeit von Informationen zu sch\u00fctzen&#8220;, gem\u00e4\u00df der <b>Norm ISO 27001:2013 Information Security Management System<\/b>.<\/p>\n<p>Um zu unserem entsprechenden Engagement zu gelangen, klicken Sie bitte <strong><br \/>\n  <a title=\"PLT_01_BGYS_Entsch\u00e4rfung_Politik\" href=\"https:\/\/nesiller.com\/wp-content\/uploads\/2023\/04\/PLT_01_BGYS_Cerceve_Politikasi_R00.pdf\" target=\"_blank\" rel=\"noopener noreferrer\" data-auth=\"Verified\" data-linkindex=\"0\">hier klicken<\/a><br \/>\n<\/strong>.<\/p>\n\t\t\t\t\t\t\t\t<\/div>\n\t\t\t\t\t<\/div>\n\t\t<\/div>\n\t\t\t\t<div class=\"elementor-column elementor-col-50 elementor-inner-column elementor-element elementor-element-9a8b7b3\" data-id=\"9a8b7b3\" data-element_type=\"column\">\n\t\t\t<div class=\"elementor-widget-wrap elementor-element-populated\">\n\t\t\t\t\t\t<div class=\"elementor-element elementor-element-1b68a8d elementor-widget elementor-widget-image\" data-id=\"1b68a8d\" data-element_type=\"widget\" data-widget_type=\"image.default\">\n\t\t\t\t\t\t\t\t\t\t\t\t\t\t\t<img fetchpriority=\"high\" decoding=\"async\" width=\"587\" height=\"980\" src=\"https:\/\/nesiller.com\/wp-content\/uploads\/2023\/03\/privacy-policy-9fcv43s2z.jpg\" class=\"attachment-large size-large wp-image-27305\" alt=\"POLICY OF PRIVACY\" srcset=\"https:\/\/nesiller.com\/wp-content\/uploads\/2023\/03\/privacy-policy-9fcv43s2z.jpg 587w, https:\/\/nesiller.com\/wp-content\/uploads\/2023\/03\/privacy-policy-9fcv43s2z-180x300.jpg 180w\" sizes=\"(max-width: 587px) 100vw, 587px\" \/>\t\t\t\t\t\t\t\t\t\t\t\t\t\t\t<\/div>\n\t\t\t\t\t<\/div>\n\t\t<\/div>\n\t\t\t\t\t<\/div>\n\t\t<\/section>\n\t\t\t\t\t<\/div>\n\t\t<\/div>\n\t\t\t\t\t<\/div>\n\t\t<\/section>\n\t\t\t\t<\/div>\n\t\t","protected":false},"excerpt":{"rendered":"<p>Ihre Privatsph\u00e4re ist uns genauso wichtig wie Ihnen Nesiller Genetik Tan\u0131 ve Bilgi Hizmetleri A.\u015e, in \u00dcbereinstimmung mit der Verordnung Nr. 31004 \u00fcber Zentren zur Bewertung genetischer Krankheiten; Ohne die Zustimmung des Antragstellers, der die Einverst\u00e4ndniserkl\u00e4rung vorlegt, k\u00f6nnen keine Ma\u00dfnahmen ergriffen werden, Die Ergebnisse d\u00fcrfen ohne die Zustimmung der Person nicht an Dritte weitergegeben werden, [&hellip;]<\/p>\n","protected":false},"author":1,"featured_media":0,"parent":0,"menu_order":0,"comment_status":"closed","ping_status":"closed","template":"","meta":{"_monsterinsights_skip_tracking":false,"_monsterinsights_sitenote_active":false,"_monsterinsights_sitenote_note":"","_monsterinsights_sitenote_category":0,"footnotes":""},"class_list":["post-28516","page","type-page","status-publish","hentry"],"acf":[],"yoast_head":"<!-- This site is optimized with the Yoast SEO Premium plugin v26.2 (Yoast SEO v27.4) - https:\/\/yoast.com\/product\/yoast-seo-premium-wordpress\/ -->\n<title>UNSERE VERTRAULICHKEITSPOLITIK - Nesiller Genetic Center<\/title>\n<meta name=\"description\" content=\"UNSERE VERTRAULICHKEITSPOLITIK -\" \/>\n<meta name=\"robots\" content=\"index, follow, max-snippet:-1, max-image-preview:large, max-video-preview:-1\" \/>\n<link rel=\"canonical\" href=\"https:\/\/nesiller.com\/de\/unsere-vertraulichkeitspolitik\/\" \/>\n<meta property=\"og:locale\" content=\"de_DE\" \/>\n<meta property=\"og:type\" content=\"article\" \/>\n<meta property=\"og:title\" content=\"UNSERE VERTRAULICHKEITSPOLITIK\" \/>\n<meta property=\"og:description\" content=\"Ihre Privatsph\u00e4re ist uns genauso wichtig wie Ihnen Nesiller Genetik Tan\u0131 ve Bilgi Hizmetleri A.\u015e, in \u00dcbereinstimmung mit der Verordnung Nr. 31004 \u00fcber\" \/>\n<meta property=\"og:url\" content=\"https:\/\/nesiller.com\/de\/unsere-vertraulichkeitspolitik\/\" \/>\n<meta property=\"og:site_name\" content=\"Nesiller Genetic Center\" \/>\n<meta property=\"article:publisher\" content=\"https:\/\/www.facebook.com\/NesillerGenetik\" \/>\n<meta property=\"article:modified_time\" content=\"2023-05-05T15:46:23+00:00\" \/>\n<meta property=\"og:image\" content=\"https:\/\/nesiller.com\/wp-content\/uploads\/2023\/03\/privacy-policy-9fcv43s2z.jpg\" \/>\n<meta name=\"twitter:card\" content=\"summary_large_image\" \/>\n<meta name=\"twitter:site\" content=\"@NesillerGenetik\" \/>\n<script type=\"application\/ld+json\" class=\"yoast-schema-graph\">{\"@context\":\"https:\\\/\\\/schema.org\",\"@graph\":[{\"@type\":\"WebPage\",\"@id\":\"https:\\\/\\\/nesiller.com\\\/de\\\/unsere-vertraulichkeitspolitik\\\/\",\"url\":\"https:\\\/\\\/nesiller.com\\\/de\\\/unsere-vertraulichkeitspolitik\\\/\",\"name\":\"UNSERE VERTRAULICHKEITSPOLITIK - Nesiller Genetic Center\",\"isPartOf\":{\"@id\":\"https:\\\/\\\/nesiller.com\\\/de\\\/#website\"},\"primaryImageOfPage\":{\"@id\":\"https:\\\/\\\/nesiller.com\\\/de\\\/unsere-vertraulichkeitspolitik\\\/#primaryimage\"},\"image\":{\"@id\":\"https:\\\/\\\/nesiller.com\\\/de\\\/unsere-vertraulichkeitspolitik\\\/#primaryimage\"},\"thumbnailUrl\":\"https:\\\/\\\/nesiller.com\\\/wp-content\\\/uploads\\\/2023\\\/03\\\/privacy-policy-9fcv43s2z.jpg\",\"datePublished\":\"2023-03-27T21:50:51+00:00\",\"dateModified\":\"2023-05-05T15:46:23+00:00\",\"description\":\"UNSERE VERTRAULICHKEITSPOLITIK -\",\"breadcrumb\":{\"@id\":\"https:\\\/\\\/nesiller.com\\\/de\\\/unsere-vertraulichkeitspolitik\\\/#breadcrumb\"},\"inLanguage\":\"de\",\"potentialAction\":[{\"@type\":\"ReadAction\",\"target\":[\"https:\\\/\\\/nesiller.com\\\/de\\\/unsere-vertraulichkeitspolitik\\\/\"]}]},{\"@type\":\"ImageObject\",\"inLanguage\":\"de\",\"@id\":\"https:\\\/\\\/nesiller.com\\\/de\\\/unsere-vertraulichkeitspolitik\\\/#primaryimage\",\"url\":\"https:\\\/\\\/nesiller.com\\\/wp-content\\\/uploads\\\/2023\\\/03\\\/privacy-policy-9fcv43s2z.jpg\",\"contentUrl\":\"https:\\\/\\\/nesiller.com\\\/wp-content\\\/uploads\\\/2023\\\/03\\\/privacy-policy-9fcv43s2z.jpg\"},{\"@type\":\"BreadcrumbList\",\"@id\":\"https:\\\/\\\/nesiller.com\\\/de\\\/unsere-vertraulichkeitspolitik\\\/#breadcrumb\",\"itemListElement\":[{\"@type\":\"ListItem\",\"position\":1,\"name\":\"Home\",\"item\":\"https:\\\/\\\/nesiller.com\\\/de\\\/startseite-2\\\/\"},{\"@type\":\"ListItem\",\"position\":2,\"name\":\"UNSERE VERTRAULICHKEITSPOLITIK\"}]},{\"@type\":\"WebSite\",\"@id\":\"https:\\\/\\\/nesiller.com\\\/de\\\/#website\",\"url\":\"https:\\\/\\\/nesiller.com\\\/de\\\/\",\"name\":\"Nesiller Genetik\",\"description\":\"Nesiller, the name of genetic expertise in Istanbul\",\"publisher\":{\"@id\":\"https:\\\/\\\/nesiller.com\\\/de\\\/#organization\"},\"potentialAction\":[{\"@type\":\"SearchAction\",\"target\":{\"@type\":\"EntryPoint\",\"urlTemplate\":\"https:\\\/\\\/nesiller.com\\\/de\\\/?s={search_term_string}\"},\"query-input\":{\"@type\":\"PropertyValueSpecification\",\"valueRequired\":true,\"valueName\":\"search_term_string\"}}],\"inLanguage\":\"de\"},{\"@type\":\"Organization\",\"@id\":\"https:\\\/\\\/nesiller.com\\\/de\\\/#organization\",\"name\":\"Nesiller Genetik\",\"url\":\"https:\\\/\\\/nesiller.com\\\/de\\\/\",\"logo\":{\"@type\":\"ImageObject\",\"inLanguage\":\"de\",\"@id\":\"https:\\\/\\\/nesiller.com\\\/de\\\/#\\\/schema\\\/logo\\\/image\\\/\",\"url\":\"https:\\\/\\\/nesiller.com\\\/wp-content\\\/uploads\\\/2023\\\/04\\\/nesiller-logo.jpg\",\"contentUrl\":\"https:\\\/\\\/nesiller.com\\\/wp-content\\\/uploads\\\/2023\\\/04\\\/nesiller-logo.jpg\",\"width\":1000,\"height\":700,\"caption\":\"Nesiller Genetik\"},\"image\":{\"@id\":\"https:\\\/\\\/nesiller.com\\\/de\\\/#\\\/schema\\\/logo\\\/image\\\/\"},\"sameAs\":[\"https:\\\/\\\/www.facebook.com\\\/NesillerGenetik\",\"https:\\\/\\\/x.com\\\/NesillerGenetik\"]}]}<\/script>\n<!-- \/ Yoast SEO Premium plugin. -->","yoast_head_json":{"title":"UNSERE VERTRAULICHKEITSPOLITIK - Nesiller Genetic Center","description":"UNSERE VERTRAULICHKEITSPOLITIK -","robots":{"index":"index","follow":"follow","max-snippet":"max-snippet:-1","max-image-preview":"max-image-preview:large","max-video-preview":"max-video-preview:-1"},"canonical":"https:\/\/nesiller.com\/de\/unsere-vertraulichkeitspolitik\/","og_locale":"de_DE","og_type":"article","og_title":"UNSERE VERTRAULICHKEITSPOLITIK","og_description":"Ihre Privatsph\u00e4re ist uns genauso wichtig wie Ihnen Nesiller Genetik Tan\u0131 ve Bilgi Hizmetleri A.\u015e, in \u00dcbereinstimmung mit der Verordnung Nr. 31004 \u00fcber","og_url":"https:\/\/nesiller.com\/de\/unsere-vertraulichkeitspolitik\/","og_site_name":"Nesiller Genetic Center","article_publisher":"https:\/\/www.facebook.com\/NesillerGenetik","article_modified_time":"2023-05-05T15:46:23+00:00","og_image":[{"url":"https:\/\/nesiller.com\/wp-content\/uploads\/2023\/03\/privacy-policy-9fcv43s2z.jpg","type":"","width":"","height":""}],"twitter_card":"summary_large_image","twitter_site":"@NesillerGenetik","schema":{"@context":"https:\/\/schema.org","@graph":[{"@type":"WebPage","@id":"https:\/\/nesiller.com\/de\/unsere-vertraulichkeitspolitik\/","url":"https:\/\/nesiller.com\/de\/unsere-vertraulichkeitspolitik\/","name":"UNSERE VERTRAULICHKEITSPOLITIK - Nesiller Genetic Center","isPartOf":{"@id":"https:\/\/nesiller.com\/de\/#website"},"primaryImageOfPage":{"@id":"https:\/\/nesiller.com\/de\/unsere-vertraulichkeitspolitik\/#primaryimage"},"image":{"@id":"https:\/\/nesiller.com\/de\/unsere-vertraulichkeitspolitik\/#primaryimage"},"thumbnailUrl":"https:\/\/nesiller.com\/wp-content\/uploads\/2023\/03\/privacy-policy-9fcv43s2z.jpg","datePublished":"2023-03-27T21:50:51+00:00","dateModified":"2023-05-05T15:46:23+00:00","description":"UNSERE VERTRAULICHKEITSPOLITIK -","breadcrumb":{"@id":"https:\/\/nesiller.com\/de\/unsere-vertraulichkeitspolitik\/#breadcrumb"},"inLanguage":"de","potentialAction":[{"@type":"ReadAction","target":["https:\/\/nesiller.com\/de\/unsere-vertraulichkeitspolitik\/"]}]},{"@type":"ImageObject","inLanguage":"de","@id":"https:\/\/nesiller.com\/de\/unsere-vertraulichkeitspolitik\/#primaryimage","url":"https:\/\/nesiller.com\/wp-content\/uploads\/2023\/03\/privacy-policy-9fcv43s2z.jpg","contentUrl":"https:\/\/nesiller.com\/wp-content\/uploads\/2023\/03\/privacy-policy-9fcv43s2z.jpg"},{"@type":"BreadcrumbList","@id":"https:\/\/nesiller.com\/de\/unsere-vertraulichkeitspolitik\/#breadcrumb","itemListElement":[{"@type":"ListItem","position":1,"name":"Home","item":"https:\/\/nesiller.com\/de\/startseite-2\/"},{"@type":"ListItem","position":2,"name":"UNSERE VERTRAULICHKEITSPOLITIK"}]},{"@type":"WebSite","@id":"https:\/\/nesiller.com\/de\/#website","url":"https:\/\/nesiller.com\/de\/","name":"Nesiller Genetik","description":"Nesiller, the name of genetic expertise in Istanbul","publisher":{"@id":"https:\/\/nesiller.com\/de\/#organization"},"potentialAction":[{"@type":"SearchAction","target":{"@type":"EntryPoint","urlTemplate":"https:\/\/nesiller.com\/de\/?s={search_term_string}"},"query-input":{"@type":"PropertyValueSpecification","valueRequired":true,"valueName":"search_term_string"}}],"inLanguage":"de"},{"@type":"Organization","@id":"https:\/\/nesiller.com\/de\/#organization","name":"Nesiller Genetik","url":"https:\/\/nesiller.com\/de\/","logo":{"@type":"ImageObject","inLanguage":"de","@id":"https:\/\/nesiller.com\/de\/#\/schema\/logo\/image\/","url":"https:\/\/nesiller.com\/wp-content\/uploads\/2023\/04\/nesiller-logo.jpg","contentUrl":"https:\/\/nesiller.com\/wp-content\/uploads\/2023\/04\/nesiller-logo.jpg","width":1000,"height":700,"caption":"Nesiller Genetik"},"image":{"@id":"https:\/\/nesiller.com\/de\/#\/schema\/logo\/image\/"},"sameAs":["https:\/\/www.facebook.com\/NesillerGenetik","https:\/\/x.com\/NesillerGenetik"]}]}},"rttpg_featured_image_url":null,"rttpg_author":{"display_name":"admin","author_link":"https:\/\/nesiller.com\/de\/author\/admin\/"},"rttpg_comment":0,"rttpg_category":" <a href=\"https:\/\/nesiller.com\/de\/?taxonomy=translation_priority&#038;term=optional-de\" rel=\"tag\">Optional<\/a>","rttpg_excerpt":"Ihre Privatsph\u00e4re ist uns genauso wichtig wie Ihnen Nesiller Genetik Tan\u0131 ve Bilgi Hizmetleri A.\u015e, in \u00dcbereinstimmung mit der Verordnung Nr. 31004 \u00fcber Zentren zur Bewertung genetischer Krankheiten; Ohne die Zustimmung des Antragstellers, der die Einverst\u00e4ndniserkl\u00e4rung vorlegt, k\u00f6nnen keine Ma\u00dfnahmen ergriffen werden, Die Ergebnisse d\u00fcrfen ohne die Zustimmung der Person nicht an Dritte weitergegeben werden,&hellip;","_links":{"self":[{"href":"https:\/\/nesiller.com\/de\/wp-json\/wp\/v2\/pages\/28516","targetHints":{"allow":["GET"]}}],"collection":[{"href":"https:\/\/nesiller.com\/de\/wp-json\/wp\/v2\/pages"}],"about":[{"href":"https:\/\/nesiller.com\/de\/wp-json\/wp\/v2\/types\/page"}],"author":[{"embeddable":true,"href":"https:\/\/nesiller.com\/de\/wp-json\/wp\/v2\/users\/1"}],"replies":[{"embeddable":true,"href":"https:\/\/nesiller.com\/de\/wp-json\/wp\/v2\/comments?post=28516"}],"version-history":[{"count":2,"href":"https:\/\/nesiller.com\/de\/wp-json\/wp\/v2\/pages\/28516\/revisions"}],"predecessor-version":[{"id":29048,"href":"https:\/\/nesiller.com\/de\/wp-json\/wp\/v2\/pages\/28516\/revisions\/29048"}],"wp:attachment":[{"href":"https:\/\/nesiller.com\/de\/wp-json\/wp\/v2\/media?parent=28516"}],"curies":[{"name":"wp","href":"https:\/\/api.w.org\/{rel}","templated":true}]}}