{"id":28389,"date":"2023-03-27T19:51:05","date_gmt":"2023-03-27T16:51:05","guid":{"rendered":"https:\/\/nesiller.com\/unser-verstaendnis-von-qualitaet\/"},"modified":"2025-03-06T10:41:34","modified_gmt":"2025-03-06T07:41:34","slug":"unser-verstaendnis-von-qualitaet","status":"publish","type":"page","link":"https:\/\/nesiller.com\/de\/unser-verstaendnis-von-qualitaet\/","title":{"rendered":"UNSER VERST\u00c4NDNIS VON QUALIT\u00c4T"},"content":{"rendered":"\t\t<div data-elementor-type=\"wp-page\" data-elementor-id=\"28389\" class=\"elementor elementor-28389 elementor-20944\">\n\t\t\t\t\t\t<section class=\"elementor-section elementor-top-section elementor-element elementor-element-d27f357 elementor-section-boxed elementor-section-height-default elementor-section-height-default\" data-id=\"d27f357\" data-element_type=\"section\">\n\t\t\t\t\t\t<div class=\"elementor-container elementor-column-gap-default\">\n\t\t\t\t\t<div class=\"elementor-column elementor-col-100 elementor-top-column elementor-element elementor-element-033a0e2\" data-id=\"033a0e2\" data-element_type=\"column\">\n\t\t\t<div class=\"elementor-widget-wrap elementor-element-populated\">\n\t\t\t\t\t\t<section class=\"elementor-section elementor-inner-section elementor-element elementor-element-e02f9c8 elementor-section-boxed elementor-section-height-default elementor-section-height-default\" data-id=\"e02f9c8\" data-element_type=\"section\">\n\t\t\t\t\t\t<div class=\"elementor-container elementor-column-gap-default\">\n\t\t\t\t\t<div class=\"elementor-column elementor-col-50 elementor-inner-column elementor-element elementor-element-f4bbb89\" data-id=\"f4bbb89\" data-element_type=\"column\">\n\t\t\t<div class=\"elementor-widget-wrap elementor-element-populated\">\n\t\t\t\t\t\t<div class=\"elementor-element elementor-element-2e8c2b1 elementor-widget elementor-widget-text-editor\" data-id=\"2e8c2b1\" data-element_type=\"widget\" data-widget_type=\"text-editor.default\">\n\t\t\t\t\t\t\t\t\t\n          <p class=\"font_8\">Unser Ziel ist es, erstklassige medizinische Gendiagnostik und Beratung anzubieten, um die Erwartungen unserer Patienten, Kliniker und Kunden, die unsere Dienstleistungen erwarten, bestm\u00f6glich zu erf\u00fcllen.<\/p>\n          \n\n          <p class=\"font_8\">Unser ganzheitlicher Qualit\u00e4tsansatz konzentriert sich auf Kundenzufriedenheit, vorbildliche Laborprozesse, vorbildliche klinische Praktiken und kontinuierliche Verbesserung.<\/p>\n          \n\n          \n\n          <h4 style=\"text-align: left;\">Unser Qualit\u00e4tsprogramm ist umfassend, pr\u00e4zise und ergebnisorientiert.<\/h4>\n          \n\n          <div><\/div>\n          \n\n          <p class=\"font_8\">Wir sind uns der gro\u00dfen Verantwortung bewusst, die wir in unserem T\u00e4tigkeitsbereich tragen. Diagnose und Screening sind von gro\u00dfer Bedeutung f\u00fcr die medizinischen Anwendungen der Genetik, die f\u00fcr den Schutz und die Wiederherstellung der Gesundheit des Einzelnen und\/oder die Entwicklung gesunder Generationen notwendig sind. Selbst der kleinste m\u00f6gliche Fehler kann im Nachhinein gro\u00dfe Probleme mit sich bringen.<\/p>\n          \n\n          <p class=\"font_8\">An dieser Stelle ist es \u00e4u\u00dferst wichtig, dass genaue, pr\u00e4zise, zuverl\u00e4ssige und zeitnahe Ergebnisse an unsere Kunden in Nesiller \u00fcbermittelt werden. Nesiller weist sein Qualit\u00e4tsmanagementsystem und seine technische Kompetenz mit der internationalen Akkreditierung<strong>&#8222;TS EN ISO 15189: 2014 Requirements for Quality and Competence in Medical Laboratories<\/strong>&#8220; nach.<\/p>\n          \n\n          <p class=\"font_8\">Die ISO-Zertifizierung verpflichtet uns zur st\u00e4ndigen Verbesserung unserer Dienstleistungen durch die kontinuierliche Messung unserer Qualit\u00e4t. Dieses Engagement reicht von der st\u00e4ndigen Kontrolle der Abl\u00e4ufe im Labor \u00fcber die Entwicklung eigener Analyseverfahren bis hin zur qualitativ hochwertigen Beratung der Patienten. Es bedeutet auch ein kontinuierliches Engagement f\u00fcr die Aus- und Weiterbildung der Mitarbeiter.<\/p>\n          \n\n          <p class=\"font_8\">Unser Qualit\u00e4tsverst\u00e4ndnis geht \u00fcber die Grenzen hinaus und wurde von internationalen Unternehmen auditiert und dokumentiert. In diesem Zusammenhang verf\u00fcgen wir \u00fcber Qualit\u00e4tszertifikate des deutschen INSTAND, des britischen EMQN (European Molecular Genetics Quality Network), des US-amerikanischen CAP (College of American Pathologists) und des CEQAS (Cytogenomic External Quality Assessment Service), die die Qualit\u00e4tsinfrastruktur und die genetischen Tests unseres Labors bewerten. Unser Institut wird weiterhin jedes Jahr auditiert und erneuert seine bestehenden Zertifikate.  <\/p>\n        \t\t\t\t\t\t\t\t<\/div>\n\t\t\t\t\t<\/div>\n\t\t<\/div>\n\t\t\t\t<div class=\"elementor-column elementor-col-50 elementor-inner-column elementor-element elementor-element-9a8b7b3\" data-id=\"9a8b7b3\" data-element_type=\"column\">\n\t\t\t<div class=\"elementor-widget-wrap elementor-element-populated\">\n\t\t\t\t\t\t<div class=\"elementor-element elementor-element-1b68a8d elementor-widget elementor-widget-image\" data-id=\"1b68a8d\" data-element_type=\"widget\" data-widget_type=\"image.default\">\n\t\t\t\t\t\t\t\t\t\t\t\t\t\t\t<img fetchpriority=\"high\" decoding=\"async\" width=\"587\" height=\"980\" src=\"https:\/\/nesiller.com\/wp-content\/uploads\/2023\/03\/quality-control-4jhg09las4.jpg\" class=\"attachment-large size-large wp-image-27299\" alt=\"\" srcset=\"https:\/\/nesiller.com\/wp-content\/uploads\/2023\/03\/quality-control-4jhg09las4.jpg 587w, https:\/\/nesiller.com\/wp-content\/uploads\/2023\/03\/quality-control-4jhg09las4-180x300.jpg 180w\" sizes=\"(max-width: 587px) 100vw, 587px\" \/>\t\t\t\t\t\t\t\t\t\t\t\t\t\t\t<\/div>\n\t\t\t\t\t<\/div>\n\t\t<\/div>\n\t\t\t\t\t<\/div>\n\t\t<\/section>\n\t\t\t\t<section class=\"elementor-section elementor-inner-section elementor-element elementor-element-6e7641f elementor-section-boxed elementor-section-height-default elementor-section-height-default\" data-id=\"6e7641f\" data-element_type=\"section\">\n\t\t\t\t\t\t<div class=\"elementor-container elementor-column-gap-default\">\n\t\t\t\t\t<div class=\"elementor-column elementor-col-14 elementor-inner-column elementor-element elementor-element-92446e0\" data-id=\"92446e0\" data-element_type=\"column\">\n\t\t\t<div class=\"elementor-widget-wrap elementor-element-populated\">\n\t\t\t\t\t\t<div class=\"elementor-element elementor-element-a5b952b elementor-widget elementor-widget-image\" data-id=\"a5b952b\" data-element_type=\"widget\" data-widget_type=\"image.default\">\n\t\t\t\t\t\t\t\t\t\t\t\t\t\t\t<img decoding=\"async\" width=\"150\" height=\"150\" src=\"https:\/\/nesiller.com\/wp-content\/uploads\/2023\/07\/CAP_Lab_Accreditation_Logo-150x150.png\" class=\"attachment-thumbnail size-thumbnail wp-image-31400\" alt=\"CAP Lab Accreditation Logo\" srcset=\"https:\/\/nesiller.com\/wp-content\/uploads\/2023\/07\/CAP_Lab_Accreditation_Logo-150x150.png 150w, https:\/\/nesiller.com\/wp-content\/uploads\/2023\/07\/CAP_Lab_Accreditation_Logo.png 200w\" sizes=\"(max-width: 150px) 100vw, 150px\" \/>\t\t\t\t\t\t\t\t\t\t\t\t\t\t\t<\/div>\n\t\t\t\t\t<\/div>\n\t\t<\/div>\n\t\t\t\t<div class=\"elementor-column elementor-col-14 elementor-inner-column elementor-element elementor-element-93f46c2\" data-id=\"93f46c2\" data-element_type=\"column\">\n\t\t\t<div class=\"elementor-widget-wrap elementor-element-populated\">\n\t\t\t\t\t\t<div class=\"elementor-element elementor-element-aef8cb2 elementor-widget elementor-widget-image\" data-id=\"aef8cb2\" data-element_type=\"widget\" data-widget_type=\"image.default\">\n\t\t\t\t\t\t\t\t\t\t\t\t\t\t\t<img decoding=\"async\" width=\"150\" height=\"150\" src=\"https:\/\/nesiller.com\/wp-content\/uploads\/2023\/03\/cert-iso15189-150x150.jpg\" class=\"attachment-thumbnail size-thumbnail wp-image-27281\" alt=\"iso 15189\" srcset=\"https:\/\/nesiller.com\/wp-content\/uploads\/2023\/03\/cert-iso15189-150x150.jpg 150w, https:\/\/nesiller.com\/wp-content\/uploads\/2023\/03\/cert-iso15189.jpg 200w\" sizes=\"(max-width: 150px) 100vw, 150px\" \/>\t\t\t\t\t\t\t\t\t\t\t\t\t\t\t<\/div>\n\t\t\t\t\t<\/div>\n\t\t<\/div>\n\t\t\t\t<div class=\"elementor-column elementor-col-14 elementor-inner-column elementor-element elementor-element-513e74c\" data-id=\"513e74c\" data-element_type=\"column\">\n\t\t\t<div class=\"elementor-widget-wrap elementor-element-populated\">\n\t\t\t\t\t\t<div class=\"elementor-element elementor-element-ef3bc83 elementor-widget elementor-widget-image\" data-id=\"ef3bc83\" data-element_type=\"widget\" data-widget_type=\"image.default\">\n\t\t\t\t\t\t\t\t\t\t\t\t\t\t\t<img loading=\"lazy\" decoding=\"async\" width=\"150\" height=\"150\" src=\"https:\/\/nesiller.com\/wp-content\/uploads\/2023\/03\/cert-emqan-150x150.jpg\" class=\"attachment-thumbnail size-thumbnail wp-image-27269\" alt=\"cert-emqan\" srcset=\"https:\/\/nesiller.com\/wp-content\/uploads\/2023\/03\/cert-emqan-150x150.jpg 150w, https:\/\/nesiller.com\/wp-content\/uploads\/2023\/03\/cert-emqan.jpg 200w\" sizes=\"(max-width: 150px) 100vw, 150px\" \/>\t\t\t\t\t\t\t\t\t\t\t\t\t\t\t<\/div>\n\t\t\t\t\t<\/div>\n\t\t<\/div>\n\t\t\t\t<div class=\"elementor-column elementor-col-14 elementor-inner-column elementor-element elementor-element-7ee32d8\" data-id=\"7ee32d8\" data-element_type=\"column\">\n\t\t\t<div class=\"elementor-widget-wrap elementor-element-populated\">\n\t\t\t\t\t\t<div class=\"elementor-element elementor-element-6e3003f elementor-widget elementor-widget-image\" data-id=\"6e3003f\" data-element_type=\"widget\" data-widget_type=\"image.default\">\n\t\t\t\t\t\t\t\t\t\t\t\t\t\t\t<img loading=\"lazy\" decoding=\"async\" width=\"150\" height=\"150\" src=\"https:\/\/nesiller.com\/wp-content\/uploads\/2023\/03\/cert-instand-150x150.jpg\" class=\"attachment-thumbnail size-thumbnail wp-image-27275\" alt=\"cert-instand\" srcset=\"https:\/\/nesiller.com\/wp-content\/uploads\/2023\/03\/cert-instand-150x150.jpg 150w, https:\/\/nesiller.com\/wp-content\/uploads\/2023\/03\/cert-instand.jpg 200w\" sizes=\"(max-width: 150px) 100vw, 150px\" \/>\t\t\t\t\t\t\t\t\t\t\t\t\t\t\t<\/div>\n\t\t\t\t\t<\/div>\n\t\t<\/div>\n\t\t\t\t<div class=\"elementor-column elementor-col-14 elementor-inner-column elementor-element elementor-element-f66307a\" data-id=\"f66307a\" data-element_type=\"column\">\n\t\t\t<div class=\"elementor-widget-wrap elementor-element-populated\">\n\t\t\t\t\t\t<div class=\"elementor-element elementor-element-d76785a elementor-widget elementor-widget-image\" data-id=\"d76785a\" data-element_type=\"widget\" data-widget_type=\"image.default\">\n\t\t\t\t\t\t\t\t\t\t\t\t\t\t\t<img loading=\"lazy\" decoding=\"async\" width=\"150\" height=\"150\" src=\"https:\/\/nesiller.com\/wp-content\/uploads\/2023\/03\/cert-ceqas-150x150.jpg\" class=\"attachment-thumbnail size-thumbnail wp-image-27263\" alt=\"cert-ceqas\" srcset=\"https:\/\/nesiller.com\/wp-content\/uploads\/2023\/03\/cert-ceqas-150x150.jpg 150w, https:\/\/nesiller.com\/wp-content\/uploads\/2023\/03\/cert-ceqas.jpg 200w\" sizes=\"(max-width: 150px) 100vw, 150px\" \/>\t\t\t\t\t\t\t\t\t\t\t\t\t\t\t<\/div>\n\t\t\t\t\t<\/div>\n\t\t<\/div>\n\t\t\t\t<div class=\"elementor-column elementor-col-14 elementor-inner-column elementor-element elementor-element-83dfdf4\" data-id=\"83dfdf4\" data-element_type=\"column\">\n\t\t\t<div class=\"elementor-widget-wrap elementor-element-populated\">\n\t\t\t\t\t\t<div class=\"elementor-element elementor-element-b765cbc elementor-widget elementor-widget-image\" data-id=\"b765cbc\" data-element_type=\"widget\" data-widget_type=\"image.default\">\n\t\t\t\t\t\t\t\t\t\t\t\t\t\t\t\t<a href=\"#turkak\">\n\t\t\t\t\t\t\t<img loading=\"lazy\" decoding=\"async\" width=\"96\" height=\"150\" src=\"https:\/\/nesiller.com\/wp-content\/uploads\/2025\/03\/turkak-2025.png\" class=\"attachment-thumbnail size-thumbnail wp-image-32736\" alt=\"\" \/>\t\t\t\t\t\t\t\t<\/a>\n\t\t\t\t\t\t\t\t\t\t\t\t\t\t\t<\/div>\n\t\t\t\t\t<\/div>\n\t\t<\/div>\n\t\t\t\t<div class=\"elementor-column elementor-col-14 elementor-inner-column elementor-element elementor-element-ba7a898\" data-id=\"ba7a898\" data-element_type=\"column\">\n\t\t\t<div class=\"elementor-widget-wrap elementor-element-populated\">\n\t\t\t\t\t\t<div class=\"elementor-element elementor-element-1ba590e elementor-widget elementor-widget-image\" data-id=\"1ba590e\" data-element_type=\"widget\" data-widget_type=\"image.default\">\n\t\t\t\t\t\t\t\t\t\t\t\t\t\t\t<img loading=\"lazy\" decoding=\"async\" width=\"150\" height=\"150\" src=\"https:\/\/nesiller.com\/wp-content\/uploads\/2023\/06\/ISO27001-150x150.png\" class=\"attachment-thumbnail size-thumbnail wp-image-30622\" alt=\"iso 27001\" srcset=\"https:\/\/nesiller.com\/wp-content\/uploads\/2023\/06\/ISO27001-150x150.png 150w, https:\/\/nesiller.com\/wp-content\/uploads\/2023\/06\/ISO27001.png 200w\" sizes=\"(max-width: 150px) 100vw, 150px\" \/>\t\t\t\t\t\t\t\t\t\t\t\t\t\t\t<\/div>\n\t\t\t\t\t<\/div>\n\t\t<\/div>\n\t\t\t\t\t<\/div>\n\t\t<\/section>\n\t\t\t\t\t<\/div>\n\t\t<\/div>\n\t\t\t\t\t<\/div>\n\t\t<\/section>\n\t\t<div class=\"elementor-element elementor-element-e8352f2 e-flex e-con-boxed e-con e-parent\" data-id=\"e8352f2\" data-element_type=\"container\">\n\t\t\t\t\t<div class=\"e-con-inner\">\n\t\t\t\t<div class=\"elementor-element elementor-element-76bb94f elementor-widget elementor-widget-html\" data-id=\"76bb94f\" data-element_type=\"widget\" data-widget_type=\"html.default\">\n\t\t\t\t\t\n          <div id=\"turkak\" class=\"overlay\">\n            \n\n            <div class=\"popup\">\n              \n\n              <h4>TURKAK<\/h4>\n              \n\n              <a class=\"close\" href=\"#\">\u00d7<\/a>\n              \n\n              <div class=\"popupcontent\" style=\"color: #000; padding: 15px;overflow: scroll; height: 400px;\">\n\n<img decoding=\"async\" src=\"https:\/\/nesiller.com\/wp-content\/uploads\/2023\/10\/TURKAK_1g6jh0hk50sf.jpg\"> \n\n<\/div>\n              \n\n            <\/div>\n            \n\n          <\/div>\n        \t\t\t\t<\/div>\n\t\t\t\t\t<\/div>\n\t\t\t\t<\/div>\n\t\t\t\t<\/div>\n\t\t","protected":false},"excerpt":{"rendered":"<p>Unser Ziel ist es, erstklassige medizinische Gendiagnostik und Beratung anzubieten, um die Erwartungen unserer Patienten, Kliniker und Kunden, die unsere Dienstleistungen erwarten, bestm\u00f6glich zu erf\u00fcllen. Unser ganzheitlicher Qualit\u00e4tsansatz konzentriert sich auf Kundenzufriedenheit, vorbildliche Laborprozesse, vorbildliche klinische Praktiken und kontinuierliche Verbesserung. Unser Qualit\u00e4tsprogramm ist umfassend, pr\u00e4zise und ergebnisorientiert. Wir sind uns der gro\u00dfen Verantwortung bewusst, die [&hellip;]<\/p>\n","protected":false},"author":1,"featured_media":0,"parent":0,"menu_order":0,"comment_status":"closed","ping_status":"closed","template":"","meta":{"_monsterinsights_skip_tracking":false,"_monsterinsights_sitenote_active":false,"_monsterinsights_sitenote_note":"","_monsterinsights_sitenote_category":0,"footnotes":""},"class_list":["post-28389","page","type-page","status-publish","hentry"],"acf":[],"yoast_head":"<!-- This site is optimized with the Yoast SEO Premium plugin v26.2 (Yoast SEO v27.3) - https:\/\/yoast.com\/product\/yoast-seo-premium-wordpress\/ -->\n<title>UNSER VERST\u00c4NDNIS VON QUALIT\u00c4T - Nesiller Genetic Center<\/title>\n<meta name=\"description\" content=\"UNSER VERST\u00c4NDNIS VON QUALIT\u00c4T -\" \/>\n<meta name=\"robots\" content=\"index, follow, max-snippet:-1, max-image-preview:large, max-video-preview:-1\" \/>\n<link rel=\"canonical\" href=\"https:\/\/nesiller.com\/de\/unser-verstaendnis-von-qualitaet\/\" \/>\n<meta property=\"og:locale\" content=\"de_DE\" \/>\n<meta property=\"og:type\" content=\"article\" \/>\n<meta property=\"og:title\" content=\"UNSER VERST\u00c4NDNIS VON QUALIT\u00c4T\" \/>\n<meta property=\"og:description\" content=\"Unser Ziel ist es, erstklassige medizinische Gendiagnostik und Beratung anzubieten, um die Erwartungen unserer Patienten, Kliniker und Kunden, die unsere\" \/>\n<meta property=\"og:url\" content=\"https:\/\/nesiller.com\/de\/unser-verstaendnis-von-qualitaet\/\" \/>\n<meta property=\"og:site_name\" content=\"Nesiller Genetic Center\" \/>\n<meta property=\"article:publisher\" content=\"https:\/\/www.facebook.com\/NesillerGenetik\" \/>\n<meta property=\"article:modified_time\" content=\"2025-03-06T07:41:34+00:00\" \/>\n<meta property=\"og:image\" content=\"https:\/\/nesiller.com\/wp-content\/uploads\/2023\/03\/quality-control-4jhg09las4.jpg\" \/>\n\t<meta property=\"og:image:width\" content=\"587\" \/>\n\t<meta property=\"og:image:height\" content=\"980\" \/>\n\t<meta property=\"og:image:type\" content=\"image\/jpeg\" \/>\n<meta name=\"twitter:card\" content=\"summary_large_image\" \/>\n<meta name=\"twitter:site\" content=\"@NesillerGenetik\" \/>\n<script type=\"application\/ld+json\" class=\"yoast-schema-graph\">{\"@context\":\"https:\\\/\\\/schema.org\",\"@graph\":[{\"@type\":\"WebPage\",\"@id\":\"https:\\\/\\\/nesiller.com\\\/de\\\/unser-verstaendnis-von-qualitaet\\\/\",\"url\":\"https:\\\/\\\/nesiller.com\\\/de\\\/unser-verstaendnis-von-qualitaet\\\/\",\"name\":\"UNSER VERST\u00c4NDNIS VON QUALIT\u00c4T - Nesiller Genetic Center\",\"isPartOf\":{\"@id\":\"https:\\\/\\\/nesiller.com\\\/de\\\/#website\"},\"primaryImageOfPage\":{\"@id\":\"https:\\\/\\\/nesiller.com\\\/de\\\/unser-verstaendnis-von-qualitaet\\\/#primaryimage\"},\"image\":{\"@id\":\"https:\\\/\\\/nesiller.com\\\/de\\\/unser-verstaendnis-von-qualitaet\\\/#primaryimage\"},\"thumbnailUrl\":\"https:\\\/\\\/nesiller.com\\\/wp-content\\\/uploads\\\/2023\\\/03\\\/quality-control-4jhg09las4.jpg\",\"datePublished\":\"2023-03-27T16:51:05+00:00\",\"dateModified\":\"2025-03-06T07:41:34+00:00\",\"description\":\"UNSER VERST\u00c4NDNIS VON QUALIT\u00c4T -\",\"breadcrumb\":{\"@id\":\"https:\\\/\\\/nesiller.com\\\/de\\\/unser-verstaendnis-von-qualitaet\\\/#breadcrumb\"},\"inLanguage\":\"de\",\"potentialAction\":[{\"@type\":\"ReadAction\",\"target\":[\"https:\\\/\\\/nesiller.com\\\/de\\\/unser-verstaendnis-von-qualitaet\\\/\"]}]},{\"@type\":\"ImageObject\",\"inLanguage\":\"de\",\"@id\":\"https:\\\/\\\/nesiller.com\\\/de\\\/unser-verstaendnis-von-qualitaet\\\/#primaryimage\",\"url\":\"https:\\\/\\\/nesiller.com\\\/wp-content\\\/uploads\\\/2023\\\/03\\\/quality-control-4jhg09las4.jpg\",\"contentUrl\":\"https:\\\/\\\/nesiller.com\\\/wp-content\\\/uploads\\\/2023\\\/03\\\/quality-control-4jhg09las4.jpg\"},{\"@type\":\"BreadcrumbList\",\"@id\":\"https:\\\/\\\/nesiller.com\\\/de\\\/unser-verstaendnis-von-qualitaet\\\/#breadcrumb\",\"itemListElement\":[{\"@type\":\"ListItem\",\"position\":1,\"name\":\"Home\",\"item\":\"https:\\\/\\\/nesiller.com\\\/de\\\/startseite-2\\\/\"},{\"@type\":\"ListItem\",\"position\":2,\"name\":\"UNSER VERST\u00c4NDNIS VON QUALIT\u00c4T\"}]},{\"@type\":\"WebSite\",\"@id\":\"https:\\\/\\\/nesiller.com\\\/de\\\/#website\",\"url\":\"https:\\\/\\\/nesiller.com\\\/de\\\/\",\"name\":\"Nesiller Genetik\",\"description\":\"Nesiller, the name of genetic expertise in Istanbul\",\"publisher\":{\"@id\":\"https:\\\/\\\/nesiller.com\\\/de\\\/#organization\"},\"potentialAction\":[{\"@type\":\"SearchAction\",\"target\":{\"@type\":\"EntryPoint\",\"urlTemplate\":\"https:\\\/\\\/nesiller.com\\\/de\\\/?s={search_term_string}\"},\"query-input\":{\"@type\":\"PropertyValueSpecification\",\"valueRequired\":true,\"valueName\":\"search_term_string\"}}],\"inLanguage\":\"de\"},{\"@type\":\"Organization\",\"@id\":\"https:\\\/\\\/nesiller.com\\\/de\\\/#organization\",\"name\":\"Nesiller Genetik\",\"url\":\"https:\\\/\\\/nesiller.com\\\/de\\\/\",\"logo\":{\"@type\":\"ImageObject\",\"inLanguage\":\"de\",\"@id\":\"https:\\\/\\\/nesiller.com\\\/de\\\/#\\\/schema\\\/logo\\\/image\\\/\",\"url\":\"https:\\\/\\\/nesiller.com\\\/wp-content\\\/uploads\\\/2023\\\/04\\\/nesiller-logo.jpg\",\"contentUrl\":\"https:\\\/\\\/nesiller.com\\\/wp-content\\\/uploads\\\/2023\\\/04\\\/nesiller-logo.jpg\",\"width\":1000,\"height\":700,\"caption\":\"Nesiller Genetik\"},\"image\":{\"@id\":\"https:\\\/\\\/nesiller.com\\\/de\\\/#\\\/schema\\\/logo\\\/image\\\/\"},\"sameAs\":[\"https:\\\/\\\/www.facebook.com\\\/NesillerGenetik\",\"https:\\\/\\\/x.com\\\/NesillerGenetik\"]}]}<\/script>\n<!-- \/ Yoast SEO Premium plugin. -->","yoast_head_json":{"title":"UNSER VERST\u00c4NDNIS VON QUALIT\u00c4T - Nesiller Genetic Center","description":"UNSER VERST\u00c4NDNIS VON QUALIT\u00c4T -","robots":{"index":"index","follow":"follow","max-snippet":"max-snippet:-1","max-image-preview":"max-image-preview:large","max-video-preview":"max-video-preview:-1"},"canonical":"https:\/\/nesiller.com\/de\/unser-verstaendnis-von-qualitaet\/","og_locale":"de_DE","og_type":"article","og_title":"UNSER VERST\u00c4NDNIS VON QUALIT\u00c4T","og_description":"Unser Ziel ist es, erstklassige medizinische Gendiagnostik und Beratung anzubieten, um die Erwartungen unserer Patienten, Kliniker und Kunden, die unsere","og_url":"https:\/\/nesiller.com\/de\/unser-verstaendnis-von-qualitaet\/","og_site_name":"Nesiller Genetic Center","article_publisher":"https:\/\/www.facebook.com\/NesillerGenetik","article_modified_time":"2025-03-06T07:41:34+00:00","og_image":[{"width":587,"height":980,"url":"https:\/\/nesiller.com\/wp-content\/uploads\/2023\/03\/quality-control-4jhg09las4.jpg","type":"image\/jpeg"}],"twitter_card":"summary_large_image","twitter_site":"@NesillerGenetik","schema":{"@context":"https:\/\/schema.org","@graph":[{"@type":"WebPage","@id":"https:\/\/nesiller.com\/de\/unser-verstaendnis-von-qualitaet\/","url":"https:\/\/nesiller.com\/de\/unser-verstaendnis-von-qualitaet\/","name":"UNSER VERST\u00c4NDNIS VON QUALIT\u00c4T - Nesiller Genetic Center","isPartOf":{"@id":"https:\/\/nesiller.com\/de\/#website"},"primaryImageOfPage":{"@id":"https:\/\/nesiller.com\/de\/unser-verstaendnis-von-qualitaet\/#primaryimage"},"image":{"@id":"https:\/\/nesiller.com\/de\/unser-verstaendnis-von-qualitaet\/#primaryimage"},"thumbnailUrl":"https:\/\/nesiller.com\/wp-content\/uploads\/2023\/03\/quality-control-4jhg09las4.jpg","datePublished":"2023-03-27T16:51:05+00:00","dateModified":"2025-03-06T07:41:34+00:00","description":"UNSER VERST\u00c4NDNIS VON QUALIT\u00c4T -","breadcrumb":{"@id":"https:\/\/nesiller.com\/de\/unser-verstaendnis-von-qualitaet\/#breadcrumb"},"inLanguage":"de","potentialAction":[{"@type":"ReadAction","target":["https:\/\/nesiller.com\/de\/unser-verstaendnis-von-qualitaet\/"]}]},{"@type":"ImageObject","inLanguage":"de","@id":"https:\/\/nesiller.com\/de\/unser-verstaendnis-von-qualitaet\/#primaryimage","url":"https:\/\/nesiller.com\/wp-content\/uploads\/2023\/03\/quality-control-4jhg09las4.jpg","contentUrl":"https:\/\/nesiller.com\/wp-content\/uploads\/2023\/03\/quality-control-4jhg09las4.jpg"},{"@type":"BreadcrumbList","@id":"https:\/\/nesiller.com\/de\/unser-verstaendnis-von-qualitaet\/#breadcrumb","itemListElement":[{"@type":"ListItem","position":1,"name":"Home","item":"https:\/\/nesiller.com\/de\/startseite-2\/"},{"@type":"ListItem","position":2,"name":"UNSER VERST\u00c4NDNIS VON QUALIT\u00c4T"}]},{"@type":"WebSite","@id":"https:\/\/nesiller.com\/de\/#website","url":"https:\/\/nesiller.com\/de\/","name":"Nesiller Genetik","description":"Nesiller, the name of genetic expertise in Istanbul","publisher":{"@id":"https:\/\/nesiller.com\/de\/#organization"},"potentialAction":[{"@type":"SearchAction","target":{"@type":"EntryPoint","urlTemplate":"https:\/\/nesiller.com\/de\/?s={search_term_string}"},"query-input":{"@type":"PropertyValueSpecification","valueRequired":true,"valueName":"search_term_string"}}],"inLanguage":"de"},{"@type":"Organization","@id":"https:\/\/nesiller.com\/de\/#organization","name":"Nesiller Genetik","url":"https:\/\/nesiller.com\/de\/","logo":{"@type":"ImageObject","inLanguage":"de","@id":"https:\/\/nesiller.com\/de\/#\/schema\/logo\/image\/","url":"https:\/\/nesiller.com\/wp-content\/uploads\/2023\/04\/nesiller-logo.jpg","contentUrl":"https:\/\/nesiller.com\/wp-content\/uploads\/2023\/04\/nesiller-logo.jpg","width":1000,"height":700,"caption":"Nesiller Genetik"},"image":{"@id":"https:\/\/nesiller.com\/de\/#\/schema\/logo\/image\/"},"sameAs":["https:\/\/www.facebook.com\/NesillerGenetik","https:\/\/x.com\/NesillerGenetik"]}]}},"rttpg_featured_image_url":null,"rttpg_author":{"display_name":"admin","author_link":"https:\/\/nesiller.com\/de\/author\/admin\/"},"rttpg_comment":0,"rttpg_category":" <a href=\"https:\/\/nesiller.com\/de\/?taxonomy=translation_priority&#038;term=optional-de\" rel=\"tag\">Optional<\/a>","rttpg_excerpt":"Unser Ziel ist es, erstklassige medizinische Gendiagnostik und Beratung anzubieten, um die Erwartungen unserer Patienten, Kliniker und Kunden, die unsere Dienstleistungen erwarten, bestm\u00f6glich zu erf\u00fcllen. Unser ganzheitlicher Qualit\u00e4tsansatz konzentriert sich auf Kundenzufriedenheit, vorbildliche Laborprozesse, vorbildliche klinische Praktiken und kontinuierliche Verbesserung. Unser Qualit\u00e4tsprogramm ist umfassend, pr\u00e4zise und ergebnisorientiert. Wir sind uns der gro\u00dfen Verantwortung bewusst, die&hellip;","_links":{"self":[{"href":"https:\/\/nesiller.com\/de\/wp-json\/wp\/v2\/pages\/28389","targetHints":{"allow":["GET"]}}],"collection":[{"href":"https:\/\/nesiller.com\/de\/wp-json\/wp\/v2\/pages"}],"about":[{"href":"https:\/\/nesiller.com\/de\/wp-json\/wp\/v2\/types\/page"}],"author":[{"embeddable":true,"href":"https:\/\/nesiller.com\/de\/wp-json\/wp\/v2\/users\/1"}],"replies":[{"embeddable":true,"href":"https:\/\/nesiller.com\/de\/wp-json\/wp\/v2\/comments?post=28389"}],"version-history":[{"count":2,"href":"https:\/\/nesiller.com\/de\/wp-json\/wp\/v2\/pages\/28389\/revisions"}],"predecessor-version":[{"id":32746,"href":"https:\/\/nesiller.com\/de\/wp-json\/wp\/v2\/pages\/28389\/revisions\/32746"}],"wp:attachment":[{"href":"https:\/\/nesiller.com\/de\/wp-json\/wp\/v2\/media?parent=28389"}],"curies":[{"name":"wp","href":"https:\/\/api.w.org\/{rel}","templated":true}]}}