{"id":28367,"date":"2023-03-27T19:13:08","date_gmt":"2023-03-27T16:13:08","guid":{"rendered":"https:\/\/nesiller.com\/unsere-fe-projekte\/"},"modified":"2023-05-05T17:27:47","modified_gmt":"2023-05-05T14:27:47","slug":"unsere-fe-projekte","status":"publish","type":"page","link":"https:\/\/nesiller.com\/de\/unsere-fe-projekte\/","title":{"rendered":"UNSERE F&amp;E-PROJEKTE"},"content":{"rendered":"\t\t<div data-elementor-type=\"wp-page\" data-elementor-id=\"28367\" class=\"elementor elementor-28367 elementor-20932\">\n\t\t\t\t\t\t<section class=\"elementor-section elementor-top-section elementor-element elementor-element-d27f357 elementor-section-boxed elementor-section-height-default elementor-section-height-default\" data-id=\"d27f357\" data-element_type=\"section\">\n\t\t\t\t\t\t<div class=\"elementor-container elementor-column-gap-default\">\n\t\t\t\t\t<div class=\"elementor-column elementor-col-100 elementor-top-column elementor-element elementor-element-033a0e2\" data-id=\"033a0e2\" data-element_type=\"column\">\n\t\t\t<div class=\"elementor-widget-wrap elementor-element-populated\">\n\t\t\t\t\t\t<section class=\"elementor-section elementor-inner-section elementor-element elementor-element-e02f9c8 elementor-section-boxed elementor-section-height-default elementor-section-height-default\" data-id=\"e02f9c8\" data-element_type=\"section\">\n\t\t\t\t\t\t<div class=\"elementor-container elementor-column-gap-default\">\n\t\t\t\t\t<div class=\"elementor-column elementor-col-50 elementor-inner-column elementor-element elementor-element-f4bbb89\" data-id=\"f4bbb89\" data-element_type=\"column\">\n\t\t\t<div class=\"elementor-widget-wrap elementor-element-populated\">\n\t\t\t\t\t\t<div class=\"elementor-element elementor-element-2e8c2b1 elementor-widget elementor-widget-text-editor\" data-id=\"2e8c2b1\" data-element_type=\"widget\" data-widget_type=\"text-editor.default\">\n\t\t\t\t\t\t\t\t\t<p style=\"font-family: var(--tp-ff-p);\">Mit unserer Identit\u00e4t als Gendiagnosezentrum unterst\u00fctzen wir nicht nur die Diagnose und Behandlung von Krankheiten mit den genetischen Ergebnissen, die wir in allen Bereichen der Medizin liefern, sondern konzentrieren uns auch auf Forschung und Entwicklung und bieten neue L\u00f6sungen in der Gendiagnose. In dieser Richtung haben wir bisher drei Projekte mit der Unterst\u00fctzung von T\u00fcbitak realisiert.<\/p>\n<p style=\"font-family: var(--tp-ff-p);\">\n<h4>Abgeschlossene Projekte<\/h4>\n<div> <\/div>\n<p style=\"font-family: var(--tp-ff-p);\">\n            <span style=\"font-weight: bold; font-family: sans-serif;\">Beta-Thalass\u00e4mie (Mittelmeeran\u00e4mie) diagnostischer Test in der Pr\u00e4implantationsdiagnostik<\/span>\n          <\/p>\n<p style=\"font-family: var(--tp-ff-p);\">Entwicklung eines Diagnosekits zum Screening auf genetische St\u00f6rungen, die diese in unserer Region sehr h\u00e4ufige Krankheit verursachen.<\/p><\/p>\n\t\t\t\t\t\t\t\t<\/div>\n\t\t\t\t\t<\/div>\n\t\t<\/div>\n\t\t\t\t<div class=\"elementor-column elementor-col-50 elementor-inner-column elementor-element elementor-element-9a8b7b3\" data-id=\"9a8b7b3\" data-element_type=\"column\">\n\t\t\t<div class=\"elementor-widget-wrap elementor-element-populated\">\n\t\t\t\t\t\t<div class=\"elementor-element elementor-element-c8e56c1 elementor-widget elementor-widget-image\" data-id=\"c8e56c1\" data-element_type=\"widget\" data-widget_type=\"image.default\">\n\t\t\t\t\t\t\t\t\t\t\t\t\t\t\t<img fetchpriority=\"high\" decoding=\"async\" width=\"640\" height=\"373\" src=\"https:\/\/nesiller.com\/wp-content\/uploads\/2023\/04\/tubitak-hakkinda-bilgiler-1024x597-1.jpg\" class=\"attachment-large size-large wp-image-27659\" alt=\"\" srcset=\"https:\/\/nesiller.com\/wp-content\/uploads\/2023\/04\/tubitak-hakkinda-bilgiler-1024x597-1.jpg 1024w, https:\/\/nesiller.com\/wp-content\/uploads\/2023\/04\/tubitak-hakkinda-bilgiler-1024x597-1-300x175.jpg 300w, https:\/\/nesiller.com\/wp-content\/uploads\/2023\/04\/tubitak-hakkinda-bilgiler-1024x597-1-768x448.jpg 768w\" sizes=\"(max-width: 640px) 100vw, 640px\" \/>\t\t\t\t\t\t\t\t\t\t\t\t\t\t\t<\/div>\n\t\t\t\t\t<\/div>\n\t\t<\/div>\n\t\t\t\t\t<\/div>\n\t\t<\/section>\n\t\t\t\t<section class=\"elementor-section elementor-inner-section elementor-element elementor-element-47106b8 elementor-section-boxed elementor-section-height-default elementor-section-height-default\" data-id=\"47106b8\" data-element_type=\"section\">\n\t\t\t\t\t\t<div class=\"elementor-container elementor-column-gap-default\">\n\t\t\t\t\t<div class=\"elementor-column elementor-col-50 elementor-inner-column elementor-element elementor-element-a95c923\" data-id=\"a95c923\" data-element_type=\"column\">\n\t\t\t<div class=\"elementor-widget-wrap elementor-element-populated\">\n\t\t\t\t\t\t<div class=\"elementor-element elementor-element-9a0af23 elementor-widget elementor-widget-image\" data-id=\"9a0af23\" data-element_type=\"widget\" data-widget_type=\"image.default\">\n\t\t\t\t\t\t\t\t\t\t\t\t\t\t\t<img decoding=\"async\" width=\"640\" height=\"373\" src=\"https:\/\/nesiller.com\/wp-content\/uploads\/2023\/04\/lab-303.jpg\" class=\"attachment-large size-large wp-image-27665\" alt=\"\" srcset=\"https:\/\/nesiller.com\/wp-content\/uploads\/2023\/04\/lab-303.jpg 1024w, https:\/\/nesiller.com\/wp-content\/uploads\/2023\/04\/lab-303-300x175.jpg 300w, https:\/\/nesiller.com\/wp-content\/uploads\/2023\/04\/lab-303-768x448.jpg 768w\" sizes=\"(max-width: 640px) 100vw, 640px\" \/>\t\t\t\t\t\t\t\t\t\t\t\t\t\t\t<\/div>\n\t\t\t\t\t<\/div>\n\t\t<\/div>\n\t\t\t\t<div class=\"elementor-column elementor-col-50 elementor-inner-column elementor-element elementor-element-99b3d70\" data-id=\"99b3d70\" data-element_type=\"column\">\n\t\t\t<div class=\"elementor-widget-wrap elementor-element-populated\">\n\t\t\t\t\t\t<div class=\"elementor-element elementor-element-b761a0b elementor-widget elementor-widget-text-editor\" data-id=\"b761a0b\" data-element_type=\"widget\" data-widget_type=\"text-editor.default\">\n\t\t\t\t\t\t\t\t\t<p>\n            <b style=\"background-color: var(--bs-body-bg); text-align: var(--bs-body-text-align);\">Bestimmung des fetalen Rh-Faktors durch NIPT<\/b>\n          <\/p>\n<p>Heute ist es nicht mehr notwendig, auf interventionelle Methoden zur\u00fcckzugreifen, um die chromosomale Struktur des F\u00f6tus im Mutterleib zu bestimmen. Die Entwicklung eines Kits zur Bestimmung des Rh-Faktors, der eine Blutunvertr\u00e4glichkeit verursacht, w\u00e4hrend die Babys im Mutterleib sind (in der 6. Schwangerschaftswoche). Ziel ist es, den \u00c4rzten die M\u00f6glichkeit zu geben, alle Probleme zu l\u00f6sen, die w\u00e4hrend der Schwangerschaft im Zusammenhang mit einer Blutunvertr\u00e4glichkeit auftreten k\u00f6nnen, indem sie fr\u00fchzeitig Informationen erhalten.<\/p>\n\t\t\t\t\t\t\t\t<\/div>\n\t\t\t\t\t<\/div>\n\t\t<\/div>\n\t\t\t\t\t<\/div>\n\t\t<\/section>\n\t\t\t\t<section class=\"elementor-section elementor-inner-section elementor-element elementor-element-6d816f9 elementor-section-boxed elementor-section-height-default elementor-section-height-default\" data-id=\"6d816f9\" data-element_type=\"section\">\n\t\t\t\t\t\t<div class=\"elementor-container elementor-column-gap-default\">\n\t\t\t\t\t<div class=\"elementor-column elementor-col-50 elementor-inner-column elementor-element elementor-element-1017a28\" data-id=\"1017a28\" data-element_type=\"column\">\n\t\t\t<div class=\"elementor-widget-wrap elementor-element-populated\">\n\t\t\t\t\t\t<div class=\"elementor-element elementor-element-fa7cbf0 elementor-widget elementor-widget-text-editor\" data-id=\"fa7cbf0\" data-element_type=\"widget\" data-widget_type=\"text-editor.default\">\n\t\t\t\t\t\t\t\t\t<p style=\"font-family: var(--tp-ff-p);\">\n            <span style=\"font-weight: bold; font-family: sans-serif;\">CML-Diagnose und Behandlungsverlauf \u2013 BCR\/ABL-Fusionsprotein<\/span>\n          <\/p>\n<p style=\"font-family: var(--tp-ff-p);\">Entwicklung eines auf genetisches Screening ausgerichteten Kits f\u00fcr die Diagnose und Therapiekontrolle der chronischen myeloischen Leuk\u00e4mie (CML)<\/p>\n\t\t\t\t\t\t\t\t<\/div>\n\t\t\t\t\t<\/div>\n\t\t<\/div>\n\t\t\t\t<div class=\"elementor-column elementor-col-50 elementor-inner-column elementor-element elementor-element-3c5fd5a\" data-id=\"3c5fd5a\" data-element_type=\"column\">\n\t\t\t<div class=\"elementor-widget-wrap\">\n\t\t\t\t\t\t\t<\/div>\n\t\t<\/div>\n\t\t\t\t\t<\/div>\n\t\t<\/section>\n\t\t\t\t\t<\/div>\n\t\t<\/div>\n\t\t\t\t\t<\/div>\n\t\t<\/section>\n\t\t\t\t<\/div>\n\t\t","protected":false},"excerpt":{"rendered":"<p>Mit unserer Identit\u00e4t als Gendiagnosezentrum unterst\u00fctzen wir nicht nur die Diagnose und Behandlung von Krankheiten mit den genetischen Ergebnissen, die wir in allen Bereichen der Medizin liefern, sondern konzentrieren uns auch auf Forschung und Entwicklung und bieten neue L\u00f6sungen in der Gendiagnose. In dieser Richtung haben wir bisher drei Projekte mit der Unterst\u00fctzung von T\u00fcbitak [&hellip;]<\/p>\n","protected":false},"author":1,"featured_media":0,"parent":0,"menu_order":0,"comment_status":"closed","ping_status":"closed","template":"","meta":{"_monsterinsights_skip_tracking":false,"_monsterinsights_sitenote_active":false,"_monsterinsights_sitenote_note":"","_monsterinsights_sitenote_category":0,"footnotes":""},"class_list":["post-28367","page","type-page","status-publish","hentry"],"acf":[],"yoast_head":"<!-- This site is optimized with the Yoast SEO Premium plugin v26.2 (Yoast SEO v27.5) - https:\/\/yoast.com\/product\/yoast-seo-premium-wordpress\/ -->\n<title>UNSERE F&amp;E-PROJEKTE - Nesiller Genetic Center<\/title>\n<meta name=\"description\" content=\"UNSERE F&amp;E-PROJEKTE -\" \/>\n<meta name=\"robots\" content=\"index, follow, max-snippet:-1, max-image-preview:large, max-video-preview:-1\" \/>\n<link rel=\"canonical\" href=\"https:\/\/nesiller.com\/de\/unsere-fe-projekte\/\" \/>\n<meta property=\"og:locale\" content=\"de_DE\" \/>\n<meta property=\"og:type\" content=\"article\" \/>\n<meta property=\"og:title\" content=\"UNSERE F&amp;E-PROJEKTE\" \/>\n<meta property=\"og:description\" content=\"Mit unserer Identit\u00e4t als Gendiagnosezentrum unterst\u00fctzen wir nicht nur die Diagnose und Behandlung von Krankheiten mit den genetischen Ergebnissen, die\" \/>\n<meta property=\"og:url\" content=\"https:\/\/nesiller.com\/de\/unsere-fe-projekte\/\" \/>\n<meta property=\"og:site_name\" content=\"Nesiller Genetic Center\" \/>\n<meta property=\"article:publisher\" content=\"https:\/\/www.facebook.com\/NesillerGenetik\" \/>\n<meta property=\"article:modified_time\" content=\"2023-05-05T14:27:47+00:00\" \/>\n<meta property=\"og:image\" content=\"https:\/\/nesiller.com\/wp-content\/uploads\/2023\/04\/tubitak-hakkinda-bilgiler-1024x597-1.jpg\" \/>\n<meta name=\"twitter:card\" content=\"summary_large_image\" \/>\n<meta name=\"twitter:site\" content=\"@NesillerGenetik\" \/>\n<script type=\"application\/ld+json\" class=\"yoast-schema-graph\">{\"@context\":\"https:\\\/\\\/schema.org\",\"@graph\":[{\"@type\":\"WebPage\",\"@id\":\"https:\\\/\\\/nesiller.com\\\/de\\\/unsere-fe-projekte\\\/\",\"url\":\"https:\\\/\\\/nesiller.com\\\/de\\\/unsere-fe-projekte\\\/\",\"name\":\"UNSERE F&amp;E-PROJEKTE - Nesiller Genetic Center\",\"isPartOf\":{\"@id\":\"https:\\\/\\\/nesiller.com\\\/de\\\/#website\"},\"primaryImageOfPage\":{\"@id\":\"https:\\\/\\\/nesiller.com\\\/de\\\/unsere-fe-projekte\\\/#primaryimage\"},\"image\":{\"@id\":\"https:\\\/\\\/nesiller.com\\\/de\\\/unsere-fe-projekte\\\/#primaryimage\"},\"thumbnailUrl\":\"https:\\\/\\\/nesiller.com\\\/wp-content\\\/uploads\\\/2023\\\/04\\\/tubitak-hakkinda-bilgiler-1024x597-1.jpg\",\"datePublished\":\"2023-03-27T16:13:08+00:00\",\"dateModified\":\"2023-05-05T14:27:47+00:00\",\"description\":\"UNSERE F&amp;E-PROJEKTE -\",\"breadcrumb\":{\"@id\":\"https:\\\/\\\/nesiller.com\\\/de\\\/unsere-fe-projekte\\\/#breadcrumb\"},\"inLanguage\":\"de\",\"potentialAction\":[{\"@type\":\"ReadAction\",\"target\":[\"https:\\\/\\\/nesiller.com\\\/de\\\/unsere-fe-projekte\\\/\"]}]},{\"@type\":\"ImageObject\",\"inLanguage\":\"de\",\"@id\":\"https:\\\/\\\/nesiller.com\\\/de\\\/unsere-fe-projekte\\\/#primaryimage\",\"url\":\"https:\\\/\\\/nesiller.com\\\/wp-content\\\/uploads\\\/2023\\\/04\\\/tubitak-hakkinda-bilgiler-1024x597-1.jpg\",\"contentUrl\":\"https:\\\/\\\/nesiller.com\\\/wp-content\\\/uploads\\\/2023\\\/04\\\/tubitak-hakkinda-bilgiler-1024x597-1.jpg\"},{\"@type\":\"BreadcrumbList\",\"@id\":\"https:\\\/\\\/nesiller.com\\\/de\\\/unsere-fe-projekte\\\/#breadcrumb\",\"itemListElement\":[{\"@type\":\"ListItem\",\"position\":1,\"name\":\"Home\",\"item\":\"https:\\\/\\\/nesiller.com\\\/de\\\/startseite-2\\\/\"},{\"@type\":\"ListItem\",\"position\":2,\"name\":\"UNSERE F&amp;E-PROJEKTE\"}]},{\"@type\":\"WebSite\",\"@id\":\"https:\\\/\\\/nesiller.com\\\/de\\\/#website\",\"url\":\"https:\\\/\\\/nesiller.com\\\/de\\\/\",\"name\":\"Nesiller Genetik\",\"description\":\"Nesiller, the name of genetic expertise in Istanbul\",\"publisher\":{\"@id\":\"https:\\\/\\\/nesiller.com\\\/de\\\/#organization\"},\"potentialAction\":[{\"@type\":\"SearchAction\",\"target\":{\"@type\":\"EntryPoint\",\"urlTemplate\":\"https:\\\/\\\/nesiller.com\\\/de\\\/?s={search_term_string}\"},\"query-input\":{\"@type\":\"PropertyValueSpecification\",\"valueRequired\":true,\"valueName\":\"search_term_string\"}}],\"inLanguage\":\"de\"},{\"@type\":\"Organization\",\"@id\":\"https:\\\/\\\/nesiller.com\\\/de\\\/#organization\",\"name\":\"Nesiller Genetik\",\"url\":\"https:\\\/\\\/nesiller.com\\\/de\\\/\",\"logo\":{\"@type\":\"ImageObject\",\"inLanguage\":\"de\",\"@id\":\"https:\\\/\\\/nesiller.com\\\/de\\\/#\\\/schema\\\/logo\\\/image\\\/\",\"url\":\"https:\\\/\\\/nesiller.com\\\/wp-content\\\/uploads\\\/2023\\\/04\\\/nesiller-logo.jpg\",\"contentUrl\":\"https:\\\/\\\/nesiller.com\\\/wp-content\\\/uploads\\\/2023\\\/04\\\/nesiller-logo.jpg\",\"width\":1000,\"height\":700,\"caption\":\"Nesiller Genetik\"},\"image\":{\"@id\":\"https:\\\/\\\/nesiller.com\\\/de\\\/#\\\/schema\\\/logo\\\/image\\\/\"},\"sameAs\":[\"https:\\\/\\\/www.facebook.com\\\/NesillerGenetik\",\"https:\\\/\\\/x.com\\\/NesillerGenetik\"]}]}<\/script>\n<!-- \/ Yoast SEO Premium plugin. -->","yoast_head_json":{"title":"UNSERE F&amp;E-PROJEKTE - Nesiller Genetic Center","description":"UNSERE F&amp;E-PROJEKTE -","robots":{"index":"index","follow":"follow","max-snippet":"max-snippet:-1","max-image-preview":"max-image-preview:large","max-video-preview":"max-video-preview:-1"},"canonical":"https:\/\/nesiller.com\/de\/unsere-fe-projekte\/","og_locale":"de_DE","og_type":"article","og_title":"UNSERE F&amp;E-PROJEKTE","og_description":"Mit unserer Identit\u00e4t als Gendiagnosezentrum unterst\u00fctzen wir nicht nur die Diagnose und Behandlung von Krankheiten mit den genetischen Ergebnissen, die","og_url":"https:\/\/nesiller.com\/de\/unsere-fe-projekte\/","og_site_name":"Nesiller Genetic Center","article_publisher":"https:\/\/www.facebook.com\/NesillerGenetik","article_modified_time":"2023-05-05T14:27:47+00:00","og_image":[{"url":"https:\/\/nesiller.com\/wp-content\/uploads\/2023\/04\/tubitak-hakkinda-bilgiler-1024x597-1.jpg","type":"","width":"","height":""}],"twitter_card":"summary_large_image","twitter_site":"@NesillerGenetik","schema":{"@context":"https:\/\/schema.org","@graph":[{"@type":"WebPage","@id":"https:\/\/nesiller.com\/de\/unsere-fe-projekte\/","url":"https:\/\/nesiller.com\/de\/unsere-fe-projekte\/","name":"UNSERE F&amp;E-PROJEKTE - Nesiller Genetic Center","isPartOf":{"@id":"https:\/\/nesiller.com\/de\/#website"},"primaryImageOfPage":{"@id":"https:\/\/nesiller.com\/de\/unsere-fe-projekte\/#primaryimage"},"image":{"@id":"https:\/\/nesiller.com\/de\/unsere-fe-projekte\/#primaryimage"},"thumbnailUrl":"https:\/\/nesiller.com\/wp-content\/uploads\/2023\/04\/tubitak-hakkinda-bilgiler-1024x597-1.jpg","datePublished":"2023-03-27T16:13:08+00:00","dateModified":"2023-05-05T14:27:47+00:00","description":"UNSERE F&amp;E-PROJEKTE -","breadcrumb":{"@id":"https:\/\/nesiller.com\/de\/unsere-fe-projekte\/#breadcrumb"},"inLanguage":"de","potentialAction":[{"@type":"ReadAction","target":["https:\/\/nesiller.com\/de\/unsere-fe-projekte\/"]}]},{"@type":"ImageObject","inLanguage":"de","@id":"https:\/\/nesiller.com\/de\/unsere-fe-projekte\/#primaryimage","url":"https:\/\/nesiller.com\/wp-content\/uploads\/2023\/04\/tubitak-hakkinda-bilgiler-1024x597-1.jpg","contentUrl":"https:\/\/nesiller.com\/wp-content\/uploads\/2023\/04\/tubitak-hakkinda-bilgiler-1024x597-1.jpg"},{"@type":"BreadcrumbList","@id":"https:\/\/nesiller.com\/de\/unsere-fe-projekte\/#breadcrumb","itemListElement":[{"@type":"ListItem","position":1,"name":"Home","item":"https:\/\/nesiller.com\/de\/startseite-2\/"},{"@type":"ListItem","position":2,"name":"UNSERE F&amp;E-PROJEKTE"}]},{"@type":"WebSite","@id":"https:\/\/nesiller.com\/de\/#website","url":"https:\/\/nesiller.com\/de\/","name":"Nesiller Genetik","description":"Nesiller, the name of genetic expertise in Istanbul","publisher":{"@id":"https:\/\/nesiller.com\/de\/#organization"},"potentialAction":[{"@type":"SearchAction","target":{"@type":"EntryPoint","urlTemplate":"https:\/\/nesiller.com\/de\/?s={search_term_string}"},"query-input":{"@type":"PropertyValueSpecification","valueRequired":true,"valueName":"search_term_string"}}],"inLanguage":"de"},{"@type":"Organization","@id":"https:\/\/nesiller.com\/de\/#organization","name":"Nesiller Genetik","url":"https:\/\/nesiller.com\/de\/","logo":{"@type":"ImageObject","inLanguage":"de","@id":"https:\/\/nesiller.com\/de\/#\/schema\/logo\/image\/","url":"https:\/\/nesiller.com\/wp-content\/uploads\/2023\/04\/nesiller-logo.jpg","contentUrl":"https:\/\/nesiller.com\/wp-content\/uploads\/2023\/04\/nesiller-logo.jpg","width":1000,"height":700,"caption":"Nesiller Genetik"},"image":{"@id":"https:\/\/nesiller.com\/de\/#\/schema\/logo\/image\/"},"sameAs":["https:\/\/www.facebook.com\/NesillerGenetik","https:\/\/x.com\/NesillerGenetik"]}]}},"rttpg_featured_image_url":null,"rttpg_author":{"display_name":"admin","author_link":"https:\/\/nesiller.com\/de\/author\/admin\/"},"rttpg_comment":0,"rttpg_category":false,"rttpg_excerpt":"Mit unserer Identit\u00e4t als Gendiagnosezentrum unterst\u00fctzen wir nicht nur die Diagnose und Behandlung von Krankheiten mit den genetischen Ergebnissen, die wir in allen Bereichen der Medizin liefern, sondern konzentrieren uns auch auf Forschung und Entwicklung und bieten neue L\u00f6sungen in der Gendiagnose. In dieser Richtung haben wir bisher drei Projekte mit der Unterst\u00fctzung von T\u00fcbitak&hellip;","_links":{"self":[{"href":"https:\/\/nesiller.com\/de\/wp-json\/wp\/v2\/pages\/28367","targetHints":{"allow":["GET"]}}],"collection":[{"href":"https:\/\/nesiller.com\/de\/wp-json\/wp\/v2\/pages"}],"about":[{"href":"https:\/\/nesiller.com\/de\/wp-json\/wp\/v2\/types\/page"}],"author":[{"embeddable":true,"href":"https:\/\/nesiller.com\/de\/wp-json\/wp\/v2\/users\/1"}],"replies":[{"embeddable":true,"href":"https:\/\/nesiller.com\/de\/wp-json\/wp\/v2\/comments?post=28367"}],"version-history":[{"count":2,"href":"https:\/\/nesiller.com\/de\/wp-json\/wp\/v2\/pages\/28367\/revisions"}],"predecessor-version":[{"id":29213,"href":"https:\/\/nesiller.com\/de\/wp-json\/wp\/v2\/pages\/28367\/revisions\/29213"}],"wp:attachment":[{"href":"https:\/\/nesiller.com\/de\/wp-json\/wp\/v2\/media?parent=28367"}],"curies":[{"name":"wp","href":"https:\/\/api.w.org\/{rel}","templated":true}]}}