{"id":28346,"date":"2023-03-24T11:03:07","date_gmt":"2023-03-24T08:03:07","guid":{"rendered":"https:\/\/nesiller.com\/unser-team\/"},"modified":"2025-03-06T10:28:30","modified_gmt":"2025-03-06T07:28:30","slug":"unser-team","status":"publish","type":"page","link":"https:\/\/nesiller.com\/de\/unser-team\/","title":{"rendered":"UNSER TEAM"},"content":{"rendered":"\t\t<div data-elementor-type=\"wp-page\" data-elementor-id=\"28346\" class=\"elementor elementor-28346 elementor-20714\">\n\t\t\t\t\t\t<section class=\"elementor-section elementor-top-section elementor-element elementor-element-e6e7a7d elementor-section-boxed elementor-section-height-default elementor-section-height-default\" data-id=\"e6e7a7d\" data-element_type=\"section\">\n\t\t\t\t\t\t<div class=\"elementor-container elementor-column-gap-default\">\n\t\t\t\t\t<div class=\"elementor-column elementor-col-100 elementor-top-column elementor-element elementor-element-99b799a\" data-id=\"99b799a\" data-element_type=\"column\">\n\t\t\t<div class=\"elementor-widget-wrap elementor-element-populated\">\n\t\t\t\t\t\t<section class=\"elementor-section elementor-inner-section elementor-element elementor-element-68f9d50 elementor-section-boxed elementor-section-height-default elementor-section-height-default\" data-id=\"68f9d50\" data-element_type=\"section\">\n\t\t\t\t\t\t<div class=\"elementor-container elementor-column-gap-default\">\n\t\t\t\t\t<div class=\"elementor-column elementor-col-50 elementor-inner-column elementor-element elementor-element-9881983\" data-id=\"9881983\" data-element_type=\"column\">\n\t\t\t<div class=\"elementor-widget-wrap elementor-element-populated\">\n\t\t\t\t\t\t<div class=\"elementor-element elementor-element-01b23aa elementor-widget elementor-widget-text-editor\" data-id=\"01b23aa\" data-element_type=\"widget\" data-widget_type=\"text-editor.default\">\n\t\t\t\t\t\t\t\t\t<h4>Dr. Gulay \u00d6zg\u00f6n<\/h4>\n<p><span style=\"color: #b5bd00;\">Generaldirektor, Experte f\u00fcr klinische Pharmakologie und medizinische Genetik<\/span><span style=\"color: #b5bd00; font-weight: var( --e-global-typography-text-font-weight ); background-color: var(--bs-body-bg); text-align: var(--bs-body-text-align);\">\u0131<\/span><\/p>\n<p>Dr. \u00d6zg\u00f6n schloss seine Sekundarschul- und Hochschulausbildung an der Istanbul Italian High School ab. Nach seinem Abschluss an der medizinischen Fakult\u00e4t der I.U. Cerrahpa\u015fa im Jahr 1997 spezialisierte er sich an derselben Universit\u00e4t auf Pharmakologie und klinische Pharmakologie und promovierte in medizinischer Genetik, einem gemeinsamen Programm der medizinischen Fakult\u00e4ten der I.U. Istanbul und Cerrahpa\u015fa.<\/p>\n<p>Er nahm an verschiedenen Programmen in den Bereichen Psychiatrie, Pharmakologie, fortgeschrittene Molekulargenetik, genetische Beratung, Epilepsiegenetik, medizinische Aspekte von Arzneimittelinteraktionen und kardiovaskul\u00e4re Genetik an Einrichtungen wie dem San Martino Hospital in Genua, dem University College of London, Bertinoro und der University of Florida teil.<\/p>\n<p>Zwischen 2005 und 2007 arbeitete er als Facharzt f\u00fcr Pharmakologie am American Hospital. In den Jahren 2007-2008, als sie als Genetikerin am Memorial Hospital arbeitete, kam sie auf die Idee, ein eigenes Labor im Bereich der Genetik zu gr\u00fcnden, und gr\u00fcndete das Nesiller Genetic Diseases Evaluation Centre, das 2009 eine Lizenz erhielt.<\/p>\n<p>Dr. \u00d6zg\u00f6n arbeitet derzeit als Gr\u00fcndungsdirektor des Nesiller Genetic Diseases Evaluation Centre.<\/p>\n<p>Dr. \u00d6zg\u00f6n spricht flie\u00dfend Englisch und Italienisch und ist Mutter einer Tochter.<\/p>\n\t\t\t\t\t\t\t\t<\/div>\n\t\t\t\t<div class=\"elementor-element elementor-element-d4fd676 elementor-widget elementor-widget-video\" data-id=\"d4fd676\" data-element_type=\"widget\" data-settings=\"{&quot;youtube_url&quot;:&quot;https:\\\/\\\/www.youtube.com\\\/watch?v=Y-QcNbyJePY&quot;,&quot;video_type&quot;:&quot;youtube&quot;,&quot;controls&quot;:&quot;yes&quot;}\" data-widget_type=\"video.default\">\n\t\t\t\t\t\t\t<div class=\"elementor-wrapper elementor-open-inline\">\n\t\t\t<div class=\"elementor-video\"><\/div>\t\t<\/div>\n\t\t\t\t\t\t<\/div>\n\t\t\t\t\t<\/div>\n\t\t<\/div>\n\t\t\t\t<div class=\"elementor-column elementor-col-50 elementor-inner-column elementor-element elementor-element-232014f\" data-id=\"232014f\" data-element_type=\"column\" data-settings=\"{&quot;background_background&quot;:&quot;classic&quot;}\">\n\t\t\t<div class=\"elementor-widget-wrap elementor-element-populated\">\n\t\t\t\t\t\t<div class=\"elementor-element elementor-element-de250a3 elementor-widget elementor-widget-text-editor\" data-id=\"de250a3\" data-element_type=\"widget\" data-widget_type=\"text-editor.default\">\n\t\t\t\t\t\t\t\t\t\n          <p class=\"gulay-qoute\">&#8222;Wir lieben, was wir tun.\n<br>Die Faktoren f\u00fcr unseren Erfolg sind harte Arbeit mit Leidenschaft, der Patient steht an erster Stelle und wir sind als Team vereint, um unser Bestes zu geben.&#8220;<\/p>\n        \t\t\t\t\t\t\t\t<\/div>\n\t\t\t\t\t<\/div>\n\t\t<\/div>\n\t\t\t\t\t<\/div>\n\t\t<\/section>\n\t\t\t\t\t<\/div>\n\t\t<\/div>\n\t\t\t\t\t<\/div>\n\t\t<\/section>\n\t\t\t\t<section class=\"elementor-section elementor-top-section elementor-element elementor-element-a9e2880 elementor-section-boxed elementor-section-height-default elementor-section-height-default\" data-id=\"a9e2880\" data-element_type=\"section\">\n\t\t\t\t\t\t<div class=\"elementor-container elementor-column-gap-no\">\n\t\t\t\t\t<div class=\"elementor-column elementor-col-100 elementor-top-column elementor-element elementor-element-7c4ed80\" data-id=\"7c4ed80\" data-element_type=\"column\">\n\t\t\t<div class=\"elementor-widget-wrap elementor-element-populated\">\n\t\t\t\t\t\t<div class=\"elementor-element elementor-element-2266f20 elementor-widget elementor-widget-heading\" data-id=\"2266f20\" data-element_type=\"widget\" data-widget_type=\"heading.default\">\n\t\t\t\t\t<h4 class=\"elementor-heading-title elementor-size-default\">Alle unsere Erfahrungen sind f\u00fcr unsere Patienten und Kliniker<\/h4>\t\t\t\t<\/div>\n\t\t<div class=\"elementor-element elementor-element-318550b e-con-full e-flex e-con e-parent\" data-id=\"318550b\" data-element_type=\"container\">\n\t\t<div class=\"elementor-element elementor-element-5b0a7a2 e-con-full e-flex e-con e-child\" data-id=\"5b0a7a2\" data-element_type=\"container\" data-settings=\"{&quot;background_background&quot;:&quot;classic&quot;}\">\n\t\t<div class=\"elementor-element elementor-element-9bcf72e e-con-full e-flex e-con e-child\" data-id=\"9bcf72e\" data-element_type=\"container\" data-settings=\"{&quot;background_background&quot;:&quot;classic&quot;}\">\n\t\t\t\t<div class=\"elementor-element elementor-element-33ce1ce elementor-widget elementor-widget-video\" data-id=\"33ce1ce\" data-element_type=\"widget\" data-settings=\"{&quot;youtube_url&quot;:&quot;https:\\\/\\\/www.youtube.com\\\/watch?v=KqSG7aNfz3M&quot;,&quot;video_type&quot;:&quot;youtube&quot;,&quot;controls&quot;:&quot;yes&quot;}\" data-widget_type=\"video.default\">\n\t\t\t\t\t\t\t<div class=\"elementor-wrapper elementor-open-inline\">\n\t\t\t<div class=\"elementor-video\"><\/div>\t\t<\/div>\n\t\t\t\t\t\t<\/div>\n\t\t\t\t<\/div>\n\t\t<div class=\"elementor-element elementor-element-4f4cbc9 e-con-full e-flex e-con e-child\" data-id=\"4f4cbc9\" data-element_type=\"container\" data-settings=\"{&quot;background_background&quot;:&quot;classic&quot;}\">\n\t\t\t\t<div class=\"elementor-element elementor-element-aa9b31b elementor-widget elementor-widget-video\" data-id=\"aa9b31b\" data-element_type=\"widget\" data-settings=\"{&quot;youtube_url&quot;:&quot;https:\\\/\\\/www.youtube.com\\\/watch?v=1l3gFscHvGc&quot;,&quot;video_type&quot;:&quot;youtube&quot;,&quot;controls&quot;:&quot;yes&quot;}\" data-widget_type=\"video.default\">\n\t\t\t\t\t\t\t<div class=\"elementor-wrapper elementor-open-inline\">\n\t\t\t<div class=\"elementor-video\"><\/div>\t\t<\/div>\n\t\t\t\t\t\t<\/div>\n\t\t\t\t<\/div>\n\t\t<div class=\"elementor-element elementor-element-8cb6d55 e-con-full e-flex e-con e-child\" data-id=\"8cb6d55\" data-element_type=\"container\" data-settings=\"{&quot;background_background&quot;:&quot;classic&quot;}\">\n\t\t\t\t<div class=\"elementor-element elementor-element-71c6326 elementor-widget elementor-widget-video\" data-id=\"71c6326\" data-element_type=\"widget\" data-settings=\"{&quot;youtube_url&quot;:&quot;https:\\\/\\\/www.youtube.com\\\/watch?v=BIIzWHAmzPQ&quot;,&quot;video_type&quot;:&quot;youtube&quot;,&quot;controls&quot;:&quot;yes&quot;}\" data-widget_type=\"video.default\">\n\t\t\t\t\t\t\t<div class=\"elementor-wrapper elementor-open-inline\">\n\t\t\t<div class=\"elementor-video\"><\/div>\t\t<\/div>\n\t\t\t\t\t\t<\/div>\n\t\t\t\t<\/div>\n\t\t<div class=\"elementor-element elementor-element-d17a83a e-con-full e-flex e-con e-child\" data-id=\"d17a83a\" data-element_type=\"container\" data-settings=\"{&quot;background_background&quot;:&quot;classic&quot;}\">\n\t\t\t\t<div class=\"elementor-element elementor-element-29fa7bc elementor-widget elementor-widget-video\" data-id=\"29fa7bc\" data-element_type=\"widget\" data-settings=\"{&quot;youtube_url&quot;:&quot;https:\\\/\\\/www.youtube.com\\\/watch?v=gSfsCxZrQj4&quot;,&quot;video_type&quot;:&quot;youtube&quot;,&quot;controls&quot;:&quot;yes&quot;}\" data-widget_type=\"video.default\">\n\t\t\t\t\t\t\t<div class=\"elementor-wrapper elementor-open-inline\">\n\t\t\t<div class=\"elementor-video\"><\/div>\t\t<\/div>\n\t\t\t\t\t\t<\/div>\n\t\t\t\t<\/div>\n\t\t\t\t<\/div>\n\t\t\t\t<\/div>\n\t\t\t\t<div class=\"elementor-element elementor-element-faa1275 elementor-widget elementor-widget-tp-btn\" data-id=\"faa1275\" data-element_type=\"widget\" data-widget_type=\"tp-btn.default\">\n\t\t\t\t<div class=\"elementor-widget-container\">\n\t\t\t\t\t\r\n\r\n<div class=\"tp-btn-box\"> \r\n    <a href=\"https:\/\/nesiller.com\/bize-katilin\/\" target=\"_self\" rel=\"nofollow\" class=\"tp-btn ele-button\">\r\n        MITMACHEN    <\/a>\r\n<\/div>\r\n\r\n\t\t\t\t<\/div>\n\t\t\t\t<\/div>\n\t\t\t\t\t<\/div>\n\t\t<\/div>\n\t\t\t\t\t<\/div>\n\t\t<\/section>\n\t\t\t\t<\/div>\n\t\t","protected":false},"excerpt":{"rendered":"<p>Dr. Gulay \u00d6zg\u00f6n Generaldirektor, Experte f\u00fcr klinische Pharmakologie und medizinische Genetik\u0131 Dr. \u00d6zg\u00f6n schloss seine Sekundarschul- und Hochschulausbildung an der Istanbul Italian High School ab. Nach seinem Abschluss an der medizinischen Fakult\u00e4t der I.U. Cerrahpa\u015fa im Jahr 1997 spezialisierte er sich an derselben Universit\u00e4t auf Pharmakologie und klinische Pharmakologie und promovierte in medizinischer Genetik, einem [&hellip;]<\/p>\n","protected":false},"author":1,"featured_media":0,"parent":0,"menu_order":0,"comment_status":"closed","ping_status":"closed","template":"","meta":{"_monsterinsights_skip_tracking":false,"_monsterinsights_sitenote_active":false,"_monsterinsights_sitenote_note":"","_monsterinsights_sitenote_category":0,"footnotes":""},"class_list":["post-28346","page","type-page","status-publish","hentry"],"acf":[],"yoast_head":"<!-- This site is optimized with the Yoast SEO Premium plugin v26.2 (Yoast SEO v27.3) - https:\/\/yoast.com\/product\/yoast-seo-premium-wordpress\/ -->\n<title>UNSER TEAM - Nesiller Genetic Center<\/title>\n<meta name=\"description\" content=\"UNSER TEAM -\" \/>\n<meta name=\"robots\" content=\"index, follow, max-snippet:-1, max-image-preview:large, max-video-preview:-1\" \/>\n<link rel=\"canonical\" href=\"https:\/\/nesiller.com\/de\/unser-team\/\" \/>\n<meta property=\"og:locale\" content=\"de_DE\" \/>\n<meta property=\"og:type\" content=\"article\" \/>\n<meta property=\"og:title\" content=\"UNSER TEAM\" \/>\n<meta property=\"og:description\" content=\"Dr. Gulay \u00d6zg\u00f6n Generaldirektor, Experte f\u00fcr klinische Pharmakologie und medizinische Genetik\u0131 Dr. \u00d6zg\u00f6n schloss seine Sekundarschul- und\" \/>\n<meta property=\"og:url\" content=\"https:\/\/nesiller.com\/de\/unser-team\/\" \/>\n<meta property=\"og:site_name\" content=\"Nesiller Genetic Center\" \/>\n<meta property=\"article:publisher\" content=\"https:\/\/www.facebook.com\/NesillerGenetik\" \/>\n<meta property=\"article:modified_time\" content=\"2025-03-06T07:28:30+00:00\" \/>\n<meta property=\"og:image\" content=\"https:\/\/nesiller.com\/wp-content\/uploads\/2023\/04\/nesiller-logo.jpg\" \/>\n\t<meta property=\"og:image:width\" content=\"1000\" \/>\n\t<meta property=\"og:image:height\" content=\"700\" \/>\n\t<meta property=\"og:image:type\" content=\"image\/jpeg\" \/>\n<meta name=\"twitter:card\" content=\"summary_large_image\" \/>\n<meta name=\"twitter:site\" content=\"@NesillerGenetik\" \/>\n<script type=\"application\/ld+json\" class=\"yoast-schema-graph\">{\"@context\":\"https:\\\/\\\/schema.org\",\"@graph\":[{\"@type\":\"WebPage\",\"@id\":\"https:\\\/\\\/nesiller.com\\\/de\\\/unser-team\\\/\",\"url\":\"https:\\\/\\\/nesiller.com\\\/de\\\/unser-team\\\/\",\"name\":\"UNSER TEAM - Nesiller Genetic Center\",\"isPartOf\":{\"@id\":\"https:\\\/\\\/nesiller.com\\\/de\\\/#website\"},\"datePublished\":\"2023-03-24T08:03:07+00:00\",\"dateModified\":\"2025-03-06T07:28:30+00:00\",\"description\":\"UNSER TEAM -\",\"breadcrumb\":{\"@id\":\"https:\\\/\\\/nesiller.com\\\/de\\\/unser-team\\\/#breadcrumb\"},\"inLanguage\":\"de\",\"potentialAction\":[{\"@type\":\"ReadAction\",\"target\":[\"https:\\\/\\\/nesiller.com\\\/de\\\/unser-team\\\/\"]}]},{\"@type\":\"BreadcrumbList\",\"@id\":\"https:\\\/\\\/nesiller.com\\\/de\\\/unser-team\\\/#breadcrumb\",\"itemListElement\":[{\"@type\":\"ListItem\",\"position\":1,\"name\":\"Home\",\"item\":\"https:\\\/\\\/nesiller.com\\\/de\\\/startseite-2\\\/\"},{\"@type\":\"ListItem\",\"position\":2,\"name\":\"UNSER TEAM\"}]},{\"@type\":\"WebSite\",\"@id\":\"https:\\\/\\\/nesiller.com\\\/de\\\/#website\",\"url\":\"https:\\\/\\\/nesiller.com\\\/de\\\/\",\"name\":\"Nesiller Genetik\",\"description\":\"Nesiller, the name of genetic expertise in Istanbul\",\"publisher\":{\"@id\":\"https:\\\/\\\/nesiller.com\\\/de\\\/#organization\"},\"potentialAction\":[{\"@type\":\"SearchAction\",\"target\":{\"@type\":\"EntryPoint\",\"urlTemplate\":\"https:\\\/\\\/nesiller.com\\\/de\\\/?s={search_term_string}\"},\"query-input\":{\"@type\":\"PropertyValueSpecification\",\"valueRequired\":true,\"valueName\":\"search_term_string\"}}],\"inLanguage\":\"de\"},{\"@type\":\"Organization\",\"@id\":\"https:\\\/\\\/nesiller.com\\\/de\\\/#organization\",\"name\":\"Nesiller Genetik\",\"url\":\"https:\\\/\\\/nesiller.com\\\/de\\\/\",\"logo\":{\"@type\":\"ImageObject\",\"inLanguage\":\"de\",\"@id\":\"https:\\\/\\\/nesiller.com\\\/de\\\/#\\\/schema\\\/logo\\\/image\\\/\",\"url\":\"https:\\\/\\\/nesiller.com\\\/wp-content\\\/uploads\\\/2023\\\/04\\\/nesiller-logo.jpg\",\"contentUrl\":\"https:\\\/\\\/nesiller.com\\\/wp-content\\\/uploads\\\/2023\\\/04\\\/nesiller-logo.jpg\",\"width\":1000,\"height\":700,\"caption\":\"Nesiller Genetik\"},\"image\":{\"@id\":\"https:\\\/\\\/nesiller.com\\\/de\\\/#\\\/schema\\\/logo\\\/image\\\/\"},\"sameAs\":[\"https:\\\/\\\/www.facebook.com\\\/NesillerGenetik\",\"https:\\\/\\\/x.com\\\/NesillerGenetik\"]}]}<\/script>\n<!-- \/ Yoast SEO Premium plugin. -->","yoast_head_json":{"title":"UNSER TEAM - Nesiller Genetic Center","description":"UNSER TEAM -","robots":{"index":"index","follow":"follow","max-snippet":"max-snippet:-1","max-image-preview":"max-image-preview:large","max-video-preview":"max-video-preview:-1"},"canonical":"https:\/\/nesiller.com\/de\/unser-team\/","og_locale":"de_DE","og_type":"article","og_title":"UNSER TEAM","og_description":"Dr. Gulay \u00d6zg\u00f6n Generaldirektor, Experte f\u00fcr klinische Pharmakologie und medizinische Genetik\u0131 Dr. \u00d6zg\u00f6n schloss seine Sekundarschul- und","og_url":"https:\/\/nesiller.com\/de\/unser-team\/","og_site_name":"Nesiller Genetic Center","article_publisher":"https:\/\/www.facebook.com\/NesillerGenetik","article_modified_time":"2025-03-06T07:28:30+00:00","og_image":[{"width":1000,"height":700,"url":"https:\/\/nesiller.com\/wp-content\/uploads\/2023\/04\/nesiller-logo.jpg","type":"image\/jpeg"}],"twitter_card":"summary_large_image","twitter_site":"@NesillerGenetik","schema":{"@context":"https:\/\/schema.org","@graph":[{"@type":"WebPage","@id":"https:\/\/nesiller.com\/de\/unser-team\/","url":"https:\/\/nesiller.com\/de\/unser-team\/","name":"UNSER TEAM - Nesiller Genetic Center","isPartOf":{"@id":"https:\/\/nesiller.com\/de\/#website"},"datePublished":"2023-03-24T08:03:07+00:00","dateModified":"2025-03-06T07:28:30+00:00","description":"UNSER TEAM -","breadcrumb":{"@id":"https:\/\/nesiller.com\/de\/unser-team\/#breadcrumb"},"inLanguage":"de","potentialAction":[{"@type":"ReadAction","target":["https:\/\/nesiller.com\/de\/unser-team\/"]}]},{"@type":"BreadcrumbList","@id":"https:\/\/nesiller.com\/de\/unser-team\/#breadcrumb","itemListElement":[{"@type":"ListItem","position":1,"name":"Home","item":"https:\/\/nesiller.com\/de\/startseite-2\/"},{"@type":"ListItem","position":2,"name":"UNSER TEAM"}]},{"@type":"WebSite","@id":"https:\/\/nesiller.com\/de\/#website","url":"https:\/\/nesiller.com\/de\/","name":"Nesiller Genetik","description":"Nesiller, the name of genetic expertise in Istanbul","publisher":{"@id":"https:\/\/nesiller.com\/de\/#organization"},"potentialAction":[{"@type":"SearchAction","target":{"@type":"EntryPoint","urlTemplate":"https:\/\/nesiller.com\/de\/?s={search_term_string}"},"query-input":{"@type":"PropertyValueSpecification","valueRequired":true,"valueName":"search_term_string"}}],"inLanguage":"de"},{"@type":"Organization","@id":"https:\/\/nesiller.com\/de\/#organization","name":"Nesiller Genetik","url":"https:\/\/nesiller.com\/de\/","logo":{"@type":"ImageObject","inLanguage":"de","@id":"https:\/\/nesiller.com\/de\/#\/schema\/logo\/image\/","url":"https:\/\/nesiller.com\/wp-content\/uploads\/2023\/04\/nesiller-logo.jpg","contentUrl":"https:\/\/nesiller.com\/wp-content\/uploads\/2023\/04\/nesiller-logo.jpg","width":1000,"height":700,"caption":"Nesiller Genetik"},"image":{"@id":"https:\/\/nesiller.com\/de\/#\/schema\/logo\/image\/"},"sameAs":["https:\/\/www.facebook.com\/NesillerGenetik","https:\/\/x.com\/NesillerGenetik"]}]}},"rttpg_featured_image_url":null,"rttpg_author":{"display_name":"admin","author_link":"https:\/\/nesiller.com\/de\/author\/admin\/"},"rttpg_comment":0,"rttpg_category":" <a href=\"https:\/\/nesiller.com\/de\/?taxonomy=translation_priority&#038;term=optional-de\" rel=\"tag\">Optional<\/a>","rttpg_excerpt":"Dr. Gulay \u00d6zg\u00f6n Generaldirektor, Experte f\u00fcr klinische Pharmakologie und medizinische Genetik\u0131 Dr. \u00d6zg\u00f6n schloss seine Sekundarschul- und Hochschulausbildung an der Istanbul Italian High School ab. Nach seinem Abschluss an der medizinischen Fakult\u00e4t der I.U. Cerrahpa\u015fa im Jahr 1997 spezialisierte er sich an derselben Universit\u00e4t auf Pharmakologie und klinische Pharmakologie und promovierte in medizinischer Genetik, einem&hellip;","_links":{"self":[{"href":"https:\/\/nesiller.com\/de\/wp-json\/wp\/v2\/pages\/28346","targetHints":{"allow":["GET"]}}],"collection":[{"href":"https:\/\/nesiller.com\/de\/wp-json\/wp\/v2\/pages"}],"about":[{"href":"https:\/\/nesiller.com\/de\/wp-json\/wp\/v2\/types\/page"}],"author":[{"embeddable":true,"href":"https:\/\/nesiller.com\/de\/wp-json\/wp\/v2\/users\/1"}],"replies":[{"embeddable":true,"href":"https:\/\/nesiller.com\/de\/wp-json\/wp\/v2\/comments?post=28346"}],"version-history":[{"count":8,"href":"https:\/\/nesiller.com\/de\/wp-json\/wp\/v2\/pages\/28346\/revisions"}],"predecessor-version":[{"id":32721,"href":"https:\/\/nesiller.com\/de\/wp-json\/wp\/v2\/pages\/28346\/revisions\/32721"}],"wp:attachment":[{"href":"https:\/\/nesiller.com\/de\/wp-json\/wp\/v2\/media?parent=28346"}],"curies":[{"name":"wp","href":"https:\/\/api.w.org\/{rel}","templated":true}]}}