{"id":28340,"date":"2022-08-22T16:17:50","date_gmt":"2022-08-22T13:17:50","guid":{"rendered":"https:\/\/nesiller.com\/%d8%aa%d9%88%d8%a7%d8%b5%d9%84\/"},"modified":"2023-06-09T00:02:16","modified_gmt":"2023-06-08T21:02:16","slug":"%d8%aa%d9%88%d8%a7%d8%b5%d9%84","status":"publish","type":"page","link":"https:\/\/nesiller.com\/ar\/%d8%aa%d9%88%d8%a7%d8%b5%d9%84\/","title":{"rendered":"\u062a\u0648\u0627\u0635\u0644"},"content":{"rendered":"\t\t<div data-elementor-type=\"wp-page\" data-elementor-id=\"28340\" class=\"elementor elementor-28340 elementor-874\">\n\t\t\t\t\t\t<section class=\"elementor-section elementor-top-section elementor-element elementor-element-074ad30 elementor-section-boxed elementor-section-height-default elementor-section-height-default\" data-id=\"074ad30\" data-element_type=\"section\">\n\t\t\t\t\t\t<div class=\"elementor-container elementor-column-gap-default\">\n\t\t\t\t\t<div class=\"elementor-column elementor-col-33 elementor-top-column elementor-element elementor-element-f9fad8a\" data-id=\"f9fad8a\" data-element_type=\"column\">\n\t\t\t<div class=\"elementor-widget-wrap elementor-element-populated\">\n\t\t\t\t\t\t<div class=\"elementor-element elementor-element-d6ad8fb elementor-widget elementor-widget-contact-info-box\" data-id=\"d6ad8fb\" data-element_type=\"widget\" data-widget_type=\"contact-info-box.default\">\n\t\t\t\t<div class=\"elementor-widget-container\">\n\t\t\t\t\t\r\n                <div class=\"tpcontact mr-60 mb-60 wow fadeInUp ele-section\" data-wow-delay=\".2s\">\r\n            <div class=\"tpcontact__item text-center\">\r\n                <div class=\"tpcontact__icon mb-20\">\r\n                                                                    <span class=\"fea__icon ele-feature-icon\"><i aria-hidden=\"true\" class=\"fal fa-map-marked-alt\"><\/i><\/span>\r\n                                                        <\/div>\r\n                <div class=\"tpcontact__address\">\r\n                                            <h4 class=\"tpcontact__title mb-15 ele-feature-title\">ADRES<\/h4>\r\n                    \r\n\t\t\t\t\t\t\t\t\t\t    <span class=\"ele-feature-content\">19 May\u0131s Mahallesi, \u00c7oruh Sokak,\nNo:32 D:1 Fulya, \u015ei\u015fli, \u0130stanbul<\/span>\r\n\t\t\t\t\t                <\/div>\r\n            <\/div>\r\n        <\/div>\r\n                <div class=\"tpcontact mr-60 mb-60 wow fadeInUp ele-section\" data-wow-delay=\".2s\">\r\n            <div class=\"tpcontact__item text-center\">\r\n                <div class=\"tpcontact__icon mb-20\">\r\n                                                                    <span class=\"fea__icon ele-feature-icon\"><i aria-hidden=\"true\" class=\"fal fa-phone\"><\/i><\/span>\r\n                                                        <\/div>\r\n                <div class=\"tpcontact__address\">\r\n                                            <h4 class=\"tpcontact__title mb-15 ele-feature-title\">TELEFON<\/h4>\r\n                    \r\n\t\t\t\t\t\t\t\t\t\t    <span class=\"ele-feature-content\">TEL: +90 212 219 58 36\n<br>\nGSM : +90 530 329 04 23<\/span>\r\n\t\t\t\t\t                <\/div>\r\n            <\/div>\r\n        <\/div>\r\n                <div class=\"tpcontact mr-60 mb-60 wow fadeInUp ele-section\" data-wow-delay=\".2s\">\r\n            <div class=\"tpcontact__item text-center\">\r\n                <div class=\"tpcontact__icon mb-20\">\r\n                                                                    <span class=\"fea__icon ele-feature-icon\"><i aria-hidden=\"true\" class=\"fal fa-calendar\"><\/i><\/span>\r\n                                                        <\/div>\r\n                <div class=\"tpcontact__address\">\r\n                                            <h4 class=\"tpcontact__title mb-15 ele-feature-title\">\u00c7ALI\u015eMA SAATLER\u0130<\/h4>\r\n                    \r\n\t\t\t\t\t\t\t\t\t\t    <span class=\"ele-feature-content\">Hafta i\u00e7i 09:00-18:00\n<br>\nCumartesi  09:00-14:00\n\n<\/span>\r\n\t\t\t\t\t                <\/div>\r\n            <\/div>\r\n        <\/div>\r\n        \r\n        \t\t\t\t<\/div>\n\t\t\t\t<\/div>\n\t\t\t\t\t<\/div>\n\t\t<\/div>\n\t\t\t\t<div class=\"elementor-column elementor-col-66 elementor-top-column elementor-element elementor-element-28a3e1a\" data-id=\"28a3e1a\" data-element_type=\"column\">\n\t\t\t<div class=\"elementor-widget-wrap elementor-element-populated\">\n\t\t\t\t\t\t<div class=\"elementor-element elementor-element-de78e7b elementor-widget elementor-widget-contactform\" data-id=\"de78e7b\" data-element_type=\"widget\" data-widget_type=\"contactform.default\">\n\t\t\t\t<div class=\"elementor-widget-container\">\n\t\t\t\t\t\r\n\r\n<div class=\"contactform wow fadeInRight ele-section\" data-wow-delay=\".4s\">\r\n                    <!-- <i class=\"fa-light fa-file-signature\"> -->\r\n        <h3 class=\"contactform__title mb-35 ele-title\">Bize her zaman ula\u015fabilirsiniz<\/h3>\r\n            \r\n    <div class=\"contactform__list mb-60\">\r\n                <div class=\"form-wrapper\">\r\n            \n<div class=\"wpcf7 no-js\" id=\"wpcf7-f31279-o1\" lang=\"ar\" dir=\"rtl\" data-wpcf7-id=\"31279\">\n<div class=\"screen-reader-response\"><p role=\"status\" aria-live=\"polite\" aria-atomic=\"true\"><\/p> <ul><\/ul><\/div>\n<form action=\"\/ar\/wp-json\/wp\/v2\/pages\/28340#wpcf7-f31279-o1\" method=\"post\" class=\"wpcf7-form init\" aria-label=\"\u0646\u0645\u0648\u0630\u062c \u0627\u0644\u0627\u062a\u0635\u0627\u0644\" novalidate=\"novalidate\" data-status=\"init\">\n<fieldset class=\"hidden-fields-container\"><input type=\"hidden\" name=\"_wpcf7\" value=\"31279\" \/><input type=\"hidden\" name=\"_wpcf7_version\" value=\"6.1.5\" \/><input type=\"hidden\" name=\"_wpcf7_locale\" value=\"ar\" \/><input type=\"hidden\" name=\"_wpcf7_unit_tag\" value=\"wpcf7-f31279-o1\" \/><input type=\"hidden\" name=\"_wpcf7_container_post\" value=\"0\" \/><input type=\"hidden\" name=\"_wpcf7_posted_data_hash\" value=\"\" \/>\n<\/fieldset>\n<div class=\"row\">\n    <div class=\"col-lg-6\">\n    <div class=\"contactform__input mb-30\">\n        <span class=\"wpcf7-form-control-wrap\" data-name=\"tpc-name\"><input size=\"40\" maxlength=\"400\" class=\"wpcf7-form-control wpcf7-text\" aria-invalid=\"false\" placeholder=\"\u0627\u0633\u0645\u0643\u0645 \u0648\u0644\u0642\u0628\u0643\u0645*\" value=\"\" type=\"text\" name=\"tpc-name\" \/><\/span>\n    <\/div>\n    <\/div>\n    <div class=\"col-lg-6\">\n    <div class=\"contactform__input mb-30\">\n        <span class=\"wpcf7-form-control-wrap\" data-name=\"tpc-email\"><input size=\"40\" maxlength=\"400\" class=\"wpcf7-form-control wpcf7-email wpcf7-text wpcf7-validates-as-email\" aria-invalid=\"false\" placeholder=\"\u0639\u0646\u0648\u0627\u0646 \u0628\u0631\u064a\u062f\u0643  \u0627\u0644\u0625\u0644\u0643\u062a\u0631\u0648\u0646\u064a*\" value=\"\" type=\"email\" name=\"tpc-email\" \/><\/span>\n    <\/div>\n    <\/div>\n    <div class=\"col-lg-12\">\n    <div class=\"contactform__input mb-30\">\n        <span class=\"wpcf7-form-control-wrap\" data-name=\"tpc-message\"><textarea cols=\"40\" rows=\"10\" maxlength=\"2000\" class=\"wpcf7-form-control wpcf7-textarea\" aria-invalid=\"false\" placeholder=\"\u0631\u0633\u0627\u0644\u062a\u0643\" name=\"tpc-message\"><\/textarea><\/span>\n    <\/div>\n    <\/div>\n    <div class=\"col-lg-12\">\n    <div class=\"contactform__input mb-30-btn\">\n        <button type=\"submit\" class=\"tp-btn\">\u0625\u0631\u0633\u0627\u0644<\/button>\n    <\/div>\n    <\/div>\n<\/div><div class=\"wpcf7-response-output\" aria-hidden=\"true\"><\/div>\n<\/form>\n<\/div>\n        <\/div>\r\n            <\/div>\r\n<\/div>\r\n\r\n\t\t\t\t<\/div>\n\t\t\t\t<\/div>\n\t\t\t\t<div class=\"elementor-element elementor-element-a9f45bd elementor-widget elementor-widget-google_maps\" data-id=\"a9f45bd\" data-element_type=\"widget\" data-widget_type=\"google_maps.default\">\n\t\t\t\t\t\t\t<div class=\"elementor-custom-embed\">\n\t\t\t<iframe loading=\"lazy\"\n\t\t\t\t\tsrc=\"https:\/\/www.google.com\/maps\/embed\/v1\/place?key=AIzaSyAiR5C0Rx2lmoP608EZRVlt9TfTNsa91iw&#038;q=Nesiller%20Genetik&#038;zoom=18\"\n\t\t\t\t\ttitle=\"Nesiller Genetik\"\n\t\t\t\t\taria-label=\"Nesiller Genetik\"\n\t\t\t><\/iframe>\n\t\t<\/div>\n\t\t\t\t\t\t<\/div>\n\t\t\t\t\t<\/div>\n\t\t<\/div>\n\t\t\t\t\t<\/div>\n\t\t<\/section>\n\t\t\t\t<\/div>\n\t\t","protected":false},"excerpt":{"rendered":"<p>ADRES 19 May\u0131s Mahallesi, \u00c7oruh Sokak, No:32 D:1 Fulya, \u015ei\u015fli, \u0130stanbul TELEFON TEL: +90 212 219 58 36 GSM : +90 530 329 04 23 \u00c7ALI\u015eMA SAATLER\u0130 Hafta i\u00e7i 09:00-18:00 Cumartesi 09:00-14:00 Bize her zaman ula\u015fabilirsiniz G\u00f6nder<\/p>\n","protected":false},"author":1,"featured_media":0,"parent":0,"menu_order":0,"comment_status":"closed","ping_status":"closed","template":"","meta":{"_monsterinsights_skip_tracking":false,"_monsterinsights_sitenote_active":false,"_monsterinsights_sitenote_note":"","_monsterinsights_sitenote_category":0,"footnotes":""},"class_list":["post-28340","page","type-page","status-publish","hentry"],"acf":[],"yoast_head":"<!-- This site is optimized with the Yoast SEO Premium plugin v26.2 (Yoast SEO v27.3) - https:\/\/yoast.com\/product\/yoast-seo-premium-wordpress\/ -->\n<title>\u062a\u0648\u0627\u0635\u0644 - Nesiller Genetic Center<\/title>\n<meta name=\"description\" content=\"\u062a\u0648\u0627\u0635\u0644 -\" \/>\n<meta name=\"robots\" content=\"index, follow, max-snippet:-1, max-image-preview:large, max-video-preview:-1\" \/>\n<link rel=\"canonical\" href=\"https:\/\/nesiller.com\/ar\/%d8%aa%d9%88%d8%a7%d8%b5%d9%84\/\" \/>\n<meta property=\"og:locale\" content=\"ar_AR\" \/>\n<meta property=\"og:type\" content=\"article\" \/>\n<meta property=\"og:title\" content=\"\u062a\u0648\u0627\u0635\u0644\" \/>\n<meta property=\"og:description\" content=\"ADRES 19 May\u0131s Mahallesi, \u00c7oruh Sokak, No:32 D:1 Fulya, \u015ei\u015fli, \u0130stanbul TELEFON TEL: +90 212 219 58 36 GSM : +90 530 329 04 23 \u00c7ALI\u015eMA SAATLER\u0130 Hafta i\u00e7i\" \/>\n<meta property=\"og:url\" content=\"https:\/\/nesiller.com\/ar\/%d8%aa%d9%88%d8%a7%d8%b5%d9%84\/\" \/>\n<meta property=\"og:site_name\" content=\"Nesiller Genetic Center\" \/>\n<meta property=\"article:publisher\" content=\"https:\/\/www.facebook.com\/NesillerGenetik\" \/>\n<meta property=\"article:modified_time\" content=\"2023-06-08T21:02:16+00:00\" \/>\n<meta property=\"og:image\" content=\"https:\/\/nesiller.com\/wp-content\/uploads\/2023\/04\/nesiller-logo.jpg\" \/>\n\t<meta property=\"og:image:width\" content=\"1000\" \/>\n\t<meta property=\"og:image:height\" content=\"700\" \/>\n\t<meta property=\"og:image:type\" content=\"image\/jpeg\" \/>\n<meta name=\"twitter:card\" content=\"summary_large_image\" \/>\n<meta name=\"twitter:site\" content=\"@NesillerGenetik\" \/>\n<script type=\"application\/ld+json\" class=\"yoast-schema-graph\">{\"@context\":\"https:\\\/\\\/schema.org\",\"@graph\":[{\"@type\":\"WebPage\",\"@id\":\"https:\\\/\\\/nesiller.com\\\/ar\\\/%d8%aa%d9%88%d8%a7%d8%b5%d9%84\\\/\",\"url\":\"https:\\\/\\\/nesiller.com\\\/ar\\\/%d8%aa%d9%88%d8%a7%d8%b5%d9%84\\\/\",\"name\":\"\u062a\u0648\u0627\u0635\u0644 - Nesiller Genetic Center\",\"isPartOf\":{\"@id\":\"https:\\\/\\\/nesiller.com\\\/ar\\\/#website\"},\"datePublished\":\"2022-08-22T13:17:50+00:00\",\"dateModified\":\"2023-06-08T21:02:16+00:00\",\"description\":\"\u062a\u0648\u0627\u0635\u0644 -\",\"breadcrumb\":{\"@id\":\"https:\\\/\\\/nesiller.com\\\/ar\\\/%d8%aa%d9%88%d8%a7%d8%b5%d9%84\\\/#breadcrumb\"},\"inLanguage\":\"ar\",\"potentialAction\":[{\"@type\":\"ReadAction\",\"target\":[\"https:\\\/\\\/nesiller.com\\\/ar\\\/%d8%aa%d9%88%d8%a7%d8%b5%d9%84\\\/\"]}]},{\"@type\":\"BreadcrumbList\",\"@id\":\"https:\\\/\\\/nesiller.com\\\/ar\\\/%d8%aa%d9%88%d8%a7%d8%b5%d9%84\\\/#breadcrumb\",\"itemListElement\":[{\"@type\":\"ListItem\",\"position\":1,\"name\":\"Home\",\"item\":\"https:\\\/\\\/nesiller.com\\\/ar\\\/%d8%a7%d9%84%d8%b5%d9%81%d8%ad%d8%a9-%d8%a7%d9%84%d8%b1%d8%a6%d9%8a%d8%b3%d9%8a%d8%a9-2\\\/\"},{\"@type\":\"ListItem\",\"position\":2,\"name\":\"\u062a\u0648\u0627\u0635\u0644\"}]},{\"@type\":\"WebSite\",\"@id\":\"https:\\\/\\\/nesiller.com\\\/ar\\\/#website\",\"url\":\"https:\\\/\\\/nesiller.com\\\/ar\\\/\",\"name\":\"Nesiller Genetik\",\"description\":\"Nesiller, the name of genetic expertise in Istanbul\",\"publisher\":{\"@id\":\"https:\\\/\\\/nesiller.com\\\/ar\\\/#organization\"},\"potentialAction\":[{\"@type\":\"SearchAction\",\"target\":{\"@type\":\"EntryPoint\",\"urlTemplate\":\"https:\\\/\\\/nesiller.com\\\/ar\\\/?s={search_term_string}\"},\"query-input\":{\"@type\":\"PropertyValueSpecification\",\"valueRequired\":true,\"valueName\":\"search_term_string\"}}],\"inLanguage\":\"ar\"},{\"@type\":\"Organization\",\"@id\":\"https:\\\/\\\/nesiller.com\\\/ar\\\/#organization\",\"name\":\"Nesiller Genetik\",\"url\":\"https:\\\/\\\/nesiller.com\\\/ar\\\/\",\"logo\":{\"@type\":\"ImageObject\",\"inLanguage\":\"ar\",\"@id\":\"https:\\\/\\\/nesiller.com\\\/ar\\\/#\\\/schema\\\/logo\\\/image\\\/\",\"url\":\"https:\\\/\\\/nesiller.com\\\/wp-content\\\/uploads\\\/2023\\\/04\\\/nesiller-logo.jpg\",\"contentUrl\":\"https:\\\/\\\/nesiller.com\\\/wp-content\\\/uploads\\\/2023\\\/04\\\/nesiller-logo.jpg\",\"width\":1000,\"height\":700,\"caption\":\"Nesiller Genetik\"},\"image\":{\"@id\":\"https:\\\/\\\/nesiller.com\\\/ar\\\/#\\\/schema\\\/logo\\\/image\\\/\"},\"sameAs\":[\"https:\\\/\\\/www.facebook.com\\\/NesillerGenetik\",\"https:\\\/\\\/x.com\\\/NesillerGenetik\"]}]}<\/script>\n<!-- \/ Yoast SEO Premium plugin. -->","yoast_head_json":{"title":"\u062a\u0648\u0627\u0635\u0644 - Nesiller Genetic Center","description":"\u062a\u0648\u0627\u0635\u0644 -","robots":{"index":"index","follow":"follow","max-snippet":"max-snippet:-1","max-image-preview":"max-image-preview:large","max-video-preview":"max-video-preview:-1"},"canonical":"https:\/\/nesiller.com\/ar\/%d8%aa%d9%88%d8%a7%d8%b5%d9%84\/","og_locale":"ar_AR","og_type":"article","og_title":"\u062a\u0648\u0627\u0635\u0644","og_description":"ADRES 19 May\u0131s Mahallesi, \u00c7oruh Sokak, No:32 D:1 Fulya, \u015ei\u015fli, \u0130stanbul TELEFON TEL: +90 212 219 58 36 GSM : +90 530 329 04 23 \u00c7ALI\u015eMA SAATLER\u0130 Hafta i\u00e7i","og_url":"https:\/\/nesiller.com\/ar\/%d8%aa%d9%88%d8%a7%d8%b5%d9%84\/","og_site_name":"Nesiller Genetic Center","article_publisher":"https:\/\/www.facebook.com\/NesillerGenetik","article_modified_time":"2023-06-08T21:02:16+00:00","og_image":[{"width":1000,"height":700,"url":"https:\/\/nesiller.com\/wp-content\/uploads\/2023\/04\/nesiller-logo.jpg","type":"image\/jpeg"}],"twitter_card":"summary_large_image","twitter_site":"@NesillerGenetik","schema":{"@context":"https:\/\/schema.org","@graph":[{"@type":"WebPage","@id":"https:\/\/nesiller.com\/ar\/%d8%aa%d9%88%d8%a7%d8%b5%d9%84\/","url":"https:\/\/nesiller.com\/ar\/%d8%aa%d9%88%d8%a7%d8%b5%d9%84\/","name":"\u062a\u0648\u0627\u0635\u0644 - Nesiller Genetic Center","isPartOf":{"@id":"https:\/\/nesiller.com\/ar\/#website"},"datePublished":"2022-08-22T13:17:50+00:00","dateModified":"2023-06-08T21:02:16+00:00","description":"\u062a\u0648\u0627\u0635\u0644 -","breadcrumb":{"@id":"https:\/\/nesiller.com\/ar\/%d8%aa%d9%88%d8%a7%d8%b5%d9%84\/#breadcrumb"},"inLanguage":"ar","potentialAction":[{"@type":"ReadAction","target":["https:\/\/nesiller.com\/ar\/%d8%aa%d9%88%d8%a7%d8%b5%d9%84\/"]}]},{"@type":"BreadcrumbList","@id":"https:\/\/nesiller.com\/ar\/%d8%aa%d9%88%d8%a7%d8%b5%d9%84\/#breadcrumb","itemListElement":[{"@type":"ListItem","position":1,"name":"Home","item":"https:\/\/nesiller.com\/ar\/%d8%a7%d9%84%d8%b5%d9%81%d8%ad%d8%a9-%d8%a7%d9%84%d8%b1%d8%a6%d9%8a%d8%b3%d9%8a%d8%a9-2\/"},{"@type":"ListItem","position":2,"name":"\u062a\u0648\u0627\u0635\u0644"}]},{"@type":"WebSite","@id":"https:\/\/nesiller.com\/ar\/#website","url":"https:\/\/nesiller.com\/ar\/","name":"Nesiller Genetik","description":"Nesiller, the name of genetic expertise in Istanbul","publisher":{"@id":"https:\/\/nesiller.com\/ar\/#organization"},"potentialAction":[{"@type":"SearchAction","target":{"@type":"EntryPoint","urlTemplate":"https:\/\/nesiller.com\/ar\/?s={search_term_string}"},"query-input":{"@type":"PropertyValueSpecification","valueRequired":true,"valueName":"search_term_string"}}],"inLanguage":"ar"},{"@type":"Organization","@id":"https:\/\/nesiller.com\/ar\/#organization","name":"Nesiller Genetik","url":"https:\/\/nesiller.com\/ar\/","logo":{"@type":"ImageObject","inLanguage":"ar","@id":"https:\/\/nesiller.com\/ar\/#\/schema\/logo\/image\/","url":"https:\/\/nesiller.com\/wp-content\/uploads\/2023\/04\/nesiller-logo.jpg","contentUrl":"https:\/\/nesiller.com\/wp-content\/uploads\/2023\/04\/nesiller-logo.jpg","width":1000,"height":700,"caption":"Nesiller Genetik"},"image":{"@id":"https:\/\/nesiller.com\/ar\/#\/schema\/logo\/image\/"},"sameAs":["https:\/\/www.facebook.com\/NesillerGenetik","https:\/\/x.com\/NesillerGenetik"]}]}},"rttpg_featured_image_url":null,"rttpg_author":{"display_name":"admin","author_link":"https:\/\/nesiller.com\/ar\/author\/admin\/"},"rttpg_comment":0,"rttpg_category":" <a href=\"https:\/\/nesiller.com\/ar\/?taxonomy=translation_priority&#038;term=%d8%a7%d8%ae%d8%aa%d9%8a%d8%a7%d8%b1%d9%8a\" rel=\"tag\">\u0627\u062e\u062a\u064a\u0627\u0631\u064a<\/a>","rttpg_excerpt":"ADRES 19 May\u0131s Mahallesi, \u00c7oruh Sokak, No:32 D:1 Fulya, \u015ei\u015fli, \u0130stanbul TELEFON TEL: +90 212 219 58 36 GSM : +90 530 329 04 23 \u00c7ALI\u015eMA SAATLER\u0130 Hafta i\u00e7i 09:00-18:00 Cumartesi 09:00-14:00 Bize her zaman ula\u015fabilirsiniz G\u00f6nder","_links":{"self":[{"href":"https:\/\/nesiller.com\/ar\/wp-json\/wp\/v2\/pages\/28340","targetHints":{"allow":["GET"]}}],"collection":[{"href":"https:\/\/nesiller.com\/ar\/wp-json\/wp\/v2\/pages"}],"about":[{"href":"https:\/\/nesiller.com\/ar\/wp-json\/wp\/v2\/types\/page"}],"author":[{"embeddable":true,"href":"https:\/\/nesiller.com\/ar\/wp-json\/wp\/v2\/users\/1"}],"replies":[{"embeddable":true,"href":"https:\/\/nesiller.com\/ar\/wp-json\/wp\/v2\/comments?post=28340"}],"version-history":[{"count":2,"href":"https:\/\/nesiller.com\/ar\/wp-json\/wp\/v2\/pages\/28340\/revisions"}],"predecessor-version":[{"id":30403,"href":"https:\/\/nesiller.com\/ar\/wp-json\/wp\/v2\/pages\/28340\/revisions\/30403"}],"wp:attachment":[{"href":"https:\/\/nesiller.com\/ar\/wp-json\/wp\/v2\/media?parent=28340"}],"curies":[{"name":"wp","href":"https:\/\/api.w.org\/{rel}","templated":true}]}}